{"id":7311,"date":"2019-08-20T00:00:00","date_gmt":"2019-08-20T05:00:00","guid":{"rendered":"https:\/\/relofirm.com\/panama_safe_deposit_boxes\/"},"modified":"2020-01-22T11:21:09","modified_gmt":"2020-01-22T16:21:09","slug":"panama-coffres-forts-et-stockage-separe-attribue","status":"publish","type":"page","link":"https:\/\/www.relofirm.com\/fr\/panama-coffres-forts-et-stockage-separe-attribue\/","title":{"rendered":"Panama Coffres Forts et Stockage S\u00e9par\u00e9 Attribu\u00e9"},"content":{"rendered":"<p><div class=\"menu-relocation-fr-container\"><ul id=\"menu-relocation-fr\" class=\"menu\"><li id=\"menu-item-7615\" class=\"menu-item menu-item-type-post_type menu-item-object-page menu-item-has-children menu-item-7615\"><a href=\"https:\/\/www.relofirm.com\/fr\/demenagement-au-panama\/\">D\u00e9m\u00e9nagement au Panama<\/a>\n<ul class=\"sub-menu\">\n\t<li id=\"menu-item-7616\" class=\"menu-item menu-item-type-post_type menu-item-object-page menu-item-7616\"><a href=\"https:\/\/www.relofirm.com\/fr\/procedure-pour-lenregistrement-vehicules\/\">Proc\u00e9dure pour l\u2019Enregistrement V\u00e9hicules<\/a><\/li>\n\t<li id=\"menu-item-7617\" class=\"menu-item menu-item-type-post_type menu-item-object-page menu-item-7617\"><a href=\"https:\/\/www.relofirm.com\/fr\/panama-coffres-forts-et-stockage-separe-attribue\/\">Panama Coffres Forts et Stockage S\u00e9par\u00e9 Attribu\u00e9<\/a><\/li>\n<\/ul>\n<\/li>\n<\/ul><\/div><br \/>\nPanama Coffres forts et stockage s\u00e9par\u00e9 attribu\u00e9Bien que le Panama soit un pays tr\u00e8s s\u00fbr, nous recommandons toujours \u00e0 nos clients, qu&rsquo;ils soient locaux ou \u00e9trangers, de faire preuve de bon sens pour prot\u00e9ger leurs objets de valeur, en louant un coffre-fort au Panama ou en le pla\u00e7ant dans un coffre-fort ultra-s\u00e9curis\u00e9. Panama Coffre-Fort peut \u00eatre utilis\u00e9 pour stocker n&rsquo;importe quelle quantit\u00e9 d&rsquo;objets de valeur que vous pouvez avoir, y compris, mais sans s&rsquo;y limiter: or, argent, m\u00e9taux pr\u00e9cieux, documents importants et pr\u00e9cieux comme des certificats d&rsquo;actions ou des obligations, des mots de passe de crypto-monnaie, des esp\u00e8ces (monnaie) , pi\u00e8ces de collection, pierres pr\u00e9cieuses ou bijoux, etc.<\/p>\n<p>La plupart des gens en Am\u00e9rique du Nord ou en Europe ouvrent un coffre-fort \u00e0 leur banque locale \u00e0 cette fin. Toutefois, cela peut ne pas \u00eatre la meilleure option pour la meilleure protection des actifs de vos objets de valeur. Aux \u00c9tats-Unis, on estime \u00e0 environ 25 millions le nombre de coffres-forts, mais aucune loi f\u00e9d\u00e9rale am\u00e9ricaine ne r\u00e9git les guichets destin\u00e9s \u00e0 prot\u00e9ger les consommateurs. Bien que le secteur bancaire am\u00e9ricain soit tr\u00e8s r\u00e9glement\u00e9, les services de caisse s\u00e9curis\u00e9e des banques am\u00e9ricaines fonctionnent dans une sorte de \u00ab\u00a0zone grise l\u00e9gale\u00a0\u00bb, car aucune r\u00e8gle ne les oblige \u00e0 indemniser leurs clients si leurs objets de valeur sont vol\u00e9s ou d\u00e9truits.<\/p>\n<p>Selon un article r\u00e9cent du NY Times, David P. McGuinn, fondateur de Safe Deposit Specialists (une soci\u00e9t\u00e9 de conseil du secteur bancaire), a d\u00e9clar\u00e9: \u00abLes grandes banques se battent corps et \u00e2me, et prolongent et retardent tout ce qu&rsquo;il faut porter. les gens vers le bas &#8230; Plus la r\u00e9clamation est large, plus ils sont susceptibles de le combattre pendant des ann\u00e9es. \u00ab\u00a0Bryan Hubbard, porte-parole de l&rsquo;agence pour le Bureau du contr\u00f4leur de la monnaie am\u00e9ricain (qui est le principal surveillant f\u00e9d\u00e9ral du secteur bancaire am\u00e9ricain), a d\u00e9clar\u00e9 que l&rsquo;agence f\u00e9d\u00e9rale n&rsquo;avait aucune raison de se m\u00ealer des r\u00e9clamations relatives aux coffres-forts, et il a ensuite d\u00e9clar\u00e9: \u00abAucune disposition de la loi sur les banques f\u00e9d\u00e9rales ne r\u00e9glemente express\u00e9ment les coffres-forts\u2026\u00bb.<\/p>\n<p>Il est important de v\u00e9rifier quelle couverture d&rsquo;assurance est propos\u00e9e sur votre coffre-fort, car vous serez surpris d&rsquo;apprendre \u00e0 quel point votre couverture peut \u00eatre minime, m\u00eame aupr\u00e8s des grandes banques. Par exemple, aux \u00c9tats-Unis, Wells Fargo limite sa responsabilit\u00e9 sur les coffres-forts \u00e0 un montant \u00e9tonnamment bas de 500 USD. \u00c9tonnamment, une banque de la taille de Citigroup limite sa responsabilit\u00e9 en mati\u00e8re de coffres-forts \u00e0 500 fois son loyer annuel. JPMorgan Chase limite leur responsabilit\u00e9 \u00e0 25 000 USD. En r\u00e8gle g\u00e9n\u00e9rale, dans les affaires judiciaires impliquant des litiges mettant en cause des coffres-forts, les banques font valoir que les locataires de coffres-forts sont \u00e0 la merci des conditions bancaires les plus r\u00e9centes, m\u00eame si elles avaient d\u00e9j\u00e0 lou\u00e9 leur coffre des ann\u00e9es, voire des d\u00e9cennies, et les tribunaux sont d\u2019accord.<\/p>\n<p>Pour v\u00e9ritablement prot\u00e9ger vos actifs, ils doivent id\u00e9alement \u00eatre situ\u00e9s en dehors de votre juridiction ou des fronti\u00e8res de votre pays d&rsquo;origine. L&#8217;emplacement id\u00e9al pour votre coffre-fort offshore serait dans un pays s\u00fbr et stable, et de pr\u00e9f\u00e9rence \u00e0 l&rsquo;int\u00e9rieur d&rsquo;une zone de libre-\u00e9change internationale, o\u00f9 les actifs qui y sont stock\u00e9s pour \u00eatre prot\u00e9g\u00e9s et prot\u00e9g\u00e9s ne sont pas tax\u00e9s lors de leur importation. En outre, l&rsquo;installation doit souscrire une police d&rsquo;assurance solide aupr\u00e8s d&rsquo;une compagnie d&rsquo;assurance internationale r\u00e9put\u00e9e pour assurer votre coffre-fort offshore.<\/p>\n<p>Nous recommandons un service de coffre-fort Panama offrant le stockage UL-3 Vault Storage, qui est 100% allou\u00e9 et s\u00e9par\u00e9 dans des coffres mieux s\u00e9curis\u00e9s que les banques, avec les derni\u00e8res technologies de s\u00e9curit\u00e9, pour des objets de valeur 100% s\u00fbrs, enti\u00e8rement assur\u00e9s et disponibles. pour vous \u00e0 tout moment, vous devez y acc\u00e9der. Vous pouvez stocker vos pr\u00e9cieuses pi\u00e8ces de monnaie, or, argent, platine, esp\u00e8ces ou documents dans un coffre-fort offshore au Panama, situ\u00e9 \u00e0 l&rsquo;int\u00e9rieur d&rsquo;une zone de libre-\u00e9change internationale respectant les normes de s\u00e9curit\u00e9 les plus strictes.<\/p>\n<p>Ce centre de s\u00e9curit\u00e9 hautement recommand\u00e9 peut non seulement prot\u00e9ger vos actifs gr\u00e2ce \u00e0 ses coffres ultra s\u00e9curis\u00e9s, mais \u00e9galement faciliter les achats et les ventes de m\u00e9taux pr\u00e9cieux, gr\u00e2ce aux plus importants correspondants du secteur des m\u00e9taux pr\u00e9cieux en Am\u00e9rique du Nord et en Europe. , offrant aux clients une vaste s\u00e9lection de lingots d\u2019or, de pi\u00e8ces d\u2019or et d\u2019argent et de numismatiques, ainsi que d\u2019autres m\u00e9taux pr\u00e9cieux. Un service de conciergerie priv\u00e9 de premi\u00e8re classe peut vous aider \u00e0 trouver et \u00e0 acheter ce dont vous avez besoin.<\/p>\n<p>En tant que client de leur service de conciergerie, ils peuvent vous proposer des services de dosage, de v\u00e9rification des m\u00e9taux pr\u00e9cieux existants, en utilisant un \u00e9quipement ultramoderne pour analyser et vous fournir une analyse pr\u00e9cise de vos avoirs, objets de famille, or, argent, pi\u00e8ces de monnaie, et plus.<\/p>\n<h2>Pourquoi choisir notre coffre-fort Panama et notre espace de stockage ouvert?<\/h2>\n<div>\n<ol>\n<li>Le Panama est tr\u00e8s proche des \u00c9tats-Unis (\u00e0 seulement 7 heures de vol de LA, 2,5 heures de Miami et 4 heures de JFK \u00e0 New York). Le Panama est qualifi\u00e9 de \u00abplaque tournante des Am\u00e9riques\u00bb, avec plus de vols directs au Panama que tout autre pays d&rsquo;Am\u00e9rique latine.<\/li>\n<li>Vous pouvez organiser des vols directs vers un a\u00e9roport international situ\u00e9 \u00e0 l&rsquo;int\u00e9rieur de cette zone de libre-\u00e9change pour les a\u00e9ronefs priv\u00e9s de partout dans le monde. Le centre de s\u00e9curit\u00e9 Panama est \u00e0 5 minutes de la piste.<\/li>\n<li>Notre centre de coffres-forts de Panama peut faire en sorte que les clients et leurs marchandises soient retir\u00e9s de la piste \u00e0 l&rsquo;a\u00e9roport international avec des v\u00e9hicules blind\u00e9s et des services de s\u00e9curit\u00e9 sp\u00e9cialis\u00e9s, enti\u00e8rement assur\u00e9s et garantis.<\/li>\n<li>Le Panama est une juridiction offshore, situ\u00e9e en dehors des \u00c9tats-Unis et de l&rsquo;Union europ\u00e9enne, qui offre aux clients une protection des actifs et une diversification contre l&rsquo;intrusion du gouvernement.<\/li>\n<li>Le Panama offre une diversification internationale de vos pr\u00e9cieux atouts et une minimisation des risques.<\/li>\n<li>\u00a0Le Panama est un pays pacifique dot\u00e9 d&rsquo;un gouvernement d\u00e9mocratique. Il s&rsquo;agit du pays le plus riche, le plus s\u00fbr et le plus stable en Am\u00e9rique latine.<\/li>\n<li>Le Panama est en dehors de la zone des ouragans, pas de volcans actifs, pas de s\u00e9ismes majeurs, pas de tornades &#8211; pas de risque de catastrophe naturelle.<\/li>\n<li>Le Panama n&rsquo;a pas d&rsquo;arm\u00e9e conform\u00e9ment au trait\u00e9 avec les \u00c9tats-Unis, mais dispose d&rsquo;une force de police puissante.<\/li>\n<li>Le Panama b\u00e9n\u00e9ficie du filet de s\u00e9curit\u00e9 de la protection et de l\u2019intervention du gouvernement am\u00e9ricain dans la zone du canal de 12 km si le canal de Panama est menac\u00e9 de quelque fa\u00e7on que ce soit et la zone de libre-\u00e9change o\u00f9 se trouve notre zone de s\u00e9curit\u00e9 recommand\u00e9e se situe dans cette zone du canal de Panama.<\/li>\n<li>Nos installations de s\u00e9curit\u00e9 au Panama sont r\u00e9gies exclusivement par la loi panam\u00e9enne, qui prot\u00e8ge les consommateurs et les investisseurs internationaux.<\/li>\n<li>Il n\u2019existe pas d\u2019autres installations de ce type en Am\u00e9rique du Sud.<\/li>\n<li>Notre centre de coffres-forts \u00e0 Panama se trouve en dehors du syst\u00e8me bancaire et n&rsquo;est pas soumis \u00e0 des renflouements ni \u00e0 des exigences en mati\u00e8re de rapports car il s&rsquo;agit d&rsquo;une entreprise de logistique et de stockage agr\u00e9\u00e9e.<\/li>\n<li>Nos centres de coffres-forts situ\u00e9s au Panama offrent une confidentialit\u00e9 et une confidentialit\u00e9 strictes, les normes KYC et AML \u00e9tant requises aux fins de l\u2019assurance.<\/li>\n<li>Notre installation de s\u00e9curit\u00e9 recommand\u00e9e est capable de stocker des m\u00e9taux pr\u00e9cieux li\u00e9s dans leurs coffres \u00e0 l&rsquo;int\u00e9rieur d&rsquo;une zone de libre-\u00e9change. Ainsi, les actifs des clients ne sont jamais soumis \u00e0 des taxes d&rsquo;importation lorsqu&rsquo;ils sont envoy\u00e9s au Panama (si le client le pr\u00e9f\u00e8re), ce qui garantit \u00e9galement le nom du client ne figure jamais dans le registre des douanes du Panama.<\/li>\n<li>Les services comprennent les v\u00e9hicules blind\u00e9s et les services de s\u00e9curit\u00e9 professionnels pour les transferts de marchandises et les personnalit\u00e9s au Panama.<\/li>\n<li>Les clients VIP peuvent disposer de leur propre coffre-fort priv\u00e9 dans le coffre-fort UL3, avec leurs propres syst\u00e8mes d&rsquo;acc\u00e8s par cam\u00e9ra et de contr\u00f4le d&rsquo;acc\u00e8s.<\/li>\n<li>Services de transport et de logistique permettant d&rsquo;acheminer les m\u00e9taux et les objets de valeur depuis ou vers la plupart des pays du monde.<\/li>\n<li>Services de traitement de toutes les formalit\u00e9s douani\u00e8res \u00e0 destination et en provenance de la zone de libre-\u00e9change de Panama o\u00f9 se trouve l&rsquo;installation.<\/li>\n<li>Services de messagerie manuelle de m\u00e9taux pr\u00e9cieux, d&rsquo;objets de valeur ou de documents de valeur pour les clients \u00e0 destination et en provenance de la plupart des endroits dans le monde.<\/li>\n<li>Service ouvert 24 heures sur 24 pour ouvrir l&rsquo;acc\u00e8s \u00e0 vos objets de valeur stock\u00e9s \u00e0 toute heure du jour ou de la nuit avec un pr\u00e9avis de 24 heures, ce qui est tr\u00e8s important en cas de d\u00e9faillance des syst\u00e8mes bancaires internationaux, de catastrophes naturelles majeures, etc.<\/li>\n<li>Notre centre de s\u00e9curit\u00e9 recommand\u00e9 au Panama peut stocker et faire pivoter des kits MRE \/ bug out et autres \u00e9l\u00e9ments de pr\u00e9-compression pour leurs clients.<\/li>\n<li>Stockage en mer de votre portefeuille dur pour la crypto-monnaie dans des coffres-forts ind\u00e9pendants ou des bo\u00eetiers pouvant \u00eatre prot\u00e9g\u00e9s contre les explosions EMP si le client le souhaite.<\/li>\n<li>Notre installation de s\u00e9curit\u00e9 recommand\u00e9e est associ\u00e9e \u00e0 une Monnaie aux \u00c9tats-Unis afin que les clients puissent commander de l&rsquo;or et de l&rsquo;argent aux \u00c9tats-Unis. Celle-ci est livr\u00e9e directement \u00e0 l&rsquo;installation de Panama.<\/li>\n<li>Les clients peuvent acheter des paquets de pi\u00e8ces de monnaie compos\u00e9s de divers m\u00e9langes de pi\u00e8ces d&rsquo;or et d&rsquo;argent, ainsi que d&rsquo;esp\u00e8ces et \/ ou de monnaies cryptographiques.<\/li>\n<li>Le stockage de grandes quantit\u00e9s d&rsquo;argent peut \u00eatre organis\u00e9.<\/li>\n<li>Notre installation de s\u00e9curit\u00e9 recommand\u00e9e au Panama comprend une petite section et une grande section. Le plus petit centre de s\u00e9curit\u00e9 fonctionne actuellement avec un plafond d\u2019assurance de 200 millions de dollars US et dispose d\u2019un ancien bunker militaire am\u00e9ricain destin\u00e9 au d\u00e9veloppement futur qui offrira un plafond d\u2019assurance sup\u00e9rieur \u00e0 2,5 milliards de dollars US. Assur\u00e9 et souscrit par Lloyds of London. Une assurance sp\u00e9cifique est disponible pour les articles individuels aupr\u00e8s de Lloyds of London. L&rsquo;assurance est factur\u00e9e en pourcentage de la valeur des objets assur\u00e9s.<\/li>\n<\/ol>\n<\/div>\n<p>Contactez-nous pour une consultation gratuite et pour plus d&rsquo;informations sur les services de coffre-fort Panama, ainsi que pour une pr\u00e9sentation de notre service de s\u00e9curit\u00e9 recommand\u00e9.<\/p>\n","protected":false},"excerpt":{"rendered":"<p>Panama Coffres forts et stockage s\u00e9par\u00e9 attribu\u00e9Bien que le Panama soit un pays tr\u00e8s s\u00fbr, nous recommandons toujours \u00e0 nos clients, qu&rsquo;ils soient locaux ou \u00e9trangers, de faire preuve de bon sens pour prot\u00e9ger leurs objets de valeur, en louant un coffre-fort au Panama ou en le pla\u00e7ant dans un coffre-fort ultra-s\u00e9curis\u00e9. Panama Coffre-Fort peut [&hellip;]<\/p>\n","protected":false},"author":7,"featured_media":0,"parent":0,"menu_order":0,"comment_status":"closed","ping_status":"open","template":"","meta":{"_et_pb_use_builder":"","_et_pb_old_content":"","_et_gb_content_width":"","inline_featured_image":false,"footnotes":""},"class_list":["post-7311","page","type-page","status-publish","hentry"],"yoast_head":"<!-- This site is optimized with the Yoast SEO plugin v27.5 - https:\/\/yoast.com\/product\/yoast-seo-wordpress\/ -->\n<title>Panama Coffres Forts et Stockage S\u00e9par\u00e9 Attribu\u00e9 - International Relocation Firm<\/title>\n<meta name=\"robots\" content=\"index, follow, max-snippet:-1, max-image-preview:large, max-video-preview:-1\" \/>\n<link rel=\"canonical\" href=\"https:\/\/www.relofirm.com\/fr\/panama-coffres-forts-et-stockage-separe-attribue\/\" \/>\n<meta name=\"twitter:label1\" content=\"Dur\u00e9e de lecture estim\u00e9e\" \/>\n\t<meta name=\"twitter:data1\" content=\"9 minutes\" \/>\n<!-- \/ Yoast SEO plugin. -->","yoast_head_json":{"title":"Panama Coffres Forts et Stockage S\u00e9par\u00e9 Attribu\u00e9 - International Relocation Firm","robots":{"index":"index","follow":"follow","max-snippet":"max-snippet:-1","max-image-preview":"max-image-preview:large","max-video-preview":"max-video-preview:-1"},"canonical":"https:\/\/www.relofirm.com\/fr\/panama-coffres-forts-et-stockage-separe-attribue\/","twitter_misc":{"Dur\u00e9e de lecture estim\u00e9e":"9 minutes"},"schema":{"@context":"https:\/\/schema.org","@graph":[{"@type":"WebPage","@id":"https:\/\/www.relofirm.com\/fr\/panama-coffres-forts-et-stockage-separe-attribue\/","url":"https:\/\/www.relofirm.com\/fr\/panama-coffres-forts-et-stockage-separe-attribue\/","name":"Panama Coffres Forts et Stockage S\u00e9par\u00e9 Attribu\u00e9 - International Relocation Firm","isPartOf":{"@id":"https:\/\/www.relofirm.com\/#website"},"datePublished":"2019-08-20T05:00:00+00:00","dateModified":"2020-01-22T16:21:09+00:00","breadcrumb":{"@id":"https:\/\/www.relofirm.com\/fr\/panama-coffres-forts-et-stockage-separe-attribue\/#breadcrumb"},"inLanguage":"fr-FR","potentialAction":[{"@type":"ReadAction","target":["https:\/\/www.relofirm.com\/fr\/panama-coffres-forts-et-stockage-separe-attribue\/"]}]},{"@type":"BreadcrumbList","@id":"https:\/\/www.relofirm.com\/fr\/panama-coffres-forts-et-stockage-separe-attribue\/#breadcrumb","itemListElement":[{"@type":"ListItem","position":1,"name":"Home","item":"https:\/\/www.relofirm.com\/fr\/"},{"@type":"ListItem","position":2,"name":"Panama Coffres Forts et Stockage S\u00e9par\u00e9 Attribu\u00e9"}]},{"@type":"WebSite","@id":"https:\/\/www.relofirm.com\/#website","url":"https:\/\/www.relofirm.com\/","name":"International Relocation Firm","description":"","publisher":{"@id":"https:\/\/www.relofirm.com\/#organization"},"potentialAction":[{"@type":"SearchAction","target":{"@type":"EntryPoint","urlTemplate":"https:\/\/www.relofirm.com\/?s={search_term_string}"},"query-input":{"@type":"PropertyValueSpecification","valueRequired":true,"valueName":"search_term_string"}}],"inLanguage":"fr-FR"},{"@type":"Organization","@id":"https:\/\/www.relofirm.com\/#organization","name":"International Relocation Firm","url":"https:\/\/www.relofirm.com\/","logo":{"@type":"ImageObject","inLanguage":"fr-FR","@id":"https:\/\/www.relofirm.com\/#\/schema\/logo\/image\/","url":"https:\/\/www.relofirm.com\/wp-content\/uploads\/2021\/11\/relofirm-logo.svg","contentUrl":"https:\/\/www.relofirm.com\/wp-content\/uploads\/2021\/11\/relofirm-logo.svg","width":1485,"height":516,"caption":"International Relocation Firm"},"image":{"@id":"https:\/\/www.relofirm.com\/#\/schema\/logo\/image\/"},"sameAs":["https:\/\/www.facebook.com\/PanamaOffshoreLegalServices","https:\/\/x.com\/polslegal"]}]}},"_links":{"self":[{"href":"https:\/\/www.relofirm.com\/fr\/wp-json\/wp\/v2\/pages\/7311","targetHints":{"allow":["GET"]}}],"collection":[{"href":"https:\/\/www.relofirm.com\/fr\/wp-json\/wp\/v2\/pages"}],"about":[{"href":"https:\/\/www.relofirm.com\/fr\/wp-json\/wp\/v2\/types\/page"}],"author":[{"embeddable":true,"href":"https:\/\/www.relofirm.com\/fr\/wp-json\/wp\/v2\/users\/7"}],"replies":[{"embeddable":true,"href":"https:\/\/www.relofirm.com\/fr\/wp-json\/wp\/v2\/comments?post=7311"}],"version-history":[{"count":1,"href":"https:\/\/www.relofirm.com\/fr\/wp-json\/wp\/v2\/pages\/7311\/revisions"}],"predecessor-version":[{"id":8111,"href":"https:\/\/www.relofirm.com\/fr\/wp-json\/wp\/v2\/pages\/7311\/revisions\/8111"}],"wp:attachment":[{"href":"https:\/\/www.relofirm.com\/fr\/wp-json\/wp\/v2\/media?parent=7311"}],"curies":[{"name":"wp","href":"https:\/\/api.w.org\/{rel}","templated":true}]}}