{"id":7298,"date":"2010-10-19T00:00:00","date_gmt":"2010-10-19T05:00:00","guid":{"rendered":"https:\/\/relofirm.com\/panama_city\/"},"modified":"2020-01-22T11:24:17","modified_gmt":"2020-01-22T16:24:17","slug":"pourquoi-panama-panama-city","status":"publish","type":"page","link":"https:\/\/www.relofirm.com\/fr\/pourquoi-panama-panama-city\/","title":{"rendered":"Pourquoi Panama &#8211; Panama City"},"content":{"rendered":"<p> <strong>Le Panama est le plus grand centre bancaire international dans le monde \u00e0 c\u00f4t\u00e9 de la Suisse.<\/strong><\/p>\n<p>Environ <strong>100 banques internationales sont situ\u00e9s au Panama.<\/strong><\/p>\n<p> \u00b7 Le Panama offre un syst\u00e8me bancaire moderne et technologiquement avanc\u00e9.<\/p>\n<p> \u00b7 Le Panama est l&rsquo;une des juridictions bancaire le plus stable du monde.<\/p>\n<p> \u00b7 Merci pour une excellente \u00e9conomie diversifi\u00e9e, et la r\u00e9glementation bancaire tr\u00e8s strict, tr\u00e8s peu de banques ont \u00e9chou\u00e9 dans l&rsquo;histoire bancaire panam\u00e9enne.  Les Etats-Unis, Royaume-Uni, et m\u00eame la Suisse ont eu plusieurs faillites bancaires dans les 10 derni\u00e8res ann\u00e9es, pour ne pas mentionner les taux de nombreux autres paradis fiscaux \u00ab\u00a0d\u00e9faillance de la banque.  M\u00eame pendant la r\u00e9cente (2008 &#8211; 2009) crise bancaire mondiale, et non pas une banque panam\u00e9enne a \u00e9t\u00e9 rapport\u00e9 avoir des probl\u00e8mes de liquidit\u00e9.<\/p>\n<p> \u00b7 Le gouvernement panam\u00e9en a promulgu\u00e9 des directives strictes de v\u00e9rification bancaire, afin de surveiller les pratiques bancaires, des lignes directrices de cr\u00e9dit, de banque et de l&rsquo;administration g\u00e9n\u00e9rale.  Chaque banque doit pr\u00e9senter des rapports d&rsquo;audit par mois \u00e0 la Surintendance des banques du Panama et de la Commission bancaire nationale, en collaboration avec le gouvernement poss\u00e9dait Banco Nacional de Panama (Banque nationale du Panama).<\/p>\n<p>\u00b7 Le syst\u00e8me bancaire panam\u00e9en est mis en place pour assurer la s\u00e9curit\u00e9 des d\u00e9posants de leurs d\u00e9p\u00f4ts.  La Commission bancaire national (CNB) et la Banco Nacional de Panama (BNP) d&rsquo;ex\u00e9cuter les fonctions d&rsquo;une banque de compensation centrale.  Le CNB supervise le syst\u00e8me bancaire, d\u00e9finit les obligations de r\u00e9serves et r\u00e9glemente les taux d&rsquo;int\u00e9r\u00eat.  Les fonctions de BNP comme le principal d\u00e9positaire des gouvernements panam\u00e9en, g\u00e8re les r\u00e9serves internationales du pays et est le centre d&rsquo;\u00e9change pour le syst\u00e8me bancaire.<\/p>\n<p> \u00b7 Panama nouvelle loi bancaire complet (d\u00e9cret no 9) r\u00e9pond aux normes des principaux centres financiers du monde entier pour la transparence et la r\u00e9glementation, et est conforme aux statuts de la Commission de B\u00e2le.<\/p>\n<p> \u00b7 Certaines des banques pr\u00e9sentes dans le centre bancaire du Panama sont: Citibank, HSBC, International Commercial Bank of China, Banco du Brasil, Soci\u00e9t\u00e9 G\u00e9n\u00e9rale, Banque Sudameris, BBVA, Metrobank, Banco General, Global Bank, Multibank, Banco Aliado, BancoLat, Bipan, Banque de Nouvelle-\u00c9cosse (Banque Scotia), Banvivienda, Credicorp Banque, Towerbank, Balboa Bank &#038; Trust, Banque Nationale Ca\u00efmans, Cr\u00e9dit Andorre, Andbank, et beaucoup plus.<\/p>\n<p> \u00b7 Le Panama Stock Exchange est la plus forte croissance dans la r\u00e9gion avec un volume total moyen de 900 millions $ US.<\/p>\n<p> \u00b7 Certaines des soci\u00e9t\u00e9s de courtage pr\u00e9sentes au Panama sont (certains le biais de filiales): Merrill Lynch, Pershing \/ DLJ, Paine Webber, Salomon Smith Barney, le Credit Suisse, EFG valeurs mobili\u00e8res, Thales Securities, Panamerica Capital Group, Financi\u00e8re du Pacifique, et plusieurs autres.<\/p>\n<p><strong>8. Syst\u00e8mes de Panama et de l&rsquo;infrastructure de communication sont l&rsquo;\u00e9quivalent de tous les pays du premier monde comme les USA, au Canada ou au Royaume-Uni.<\/strong> T\u00e9l\u00e9phone, fax, Internet et les communications cellulaires sont tous offerts au Panama par les soci\u00e9t\u00e9s des mondes \u00bbplus grande communication.<\/p>\n<p> \u00b7 Le Panama a le plus haut niveau de l&rsquo;infrastructure de communication pour t\u00e9l\u00e9phone, fax, Internet et les communications cellulaires dans l&rsquo;ensemble de Central &#038; South America, y compris les Cara\u00efbes.<\/p>\n<p> \u00b7 Des efforts de privatisation du Panama dans le secteur des t\u00e9l\u00e9communications ont \u00e9t\u00e9 initi\u00e9s en 1995, avec la restructuration de l&rsquo;op\u00e9rateur de monopole d&rsquo;\u00c9tat, INTEL, la concession \u00e0 la suite de Bell South en 1995 \u00e0 exploiter l&rsquo;un des deux (2) cellulaires licences de t\u00e9l\u00e9phonie mobile et de la vente de 49% de la part d&rsquo;Intel \u00e0 Cable &#038; Wireless (une soci\u00e9t\u00e9 britannique) en 1997.<\/p>\n<p> \u00b7 C\u00e2ble &#038; Wireless appr\u00e9ci\u00e9 la responsabilit\u00e9 compl\u00e8te de gestion, de l&rsquo;exclusivit\u00e9 de certains services t\u00e9l\u00e9phoniques (y compris les services internationaux longue distance) pour une p\u00e9riode de cinq ans (qui a expir\u00e9 en 2003) et poss\u00e8de une licence pour op\u00e9rer dans le secteur des communications mobiles cellulaires.  Movistar a la deuxi\u00e8me plus grande part dans le secteur des communications mobiles cellulaires.  Digicel et Claro communications op\u00e8rent \u00e9galement dans le secteur des communications cellulaires au Panama.<\/p>\n<p> \u00b7 Le Panama a le meilleur acc\u00e8s \u00e0 de multiples r\u00e9seaux \u00e0 haut d\u00e9bit en fibre optique dans continentale des infrastructures de t\u00e9l\u00e9communications.  Le risque extr\u00eamement faible de catastrophes naturelles (ouragans, etc), donne la s\u00e9curit\u00e9 au Panama secteur des t\u00e9l\u00e9communications et de la fiabilit\u00e9 du service ainsi que d&rsquo;un avantage concurrentiel sur les autres juridictions offshore.<\/p>\n<p> \u00b7 Le Panama est extr\u00eamement facile d&rsquo;acc\u00e9der \u00e0 partir de presque n&rsquo;importe o\u00f9.  Gr\u00e2ce \u00e0 son emplacement central au milieu des Am\u00e9riques, panamas \u00ab\u00a0Copa Airlines (d\u00e9tenue en partie par Continental Airlines) a converti Panama un centre majeur pour les voyageurs internationaux.  La proximit\u00e9 du panama \u00ab\u00a0pour les grandes villes avec des vols directs de l&rsquo;Am\u00e9rique du Nord, Am\u00e9rique Centrale, Am\u00e9rique du Sud et en Europe, il est relativement rentable d&rsquo;apporter un savoir-faire pour l&rsquo;installation et la maintenance.  Les vols directs sont disponibles au Panama de la plupart des grandes villes autour du globe.<\/p>\n<p> \u00b7 Histoire longue du Panama en tant que banque internationale et la juridiction des services, a abouti \u00e0 la disponibilit\u00e9 du savoir-faire technique en mati\u00e8re de technologie Internet et technologies de l&rsquo;information ainsi que des ressources humaines suffisantes pour installer et maintenir des op\u00e9rations de commerce \u00e9lectronique.  Les Mayas-ARCOS-1 et une bague de syst\u00e8mes pointent les Am\u00e9riques continental et le bassin des Cara\u00efbes, qui s&rsquo;est achev\u00e9 en D\u00e9cembre 2000.<\/p>\n<p> \u00b7 Tous les avantages pr\u00e9c\u00e9dents, les incitations et la place des infrastructures de Panama comme un endroit id\u00e9al pour: Fournisseurs de services Internet, E-Commerce Fournisseurs, Applications Outsourcing ASP, fournisseurs de contenu haut d\u00e9bit, la Nouvelle-fournisseurs de contenu et d&rsquo;\u00e9change de trafic.<\/p>\n<p><strong>Des langues officielles 9. Panama est l&rsquo;espagnol, cependant, l&rsquo;anglais est la langue seconde la plus parl\u00e9e.<\/strong> 8 sur 10 Panam\u00e9ens qui vivent dans le secteur bancaire de Panama City sont bilingues en anglais et en espagnol.<\/p>\n<p> \u00b7 Anglais est une langue largement parl\u00e9e au Panama.<\/p>\n<p> \u00b7 9 sur 10 Panam\u00e9ens instruits ont voyag\u00e9 vers les USA.<\/p>\n<p> \u00b7 Le Panama a un taux d&rsquo;alphab\u00e9tisation est tr\u00e8s \u00e9lev\u00e9 en comparaison avec d&rsquo;autres pays d&rsquo;Europe centrale et sud-am\u00e9ricains.<\/p>\n<p> <strong>10. L&rsquo;\u00e9conomie du Panama ne cesse de cro\u00eetre.<\/strong> Le Business Chronicle latine a rapport\u00e9 en mai 2010 que le Panama est consid\u00e9r\u00e9 comme le num\u00e9ro 1 pour faire des affaires en Am\u00e9rique latine selon le cinqui\u00e8me indice d&rsquo;affaires annuel latin par leur publication.  Les principales raisons pour cela sont: L&rsquo;expansion de 5,2 milliards du Canal de Panama, avec un secteur de la navigation en pleine croissance, est d\u00e9j\u00e0 valu le titre de Singapour des Am\u00e9riques.  Des multinationales comme Procter &#038; Gamble, Dell et DHL ont tous les centres r\u00e9gionaux ou le si\u00e8ge au Panama.  Panama peut \u00e9galement se targuer d&rsquo;\u00eatre l&rsquo;h\u00f4te d&rsquo;immatriculation du monde maritime sup\u00e9rieur, deuxi\u00e8me plus grande du monde zone libre (apr\u00e8s Hong-Kong), et le plus grand centre bancaire international en Am\u00e9rique latine.<\/p>\n<p><strong>11. Le Panama est aujourd&rsquo;hui le pays le plus riche 6e en Am\u00e9rique latine.<\/strong> Selon un rapport \u00e9mis par le Latin Business Chronicle, le Panama est devenu le pays le plus riche 6\u00e8me dans toute l&rsquo;Am\u00e9rique latine en ce qui concerne le produit int\u00e9rieur brut (PIB) par habitant et d&rsquo;achat (PPA ).  En 2009, le PIB du Panama (PPP) a \u00e9t\u00e9 11 788 $ soit une augmentation de 1,8% par rapport \u00e0 2008.  L&rsquo;Argentine a vaincu le Chili pour la 1\u00e8re place.  Le Mexique a \u00e9t\u00e9 \u00e0 la 3e place.  Le rapport a \u00e9t\u00e9 cr\u00e9\u00e9 \u00e0 partir de donn\u00e9es fournies par le Fonds mon\u00e9taire international (FMI).<\/p>\n<p> <strong>12. Le Panama est un pays Investment Grade selon S &#038; P.<\/strong> Le 25 mai 2010 S &#038; P a rehauss\u00e9 le Panama \u00e0 un grade d&rsquo;investissement BBB-de BB +.  Le Panama a rejoint le Br\u00e9sil, le Mexique et le Chili dans le club investment grade lors notes Fitch a relev\u00e9 sa dette \u00e0 BBB-moins en Mars.  \u00ab\u00a0La mise \u00e0 jour refl\u00e8te notre \u00e9valuation selon laquelle la croissance \u00e9conomique continue &#8211; combin\u00e9e \u00e0 mod\u00e9r\u00e9e d\u00e9ficits budg\u00e9taires &#8211; devraient r\u00e9duire le fardeau de la dette du gouvernement,\u00ab S &#038; P dit.<\/p>\n<p> <strong>13. La R\u00e9publique du Panama est situ\u00e9e au point le plus \u00e9troit de l&rsquo;isthme d&rsquo;Am\u00e9rique centrale, qui relie les continents du Nord et Am\u00e9rique du Sud.<\/strong> Il est \u00e0 seulement 2,5 heures de vol de Miami, Floride, Etats-Unis et situ\u00e9 dans le m\u00eame fuseau horaire que l&rsquo;Est des \u00c9tats-Unis C\u00f4te (cinq heures de retard sur Greenwich Mean Time).<\/p>\n<p> \u00b7 Le Panama est situ\u00e9 entre le Costa Rica et la Colombie.<\/p>\n<p> \u00b7 Le Panama est le Eastern Standard Time (le m\u00eame que New York, USA).<\/p>\n<p> \u00b7 Le Panama est \u00e0 seulement 2,5 heures d&rsquo;avion de Miami, Floride, USA.<\/p>\n<p>Le Panama est la juridiction id\u00e9ale pour les investisseurs internationaux et des hommes d&rsquo;affaires \u00e0 exploiter leurs soci\u00e9t\u00e9s offshore, bancaires, d&rsquo;investissement, les finances, et tous les autres domaines du commerce international!<\/p>\n<p> <strong>Prenez la prochaine \u00e9tape vers la libert\u00e9 financi\u00e8re, et d&rsquo;incorporer au Panama aujourd&rsquo;hui!<\/strong><\/p>\n<table border=\"0\" cellpadding=\"1\" cellspacing=\"2\" width=\"100%\">\n<tbody>\n<tr>\n<td bgcolor=\"#cccc99\"><a href=\"panama_offshore_tax_haven\"> <strong>Pourquoi le Panama<\/strong><\/a> <strong>&#8211;<\/strong> <a href=\"colon_free_zone\"> <strong>Zone franche de Col\u00f3n<\/strong><\/a> <strong>&#8211;<\/strong> <a href=\"panama_city\"> <strong>Panama City<\/strong><\/a><\/td>\n<\/tr>\n<\/tbody>\n<\/table>\n<hr>\n","protected":false},"excerpt":{"rendered":"<p>Le Panama est le plus grand centre bancaire international dans le monde \u00e0 c\u00f4t\u00e9 de la Suisse. Environ 100 banques internationales sont situ\u00e9s au Panama. \u00b7 Le Panama offre un syst\u00e8me bancaire moderne et technologiquement avanc\u00e9. \u00b7 Le Panama est l&rsquo;une des juridictions bancaire le plus stable du monde. \u00b7 Merci pour une excellente \u00e9conomie [&hellip;]<\/p>\n","protected":false},"author":10,"featured_media":0,"parent":0,"menu_order":0,"comment_status":"closed","ping_status":"closed","template":"","meta":{"_et_pb_use_builder":"","_et_pb_old_content":"","_et_gb_content_width":"","inline_featured_image":false},"yoast_head":"<!-- This site is optimized with the Yoast SEO plugin v18.5.1 - https:\/\/yoast.com\/wordpress\/plugins\/seo\/ -->\n<title>Pourquoi Panama - Panama City - International Relocation Firm<\/title>\n<meta name=\"robots\" content=\"index, follow, max-snippet:-1, max-image-preview:large, max-video-preview:-1\" \/>\n<link rel=\"canonical\" href=\"https:\/\/www.relofirm.com\/fr\/pourquoi-panama-panama-city\/\" \/>\n<meta property=\"og:locale\" content=\"fr_FR\" \/>\n<meta property=\"og:type\" content=\"article\" \/>\n<meta property=\"og:title\" content=\"Pourquoi Panama - Panama City - International Relocation Firm\" \/>\n<meta property=\"og:description\" content=\"Le Panama est le plus grand centre bancaire international dans le monde \u00e0 c\u00f4t\u00e9 de la Suisse. Environ 100 banques internationales sont situ\u00e9s au Panama. \u00b7 Le Panama offre un syst\u00e8me bancaire moderne et technologiquement avanc\u00e9. \u00b7 Le Panama est l&rsquo;une des juridictions bancaire le plus stable du monde. \u00b7 Merci pour une excellente \u00e9conomie [&hellip;]\" \/>\n<meta property=\"og:url\" content=\"https:\/\/www.relofirm.com\/fr\/pourquoi-panama-panama-city\/\" \/>\n<meta property=\"og:site_name\" content=\"International Relocation Firm\" \/>\n<meta property=\"article:publisher\" content=\"https:\/\/www.facebook.com\/ReloFirm\/\" \/>\n<meta property=\"article:modified_time\" content=\"2020-01-22T16:24:17+00:00\" \/>\n<meta name=\"twitter:label1\" content=\"Dur\u00e9e de lecture estim\u00e9e\" \/>\n\t<meta name=\"twitter:data1\" content=\"8 minutes\" \/>\n<!-- \/ Yoast SEO plugin. -->","yoast_head_json":{"title":"Pourquoi Panama - Panama City - International Relocation Firm","robots":{"index":"index","follow":"follow","max-snippet":"max-snippet:-1","max-image-preview":"max-image-preview:large","max-video-preview":"max-video-preview:-1"},"canonical":"https:\/\/www.relofirm.com\/fr\/pourquoi-panama-panama-city\/","og_locale":"fr_FR","og_type":"article","og_title":"Pourquoi Panama - Panama City - International Relocation Firm","og_description":"Le Panama est le plus grand centre bancaire international dans le monde \u00e0 c\u00f4t\u00e9 de la Suisse. Environ 100 banques internationales sont situ\u00e9s au Panama. \u00b7 Le Panama offre un syst\u00e8me bancaire moderne et technologiquement avanc\u00e9. \u00b7 Le Panama est l&rsquo;une des juridictions bancaire le plus stable du monde. \u00b7 Merci pour une excellente \u00e9conomie [&hellip;]","og_url":"https:\/\/www.relofirm.com\/fr\/pourquoi-panama-panama-city\/","og_site_name":"International Relocation Firm","article_publisher":"https:\/\/www.facebook.com\/ReloFirm\/","article_modified_time":"2020-01-22T16:24:17+00:00","twitter_misc":{"Dur\u00e9e de lecture estim\u00e9e":"8 minutes"},"schema":{"@context":"https:\/\/schema.org","@graph":[{"@type":"Organization","@id":"https:\/\/www.relofirm.com\/#organization","name":"International Relocation Firm","url":"https:\/\/www.relofirm.com\/","sameAs":["https:\/\/www.facebook.com\/ReloFirm\/","https:\/\/www.linkedin.com\/company\/relo-firm","https:\/\/twitter.com\/polslegal"],"logo":{"@type":"ImageObject","@id":"https:\/\/www.relofirm.com\/#logo","inLanguage":"fr-FR","url":"https:\/\/www.relofirm.com\/wp-content\/uploads\/2021\/11\/relofirm-logo.svg","contentUrl":"https:\/\/www.relofirm.com\/wp-content\/uploads\/2021\/11\/relofirm-logo.svg","width":1485,"height":516,"caption":"International Relocation Firm"},"image":{"@id":"https:\/\/www.relofirm.com\/#logo"}},{"@type":"WebSite","@id":"https:\/\/www.relofirm.com\/#website","url":"https:\/\/www.relofirm.com\/","name":"International Relocation Firm","description":"","publisher":{"@id":"https:\/\/www.relofirm.com\/#organization"},"potentialAction":[{"@type":"SearchAction","target":{"@type":"EntryPoint","urlTemplate":"https:\/\/www.relofirm.com\/?s={search_term_string}"},"query-input":"required name=search_term_string"}],"inLanguage":"fr-FR"},{"@type":"WebPage","@id":"https:\/\/www.relofirm.com\/fr\/pourquoi-panama-panama-city\/#webpage","url":"https:\/\/www.relofirm.com\/fr\/pourquoi-panama-panama-city\/","name":"Pourquoi Panama - Panama City - International Relocation Firm","isPartOf":{"@id":"https:\/\/www.relofirm.com\/#website"},"datePublished":"2010-10-19T05:00:00+00:00","dateModified":"2020-01-22T16:24:17+00:00","breadcrumb":{"@id":"https:\/\/www.relofirm.com\/fr\/pourquoi-panama-panama-city\/#breadcrumb"},"inLanguage":"fr-FR","potentialAction":[{"@type":"ReadAction","target":["https:\/\/www.relofirm.com\/fr\/pourquoi-panama-panama-city\/"]}]},{"@type":"BreadcrumbList","@id":"https:\/\/www.relofirm.com\/fr\/pourquoi-panama-panama-city\/#breadcrumb","itemListElement":[{"@type":"ListItem","position":1,"name":"Home","item":"https:\/\/www.relofirm.com\/fr\/"},{"@type":"ListItem","position":2,"name":"Pourquoi Panama &#8211; Panama City"}]}]}},"_links":{"self":[{"href":"https:\/\/www.relofirm.com\/fr\/wp-json\/wp\/v2\/pages\/7298"}],"collection":[{"href":"https:\/\/www.relofirm.com\/fr\/wp-json\/wp\/v2\/pages"}],"about":[{"href":"https:\/\/www.relofirm.com\/fr\/wp-json\/wp\/v2\/types\/page"}],"author":[{"embeddable":true,"href":"https:\/\/www.relofirm.com\/fr\/wp-json\/wp\/v2\/users\/10"}],"replies":[{"embeddable":true,"href":"https:\/\/www.relofirm.com\/fr\/wp-json\/wp\/v2\/comments?post=7298"}],"version-history":[{"count":1,"href":"https:\/\/www.relofirm.com\/fr\/wp-json\/wp\/v2\/pages\/7298\/revisions"}],"predecessor-version":[{"id":8143,"href":"https:\/\/www.relofirm.com\/fr\/wp-json\/wp\/v2\/pages\/7298\/revisions\/8143"}],"wp:attachment":[{"href":"https:\/\/www.relofirm.com\/fr\/wp-json\/wp\/v2\/media?parent=7298"}],"curies":[{"name":"wp","href":"https:\/\/api.w.org\/{rel}","templated":true}]}}