{"id":7291,"date":"2010-09-30T00:00:00","date_gmt":"2010-09-30T05:00:00","guid":{"rendered":"https:\/\/relofirm.com\/newsletter\/"},"modified":"2020-01-22T11:11:04","modified_gmt":"2020-01-22T16:11:04","slug":"bulletin-de-nouvelles","status":"publish","type":"page","link":"https:\/\/www.relofirm.com\/fr\/bulletin-de-nouvelles\/","title":{"rendered":"Bulletin de Nouvelles"},"content":{"rendered":"<p> <strong>Le Bulletin de Protection des Actifs<\/strong> <br \/>\n\t<span style=\"font-family: Tahoma; color: #666666;\"> Par les Services juridiques du Panama Offshore<\/span><\/p>\n<\/p>\n<p><span style=\"font-family: Tahoma; color: #666666;\"> Obtenez le <span style=\"color: #ff6600;\"> <strong>l&rsquo;int\u00e9rieur de scoop<\/strong><\/span> sur le Panama&#8230;<\/span><\/p>\n<table border=\"0\" cellpadding=\"1\" cellspacing=\"1\" width=\"100%\">\n<tbody>\n<tr>\n<td>\n<ul>\n<li><span style=\"font-family: Tahoma; color: #666666;\"> De pr\u00e9cieuses informations sur les structures offshore de protection des actifs, les paradis fiscaux offshore, et des conseils sur la planification de la protection des actifs, la cr\u00e9ation de soci\u00e9t\u00e9s offshore, au large des fondations priv\u00e9es, les trusts offshore, les activit\u00e9s bancaires offshore, et beaucoup plus.<\/span><\/li>\n<li><span style=\"font-family: Tahoma; color: #666666;\"> Restez inform\u00e9 sur les derni\u00e8res nouvelles au sujet des modifications du droit offshore, paradis fiscaux, banques offshore, et autres questions relatives \u00e0 la protection des actifs offshore.<\/span><\/li>\n<li><span style=\"font-family: Tahoma; color: #666666;\"> Recevez vues d&rsquo;initi\u00e9s et les derni\u00e8res nouvelles sur l&rsquo;\u00e9conomie du Panama, Panama banques, entreprises d&rsquo;investissement au Panama, des changements dans le gouvernement des soci\u00e9t\u00e9s de Panama au Panama, et bien plus encore&#8230; <br \/>\n\t\t\t\t\t\t<\/span><\/li>\n<\/ul>\n<\/td>\n<\/tr>\n<\/tbody>\n<\/table>\n<p><span style=\"font-family: Tahoma; color: #666666;\"><span style=\"color: #cc0000;\"> <strong>C&rsquo;est facile!<\/strong><\/span> <strong><br \/>\n\t<\/strong> <br \/>\n\tIl arrive dans votre bo\u00eete e-mail une fois par mois. <br \/>\n\tLisez-le \u00e0 votre convenance.<\/span><\/p>\n<p> Recevez tout cela <strong>GRATUITEMENT,<\/strong> pour un temps limit\u00e9 seulement. \n<\/p>\n<form action=\"http:\/\/www.listcast.com\/x\" method=\"post\">\n<table border=\"0\" cellpadding=\"2\">\n<tbody>\n<tr>\n<td colspan=\"2\"><input name=\"owner_id_enc\" value=\"1003288d-3971debe\" type=\"hidden\"><\/p>\n<p> <em>*<\/em> Indique un champ requis<\/p>\n<\/td>\n<\/tr>\n<tr>\n<td style=\"white-space: nowrap\" width=\"34%\"><span style=\"font-family: Tahoma; color: #666666;\"> <strong>Pr\u00e9nom:<\/strong><\/span><\/td>\n<td style=\"white-space: nowrap\" width=\"66%\"><input maxlength=\"100\" name=\"user_fname\" size=\"40\" type=\"text\"><br \/>\n\t\t\t\t\t<em>*<\/em><\/td>\n<\/tr>\n<tr>\n<td style=\"white-space: nowrap\"><span style=\"font-family: Tahoma; color: #666666;\"> <strong>Nom de famille:<\/strong><\/span><\/td>\n<td style=\"white-space: nowrap\"><input maxlength=\"100\" name=\"user_lname\" size=\"40\" type=\"text\"><br \/>\n\t\t\t\t\t<em>*<\/em><\/td>\n<\/tr>\n<tr>\n<td style=\"white-space: nowrap\"><span style=\"font-family: Tahoma; color: #666666;\"> <strong>Email:<\/strong><\/span><\/td>\n<td style=\"white-space: nowrap\"><input maxlength=\"100\" name=\"user_email\" size=\"40\" type=\"text\"><br \/>\n\t\t\t\t\t<em>*<\/em><\/td>\n<\/tr>\n<tr>\n<td><\/td>\n<td><input name=\"function\" value=\"Subscribe\" type=\"hidden\"><br \/>\n\t\t\t\t\t<input name=\"Submit\" value=\"Abonnez-vous\" type=\"submit\"><\/td>\n<\/tr>\n<\/tbody>\n<\/table>\n<\/form>\n<p><span style=\"font-family: Tahoma; color: #666666;\"> <strong>Conditions d&rsquo;abonnement \u00e0 la Newsletter Protection des actifs:<\/strong> Notre cabinet d&rsquo;avocats au Panama <a href=\"https:\/\/www.relofirm.com\/fr\/\"> Offshore l\u00e9gales<\/a> Services se r\u00e9serve le droit de refuser les demandes de protection d&rsquo;actifs sans bulletin d&rsquo;abonnement sur une base du cas par cas.  Les informations contenues dans le bulletin de la protection des actifs offshore est \u00e0 des fins strictement informatives et \u00e0 aucun moment le cabinet d&rsquo;avocats au International Relocation Firm, le Panama Offshore Services International Inc, ou ses partenaires, filiales, administrateurs, dirigeants, des abonn\u00e9s, ou des employ\u00e9s qui se tiendra responsable de tout contenu ou information dans le bulletin d&rsquo;information qui peuvent \u00eatre fausses, inexactes, p\u00e9rim\u00e9es, ou qui affecte directement ou indirectement aucune protection d&rsquo;actifs, l&rsquo;investissement ou autres d\u00e9cisions personnelles ou professionnelles que les abonn\u00e9s \u00e0 la newsletter font au cours de leur personnel ou activit\u00e9s commerciales.  L&rsquo; <a href=\"https:\/\/www.relofirm.com\/fr\/\">Protection des actifs<\/a> Bulletin doit pas \u00eatre utilis\u00e9 pour la consultation de protection des actifs, et l&rsquo;abonn\u00e9 doit consulter un conseiller professionnel de protection des actifs et \/ ou un avocat agr\u00e9\u00e9 avant toute d\u00e9cision finale concernant la protection des actifs offshore.  En vous abonnant \u00e0 la newsletter de protection des actifs, le souscripteur confirme qu&rsquo;il a lu et accepte les conditions \u00e9tablies aux pr\u00e9sentes, et soulage par les pr\u00e9sentes le cabinet d&rsquo;avocats au Panama Offshore service juridique de toute responsabilit\u00e9 en relation avec les informations contenues dans le bulletin de protection des actifs.<\/span><\/p>\n<p align=\"center\"><span style=\"font-family: Tahoma; color: #666666;\"><a href=\"privacy_policy\" target=\"_blank\" rel=\"noopener noreferrer\">Politique de confidentialit\u00e9<\/a> | <a href=\"antispam_policy\"> Politique anti-spam<\/a><\/span><\/p>\n","protected":false},"excerpt":{"rendered":"<p>Le Bulletin de Protection des Actifs Par les Services juridiques du Panama Offshore Obtenez le l&rsquo;int\u00e9rieur de scoop sur le Panama&#8230; De pr\u00e9cieuses informations sur les structures offshore de protection des actifs, les paradis fiscaux offshore, et des conseils sur la planification de la protection des actifs, la cr\u00e9ation de soci\u00e9t\u00e9s offshore, au large des [&hellip;]<\/p>\n","protected":false},"author":10,"featured_media":0,"parent":0,"menu_order":0,"comment_status":"closed","ping_status":"closed","template":"","meta":{"_et_pb_use_builder":"off","_et_pb_old_content":"","_et_gb_content_width":"","inline_featured_image":false},"yoast_head":"<!-- This site is optimized with the Yoast SEO plugin v18.5.1 - https:\/\/yoast.com\/wordpress\/plugins\/seo\/ -->\n<title>Bulletin de Nouvelles - International Relocation Firm<\/title>\n<meta name=\"robots\" content=\"index, follow, max-snippet:-1, max-image-preview:large, max-video-preview:-1\" \/>\n<link rel=\"canonical\" href=\"https:\/\/www.relofirm.com\/fr\/bulletin-de-nouvelles\/\" \/>\n<meta property=\"og:locale\" content=\"fr_FR\" \/>\n<meta property=\"og:type\" content=\"article\" \/>\n<meta property=\"og:title\" content=\"Bulletin de Nouvelles - International Relocation Firm\" \/>\n<meta property=\"og:description\" content=\"Le Bulletin de Protection des Actifs Par les Services juridiques du Panama Offshore Obtenez le l&rsquo;int\u00e9rieur de scoop sur le Panama&#8230; De pr\u00e9cieuses informations sur les structures offshore de protection des actifs, les paradis fiscaux offshore, et des conseils sur la planification de la protection des actifs, la cr\u00e9ation de soci\u00e9t\u00e9s offshore, au large des [&hellip;]\" \/>\n<meta property=\"og:url\" content=\"https:\/\/www.relofirm.com\/fr\/bulletin-de-nouvelles\/\" \/>\n<meta property=\"og:site_name\" content=\"International Relocation Firm\" \/>\n<meta property=\"article:publisher\" content=\"https:\/\/www.facebook.com\/ReloFirm\/\" \/>\n<meta property=\"article:modified_time\" content=\"2020-01-22T16:11:04+00:00\" \/>\n<meta name=\"twitter:label1\" content=\"Dur\u00e9e de lecture estim\u00e9e\" \/>\n\t<meta name=\"twitter:data1\" content=\"2 minutes\" \/>\n<!-- \/ Yoast SEO plugin. -->","yoast_head_json":{"title":"Bulletin de Nouvelles - International Relocation Firm","robots":{"index":"index","follow":"follow","max-snippet":"max-snippet:-1","max-image-preview":"max-image-preview:large","max-video-preview":"max-video-preview:-1"},"canonical":"https:\/\/www.relofirm.com\/fr\/bulletin-de-nouvelles\/","og_locale":"fr_FR","og_type":"article","og_title":"Bulletin de Nouvelles - International Relocation Firm","og_description":"Le Bulletin de Protection des Actifs Par les Services juridiques du Panama Offshore Obtenez le l&rsquo;int\u00e9rieur de scoop sur le Panama&#8230; De pr\u00e9cieuses informations sur les structures offshore de protection des actifs, les paradis fiscaux offshore, et des conseils sur la planification de la protection des actifs, la cr\u00e9ation de soci\u00e9t\u00e9s offshore, au large des [&hellip;]","og_url":"https:\/\/www.relofirm.com\/fr\/bulletin-de-nouvelles\/","og_site_name":"International Relocation Firm","article_publisher":"https:\/\/www.facebook.com\/ReloFirm\/","article_modified_time":"2020-01-22T16:11:04+00:00","twitter_misc":{"Dur\u00e9e de lecture estim\u00e9e":"2 minutes"},"schema":{"@context":"https:\/\/schema.org","@graph":[{"@type":"Organization","@id":"https:\/\/www.relofirm.com\/#organization","name":"International Relocation Firm","url":"https:\/\/www.relofirm.com\/","sameAs":["https:\/\/www.facebook.com\/ReloFirm\/","https:\/\/www.linkedin.com\/company\/relo-firm","https:\/\/twitter.com\/polslegal"],"logo":{"@type":"ImageObject","@id":"https:\/\/www.relofirm.com\/#logo","inLanguage":"fr-FR","url":"https:\/\/www.relofirm.com\/wp-content\/uploads\/2021\/11\/relofirm-logo.svg","contentUrl":"https:\/\/www.relofirm.com\/wp-content\/uploads\/2021\/11\/relofirm-logo.svg","width":1485,"height":516,"caption":"International Relocation Firm"},"image":{"@id":"https:\/\/www.relofirm.com\/#logo"}},{"@type":"WebSite","@id":"https:\/\/www.relofirm.com\/#website","url":"https:\/\/www.relofirm.com\/","name":"International Relocation Firm","description":"","publisher":{"@id":"https:\/\/www.relofirm.com\/#organization"},"potentialAction":[{"@type":"SearchAction","target":{"@type":"EntryPoint","urlTemplate":"https:\/\/www.relofirm.com\/?s={search_term_string}"},"query-input":"required name=search_term_string"}],"inLanguage":"fr-FR"},{"@type":"WebPage","@id":"https:\/\/www.relofirm.com\/fr\/bulletin-de-nouvelles\/#webpage","url":"https:\/\/www.relofirm.com\/fr\/bulletin-de-nouvelles\/","name":"Bulletin de Nouvelles - International Relocation Firm","isPartOf":{"@id":"https:\/\/www.relofirm.com\/#website"},"datePublished":"2010-09-30T05:00:00+00:00","dateModified":"2020-01-22T16:11:04+00:00","breadcrumb":{"@id":"https:\/\/www.relofirm.com\/fr\/bulletin-de-nouvelles\/#breadcrumb"},"inLanguage":"fr-FR","potentialAction":[{"@type":"ReadAction","target":["https:\/\/www.relofirm.com\/fr\/bulletin-de-nouvelles\/"]}]},{"@type":"BreadcrumbList","@id":"https:\/\/www.relofirm.com\/fr\/bulletin-de-nouvelles\/#breadcrumb","itemListElement":[{"@type":"ListItem","position":1,"name":"Home","item":"https:\/\/www.relofirm.com\/fr\/"},{"@type":"ListItem","position":2,"name":"Bulletin de Nouvelles"}]}]}},"_links":{"self":[{"href":"https:\/\/www.relofirm.com\/fr\/wp-json\/wp\/v2\/pages\/7291"}],"collection":[{"href":"https:\/\/www.relofirm.com\/fr\/wp-json\/wp\/v2\/pages"}],"about":[{"href":"https:\/\/www.relofirm.com\/fr\/wp-json\/wp\/v2\/types\/page"}],"author":[{"embeddable":true,"href":"https:\/\/www.relofirm.com\/fr\/wp-json\/wp\/v2\/users\/10"}],"replies":[{"embeddable":true,"href":"https:\/\/www.relofirm.com\/fr\/wp-json\/wp\/v2\/comments?post=7291"}],"version-history":[{"count":1,"href":"https:\/\/www.relofirm.com\/fr\/wp-json\/wp\/v2\/pages\/7291\/revisions"}],"predecessor-version":[{"id":8062,"href":"https:\/\/www.relofirm.com\/fr\/wp-json\/wp\/v2\/pages\/7291\/revisions\/8062"}],"wp:attachment":[{"href":"https:\/\/www.relofirm.com\/fr\/wp-json\/wp\/v2\/media?parent=7291"}],"curies":[{"name":"wp","href":"https:\/\/api.w.org\/{rel}","templated":true}]}}