{"id":7280,"date":"2010-09-30T00:00:00","date_gmt":"2010-09-30T05:00:00","guid":{"rendered":"https:\/\/relofirm.com\/real_estate_documents\/"},"modified":"2020-01-22T11:13:19","modified_gmt":"2020-01-22T16:13:19","slug":"documents-requis-a-partir-de-notre-client","status":"publish","type":"page","link":"https:\/\/www.relofirm.com\/fr\/documents-requis-a-partir-de-notre-client\/","title":{"rendered":"Documents Requis \u00e0 Partir de Notre Client"},"content":{"rendered":"<div class=\"menu-real-estate-fr-container\"><ul id=\"menu-real-estate-fr\" class=\"menu\"><li id=\"menu-item-7586\" class=\"menu-item menu-item-type-post_type menu-item-object-page menu-item-has-children menu-item-7586\"><a href=\"https:\/\/www.relofirm.com\/fr\/renseignement-sur-des-biens-fonds\/\">Renseignement sur des Biens Fonds<\/a>\n<ul class=\"sub-menu\">\n\t<li id=\"menu-item-7610\" class=\"menu-item menu-item-type-post_type menu-item-object-page menu-item-7610\"><a href=\"https:\/\/www.relofirm.com\/fr\/differents-types-de-propriete-au-panama\/\">Diff\u00e9rents Types de Propri\u00e9t\u00e9 au Panama<\/a><\/li>\n\t<li id=\"menu-item-7611\" class=\"menu-item menu-item-type-post_type menu-item-object-page menu-item-7611\"><a href=\"https:\/\/www.relofirm.com\/fr\/procedures-pour-lacquisition-des-titres\/\">Proc\u00e9dures pour l&rsquo;Acquisition des Titres<\/a><\/li>\n\t<li id=\"menu-item-7612\" class=\"menu-item menu-item-type-post_type menu-item-object-page menu-item-7612\"><a href=\"https:\/\/www.relofirm.com\/fr\/documents-requis-a-partir-de-notre-client\/\">Documents Requis \u00e0 Partir de Notre Client<\/a><\/li>\n\t<li id=\"menu-item-7613\" class=\"menu-item menu-item-type-post_type menu-item-object-page menu-item-7613\"><a href=\"https:\/\/www.relofirm.com\/fr\/immobilier-faqs\/\">Immobilier FAQS<\/a><\/li>\n\t<li id=\"menu-item-7614\" class=\"menu-item menu-item-type-post_type menu-item-object-page menu-item-7614\"><a href=\"https:\/\/www.relofirm.com\/fr\/developpement-des-biens-fonds\/\">D\u00e9veloppement des Biens Fonds<\/a><\/li>\n<\/ul>\n<\/li>\n<\/ul><\/div>\n<hr \/>\n<p>Les \u00e9l\u00e9ments suivants sont les documents que vous devez remplir, signer et nous envoyer par notre num\u00e9ro de fax Unis 1.800.716.3452, ou \u00e0 notre num\u00e9ro de fax de Panama (507) 236-7150, ou num\u00e9riser et de les envoyer \u00e0 l&rsquo;adresse e-mail suivante: info@pos-inc.com<br \/>\n\tLes documents sont les suivantes:<\/p>\n<p>&#8211; <strong>Formulaire de commande POS-propri\u00e9t\u00e9:<\/strong> Ceci est le document principal que nous avons besoin que vous devez remplir, avec votre courtier (le cas \u00e9ch\u00e9ant), afin que nous puissions avoir vos informations de contact, et les informations compl\u00e8tes de votre transaction d&rsquo;achat de propri\u00e9t\u00e9. <br \/>\n\twww.pos-propertyorderformlink.com<\/p>\n<p>&#8211; <a href=\"corporation_offshore_structure_package\" target=\"_blank\" rel=\"noopener noreferrer\"> <strong>Remplissez structure offshore:<\/strong><\/a> Ce document vous fournit des informations de notre forfait sp\u00e9cial structure compl\u00e8te Offshore, si vous souhaitez mettre en place une fondation d&rsquo;int\u00e9r\u00eat priv\u00e9, afin de prot\u00e9ger et s\u00e9curiser votre investissement (Propri\u00e9t\u00e9), par, l&rsquo;enregistrement de la propri\u00e9t\u00e9 dans une soci\u00e9t\u00e9 et ensuite nous d\u00e9livrer le Certificat d&rsquo;actions de votre Soci\u00e9t\u00e9 dans votre Fondation.<\/p>\n<p><strong>&#8211; Convention d&rsquo;entiercement de PT &#038; E:<\/strong> Ce document est l&rsquo;accord entre la Soci\u00e9t\u00e9 d&rsquo;entiercement et vous (le client) pour leurs services d&rsquo;entiercement.  Ce document est tr\u00e8s important pour vous de signer et de nous envoyer.  Il autorise la soci\u00e9t\u00e9 d&rsquo;entiercement de proc\u00e9der \u00e0 la transaction conform\u00e9ment \u00e0 vos instructions. <br \/>\n\tVous trouverez ce convention d&rsquo;entiercement PT &#038; E dans le lien suivant: <br \/>\n\t<a href=\"http:\/\/www.panamatitle.com\/forms\/escrow-agreement.pdf\" target=\"_blank\" rel=\"noopener noreferrer\"> <strong>www.panamatitle.com \/ forms \/ s\u00e9questre-agreement.pdf<\/strong><\/a><\/p>\n<p><strong>&#8211; Fil PT &#038; E Formulaire de notification de d\u00e9p\u00f4t:<\/strong> Ce document nous fournir des informations sur le fil de fonds que vous allez envoyer (vous devriez toujours fournir cette information \u00e0 l&rsquo;avance) pour votre op\u00e9ration d&rsquo;achat de propri\u00e9t\u00e9.  Ensuite, nous pouvons retracer le fil et clairement \u00e0 la Banque.  Selon le montant du fil, nous devons coordonner avec l&rsquo;agent de la Banque, de sorte que le fonds de clair dans votre compte d&rsquo;entiercement.<\/p>\n<p>Vous trouverez ce PT &#038; Wire E-d\u00e9p\u00f4ts du formulaire de notification dans le lien suivant: <br \/>\n\t<a href=\"http:\/\/www.panamatitle.com\/forms\/wire-deposit-form.pdf\" target=\"_blank\" rel=\"noopener noreferrer\"> <strong>www.panamatitle.com \/ forms \/ fil de d\u00e9p\u00f4t form.pdf<\/strong><\/a><\/p>\n<p>\u00abFormulaire PT &#038; E demande de d\u00e9caissement: Ce document autorise PT &#038; E de proc\u00e9der et de faire les paiements pour votre transaction d&rsquo;achat de propri\u00e9t\u00e9.<\/p>\n<p>Vous trouverez ce PT &#038; Wire E-d\u00e9p\u00f4ts du formulaire de notification dans le lien suivant: <br \/>\n\t<a href=\"http:\/\/www.panamatitle.com\/forms\/disbursement-request-form.pdf\" target=\"_blank\" rel=\"noopener noreferrer\"> <strong>www.panamatitle.com \/ formes \/ d\u00e9caissement-request-form.pdf<\/strong><\/a><\/p>\n<p><strong>Documents \u00e0 fournir \/ Demande de transaction:<\/strong> <br \/>\n\tLes \u00e9l\u00e9ments suivants sont les documents (sous forme de liste condens\u00e9e) que vous devriez demander du vendeur (ou courtier cas \u00e9ch\u00e9ant), et les documents que vous devez fournir \u00e0 notre cabinet d&rsquo;avocats, et les documents que vous devez remplir et envoyer, pour l&rsquo;ensemble du Transaction:<\/p>\n<p><strong>DOCUMENTS ACHETEURS:<\/strong> <br \/>\n\t* Photocopie du passeport Acheteurs <br \/>\n\t* Photocopie de statuts <br \/>\n\t* Photocopie de paiements d&rsquo;imp\u00f4t de l&rsquo;entit\u00e9 <br \/>\n\t* Autres:<\/p>\n<p><strong>DOCUMENTS DE VENDEURS:<\/strong> <br \/>\n\t* Photocopie du passeport ou de vendeurs Cedula <br \/>\n\t* Photocopie de statuts (si soci\u00e9t\u00e9) <br \/>\n\t* Photocopie du passeport repr\u00e9sentants l\u00e9gaux ou Cedula (si Corp) <br \/>\n\t* Photocopie du certificat de constitution (si Soci\u00e9t\u00e9) <br \/>\n\t* Autres:<\/p>\n<p><strong>VENDEURS DE DOCUMENTS DE PROPRI\u00c9T\u00c9:<\/strong> <br \/>\n\t* Acte public (Document Titre) <br \/>\n\tEnqu\u00eate sur Lot * <br \/>\n\tDocuments hypoth\u00e9caires * (le cas \u00e9ch\u00e9ant) <br \/>\n\t* Paz y Salvo MEF (si le titre) <br \/>\n\t* Paz y IDAAN Salvo (si le titre) <br \/>\n\t* Certification Reforma \/ Corregidor \/ Alcalde (si les droits de possession) <br \/>\n\t* Autres:<\/p>\n<p><strong>DOCUMENTS transaction immobili\u00e8re:<\/strong> <br \/>\n\t* Formulaire POS ordonnance relative aux biens <br \/>\n\t* Minute Vendeurs &#8211; autorisation de vendre <br \/>\n\t* Minute acheteurs &#8211; Autorisation d&rsquo;achat <br \/>\n\t* Autorisation pour les signatures sur les contrats des candidats de la Propri\u00e9t\u00e9 <br \/>\n\t* Promesse d&rsquo;achat Contrat <br \/>\n\tContrat d&rsquo;achat * <br \/>\n\t* Facture POS pour le client <br \/>\n\t* Autres:<\/p>\n<p><strong>SI LA PROPRIETE INTITUL\u00c9:<\/strong> <br \/>\n\t* Paiement de 2% Taxe sur les transferts <br \/>\n\t* Autres:<\/p>\n<p><strong>Si la propri\u00e9t\u00e9 POR:<\/strong> <br \/>\n\t* Reforma Agraria &#8211; Autorisation de Transfert <br \/>\n\t* Reforma &#8211; Providence <br \/>\n\t* Reforma Agraria &#8211; Inspection <br \/>\n\t* Reforma Agraria &#8211; R\u00e9solution <br \/>\n\t* Autres:<\/p>\n<p><strong>DOCUMENTS PT &#038; E:<\/strong> <br \/>\n\t* PT &#038; E Bilan <br \/>\n\t* PT &#038; E convention d&rsquo;entiercement <br \/>\n\t* PT &#038; E Wire \/ Check Formulaire de notification de d\u00e9p\u00f4t <br \/>\n\t* PT &#038; formulaire E demande de d\u00e9caissement <br \/>\n\t* Photocopie de tous les paiements V\u00e9rifications <br \/>\n\tDes re\u00e7us de paiement * <br \/>\n\t* Autres: <br \/>\n\t<strong><\/strong><\/p>\n<hr>\n","protected":false},"excerpt":{"rendered":"<p>Les \u00e9l\u00e9ments suivants sont les documents que vous devez remplir, signer et nous envoyer par notre num\u00e9ro de fax Unis 1.800.716.3452, ou \u00e0 notre num\u00e9ro de fax de Panama (507) 236-7150, ou num\u00e9riser et de les envoyer \u00e0 l&rsquo;adresse e-mail suivante: info@pos-inc.com Les documents sont les suivantes: &#8211; Formulaire de commande POS-propri\u00e9t\u00e9: Ceci est le [&hellip;]<\/p>\n","protected":false},"author":10,"featured_media":0,"parent":0,"menu_order":0,"comment_status":"closed","ping_status":"closed","template":"","meta":{"_et_pb_use_builder":"","_et_pb_old_content":"","_et_gb_content_width":"","inline_featured_image":false},"yoast_head":"<!-- This site is optimized with the Yoast SEO plugin v18.5.1 - https:\/\/yoast.com\/wordpress\/plugins\/seo\/ -->\n<title>Documents Requis \u00e0 Partir de Notre Client - International Relocation Firm<\/title>\n<meta name=\"robots\" content=\"index, follow, max-snippet:-1, max-image-preview:large, max-video-preview:-1\" \/>\n<link rel=\"canonical\" href=\"https:\/\/www.relofirm.com\/fr\/documents-requis-a-partir-de-notre-client\/\" \/>\n<meta property=\"og:locale\" content=\"fr_FR\" \/>\n<meta property=\"og:type\" content=\"article\" \/>\n<meta property=\"og:title\" content=\"Documents Requis \u00e0 Partir de Notre Client - International Relocation Firm\" \/>\n<meta property=\"og:description\" content=\"Les \u00e9l\u00e9ments suivants sont les documents que vous devez remplir, signer et nous envoyer par notre num\u00e9ro de fax Unis 1.800.716.3452, ou \u00e0 notre num\u00e9ro de fax de Panama (507) 236-7150, ou num\u00e9riser et de les envoyer \u00e0 l&rsquo;adresse e-mail suivante: info@pos-inc.com Les documents sont les suivantes: &#8211; Formulaire de commande POS-propri\u00e9t\u00e9: Ceci est le [&hellip;]\" \/>\n<meta property=\"og:url\" content=\"https:\/\/www.relofirm.com\/fr\/documents-requis-a-partir-de-notre-client\/\" \/>\n<meta property=\"og:site_name\" content=\"International Relocation Firm\" \/>\n<meta property=\"article:publisher\" content=\"https:\/\/www.facebook.com\/ReloFirm\/\" \/>\n<meta property=\"article:modified_time\" content=\"2020-01-22T16:13:19+00:00\" \/>\n<meta name=\"twitter:label1\" content=\"Dur\u00e9e de lecture estim\u00e9e\" \/>\n\t<meta name=\"twitter:data1\" content=\"3 minutes\" \/>\n<!-- \/ Yoast SEO plugin. -->","yoast_head_json":{"title":"Documents Requis \u00e0 Partir de Notre Client - International Relocation Firm","robots":{"index":"index","follow":"follow","max-snippet":"max-snippet:-1","max-image-preview":"max-image-preview:large","max-video-preview":"max-video-preview:-1"},"canonical":"https:\/\/www.relofirm.com\/fr\/documents-requis-a-partir-de-notre-client\/","og_locale":"fr_FR","og_type":"article","og_title":"Documents Requis \u00e0 Partir de Notre Client - International Relocation Firm","og_description":"Les \u00e9l\u00e9ments suivants sont les documents que vous devez remplir, signer et nous envoyer par notre num\u00e9ro de fax Unis 1.800.716.3452, ou \u00e0 notre num\u00e9ro de fax de Panama (507) 236-7150, ou num\u00e9riser et de les envoyer \u00e0 l&rsquo;adresse e-mail suivante: info@pos-inc.com Les documents sont les suivantes: &#8211; Formulaire de commande POS-propri\u00e9t\u00e9: Ceci est le [&hellip;]","og_url":"https:\/\/www.relofirm.com\/fr\/documents-requis-a-partir-de-notre-client\/","og_site_name":"International Relocation Firm","article_publisher":"https:\/\/www.facebook.com\/ReloFirm\/","article_modified_time":"2020-01-22T16:13:19+00:00","twitter_misc":{"Dur\u00e9e de lecture estim\u00e9e":"3 minutes"},"schema":{"@context":"https:\/\/schema.org","@graph":[{"@type":"Organization","@id":"https:\/\/www.relofirm.com\/#organization","name":"International Relocation Firm","url":"https:\/\/www.relofirm.com\/","sameAs":["https:\/\/www.facebook.com\/ReloFirm\/","https:\/\/www.linkedin.com\/company\/relo-firm","https:\/\/twitter.com\/polslegal"],"logo":{"@type":"ImageObject","@id":"https:\/\/www.relofirm.com\/#logo","inLanguage":"fr-FR","url":"https:\/\/www.relofirm.com\/wp-content\/uploads\/2021\/11\/relofirm-logo.svg","contentUrl":"https:\/\/www.relofirm.com\/wp-content\/uploads\/2021\/11\/relofirm-logo.svg","width":1485,"height":516,"caption":"International Relocation Firm"},"image":{"@id":"https:\/\/www.relofirm.com\/#logo"}},{"@type":"WebSite","@id":"https:\/\/www.relofirm.com\/#website","url":"https:\/\/www.relofirm.com\/","name":"International Relocation Firm","description":"","publisher":{"@id":"https:\/\/www.relofirm.com\/#organization"},"potentialAction":[{"@type":"SearchAction","target":{"@type":"EntryPoint","urlTemplate":"https:\/\/www.relofirm.com\/?s={search_term_string}"},"query-input":"required name=search_term_string"}],"inLanguage":"fr-FR"},{"@type":"WebPage","@id":"https:\/\/www.relofirm.com\/fr\/documents-requis-a-partir-de-notre-client\/#webpage","url":"https:\/\/www.relofirm.com\/fr\/documents-requis-a-partir-de-notre-client\/","name":"Documents Requis \u00e0 Partir de Notre Client - International Relocation Firm","isPartOf":{"@id":"https:\/\/www.relofirm.com\/#website"},"datePublished":"2010-09-30T05:00:00+00:00","dateModified":"2020-01-22T16:13:19+00:00","breadcrumb":{"@id":"https:\/\/www.relofirm.com\/fr\/documents-requis-a-partir-de-notre-client\/#breadcrumb"},"inLanguage":"fr-FR","potentialAction":[{"@type":"ReadAction","target":["https:\/\/www.relofirm.com\/fr\/documents-requis-a-partir-de-notre-client\/"]}]},{"@type":"BreadcrumbList","@id":"https:\/\/www.relofirm.com\/fr\/documents-requis-a-partir-de-notre-client\/#breadcrumb","itemListElement":[{"@type":"ListItem","position":1,"name":"Home","item":"https:\/\/www.relofirm.com\/fr\/"},{"@type":"ListItem","position":2,"name":"Documents Requis \u00e0 Partir de Notre Client"}]}]}},"_links":{"self":[{"href":"https:\/\/www.relofirm.com\/fr\/wp-json\/wp\/v2\/pages\/7280"}],"collection":[{"href":"https:\/\/www.relofirm.com\/fr\/wp-json\/wp\/v2\/pages"}],"about":[{"href":"https:\/\/www.relofirm.com\/fr\/wp-json\/wp\/v2\/types\/page"}],"author":[{"embeddable":true,"href":"https:\/\/www.relofirm.com\/fr\/wp-json\/wp\/v2\/users\/10"}],"replies":[{"embeddable":true,"href":"https:\/\/www.relofirm.com\/fr\/wp-json\/wp\/v2\/comments?post=7280"}],"version-history":[{"count":1,"href":"https:\/\/www.relofirm.com\/fr\/wp-json\/wp\/v2\/pages\/7280\/revisions"}],"predecessor-version":[{"id":8080,"href":"https:\/\/www.relofirm.com\/fr\/wp-json\/wp\/v2\/pages\/7280\/revisions\/8080"}],"wp:attachment":[{"href":"https:\/\/www.relofirm.com\/fr\/wp-json\/wp\/v2\/media?parent=7280"}],"curies":[{"name":"wp","href":"https:\/\/api.w.org\/{rel}","templated":true}]}}