{"id":7272,"date":"2010-09-30T00:00:00","date_gmt":"2010-09-30T05:00:00","guid":{"rendered":"https:\/\/relofirm.com\/investments_offshore_mutual_funds\/"},"modified":"2020-01-22T11:16:30","modified_gmt":"2020-01-22T16:16:30","slug":"offshore-fonds-communs-de-placement","status":"publish","type":"page","link":"https:\/\/www.relofirm.com\/fr\/offshore-fonds-communs-de-placement\/","title":{"rendered":"Offshore Fonds Communs de Placement"},"content":{"rendered":"<div class=\"menu-investments-fr-container\"><ul id=\"menu-investments-fr\" class=\"menu\"><li id=\"menu-item-7678\" class=\"menu-item menu-item-type-post_type menu-item-object-page menu-item-has-children menu-item-7678\"><a href=\"https:\/\/www.relofirm.com\/fr\/investissements-offshore\/\">Investissements Offshore<\/a>\n<ul class=\"sub-menu\">\n\t<li id=\"menu-item-7680\" class=\"menu-item menu-item-type-post_type menu-item-object-page menu-item-7680\"><a href=\"https:\/\/www.relofirm.com\/fr\/certificats-de-depots-offshore\/\">Certificats de D\u00e9p\u00f4ts Offshore<\/a><\/li>\n<\/ul>\n<\/li>\n<\/ul><\/div>\n<hr \/>\n<p>Offshore fonds communs de placement offrent plusieurs avantages distincts.  Certains pays ont des lois qui restreignent les valeurs mobili\u00e8res \u00e0 leurs citoyens d&rsquo;investir dans des fonds offshore, ou tout autre fonds qui ne sont pas inscrits dans leur propre pays.  C&rsquo;est une autre raison pour laquelle de nombreux investisseurs pr\u00e9f\u00e8rent structurer leurs actifs par des fondations \u00e9trang\u00e8res ou de soci\u00e9t\u00e9s offshore, afin qu&rsquo;ils puissent avoir la libert\u00e9 d&rsquo;investir comme ils le souhaitent sans aucune restriction l\u00e9gale.<\/p>\n<p><strong>Offshore fonds communs de placement offrent plusieurs avantages cl\u00e9s:<\/strong><\/p>\n<p>&#8211; Imp\u00f4t sur les dividendes Offshore gratuit <br \/>\n\t&#8211; Offshore imp\u00f4t sur les gains en capital libre <br \/>\n\t&#8211; Divers, Options de placement non affect\u00e9s <br \/>\n\t&#8211; Baisse globale des co\u00fbts de gestion du Fonds <br \/>\n\t&#8211; Des rendements sup\u00e9rieurs aux investisseurs l&rsquo;ensemble<\/p>\n<p>Notre cabinet de courtage d&rsquo;investissement recommand\u00e9e est actuellement offrant ce que nous consid\u00e9rons comme l&rsquo;un des meilleurs fonds communs de placement en mer disponibles aujourd&rsquo;hui.<\/p>\n<p><strong>Ces fonds particulier, offre les avantages suivants:<\/strong><\/p>\n<p>\u00b7 Investissement principal est 100% garanti et assur\u00e9, <br \/>\n\t\u00b7 Les fonds g\u00e9r\u00e9s par l&rsquo;un de la firme d&rsquo;investissement mondes anciens et les plus r\u00e9put\u00e9s, <br \/>\n\t\u00b7 Historique rendements annuels moyens compris entre 11% \u00e0 21% (selon lequel les fonds que vous choisissez), <br \/>\n\t\u00b0 d\u00e9p\u00f4t initial minimum est de seulement US $ 50 000, <br \/>\n\t\u00b7 Engagement D\u00e9p\u00f4t minimum 5 ann\u00e9es requises (retraits anticip\u00e9s sont autoris\u00e9s avec une p\u00e9nalit\u00e9 de retrait de petite taille).<\/p>\n<p>Notre cabinet de placement recommand\u00e9e peut \u00e9galement offrir plusieurs autres fonds communs de placement au large, avec des rendements variant selon le choix des fonds en particulier.<\/p>\n<p>Si vous \u00eates int\u00e9ress\u00e9 \u00e0 investir dans les fonds mutuels en mer, s&rsquo;il vous pla\u00eet nous contacter pour une pr\u00e9sentation de notre soci\u00e9t\u00e9 de placement recommand\u00e9e.<\/p>\n<hr>\n","protected":false},"excerpt":{"rendered":"<p>Offshore fonds communs de placement offrent plusieurs avantages distincts. Certains pays ont des lois qui restreignent les valeurs mobili\u00e8res \u00e0 leurs citoyens d&rsquo;investir dans des fonds offshore, ou tout autre fonds qui ne sont pas inscrits dans leur propre pays. C&rsquo;est une autre raison pour laquelle de nombreux investisseurs pr\u00e9f\u00e8rent structurer leurs actifs par des [&hellip;]<\/p>\n","protected":false},"author":10,"featured_media":0,"parent":0,"menu_order":0,"comment_status":"closed","ping_status":"closed","template":"","meta":{"_et_pb_use_builder":"","_et_pb_old_content":"","_et_gb_content_width":"","inline_featured_image":false},"yoast_head":"<!-- This site is optimized with the Yoast SEO plugin v18.5.1 - https:\/\/yoast.com\/wordpress\/plugins\/seo\/ -->\n<title>Offshore Fonds Communs de Placement - International Relocation Firm<\/title>\n<meta name=\"robots\" content=\"index, follow, max-snippet:-1, max-image-preview:large, max-video-preview:-1\" \/>\n<link rel=\"canonical\" href=\"https:\/\/www.relofirm.com\/fr\/offshore-fonds-communs-de-placement\/\" \/>\n<meta property=\"og:locale\" content=\"fr_FR\" \/>\n<meta property=\"og:type\" content=\"article\" \/>\n<meta property=\"og:title\" content=\"Offshore Fonds Communs de Placement - International Relocation Firm\" \/>\n<meta property=\"og:description\" content=\"Offshore fonds communs de placement offrent plusieurs avantages distincts. Certains pays ont des lois qui restreignent les valeurs mobili\u00e8res \u00e0 leurs citoyens d&rsquo;investir dans des fonds offshore, ou tout autre fonds qui ne sont pas inscrits dans leur propre pays. C&rsquo;est une autre raison pour laquelle de nombreux investisseurs pr\u00e9f\u00e8rent structurer leurs actifs par des [&hellip;]\" \/>\n<meta property=\"og:url\" content=\"https:\/\/www.relofirm.com\/fr\/offshore-fonds-communs-de-placement\/\" \/>\n<meta property=\"og:site_name\" content=\"International Relocation Firm\" \/>\n<meta property=\"article:publisher\" content=\"https:\/\/www.facebook.com\/ReloFirm\/\" \/>\n<meta property=\"article:modified_time\" content=\"2020-01-22T16:16:30+00:00\" \/>\n<meta name=\"twitter:label1\" content=\"Dur\u00e9e de lecture estim\u00e9e\" \/>\n\t<meta name=\"twitter:data1\" content=\"2 minutes\" \/>\n<!-- \/ Yoast SEO plugin. -->","yoast_head_json":{"title":"Offshore Fonds Communs de Placement - International Relocation Firm","robots":{"index":"index","follow":"follow","max-snippet":"max-snippet:-1","max-image-preview":"max-image-preview:large","max-video-preview":"max-video-preview:-1"},"canonical":"https:\/\/www.relofirm.com\/fr\/offshore-fonds-communs-de-placement\/","og_locale":"fr_FR","og_type":"article","og_title":"Offshore Fonds Communs de Placement - International Relocation Firm","og_description":"Offshore fonds communs de placement offrent plusieurs avantages distincts. Certains pays ont des lois qui restreignent les valeurs mobili\u00e8res \u00e0 leurs citoyens d&rsquo;investir dans des fonds offshore, ou tout autre fonds qui ne sont pas inscrits dans leur propre pays. C&rsquo;est une autre raison pour laquelle de nombreux investisseurs pr\u00e9f\u00e8rent structurer leurs actifs par des [&hellip;]","og_url":"https:\/\/www.relofirm.com\/fr\/offshore-fonds-communs-de-placement\/","og_site_name":"International Relocation Firm","article_publisher":"https:\/\/www.facebook.com\/ReloFirm\/","article_modified_time":"2020-01-22T16:16:30+00:00","twitter_misc":{"Dur\u00e9e de lecture estim\u00e9e":"2 minutes"},"schema":{"@context":"https:\/\/schema.org","@graph":[{"@type":"Organization","@id":"https:\/\/www.relofirm.com\/#organization","name":"International Relocation Firm","url":"https:\/\/www.relofirm.com\/","sameAs":["https:\/\/www.facebook.com\/ReloFirm\/","https:\/\/www.linkedin.com\/company\/relo-firm","https:\/\/twitter.com\/polslegal"],"logo":{"@type":"ImageObject","@id":"https:\/\/www.relofirm.com\/#logo","inLanguage":"fr-FR","url":"https:\/\/www.relofirm.com\/wp-content\/uploads\/2021\/11\/relofirm-logo.svg","contentUrl":"https:\/\/www.relofirm.com\/wp-content\/uploads\/2021\/11\/relofirm-logo.svg","width":1485,"height":516,"caption":"International Relocation Firm"},"image":{"@id":"https:\/\/www.relofirm.com\/#logo"}},{"@type":"WebSite","@id":"https:\/\/www.relofirm.com\/#website","url":"https:\/\/www.relofirm.com\/","name":"International Relocation Firm","description":"","publisher":{"@id":"https:\/\/www.relofirm.com\/#organization"},"potentialAction":[{"@type":"SearchAction","target":{"@type":"EntryPoint","urlTemplate":"https:\/\/www.relofirm.com\/?s={search_term_string}"},"query-input":"required name=search_term_string"}],"inLanguage":"fr-FR"},{"@type":"WebPage","@id":"https:\/\/www.relofirm.com\/fr\/offshore-fonds-communs-de-placement\/#webpage","url":"https:\/\/www.relofirm.com\/fr\/offshore-fonds-communs-de-placement\/","name":"Offshore Fonds Communs de Placement - International Relocation Firm","isPartOf":{"@id":"https:\/\/www.relofirm.com\/#website"},"datePublished":"2010-09-30T05:00:00+00:00","dateModified":"2020-01-22T16:16:30+00:00","breadcrumb":{"@id":"https:\/\/www.relofirm.com\/fr\/offshore-fonds-communs-de-placement\/#breadcrumb"},"inLanguage":"fr-FR","potentialAction":[{"@type":"ReadAction","target":["https:\/\/www.relofirm.com\/fr\/offshore-fonds-communs-de-placement\/"]}]},{"@type":"BreadcrumbList","@id":"https:\/\/www.relofirm.com\/fr\/offshore-fonds-communs-de-placement\/#breadcrumb","itemListElement":[{"@type":"ListItem","position":1,"name":"Home","item":"https:\/\/www.relofirm.com\/fr\/"},{"@type":"ListItem","position":2,"name":"Offshore Fonds Communs de Placement"}]}]}},"_links":{"self":[{"href":"https:\/\/www.relofirm.com\/fr\/wp-json\/wp\/v2\/pages\/7272"}],"collection":[{"href":"https:\/\/www.relofirm.com\/fr\/wp-json\/wp\/v2\/pages"}],"about":[{"href":"https:\/\/www.relofirm.com\/fr\/wp-json\/wp\/v2\/types\/page"}],"author":[{"embeddable":true,"href":"https:\/\/www.relofirm.com\/fr\/wp-json\/wp\/v2\/users\/10"}],"replies":[{"embeddable":true,"href":"https:\/\/www.relofirm.com\/fr\/wp-json\/wp\/v2\/comments?post=7272"}],"version-history":[{"count":1,"href":"https:\/\/www.relofirm.com\/fr\/wp-json\/wp\/v2\/pages\/7272\/revisions"}],"predecessor-version":[{"id":8108,"href":"https:\/\/www.relofirm.com\/fr\/wp-json\/wp\/v2\/pages\/7272\/revisions\/8108"}],"wp:attachment":[{"href":"https:\/\/www.relofirm.com\/fr\/wp-json\/wp\/v2\/media?parent=7272"}],"curies":[{"name":"wp","href":"https:\/\/api.w.org\/{rel}","templated":true}]}}