{"id":7269,"date":"2010-09-30T00:00:00","date_gmt":"2010-09-30T05:00:00","guid":{"rendered":"https:\/\/relofirm.com\/bringing_pets_to_panama\/"},"modified":"2020-01-22T11:10:44","modified_gmt":"2020-01-22T16:10:44","slug":"amener-vos-animaux-de-compagnie-a-panama","status":"publish","type":"page","link":"https:\/\/www.relofirm.com\/fr\/amener-vos-animaux-de-compagnie-a-panama\/","title":{"rendered":"Amener vos Animaux de Compagnie \u00e0 Panama"},"content":{"rendered":"<div class=\"menu-immigration-fr-container\"><ul id=\"menu-immigration-fr\" class=\"menu\"><li id=\"menu-item-7641\" class=\"menu-item menu-item-type-post_type menu-item-object-page menu-item-has-children menu-item-7641\"><a href=\"https:\/\/www.relofirm.com\/fr\/panama-immigration-et-visas-de-residence\/\">Panama Immigration et Visas de R\u00e9sidence<\/a>\n<ul class=\"sub-menu\">\n\t<li id=\"menu-item-7438\" class=\"menu-item menu-item-type-post_type menu-item-object-page menu-item-7438\"><a href=\"https:\/\/www.relofirm.com\/fr\/panama-visa-bienvenus-nations\/\">Panama Visa Bienvenus Nations<\/a><\/li>\n\t<li id=\"menu-item-7444\" class=\"menu-item menu-item-type-post_type menu-item-object-page menu-item-7444\"><a href=\"https:\/\/www.relofirm.com\/fr\/panama-retraite-ou-pensionne-programme-visa-pensionado\/\">Programme Retrait\u00e9 ou Pensionn\u00e9<\/a><\/li>\n\t<li id=\"menu-item-7439\" class=\"menu-item menu-item-type-post_type menu-item-object-page menu-item-7439\"><a title=\"Obtain Panama legal residency and Panama citizenship with a Self Economic Solvency Visa\" href=\"https:\/\/www.relofirm.com\/fr\/auto-panama-solvabilite-visa-economique\/\">Auto Visa de Solvabilit\u00e9 \u00c9conomique<\/a><\/li>\n\t<li id=\"menu-item-7443\" class=\"menu-item menu-item-type-post_type menu-item-object-page menu-item-7443\"><a href=\"https:\/\/www.relofirm.com\/fr\/reboisement-de-panama-visa-programme-dinvestissement\/\">Visa de Reboisement<\/a><\/li>\n\t<li id=\"menu-item-7440\" class=\"menu-item menu-item-type-post_type menu-item-object-page menu-item-7440\"><a title=\"Become temporary residents of Panama by investing in farms, aquaculture, and agriculture in the Republic of Panama\" href=\"https:\/\/www.relofirm.com\/fr\/programme-de-panama-investisseurs-agricole\/\">Programme Investinord Agricole<\/a><\/li>\n\t<li id=\"menu-item-7441\" class=\"menu-item menu-item-type-post_type menu-item-object-page menu-item-7441\"><a href=\"https:\/\/www.relofirm.com\/fr\/programme-de-panama-investor-affaires\/\">Programme Investinord Affaires<\/a><\/li>\n\t<li id=\"menu-item-7442\" class=\"menu-item menu-item-type-post_type menu-item-object-page menu-item-7442\"><a href=\"https:\/\/www.relofirm.com\/fr\/programme-investisseurs-de-la-taxe-gratuit-processing-zone\/\">Investisseurs Programme de la Gratuit Taxe Processing Zone<\/a><\/li>\n\t<li id=\"menu-item-7445\" class=\"menu-item menu-item-type-post_type menu-item-object-page menu-item-7445\"><a href=\"https:\/\/www.relofirm.com\/fr\/visa-de-travail-de-la-ville-de-panama-de-la-connaissance\/\">Visa de Travail de Ville de la Connaissance<\/a><\/li>\n\t<li id=\"menu-item-7446\" class=\"menu-item menu-item-type-post_type menu-item-object-page menu-item-7446\"><a title=\"Missionary visa program allows foreign missionaries to obtain legal residency in Panama\" href=\"https:\/\/www.relofirm.com\/fr\/panama-visa-missionnaire\/\">Visa d&rsquo;Missionnaire<\/a><\/li>\n\t<li id=\"menu-item-7447\" class=\"menu-item menu-item-type-post_type menu-item-object-page menu-item-7447\"><a title=\"Student Visa program allows foreign students to obtain legal residency in Panama.\" href=\"https:\/\/www.relofirm.com\/fr\/panama-visa-detudiant\/\">Visa d&rsquo;\u00c9tudiant<\/a><\/li>\n\t<li id=\"menu-item-7448\" class=\"menu-item menu-item-type-post_type menu-item-object-page menu-item-7448\"><a href=\"https:\/\/www.relofirm.com\/fr\/panama-visa-de-entree-et-sortie-multiples\/\">Visa de Entr\u00e9e et Sortie Multiples<\/a><\/li>\n\t<li id=\"menu-item-7449\" class=\"menu-item menu-item-type-post_type menu-item-object-page menu-item-7449\"><a title=\"Tourist visa is a formal visa to enter Panama for those countries who are not allowed to come in with a simple tourist card.\" href=\"https:\/\/www.relofirm.com\/fr\/panama-visa-touriste\/\">Visa d&rsquo;Touriste<\/a><\/li>\n\t<li id=\"menu-item-7450\" class=\"menu-item menu-item-type-post_type menu-item-object-page menu-item-7450\"><a title=\"Panama maritime visas available for seamen and crew members entering Panama ports.\" href=\"https:\/\/www.relofirm.com\/fr\/maritime-du-panama-visa\/\">Marine Visa<\/a><\/li>\n\t<li id=\"menu-item-7451\" class=\"menu-item menu-item-type-post_type menu-item-object-page menu-item-7451\"><a title=\"Panama Specialist Workers Visa provides businesses that hire a foreigner as a specialist to obtain this visa.\" href=\"https:\/\/www.relofirm.com\/fr\/panama-visa-de-travailleurs-specialises\/\">Visa de Travailleurs Sp\u00e9cialis\u00e9s<\/a><\/li>\n\t<li id=\"menu-item-7452\" class=\"menu-item menu-item-type-post_type menu-item-object-page menu-item-7452\"><a href=\"https:\/\/www.relofirm.com\/fr\/panama-visa-pour-culturelles-sportives-ou-education-des-travailleurs-temporaires\/\">Visa pour Culturelles, Sportives, ou d&rsquo;\u00c9ducation des Travailleurs Temporaires<\/a><\/li>\n\t<li id=\"menu-item-7453\" class=\"menu-item menu-item-type-post_type menu-item-object-page menu-item-7453\"><a title=\"Domestic Workers Visa provides that a Panamanian national or a temporary or permanent resident that hires a foreigner to labor as a domestic worker will be able to request this visa\" href=\"https:\/\/www.relofirm.com\/fr\/panama-visa-de-travailleurs-domestiques\/\">Visa de Travailleurs Domestiques<\/a><\/li>\n\t<li id=\"menu-item-7454\" class=\"menu-item menu-item-type-post_type menu-item-object-page menu-item-7454\"><a href=\"https:\/\/www.relofirm.com\/fr\/panama-visas-de-court-sejour\/\">Visas de Court S\u00e9jour<\/a><\/li>\n\t<li id=\"menu-item-7455\" class=\"menu-item menu-item-type-post_type menu-item-object-page menu-item-7455\"><a href=\"https:\/\/www.relofirm.com\/fr\/panama-visa-pour-les-passagers-et-membres-equipage-des-navires-de-plaisance-ou-de-tourisme\/\">Visa pour les Passagers et Membres d&rsquo;\u00c9quipage des Navires de Plaisance ou de Tourisme<\/a><\/li>\n\t<li id=\"menu-item-7456\" class=\"menu-item menu-item-type-post_type menu-item-object-page menu-item-7456\"><a href=\"https:\/\/www.relofirm.com\/fr\/panama-visas-temporaires-de-residence\/\">Visas Temporaires de R\u00e9sidence<\/a><\/li>\n\t<li id=\"menu-item-7457\" class=\"menu-item menu-item-type-post_type menu-item-object-page menu-item-7457\"><a href=\"https:\/\/www.relofirm.com\/fr\/residence-temporaire-pour-des-raisons-speciales\/\">R\u00e9sidence Temporaire pour des Raisons Sp\u00e9ciales<\/a><\/li>\n\t<li id=\"menu-item-9800\" class=\"menu-item menu-item-type-post_type menu-item-object-page menu-item-9800\"><a href=\"https:\/\/www.relofirm.com\/fr\/panama-permis-temporaire-pour-raisons-humanitaires\/\">Panama Permis Temporaire pour Raisons Humanitaires<\/a><\/li>\n\t<li id=\"menu-item-7460\" class=\"menu-item menu-item-type-post_type menu-item-object-page menu-item-7460\"><a title=\"Panama created Special Policies Visas with 4 Special Policy Visas\" href=\"https:\/\/www.relofirm.com\/fr\/panama-visas-de-politiques-speciales\/\">Visas de Politiques Sp\u00e9ciales<\/a><\/li>\n\t<li id=\"menu-item-7461\" class=\"menu-item menu-item-type-post_type menu-item-object-page menu-item-7461\"><a title=\"Panama offers family regrouping visas like married to a Panamanian and dependants of permanent residents visas.\" href=\"https:\/\/www.relofirm.com\/fr\/panama-visas-de-regroupement-familial\/\">Visas de Regroupement Familial<\/a><\/li>\n\t<li id=\"menu-item-7462\" class=\"menu-item menu-item-type-post_type menu-item-object-page menu-item-7462\"><a href=\"https:\/\/www.relofirm.com\/fr\/panama-les-etrangers-sous-la-protection-de-letat-les-refugies\/\">Les \u00c9trangers sous la Protection de l&rsquo;Etat (les R\u00e9fugi\u00e9s)<\/a><\/li>\n\t<li id=\"menu-item-7463\" class=\"menu-item menu-item-type-post_type menu-item-object-page menu-item-7463\"><a href=\"https:\/\/www.relofirm.com\/fr\/changer-de-panama-statut-migratoire\/\">Changement de Statut Migratoire Proc\u00e9dures<\/a><\/li>\n\t<li id=\"menu-item-7466\" class=\"menu-item menu-item-type-post_type menu-item-object-page menu-item-7466\"><a title=\"Panama migratory control of foreigners with issuing visas.\" href=\"https:\/\/www.relofirm.com\/fr\/panama-migrateurs-controle\/\">Contr\u00f4le Migrateurs<\/a><\/li>\n\t<li id=\"menu-item-7465\" class=\"menu-item menu-item-type-post_type menu-item-object-page menu-item-7465\"><a href=\"https:\/\/www.relofirm.com\/fr\/amener-vos-animaux-de-compagnie-a-panama\/\">Animaux Immigration<\/a><\/li>\n<\/ul>\n<\/li>\n<li id=\"menu-item-7437\" class=\"menu-item menu-item-type-post_type menu-item-object-page menu-item-7437\"><a title=\"Panama law firm offering Panama immigration services including all Panama residency visas and citizenship in Panama\" href=\"https:\/\/www.relofirm.com\/fr\/panama-immigration-et-visas-de-residence\/\">Panama Immigration et Visas<\/a><\/li>\n<\/ul><\/div>\n<hr \/>\n<p>Personne ne veut laisser derri\u00e8re son animal de compagnie pr\u00e9f\u00e9r\u00e9.  Que vous planifiez d&rsquo;aller au Panama en tant que r\u00e9sident ou juste pr\u00e9voyez un long s\u00e9jour en tant que touriste, vous pouvez apporter vos animaux pr\u00e9f\u00e9r\u00e9s?.<\/p>\n<p>Oui, vous le pouvez.  Cependant, comme la plupart des pays du monde, le Panama a des r\u00e8gles strictes qui doivent \u00eatre suivies.  Panama ne voulez pas les animaux malades ou infectieuses entrer en contact avec d&rsquo;autres animaux.<\/p>\n<p>Voici un r\u00e9sum\u00e9 de l&rsquo;immigration au Panama et lois sur la sant\u00e9 et des r\u00e8glements relatifs \u00e0 des animaux domestiques.<\/p>\n<p><strong>PANAMA EXIGENCES D&rsquo;IMMIGRATION POUR ANIMAUX<\/strong><\/p>\n<p><strong>Cats &#038; Dogs \u00e0 Panama<\/strong><\/p>\n<p>1.  Certificat de vaccination fournis par votre v\u00e9t\u00e9rinaire montrant l&rsquo;animal n&rsquo;a pas la rage.  Dernier coup doit \u00eatre d&rsquo;au moins 30 jours et pas plus de 12 mois avant d&rsquo;entrer au Panama;<\/p>\n<p>2.  Certificat de sant\u00e9 a \u00e9galement fourni par votre v\u00e9t\u00e9rinaire montrant l&rsquo;animal est indemne de la maladie qui doit \u00eatre d\u00e9livr\u00e9 dans les 10 jours avant le d\u00e9part;<\/p>\n<p>3.  Certificats de sant\u00e9 et de vaccination doivent \u00eatre certifi\u00e9s par l&rsquo;USDA qui ont des bureaux partout aux \u00c9tats-Unis;<\/p>\n<p>4.  Ces Vet &#038; Certificats USDA doit alors \u00eatre authentifi\u00e9 par l&rsquo;ambassade la plus proche du Panama ou du consulat, ou apostiled par le gouvernement am\u00e9ricain ou de secr\u00e9taire d&rsquo;\u00c9tat.  Vous pouvez les envoyer au plus proche du consulat ou l&rsquo;ambassade du Panama par courrier avec une enveloppe de retour et un mandat de 30 $ pour leurs frais.<\/p>\n<p>5.  Certificat d&rsquo;origine montrant o\u00f9 l&rsquo;animal est n\u00e9;<\/p>\n<p>6.  Formulaire d&rsquo;importation termin\u00e9e (vous pouvez en obtenir un \u00e0 la Sant\u00e9 du Panama a\u00e9roport ou d\u00e9partements de quarantaine);<\/p>\n<p>7.  A\u00e9roport de Panama D\u00e9partement de la sant\u00e9 des critiques papiers et inspecte l&rsquo;animal.  Il ya un frais de 16 $ pour l&rsquo;entr\u00e9e animal de compagnie.  Les v\u00e9t\u00e9rinaires sont \u00e0 l&rsquo;a\u00e9roport uniquement en semaine 9 heures-15 heures et 19 heures-22 heures.  Si votre vol arrive sur le week-end ou pendant les heures o\u00f9 il n&rsquo;ya pas de v\u00e9t\u00e9rinaire pr\u00e9vue, vous pouvez prendre des dispositions pour avoir un v\u00e9t\u00e9rinaire venir rencontrer votre vol.  Vous devez prendre ces dispositions, soit par le minist\u00e8re de la Sant\u00e9 du Panama ou le minist\u00e8re de l&rsquo;Agriculture du Panama.  Vous serez tenus de payer un suppl\u00e9ment pour avoir le v\u00e9t\u00e9rinaire venu vous rencontrer apr\u00e8s les heures.  Si vous ne faites pas le n\u00e9cessaire pour que le v\u00e9t\u00e9rinaire de vous rencontrer une t\u00eate de temps, votre animal devra rester \u00e0 l&rsquo;a\u00e9roport jusqu&rsquo;\u00e0 un v\u00e9t\u00e9rinaire est le quart de travail.<\/p>\n<p>8.  10 $ par jour frais doivent \u00eatre pay\u00e9s si votre animal est mis en quarantaine par le D\u00e9partement de la sant\u00e9 au Panama pour 40 jours;<\/p>\n<p>9.  Accueil du Panama option de quarantaine est disponible moyennant un suppl\u00e9ment de 130 $ o\u00f9 vous promets de garder votre animal dans votre foyer pour les 40 jours requis.  Cette demande doit \u00eatre faite aupr\u00e8s du minist\u00e8re de la Sant\u00e9 du Panama au moins 14 jours avant l&rsquo;arriv\u00e9e.  La demande doit inclure la date d&rsquo;arriv\u00e9e, num\u00e9ro de vol, temps, information animal et le nom et le num\u00e9ro du passeport de l&rsquo;adulte, et la longueur des animaux de compagnie le temps restera au Panama.<\/p>\n<p>10.  Les frais 146 $ doit \u00eatre vers\u00e9e pour les frais de quarantaine pour la Banque nationale du Panama, situ\u00e9 au premier \u00e9tage de l&rsquo;a\u00e9roport international de Tocumen, 06h00-22h00<\/p>\n<p>11.  Pr\u00e9senter la r\u00e9ception de la banque et tous les autres documents pour le v\u00e9t\u00e9rinaire de l&rsquo;Panama D\u00e9partement de la quarantaine de Panama Tocumen A\u00e9roport international, afin d&rsquo;obtenir de l&rsquo;animal.<\/p>\n<hr>\n<p><strong>ANIMAUX EXOTIQUES (oiseaux, reptiles, etc)<\/strong><\/p>\n<p>1.  Certificat d&rsquo;assainissement fournis par votre v\u00e9t\u00e9rinaire;<\/p>\n<p>2.  Autorisation d&rsquo;exportation de la CITES (Convention sur le commerce international des esp\u00e8ces menac\u00e9es de faune et flore).  Votre v\u00e9t\u00e9rinaire doit vous fournir avec leur organisme appropri\u00e9 dans votre pays de contacter \u00e0 ce sujet.<\/p>\n<p>3.  Lettre de demande au Directeur Nacional de Patrimonio Nacional, Autoridad Nacional del Ambiente (ANAM).<\/p>\n<p>Num\u00e9ro de t\u00e9l\u00e9phone: + + (507) 500 &#8211; 0855.<\/p>\n<p>Cette lettre doit inclure:<\/p>\n<p>a.  Nom, Esp\u00e8ces (nom commun et scientifique), l&rsquo;\u00e2ge, d&rsquo;autres informations pertinentes. <br \/>\n\tb.  Pays exportateur de. <br \/>\n\tC.  Panama en tant que pays d&rsquo;importation. <br \/>\n\td.  Certificat de salubrit\u00e9 et de la CITES autorisation ci-joint.<\/p>\n<p>ANAM fournira une autorisation d&rsquo;importation qui doit \u00eatre envoy\u00e9 \u00e0:<\/p>\n<p>Departamento de Cuarentana Agropecuaria, <br \/>\n\tMinisterio de Desarrollo Agropecuario (MIDA)<\/p>\n<p>Leur directeur est C\u00e9sar Maure dont l&rsquo;adresse e-mail est: <a href=\"mailto:cmaure@mida.gob.pa\">cmaure@mida.gob.pa<\/a><br \/>\n\t<br \/>\n\tLeur T\u00e9l\u00e9phone # \u00e0 l&rsquo;a\u00e9roport de Tocumen + + (507) 238-4234<\/p>\n<p>Ce d\u00e9partement fournira permis d&rsquo;importation de l&rsquo;animal qui doit \u00eatre pr\u00e9sent\u00e9 \u00e0 l&rsquo;a\u00e9roport lors de votre animal arrive.  Ils d\u00e9termineront si votre animal doit \u00eatre mis en quarantaine.  Les oiseaux adultes sera normalement mis en quarantaine pendant 15 jours.<\/p>\n<p>C&rsquo;est \u00e0 ce moment vous pouvez demander l&rsquo;option de Panama quarantaine \u00e0 domicile.<\/p>\n<p><strong>Votre v\u00e9t\u00e9rinaire est votre cl\u00e9:<\/strong> Comme vous pouvez le voir, la plupart de la documentation de vos chiens et chats seront fournies par votre v\u00e9t\u00e9rinaire.  Tant que vos animaux ont \u00e9t\u00e9 correctement vaccin\u00e9s, d\u00e9sinfect\u00e9s, et lieu de naissance document\u00e9e, vous ne devriez pas rencontrer de probl\u00e8mes avec l&rsquo;immigration du Panama et de responsables de la sant\u00e9.<\/p>\n<p><strong>Animaux exotiques ont besoin de documents compl\u00e9mentaires:<\/strong> Depuis le Panama a beaucoup d&rsquo;oiseaux magnifiques et exotiques &#038; reptiles, leur protection est une priorit\u00e9 nationale.  Votre v\u00e9t\u00e9rinaire peut vous fournir un certificat sanitaire.  Obtenir l&rsquo;approbation de la CITES est votre premi\u00e8re \u00e9tape.  M\u00eame avec l&rsquo;approbation de la CITES, la permission d&rsquo;entrer repose finalement avec l&rsquo;agence Panama ANAM.<\/p>\n<p><strong>CITES:<\/strong> obtention d&rsquo;une autorisation de la CITES est la premi\u00e8re \u00e9tape critique.  Leur site Internet ( <a href=\"http:\/\/www.cites.org\/\"> http:\/\/www.cites.org\/<\/a> ) D\u00e9crit leur fonction: \u00ab\u00a0Toute importation, exportation, r\u00e9exportation ou introduction en provenance de la mer d&rsquo;esp\u00e8ces couvertes par la Convention doit \u00eatre autoris\u00e9e par un syst\u00e8me de licences.\u00a0\u00bb Il ya <strong>deux cat\u00e9gories<\/strong> d&rsquo;esp\u00e8ces en fonction du potentiel d&rsquo;extinction, qui souhaite la CITES \u00e0 prot\u00e9ger:<\/p>\n<p>1.  \u00abEsp\u00e8ces menac\u00e9es d&rsquo;extinction.  Le commerce des sp\u00e9cimens de ces esp\u00e8ces n&rsquo;est autoris\u00e9 que dans des circonstances exceptionnelles. \u00ab\u00a0<\/p>\n<p>2.  \u00abLes esp\u00e8ces pas n\u00e9cessairement menac\u00e9es d&rsquo;extinction, mais dont le commerce doit \u00eatre contr\u00f4l\u00e9 afin d&rsquo;\u00e9viter une exploitation incompatible avec leur survie.\u00a0\u00bb<\/p>\n<p>Voici les exigences de la CITES pour l&rsquo;obtention de leur approbation sur la base des deux classifications des esp\u00e8ces ci-dessus:<\/p>\n<p><strong>Esp\u00e8ces 1<\/strong><\/p>\n<p>1.  \u00abUn permis d&rsquo;importation d\u00e9livr\u00e9 par l&rsquo;organe de gestion de l&rsquo;Etat d&rsquo;importation est requise.  Ce peut \u00eatre d\u00e9livr\u00e9 que si le sp\u00e9cimen ne doit pas \u00eatre utilis\u00e9 \u00e0 des fins principalement commerciales et si l&rsquo;importation sera \u00e0 des fins qui ne sont pas pr\u00e9judiciables \u00e0 la survie de l&rsquo;esp\u00e8ce.  Dans le cas d&rsquo;un animal vivant ou des plantes, l&rsquo;autorit\u00e9 scientifique doit \u00eatre convaincu que le destinataire est convenablement \u00e9quip\u00e9 pour la maison et prendre soin de lui. \u00ab\u00a0<\/p>\n<p>2.  \u00ab\u00a0Un certificat de permis d&rsquo;exportation ou de r\u00e9exportation d\u00e9livr\u00e9 par l&rsquo;organe de gestion de l&rsquo;Etat d&rsquo;exportation ou de r\u00e9exportation est \u00e9galement requis.  Un permis d&rsquo;exportation peut \u00eatre d\u00e9livr\u00e9e que si le sp\u00e9cimen a \u00e9t\u00e9 obtenu l\u00e9galement le commerce ne sera pas pr\u00e9judiciable \u00e0 la survie de l&rsquo;esp\u00e8ce et un permis d&rsquo;importation a d\u00e9j\u00e0 \u00e9t\u00e9 d\u00e9livr\u00e9 \u00ab\u00a0Un certificat de r\u00e9exportation ne peut \u00eatre d\u00e9livr\u00e9 que si le sp\u00e9cimen a \u00e9t\u00e9. import\u00e9s conform\u00e9ment aux dispositions de la Convention et, dans le cas d&rsquo;un animal vivant ou v\u00e9g\u00e9tale, si un permis d&rsquo;importation a \u00e9t\u00e9 d\u00e9livr\u00e9e.  Dans le cas d&rsquo;un animal vivant ou des plantes, il doit \u00eatre pr\u00e9par\u00e9 et exp\u00e9di\u00e9 \u00e0 minimiser tout risque de blessures, de maladie ou de traitement cruel.<\/p>\n<p><strong>Esp\u00e8ces 2<\/strong><\/p>\n<p>1.  \u00ab\u00a0Un certificat de permis d&rsquo;exportation ou de r\u00e9exportation d\u00e9livr\u00e9 par l&rsquo;organe de gestion de l&rsquo;Etat d&rsquo;exportation ou de r\u00e9exportation est requis.  Un permis d&rsquo;exportation peut \u00eatre d\u00e9livr\u00e9e que si le sp\u00e9cimen a \u00e9t\u00e9 obtenu l\u00e9galement et si l&rsquo;exportation ne sera pas pr\u00e9judiciable \u00e0 la survie de l&rsquo;esp\u00e8ce.  Un certificat de r\u00e9exportation ne peut \u00eatre d\u00e9livr\u00e9 que si le sp\u00e9cimen a \u00e9t\u00e9 import\u00e9 en conformit\u00e9 avec la Convention.<\/p>\n<p>2.  Dans le cas d&rsquo;un animal vivant ou des plantes, il doit \u00eatre pr\u00e9par\u00e9 et exp\u00e9di\u00e9 \u00e0 minimiser tout risque de blessures, de maladie ou de traitement cruel.<\/p>\n<p>3.  Aucun permis d&rsquo;importation est n\u00e9cessaire sauf si requis par la l\u00e9gislation nationale.<\/p>\n<p>Comme vous pouvez le voir, la CITES a des r\u00e8glements stricts afin de prot\u00e9ger tous les types d&rsquo;esp\u00e8ces exotiques.  Connaissant ces exigences avant de commencer votre processus de demande seront pr\u00e9cieuses pour l&rsquo;obtention de leur autorisation.<\/p>\n<p><strong>Pour r\u00e9sumer<\/strong> cet article: Apporter des chiens et des chats au Panama est une proc\u00e9dure assez standard, aussi longtemps que votre v\u00e9t\u00e9rinaire vous fournit les documents appropri\u00e9s.  Les animaux exotiques, d&rsquo;autre part, n\u00e9cessitera l&rsquo;approbation d&rsquo;une organisation internationale et une agence panam\u00e9enne mis en place pour prot\u00e9ger son environnement naturel.<\/p>\n<hr>\n","protected":false},"excerpt":{"rendered":"<p>Personne ne veut laisser derri\u00e8re son animal de compagnie pr\u00e9f\u00e9r\u00e9. Que vous planifiez d&rsquo;aller au Panama en tant que r\u00e9sident ou juste pr\u00e9voyez un long s\u00e9jour en tant que touriste, vous pouvez apporter vos animaux pr\u00e9f\u00e9r\u00e9s?. Oui, vous le pouvez. Cependant, comme la plupart des pays du monde, le Panama a des r\u00e8gles strictes qui [&hellip;]<\/p>\n","protected":false},"author":10,"featured_media":0,"parent":0,"menu_order":0,"comment_status":"closed","ping_status":"closed","template":"","meta":{"_et_pb_use_builder":"","_et_pb_old_content":"","_et_gb_content_width":"","inline_featured_image":false},"yoast_head":"<!-- This site is optimized with the Yoast SEO plugin v18.5.1 - https:\/\/yoast.com\/wordpress\/plugins\/seo\/ -->\n<title>Amener vos Animaux de Compagnie \u00e0 Panama - International Relocation Firm<\/title>\n<meta name=\"robots\" content=\"index, follow, max-snippet:-1, max-image-preview:large, max-video-preview:-1\" \/>\n<link rel=\"canonical\" href=\"https:\/\/www.relofirm.com\/fr\/amener-vos-animaux-de-compagnie-a-panama\/\" \/>\n<meta property=\"og:locale\" content=\"fr_FR\" \/>\n<meta property=\"og:type\" content=\"article\" \/>\n<meta property=\"og:title\" content=\"Amener vos Animaux de Compagnie \u00e0 Panama - International Relocation Firm\" \/>\n<meta property=\"og:description\" content=\"Personne ne veut laisser derri\u00e8re son animal de compagnie pr\u00e9f\u00e9r\u00e9. Que vous planifiez d&rsquo;aller au Panama en tant que r\u00e9sident ou juste pr\u00e9voyez un long s\u00e9jour en tant que touriste, vous pouvez apporter vos animaux pr\u00e9f\u00e9r\u00e9s?. Oui, vous le pouvez. Cependant, comme la plupart des pays du monde, le Panama a des r\u00e8gles strictes qui [&hellip;]\" \/>\n<meta property=\"og:url\" content=\"https:\/\/www.relofirm.com\/fr\/amener-vos-animaux-de-compagnie-a-panama\/\" \/>\n<meta property=\"og:site_name\" content=\"International Relocation Firm\" \/>\n<meta property=\"article:publisher\" content=\"https:\/\/www.facebook.com\/ReloFirm\/\" \/>\n<meta property=\"article:modified_time\" content=\"2020-01-22T16:10:44+00:00\" \/>\n<meta name=\"twitter:label1\" content=\"Dur\u00e9e de lecture estim\u00e9e\" \/>\n\t<meta name=\"twitter:data1\" content=\"8 minutes\" \/>\n<!-- \/ Yoast SEO plugin. -->","yoast_head_json":{"title":"Amener vos Animaux de Compagnie \u00e0 Panama - International Relocation Firm","robots":{"index":"index","follow":"follow","max-snippet":"max-snippet:-1","max-image-preview":"max-image-preview:large","max-video-preview":"max-video-preview:-1"},"canonical":"https:\/\/www.relofirm.com\/fr\/amener-vos-animaux-de-compagnie-a-panama\/","og_locale":"fr_FR","og_type":"article","og_title":"Amener vos Animaux de Compagnie \u00e0 Panama - International Relocation Firm","og_description":"Personne ne veut laisser derri\u00e8re son animal de compagnie pr\u00e9f\u00e9r\u00e9. Que vous planifiez d&rsquo;aller au Panama en tant que r\u00e9sident ou juste pr\u00e9voyez un long s\u00e9jour en tant que touriste, vous pouvez apporter vos animaux pr\u00e9f\u00e9r\u00e9s?. Oui, vous le pouvez. Cependant, comme la plupart des pays du monde, le Panama a des r\u00e8gles strictes qui [&hellip;]","og_url":"https:\/\/www.relofirm.com\/fr\/amener-vos-animaux-de-compagnie-a-panama\/","og_site_name":"International Relocation Firm","article_publisher":"https:\/\/www.facebook.com\/ReloFirm\/","article_modified_time":"2020-01-22T16:10:44+00:00","twitter_misc":{"Dur\u00e9e de lecture estim\u00e9e":"8 minutes"},"schema":{"@context":"https:\/\/schema.org","@graph":[{"@type":"Organization","@id":"https:\/\/www.relofirm.com\/#organization","name":"International Relocation Firm","url":"https:\/\/www.relofirm.com\/","sameAs":["https:\/\/www.facebook.com\/ReloFirm\/","https:\/\/www.linkedin.com\/company\/relo-firm","https:\/\/twitter.com\/polslegal"],"logo":{"@type":"ImageObject","@id":"https:\/\/www.relofirm.com\/#logo","inLanguage":"fr-FR","url":"https:\/\/www.relofirm.com\/wp-content\/uploads\/2021\/11\/relofirm-logo.svg","contentUrl":"https:\/\/www.relofirm.com\/wp-content\/uploads\/2021\/11\/relofirm-logo.svg","width":1485,"height":516,"caption":"International Relocation Firm"},"image":{"@id":"https:\/\/www.relofirm.com\/#logo"}},{"@type":"WebSite","@id":"https:\/\/www.relofirm.com\/#website","url":"https:\/\/www.relofirm.com\/","name":"International Relocation Firm","description":"","publisher":{"@id":"https:\/\/www.relofirm.com\/#organization"},"potentialAction":[{"@type":"SearchAction","target":{"@type":"EntryPoint","urlTemplate":"https:\/\/www.relofirm.com\/?s={search_term_string}"},"query-input":"required name=search_term_string"}],"inLanguage":"fr-FR"},{"@type":"WebPage","@id":"https:\/\/www.relofirm.com\/fr\/amener-vos-animaux-de-compagnie-a-panama\/#webpage","url":"https:\/\/www.relofirm.com\/fr\/amener-vos-animaux-de-compagnie-a-panama\/","name":"Amener vos Animaux de Compagnie \u00e0 Panama - International Relocation Firm","isPartOf":{"@id":"https:\/\/www.relofirm.com\/#website"},"datePublished":"2010-09-30T05:00:00+00:00","dateModified":"2020-01-22T16:10:44+00:00","breadcrumb":{"@id":"https:\/\/www.relofirm.com\/fr\/amener-vos-animaux-de-compagnie-a-panama\/#breadcrumb"},"inLanguage":"fr-FR","potentialAction":[{"@type":"ReadAction","target":["https:\/\/www.relofirm.com\/fr\/amener-vos-animaux-de-compagnie-a-panama\/"]}]},{"@type":"BreadcrumbList","@id":"https:\/\/www.relofirm.com\/fr\/amener-vos-animaux-de-compagnie-a-panama\/#breadcrumb","itemListElement":[{"@type":"ListItem","position":1,"name":"Home","item":"https:\/\/www.relofirm.com\/fr\/"},{"@type":"ListItem","position":2,"name":"Amener vos Animaux de Compagnie \u00e0 Panama"}]}]}},"_links":{"self":[{"href":"https:\/\/www.relofirm.com\/fr\/wp-json\/wp\/v2\/pages\/7269"}],"collection":[{"href":"https:\/\/www.relofirm.com\/fr\/wp-json\/wp\/v2\/pages"}],"about":[{"href":"https:\/\/www.relofirm.com\/fr\/wp-json\/wp\/v2\/types\/page"}],"author":[{"embeddable":true,"href":"https:\/\/www.relofirm.com\/fr\/wp-json\/wp\/v2\/users\/10"}],"replies":[{"embeddable":true,"href":"https:\/\/www.relofirm.com\/fr\/wp-json\/wp\/v2\/comments?post=7269"}],"version-history":[{"count":1,"href":"https:\/\/www.relofirm.com\/fr\/wp-json\/wp\/v2\/pages\/7269\/revisions"}],"predecessor-version":[{"id":8057,"href":"https:\/\/www.relofirm.com\/fr\/wp-json\/wp\/v2\/pages\/7269\/revisions\/8057"}],"wp:attachment":[{"href":"https:\/\/www.relofirm.com\/fr\/wp-json\/wp\/v2\/media?parent=7269"}],"curies":[{"name":"wp","href":"https:\/\/api.w.org\/{rel}","templated":true}]}}