{"id":7264,"date":"2010-09-30T00:00:00","date_gmt":"2010-09-30T05:00:00","guid":{"rendered":"https:\/\/relofirm.com\/family_regrouping_visas\/"},"modified":"2020-01-22T11:22:14","modified_gmt":"2020-01-22T16:22:14","slug":"panama-visas-de-regroupement-familial","status":"publish","type":"page","link":"https:\/\/www.relofirm.com\/fr\/panama-visas-de-regroupement-familial\/","title":{"rendered":"Panama Visas de Regroupement Familial"},"content":{"rendered":"<div class=\"menu-immigration-fr-container\"><ul id=\"menu-immigration-fr\" class=\"menu\"><li id=\"menu-item-7641\" class=\"menu-item menu-item-type-post_type menu-item-object-page menu-item-has-children menu-item-7641\"><a href=\"https:\/\/www.relofirm.com\/fr\/panama-immigration-et-visas-de-residence\/\">Panama Immigration et Visas de R\u00e9sidence<\/a>\n<ul class=\"sub-menu\">\n\t<li id=\"menu-item-7438\" class=\"menu-item menu-item-type-post_type menu-item-object-page menu-item-7438\"><a href=\"https:\/\/www.relofirm.com\/fr\/panama-visa-bienvenus-nations\/\">Panama Visa Bienvenus Nations<\/a><\/li>\n\t<li id=\"menu-item-7444\" class=\"menu-item menu-item-type-post_type menu-item-object-page menu-item-7444\"><a href=\"https:\/\/www.relofirm.com\/fr\/panama-retraite-ou-pensionne-programme-visa-pensionado\/\">Programme Retrait\u00e9 ou Pensionn\u00e9<\/a><\/li>\n\t<li id=\"menu-item-7439\" class=\"menu-item menu-item-type-post_type menu-item-object-page menu-item-7439\"><a title=\"Obtain Panama legal residency and Panama citizenship with a Self Economic Solvency Visa\" href=\"https:\/\/www.relofirm.com\/fr\/auto-panama-solvabilite-visa-economique\/\">Auto Visa de Solvabilit\u00e9 \u00c9conomique<\/a><\/li>\n\t<li id=\"menu-item-7443\" class=\"menu-item menu-item-type-post_type menu-item-object-page menu-item-7443\"><a href=\"https:\/\/www.relofirm.com\/fr\/reboisement-de-panama-visa-programme-dinvestissement\/\">Visa de Reboisement<\/a><\/li>\n\t<li id=\"menu-item-7440\" class=\"menu-item menu-item-type-post_type menu-item-object-page menu-item-7440\"><a title=\"Become temporary residents of Panama by investing in farms, aquaculture, and agriculture in the Republic of Panama\" href=\"https:\/\/www.relofirm.com\/fr\/programme-de-panama-investisseurs-agricole\/\">Programme Investinord Agricole<\/a><\/li>\n\t<li id=\"menu-item-7441\" class=\"menu-item menu-item-type-post_type menu-item-object-page menu-item-7441\"><a href=\"https:\/\/www.relofirm.com\/fr\/programme-de-panama-investor-affaires\/\">Programme Investinord Affaires<\/a><\/li>\n\t<li id=\"menu-item-7442\" class=\"menu-item menu-item-type-post_type menu-item-object-page menu-item-7442\"><a href=\"https:\/\/www.relofirm.com\/fr\/programme-investisseurs-de-la-taxe-gratuit-processing-zone\/\">Investisseurs Programme de la Gratuit Taxe Processing Zone<\/a><\/li>\n\t<li id=\"menu-item-7445\" class=\"menu-item menu-item-type-post_type menu-item-object-page menu-item-7445\"><a href=\"https:\/\/www.relofirm.com\/fr\/visa-de-travail-de-la-ville-de-panama-de-la-connaissance\/\">Visa de Travail de Ville de la Connaissance<\/a><\/li>\n\t<li id=\"menu-item-7446\" class=\"menu-item menu-item-type-post_type menu-item-object-page menu-item-7446\"><a title=\"Missionary visa program allows foreign missionaries to obtain legal residency in Panama\" href=\"https:\/\/www.relofirm.com\/fr\/panama-visa-missionnaire\/\">Visa d&rsquo;Missionnaire<\/a><\/li>\n\t<li id=\"menu-item-7447\" class=\"menu-item menu-item-type-post_type menu-item-object-page menu-item-7447\"><a title=\"Student Visa program allows foreign students to obtain legal residency in Panama.\" href=\"https:\/\/www.relofirm.com\/fr\/panama-visa-detudiant\/\">Visa d&rsquo;\u00c9tudiant<\/a><\/li>\n\t<li id=\"menu-item-7448\" class=\"menu-item menu-item-type-post_type menu-item-object-page menu-item-7448\"><a href=\"https:\/\/www.relofirm.com\/fr\/panama-visa-de-entree-et-sortie-multiples\/\">Visa de Entr\u00e9e et Sortie Multiples<\/a><\/li>\n\t<li id=\"menu-item-7449\" class=\"menu-item menu-item-type-post_type menu-item-object-page menu-item-7449\"><a title=\"Tourist visa is a formal visa to enter Panama for those countries who are not allowed to come in with a simple tourist card.\" href=\"https:\/\/www.relofirm.com\/fr\/panama-visa-touriste\/\">Visa d&rsquo;Touriste<\/a><\/li>\n\t<li id=\"menu-item-7450\" class=\"menu-item menu-item-type-post_type menu-item-object-page menu-item-7450\"><a title=\"Panama maritime visas available for seamen and crew members entering Panama ports.\" href=\"https:\/\/www.relofirm.com\/fr\/maritime-du-panama-visa\/\">Marine Visa<\/a><\/li>\n\t<li id=\"menu-item-7451\" class=\"menu-item menu-item-type-post_type menu-item-object-page menu-item-7451\"><a title=\"Panama Specialist Workers Visa provides businesses that hire a foreigner as a specialist to obtain this visa.\" href=\"https:\/\/www.relofirm.com\/fr\/panama-visa-de-travailleurs-specialises\/\">Visa de Travailleurs Sp\u00e9cialis\u00e9s<\/a><\/li>\n\t<li id=\"menu-item-7452\" class=\"menu-item menu-item-type-post_type menu-item-object-page menu-item-7452\"><a href=\"https:\/\/www.relofirm.com\/fr\/panama-visa-pour-culturelles-sportives-ou-education-des-travailleurs-temporaires\/\">Visa pour Culturelles, Sportives, ou d&rsquo;\u00c9ducation des Travailleurs Temporaires<\/a><\/li>\n\t<li id=\"menu-item-7453\" class=\"menu-item menu-item-type-post_type menu-item-object-page menu-item-7453\"><a title=\"Domestic Workers Visa provides that a Panamanian national or a temporary or permanent resident that hires a foreigner to labor as a domestic worker will be able to request this visa\" href=\"https:\/\/www.relofirm.com\/fr\/panama-visa-de-travailleurs-domestiques\/\">Visa de Travailleurs Domestiques<\/a><\/li>\n\t<li id=\"menu-item-7454\" class=\"menu-item menu-item-type-post_type menu-item-object-page menu-item-7454\"><a href=\"https:\/\/www.relofirm.com\/fr\/panama-visas-de-court-sejour\/\">Visas de Court S\u00e9jour<\/a><\/li>\n\t<li id=\"menu-item-7455\" class=\"menu-item menu-item-type-post_type menu-item-object-page menu-item-7455\"><a href=\"https:\/\/www.relofirm.com\/fr\/panama-visa-pour-les-passagers-et-membres-equipage-des-navires-de-plaisance-ou-de-tourisme\/\">Visa pour les Passagers et Membres d&rsquo;\u00c9quipage des Navires de Plaisance ou de Tourisme<\/a><\/li>\n\t<li id=\"menu-item-7456\" class=\"menu-item menu-item-type-post_type menu-item-object-page menu-item-7456\"><a href=\"https:\/\/www.relofirm.com\/fr\/panama-visas-temporaires-de-residence\/\">Visas Temporaires de R\u00e9sidence<\/a><\/li>\n\t<li id=\"menu-item-7457\" class=\"menu-item menu-item-type-post_type menu-item-object-page menu-item-7457\"><a href=\"https:\/\/www.relofirm.com\/fr\/residence-temporaire-pour-des-raisons-speciales\/\">R\u00e9sidence Temporaire pour des Raisons Sp\u00e9ciales<\/a><\/li>\n\t<li id=\"menu-item-9800\" class=\"menu-item menu-item-type-post_type menu-item-object-page menu-item-9800\"><a href=\"https:\/\/www.relofirm.com\/fr\/panama-permis-temporaire-pour-raisons-humanitaires\/\">Panama Permis Temporaire pour Raisons Humanitaires<\/a><\/li>\n\t<li id=\"menu-item-7460\" class=\"menu-item menu-item-type-post_type menu-item-object-page menu-item-7460\"><a title=\"Panama created Special Policies Visas with 4 Special Policy Visas\" href=\"https:\/\/www.relofirm.com\/fr\/panama-visas-de-politiques-speciales\/\">Visas de Politiques Sp\u00e9ciales<\/a><\/li>\n\t<li id=\"menu-item-7461\" class=\"menu-item menu-item-type-post_type menu-item-object-page menu-item-7461\"><a title=\"Panama offers family regrouping visas like married to a Panamanian and dependants of permanent residents visas.\" href=\"https:\/\/www.relofirm.com\/fr\/panama-visas-de-regroupement-familial\/\">Visas de Regroupement Familial<\/a><\/li>\n\t<li id=\"menu-item-7462\" class=\"menu-item menu-item-type-post_type menu-item-object-page menu-item-7462\"><a href=\"https:\/\/www.relofirm.com\/fr\/panama-les-etrangers-sous-la-protection-de-letat-les-refugies\/\">Les \u00c9trangers sous la Protection de l&rsquo;Etat (les R\u00e9fugi\u00e9s)<\/a><\/li>\n\t<li id=\"menu-item-7463\" class=\"menu-item menu-item-type-post_type menu-item-object-page menu-item-7463\"><a href=\"https:\/\/www.relofirm.com\/fr\/changer-de-panama-statut-migratoire\/\">Changement de Statut Migratoire Proc\u00e9dures<\/a><\/li>\n\t<li id=\"menu-item-7466\" class=\"menu-item menu-item-type-post_type menu-item-object-page menu-item-7466\"><a title=\"Panama migratory control of foreigners with issuing visas.\" href=\"https:\/\/www.relofirm.com\/fr\/panama-migrateurs-controle\/\">Contr\u00f4le Migrateurs<\/a><\/li>\n\t<li id=\"menu-item-7465\" class=\"menu-item menu-item-type-post_type menu-item-object-page menu-item-7465\"><a href=\"https:\/\/www.relofirm.com\/fr\/amener-vos-animaux-de-compagnie-a-panama\/\">Animaux Immigration<\/a><\/li>\n<\/ul>\n<\/li>\n<li id=\"menu-item-7437\" class=\"menu-item menu-item-type-post_type menu-item-object-page menu-item-7437\"><a title=\"Panama law firm offering Panama immigration services including all Panama residency visas and citizenship in Panama\" href=\"https:\/\/www.relofirm.com\/fr\/panama-immigration-et-visas-de-residence\/\">Panama Immigration et Visas<\/a><\/li>\n<\/ul><\/div>\n<hr \/>\n<p>International Relocation Firm peuvent vous aider avec une demande de visa au Panama Regroupement familial.<\/p>\n<p>Le Panama offre deux visas li\u00e9e \u00e0 des familles de citoyens et des habitants du Panama.<\/p>\n<p><strong>1. MARI\u00c9 \u00c0 UN VISA PANAM\u00c9ENNE<\/strong><\/p>\n<p>Les \u00e9trangers qui ont contract\u00e9 mariage avec un panam\u00e9en et qui vivent ensemble dans des conditions de la singularit\u00e9, la stabilit\u00e9 et la continuit\u00e9 sera en mesure de demander cette Mari\u00e9 \u00e0 une carte Visa panam\u00e9enne.<\/p>\n<p>Les \u00e9trangers mari\u00e9s \u00e0 un ressortissant panam\u00e9en n&rsquo;offre pas en soi <br \/>\n\tdroit \u00e0 la r\u00e9sidence dans la R\u00e9publique du Panama.  Le Service national de l&rsquo;immigration au Panama sera capable de nier l&rsquo;entr\u00e9e ou \u00e0 la r\u00e9sidence des \u00e9trangers mari\u00e9s \u00e0 des Panam\u00e9ens, pour des raisons de fraude, l&rsquo;immoralit\u00e9, la s\u00e9curit\u00e9 publique, \u00e9conomie domestique, ou aux besoins sociaux des \u00e9trangers mari\u00e9s \u00e0 des Panam\u00e9ens.<\/p>\n<p>En plus des exigences de base \u00e9tablie \u00e0 l&rsquo;article 28 (sauf pour le paiement de la caution de rapatriement), le demandeur doit pr\u00e9senter les documents suivants:<\/p>\n<p>1.  Certificat de mariage de l&rsquo;\u00e9tat civil; si le mariage a \u00e9t\u00e9 c\u00e9l\u00e9br\u00e9 \u00e0 l&rsquo;\u00e9tranger, il doit \u00eatre correctement enregistr\u00e9es dans le registre civil;<\/p>\n<p>2.  Certificat de naissance du conjoint panam\u00e9en de l&rsquo;\u00e9tat civil;<\/p>\n<p>3.  Certificat de naissance (s) des enfants panam\u00e9ens le cas \u00e9ch\u00e9ant;<\/p>\n<p>4.  Les photocopies de la carte d&rsquo;identit\u00e9 personnelle du conjoint panam\u00e9en authentifi\u00e9 dans l&rsquo;\u00e9tat civil;<\/p>\n<p>5.  Permis de travail et une copie de la carte de permis de travail du demandeur;<\/p>\n<p>6.  Dans le cas des retrait\u00e9s ou des retrait\u00e9s, ils doivent le prouver par une lettre de la retraite.  Si elles sont conformes, ils sont exempt\u00e9s de l&rsquo;exigence pr\u00e9c\u00e9dente;<\/p>\n<p>7.  Preuve de sources de revenus pour l&rsquo;spousel panam\u00e9enne (lettre de travail, dossiers d&rsquo;assurance, lettre bancaire, ou propre d\u00e9claration de revenus ou de son conjoint panam\u00e9en avec accus\u00e9 de r\u00e9ception du paiement);<\/p>\n<p>8.  Lettre de la responsabilit\u00e9 de l&rsquo;\u00e9pouse du Panama;<\/p>\n<p>9.  Entretien conjugal qui sera r\u00e9alis\u00e9 par le personnel appropri\u00e9 de l&rsquo;unit\u00e9 disciplinaire, selon une date et heure attribu\u00e9 lors de la pr\u00e9sentation de la demande.  Dans le cas o\u00f9 ils ne sont pas en mesure d&rsquo;assister \u00e0 cette date et l&rsquo;heure des excuses devraient \u00eatre pr\u00e9sent\u00e9es concernant plus de retards dans les trois (3) jours ouvrables apr\u00e8s la date;<\/p>\n<p>10.  La constance de r\u00e9sidence, pour lequel ils peuvent pr\u00e9senter: copie des services publics, contrat de location, titre de propri\u00e9t\u00e9 ou de tout document autre que le montre le domicile conjugal.<\/p>\n<p>Remarque: Le Service national du Panama de l&rsquo;immigration quand ils le jugent convenable sera en mesure de visiter la maison.<\/p>\n<p>Apr\u00e8s deux (2) ans de l&rsquo;autorisation temporaire provisoire a pass\u00e9, l&rsquo;\u00e9tranger sera en mesure de demander la r\u00e9sidence permanente, se conformer aux exigences mentionn\u00e9es dans l&rsquo;article pr\u00e9c\u00e9dent et doit soumettre le document suivant:<\/p>\n<p>1.  National Paz y Salvo du demandeur.<\/p>\n<p><strong>Nota: Les<\/strong> candidats qui ont \u00e9t\u00e9 veufs ou divorc\u00e9s ont pendant la dur\u00e9e de leur autorisation provisoire et d&rsquo;avoir des enfants pendant le mariage sera en mesure d&rsquo;opter pour la r\u00e9sidence permanente.  Dans le premier cas, il doit pr\u00e9senter un certificat de d\u00e9c\u00e8s de son conjoint et dans le second cas, il devrait contribuer certificat de dissolution du mariage et les certificats de naissance des enfants qu&rsquo;il avait dans le mariage.  Cela ne suffit pas \u00e0 garantir ou obligent le Service national de l&rsquo;immigration au Panama pour offrir le maintien du requ\u00e9rant.<\/p>\n<hr>\n<p><strong>2. CHARGE DE PANAMA R\u00c9SIDENTS VISA<\/strong><\/p>\n<p>Les conjoints \u00e9trangers, les enfants de moins de dix-huit (18) ans, membres de la famille avec un handicap, et les parents \u00e0 charge d&rsquo;un r\u00e9sident provisoire de deux (2) ans, r\u00e9sident permanent ou nationales seront en mesure de demander cette charge de Panama r\u00e9sidents Visa.  Les enfants plus \u00e2g\u00e9s de dix-huit (18) ans et moins de vingt-cinq (25) ans pourront \u00eatre demand\u00e9s comme personnes \u00e0 charge, \u00e0 condition qu&rsquo;ils \u00e9tudient \u00e0 temps plein et ils se trouvent sous la d\u00e9pendance \u00e9conomique des r\u00e9sidents ou nationaux.  Le r\u00e9sident ou nationales qui montre la tutelle ou la relation \u00e0 une personne de moins seront en mesure de leur demander que leurs d\u00e9pendants.<\/p>\n<p>En plus des exigences de base \u00e9tablie \u00e0 l&rsquo;article 28 du d\u00e9cret-loi, le demandeur doit pr\u00e9senter les documents suivants:<\/p>\n<p>1.  Lettre de la responsabilit\u00e9 du r\u00e9sident ou nationale;<\/p>\n<p>2.  La constance de la relation: Certificat de mariage du conjoint ou d&rsquo;un certificat de naissance de l&rsquo;enfant ou la constance judiciaire de la tutelle, comme \u00eatre le cas;<\/p>\n<p>3.  Le demandeur d&rsquo;\u00e2ge l\u00e9gal et moins de vingt-cinq (25) ans doivent contribuer:<\/p>\n<p>a.  Certification d&rsquo;un centre \u00e9ducatif qui accr\u00e9ditent leur condition \u00e9tudiante \u00e0 temps plein et de forme r\u00e9guli\u00e8re; <br \/>\n\tb.  Certificat du statut unique;<\/p>\n<p>4.  Preuve que les chiffres de r\u00e9sidence sur la solvabilit\u00e9 \u00e9conomique suffisante.  Les r\u00e9sidents peuvent prouver la solvabilit\u00e9 dans l&rsquo;une des formes suivantes:<\/p>\n<p>a.  Des copies de la d\u00e9claration d&rsquo;imp\u00f4t, avec ses Paz y salve et cela devrait se conformer \u00e0 la revenu minimum de mille dollars (1000 $) par mois, plus de cent dollars (100 $) suppl\u00e9mentaires pour chaque personne \u00e0 charge; <br \/>\n\tb.  Lettre de travailler sur le fichier avec le CSS et la copie du permis de travail; <br \/>\n\tC.  Lettre de r\u00e9f\u00e9rence bancaire indiquant le solde de quatre chiffres moyens.<\/p>\n<p>Pour demander la continuation de cette charge de Panama r\u00e9sidents de visa, le demandeur doit pr\u00e9senter les exigences mentionn\u00e9es dans les chiffres d\u00e9crits dans l&rsquo;article pr\u00e9c\u00e9dent.<\/p>\n<hr>\n<p>Si vous \u00eates int\u00e9ress\u00e9 \u00e0 d\u00e9m\u00e9nager au Panama, ou d&rsquo;obtenir une r\u00e9sidence l\u00e9gale au Panama, s&rsquo;il vous pla\u00eet nous contacter pour une consultation personnelle avec le International Relocation Firm.<\/p>\n<hr>\n","protected":false},"excerpt":{"rendered":"<p>International Relocation Firm peuvent vous aider avec une demande de visa au Panama Regroupement familial. Le Panama offre deux visas li\u00e9e \u00e0 des familles de citoyens et des habitants du Panama. 1. MARI\u00c9 \u00c0 UN VISA PANAM\u00c9ENNE Les \u00e9trangers qui ont contract\u00e9 mariage avec un panam\u00e9en et qui vivent ensemble dans des conditions de la [&hellip;]<\/p>\n","protected":false},"author":10,"featured_media":0,"parent":0,"menu_order":0,"comment_status":"closed","ping_status":"closed","template":"","meta":{"_et_pb_use_builder":"","_et_pb_old_content":"","_et_gb_content_width":"","inline_featured_image":false},"yoast_head":"<!-- This site is optimized with the Yoast SEO plugin v18.5.1 - https:\/\/yoast.com\/wordpress\/plugins\/seo\/ -->\n<title>Panama Visas de Regroupement Familial - International Relocation Firm<\/title>\n<meta name=\"robots\" content=\"index, follow, max-snippet:-1, max-image-preview:large, max-video-preview:-1\" \/>\n<link rel=\"canonical\" href=\"https:\/\/www.relofirm.com\/fr\/panama-visas-de-regroupement-familial\/\" \/>\n<meta property=\"og:locale\" content=\"fr_FR\" \/>\n<meta property=\"og:type\" content=\"article\" \/>\n<meta property=\"og:title\" content=\"Panama Visas de Regroupement Familial - International Relocation Firm\" \/>\n<meta property=\"og:description\" content=\"International Relocation Firm peuvent vous aider avec une demande de visa au Panama Regroupement familial. Le Panama offre deux visas li\u00e9e \u00e0 des familles de citoyens et des habitants du Panama. 1. MARI\u00c9 \u00c0 UN VISA PANAM\u00c9ENNE Les \u00e9trangers qui ont contract\u00e9 mariage avec un panam\u00e9en et qui vivent ensemble dans des conditions de la [&hellip;]\" \/>\n<meta property=\"og:url\" content=\"https:\/\/www.relofirm.com\/fr\/panama-visas-de-regroupement-familial\/\" \/>\n<meta property=\"og:site_name\" content=\"International Relocation Firm\" \/>\n<meta property=\"article:publisher\" content=\"https:\/\/www.facebook.com\/ReloFirm\/\" \/>\n<meta property=\"article:modified_time\" content=\"2020-01-22T16:22:14+00:00\" \/>\n<meta name=\"twitter:label1\" content=\"Dur\u00e9e de lecture estim\u00e9e\" \/>\n\t<meta name=\"twitter:data1\" content=\"5 minutes\" \/>\n<!-- \/ Yoast SEO plugin. -->","yoast_head_json":{"title":"Panama Visas de Regroupement Familial - International Relocation Firm","robots":{"index":"index","follow":"follow","max-snippet":"max-snippet:-1","max-image-preview":"max-image-preview:large","max-video-preview":"max-video-preview:-1"},"canonical":"https:\/\/www.relofirm.com\/fr\/panama-visas-de-regroupement-familial\/","og_locale":"fr_FR","og_type":"article","og_title":"Panama Visas de Regroupement Familial - International Relocation Firm","og_description":"International Relocation Firm peuvent vous aider avec une demande de visa au Panama Regroupement familial. Le Panama offre deux visas li\u00e9e \u00e0 des familles de citoyens et des habitants du Panama. 1. MARI\u00c9 \u00c0 UN VISA PANAM\u00c9ENNE Les \u00e9trangers qui ont contract\u00e9 mariage avec un panam\u00e9en et qui vivent ensemble dans des conditions de la [&hellip;]","og_url":"https:\/\/www.relofirm.com\/fr\/panama-visas-de-regroupement-familial\/","og_site_name":"International Relocation Firm","article_publisher":"https:\/\/www.facebook.com\/ReloFirm\/","article_modified_time":"2020-01-22T16:22:14+00:00","twitter_misc":{"Dur\u00e9e de lecture estim\u00e9e":"5 minutes"},"schema":{"@context":"https:\/\/schema.org","@graph":[{"@type":"Organization","@id":"https:\/\/www.relofirm.com\/#organization","name":"International Relocation Firm","url":"https:\/\/www.relofirm.com\/","sameAs":["https:\/\/www.facebook.com\/ReloFirm\/","https:\/\/www.linkedin.com\/company\/relo-firm","https:\/\/twitter.com\/polslegal"],"logo":{"@type":"ImageObject","@id":"https:\/\/www.relofirm.com\/#logo","inLanguage":"fr-FR","url":"https:\/\/www.relofirm.com\/wp-content\/uploads\/2021\/11\/relofirm-logo.svg","contentUrl":"https:\/\/www.relofirm.com\/wp-content\/uploads\/2021\/11\/relofirm-logo.svg","width":1485,"height":516,"caption":"International Relocation Firm"},"image":{"@id":"https:\/\/www.relofirm.com\/#logo"}},{"@type":"WebSite","@id":"https:\/\/www.relofirm.com\/#website","url":"https:\/\/www.relofirm.com\/","name":"International Relocation Firm","description":"","publisher":{"@id":"https:\/\/www.relofirm.com\/#organization"},"potentialAction":[{"@type":"SearchAction","target":{"@type":"EntryPoint","urlTemplate":"https:\/\/www.relofirm.com\/?s={search_term_string}"},"query-input":"required name=search_term_string"}],"inLanguage":"fr-FR"},{"@type":"WebPage","@id":"https:\/\/www.relofirm.com\/fr\/panama-visas-de-regroupement-familial\/#webpage","url":"https:\/\/www.relofirm.com\/fr\/panama-visas-de-regroupement-familial\/","name":"Panama Visas de Regroupement Familial - International Relocation Firm","isPartOf":{"@id":"https:\/\/www.relofirm.com\/#website"},"datePublished":"2010-09-30T05:00:00+00:00","dateModified":"2020-01-22T16:22:14+00:00","breadcrumb":{"@id":"https:\/\/www.relofirm.com\/fr\/panama-visas-de-regroupement-familial\/#breadcrumb"},"inLanguage":"fr-FR","potentialAction":[{"@type":"ReadAction","target":["https:\/\/www.relofirm.com\/fr\/panama-visas-de-regroupement-familial\/"]}]},{"@type":"BreadcrumbList","@id":"https:\/\/www.relofirm.com\/fr\/panama-visas-de-regroupement-familial\/#breadcrumb","itemListElement":[{"@type":"ListItem","position":1,"name":"Home","item":"https:\/\/www.relofirm.com\/fr\/"},{"@type":"ListItem","position":2,"name":"Panama Visas de Regroupement Familial"}]}]}},"_links":{"self":[{"href":"https:\/\/www.relofirm.com\/fr\/wp-json\/wp\/v2\/pages\/7264"}],"collection":[{"href":"https:\/\/www.relofirm.com\/fr\/wp-json\/wp\/v2\/pages"}],"about":[{"href":"https:\/\/www.relofirm.com\/fr\/wp-json\/wp\/v2\/types\/page"}],"author":[{"embeddable":true,"href":"https:\/\/www.relofirm.com\/fr\/wp-json\/wp\/v2\/users\/10"}],"replies":[{"embeddable":true,"href":"https:\/\/www.relofirm.com\/fr\/wp-json\/wp\/v2\/comments?post=7264"}],"version-history":[{"count":1,"href":"https:\/\/www.relofirm.com\/fr\/wp-json\/wp\/v2\/pages\/7264\/revisions"}],"predecessor-version":[{"id":8126,"href":"https:\/\/www.relofirm.com\/fr\/wp-json\/wp\/v2\/pages\/7264\/revisions\/8126"}],"wp:attachment":[{"href":"https:\/\/www.relofirm.com\/fr\/wp-json\/wp\/v2\/media?parent=7264"}],"curies":[{"name":"wp","href":"https:\/\/api.w.org\/{rel}","templated":true}]}}