{"id":7263,"date":"2010-09-30T00:00:00","date_gmt":"2010-09-30T05:00:00","guid":{"rendered":"https:\/\/relofirm.com\/special_policies_visas\/"},"modified":"2020-01-22T11:22:10","modified_gmt":"2020-01-22T16:22:10","slug":"panama-visas-de-politiques-speciales","status":"publish","type":"page","link":"https:\/\/www.relofirm.com\/fr\/panama-visas-de-politiques-speciales\/","title":{"rendered":"Panama Visas de Politiques Sp\u00e9ciales"},"content":{"rendered":"<div class=\"menu-immigration-fr-container\"><ul id=\"menu-immigration-fr\" class=\"menu\"><li id=\"menu-item-7641\" class=\"menu-item menu-item-type-post_type menu-item-object-page menu-item-has-children menu-item-7641\"><a href=\"https:\/\/www.relofirm.com\/fr\/panama-immigration-et-visas-de-residence\/\">Panama Immigration et Visas de R\u00e9sidence<\/a>\n<ul class=\"sub-menu\">\n\t<li id=\"menu-item-7438\" class=\"menu-item menu-item-type-post_type menu-item-object-page menu-item-7438\"><a href=\"https:\/\/www.relofirm.com\/fr\/panama-visa-bienvenus-nations\/\">Panama Visa Bienvenus Nations<\/a><\/li>\n\t<li id=\"menu-item-7444\" class=\"menu-item menu-item-type-post_type menu-item-object-page menu-item-7444\"><a href=\"https:\/\/www.relofirm.com\/fr\/panama-retraite-ou-pensionne-programme-visa-pensionado\/\">Programme Retrait\u00e9 ou Pensionn\u00e9<\/a><\/li>\n\t<li id=\"menu-item-7439\" class=\"menu-item menu-item-type-post_type menu-item-object-page menu-item-7439\"><a title=\"Obtain Panama legal residency and Panama citizenship with a Self Economic Solvency Visa\" href=\"https:\/\/www.relofirm.com\/fr\/auto-panama-solvabilite-visa-economique\/\">Auto Visa de Solvabilit\u00e9 \u00c9conomique<\/a><\/li>\n\t<li id=\"menu-item-7443\" class=\"menu-item menu-item-type-post_type menu-item-object-page menu-item-7443\"><a href=\"https:\/\/www.relofirm.com\/fr\/reboisement-de-panama-visa-programme-dinvestissement\/\">Visa de Reboisement<\/a><\/li>\n\t<li id=\"menu-item-7440\" class=\"menu-item menu-item-type-post_type menu-item-object-page menu-item-7440\"><a title=\"Become temporary residents of Panama by investing in farms, aquaculture, and agriculture in the Republic of Panama\" href=\"https:\/\/www.relofirm.com\/fr\/programme-de-panama-investisseurs-agricole\/\">Programme Investinord Agricole<\/a><\/li>\n\t<li id=\"menu-item-7441\" class=\"menu-item menu-item-type-post_type menu-item-object-page menu-item-7441\"><a href=\"https:\/\/www.relofirm.com\/fr\/programme-de-panama-investor-affaires\/\">Programme Investinord Affaires<\/a><\/li>\n\t<li id=\"menu-item-7442\" class=\"menu-item menu-item-type-post_type menu-item-object-page menu-item-7442\"><a href=\"https:\/\/www.relofirm.com\/fr\/programme-investisseurs-de-la-taxe-gratuit-processing-zone\/\">Investisseurs Programme de la Gratuit Taxe Processing Zone<\/a><\/li>\n\t<li id=\"menu-item-7445\" class=\"menu-item menu-item-type-post_type menu-item-object-page menu-item-7445\"><a href=\"https:\/\/www.relofirm.com\/fr\/visa-de-travail-de-la-ville-de-panama-de-la-connaissance\/\">Visa de Travail de Ville de la Connaissance<\/a><\/li>\n\t<li id=\"menu-item-7446\" class=\"menu-item menu-item-type-post_type menu-item-object-page menu-item-7446\"><a title=\"Missionary visa program allows foreign missionaries to obtain legal residency in Panama\" href=\"https:\/\/www.relofirm.com\/fr\/panama-visa-missionnaire\/\">Visa d&rsquo;Missionnaire<\/a><\/li>\n\t<li id=\"menu-item-7447\" class=\"menu-item menu-item-type-post_type menu-item-object-page menu-item-7447\"><a title=\"Student Visa program allows foreign students to obtain legal residency in Panama.\" href=\"https:\/\/www.relofirm.com\/fr\/panama-visa-detudiant\/\">Visa d&rsquo;\u00c9tudiant<\/a><\/li>\n\t<li id=\"menu-item-7448\" class=\"menu-item menu-item-type-post_type menu-item-object-page menu-item-7448\"><a href=\"https:\/\/www.relofirm.com\/fr\/panama-visa-de-entree-et-sortie-multiples\/\">Visa de Entr\u00e9e et Sortie Multiples<\/a><\/li>\n\t<li id=\"menu-item-7449\" class=\"menu-item menu-item-type-post_type menu-item-object-page menu-item-7449\"><a title=\"Tourist visa is a formal visa to enter Panama for those countries who are not allowed to come in with a simple tourist card.\" href=\"https:\/\/www.relofirm.com\/fr\/panama-visa-touriste\/\">Visa d&rsquo;Touriste<\/a><\/li>\n\t<li id=\"menu-item-7450\" class=\"menu-item menu-item-type-post_type menu-item-object-page menu-item-7450\"><a title=\"Panama maritime visas available for seamen and crew members entering Panama ports.\" href=\"https:\/\/www.relofirm.com\/fr\/maritime-du-panama-visa\/\">Marine Visa<\/a><\/li>\n\t<li id=\"menu-item-7451\" class=\"menu-item menu-item-type-post_type menu-item-object-page menu-item-7451\"><a title=\"Panama Specialist Workers Visa provides businesses that hire a foreigner as a specialist to obtain this visa.\" href=\"https:\/\/www.relofirm.com\/fr\/panama-visa-de-travailleurs-specialises\/\">Visa de Travailleurs Sp\u00e9cialis\u00e9s<\/a><\/li>\n\t<li id=\"menu-item-7452\" class=\"menu-item menu-item-type-post_type menu-item-object-page menu-item-7452\"><a href=\"https:\/\/www.relofirm.com\/fr\/panama-visa-pour-culturelles-sportives-ou-education-des-travailleurs-temporaires\/\">Visa pour Culturelles, Sportives, ou d&rsquo;\u00c9ducation des Travailleurs Temporaires<\/a><\/li>\n\t<li id=\"menu-item-7453\" class=\"menu-item menu-item-type-post_type menu-item-object-page menu-item-7453\"><a title=\"Domestic Workers Visa provides that a Panamanian national or a temporary or permanent resident that hires a foreigner to labor as a domestic worker will be able to request this visa\" href=\"https:\/\/www.relofirm.com\/fr\/panama-visa-de-travailleurs-domestiques\/\">Visa de Travailleurs Domestiques<\/a><\/li>\n\t<li id=\"menu-item-7454\" class=\"menu-item menu-item-type-post_type menu-item-object-page menu-item-7454\"><a href=\"https:\/\/www.relofirm.com\/fr\/panama-visas-de-court-sejour\/\">Visas de Court S\u00e9jour<\/a><\/li>\n\t<li id=\"menu-item-7455\" class=\"menu-item menu-item-type-post_type menu-item-object-page menu-item-7455\"><a href=\"https:\/\/www.relofirm.com\/fr\/panama-visa-pour-les-passagers-et-membres-equipage-des-navires-de-plaisance-ou-de-tourisme\/\">Visa pour les Passagers et Membres d&rsquo;\u00c9quipage des Navires de Plaisance ou de Tourisme<\/a><\/li>\n\t<li id=\"menu-item-7456\" class=\"menu-item menu-item-type-post_type menu-item-object-page menu-item-7456\"><a href=\"https:\/\/www.relofirm.com\/fr\/panama-visas-temporaires-de-residence\/\">Visas Temporaires de R\u00e9sidence<\/a><\/li>\n\t<li id=\"menu-item-7457\" class=\"menu-item menu-item-type-post_type menu-item-object-page menu-item-7457\"><a href=\"https:\/\/www.relofirm.com\/fr\/residence-temporaire-pour-des-raisons-speciales\/\">R\u00e9sidence Temporaire pour des Raisons Sp\u00e9ciales<\/a><\/li>\n\t<li id=\"menu-item-9800\" class=\"menu-item menu-item-type-post_type menu-item-object-page menu-item-9800\"><a href=\"https:\/\/www.relofirm.com\/fr\/panama-permis-temporaire-pour-raisons-humanitaires\/\">Panama Permis Temporaire pour Raisons Humanitaires<\/a><\/li>\n\t<li id=\"menu-item-7460\" class=\"menu-item menu-item-type-post_type menu-item-object-page menu-item-7460\"><a title=\"Panama created Special Policies Visas with 4 Special Policy Visas\" href=\"https:\/\/www.relofirm.com\/fr\/panama-visas-de-politiques-speciales\/\">Visas de Politiques Sp\u00e9ciales<\/a><\/li>\n\t<li id=\"menu-item-7461\" class=\"menu-item menu-item-type-post_type menu-item-object-page menu-item-7461\"><a title=\"Panama offers family regrouping visas like married to a Panamanian and dependants of permanent residents visas.\" href=\"https:\/\/www.relofirm.com\/fr\/panama-visas-de-regroupement-familial\/\">Visas de Regroupement Familial<\/a><\/li>\n\t<li id=\"menu-item-7462\" class=\"menu-item menu-item-type-post_type menu-item-object-page menu-item-7462\"><a href=\"https:\/\/www.relofirm.com\/fr\/panama-les-etrangers-sous-la-protection-de-letat-les-refugies\/\">Les \u00c9trangers sous la Protection de l&rsquo;Etat (les R\u00e9fugi\u00e9s)<\/a><\/li>\n\t<li id=\"menu-item-7463\" class=\"menu-item menu-item-type-post_type menu-item-object-page menu-item-7463\"><a href=\"https:\/\/www.relofirm.com\/fr\/changer-de-panama-statut-migratoire\/\">Changement de Statut Migratoire Proc\u00e9dures<\/a><\/li>\n\t<li id=\"menu-item-7466\" class=\"menu-item menu-item-type-post_type menu-item-object-page menu-item-7466\"><a title=\"Panama migratory control of foreigners with issuing visas.\" href=\"https:\/\/www.relofirm.com\/fr\/panama-migrateurs-controle\/\">Contr\u00f4le Migrateurs<\/a><\/li>\n\t<li id=\"menu-item-7465\" class=\"menu-item menu-item-type-post_type menu-item-object-page menu-item-7465\"><a href=\"https:\/\/www.relofirm.com\/fr\/amener-vos-animaux-de-compagnie-a-panama\/\">Animaux Immigration<\/a><\/li>\n<\/ul>\n<\/li>\n<li id=\"menu-item-7437\" class=\"menu-item menu-item-type-post_type menu-item-object-page menu-item-7437\"><a title=\"Panama law firm offering Panama immigration services including all Panama residency visas and citizenship in Panama\" href=\"https:\/\/www.relofirm.com\/fr\/panama-immigration-et-visas-de-residence\/\">Panama Immigration et Visas<\/a><\/li>\n<\/ul><\/div>\n<hr \/>\n<p>International Relocation Firm peuvent hlp vous demande de visa au Panama politiques sp\u00e9ciales.<\/p>\n<p><strong>Panama a cr\u00e9\u00e9 quatre sp\u00e9ciales Visas Politiques:<\/strong><\/p>\n<p><strong>1. Investisseur dans le PANAMA-PACIFICO zone \u00e9conomique sp\u00e9ciale<\/strong><\/p>\n<p>Les \u00e9trangers qui effectuent un investissement minimum de Panama du deux cent cinquante mille dollars ($ 250,000) en capital \u00e0 risque dans une entreprise de la zone de Panama-Pacifico \u00e9conomique sera en mesure de demander le visa au Panama politiques sp\u00e9ciales.<\/p>\n<p>En plus des exigences de base \u00e9tablie \u00e0 l&rsquo;article 28 du d\u00e9cret-loi, le demandeur doit pr\u00e9senter les documents suivants:<\/p>\n<p>1.  La certification par l&rsquo;Agence sp\u00e9ciale Panama-Pacifico v\u00e9rifier:<\/p>\n<p>a.  L&rsquo;existence de l&rsquo;entreprise et sa localisation; <br \/>\n\tb.  C&rsquo;est salve Paz y avec l&rsquo;Agence; <br \/>\n\tC.  Que l&rsquo;entreprise est autoris\u00e9e par la loi n 41 de 2004;<\/p>\n<p>2.  La certification du tr\u00e9sorier ou du secr\u00e9taire de l&rsquo;entreprise de v\u00e9rifier la propri\u00e9t\u00e9 de la part nominatives en faveur de l&rsquo;\u00e9tranger et qu&rsquo;ils sont libres et complets;<\/p>\n<p>3.  Certification envoy\u00e9 par le CPA de l&rsquo;entreprise de la zone de Panama-Pacifico \u00e9conomique dans lequel le total investi dans l&rsquo;entreprise par le demandeur est d\u00e9taill\u00e9e et que le capital est demandeur propres;<\/p>\n<p>4.  Des copies des certificats d&rsquo;actions \u00e9mis en faveur du requ\u00e9rant;<\/p>\n<p>5.  National Paz y salve de revenus en faveur du requ\u00e9rant;<\/p>\n<p>6.  Des copies certifi\u00e9es de la forme de la CSS de l&rsquo;entreprise avec un minimum de trois (3) employ\u00e9s Panam\u00e9ens, gagnant au moins le salaire minimum fix\u00e9 par la loi en fonction de la r\u00e9gion;<\/p>\n<p>7.  Paz y Salvo de la CSS, si l&rsquo;entreprise a \u00e9t\u00e9 ouverte plus de deux mois;<\/p>\n<p>8.  Lettre bancaire qui montre les fonds investis par la tige \u00e9tranger de l&rsquo;ext\u00e9rieur du pays.<\/p>\n<p>9.  Preuve de l&rsquo;investissement montr\u00e9 au moyen d&rsquo;au moins deux (2) des documents suivants:<\/p>\n<p>a.  Des copies du contrat d\u00fbment enregistr\u00e9 de vente ou contrat de location de l&rsquo;immobilier o\u00f9 l&rsquo;entreprise op\u00e8re ou a son si\u00e8ge social. <br \/>\n\tb.  Facture commerciale des frais engag\u00e9s par l&rsquo;investisseur dans l&rsquo;entreprise accompagn\u00e9e de l&rsquo;inventaire d\u00e9taill\u00e9 effectu\u00e9 par le comptable agr\u00e9\u00e9 (CPA).. <br \/>\n\tC.  D\u00e9clarations en douane des marchandises import\u00e9es au nom de l&rsquo;entreprise ou de l&rsquo;investisseur.<\/p>\n<p>10.  Des copies de la r\u00e9solution de l&rsquo;inscription de l&rsquo;entreprise dans le Registre des entreprises de la r\u00e9gion de Panama-Pacifico.<\/p>\n<p>Pour demander des extensions, outre les exigences mentionn\u00e9es dans les chiffres d\u00e9crits dans l&rsquo;article pr\u00e9c\u00e9dent, le demandeur doit pr\u00e9senter:<\/p>\n<p>1.  National Paz y Salvo des revenus de l&rsquo;entreprise et du candidat. <br \/>\n\t<strong><br \/>\n\t2. INVESTISSEURS PANAMA dans un robot culinaire POUR zones d&rsquo;exportation<\/strong><\/p>\n<p>Les \u00e9trangers investissent une somme minimum de deux cent cinquante mille dollars ($ 250,000) dans une entreprise d\u00fbment autoris\u00e9e, comme une soci\u00e9t\u00e9 de promotion immobili\u00e8re ou l&rsquo;exploitant d&rsquo;un processeur de nourriture pour la zone franche ou dans des entreprises \u00e9tablies \u00e0 l&rsquo;int\u00e9rieur de ces zones, conform\u00e9ment \u00e0 la loi 25 de 1992 sera \u00eatre en mesure de demander le visa au Panama politiques sp\u00e9ciales.<\/p>\n<p>En plus des exigences de base \u00e9tablie \u00e0 l&rsquo;article 28 du d\u00e9cret-loi, le demandeur doit pr\u00e9senter les documents suivants:<\/p>\n<p>1.  Certification de l&rsquo;investissement au Panama par la Direction Nationale de la Promotion de l&rsquo;Exportation du D\u00e9partement de Commerce et d&rsquo;Industries;<\/p>\n<p>2.  Certification par le d\u00e9veloppeur accr\u00e9diter la n\u00e9cessit\u00e9 de l&rsquo;autorisation, selon une \u00e9tude pr\u00e9sent\u00e9e par cette entreprise;<\/p>\n<p>3.  Banking lettre o\u00f9 l&rsquo;origine des fonds est sp\u00e9cifi\u00e9.<\/p>\n<p>Pour demander des extensions, outre les exigences mentionn\u00e9es dans l&rsquo;article pr\u00e9c\u00e9dent, le demandeur doit pr\u00e9senter:<\/p>\n<p>1.  National Paz y salve de l&rsquo;entreprise et du candidat. <br \/>\n\t<strong><br \/>\n\t3. CENTRE D&rsquo;APPELS DE PANAMA POUR INVESTISSEURS UTILISATION COMMERCIALE<\/strong><\/p>\n<p>Les \u00e9trangers qui investissent dans des entreprises dont l&rsquo;activit\u00e9 offre des services de centres d&rsquo;appels au Panama pour une utilisation commerciale sera en mesure de demander ce visa sp\u00e9cial du Panama politiques.  Tout comme le d\u00e9cret ex\u00e9cutif 97 de 2002, ils seront semblables et ils doivent se conformer aux m\u00eames exigences de l&rsquo;Autorisations de r\u00e9sidents permanents de l&rsquo;transformateurs d&rsquo;aliments pour les zones d&rsquo;exportation.<\/p>\n<p>En plus des exigences de base \u00e9tablie \u00e0 l&rsquo;article 28 du d\u00e9cret-loi, le demandeur doit apporter les documents suivants:<\/p>\n<p>1.  Certification sur l&rsquo;investissement au Panama, envoy\u00e9 par la Direction Nationale de la Promotion de l&rsquo;Exportation du D\u00e9partement de Commerce et d&rsquo;Industries;<\/p>\n<p>2.  Certification envoy\u00e9 par l&rsquo;Autorit\u00e9 de l&rsquo;accr\u00e9ditation des services publics que l&rsquo;entreprise est autoris\u00e9e et est actuellement le service de pr\u00eat d&rsquo;un centre d&rsquo;appels;<\/p>\n<p>3.  Banking lettre o\u00f9 l&rsquo;origine des fonds est sp\u00e9cifi\u00e9.<\/p>\n<p>Pour demander des extensions, outre les exigences mentionn\u00e9es dans l&rsquo;article pr\u00e9c\u00e9dent, le demandeur doit pr\u00e9senter:<\/p>\n<p>1.  National Paz y salve de revenus en faveur de l&rsquo;entreprise et du candidat. <br \/>\n\t<strong><br \/>\n\t4. INVESTISSEURS DU PANAMA industrie cin\u00e9matographique et audiovisuelle<\/strong><\/p>\n<p>Les \u00e9trangers qui investissent dans l&rsquo;industrie cin\u00e9matographique d&rsquo;un minimum de cent cinquante mille dollars (150 000 $) sera en mesure de demander ce visa sp\u00e9cial du Panama politiques.<\/p>\n<p>En plus des exigences de base \u00e9tablie \u00e0 l&rsquo;article 28 du d\u00e9cret-loi, le demandeur doit pr\u00e9senter les documents suivants:<\/p>\n<p>1.  Certification du Bureau technique de la secr\u00e9taire de la Commission du Film du Panama, qui v\u00e9rifie:<\/p>\n<p>a.  L&rsquo;existence de l&rsquo;entreprise et sa localisation; <br \/>\n\tb.  Que l&rsquo;entreprise est autoris\u00e9e en vertu de l&rsquo;\u00e9tat sp\u00e9cial cr\u00e9\u00e9 par la loi no 36 de 2007;<\/p>\n<p>2.  Lettre bancaire a contr\u00f4l\u00e9 que les fonds du demandeur \u00e9tranger investisseur au Panama proviennent de l&rsquo;ext\u00e9rieur du pays.<\/p>\n<p>3.  Preuve de l&rsquo;investissement au Panama, repr\u00e9sent\u00e9e au moyen d&rsquo;au moins deux (2) des documents suivants:<\/p>\n<p>a.  Des copies du contrat d\u00fbment enregistr\u00e9 de vente ou contrat de location de l&rsquo;immobilier o\u00f9 l&rsquo;entreprise op\u00e8re ou a son si\u00e8ge social; <br \/>\n\tb.  Facture commerciale des frais engag\u00e9s par l&rsquo;investisseur au Panama dans les affaires accompagn\u00e9 d&rsquo;un inventaire d\u00e9taill\u00e9 effectu\u00e9 par le comptable agr\u00e9\u00e9 (CPA); <br \/>\n\tC.  D\u00e9clarations en douane des marchandises import\u00e9es sous le nom de l&rsquo;entreprise ou de l&rsquo;investisseur au Panama.<\/p>\n<p>Pour demander des extensions, outre les exigences mentionn\u00e9es dans les chiffres de l&rsquo;article pr\u00e9c\u00e9dent, le demandeur doit pr\u00e9senter:<\/p>\n<p>1.  National Paz y salve de revenus en faveur de l&rsquo;entreprise et du candidat.<\/p>\n<hr>\n<p>Si vous \u00eates int\u00e9ress\u00e9 \u00e0 d\u00e9m\u00e9nager au Panama, ou d&rsquo;obtenir une r\u00e9sidence l\u00e9gale au Panama, s&rsquo;il vous pla\u00eet nous contacter pour une consultation personnelle avec le International Relocation Firm.<\/p>\n<hr>\n","protected":false},"excerpt":{"rendered":"<p>International Relocation Firm peuvent hlp vous demande de visa au Panama politiques sp\u00e9ciales. Panama a cr\u00e9\u00e9 quatre sp\u00e9ciales Visas Politiques: 1. Investisseur dans le PANAMA-PACIFICO zone \u00e9conomique sp\u00e9ciale Les \u00e9trangers qui effectuent un investissement minimum de Panama du deux cent cinquante mille dollars ($ 250,000) en capital \u00e0 risque dans une entreprise de la zone [&hellip;]<\/p>\n","protected":false},"author":10,"featured_media":0,"parent":0,"menu_order":0,"comment_status":"closed","ping_status":"closed","template":"","meta":{"_et_pb_use_builder":"","_et_pb_old_content":"","_et_gb_content_width":"","inline_featured_image":false},"yoast_head":"<!-- This site is optimized with the Yoast SEO plugin v18.5.1 - https:\/\/yoast.com\/wordpress\/plugins\/seo\/ -->\n<title>Panama Visas de Politiques Sp\u00e9ciales - International Relocation Firm<\/title>\n<meta name=\"robots\" content=\"index, follow, max-snippet:-1, max-image-preview:large, max-video-preview:-1\" \/>\n<link rel=\"canonical\" href=\"https:\/\/www.relofirm.com\/fr\/panama-visas-de-politiques-speciales\/\" \/>\n<meta property=\"og:locale\" content=\"fr_FR\" \/>\n<meta property=\"og:type\" content=\"article\" \/>\n<meta property=\"og:title\" content=\"Panama Visas de Politiques Sp\u00e9ciales - International Relocation Firm\" \/>\n<meta property=\"og:description\" content=\"International Relocation Firm peuvent hlp vous demande de visa au Panama politiques sp\u00e9ciales. Panama a cr\u00e9\u00e9 quatre sp\u00e9ciales Visas Politiques: 1. Investisseur dans le PANAMA-PACIFICO zone \u00e9conomique sp\u00e9ciale Les \u00e9trangers qui effectuent un investissement minimum de Panama du deux cent cinquante mille dollars ($ 250,000) en capital \u00e0 risque dans une entreprise de la zone [&hellip;]\" \/>\n<meta property=\"og:url\" content=\"https:\/\/www.relofirm.com\/fr\/panama-visas-de-politiques-speciales\/\" \/>\n<meta property=\"og:site_name\" content=\"International Relocation Firm\" \/>\n<meta property=\"article:publisher\" content=\"https:\/\/www.facebook.com\/ReloFirm\/\" \/>\n<meta property=\"article:modified_time\" content=\"2020-01-22T16:22:10+00:00\" \/>\n<meta name=\"twitter:label1\" content=\"Dur\u00e9e de lecture estim\u00e9e\" \/>\n\t<meta name=\"twitter:data1\" content=\"5 minutes\" \/>\n<!-- \/ Yoast SEO plugin. -->","yoast_head_json":{"title":"Panama Visas de Politiques Sp\u00e9ciales - International Relocation Firm","robots":{"index":"index","follow":"follow","max-snippet":"max-snippet:-1","max-image-preview":"max-image-preview:large","max-video-preview":"max-video-preview:-1"},"canonical":"https:\/\/www.relofirm.com\/fr\/panama-visas-de-politiques-speciales\/","og_locale":"fr_FR","og_type":"article","og_title":"Panama Visas de Politiques Sp\u00e9ciales - International Relocation Firm","og_description":"International Relocation Firm peuvent hlp vous demande de visa au Panama politiques sp\u00e9ciales. Panama a cr\u00e9\u00e9 quatre sp\u00e9ciales Visas Politiques: 1. Investisseur dans le PANAMA-PACIFICO zone \u00e9conomique sp\u00e9ciale Les \u00e9trangers qui effectuent un investissement minimum de Panama du deux cent cinquante mille dollars ($ 250,000) en capital \u00e0 risque dans une entreprise de la zone [&hellip;]","og_url":"https:\/\/www.relofirm.com\/fr\/panama-visas-de-politiques-speciales\/","og_site_name":"International Relocation Firm","article_publisher":"https:\/\/www.facebook.com\/ReloFirm\/","article_modified_time":"2020-01-22T16:22:10+00:00","twitter_misc":{"Dur\u00e9e de lecture estim\u00e9e":"5 minutes"},"schema":{"@context":"https:\/\/schema.org","@graph":[{"@type":"Organization","@id":"https:\/\/www.relofirm.com\/#organization","name":"International Relocation Firm","url":"https:\/\/www.relofirm.com\/","sameAs":["https:\/\/www.facebook.com\/ReloFirm\/","https:\/\/www.linkedin.com\/company\/relo-firm","https:\/\/twitter.com\/polslegal"],"logo":{"@type":"ImageObject","@id":"https:\/\/www.relofirm.com\/#logo","inLanguage":"fr-FR","url":"https:\/\/www.relofirm.com\/wp-content\/uploads\/2021\/11\/relofirm-logo.svg","contentUrl":"https:\/\/www.relofirm.com\/wp-content\/uploads\/2021\/11\/relofirm-logo.svg","width":1485,"height":516,"caption":"International Relocation Firm"},"image":{"@id":"https:\/\/www.relofirm.com\/#logo"}},{"@type":"WebSite","@id":"https:\/\/www.relofirm.com\/#website","url":"https:\/\/www.relofirm.com\/","name":"International Relocation Firm","description":"","publisher":{"@id":"https:\/\/www.relofirm.com\/#organization"},"potentialAction":[{"@type":"SearchAction","target":{"@type":"EntryPoint","urlTemplate":"https:\/\/www.relofirm.com\/?s={search_term_string}"},"query-input":"required name=search_term_string"}],"inLanguage":"fr-FR"},{"@type":"WebPage","@id":"https:\/\/www.relofirm.com\/fr\/panama-visas-de-politiques-speciales\/#webpage","url":"https:\/\/www.relofirm.com\/fr\/panama-visas-de-politiques-speciales\/","name":"Panama Visas de Politiques Sp\u00e9ciales - International Relocation Firm","isPartOf":{"@id":"https:\/\/www.relofirm.com\/#website"},"datePublished":"2010-09-30T05:00:00+00:00","dateModified":"2020-01-22T16:22:10+00:00","breadcrumb":{"@id":"https:\/\/www.relofirm.com\/fr\/panama-visas-de-politiques-speciales\/#breadcrumb"},"inLanguage":"fr-FR","potentialAction":[{"@type":"ReadAction","target":["https:\/\/www.relofirm.com\/fr\/panama-visas-de-politiques-speciales\/"]}]},{"@type":"BreadcrumbList","@id":"https:\/\/www.relofirm.com\/fr\/panama-visas-de-politiques-speciales\/#breadcrumb","itemListElement":[{"@type":"ListItem","position":1,"name":"Home","item":"https:\/\/www.relofirm.com\/fr\/"},{"@type":"ListItem","position":2,"name":"Panama Visas de Politiques Sp\u00e9ciales"}]}]}},"_links":{"self":[{"href":"https:\/\/www.relofirm.com\/fr\/wp-json\/wp\/v2\/pages\/7263"}],"collection":[{"href":"https:\/\/www.relofirm.com\/fr\/wp-json\/wp\/v2\/pages"}],"about":[{"href":"https:\/\/www.relofirm.com\/fr\/wp-json\/wp\/v2\/types\/page"}],"author":[{"embeddable":true,"href":"https:\/\/www.relofirm.com\/fr\/wp-json\/wp\/v2\/users\/10"}],"replies":[{"embeddable":true,"href":"https:\/\/www.relofirm.com\/fr\/wp-json\/wp\/v2\/comments?post=7263"}],"version-history":[{"count":1,"href":"https:\/\/www.relofirm.com\/fr\/wp-json\/wp\/v2\/pages\/7263\/revisions"}],"predecessor-version":[{"id":8125,"href":"https:\/\/www.relofirm.com\/fr\/wp-json\/wp\/v2\/pages\/7263\/revisions\/8125"}],"wp:attachment":[{"href":"https:\/\/www.relofirm.com\/fr\/wp-json\/wp\/v2\/media?parent=7263"}],"curies":[{"name":"wp","href":"https:\/\/api.w.org\/{rel}","templated":true}]}}