{"id":7262,"date":"2010-09-30T00:00:00","date_gmt":"2010-09-30T05:00:00","guid":{"rendered":"https:\/\/relofirm.com\/temporary_permissions_humanitarian_reasons\/"},"modified":"2020-01-22T11:21:55","modified_gmt":"2020-01-22T16:21:55","slug":"panama-permis-temporaire-pour-raisons-humanitaires","status":"publish","type":"page","link":"https:\/\/www.relofirm.com\/fr\/panama-permis-temporaire-pour-raisons-humanitaires\/","title":{"rendered":"Panama Permis Temporaire pour Raisons Humanitaires"},"content":{"rendered":"<div class=\"menu-immigration-fr-container\"><ul id=\"menu-immigration-fr\" class=\"menu\"><li id=\"menu-item-7641\" class=\"menu-item menu-item-type-post_type menu-item-object-page menu-item-has-children menu-item-7641\"><a href=\"https:\/\/www.relofirm.com\/fr\/panama-immigration-et-visas-de-residence\/\">Panama Immigration et Visas de R\u00e9sidence<\/a>\n<ul class=\"sub-menu\">\n\t<li id=\"menu-item-7438\" class=\"menu-item menu-item-type-post_type menu-item-object-page menu-item-7438\"><a href=\"https:\/\/www.relofirm.com\/fr\/panama-visa-bienvenus-nations\/\">Panama Visa Bienvenus Nations<\/a><\/li>\n\t<li id=\"menu-item-7444\" class=\"menu-item menu-item-type-post_type menu-item-object-page menu-item-7444\"><a href=\"https:\/\/www.relofirm.com\/fr\/panama-retraite-ou-pensionne-programme-visa-pensionado\/\">Programme Retrait\u00e9 ou Pensionn\u00e9<\/a><\/li>\n\t<li id=\"menu-item-7439\" class=\"menu-item menu-item-type-post_type menu-item-object-page menu-item-7439\"><a title=\"Obtain Panama legal residency and Panama citizenship with a Self Economic Solvency Visa\" href=\"https:\/\/www.relofirm.com\/fr\/auto-panama-solvabilite-visa-economique\/\">Auto Visa de Solvabilit\u00e9 \u00c9conomique<\/a><\/li>\n\t<li id=\"menu-item-7443\" class=\"menu-item menu-item-type-post_type menu-item-object-page menu-item-7443\"><a href=\"https:\/\/www.relofirm.com\/fr\/reboisement-de-panama-visa-programme-dinvestissement\/\">Visa de Reboisement<\/a><\/li>\n\t<li id=\"menu-item-7440\" class=\"menu-item menu-item-type-post_type menu-item-object-page menu-item-7440\"><a title=\"Become temporary residents of Panama by investing in farms, aquaculture, and agriculture in the Republic of Panama\" href=\"https:\/\/www.relofirm.com\/fr\/programme-de-panama-investisseurs-agricole\/\">Programme Investinord Agricole<\/a><\/li>\n\t<li id=\"menu-item-7441\" class=\"menu-item menu-item-type-post_type menu-item-object-page menu-item-7441\"><a href=\"https:\/\/www.relofirm.com\/fr\/programme-de-panama-investor-affaires\/\">Programme Investinord Affaires<\/a><\/li>\n\t<li id=\"menu-item-7442\" class=\"menu-item menu-item-type-post_type menu-item-object-page menu-item-7442\"><a href=\"https:\/\/www.relofirm.com\/fr\/programme-investisseurs-de-la-taxe-gratuit-processing-zone\/\">Investisseurs Programme de la Gratuit Taxe Processing Zone<\/a><\/li>\n\t<li id=\"menu-item-7445\" class=\"menu-item menu-item-type-post_type menu-item-object-page menu-item-7445\"><a href=\"https:\/\/www.relofirm.com\/fr\/visa-de-travail-de-la-ville-de-panama-de-la-connaissance\/\">Visa de Travail de Ville de la Connaissance<\/a><\/li>\n\t<li id=\"menu-item-7446\" class=\"menu-item menu-item-type-post_type menu-item-object-page menu-item-7446\"><a title=\"Missionary visa program allows foreign missionaries to obtain legal residency in Panama\" href=\"https:\/\/www.relofirm.com\/fr\/panama-visa-missionnaire\/\">Visa d&rsquo;Missionnaire<\/a><\/li>\n\t<li id=\"menu-item-7447\" class=\"menu-item menu-item-type-post_type menu-item-object-page menu-item-7447\"><a title=\"Student Visa program allows foreign students to obtain legal residency in Panama.\" href=\"https:\/\/www.relofirm.com\/fr\/panama-visa-detudiant\/\">Visa d&rsquo;\u00c9tudiant<\/a><\/li>\n\t<li id=\"menu-item-7448\" class=\"menu-item menu-item-type-post_type menu-item-object-page menu-item-7448\"><a href=\"https:\/\/www.relofirm.com\/fr\/panama-visa-de-entree-et-sortie-multiples\/\">Visa de Entr\u00e9e et Sortie Multiples<\/a><\/li>\n\t<li id=\"menu-item-7449\" class=\"menu-item menu-item-type-post_type menu-item-object-page menu-item-7449\"><a title=\"Tourist visa is a formal visa to enter Panama for those countries who are not allowed to come in with a simple tourist card.\" href=\"https:\/\/www.relofirm.com\/fr\/panama-visa-touriste\/\">Visa d&rsquo;Touriste<\/a><\/li>\n\t<li id=\"menu-item-7450\" class=\"menu-item menu-item-type-post_type menu-item-object-page menu-item-7450\"><a title=\"Panama maritime visas available for seamen and crew members entering Panama ports.\" href=\"https:\/\/www.relofirm.com\/fr\/maritime-du-panama-visa\/\">Marine Visa<\/a><\/li>\n\t<li id=\"menu-item-7451\" class=\"menu-item menu-item-type-post_type menu-item-object-page menu-item-7451\"><a title=\"Panama Specialist Workers Visa provides businesses that hire a foreigner as a specialist to obtain this visa.\" href=\"https:\/\/www.relofirm.com\/fr\/panama-visa-de-travailleurs-specialises\/\">Visa de Travailleurs Sp\u00e9cialis\u00e9s<\/a><\/li>\n\t<li id=\"menu-item-7452\" class=\"menu-item menu-item-type-post_type menu-item-object-page menu-item-7452\"><a href=\"https:\/\/www.relofirm.com\/fr\/panama-visa-pour-culturelles-sportives-ou-education-des-travailleurs-temporaires\/\">Visa pour Culturelles, Sportives, ou d&rsquo;\u00c9ducation des Travailleurs Temporaires<\/a><\/li>\n\t<li id=\"menu-item-7453\" class=\"menu-item menu-item-type-post_type menu-item-object-page menu-item-7453\"><a title=\"Domestic Workers Visa provides that a Panamanian national or a temporary or permanent resident that hires a foreigner to labor as a domestic worker will be able to request this visa\" href=\"https:\/\/www.relofirm.com\/fr\/panama-visa-de-travailleurs-domestiques\/\">Visa de Travailleurs Domestiques<\/a><\/li>\n\t<li id=\"menu-item-7454\" class=\"menu-item menu-item-type-post_type menu-item-object-page menu-item-7454\"><a href=\"https:\/\/www.relofirm.com\/fr\/panama-visas-de-court-sejour\/\">Visas de Court S\u00e9jour<\/a><\/li>\n\t<li id=\"menu-item-7455\" class=\"menu-item menu-item-type-post_type menu-item-object-page menu-item-7455\"><a href=\"https:\/\/www.relofirm.com\/fr\/panama-visa-pour-les-passagers-et-membres-equipage-des-navires-de-plaisance-ou-de-tourisme\/\">Visa pour les Passagers et Membres d&rsquo;\u00c9quipage des Navires de Plaisance ou de Tourisme<\/a><\/li>\n\t<li id=\"menu-item-7456\" class=\"menu-item menu-item-type-post_type menu-item-object-page menu-item-7456\"><a href=\"https:\/\/www.relofirm.com\/fr\/panama-visas-temporaires-de-residence\/\">Visas Temporaires de R\u00e9sidence<\/a><\/li>\n\t<li id=\"menu-item-7457\" class=\"menu-item menu-item-type-post_type menu-item-object-page menu-item-7457\"><a href=\"https:\/\/www.relofirm.com\/fr\/residence-temporaire-pour-des-raisons-speciales\/\">R\u00e9sidence Temporaire pour des Raisons Sp\u00e9ciales<\/a><\/li>\n\t<li id=\"menu-item-9800\" class=\"menu-item menu-item-type-post_type menu-item-object-page menu-item-9800\"><a href=\"https:\/\/www.relofirm.com\/fr\/panama-permis-temporaire-pour-raisons-humanitaires\/\">Panama Permis Temporaire pour Raisons Humanitaires<\/a><\/li>\n\t<li id=\"menu-item-7460\" class=\"menu-item menu-item-type-post_type menu-item-object-page menu-item-7460\"><a title=\"Panama created Special Policies Visas with 4 Special Policy Visas\" href=\"https:\/\/www.relofirm.com\/fr\/panama-visas-de-politiques-speciales\/\">Visas de Politiques Sp\u00e9ciales<\/a><\/li>\n\t<li id=\"menu-item-7461\" class=\"menu-item menu-item-type-post_type menu-item-object-page menu-item-7461\"><a title=\"Panama offers family regrouping visas like married to a Panamanian and dependants of permanent residents visas.\" href=\"https:\/\/www.relofirm.com\/fr\/panama-visas-de-regroupement-familial\/\">Visas de Regroupement Familial<\/a><\/li>\n\t<li id=\"menu-item-7462\" class=\"menu-item menu-item-type-post_type menu-item-object-page menu-item-7462\"><a href=\"https:\/\/www.relofirm.com\/fr\/panama-les-etrangers-sous-la-protection-de-letat-les-refugies\/\">Les \u00c9trangers sous la Protection de l&rsquo;Etat (les R\u00e9fugi\u00e9s)<\/a><\/li>\n\t<li id=\"menu-item-7463\" class=\"menu-item menu-item-type-post_type menu-item-object-page menu-item-7463\"><a href=\"https:\/\/www.relofirm.com\/fr\/changer-de-panama-statut-migratoire\/\">Changement de Statut Migratoire Proc\u00e9dures<\/a><\/li>\n\t<li id=\"menu-item-7466\" class=\"menu-item menu-item-type-post_type menu-item-object-page menu-item-7466\"><a title=\"Panama migratory control of foreigners with issuing visas.\" href=\"https:\/\/www.relofirm.com\/fr\/panama-migrateurs-controle\/\">Contr\u00f4le Migrateurs<\/a><\/li>\n\t<li id=\"menu-item-7465\" class=\"menu-item menu-item-type-post_type menu-item-object-page menu-item-7465\"><a href=\"https:\/\/www.relofirm.com\/fr\/amener-vos-animaux-de-compagnie-a-panama\/\">Animaux Immigration<\/a><\/li>\n<\/ul>\n<\/li>\n<li id=\"menu-item-7437\" class=\"menu-item menu-item-type-post_type menu-item-object-page menu-item-7437\"><a title=\"Panama law firm offering Panama immigration services including all Panama residency visas and citizenship in Panama\" href=\"https:\/\/www.relofirm.com\/fr\/panama-immigration-et-visas-de-residence\/\">Panama Immigration et Visas<\/a><\/li>\n<\/ul><\/div>\n<hr \/>\n<p>International Relocation Firm seront en mesure de vous aider \u00e0 obtenir un permis de Panama temporaire pour raisons humanitaires.<\/p>\n<p>Le directeur g\u00e9n\u00e9ral du Service national de l&rsquo;immigration pour des raisons exceptionnelles et humaine sera en mesure d&rsquo;autoriser le s\u00e9jour temporaire ou de retour volontaire des \u00e9trangers.  Avec ce but, les conditions de l&rsquo;\u00e9tranger seront \u00e9valu\u00e9s tels que:<\/p>\n<p>1.  Leur temps de s\u00e9jour dans le pays;<\/p>\n<p>2.  Ils sont entr\u00e9s dans le territoire national par des moyens l\u00e9gaux de migration;<\/p>\n<p>3.  Ils n&rsquo;ont pas enfreint aucune loi panam\u00e9enne sur le territoire et ont un casier judiciaire vierge;<\/p>\n<p>4.  Physique et \/ ou des conditions mentales;<\/p>\n<p>5.  Leur situation socio-\u00e9conomique;<\/p>\n<p>6.  Leur statut juridique;<\/p>\n<p>7.  Si elles ont des enfants ou un conjoint panam\u00e9enne.<\/p>\n<p><strong>Remarque:<\/strong> Le Panama permis temporaire pour raisons humanitaires ne s&rsquo;applique pas \u00e0 la cat\u00e9gorie des \u00e9trangers sous le titre III, chapitre V du d\u00e9cret-loi.<\/p>\n<hr>\n<p><strong>Les raisons suivantes humaine pour l&rsquo;\u00e9tranger seront \u00e9valu\u00e9s:<\/strong><\/p>\n<p>1.  Ils souffrent d&rsquo;une maladie ou un handicap qui n\u00e9cessite des soins m\u00e9dicaux et emp\u00eache leur retour dans leur pays d&rsquo;origine ou de r\u00e9sidence;<\/p>\n<p>2.  Ils souffrent d&rsquo;une incapacit\u00e9 permanente;<\/p>\n<p>3.  \u00catre plus de 85 ans et en montrant qu&rsquo;ils ne peuvent pas \u00eatre laiss\u00e9s dans un \u00e9tat d&rsquo;abandon;<\/p>\n<p>4.  Ils sont trouv\u00e9s dans des conditions de pauvret\u00e9 notoire (pauvret\u00e9 extr\u00eame) et ont plus de cinq (5) ans r\u00e9sidant au Panama;<\/p>\n<p>5.  \u00catre une personne de moins qui souffre un certain degr\u00e9 de handicap, et manque de papiers d&rsquo;identit\u00e9 ou dans une situation d&rsquo;abandon.<\/p>\n<hr>\n<p><strong>Le demandeur doit pr\u00e9senter les documents suivants:<\/strong><\/p>\n<p>1.  D&rsquo;application qui sp\u00e9cifie les donn\u00e9es compl\u00e8tes g\u00e9n\u00e9rale de l&rsquo;\u00e9tranger, et leurs motivations \u00e0 \u00eatre consid\u00e9r\u00e9 pour ce permis;<\/p>\n<p>2.  ID, sauf pour l&rsquo;\u00e2ge en manque de papiers d&rsquo;identit\u00e9;<\/p>\n<p>3.  Document qui v\u00e9rifie o\u00f9 ils r\u00e9sident;<\/p>\n<p>4.  Des copies du passeport;<\/p>\n<p>5.  Certificat m\u00e9dical<\/p>\n<p>L&rsquo;\u00e9tranger sera en mesure de prolonger le permis de Panama temporaire pour raisons humanitaires, tandis que l&rsquo;\u00e9quipe \u00e9value disciplinaires et v\u00e9rifie la demande.  Apr\u00e8s v\u00e9rification de l&rsquo;\u00e9tat, un rapport technique sera envoy\u00e9e au directeur g\u00e9n\u00e9ral, afin qu&rsquo;il puisse soumettre son opinion.  Si elle est approuv\u00e9e, le demandeur sera en mesure d&rsquo;\u00e9tendre le permis de Panama temporaire pour raisons humanitaires qui ne seront pas des ann\u00e9es plus de six (6) ou d&rsquo;autoriser leur retour volontaire dans leur pays d&rsquo;origine ou le lieu d&rsquo;origine.<\/p>\n<hr>\n<p>Si vous \u00eates int\u00e9ress\u00e9 \u00e0 d\u00e9m\u00e9nager au Panama, ou d&rsquo;obtenir une r\u00e9sidence l\u00e9gale au Panama, s&rsquo;il vous pla\u00eet nous contacter pour une consultation personnelle avec le International Relocation Firm.<\/p>\n<hr>\n","protected":false},"excerpt":{"rendered":"<p>International Relocation Firm seront en mesure de vous aider \u00e0 obtenir un permis de Panama temporaire pour raisons humanitaires. Le directeur g\u00e9n\u00e9ral du Service national de l&rsquo;immigration pour des raisons exceptionnelles et humaine sera en mesure d&rsquo;autoriser le s\u00e9jour temporaire ou de retour volontaire des \u00e9trangers. Avec ce but, les conditions de l&rsquo;\u00e9tranger seront \u00e9valu\u00e9s [&hellip;]<\/p>\n","protected":false},"author":10,"featured_media":0,"parent":0,"menu_order":0,"comment_status":"closed","ping_status":"closed","template":"","meta":{"_et_pb_use_builder":"","_et_pb_old_content":"","_et_gb_content_width":"","inline_featured_image":false},"yoast_head":"<!-- This site is optimized with the Yoast SEO plugin v18.5.1 - https:\/\/yoast.com\/wordpress\/plugins\/seo\/ -->\n<title>Panama Permis Temporaire pour Raisons Humanitaires - International Relocation Firm<\/title>\n<meta name=\"robots\" content=\"index, follow, max-snippet:-1, max-image-preview:large, max-video-preview:-1\" \/>\n<link rel=\"canonical\" href=\"https:\/\/www.relofirm.com\/fr\/panama-permis-temporaire-pour-raisons-humanitaires\/\" \/>\n<meta property=\"og:locale\" content=\"fr_FR\" \/>\n<meta property=\"og:type\" content=\"article\" \/>\n<meta property=\"og:title\" content=\"Panama Permis Temporaire pour Raisons Humanitaires - International Relocation Firm\" \/>\n<meta property=\"og:description\" content=\"International Relocation Firm seront en mesure de vous aider \u00e0 obtenir un permis de Panama temporaire pour raisons humanitaires. Le directeur g\u00e9n\u00e9ral du Service national de l&rsquo;immigration pour des raisons exceptionnelles et humaine sera en mesure d&rsquo;autoriser le s\u00e9jour temporaire ou de retour volontaire des \u00e9trangers. Avec ce but, les conditions de l&rsquo;\u00e9tranger seront \u00e9valu\u00e9s [&hellip;]\" \/>\n<meta property=\"og:url\" content=\"https:\/\/www.relofirm.com\/fr\/panama-permis-temporaire-pour-raisons-humanitaires\/\" \/>\n<meta property=\"og:site_name\" content=\"International Relocation Firm\" \/>\n<meta property=\"article:publisher\" content=\"https:\/\/www.facebook.com\/ReloFirm\/\" \/>\n<meta property=\"article:modified_time\" content=\"2020-01-22T16:21:55+00:00\" \/>\n<meta name=\"twitter:label1\" content=\"Dur\u00e9e de lecture estim\u00e9e\" \/>\n\t<meta name=\"twitter:data1\" content=\"2 minutes\" \/>\n<!-- \/ Yoast SEO plugin. -->","yoast_head_json":{"title":"Panama Permis Temporaire pour Raisons Humanitaires - International Relocation Firm","robots":{"index":"index","follow":"follow","max-snippet":"max-snippet:-1","max-image-preview":"max-image-preview:large","max-video-preview":"max-video-preview:-1"},"canonical":"https:\/\/www.relofirm.com\/fr\/panama-permis-temporaire-pour-raisons-humanitaires\/","og_locale":"fr_FR","og_type":"article","og_title":"Panama Permis Temporaire pour Raisons Humanitaires - International Relocation Firm","og_description":"International Relocation Firm seront en mesure de vous aider \u00e0 obtenir un permis de Panama temporaire pour raisons humanitaires. Le directeur g\u00e9n\u00e9ral du Service national de l&rsquo;immigration pour des raisons exceptionnelles et humaine sera en mesure d&rsquo;autoriser le s\u00e9jour temporaire ou de retour volontaire des \u00e9trangers. Avec ce but, les conditions de l&rsquo;\u00e9tranger seront \u00e9valu\u00e9s [&hellip;]","og_url":"https:\/\/www.relofirm.com\/fr\/panama-permis-temporaire-pour-raisons-humanitaires\/","og_site_name":"International Relocation Firm","article_publisher":"https:\/\/www.facebook.com\/ReloFirm\/","article_modified_time":"2020-01-22T16:21:55+00:00","twitter_misc":{"Dur\u00e9e de lecture estim\u00e9e":"2 minutes"},"schema":{"@context":"https:\/\/schema.org","@graph":[{"@type":"Organization","@id":"https:\/\/www.relofirm.com\/#organization","name":"International Relocation Firm","url":"https:\/\/www.relofirm.com\/","sameAs":["https:\/\/www.facebook.com\/ReloFirm\/","https:\/\/www.linkedin.com\/company\/relo-firm","https:\/\/twitter.com\/polslegal"],"logo":{"@type":"ImageObject","@id":"https:\/\/www.relofirm.com\/#logo","inLanguage":"fr-FR","url":"https:\/\/www.relofirm.com\/wp-content\/uploads\/2021\/11\/relofirm-logo.svg","contentUrl":"https:\/\/www.relofirm.com\/wp-content\/uploads\/2021\/11\/relofirm-logo.svg","width":1485,"height":516,"caption":"International Relocation Firm"},"image":{"@id":"https:\/\/www.relofirm.com\/#logo"}},{"@type":"WebSite","@id":"https:\/\/www.relofirm.com\/#website","url":"https:\/\/www.relofirm.com\/","name":"International Relocation Firm","description":"","publisher":{"@id":"https:\/\/www.relofirm.com\/#organization"},"potentialAction":[{"@type":"SearchAction","target":{"@type":"EntryPoint","urlTemplate":"https:\/\/www.relofirm.com\/?s={search_term_string}"},"query-input":"required name=search_term_string"}],"inLanguage":"fr-FR"},{"@type":"WebPage","@id":"https:\/\/www.relofirm.com\/fr\/panama-permis-temporaire-pour-raisons-humanitaires\/#webpage","url":"https:\/\/www.relofirm.com\/fr\/panama-permis-temporaire-pour-raisons-humanitaires\/","name":"Panama Permis Temporaire pour Raisons Humanitaires - International Relocation Firm","isPartOf":{"@id":"https:\/\/www.relofirm.com\/#website"},"datePublished":"2010-09-30T05:00:00+00:00","dateModified":"2020-01-22T16:21:55+00:00","breadcrumb":{"@id":"https:\/\/www.relofirm.com\/fr\/panama-permis-temporaire-pour-raisons-humanitaires\/#breadcrumb"},"inLanguage":"fr-FR","potentialAction":[{"@type":"ReadAction","target":["https:\/\/www.relofirm.com\/fr\/panama-permis-temporaire-pour-raisons-humanitaires\/"]}]},{"@type":"BreadcrumbList","@id":"https:\/\/www.relofirm.com\/fr\/panama-permis-temporaire-pour-raisons-humanitaires\/#breadcrumb","itemListElement":[{"@type":"ListItem","position":1,"name":"Home","item":"https:\/\/www.relofirm.com\/fr\/"},{"@type":"ListItem","position":2,"name":"Panama Permis Temporaire pour Raisons Humanitaires"}]}]}},"_links":{"self":[{"href":"https:\/\/www.relofirm.com\/fr\/wp-json\/wp\/v2\/pages\/7262"}],"collection":[{"href":"https:\/\/www.relofirm.com\/fr\/wp-json\/wp\/v2\/pages"}],"about":[{"href":"https:\/\/www.relofirm.com\/fr\/wp-json\/wp\/v2\/types\/page"}],"author":[{"embeddable":true,"href":"https:\/\/www.relofirm.com\/fr\/wp-json\/wp\/v2\/users\/10"}],"replies":[{"embeddable":true,"href":"https:\/\/www.relofirm.com\/fr\/wp-json\/wp\/v2\/comments?post=7262"}],"version-history":[{"count":1,"href":"https:\/\/www.relofirm.com\/fr\/wp-json\/wp\/v2\/pages\/7262\/revisions"}],"predecessor-version":[{"id":8122,"href":"https:\/\/www.relofirm.com\/fr\/wp-json\/wp\/v2\/pages\/7262\/revisions\/8122"}],"wp:attachment":[{"href":"https:\/\/www.relofirm.com\/fr\/wp-json\/wp\/v2\/media?parent=7262"}],"curies":[{"name":"wp","href":"https:\/\/api.w.org\/{rel}","templated":true}]}}