{"id":7259,"date":"2010-09-30T00:00:00","date_gmt":"2010-09-30T05:00:00","guid":{"rendered":"https:\/\/relofirm.com\/visa_passengers_crew_members_recreational_tourism_vessels\/"},"modified":"2020-01-22T11:26:40","modified_gmt":"2020-01-22T16:26:40","slug":"panama-visa-pour-les-passagers-et-membres-equipage-des-navires-de-plaisance-ou-de-tourisme","status":"publish","type":"page","link":"https:\/\/www.relofirm.com\/fr\/panama-visa-pour-les-passagers-et-membres-equipage-des-navires-de-plaisance-ou-de-tourisme\/","title":{"rendered":"Panama, Visa pour les Passagers et Membres d\u2019\u00c9quipage des Navires de Plaisance ou de Tourisme"},"content":{"rendered":"<div class=\"menu-immigration-fr-container\"><ul id=\"menu-immigration-fr\" class=\"menu\"><li id=\"menu-item-7641\" class=\"menu-item menu-item-type-post_type menu-item-object-page menu-item-has-children menu-item-7641\"><a href=\"https:\/\/www.relofirm.com\/fr\/panama-immigration-et-visas-de-residence\/\">Panama Immigration et Visas de R\u00e9sidence<\/a>\n<ul class=\"sub-menu\">\n\t<li id=\"menu-item-7438\" class=\"menu-item menu-item-type-post_type menu-item-object-page menu-item-7438\"><a href=\"https:\/\/www.relofirm.com\/fr\/panama-visa-bienvenus-nations\/\">Panama Visa Bienvenus Nations<\/a><\/li>\n\t<li id=\"menu-item-7444\" class=\"menu-item menu-item-type-post_type menu-item-object-page menu-item-7444\"><a href=\"https:\/\/www.relofirm.com\/fr\/panama-retraite-ou-pensionne-programme-visa-pensionado\/\">Programme Retrait\u00e9 ou Pensionn\u00e9<\/a><\/li>\n\t<li id=\"menu-item-7439\" class=\"menu-item menu-item-type-post_type menu-item-object-page menu-item-7439\"><a href=\"https:\/\/www.relofirm.com\/fr\/auto-panama-solvabilite-visa-economique\/\" title=\"Obtain Panama legal residency and Panama citizenship with a Self Economic Solvency Visa\">Auto Visa de Solvabilit\u00e9 \u00c9conomique<\/a><\/li>\n\t<li id=\"menu-item-7443\" class=\"menu-item menu-item-type-post_type menu-item-object-page menu-item-7443\"><a href=\"https:\/\/www.relofirm.com\/fr\/reboisement-de-panama-visa-programme-dinvestissement\/\">Visa de Reboisement<\/a><\/li>\n\t<li id=\"menu-item-7440\" class=\"menu-item menu-item-type-post_type menu-item-object-page menu-item-7440\"><a href=\"https:\/\/www.relofirm.com\/fr\/programme-de-panama-investisseurs-agricole\/\" title=\"Become temporary residents of Panama by investing in farms, aquaculture, and agriculture in the Republic of Panama\">Programme Investinord Agricole<\/a><\/li>\n\t<li id=\"menu-item-7441\" class=\"menu-item menu-item-type-post_type menu-item-object-page menu-item-7441\"><a href=\"https:\/\/www.relofirm.com\/fr\/programme-de-panama-investor-affaires\/\">Programme Investinord Affaires<\/a><\/li>\n\t<li id=\"menu-item-7442\" class=\"menu-item menu-item-type-post_type menu-item-object-page menu-item-7442\"><a href=\"https:\/\/www.relofirm.com\/fr\/programme-investisseurs-de-la-taxe-gratuit-processing-zone\/\">Investisseurs Programme de la Gratuit Taxe Processing Zone<\/a><\/li>\n\t<li id=\"menu-item-7445\" class=\"menu-item menu-item-type-post_type menu-item-object-page menu-item-7445\"><a href=\"https:\/\/www.relofirm.com\/fr\/visa-de-travail-de-la-ville-de-panama-de-la-connaissance\/\">Visa de Travail de Ville de la Connaissance<\/a><\/li>\n\t<li id=\"menu-item-7446\" class=\"menu-item menu-item-type-post_type menu-item-object-page menu-item-7446\"><a href=\"https:\/\/www.relofirm.com\/fr\/panama-visa-missionnaire\/\" title=\"Missionary visa program allows foreign missionaries to obtain legal residency in Panama\">Visa d&rsquo;Missionnaire<\/a><\/li>\n\t<li id=\"menu-item-7447\" class=\"menu-item menu-item-type-post_type menu-item-object-page menu-item-7447\"><a href=\"https:\/\/www.relofirm.com\/fr\/panama-visa-detudiant\/\" title=\"Student Visa program allows foreign students to obtain legal residency in Panama.\">Visa d&rsquo;\u00c9tudiant<\/a><\/li>\n\t<li id=\"menu-item-7448\" class=\"menu-item menu-item-type-post_type menu-item-object-page menu-item-7448\"><a href=\"https:\/\/www.relofirm.com\/fr\/panama-visa-de-entree-et-sortie-multiples\/\">Visa de Entr\u00e9e et Sortie Multiples<\/a><\/li>\n\t<li id=\"menu-item-7449\" class=\"menu-item menu-item-type-post_type menu-item-object-page menu-item-7449\"><a href=\"https:\/\/www.relofirm.com\/fr\/panama-visa-touriste\/\" title=\"Tourist visa is a formal visa to enter Panama for those countries who are not allowed to come in with a simple tourist card.\">Visa d&rsquo;Touriste<\/a><\/li>\n\t<li id=\"menu-item-7450\" class=\"menu-item menu-item-type-post_type menu-item-object-page menu-item-7450\"><a href=\"https:\/\/www.relofirm.com\/fr\/maritime-du-panama-visa\/\" title=\"Panama maritime visas available for seamen and crew members entering Panama ports.\">Marine Visa<\/a><\/li>\n\t<li id=\"menu-item-7451\" class=\"menu-item menu-item-type-post_type menu-item-object-page menu-item-7451\"><a href=\"https:\/\/www.relofirm.com\/fr\/panama-visa-de-travailleurs-specialises\/\" title=\"Panama Specialist Workers Visa provides businesses that hire a foreigner as a specialist to obtain this visa.\">Visa de Travailleurs Sp\u00e9cialis\u00e9s<\/a><\/li>\n\t<li id=\"menu-item-7452\" class=\"menu-item menu-item-type-post_type menu-item-object-page menu-item-7452\"><a href=\"https:\/\/www.relofirm.com\/fr\/panama-visa-pour-culturelles-sportives-ou-education-des-travailleurs-temporaires\/\">Visa pour Culturelles, Sportives, ou d&rsquo;\u00c9ducation des Travailleurs Temporaires<\/a><\/li>\n\t<li id=\"menu-item-7453\" class=\"menu-item menu-item-type-post_type menu-item-object-page menu-item-7453\"><a href=\"https:\/\/www.relofirm.com\/fr\/panama-visa-de-travailleurs-domestiques\/\" title=\"Domestic Workers Visa provides that a Panamanian national or a temporary or permanent resident that hires a foreigner to labor as a domestic worker will be able to request this visa\">Visa de Travailleurs Domestiques<\/a><\/li>\n\t<li id=\"menu-item-7454\" class=\"menu-item menu-item-type-post_type menu-item-object-page menu-item-7454\"><a href=\"https:\/\/www.relofirm.com\/fr\/panama-visas-de-court-sejour\/\">Visas de Court S\u00e9jour<\/a><\/li>\n\t<li id=\"menu-item-7455\" class=\"menu-item menu-item-type-post_type menu-item-object-page menu-item-7455\"><a href=\"https:\/\/www.relofirm.com\/fr\/panama-visa-pour-les-passagers-et-membres-equipage-des-navires-de-plaisance-ou-de-tourisme\/\">Visa pour les Passagers et Membres d&rsquo;\u00c9quipage des Navires de Plaisance ou de Tourisme<\/a><\/li>\n\t<li id=\"menu-item-7456\" class=\"menu-item menu-item-type-post_type menu-item-object-page menu-item-7456\"><a href=\"https:\/\/www.relofirm.com\/fr\/panama-visas-temporaires-de-residence\/\">Visas Temporaires de R\u00e9sidence<\/a><\/li>\n\t<li id=\"menu-item-7457\" class=\"menu-item menu-item-type-post_type menu-item-object-page menu-item-7457\"><a href=\"https:\/\/www.relofirm.com\/fr\/residence-temporaire-pour-des-raisons-speciales\/\">R\u00e9sidence Temporaire pour des Raisons Sp\u00e9ciales<\/a><\/li>\n\t<li id=\"menu-item-9800\" class=\"menu-item menu-item-type-post_type menu-item-object-page menu-item-9800\"><a href=\"https:\/\/www.relofirm.com\/fr\/panama-permis-temporaire-pour-raisons-humanitaires\/\">Panama Permis Temporaire pour Raisons Humanitaires<\/a><\/li>\n\t<li id=\"menu-item-7460\" class=\"menu-item menu-item-type-post_type menu-item-object-page menu-item-7460\"><a href=\"https:\/\/www.relofirm.com\/fr\/panama-visas-de-politiques-speciales\/\" title=\"Panama created Special Policies Visas with 4 Special Policy Visas\">Visas de Politiques Sp\u00e9ciales<\/a><\/li>\n\t<li id=\"menu-item-7461\" class=\"menu-item menu-item-type-post_type menu-item-object-page menu-item-7461\"><a href=\"https:\/\/www.relofirm.com\/fr\/panama-visas-de-regroupement-familial\/\" title=\"Panama offers family regrouping visas like married to a Panamanian and dependants of permanent residents visas.\">Visas de Regroupement Familial<\/a><\/li>\n\t<li id=\"menu-item-7462\" class=\"menu-item menu-item-type-post_type menu-item-object-page menu-item-7462\"><a href=\"https:\/\/www.relofirm.com\/fr\/panama-les-etrangers-sous-la-protection-de-letat-les-refugies\/\">Les \u00c9trangers sous la Protection de l&rsquo;Etat (les R\u00e9fugi\u00e9s)<\/a><\/li>\n\t<li id=\"menu-item-7463\" class=\"menu-item menu-item-type-post_type menu-item-object-page menu-item-7463\"><a href=\"https:\/\/www.relofirm.com\/fr\/changer-de-panama-statut-migratoire\/\">Changement de Statut Migratoire Proc\u00e9dures<\/a><\/li>\n\t<li id=\"menu-item-7466\" class=\"menu-item menu-item-type-post_type menu-item-object-page menu-item-7466\"><a href=\"https:\/\/www.relofirm.com\/fr\/panama-migrateurs-controle\/\" title=\"Panama migratory control of foreigners with issuing visas.\">Contr\u00f4le Migrateurs<\/a><\/li>\n\t<li id=\"menu-item-7465\" class=\"menu-item menu-item-type-post_type menu-item-object-page menu-item-7465\"><a href=\"https:\/\/www.relofirm.com\/fr\/amener-vos-animaux-de-compagnie-a-panama\/\">Animaux Immigration<\/a><\/li>\n<\/ul>\n<\/li>\n<li id=\"menu-item-7437\" class=\"menu-item menu-item-type-post_type menu-item-object-page menu-item-7437\"><a href=\"https:\/\/www.relofirm.com\/fr\/panama-immigration-et-visas-de-residence\/\" title=\"Panama law firm offering Panama immigration services including all Panama residency visas and citizenship in Panama\">Panama Immigration et Visas<\/a><\/li>\n<\/ul><\/div>\n<hr \/>\n<p>International Relocation Firm peuvent aider les passagers et membres d&rsquo;\u00e9quipage d&rsquo;un visa au Panama pour les passagers et membres d&rsquo;\u00e9quipage de bateaux de plaisance ou de tourisme.<\/p>\n<p>L&rsquo;article 15 du d\u00e9cret-loi pr\u00e9voit que les \u00e9trangers d&rsquo;entrer au Panama par le biais des yachts ou voiliers avec l&rsquo;intention de plaisir ou de tourisme sera en mesure de demander ce visa au Panama pour les passagers et membres d&rsquo;\u00e9quipage des navires de plaisance ou de tourisme, pour un mandat \u00e9tabli par la Direction G\u00e9n\u00e9rale de Marine Marchande de l&rsquo;Autorit\u00e9 maritime du Panama, chaque fois que le demandeur se conforme \u00e0 l&rsquo;obligation de visa au Panama et aux responsabilit\u00e9s qui sont requis par le Service de l&rsquo;immigration.<\/p>\n<p>Lorsque le yacht ou voilier est d&rsquo;un drapeau \u00e9tranger et dispose des autorisations de navigation pour la dur\u00e9e de trois (3) mois, les passagers et membres d&rsquo;\u00e9quipage \u00e9trangers seront en mesure de rester au Panama pour une p\u00e9riode \u00e9quivalente.  En cas de temps suppl\u00e9mentaire est n\u00e9cessaire, la demande sera \u00e9valu\u00e9e.<\/p>\n<p>Lorsque le yacht ou voilier porte un pavillon panam\u00e9en et disposant d&rsquo;autorisations de navigation pour la dur\u00e9e d&rsquo;un (1) an, les passagers et membres d&rsquo;\u00e9quipage \u00e9trangers seront en mesure de demander le visa correspondant \u00e0 un temps maximum autoris\u00e9 par la Direction G\u00e9n\u00e9rale de la Marine Marchande, \u00e0 condition qu&rsquo;elles respectent les exigences requises par les autorit\u00e9s respectives.<\/p>\n<p>Le Service National de l&rsquo;Immigration va cr\u00e9er un enregistrement de l&rsquo;entr\u00e9e et les embarquements par des drapeaux du Panama ou \u00e9trangers trouv\u00e9s dans le yacht clubs ou marines, de sorte qu&rsquo;ils puissent fonctionner comme des entreprises responsables devant l&rsquo;autorit\u00e9 migratoire, quand ils entrent passagers et l&rsquo;\u00e9quipage \u00e9trangers.  Ledit enregistrement contiendra:<\/p>\n<p>1.  Des copies de l&rsquo;autorisation de navigation, offert par la Direction G\u00e9n\u00e9rale de la Marine marchande, dans le cas des yachts de tourisme devrait pr\u00e9senter original et la copie de leur licence de tourisme offerts par l&rsquo;Institut panam\u00e9en du tourisme et de leur permission de la navigation;<\/p>\n<p>2.  Copies du passeport du propri\u00e9taire ou de capitaine de navire;<\/p>\n<p>3.  Des copies des passeports de l&rsquo;\u00e9quipage et la liste des passagers;<\/p>\n<p>4.  Pour les membres de l&rsquo;\u00e9quipage, ils doivent pr\u00e9senter leur permis de marins et de leur passeport;<\/p>\n<p>5.  Pour les passagers, ils devraient offrir copie de leur passeport.<\/p>\n<p>Pour demander ce visa de l&rsquo;\u00e9tranger doivent se conformer aux formalit\u00e9s requises \u00e0 l&rsquo;article 28 du d\u00e9cret-loi (\u00e0 l&rsquo;exception du chiffre 2 et 4) et de soumettre les documents suivants:<\/p>\n<p>1.  Demande de visa au Panama pour les passagers et membres d&rsquo;\u00e9quipage de bateaux de plaisance ou de tourisme;<\/p>\n<p>2.  Trois (3) les photographies;<\/p>\n<p>3.  Des copies des documents d&rsquo;identit\u00e9 du pays d&rsquo;origine ou de permis de s\u00e9jour;<\/p>\n<p>4.  Le paiement des services migratoires dans le montant total de cent dollars (100 $) par personne, en faveur du Service National de l&rsquo;Immigration;<\/p>\n<p>5.  Des copies de l&rsquo;\u00e9lectronique (ou imprim\u00e9s) billet pay\u00e9 pour le retour complet (si applicable);<\/p>\n<p>6.  Preuve de la relation contractuelle ou de louer avec les yachts ou les clubs de marine (si applicable); <br \/>\n\t7.  Lettre de la responsabilit\u00e9 de l&#8217;employeur, le capitaine ou le propri\u00e9taire du navire.<\/p>\n<hr>\n<p>Si vous \u00eates int\u00e9ress\u00e9 \u00e0 d\u00e9m\u00e9nager au Panama, ou d&rsquo;obtenir une r\u00e9sidence l\u00e9gale au Panama, s&rsquo;il vous pla\u00eet nous contacter pour une consultation personnelle avec le International Relocation Firm.<\/p>\n<hr>\n","protected":false},"excerpt":{"rendered":"<p>International Relocation Firm peuvent aider les passagers et membres d&rsquo;\u00e9quipage d&rsquo;un visa au Panama pour les passagers et membres d&rsquo;\u00e9quipage de bateaux de plaisance ou de tourisme. L&rsquo;article 15 du d\u00e9cret-loi pr\u00e9voit que les \u00e9trangers d&rsquo;entrer au Panama par le biais des yachts ou voiliers avec l&rsquo;intention de plaisir ou de tourisme sera en mesure [&hellip;]<\/p>\n","protected":false},"author":10,"featured_media":0,"parent":0,"menu_order":0,"comment_status":"closed","ping_status":"closed","template":"","meta":{"_et_pb_use_builder":"","_et_pb_old_content":"","_et_gb_content_width":"","inline_featured_image":false,"footnotes":""},"class_list":["post-7259","page","type-page","status-publish","hentry"],"yoast_head":"<!-- This site is optimized with the Yoast SEO plugin v27.5 - https:\/\/yoast.com\/product\/yoast-seo-wordpress\/ -->\n<title>Panama, Visa pour les Passagers et Membres d\u2019\u00c9quipage des Navires de Plaisance ou de Tourisme - International Relocation Firm<\/title>\n<meta name=\"robots\" content=\"index, follow, max-snippet:-1, max-image-preview:large, max-video-preview:-1\" \/>\n<link rel=\"canonical\" href=\"https:\/\/www.relofirm.com\/fr\/panama-visa-pour-les-passagers-et-membres-equipage-des-navires-de-plaisance-ou-de-tourisme\/\" \/>\n<meta name=\"twitter:label1\" content=\"Dur\u00e9e de lecture estim\u00e9e\" \/>\n\t<meta name=\"twitter:data1\" content=\"3 minutes\" \/>\n<!-- \/ Yoast SEO plugin. -->","yoast_head_json":{"title":"Panama, Visa pour les Passagers et Membres d\u2019\u00c9quipage des Navires de Plaisance ou de Tourisme - International Relocation Firm","robots":{"index":"index","follow":"follow","max-snippet":"max-snippet:-1","max-image-preview":"max-image-preview:large","max-video-preview":"max-video-preview:-1"},"canonical":"https:\/\/www.relofirm.com\/fr\/panama-visa-pour-les-passagers-et-membres-equipage-des-navires-de-plaisance-ou-de-tourisme\/","twitter_misc":{"Dur\u00e9e de lecture estim\u00e9e":"3 minutes"},"schema":{"@context":"https:\/\/schema.org","@graph":[{"@type":"WebPage","@id":"https:\/\/www.relofirm.com\/fr\/panama-visa-pour-les-passagers-et-membres-equipage-des-navires-de-plaisance-ou-de-tourisme\/","url":"https:\/\/www.relofirm.com\/fr\/panama-visa-pour-les-passagers-et-membres-equipage-des-navires-de-plaisance-ou-de-tourisme\/","name":"Panama, Visa pour les Passagers et Membres d\u2019\u00c9quipage des Navires de Plaisance ou de Tourisme - International Relocation Firm","isPartOf":{"@id":"https:\/\/www.relofirm.com\/#website"},"datePublished":"2010-09-30T05:00:00+00:00","dateModified":"2020-01-22T16:26:40+00:00","breadcrumb":{"@id":"https:\/\/www.relofirm.com\/fr\/panama-visa-pour-les-passagers-et-membres-equipage-des-navires-de-plaisance-ou-de-tourisme\/#breadcrumb"},"inLanguage":"fr-FR","potentialAction":[{"@type":"ReadAction","target":["https:\/\/www.relofirm.com\/fr\/panama-visa-pour-les-passagers-et-membres-equipage-des-navires-de-plaisance-ou-de-tourisme\/"]}]},{"@type":"BreadcrumbList","@id":"https:\/\/www.relofirm.com\/fr\/panama-visa-pour-les-passagers-et-membres-equipage-des-navires-de-plaisance-ou-de-tourisme\/#breadcrumb","itemListElement":[{"@type":"ListItem","position":1,"name":"Home","item":"https:\/\/www.relofirm.com\/fr\/"},{"@type":"ListItem","position":2,"name":"Panama, Visa pour les Passagers et Membres d\u2019\u00c9quipage des Navires de Plaisance ou de Tourisme"}]},{"@type":"WebSite","@id":"https:\/\/www.relofirm.com\/#website","url":"https:\/\/www.relofirm.com\/","name":"International Relocation Firm","description":"","publisher":{"@id":"https:\/\/www.relofirm.com\/#organization"},"potentialAction":[{"@type":"SearchAction","target":{"@type":"EntryPoint","urlTemplate":"https:\/\/www.relofirm.com\/?s={search_term_string}"},"query-input":{"@type":"PropertyValueSpecification","valueRequired":true,"valueName":"search_term_string"}}],"inLanguage":"fr-FR"},{"@type":"Organization","@id":"https:\/\/www.relofirm.com\/#organization","name":"International Relocation Firm","url":"https:\/\/www.relofirm.com\/","logo":{"@type":"ImageObject","inLanguage":"fr-FR","@id":"https:\/\/www.relofirm.com\/#\/schema\/logo\/image\/","url":"https:\/\/www.relofirm.com\/wp-content\/uploads\/2021\/11\/relofirm-logo.svg","contentUrl":"https:\/\/www.relofirm.com\/wp-content\/uploads\/2021\/11\/relofirm-logo.svg","width":1485,"height":516,"caption":"International Relocation Firm"},"image":{"@id":"https:\/\/www.relofirm.com\/#\/schema\/logo\/image\/"},"sameAs":["https:\/\/www.facebook.com\/PanamaOffshoreLegalServices","https:\/\/x.com\/polslegal"]}]}},"_links":{"self":[{"href":"https:\/\/www.relofirm.com\/fr\/wp-json\/wp\/v2\/pages\/7259","targetHints":{"allow":["GET"]}}],"collection":[{"href":"https:\/\/www.relofirm.com\/fr\/wp-json\/wp\/v2\/pages"}],"about":[{"href":"https:\/\/www.relofirm.com\/fr\/wp-json\/wp\/v2\/types\/page"}],"author":[{"embeddable":true,"href":"https:\/\/www.relofirm.com\/fr\/wp-json\/wp\/v2\/users\/10"}],"replies":[{"embeddable":true,"href":"https:\/\/www.relofirm.com\/fr\/wp-json\/wp\/v2\/comments?post=7259"}],"version-history":[{"count":1,"href":"https:\/\/www.relofirm.com\/fr\/wp-json\/wp\/v2\/pages\/7259\/revisions"}],"predecessor-version":[{"id":8133,"href":"https:\/\/www.relofirm.com\/fr\/wp-json\/wp\/v2\/pages\/7259\/revisions\/8133"}],"wp:attachment":[{"href":"https:\/\/www.relofirm.com\/fr\/wp-json\/wp\/v2\/media?parent=7259"}],"curies":[{"name":"wp","href":"https:\/\/api.w.org\/{rel}","templated":true}]}}