{"id":7257,"date":"2010-09-30T00:00:00","date_gmt":"2010-09-30T05:00:00","guid":{"rendered":"https:\/\/relofirm.com\/domestic_workers_visa\/"},"modified":"2020-01-22T11:23:20","modified_gmt":"2020-01-22T16:23:20","slug":"panama-visa-de-travailleurs-domestiques","status":"publish","type":"page","link":"https:\/\/www.relofirm.com\/fr\/panama-visa-de-travailleurs-domestiques\/","title":{"rendered":"Panama, Visa de Travailleurs Domestiques"},"content":{"rendered":"<div class=\"menu-immigration-fr-container\"><ul id=\"menu-immigration-fr\" class=\"menu\"><li id=\"menu-item-7641\" class=\"menu-item menu-item-type-post_type menu-item-object-page menu-item-has-children menu-item-7641\"><a href=\"https:\/\/www.relofirm.com\/fr\/panama-immigration-et-visas-de-residence\/\">Panama Immigration et Visas de R\u00e9sidence<\/a>\n<ul class=\"sub-menu\">\n\t<li id=\"menu-item-7438\" class=\"menu-item menu-item-type-post_type menu-item-object-page menu-item-7438\"><a href=\"https:\/\/www.relofirm.com\/fr\/panama-visa-bienvenus-nations\/\">Panama Visa Bienvenus Nations<\/a><\/li>\n\t<li id=\"menu-item-7444\" class=\"menu-item menu-item-type-post_type menu-item-object-page menu-item-7444\"><a href=\"https:\/\/www.relofirm.com\/fr\/panama-retraite-ou-pensionne-programme-visa-pensionado\/\">Programme Retrait\u00e9 ou Pensionn\u00e9<\/a><\/li>\n\t<li id=\"menu-item-7439\" class=\"menu-item menu-item-type-post_type menu-item-object-page menu-item-7439\"><a title=\"Obtain Panama legal residency and Panama citizenship with a Self Economic Solvency Visa\" href=\"https:\/\/www.relofirm.com\/fr\/auto-panama-solvabilite-visa-economique\/\">Auto Visa de Solvabilit\u00e9 \u00c9conomique<\/a><\/li>\n\t<li id=\"menu-item-7443\" class=\"menu-item menu-item-type-post_type menu-item-object-page menu-item-7443\"><a href=\"https:\/\/www.relofirm.com\/fr\/reboisement-de-panama-visa-programme-dinvestissement\/\">Visa de Reboisement<\/a><\/li>\n\t<li id=\"menu-item-7440\" class=\"menu-item menu-item-type-post_type menu-item-object-page menu-item-7440\"><a title=\"Become temporary residents of Panama by investing in farms, aquaculture, and agriculture in the Republic of Panama\" href=\"https:\/\/www.relofirm.com\/fr\/programme-de-panama-investisseurs-agricole\/\">Programme Investinord Agricole<\/a><\/li>\n\t<li id=\"menu-item-7441\" class=\"menu-item menu-item-type-post_type menu-item-object-page menu-item-7441\"><a href=\"https:\/\/www.relofirm.com\/fr\/programme-de-panama-investor-affaires\/\">Programme Investinord Affaires<\/a><\/li>\n\t<li id=\"menu-item-7442\" class=\"menu-item menu-item-type-post_type menu-item-object-page menu-item-7442\"><a href=\"https:\/\/www.relofirm.com\/fr\/programme-investisseurs-de-la-taxe-gratuit-processing-zone\/\">Investisseurs Programme de la Gratuit Taxe Processing Zone<\/a><\/li>\n\t<li id=\"menu-item-7445\" class=\"menu-item menu-item-type-post_type menu-item-object-page menu-item-7445\"><a href=\"https:\/\/www.relofirm.com\/fr\/visa-de-travail-de-la-ville-de-panama-de-la-connaissance\/\">Visa de Travail de Ville de la Connaissance<\/a><\/li>\n\t<li id=\"menu-item-7446\" class=\"menu-item menu-item-type-post_type menu-item-object-page menu-item-7446\"><a title=\"Missionary visa program allows foreign missionaries to obtain legal residency in Panama\" href=\"https:\/\/www.relofirm.com\/fr\/panama-visa-missionnaire\/\">Visa d&rsquo;Missionnaire<\/a><\/li>\n\t<li id=\"menu-item-7447\" class=\"menu-item menu-item-type-post_type menu-item-object-page menu-item-7447\"><a title=\"Student Visa program allows foreign students to obtain legal residency in Panama.\" href=\"https:\/\/www.relofirm.com\/fr\/panama-visa-detudiant\/\">Visa d&rsquo;\u00c9tudiant<\/a><\/li>\n\t<li id=\"menu-item-7448\" class=\"menu-item menu-item-type-post_type menu-item-object-page menu-item-7448\"><a href=\"https:\/\/www.relofirm.com\/fr\/panama-visa-de-entree-et-sortie-multiples\/\">Visa de Entr\u00e9e et Sortie Multiples<\/a><\/li>\n\t<li id=\"menu-item-7449\" class=\"menu-item menu-item-type-post_type menu-item-object-page menu-item-7449\"><a title=\"Tourist visa is a formal visa to enter Panama for those countries who are not allowed to come in with a simple tourist card.\" href=\"https:\/\/www.relofirm.com\/fr\/panama-visa-touriste\/\">Visa d&rsquo;Touriste<\/a><\/li>\n\t<li id=\"menu-item-7450\" class=\"menu-item menu-item-type-post_type menu-item-object-page menu-item-7450\"><a title=\"Panama maritime visas available for seamen and crew members entering Panama ports.\" href=\"https:\/\/www.relofirm.com\/fr\/maritime-du-panama-visa\/\">Marine Visa<\/a><\/li>\n\t<li id=\"menu-item-7451\" class=\"menu-item menu-item-type-post_type menu-item-object-page menu-item-7451\"><a title=\"Panama Specialist Workers Visa provides businesses that hire a foreigner as a specialist to obtain this visa.\" href=\"https:\/\/www.relofirm.com\/fr\/panama-visa-de-travailleurs-specialises\/\">Visa de Travailleurs Sp\u00e9cialis\u00e9s<\/a><\/li>\n\t<li id=\"menu-item-7452\" class=\"menu-item menu-item-type-post_type menu-item-object-page menu-item-7452\"><a href=\"https:\/\/www.relofirm.com\/fr\/panama-visa-pour-culturelles-sportives-ou-education-des-travailleurs-temporaires\/\">Visa pour Culturelles, Sportives, ou d&rsquo;\u00c9ducation des Travailleurs Temporaires<\/a><\/li>\n\t<li id=\"menu-item-7453\" class=\"menu-item menu-item-type-post_type menu-item-object-page menu-item-7453\"><a title=\"Domestic Workers Visa provides that a Panamanian national or a temporary or permanent resident that hires a foreigner to labor as a domestic worker will be able to request this visa\" href=\"https:\/\/www.relofirm.com\/fr\/panama-visa-de-travailleurs-domestiques\/\">Visa de Travailleurs Domestiques<\/a><\/li>\n\t<li id=\"menu-item-7454\" class=\"menu-item menu-item-type-post_type menu-item-object-page menu-item-7454\"><a href=\"https:\/\/www.relofirm.com\/fr\/panama-visas-de-court-sejour\/\">Visas de Court S\u00e9jour<\/a><\/li>\n\t<li id=\"menu-item-7455\" class=\"menu-item menu-item-type-post_type menu-item-object-page menu-item-7455\"><a href=\"https:\/\/www.relofirm.com\/fr\/panama-visa-pour-les-passagers-et-membres-equipage-des-navires-de-plaisance-ou-de-tourisme\/\">Visa pour les Passagers et Membres d&rsquo;\u00c9quipage des Navires de Plaisance ou de Tourisme<\/a><\/li>\n\t<li id=\"menu-item-7456\" class=\"menu-item menu-item-type-post_type menu-item-object-page menu-item-7456\"><a href=\"https:\/\/www.relofirm.com\/fr\/panama-visas-temporaires-de-residence\/\">Visas Temporaires de R\u00e9sidence<\/a><\/li>\n\t<li id=\"menu-item-7457\" class=\"menu-item menu-item-type-post_type menu-item-object-page menu-item-7457\"><a href=\"https:\/\/www.relofirm.com\/fr\/residence-temporaire-pour-des-raisons-speciales\/\">R\u00e9sidence Temporaire pour des Raisons Sp\u00e9ciales<\/a><\/li>\n\t<li id=\"menu-item-9800\" class=\"menu-item menu-item-type-post_type menu-item-object-page menu-item-9800\"><a href=\"https:\/\/www.relofirm.com\/fr\/panama-permis-temporaire-pour-raisons-humanitaires\/\">Panama Permis Temporaire pour Raisons Humanitaires<\/a><\/li>\n\t<li id=\"menu-item-7460\" class=\"menu-item menu-item-type-post_type menu-item-object-page menu-item-7460\"><a title=\"Panama created Special Policies Visas with 4 Special Policy Visas\" href=\"https:\/\/www.relofirm.com\/fr\/panama-visas-de-politiques-speciales\/\">Visas de Politiques Sp\u00e9ciales<\/a><\/li>\n\t<li id=\"menu-item-7461\" class=\"menu-item menu-item-type-post_type menu-item-object-page menu-item-7461\"><a title=\"Panama offers family regrouping visas like married to a Panamanian and dependants of permanent residents visas.\" href=\"https:\/\/www.relofirm.com\/fr\/panama-visas-de-regroupement-familial\/\">Visas de Regroupement Familial<\/a><\/li>\n\t<li id=\"menu-item-7462\" class=\"menu-item menu-item-type-post_type menu-item-object-page menu-item-7462\"><a href=\"https:\/\/www.relofirm.com\/fr\/panama-les-etrangers-sous-la-protection-de-letat-les-refugies\/\">Les \u00c9trangers sous la Protection de l&rsquo;Etat (les R\u00e9fugi\u00e9s)<\/a><\/li>\n\t<li id=\"menu-item-7463\" class=\"menu-item menu-item-type-post_type menu-item-object-page menu-item-7463\"><a href=\"https:\/\/www.relofirm.com\/fr\/changer-de-panama-statut-migratoire\/\">Changement de Statut Migratoire Proc\u00e9dures<\/a><\/li>\n\t<li id=\"menu-item-7466\" class=\"menu-item menu-item-type-post_type menu-item-object-page menu-item-7466\"><a title=\"Panama migratory control of foreigners with issuing visas.\" href=\"https:\/\/www.relofirm.com\/fr\/panama-migrateurs-controle\/\">Contr\u00f4le Migrateurs<\/a><\/li>\n\t<li id=\"menu-item-7465\" class=\"menu-item menu-item-type-post_type menu-item-object-page menu-item-7465\"><a href=\"https:\/\/www.relofirm.com\/fr\/amener-vos-animaux-de-compagnie-a-panama\/\">Animaux Immigration<\/a><\/li>\n<\/ul>\n<\/li>\n<li id=\"menu-item-7437\" class=\"menu-item menu-item-type-post_type menu-item-object-page menu-item-7437\"><a title=\"Panama law firm offering Panama immigration services including all Panama residency visas and citizenship in Panama\" href=\"https:\/\/www.relofirm.com\/fr\/panama-immigration-et-visas-de-residence\/\">Panama Immigration et Visas<\/a><\/li>\n<\/ul><\/div>\n<hr \/>\n<p>International Relocation Firm seront en mesure de traiter les demandes de visas des travailleurs domestiques au Panama.<\/p>\n<p>L&rsquo;article 15 du d\u00e9cret-loi pr\u00e9voit qu&rsquo;un ressortissant panam\u00e9en ou un r\u00e9sident temporaire ou permanent du Panama qui embauche un \u00e9tranger de travailler en tant que travailleur domestique sera en mesure de demander ce visa au Panama travailleurs domestiques pour une dur\u00e9e d&rsquo;un an (1), avec 4 extensions, aussi longtemps que le demandeur continue \u00e0 travailler pour le m\u00eame employeur et les deux se conformer aux exigences et responsabilit\u00e9s requises par le Service national de l&rsquo;immigration au Panama.<\/p>\n<p>Le Panama visas des travailleurs domestiques inclut servantes, jardiniers, cuisiniers, chauffers, majordomes, et nannys.<\/p>\n<p>Ce visa de Panama est une excellente opportunit\u00e9 pour les \u00e9trangers d\u00e9m\u00e9nager au Panama pour obtenir la r\u00e9sidence l\u00e9gale au Panama.  Tout r\u00e9sident du Panama au Panama nationale ou temporaires ou permanents peuvent parrainer un \u00e9tranger en tant que salari\u00e9 pour le Panama, les travailleurs domestiques de Visa.<\/p>\n<p>Le ressortissant panam\u00e9en ou le demandeur de Panama r\u00e9sident temporaire ou permanent est tenu de se conformer aux dispositions de l&rsquo;article 89 du d\u00e9cret-loi et celles contenues dans le pr\u00e9sent r\u00e8glement.  Tant l&rsquo;\u00e9tranger et l&#8217;employeur ont l&rsquo;obligation de notifier le Service national de l&rsquo;immigration au Panama dans le cas de la cessation de l&#8217;emploi, qui seront des motifs de l&rsquo;annulation de la visa au Panama travailleurs domestiques.<\/p>\n<p>Pour demander le canal de Panama visas des travailleurs domestiques, l&rsquo;\u00e9tranger doit se conformer aux formalit\u00e9s requises \u00e0 l&rsquo;article 28 du d\u00e9cret-loi, sauf pour chiffre 4 et de lui soumettre les documents suivants:<\/p>\n<p>1.  Demande de visa au Panama travailleurs domestiques;<\/p>\n<p>2.  Trois (3) les photographies;<\/p>\n<p>3.  Des exemplaires du document d&rsquo;identit\u00e9 du pays d&rsquo;origine ou de permis de s\u00e9jour;<\/p>\n<p>4.  D\u00e9p\u00f4t de garantie, \u00e0 partir du compte de l&#8217;employeur, en faveur du Service national de l&rsquo;immigration au Panama pour la somme de cinq cents dollars (500 $);<\/p>\n<p>5.  Le paiement des services migratoires dans le total de cent dollars (100 $) en faveur du Service national de l&rsquo;immigration au Panama;<\/p>\n<p>6.  Copie du re\u00e7u des services publics o\u00f9 l&#8217;emplacement de la r\u00e9sidence est \u00e9vident dans lequel le service domestique seront pr\u00eat\u00e9s;<\/p>\n<p>7.  National Paz y Salvo des revenus de l&#8217;employeur et l&rsquo;\u00e9tranger;<\/p>\n<p>8.  Preuve d&rsquo;affiliation \u00e0 la CSS de l&rsquo;\u00e9tranger et copie de leur carte (dans le cas de cette derni\u00e8re date est sur dossier);<\/p>\n<p>9.  Lettre de la responsabilit\u00e9 de l&#8217;employeur;<\/p>\n<p>10.  Contrat de travail.;<\/p>\n<p>11.  Copie de la carte nationale d&rsquo;identit\u00e9 ou carte de r\u00e9sident l\u00e9gal de l&#8217;employeur;<\/p>\n<p>12.  Preuve de solvabilit\u00e9 de l&#8217;employeur en lui fournissant l&rsquo;un des documents suivants:<\/p>\n<p>a.  L&#8217;employeur sous forme de lettre de son lieu de travail montrant combien il ou elle gagne;<\/p>\n<p>b.  D\u00e9claration de revenus ainsi respectifs Paz y salve;<\/p>\n<p>C.  Carte bancaire de n&rsquo;importe quelle banque au Panama.<\/p>\n<p>Renouvellement de la carte Visa Dostic travailleurs n\u00e9cessite:<\/p>\n<p>1.  Demande de renouvellement du visa;<\/p>\n<p>2.  Le paiement de 50 $ au Service de l&rsquo;immigration au Panama;<\/p>\n<p>3.  Copie du re\u00e7u des services publics o\u00f9 l&#8217;emplacement de la r\u00e9sidence est \u00e9vident dans lequel le service domestique seront pr\u00eat\u00e9s;<\/p>\n<p>4.  Preuve d&rsquo;affiliation \u00e0 la CSS de l&rsquo;\u00e9tranger et copie de leur carte (dans le cas de cette derni\u00e8re date est sur dossier);<\/p>\n<p>5.  Lettre de la responsabilit\u00e9 de l&#8217;employeur.<\/p>\n<hr>\n<p><strong>Panama Offshore l\u00e9gales Frais de services:<\/strong> <br \/>\n\tNos frais juridiques: 1200 $<\/p>\n<p>Frais de gouvernement au Tesoro Nacional (Tr\u00e9sor national): 250 $<\/p>\n<p>Caution de rapatriement (remboursable une fois le visa se termine) -: 800 $<\/p>\n<p>Droits gouvernementaux totale &#038; Caution Rapatriement: 1050 $<\/p>\n<hr>\n<p>Si vous \u00eates int\u00e9ress\u00e9 \u00e0 d\u00e9m\u00e9nager au Panama, ou d&rsquo;obtenir une r\u00e9sidence l\u00e9gale au Panama, s&rsquo;il vous pla\u00eet nous contacter pour une consultation personnelle avec le International Relocation Firm.<\/p>\n<hr>\n","protected":false},"excerpt":{"rendered":"<p>International Relocation Firm seront en mesure de traiter les demandes de visas des travailleurs domestiques au Panama. L&rsquo;article 15 du d\u00e9cret-loi pr\u00e9voit qu&rsquo;un ressortissant panam\u00e9en ou un r\u00e9sident temporaire ou permanent du Panama qui embauche un \u00e9tranger de travailler en tant que travailleur domestique sera en mesure de demander ce visa au Panama travailleurs domestiques [&hellip;]<\/p>\n","protected":false},"author":10,"featured_media":0,"parent":0,"menu_order":0,"comment_status":"closed","ping_status":"closed","template":"","meta":{"_et_pb_use_builder":"","_et_pb_old_content":"","_et_gb_content_width":"","inline_featured_image":false},"yoast_head":"<!-- This site is optimized with the Yoast SEO plugin v18.5.1 - https:\/\/yoast.com\/wordpress\/plugins\/seo\/ -->\n<title>Panama, Visa de Travailleurs Domestiques - International Relocation Firm<\/title>\n<meta name=\"robots\" content=\"index, follow, max-snippet:-1, max-image-preview:large, max-video-preview:-1\" \/>\n<link rel=\"canonical\" href=\"https:\/\/www.relofirm.com\/fr\/panama-visa-de-travailleurs-domestiques\/\" \/>\n<meta property=\"og:locale\" content=\"fr_FR\" \/>\n<meta property=\"og:type\" content=\"article\" \/>\n<meta property=\"og:title\" content=\"Panama, Visa de Travailleurs Domestiques - International Relocation Firm\" \/>\n<meta property=\"og:description\" content=\"International Relocation Firm seront en mesure de traiter les demandes de visas des travailleurs domestiques au Panama. L&rsquo;article 15 du d\u00e9cret-loi pr\u00e9voit qu&rsquo;un ressortissant panam\u00e9en ou un r\u00e9sident temporaire ou permanent du Panama qui embauche un \u00e9tranger de travailler en tant que travailleur domestique sera en mesure de demander ce visa au Panama travailleurs domestiques [&hellip;]\" \/>\n<meta property=\"og:url\" content=\"https:\/\/www.relofirm.com\/fr\/panama-visa-de-travailleurs-domestiques\/\" \/>\n<meta property=\"og:site_name\" content=\"International Relocation Firm\" \/>\n<meta property=\"article:publisher\" content=\"https:\/\/www.facebook.com\/ReloFirm\/\" \/>\n<meta property=\"article:modified_time\" content=\"2020-01-22T16:23:20+00:00\" \/>\n<meta name=\"twitter:label1\" content=\"Dur\u00e9e de lecture estim\u00e9e\" \/>\n\t<meta name=\"twitter:data1\" content=\"3 minutes\" \/>\n<!-- \/ Yoast SEO plugin. -->","yoast_head_json":{"title":"Panama, Visa de Travailleurs Domestiques - International Relocation Firm","robots":{"index":"index","follow":"follow","max-snippet":"max-snippet:-1","max-image-preview":"max-image-preview:large","max-video-preview":"max-video-preview:-1"},"canonical":"https:\/\/www.relofirm.com\/fr\/panama-visa-de-travailleurs-domestiques\/","og_locale":"fr_FR","og_type":"article","og_title":"Panama, Visa de Travailleurs Domestiques - International Relocation Firm","og_description":"International Relocation Firm seront en mesure de traiter les demandes de visas des travailleurs domestiques au Panama. L&rsquo;article 15 du d\u00e9cret-loi pr\u00e9voit qu&rsquo;un ressortissant panam\u00e9en ou un r\u00e9sident temporaire ou permanent du Panama qui embauche un \u00e9tranger de travailler en tant que travailleur domestique sera en mesure de demander ce visa au Panama travailleurs domestiques [&hellip;]","og_url":"https:\/\/www.relofirm.com\/fr\/panama-visa-de-travailleurs-domestiques\/","og_site_name":"International Relocation Firm","article_publisher":"https:\/\/www.facebook.com\/ReloFirm\/","article_modified_time":"2020-01-22T16:23:20+00:00","twitter_misc":{"Dur\u00e9e de lecture estim\u00e9e":"3 minutes"},"schema":{"@context":"https:\/\/schema.org","@graph":[{"@type":"Organization","@id":"https:\/\/www.relofirm.com\/#organization","name":"International Relocation Firm","url":"https:\/\/www.relofirm.com\/","sameAs":["https:\/\/www.facebook.com\/ReloFirm\/","https:\/\/www.linkedin.com\/company\/relo-firm","https:\/\/twitter.com\/polslegal"],"logo":{"@type":"ImageObject","@id":"https:\/\/www.relofirm.com\/#logo","inLanguage":"fr-FR","url":"https:\/\/www.relofirm.com\/wp-content\/uploads\/2021\/11\/relofirm-logo.svg","contentUrl":"https:\/\/www.relofirm.com\/wp-content\/uploads\/2021\/11\/relofirm-logo.svg","width":1485,"height":516,"caption":"International Relocation Firm"},"image":{"@id":"https:\/\/www.relofirm.com\/#logo"}},{"@type":"WebSite","@id":"https:\/\/www.relofirm.com\/#website","url":"https:\/\/www.relofirm.com\/","name":"International Relocation Firm","description":"","publisher":{"@id":"https:\/\/www.relofirm.com\/#organization"},"potentialAction":[{"@type":"SearchAction","target":{"@type":"EntryPoint","urlTemplate":"https:\/\/www.relofirm.com\/?s={search_term_string}"},"query-input":"required name=search_term_string"}],"inLanguage":"fr-FR"},{"@type":"WebPage","@id":"https:\/\/www.relofirm.com\/fr\/panama-visa-de-travailleurs-domestiques\/#webpage","url":"https:\/\/www.relofirm.com\/fr\/panama-visa-de-travailleurs-domestiques\/","name":"Panama, Visa de Travailleurs Domestiques - International Relocation Firm","isPartOf":{"@id":"https:\/\/www.relofirm.com\/#website"},"datePublished":"2010-09-30T05:00:00+00:00","dateModified":"2020-01-22T16:23:20+00:00","breadcrumb":{"@id":"https:\/\/www.relofirm.com\/fr\/panama-visa-de-travailleurs-domestiques\/#breadcrumb"},"inLanguage":"fr-FR","potentialAction":[{"@type":"ReadAction","target":["https:\/\/www.relofirm.com\/fr\/panama-visa-de-travailleurs-domestiques\/"]}]},{"@type":"BreadcrumbList","@id":"https:\/\/www.relofirm.com\/fr\/panama-visa-de-travailleurs-domestiques\/#breadcrumb","itemListElement":[{"@type":"ListItem","position":1,"name":"Home","item":"https:\/\/www.relofirm.com\/fr\/"},{"@type":"ListItem","position":2,"name":"Panama, Visa de Travailleurs Domestiques"}]}]}},"_links":{"self":[{"href":"https:\/\/www.relofirm.com\/fr\/wp-json\/wp\/v2\/pages\/7257"}],"collection":[{"href":"https:\/\/www.relofirm.com\/fr\/wp-json\/wp\/v2\/pages"}],"about":[{"href":"https:\/\/www.relofirm.com\/fr\/wp-json\/wp\/v2\/types\/page"}],"author":[{"embeddable":true,"href":"https:\/\/www.relofirm.com\/fr\/wp-json\/wp\/v2\/users\/10"}],"replies":[{"embeddable":true,"href":"https:\/\/www.relofirm.com\/fr\/wp-json\/wp\/v2\/comments?post=7257"}],"version-history":[{"count":1,"href":"https:\/\/www.relofirm.com\/fr\/wp-json\/wp\/v2\/pages\/7257\/revisions"}],"predecessor-version":[{"id":8130,"href":"https:\/\/www.relofirm.com\/fr\/wp-json\/wp\/v2\/pages\/7257\/revisions\/8130"}],"wp:attachment":[{"href":"https:\/\/www.relofirm.com\/fr\/wp-json\/wp\/v2\/media?parent=7257"}],"curies":[{"name":"wp","href":"https:\/\/api.w.org\/{rel}","templated":true}]}}