{"id":7252,"date":"2010-09-30T00:00:00","date_gmt":"2010-09-30T05:00:00","guid":{"rendered":"https:\/\/relofirm.com\/multiple_entry_visa\/"},"modified":"2020-01-22T11:23:14","modified_gmt":"2020-01-22T16:23:14","slug":"panama-visa-de-entree-et-sortie-multiples","status":"publish","type":"page","link":"https:\/\/www.relofirm.com\/fr\/panama-visa-de-entree-et-sortie-multiples\/","title":{"rendered":"Panama, Visa de Entr\u00e9e et Sortie Multiples"},"content":{"rendered":"<div class=\"menu-immigration-fr-container\"><ul id=\"menu-immigration-fr\" class=\"menu\"><li id=\"menu-item-7641\" class=\"menu-item menu-item-type-post_type menu-item-object-page menu-item-has-children menu-item-7641\"><a href=\"https:\/\/www.relofirm.com\/fr\/panama-immigration-et-visas-de-residence\/\">Panama Immigration et Visas de R\u00e9sidence<\/a>\n<ul class=\"sub-menu\">\n\t<li id=\"menu-item-7438\" class=\"menu-item menu-item-type-post_type menu-item-object-page menu-item-7438\"><a href=\"https:\/\/www.relofirm.com\/fr\/panama-visa-bienvenus-nations\/\">Panama Visa Bienvenus Nations<\/a><\/li>\n\t<li id=\"menu-item-7444\" class=\"menu-item menu-item-type-post_type menu-item-object-page menu-item-7444\"><a href=\"https:\/\/www.relofirm.com\/fr\/panama-retraite-ou-pensionne-programme-visa-pensionado\/\">Programme Retrait\u00e9 ou Pensionn\u00e9<\/a><\/li>\n\t<li id=\"menu-item-7439\" class=\"menu-item menu-item-type-post_type menu-item-object-page menu-item-7439\"><a title=\"Obtain Panama legal residency and Panama citizenship with a Self Economic Solvency Visa\" href=\"https:\/\/www.relofirm.com\/fr\/auto-panama-solvabilite-visa-economique\/\">Auto Visa de Solvabilit\u00e9 \u00c9conomique<\/a><\/li>\n\t<li id=\"menu-item-7443\" class=\"menu-item menu-item-type-post_type menu-item-object-page menu-item-7443\"><a href=\"https:\/\/www.relofirm.com\/fr\/reboisement-de-panama-visa-programme-dinvestissement\/\">Visa de Reboisement<\/a><\/li>\n\t<li id=\"menu-item-7440\" class=\"menu-item menu-item-type-post_type menu-item-object-page menu-item-7440\"><a title=\"Become temporary residents of Panama by investing in farms, aquaculture, and agriculture in the Republic of Panama\" href=\"https:\/\/www.relofirm.com\/fr\/programme-de-panama-investisseurs-agricole\/\">Programme Investinord Agricole<\/a><\/li>\n\t<li id=\"menu-item-7441\" class=\"menu-item menu-item-type-post_type menu-item-object-page menu-item-7441\"><a href=\"https:\/\/www.relofirm.com\/fr\/programme-de-panama-investor-affaires\/\">Programme Investinord Affaires<\/a><\/li>\n\t<li id=\"menu-item-7442\" class=\"menu-item menu-item-type-post_type menu-item-object-page menu-item-7442\"><a href=\"https:\/\/www.relofirm.com\/fr\/programme-investisseurs-de-la-taxe-gratuit-processing-zone\/\">Investisseurs Programme de la Gratuit Taxe Processing Zone<\/a><\/li>\n\t<li id=\"menu-item-7445\" class=\"menu-item menu-item-type-post_type menu-item-object-page menu-item-7445\"><a href=\"https:\/\/www.relofirm.com\/fr\/visa-de-travail-de-la-ville-de-panama-de-la-connaissance\/\">Visa de Travail de Ville de la Connaissance<\/a><\/li>\n\t<li id=\"menu-item-7446\" class=\"menu-item menu-item-type-post_type menu-item-object-page menu-item-7446\"><a title=\"Missionary visa program allows foreign missionaries to obtain legal residency in Panama\" href=\"https:\/\/www.relofirm.com\/fr\/panama-visa-missionnaire\/\">Visa d&rsquo;Missionnaire<\/a><\/li>\n\t<li id=\"menu-item-7447\" class=\"menu-item menu-item-type-post_type menu-item-object-page menu-item-7447\"><a title=\"Student Visa program allows foreign students to obtain legal residency in Panama.\" href=\"https:\/\/www.relofirm.com\/fr\/panama-visa-detudiant\/\">Visa d&rsquo;\u00c9tudiant<\/a><\/li>\n\t<li id=\"menu-item-7448\" class=\"menu-item menu-item-type-post_type menu-item-object-page menu-item-7448\"><a href=\"https:\/\/www.relofirm.com\/fr\/panama-visa-de-entree-et-sortie-multiples\/\">Visa de Entr\u00e9e et Sortie Multiples<\/a><\/li>\n\t<li id=\"menu-item-7449\" class=\"menu-item menu-item-type-post_type menu-item-object-page menu-item-7449\"><a title=\"Tourist visa is a formal visa to enter Panama for those countries who are not allowed to come in with a simple tourist card.\" href=\"https:\/\/www.relofirm.com\/fr\/panama-visa-touriste\/\">Visa d&rsquo;Touriste<\/a><\/li>\n\t<li id=\"menu-item-7450\" class=\"menu-item menu-item-type-post_type menu-item-object-page menu-item-7450\"><a title=\"Panama maritime visas available for seamen and crew members entering Panama ports.\" href=\"https:\/\/www.relofirm.com\/fr\/maritime-du-panama-visa\/\">Marine Visa<\/a><\/li>\n\t<li id=\"menu-item-7451\" class=\"menu-item menu-item-type-post_type menu-item-object-page menu-item-7451\"><a title=\"Panama Specialist Workers Visa provides businesses that hire a foreigner as a specialist to obtain this visa.\" href=\"https:\/\/www.relofirm.com\/fr\/panama-visa-de-travailleurs-specialises\/\">Visa de Travailleurs Sp\u00e9cialis\u00e9s<\/a><\/li>\n\t<li id=\"menu-item-7452\" class=\"menu-item menu-item-type-post_type menu-item-object-page menu-item-7452\"><a href=\"https:\/\/www.relofirm.com\/fr\/panama-visa-pour-culturelles-sportives-ou-education-des-travailleurs-temporaires\/\">Visa pour Culturelles, Sportives, ou d&rsquo;\u00c9ducation des Travailleurs Temporaires<\/a><\/li>\n\t<li id=\"menu-item-7453\" class=\"menu-item menu-item-type-post_type menu-item-object-page menu-item-7453\"><a title=\"Domestic Workers Visa provides that a Panamanian national or a temporary or permanent resident that hires a foreigner to labor as a domestic worker will be able to request this visa\" href=\"https:\/\/www.relofirm.com\/fr\/panama-visa-de-travailleurs-domestiques\/\">Visa de Travailleurs Domestiques<\/a><\/li>\n\t<li id=\"menu-item-7454\" class=\"menu-item menu-item-type-post_type menu-item-object-page menu-item-7454\"><a href=\"https:\/\/www.relofirm.com\/fr\/panama-visas-de-court-sejour\/\">Visas de Court S\u00e9jour<\/a><\/li>\n\t<li id=\"menu-item-7455\" class=\"menu-item menu-item-type-post_type menu-item-object-page menu-item-7455\"><a href=\"https:\/\/www.relofirm.com\/fr\/panama-visa-pour-les-passagers-et-membres-equipage-des-navires-de-plaisance-ou-de-tourisme\/\">Visa pour les Passagers et Membres d&rsquo;\u00c9quipage des Navires de Plaisance ou de Tourisme<\/a><\/li>\n\t<li id=\"menu-item-7456\" class=\"menu-item menu-item-type-post_type menu-item-object-page menu-item-7456\"><a href=\"https:\/\/www.relofirm.com\/fr\/panama-visas-temporaires-de-residence\/\">Visas Temporaires de R\u00e9sidence<\/a><\/li>\n\t<li id=\"menu-item-7457\" class=\"menu-item menu-item-type-post_type menu-item-object-page menu-item-7457\"><a href=\"https:\/\/www.relofirm.com\/fr\/residence-temporaire-pour-des-raisons-speciales\/\">R\u00e9sidence Temporaire pour des Raisons Sp\u00e9ciales<\/a><\/li>\n\t<li id=\"menu-item-9800\" class=\"menu-item menu-item-type-post_type menu-item-object-page menu-item-9800\"><a href=\"https:\/\/www.relofirm.com\/fr\/panama-permis-temporaire-pour-raisons-humanitaires\/\">Panama Permis Temporaire pour Raisons Humanitaires<\/a><\/li>\n\t<li id=\"menu-item-7460\" class=\"menu-item menu-item-type-post_type menu-item-object-page menu-item-7460\"><a title=\"Panama created Special Policies Visas with 4 Special Policy Visas\" href=\"https:\/\/www.relofirm.com\/fr\/panama-visas-de-politiques-speciales\/\">Visas de Politiques Sp\u00e9ciales<\/a><\/li>\n\t<li id=\"menu-item-7461\" class=\"menu-item menu-item-type-post_type menu-item-object-page menu-item-7461\"><a title=\"Panama offers family regrouping visas like married to a Panamanian and dependants of permanent residents visas.\" href=\"https:\/\/www.relofirm.com\/fr\/panama-visas-de-regroupement-familial\/\">Visas de Regroupement Familial<\/a><\/li>\n\t<li id=\"menu-item-7462\" class=\"menu-item menu-item-type-post_type menu-item-object-page menu-item-7462\"><a href=\"https:\/\/www.relofirm.com\/fr\/panama-les-etrangers-sous-la-protection-de-letat-les-refugies\/\">Les \u00c9trangers sous la Protection de l&rsquo;Etat (les R\u00e9fugi\u00e9s)<\/a><\/li>\n\t<li id=\"menu-item-7463\" class=\"menu-item menu-item-type-post_type menu-item-object-page menu-item-7463\"><a href=\"https:\/\/www.relofirm.com\/fr\/changer-de-panama-statut-migratoire\/\">Changement de Statut Migratoire Proc\u00e9dures<\/a><\/li>\n\t<li id=\"menu-item-7466\" class=\"menu-item menu-item-type-post_type menu-item-object-page menu-item-7466\"><a title=\"Panama migratory control of foreigners with issuing visas.\" href=\"https:\/\/www.relofirm.com\/fr\/panama-migrateurs-controle\/\">Contr\u00f4le Migrateurs<\/a><\/li>\n\t<li id=\"menu-item-7465\" class=\"menu-item menu-item-type-post_type menu-item-object-page menu-item-7465\"><a href=\"https:\/\/www.relofirm.com\/fr\/amener-vos-animaux-de-compagnie-a-panama\/\">Animaux Immigration<\/a><\/li>\n<\/ul>\n<\/li>\n<li id=\"menu-item-7437\" class=\"menu-item menu-item-type-post_type menu-item-object-page menu-item-7437\"><a title=\"Panama law firm offering Panama immigration services including all Panama residency visas and citizenship in Panama\" href=\"https:\/\/www.relofirm.com\/fr\/panama-immigration-et-visas-de-residence\/\">Panama Immigration et Visas<\/a><\/li>\n<\/ul><\/div>\n<hr \/>\n<p>L&rsquo;immigration du Panama a \u00e9limin\u00e9 l&rsquo;exigence d&rsquo;une sortie multiples et de visa d&rsquo;entr\u00e9e pour tous les visas temporaires et 1 an r\u00e9sidents permanents qui ont re\u00e7u un visa d&rsquo;approbation. R\u00e9sidence temporaire signifie que l&rsquo;immigration a approuv\u00e9 un visa de r\u00e9sidence temporaire, soit pour une ann\u00e9e ou deux ans par le biais d&rsquo;une r\u00e9solution officielle (selon le type de visa que la requ\u00e9rante demande).<\/p>\n<p>Pour tous les demandeurs de visa (temporaire ou de r\u00e9sident permanent), avant que votre visa de r\u00e9sidence est approuv\u00e9e par une r\u00e9solution formelle, l&rsquo;immigration des questions toujours un \u00abtraitement de cartes 3 mois\u00a0\u00bb, ce qui permet au demandeur d&rsquo;un visa d&rsquo;rester l\u00e9galement au Panama durant les 3 mois, jusqu&rsquo;\u00e0 ce que le visa temporaire ou de r\u00e9sidence permanente est approuv\u00e9. Si cela prend plus de 3 mois pour le visa (temporaire ou permanente de r\u00e9sidence) d&rsquo;\u00eatre approuv\u00e9, le \u00ab\u00a0traitement de cartes 3 mois\u00bb doit \u00eatre renouvel\u00e9e et \u00e9trangers extended.All qui ont un \u00abtraitement de cartes 3 mois\u00a0\u00bb doivent obtenir une sortie multiples et permis d&rsquo;entr\u00e9e si elles veulent \u00eatre en mesure de quitter et de rentrer au pays pendant la p\u00e9riode o\u00f9 ils sont en attente pour l&rsquo;obtention du visa.<\/p>\n<hr \/>\n<p><strong>PANAMA ENTR\u00c9E MULTIPLE &amp; PROGRAMME visa de sortie<\/strong><\/p>\n<p>International Relocation Firm peuvent aider les \u00e9trangers \u00e0 acqu\u00e9rir un panama \u00e0 entr\u00e9es multiples et un visa de sortie.<\/p>\n<p>Le Gouvernement de la R\u00e9publique du Panama accorde des visas de r\u00e9sidence pour les \u00e9trangers afin qu&rsquo;ils puissent \u00e9tablir leur r\u00e9sidence permanente et de s\u00e9journer sur le territoire de la R\u00e9publique de Panama.<\/p>\n<p>Un \u00abimmigrant\u00bb est un \u00e9tranger ou un touriste qui a fait une demande de visa de r\u00e9sident au Panama.<\/p>\n<p>Un \u00abr\u00e9sident\u00bb est un \u00e9tranger ou un touriste qui a compl\u00e9t\u00e9 un r\u00e9sident du Panama Visa programme d&rsquo;application et a obtenu une carte de r\u00e9sident permanent du Panama.<\/p>\n<p>L&rsquo;article 264 du d\u00e9cret ex\u00e9cutif n \u00b0 320 du 8 ao\u00fbt 2008 a supprim\u00e9 l&rsquo;obligation pour les \u00e9trangers qui sont des r\u00e9sidents du Panama au Panama pour obtenir une entr\u00e9es \/ sorties multiples Permis de leurs passeports. Ceci s&rsquo;applique \u00e0:<\/p>\n<p>1. Les personnes qui ont actuellement une c\u00e9dule panam\u00e9enne;<br \/>\n2. Les personnes qui ont un permis de s\u00e9jour provisoire au Panama pour un an;<br \/>\nPersonnes 3.Those qui ont un permis temporaire de Panama pour un ou deux ans et;<br \/>\n4. Les personnes qui ont un carnet de retrait\u00e9s pensionn\u00e9s (\u00abjubilados pensionados\u00a0\u00bb).<\/p>\n<p>Lors de l&rsquo;entr\u00e9e du Panama aupr\u00e8s des autorit\u00e9s d&rsquo;immigration de l&rsquo;a\u00e9roport sera l&rsquo;honneur du cedula ou carnet respectifs.<\/p>\n<p>Les seules personnes qui ont encore besoin de Panama entr\u00e9es \/ sorties multiples permettent seront ceux qui lancent leur statut de r\u00e9sidence et avoir un carnet valide pour trois mois. Les frais du gouvernement dans ce cas est de 50 $.<\/p>\n<hr \/>\n<p><strong>PANAMA MULTIPLES D&rsquo;ENTREE \/ SORTIE DES VISAS<\/strong><\/p>\n<p>Panama Le multiple entr\u00e9e \/ sortie de visa ne sera autoris\u00e9e pour une dur\u00e9e maximale de trois (3) mois ou la dur\u00e9e de validit\u00e9 de la \u00abtransformation de carte \/ de visa temporaire de trois mois\u00a0\u00bb, cela d\u00e9pendra de l&rsquo;\u00e9valuation de la demande, le respect des les exigences et la demande du requ\u00e9rant.<\/p>\n<p>La demande pour le Panama multiples d&rsquo;entr\u00e9e \/ sortie visas peuvent \u00eatre pr\u00e9sent\u00e9es en personne ou par procuration l\u00e9gale. La proc\u00e9dure n\u00e9cessite les \u00e9l\u00e9ments suivants:<\/p>\n<p>1. Demande pour le Panama multiples d&rsquo;entr\u00e9e \/ sortie de visa;<\/p>\n<p>2. Original et une copie du passeport en vigueur, qui montrent que leur s\u00e9jour au Panama est l\u00e9gal;<\/p>\n<p>3. Original et une copie de la carte de Panama identit\u00e9 d&rsquo;immigration (le cas \u00e9ch\u00e9ant);<\/p>\n<p>4. Preuve de solvabilit\u00e9;<\/p>\n<p>5. Accr\u00e9ditation de l&rsquo;\u00e9tat en tant que commer\u00e7ant ou entrepreneur ou les raisons pour lesquelles cette autorisation est requise. Si l&rsquo;\u00e9tranger est invit\u00e9 par une entreprise, il doit se soumettre:<br \/>\na. Lettre d&rsquo;invitation de l&rsquo;entreprise, sign\u00e9 par le gestionnaire ou son repr\u00e9sentant l\u00e9gal, avec copie de sa pi\u00e8ce d&rsquo;identit\u00e9;<br \/>\nb. Une copie du certificat du registre public de l&rsquo;entreprise;<br \/>\nC. Lettre de r\u00e9f\u00e9rence bancaire de l&rsquo;entreprise.<\/p>\n<p>Tous les r\u00e9sidents temporaires ou permanents du Panama ont la capacit\u00e9 d&rsquo;entrer et de quitter le Panama, sans besoin d&rsquo;autorisation pr\u00e9alable du Service National de l&rsquo;Immigration, \u00e0 l&rsquo;exception des cas o\u00f9 les autorit\u00e9s comp\u00e9tentes des mesures pr\u00e9ventives s&rsquo;interposer ou de restrictions d&rsquo;entr\u00e9e ou de sortie.<\/p>\n<hr \/>\n<p><strong>Validit\u00e9:<\/strong><br \/>\nLe Panama entr\u00e9es \/ sorties multiples de visa est valide pour trois (3) mois.<\/p>\n<hr \/>\n<p><strong>Calendrier:<\/strong><br \/>\nIl faut environ cinq jours ouvrables (5) pour traiter l&rsquo;entr\u00e9e du Panama multiples et un visa de sortie au bureau d&rsquo;immigration.<\/p>\n<hr \/>\n<p><strong>Documents requis (pour l&rsquo;immigration de traitement) de Panama, le multiple entr\u00e9e et de sortie de Visa:<\/strong><br \/>\n1. Original et photocopie du passeport valide compl\u00e8te du demandeur, y compris la page d&rsquo;image (qui montre l&rsquo;image, nom, date de naissance, num\u00e9ro de passeport, lieu de d\u00e9livrance, etc), et toutes les autres pages (toutes les pages du passeport).<\/p>\n<p>2. Deux photos d&rsquo;identit\u00e9 (2) taille du demandeur.<\/p>\n<p>3. Une copie de votre carte provisoire ou r\u00e9sident.<\/p>\n<hr \/>\n<p><strong>Documents que notre cabinet vous fournira:<\/strong><\/p>\n<p><strong>1. Procuration sp\u00e9ciale,<\/strong> sign\u00e9e par le requ\u00e9rant, l&rsquo;autorisant notre cabinet d&rsquo;avocats pour traiter les documents d&rsquo;immigration pour les entr\u00e9es multiples et sortie Visa.<\/p>\n<hr \/>\n<p><strong>Panama Offshore l\u00e9gales Frais de services:<\/strong><\/p>\n<p>Frais juridiques &#8211; Panama multiples entr\u00e9e et de sortie de visa: 200 $ US.<br \/>\nDroits gouvernementaux et des co\u00fbts (1 an ou moins): 50 $ US.<\/p>\n<hr \/>\n<p>Si vous \u00eates int\u00e9ress\u00e9 \u00e0 d\u00e9m\u00e9nager au Panama, ou d&rsquo;obtenir une r\u00e9sidence l\u00e9gale au Panama, s&rsquo;il vous pla\u00eet nous contacter pour une consultation personnelle avec le International Relocation Firm.<\/p>\n<hr \/>\n","protected":false},"excerpt":{"rendered":"<p>L&rsquo;immigration du Panama a \u00e9limin\u00e9 l&rsquo;exigence d&rsquo;une sortie multiples et de visa d&rsquo;entr\u00e9e pour tous les visas temporaires et 1 an r\u00e9sidents permanents qui ont re\u00e7u un visa d&rsquo;approbation. R\u00e9sidence temporaire signifie que l&rsquo;immigration a approuv\u00e9 un visa de r\u00e9sidence temporaire, soit pour une ann\u00e9e ou deux ans par le biais d&rsquo;une r\u00e9solution officielle (selon [&hellip;]<\/p>\n","protected":false},"author":10,"featured_media":0,"parent":0,"menu_order":0,"comment_status":"closed","ping_status":"closed","template":"","meta":{"_et_pb_use_builder":"","_et_pb_old_content":"","_et_gb_content_width":"","inline_featured_image":false},"yoast_head":"<!-- This site is optimized with the Yoast SEO plugin v18.5.1 - https:\/\/yoast.com\/wordpress\/plugins\/seo\/ -->\n<title>Panama, Visa de Entr\u00e9e et Sortie Multiples - International Relocation Firm<\/title>\n<meta name=\"robots\" content=\"index, follow, max-snippet:-1, max-image-preview:large, max-video-preview:-1\" \/>\n<link rel=\"canonical\" href=\"https:\/\/www.relofirm.com\/fr\/panama-visa-de-entree-et-sortie-multiples\/\" \/>\n<meta property=\"og:locale\" content=\"fr_FR\" \/>\n<meta property=\"og:type\" content=\"article\" \/>\n<meta property=\"og:title\" content=\"Panama, Visa de Entr\u00e9e et Sortie Multiples - International Relocation Firm\" \/>\n<meta property=\"og:description\" content=\"L&rsquo;immigration du Panama a \u00e9limin\u00e9 l&rsquo;exigence d&rsquo;une sortie multiples et de visa d&rsquo;entr\u00e9e pour tous les visas temporaires et 1 an r\u00e9sidents permanents qui ont re\u00e7u un visa d&rsquo;approbation. R\u00e9sidence temporaire signifie que l&rsquo;immigration a approuv\u00e9 un visa de r\u00e9sidence temporaire, soit pour une ann\u00e9e ou deux ans par le biais d&rsquo;une r\u00e9solution officielle (selon [&hellip;]\" \/>\n<meta property=\"og:url\" content=\"https:\/\/www.relofirm.com\/fr\/panama-visa-de-entree-et-sortie-multiples\/\" \/>\n<meta property=\"og:site_name\" content=\"International Relocation Firm\" \/>\n<meta property=\"article:publisher\" content=\"https:\/\/www.facebook.com\/ReloFirm\/\" \/>\n<meta property=\"article:modified_time\" content=\"2020-01-22T16:23:14+00:00\" \/>\n<meta name=\"twitter:label1\" content=\"Dur\u00e9e de lecture estim\u00e9e\" \/>\n\t<meta name=\"twitter:data1\" content=\"5 minutes\" \/>\n<!-- \/ Yoast SEO plugin. -->","yoast_head_json":{"title":"Panama, Visa de Entr\u00e9e et Sortie Multiples - International Relocation Firm","robots":{"index":"index","follow":"follow","max-snippet":"max-snippet:-1","max-image-preview":"max-image-preview:large","max-video-preview":"max-video-preview:-1"},"canonical":"https:\/\/www.relofirm.com\/fr\/panama-visa-de-entree-et-sortie-multiples\/","og_locale":"fr_FR","og_type":"article","og_title":"Panama, Visa de Entr\u00e9e et Sortie Multiples - International Relocation Firm","og_description":"L&rsquo;immigration du Panama a \u00e9limin\u00e9 l&rsquo;exigence d&rsquo;une sortie multiples et de visa d&rsquo;entr\u00e9e pour tous les visas temporaires et 1 an r\u00e9sidents permanents qui ont re\u00e7u un visa d&rsquo;approbation. R\u00e9sidence temporaire signifie que l&rsquo;immigration a approuv\u00e9 un visa de r\u00e9sidence temporaire, soit pour une ann\u00e9e ou deux ans par le biais d&rsquo;une r\u00e9solution officielle (selon [&hellip;]","og_url":"https:\/\/www.relofirm.com\/fr\/panama-visa-de-entree-et-sortie-multiples\/","og_site_name":"International Relocation Firm","article_publisher":"https:\/\/www.facebook.com\/ReloFirm\/","article_modified_time":"2020-01-22T16:23:14+00:00","twitter_misc":{"Dur\u00e9e de lecture estim\u00e9e":"5 minutes"},"schema":{"@context":"https:\/\/schema.org","@graph":[{"@type":"Organization","@id":"https:\/\/www.relofirm.com\/#organization","name":"International Relocation Firm","url":"https:\/\/www.relofirm.com\/","sameAs":["https:\/\/www.facebook.com\/ReloFirm\/","https:\/\/www.linkedin.com\/company\/relo-firm","https:\/\/twitter.com\/polslegal"],"logo":{"@type":"ImageObject","@id":"https:\/\/www.relofirm.com\/#logo","inLanguage":"fr-FR","url":"https:\/\/www.relofirm.com\/wp-content\/uploads\/2021\/11\/relofirm-logo.svg","contentUrl":"https:\/\/www.relofirm.com\/wp-content\/uploads\/2021\/11\/relofirm-logo.svg","width":1485,"height":516,"caption":"International Relocation Firm"},"image":{"@id":"https:\/\/www.relofirm.com\/#logo"}},{"@type":"WebSite","@id":"https:\/\/www.relofirm.com\/#website","url":"https:\/\/www.relofirm.com\/","name":"International Relocation Firm","description":"","publisher":{"@id":"https:\/\/www.relofirm.com\/#organization"},"potentialAction":[{"@type":"SearchAction","target":{"@type":"EntryPoint","urlTemplate":"https:\/\/www.relofirm.com\/?s={search_term_string}"},"query-input":"required name=search_term_string"}],"inLanguage":"fr-FR"},{"@type":"WebPage","@id":"https:\/\/www.relofirm.com\/fr\/panama-visa-de-entree-et-sortie-multiples\/#webpage","url":"https:\/\/www.relofirm.com\/fr\/panama-visa-de-entree-et-sortie-multiples\/","name":"Panama, Visa de Entr\u00e9e et Sortie Multiples - International Relocation Firm","isPartOf":{"@id":"https:\/\/www.relofirm.com\/#website"},"datePublished":"2010-09-30T05:00:00+00:00","dateModified":"2020-01-22T16:23:14+00:00","breadcrumb":{"@id":"https:\/\/www.relofirm.com\/fr\/panama-visa-de-entree-et-sortie-multiples\/#breadcrumb"},"inLanguage":"fr-FR","potentialAction":[{"@type":"ReadAction","target":["https:\/\/www.relofirm.com\/fr\/panama-visa-de-entree-et-sortie-multiples\/"]}]},{"@type":"BreadcrumbList","@id":"https:\/\/www.relofirm.com\/fr\/panama-visa-de-entree-et-sortie-multiples\/#breadcrumb","itemListElement":[{"@type":"ListItem","position":1,"name":"Home","item":"https:\/\/www.relofirm.com\/fr\/"},{"@type":"ListItem","position":2,"name":"Panama, Visa de Entr\u00e9e et Sortie Multiples"}]}]}},"_links":{"self":[{"href":"https:\/\/www.relofirm.com\/fr\/wp-json\/wp\/v2\/pages\/7252"}],"collection":[{"href":"https:\/\/www.relofirm.com\/fr\/wp-json\/wp\/v2\/pages"}],"about":[{"href":"https:\/\/www.relofirm.com\/fr\/wp-json\/wp\/v2\/types\/page"}],"author":[{"embeddable":true,"href":"https:\/\/www.relofirm.com\/fr\/wp-json\/wp\/v2\/users\/10"}],"replies":[{"embeddable":true,"href":"https:\/\/www.relofirm.com\/fr\/wp-json\/wp\/v2\/comments?post=7252"}],"version-history":[{"count":1,"href":"https:\/\/www.relofirm.com\/fr\/wp-json\/wp\/v2\/pages\/7252\/revisions"}],"predecessor-version":[{"id":7325,"href":"https:\/\/www.relofirm.com\/fr\/wp-json\/wp\/v2\/pages\/7252\/revisions\/7325"}],"wp:attachment":[{"href":"https:\/\/www.relofirm.com\/fr\/wp-json\/wp\/v2\/media?parent=7252"}],"curies":[{"name":"wp","href":"https:\/\/api.w.org\/{rel}","templated":true}]}}