{"id":7248,"date":"2010-09-29T00:00:00","date_gmt":"2010-09-29T05:00:00","guid":{"rendered":"https:\/\/relofirm.com\/pension_visa_benefits\/"},"modified":"2020-01-22T11:10:52","modified_gmt":"2020-01-22T16:10:52","slug":"avantages-et-reductions-davoir-un-visa-de-retraite","status":"publish","type":"page","link":"https:\/\/www.relofirm.com\/fr\/avantages-et-reductions-davoir-un-visa-de-retraite\/","title":{"rendered":"Avantages et R\u00e9ductions d&rsquo;avoir un Visa de Retraite"},"content":{"rendered":"<p> Panama, la loi \u00e9nonce de nombreux avantages et remises pour ses Pensionados. <br \/>\n\tIl ya 2 types de Pensionados au Panama:<\/p>\n<p> 1.  Age minimum 55 ans pour les femmes et 60 pour les hommes pour tous les r\u00e9sidents du Panama, qu&rsquo;ils soient panam\u00e9en ou de nationalit\u00e9s diff\u00e9rentes.<\/p>\n<p> 2.  Tous les d\u00e9tenteurs de visas Pensionado (ind\u00e9pendamment de l&rsquo;\u00e2ge) ont \u00e9galement droit \u00e0 ces prestations.<\/p>\n<hr>\n<p> <strong>Voici un r\u00e9sum\u00e9 des avantages:<\/strong> <br \/>\n\t&#8211; Une exemption d&rsquo;imp\u00f4t du temps de service pour les biens m\u00e9nagers jusqu&rsquo;\u00e0 concurrence d&rsquo;un total de 10 000 $. <br \/>\n\tExemption pour l&rsquo;importation d&rsquo;une nouvelle voiture tous les deux ans -. <br \/>\n\t&#8211; 50% de r\u00e9duction de divertissement partout dans le pays (films, concerts, sports) <br \/>\n\t&#8211; 30% de r\u00e9duction sur les tickets de bus, en bateau, et de former <br \/>\n\t&#8211; 25% de r\u00e9duction sur les billets d&rsquo;avion <br \/>\n\t&#8211; 50% sur s\u00e9jours \u00e0 l&rsquo;h\u00f4tel du lundi au jeudi <br \/>\n\t&#8211; 30% sur s\u00e9jours \u00e0 l&rsquo;h\u00f4tel du vendredi au dimanche <br \/>\n\t&#8211; 25% de r\u00e9duction dans les restaurants <br \/>\n\t&#8211; 15% de r\u00e9duction au fast-food <br \/>\n\t&#8211; 15% sur les factures d&rsquo;h\u00f4pital (si aucune assurance s&rsquo;applique) <br \/>\n\t&#8211; 10% des m\u00e9dicaments sur ordonnance <br \/>\n\t&#8211; 20% des consultations m\u00e9dicales <br \/>\n\t&#8211; 15% sur les examens dentaires et oculaires <br \/>\n\t&#8211; 20% sur les services professionnels et techniques <br \/>\n\t&#8211; R\u00e9duction de 50% les frais de cl\u00f4ture pour les pr\u00eats immobiliers <br \/>\n\t&#8211; Des r\u00e9ductions de 25% sur les factures d&rsquo;\u00e9lectricit\u00e9 <br \/>\n\t&#8211; 15% sur les pr\u00eats consentis \u00e0 votre nom <br \/>\n\t&#8211; 1% de moins sur les pr\u00eats hypoth\u00e9caires pour des maisons utilis\u00e9es pour la r\u00e9sidence personnelle<\/p>\n<p> Ce sont remises sur le dessus du prix d\u00e9j\u00e0 tr\u00e8s bas par rapport \u00e0 la <br \/>\n\tUSA, au Canada ou en Europe.<\/p>\n<hr>\n<p> Si vous \u00eates int\u00e9ress\u00e9 \u00e0 d\u00e9m\u00e9nager au Panama, ou d&rsquo;obtenir une r\u00e9sidence l\u00e9gale au Panama, s&rsquo;il vous pla\u00eet nous contacter pour une consultation personnelle.<\/p>\n<hr>\n","protected":false},"excerpt":{"rendered":"<p>Panama, la loi \u00e9nonce de nombreux avantages et remises pour ses Pensionados. Il ya 2 types de Pensionados au Panama: 1. Age minimum 55 ans pour les femmes et 60 pour les hommes pour tous les r\u00e9sidents du Panama, qu&rsquo;ils soient panam\u00e9en ou de nationalit\u00e9s diff\u00e9rentes. 2. Tous les d\u00e9tenteurs de visas Pensionado (ind\u00e9pendamment de [&hellip;]<\/p>\n","protected":false},"author":10,"featured_media":0,"parent":0,"menu_order":0,"comment_status":"closed","ping_status":"closed","template":"","meta":{"_et_pb_use_builder":"","_et_pb_old_content":"","_et_gb_content_width":"","inline_featured_image":false},"yoast_head":"<!-- This site is optimized with the Yoast SEO plugin v18.5.1 - https:\/\/yoast.com\/wordpress\/plugins\/seo\/ -->\n<title>Avantages et R\u00e9ductions d&#039;avoir un Visa de Retraite - International Relocation Firm<\/title>\n<meta name=\"robots\" content=\"index, follow, max-snippet:-1, max-image-preview:large, max-video-preview:-1\" \/>\n<link rel=\"canonical\" href=\"https:\/\/www.relofirm.com\/fr\/avantages-et-reductions-davoir-un-visa-de-retraite\/\" \/>\n<meta property=\"og:locale\" content=\"fr_FR\" \/>\n<meta property=\"og:type\" content=\"article\" \/>\n<meta property=\"og:title\" content=\"Avantages et R\u00e9ductions d&#039;avoir un Visa de Retraite - International Relocation Firm\" \/>\n<meta property=\"og:description\" content=\"Panama, la loi \u00e9nonce de nombreux avantages et remises pour ses Pensionados. Il ya 2 types de Pensionados au Panama: 1. Age minimum 55 ans pour les femmes et 60 pour les hommes pour tous les r\u00e9sidents du Panama, qu&rsquo;ils soient panam\u00e9en ou de nationalit\u00e9s diff\u00e9rentes. 2. Tous les d\u00e9tenteurs de visas Pensionado (ind\u00e9pendamment de [&hellip;]\" \/>\n<meta property=\"og:url\" content=\"https:\/\/www.relofirm.com\/fr\/avantages-et-reductions-davoir-un-visa-de-retraite\/\" \/>\n<meta property=\"og:site_name\" content=\"International Relocation Firm\" \/>\n<meta property=\"article:publisher\" content=\"https:\/\/www.facebook.com\/ReloFirm\/\" \/>\n<meta property=\"article:modified_time\" content=\"2020-01-22T16:10:52+00:00\" \/>\n<meta name=\"twitter:label1\" content=\"Dur\u00e9e de lecture estim\u00e9e\" \/>\n\t<meta name=\"twitter:data1\" content=\"2 minutes\" \/>\n<!-- \/ Yoast SEO plugin. -->","yoast_head_json":{"title":"Avantages et R\u00e9ductions d'avoir un Visa de Retraite - International Relocation Firm","robots":{"index":"index","follow":"follow","max-snippet":"max-snippet:-1","max-image-preview":"max-image-preview:large","max-video-preview":"max-video-preview:-1"},"canonical":"https:\/\/www.relofirm.com\/fr\/avantages-et-reductions-davoir-un-visa-de-retraite\/","og_locale":"fr_FR","og_type":"article","og_title":"Avantages et R\u00e9ductions d'avoir un Visa de Retraite - International Relocation Firm","og_description":"Panama, la loi \u00e9nonce de nombreux avantages et remises pour ses Pensionados. Il ya 2 types de Pensionados au Panama: 1. Age minimum 55 ans pour les femmes et 60 pour les hommes pour tous les r\u00e9sidents du Panama, qu&rsquo;ils soient panam\u00e9en ou de nationalit\u00e9s diff\u00e9rentes. 2. Tous les d\u00e9tenteurs de visas Pensionado (ind\u00e9pendamment de [&hellip;]","og_url":"https:\/\/www.relofirm.com\/fr\/avantages-et-reductions-davoir-un-visa-de-retraite\/","og_site_name":"International Relocation Firm","article_publisher":"https:\/\/www.facebook.com\/ReloFirm\/","article_modified_time":"2020-01-22T16:10:52+00:00","twitter_misc":{"Dur\u00e9e de lecture estim\u00e9e":"2 minutes"},"schema":{"@context":"https:\/\/schema.org","@graph":[{"@type":"Organization","@id":"https:\/\/www.relofirm.com\/#organization","name":"International Relocation Firm","url":"https:\/\/www.relofirm.com\/","sameAs":["https:\/\/www.facebook.com\/ReloFirm\/","https:\/\/www.linkedin.com\/company\/relo-firm","https:\/\/twitter.com\/polslegal"],"logo":{"@type":"ImageObject","@id":"https:\/\/www.relofirm.com\/#logo","inLanguage":"fr-FR","url":"https:\/\/www.relofirm.com\/wp-content\/uploads\/2021\/11\/relofirm-logo.svg","contentUrl":"https:\/\/www.relofirm.com\/wp-content\/uploads\/2021\/11\/relofirm-logo.svg","width":1485,"height":516,"caption":"International Relocation Firm"},"image":{"@id":"https:\/\/www.relofirm.com\/#logo"}},{"@type":"WebSite","@id":"https:\/\/www.relofirm.com\/#website","url":"https:\/\/www.relofirm.com\/","name":"International Relocation Firm","description":"","publisher":{"@id":"https:\/\/www.relofirm.com\/#organization"},"potentialAction":[{"@type":"SearchAction","target":{"@type":"EntryPoint","urlTemplate":"https:\/\/www.relofirm.com\/?s={search_term_string}"},"query-input":"required name=search_term_string"}],"inLanguage":"fr-FR"},{"@type":"WebPage","@id":"https:\/\/www.relofirm.com\/fr\/avantages-et-reductions-davoir-un-visa-de-retraite\/#webpage","url":"https:\/\/www.relofirm.com\/fr\/avantages-et-reductions-davoir-un-visa-de-retraite\/","name":"Avantages et R\u00e9ductions d'avoir un Visa de Retraite - International Relocation Firm","isPartOf":{"@id":"https:\/\/www.relofirm.com\/#website"},"datePublished":"2010-09-29T05:00:00+00:00","dateModified":"2020-01-22T16:10:52+00:00","breadcrumb":{"@id":"https:\/\/www.relofirm.com\/fr\/avantages-et-reductions-davoir-un-visa-de-retraite\/#breadcrumb"},"inLanguage":"fr-FR","potentialAction":[{"@type":"ReadAction","target":["https:\/\/www.relofirm.com\/fr\/avantages-et-reductions-davoir-un-visa-de-retraite\/"]}]},{"@type":"BreadcrumbList","@id":"https:\/\/www.relofirm.com\/fr\/avantages-et-reductions-davoir-un-visa-de-retraite\/#breadcrumb","itemListElement":[{"@type":"ListItem","position":1,"name":"Home","item":"https:\/\/www.relofirm.com\/fr\/"},{"@type":"ListItem","position":2,"name":"Avantages et R\u00e9ductions d&rsquo;avoir un Visa de Retraite"}]}]}},"_links":{"self":[{"href":"https:\/\/www.relofirm.com\/fr\/wp-json\/wp\/v2\/pages\/7248"}],"collection":[{"href":"https:\/\/www.relofirm.com\/fr\/wp-json\/wp\/v2\/pages"}],"about":[{"href":"https:\/\/www.relofirm.com\/fr\/wp-json\/wp\/v2\/types\/page"}],"author":[{"embeddable":true,"href":"https:\/\/www.relofirm.com\/fr\/wp-json\/wp\/v2\/users\/10"}],"replies":[{"embeddable":true,"href":"https:\/\/www.relofirm.com\/fr\/wp-json\/wp\/v2\/comments?post=7248"}],"version-history":[{"count":1,"href":"https:\/\/www.relofirm.com\/fr\/wp-json\/wp\/v2\/pages\/7248\/revisions"}],"predecessor-version":[{"id":8059,"href":"https:\/\/www.relofirm.com\/fr\/wp-json\/wp\/v2\/pages\/7248\/revisions\/8059"}],"wp:attachment":[{"href":"https:\/\/www.relofirm.com\/fr\/wp-json\/wp\/v2\/media?parent=7248"}],"curies":[{"name":"wp","href":"https:\/\/api.w.org\/{rel}","templated":true}]}}