{"id":7237,"date":"2010-09-29T00:00:00","date_gmt":"2010-09-29T05:00:00","guid":{"rendered":"https:\/\/relofirm.com\/countries_list_visa_free\/"},"modified":"2020-01-22T11:14:26","modified_gmt":"2020-01-22T16:14:26","slug":"immigration-et-visas-liste-des-pays","status":"publish","type":"page","link":"https:\/\/www.relofirm.com\/fr\/immigration-et-visas-liste-des-pays\/","title":{"rendered":"Immigration et Visas &#8211; Liste des Pays"},"content":{"rendered":"<p>01.  L&rsquo;Argentine <br \/>\n\t02.  L&rsquo;Autriche <br \/>\n\t03.  La Belgique <br \/>\n\t04.  Le Br\u00e9sil <br \/>\n\t05.  Le Chili <br \/>\n\t06.  Costa Rica <br \/>\n\t07.  Chypre <br \/>\n\t08.  L&rsquo;Egypte <br \/>\n\t09.  El Salvador <br \/>\n\t10.  Angleterre <br \/>\n\t11.  La Finlande <br \/>\n\t12.  France <br \/>\n\t13.  Allemagne <br \/>\n\t14.  La Gr\u00e8ce <br \/>\n\t15.  Le Guatemala <br \/>\n\t16.  Hollande <br \/>\n\t17.  Le Honduras <br \/>\n\t18.  La Hongrie <br \/>\n\t19.  Isra\u00ebl <br \/>\n\t20.  L&rsquo;Italie <br \/>\n\t21.  Luxembourg <br \/>\n\t22.  Le Nicaragua <br \/>\n\t23.  Le Paraguay <br \/>\n\t24.  La Pologne <br \/>\n\t25.  Le Portugal <br \/>\n\t26.  Singapur <br \/>\n\t27.  Espagne <br \/>\n\t28.  La Suisse <br \/>\n\t29.  L&rsquo;Uruguay <br \/>\n\t30.  Vatican<\/p>\n<p> *** La liste ci-dessus a \u00e9t\u00e9 v\u00e9rifi\u00e9e \u00e0 partir de F\u00e9vrier 2004.  Nous ne garantissons pas l&rsquo;exactitude des informations qu&rsquo;il peut changer \u00e0 tout moment sans pr\u00e9avis. <br \/>\n\t*** Il est assez facile d&rsquo;obtenir des visas d&rsquo;autres pays qui ne sont pas sur la liste ci-dessus. <br \/>\n\t*** L&rsquo;exemption de visa peuvent \u00eatre sujettes \u00e0 changement par des changements dans la politique du gouvernement, etc.  Contactez votre agent de voyage ou l&rsquo;ambassade pour plus de d\u00e9tails avant de voyager.<\/p>\n<hr>\n<p> Si vous \u00eates int\u00e9ress\u00e9 \u00e0 d\u00e9m\u00e9nager au Panama, ou d&rsquo;obtenir une r\u00e9sidence l\u00e9gale au Panama, s&rsquo;il vous pla\u00eet nous contacter pour une consultation personnelle.<\/p>\n<hr>\n","protected":false},"excerpt":{"rendered":"<p>01. L&rsquo;Argentine 02. L&rsquo;Autriche 03. La Belgique 04. Le Br\u00e9sil 05. Le Chili 06. Costa Rica 07. Chypre 08. L&rsquo;Egypte 09. El Salvador 10. Angleterre 11. La Finlande 12. France 13. Allemagne 14. La Gr\u00e8ce 15. Le Guatemala 16. Hollande 17. Le Honduras 18. La Hongrie 19. Isra\u00ebl 20. L&rsquo;Italie 21. Luxembourg 22. Le Nicaragua [&hellip;]<\/p>\n","protected":false},"author":10,"featured_media":0,"parent":0,"menu_order":0,"comment_status":"closed","ping_status":"closed","template":"","meta":{"_et_pb_use_builder":"","_et_pb_old_content":"","_et_gb_content_width":"","inline_featured_image":false},"yoast_head":"<!-- This site is optimized with the Yoast SEO plugin v18.5.1 - https:\/\/yoast.com\/wordpress\/plugins\/seo\/ -->\n<title>Immigration et Visas - Liste des Pays - International Relocation Firm<\/title>\n<meta name=\"robots\" content=\"index, follow, max-snippet:-1, max-image-preview:large, max-video-preview:-1\" \/>\n<link rel=\"canonical\" href=\"https:\/\/www.relofirm.com\/fr\/immigration-et-visas-liste-des-pays\/\" \/>\n<meta property=\"og:locale\" content=\"fr_FR\" \/>\n<meta property=\"og:type\" content=\"article\" \/>\n<meta property=\"og:title\" content=\"Immigration et Visas - Liste des Pays - International Relocation Firm\" \/>\n<meta property=\"og:description\" content=\"01. L&rsquo;Argentine 02. L&rsquo;Autriche 03. La Belgique 04. Le Br\u00e9sil 05. Le Chili 06. Costa Rica 07. Chypre 08. L&rsquo;Egypte 09. El Salvador 10. Angleterre 11. La Finlande 12. France 13. Allemagne 14. La Gr\u00e8ce 15. Le Guatemala 16. Hollande 17. Le Honduras 18. La Hongrie 19. Isra\u00ebl 20. L&rsquo;Italie 21. Luxembourg 22. Le Nicaragua [&hellip;]\" \/>\n<meta property=\"og:url\" content=\"https:\/\/www.relofirm.com\/fr\/immigration-et-visas-liste-des-pays\/\" \/>\n<meta property=\"og:site_name\" content=\"International Relocation Firm\" \/>\n<meta property=\"article:publisher\" content=\"https:\/\/www.facebook.com\/ReloFirm\/\" \/>\n<meta property=\"article:modified_time\" content=\"2020-01-22T16:14:26+00:00\" \/>\n<meta name=\"twitter:label1\" content=\"Dur\u00e9e de lecture estim\u00e9e\" \/>\n\t<meta name=\"twitter:data1\" content=\"1 minute\" \/>\n<!-- \/ Yoast SEO plugin. -->","yoast_head_json":{"title":"Immigration et Visas - Liste des Pays - International Relocation Firm","robots":{"index":"index","follow":"follow","max-snippet":"max-snippet:-1","max-image-preview":"max-image-preview:large","max-video-preview":"max-video-preview:-1"},"canonical":"https:\/\/www.relofirm.com\/fr\/immigration-et-visas-liste-des-pays\/","og_locale":"fr_FR","og_type":"article","og_title":"Immigration et Visas - Liste des Pays - International Relocation Firm","og_description":"01. L&rsquo;Argentine 02. L&rsquo;Autriche 03. La Belgique 04. Le Br\u00e9sil 05. Le Chili 06. Costa Rica 07. Chypre 08. L&rsquo;Egypte 09. El Salvador 10. Angleterre 11. La Finlande 12. France 13. Allemagne 14. La Gr\u00e8ce 15. Le Guatemala 16. Hollande 17. Le Honduras 18. La Hongrie 19. Isra\u00ebl 20. L&rsquo;Italie 21. Luxembourg 22. Le Nicaragua [&hellip;]","og_url":"https:\/\/www.relofirm.com\/fr\/immigration-et-visas-liste-des-pays\/","og_site_name":"International Relocation Firm","article_publisher":"https:\/\/www.facebook.com\/ReloFirm\/","article_modified_time":"2020-01-22T16:14:26+00:00","twitter_misc":{"Dur\u00e9e de lecture estim\u00e9e":"1 minute"},"schema":{"@context":"https:\/\/schema.org","@graph":[{"@type":"Organization","@id":"https:\/\/www.relofirm.com\/#organization","name":"International Relocation Firm","url":"https:\/\/www.relofirm.com\/","sameAs":["https:\/\/www.facebook.com\/ReloFirm\/","https:\/\/www.linkedin.com\/company\/relo-firm","https:\/\/twitter.com\/polslegal"],"logo":{"@type":"ImageObject","@id":"https:\/\/www.relofirm.com\/#logo","inLanguage":"fr-FR","url":"https:\/\/www.relofirm.com\/wp-content\/uploads\/2021\/11\/relofirm-logo.svg","contentUrl":"https:\/\/www.relofirm.com\/wp-content\/uploads\/2021\/11\/relofirm-logo.svg","width":1485,"height":516,"caption":"International Relocation Firm"},"image":{"@id":"https:\/\/www.relofirm.com\/#logo"}},{"@type":"WebSite","@id":"https:\/\/www.relofirm.com\/#website","url":"https:\/\/www.relofirm.com\/","name":"International Relocation Firm","description":"","publisher":{"@id":"https:\/\/www.relofirm.com\/#organization"},"potentialAction":[{"@type":"SearchAction","target":{"@type":"EntryPoint","urlTemplate":"https:\/\/www.relofirm.com\/?s={search_term_string}"},"query-input":"required name=search_term_string"}],"inLanguage":"fr-FR"},{"@type":"WebPage","@id":"https:\/\/www.relofirm.com\/fr\/immigration-et-visas-liste-des-pays\/#webpage","url":"https:\/\/www.relofirm.com\/fr\/immigration-et-visas-liste-des-pays\/","name":"Immigration et Visas - Liste des Pays - International Relocation Firm","isPartOf":{"@id":"https:\/\/www.relofirm.com\/#website"},"datePublished":"2010-09-29T05:00:00+00:00","dateModified":"2020-01-22T16:14:26+00:00","breadcrumb":{"@id":"https:\/\/www.relofirm.com\/fr\/immigration-et-visas-liste-des-pays\/#breadcrumb"},"inLanguage":"fr-FR","potentialAction":[{"@type":"ReadAction","target":["https:\/\/www.relofirm.com\/fr\/immigration-et-visas-liste-des-pays\/"]}]},{"@type":"BreadcrumbList","@id":"https:\/\/www.relofirm.com\/fr\/immigration-et-visas-liste-des-pays\/#breadcrumb","itemListElement":[{"@type":"ListItem","position":1,"name":"Home","item":"https:\/\/www.relofirm.com\/fr\/"},{"@type":"ListItem","position":2,"name":"Immigration et Visas &#8211; Liste des Pays"}]}]}},"_links":{"self":[{"href":"https:\/\/www.relofirm.com\/fr\/wp-json\/wp\/v2\/pages\/7237"}],"collection":[{"href":"https:\/\/www.relofirm.com\/fr\/wp-json\/wp\/v2\/pages"}],"about":[{"href":"https:\/\/www.relofirm.com\/fr\/wp-json\/wp\/v2\/types\/page"}],"author":[{"embeddable":true,"href":"https:\/\/www.relofirm.com\/fr\/wp-json\/wp\/v2\/users\/10"}],"replies":[{"embeddable":true,"href":"https:\/\/www.relofirm.com\/fr\/wp-json\/wp\/v2\/comments?post=7237"}],"version-history":[{"count":1,"href":"https:\/\/www.relofirm.com\/fr\/wp-json\/wp\/v2\/pages\/7237\/revisions"}],"predecessor-version":[{"id":8091,"href":"https:\/\/www.relofirm.com\/fr\/wp-json\/wp\/v2\/pages\/7237\/revisions\/8091"}],"wp:attachment":[{"href":"https:\/\/www.relofirm.com\/fr\/wp-json\/wp\/v2\/media?parent=7237"}],"curies":[{"name":"wp","href":"https:\/\/api.w.org\/{rel}","templated":true}]}}