{"id":7229,"date":"2010-09-18T00:00:00","date_gmt":"2010-09-18T05:00:00","guid":{"rendered":"https:\/\/relofirm.com\/reference_letter\/"},"modified":"2020-01-22T11:15:25","modified_gmt":"2020-01-22T16:15:25","slug":"lettre-de-reference","status":"publish","type":"page","link":"https:\/\/www.relofirm.com\/fr\/lettre-de-reference\/","title":{"rendered":"Lettre de R\u00e9f\u00e9rence"},"content":{"rendered":"<p><strong>ABC Bank<\/strong> <br \/>\n\t123 ABC Street, Toronto, Canada <br \/>\n\tT\u00e9l: 555-555-5555 <br \/>\n\tT\u00e9l\u00e9copieur: 444-444-4444 <br \/>\n\tURL: www.abcbank.com <br \/>\n\tEmail: info@abcbank.com\n<\/p>\n<p> Date de: Janvier 30, 2004<\/p>\n<p> \u00c0 qui de droit:<\/p>\n<p> Ceci est pour confirmer que M. Joe Smith est actuellement un client de notre institution bancaire, et a maintenu une relation bancaire satisfaisante avec notre banque depuis F\u00e9vrier 1999.<\/p>\n<p> M. Smith a actuellement des d\u00e9p\u00f4ts dans un compte d&rsquo;\u00e9pargne personnelle dans un montant de 5 chiffres.<\/p>\n<p> Cette r\u00e9f\u00e9rence est d\u00e9livr\u00e9 pour l&rsquo;int\u00e9ress\u00e9, et n&rsquo;impose aucune responsabilit\u00e9 \u00e0 la banque.<\/p>\n<p> Cordialement,<\/p>\n<p>(Signature de l&rsquo;agent bancaire) <br \/>\n\t____________________________ <br \/>\n\t<strong>James Banker<\/strong><br \/>\n\tT\u00e9l: 555-555-5555 <br \/>\n\tT\u00e9l\u00e9copieur: 444-444-4444 <br \/>\n\tEmail: jbanker@abcbank.com\n<\/p>\n<\/p>\n<hr>\n","protected":false},"excerpt":{"rendered":"<p>ABC Bank 123 ABC Street, Toronto, Canada T\u00e9l: 555-555-5555 T\u00e9l\u00e9copieur: 444-444-4444 URL: www.abcbank.com Email: info@abcbank.com Date de: Janvier 30, 2004 \u00c0 qui de droit: Ceci est pour confirmer que M. Joe Smith est actuellement un client de notre institution bancaire, et a maintenu une relation bancaire satisfaisante avec notre banque depuis F\u00e9vrier 1999. M. Smith [&hellip;]<\/p>\n","protected":false},"author":10,"featured_media":0,"parent":0,"menu_order":0,"comment_status":"closed","ping_status":"closed","template":"","meta":{"_et_pb_use_builder":"","_et_pb_old_content":"","_et_gb_content_width":"","inline_featured_image":false,"footnotes":""},"class_list":["post-7229","page","type-page","status-publish","hentry"],"yoast_head":"<!-- This site is optimized with the Yoast SEO plugin v27.5 - https:\/\/yoast.com\/product\/yoast-seo-wordpress\/ -->\n<title>Lettre de R\u00e9f\u00e9rence - International Relocation Firm<\/title>\n<meta name=\"robots\" content=\"index, follow, max-snippet:-1, max-image-preview:large, max-video-preview:-1\" \/>\n<link rel=\"canonical\" href=\"https:\/\/www.relofirm.com\/fr\/lettre-de-reference\/\" \/>\n<meta name=\"twitter:label1\" content=\"Dur\u00e9e de lecture estim\u00e9e\" \/>\n\t<meta name=\"twitter:data1\" content=\"1 minute\" \/>\n<!-- \/ Yoast SEO plugin. -->","yoast_head_json":{"title":"Lettre de R\u00e9f\u00e9rence - International Relocation Firm","robots":{"index":"index","follow":"follow","max-snippet":"max-snippet:-1","max-image-preview":"max-image-preview:large","max-video-preview":"max-video-preview:-1"},"canonical":"https:\/\/www.relofirm.com\/fr\/lettre-de-reference\/","twitter_misc":{"Dur\u00e9e de lecture estim\u00e9e":"1 minute"},"schema":{"@context":"https:\/\/schema.org","@graph":[{"@type":"WebPage","@id":"https:\/\/www.relofirm.com\/fr\/lettre-de-reference\/","url":"https:\/\/www.relofirm.com\/fr\/lettre-de-reference\/","name":"Lettre de R\u00e9f\u00e9rence - International Relocation Firm","isPartOf":{"@id":"https:\/\/www.relofirm.com\/#website"},"datePublished":"2010-09-18T05:00:00+00:00","dateModified":"2020-01-22T16:15:25+00:00","breadcrumb":{"@id":"https:\/\/www.relofirm.com\/fr\/lettre-de-reference\/#breadcrumb"},"inLanguage":"fr-FR","potentialAction":[{"@type":"ReadAction","target":["https:\/\/www.relofirm.com\/fr\/lettre-de-reference\/"]}]},{"@type":"BreadcrumbList","@id":"https:\/\/www.relofirm.com\/fr\/lettre-de-reference\/#breadcrumb","itemListElement":[{"@type":"ListItem","position":1,"name":"Home","item":"https:\/\/www.relofirm.com\/fr\/"},{"@type":"ListItem","position":2,"name":"Lettre de R\u00e9f\u00e9rence"}]},{"@type":"WebSite","@id":"https:\/\/www.relofirm.com\/#website","url":"https:\/\/www.relofirm.com\/","name":"International Relocation Firm","description":"","publisher":{"@id":"https:\/\/www.relofirm.com\/#organization"},"potentialAction":[{"@type":"SearchAction","target":{"@type":"EntryPoint","urlTemplate":"https:\/\/www.relofirm.com\/?s={search_term_string}"},"query-input":{"@type":"PropertyValueSpecification","valueRequired":true,"valueName":"search_term_string"}}],"inLanguage":"fr-FR"},{"@type":"Organization","@id":"https:\/\/www.relofirm.com\/#organization","name":"International Relocation Firm","url":"https:\/\/www.relofirm.com\/","logo":{"@type":"ImageObject","inLanguage":"fr-FR","@id":"https:\/\/www.relofirm.com\/#\/schema\/logo\/image\/","url":"https:\/\/www.relofirm.com\/wp-content\/uploads\/2021\/11\/relofirm-logo.svg","contentUrl":"https:\/\/www.relofirm.com\/wp-content\/uploads\/2021\/11\/relofirm-logo.svg","width":1485,"height":516,"caption":"International Relocation Firm"},"image":{"@id":"https:\/\/www.relofirm.com\/#\/schema\/logo\/image\/"},"sameAs":["https:\/\/www.facebook.com\/PanamaOffshoreLegalServices","https:\/\/x.com\/polslegal"]}]}},"_links":{"self":[{"href":"https:\/\/www.relofirm.com\/fr\/wp-json\/wp\/v2\/pages\/7229","targetHints":{"allow":["GET"]}}],"collection":[{"href":"https:\/\/www.relofirm.com\/fr\/wp-json\/wp\/v2\/pages"}],"about":[{"href":"https:\/\/www.relofirm.com\/fr\/wp-json\/wp\/v2\/types\/page"}],"author":[{"embeddable":true,"href":"https:\/\/www.relofirm.com\/fr\/wp-json\/wp\/v2\/users\/10"}],"replies":[{"embeddable":true,"href":"https:\/\/www.relofirm.com\/fr\/wp-json\/wp\/v2\/comments?post=7229"}],"version-history":[{"count":1,"href":"https:\/\/www.relofirm.com\/fr\/wp-json\/wp\/v2\/pages\/7229\/revisions"}],"predecessor-version":[{"id":8100,"href":"https:\/\/www.relofirm.com\/fr\/wp-json\/wp\/v2\/pages\/7229\/revisions\/8100"}],"wp:attachment":[{"href":"https:\/\/www.relofirm.com\/fr\/wp-json\/wp\/v2\/media?parent=7229"}],"curies":[{"name":"wp","href":"https:\/\/api.w.org\/{rel}","templated":true}]}}