{"id":7227,"date":"2010-09-18T00:00:00","date_gmt":"2010-09-18T05:00:00","guid":{"rendered":"https:\/\/relofirm.com\/corporate_bank_account_switzerland\/"},"modified":"2020-01-22T11:11:54","modified_gmt":"2020-01-22T16:11:54","slug":"compte-bancaire-dentreprise-en-suisse","status":"publish","type":"page","link":"https:\/\/www.relofirm.com\/fr\/compte-bancaire-dentreprise-en-suisse\/","title":{"rendered":"Compte Bancaire d&rsquo;Entreprise en Suisse"},"content":{"rendered":"<div class=\"menu-bank-accounts-fr-container\"><ul id=\"menu-bank-accounts-fr\" class=\"menu\"><li id=\"menu-item-7352\" class=\"menu-item menu-item-type-post_type menu-item-object-page menu-item-7352\"><a href=\"https:\/\/www.relofirm.com\/fr\/cooperatives-depargne-et-de-credit-du-panama\/\">Coop\u00e9ratives d\u2019\u00c9pargne et de Cr\u00e9dit du Panam\u00e1<\/a><\/li>\n<li id=\"menu-item-7347\" class=\"menu-item menu-item-type-post_type menu-item-object-page menu-item-7347\"><a href=\"https:\/\/www.relofirm.com\/fr\/panama-compte-bancaire-personnel\/\">Panama Compte Bancaire Personnel<\/a><\/li>\n<li id=\"menu-item-7348\" class=\"menu-item menu-item-type-post_type menu-item-object-page menu-item-7348\"><a href=\"https:\/\/www.relofirm.com\/fr\/offshore-societe-compte-bancaire-du-panama\/\">Compte Bancaire d&rsquo;Entreprise Offshore du Panama<\/a><\/li>\n<\/ul><\/div>\n<hr \/>\n<p><strong>Compte bancaire d&rsquo;entreprise en Suisse<\/strong> <a name=\"top\"><\/a><\/p>\n<ul>\n<li>\n<div><a href=\"#1\"><strong>Frais d&rsquo;installation<\/strong><\/a><\/div>\n<\/li>\n<li>\n<div><a href=\"#2\"><strong>A propos de la Suisse de la Banque<\/strong><\/a><\/div>\n<\/li>\n<li>\n<div><a href=\"#3\"><strong>Devises<\/strong><\/a><\/div>\n<\/li>\n<li>\n<div><a href=\"#4\"><strong>Services bancaires en ligne<\/strong><\/a><\/div>\n<\/li>\n<li>\n<div><a href=\"#5\"><strong>Cartes de cr\u00e9dit<\/strong><\/a><\/div>\n<\/li>\n<li>\n<div><a href=\"#6\"><strong>Cartes de d\u00e9bit<\/strong><\/a><\/div>\n<\/li>\n<li>\n<div><a href=\"#7\"><strong>Exigences de documentation<\/strong><\/a><\/div>\n<\/li>\n<\/ul>\n<div>\n<hr>\n<p>\t<strong>Frais d&rsquo;installation:<\/strong> <a name=\"1\"><\/a><br \/>\n\tPour l&rsquo;introduction et l&rsquo;assistance dans la mise en place des comptes bancaires d&rsquo;entreprise avec nos correspondants bancaires primaire en Suisse, nous facturons une mise en place des frais de 1000 $ US.<\/p>\n<p><a href=\"#top\"> <strong>RETOUR<\/strong><\/a><\/p>\n<hr>\n<p>\n\t<strong>A propos de la Suisse de la Banque:<\/strong> <a id=\"2\" name=\"2\"><\/a><\/p>\n<p>Notre correspondant en Suisse Bank est une banque d&rsquo;investissement tr\u00e8s bonne r\u00e9putation pour des clients fortun\u00e9s, qui b\u00e9n\u00e9ficient de la r\u00e9serve de capital et de ressources du groupe en Suisse bancaires sixi\u00e8me avec 13.000 employ\u00e9s au service de clients dans 18 pays dans le monde entier, avec des capitaux propres de plus de CHF 3,7 milliards.  Les clients b\u00e9n\u00e9ficient \u00e9galement personnalis\u00e9, de qualit\u00e9 de service in\u00e9gal\u00e9e \u00e0 travers son d\u00e9partement de banque priv\u00e9e.<\/p>\n<p><a href=\"#top\"> <strong>RETOUR<\/strong><\/a><\/p>\n<hr>\n<p>\n\t<strong>Devises:<\/strong> <a id=\"3\" name=\"3\"><\/a><\/p>\n<p>Notre correspondant suisse de la banque offre des comptes multi-devises (USD, EURO, CHF, etc.)<\/p>\n<p><a href=\"#top\"> <strong>RETOUR<\/strong><\/a><\/p>\n<hr>\n<p>\n\t<strong>Services bancaires en ligne:<\/strong> <a id=\"4\" name=\"4\"><\/a><\/p>\n<p>La banque en ligne est disponible en anglais, pour visualiser les transactions du compte, les soldes, le t\u00e9l\u00e9chargement de d\u00e9clarations, de payer les cartes de cr\u00e9dit, virements entre comptes, virements internationaux, la communication avec les banquiers par e-mail crypt\u00e9, etc<\/p>\n<p><a href=\"#top\"> <strong>RETOUR<\/strong><\/a><\/p>\n<hr>\n<p>\n\t<strong>Cartes de cr\u00e9dit:<\/strong> <a id=\"5\" name=\"5\"><\/a><\/p>\n<p>Cartes de cr\u00e9dit garanti sont disponibles.<\/p>\n<p><a href=\"#top\"> <strong>RETOUR<\/strong><\/a><\/p>\n<hr>\n<p>\n\t<strong>Cartes de d\u00e9bit:<\/strong> <a id=\"6\" name=\"6\"><\/a><\/p>\n<p>Les cartes de d\u00e9bit sont disponibles pour les comptes personnels.<\/p>\n<p><a href=\"#top\"> <strong>RETOUR<\/strong><\/a><\/p>\n<hr>\n<p>\n\t<strong>Exigences de documentation:<\/strong> <a id=\"7\" name=\"7\"><\/a><\/p>\n<p><span style=\"text-decoration: underline;\"> D\u00e9p\u00f4t minimum:<\/span> Notre correspondant suisse de la banque exige un d\u00e9p\u00f4t minimum de US $ 300.000 \u00e0 ouvrir un compte.<\/p>\n<p>Cette banque correspondante suisse accepte les comptes pour les soci\u00e9t\u00e9s offshore ou fondations avec les citoyens am\u00e9ricains en tant que signataires, cependant, chacun des signataires am\u00e9ricains doivent signer un formulaire W-9.  Entrevue personnelle est exig\u00e9e dans les 6 mois DATE QUE compte est financ\u00e9 \/ ouvert.<\/p>\n<p><span style=\"text-decoration: underline;\"> Exigences de documentation:<\/span><\/p>\n<p><em>1.<\/em> <em>Passeport Photocopie:<\/em> Une photocopie de la page photo, la signature et les donn\u00e9es personnelles du passeport doit \u00eatre fournie par chacun des signataires, d\u00fbment l\u00e9galis\u00e9e par notaire.<\/p>\n<p><em>2.<\/em> <em>Preuve d&rsquo;adresse:<\/em> une facture indiquant l&rsquo;adresse physique doit \u00eatre fourni.<\/p>\n<p><em>3.<\/em> <em>Lettre de r\u00e9f\u00e9rence de la Banque:<\/em> Chaque signataire doit fournir une lettre originale de r\u00e9f\u00e9rence bancaire (du signataire sur le compte ouvert), sur papier \u00e0 ent\u00eate de la banque, sign\u00e9 par le repr\u00e9sentant de compte, avec les coordonn\u00e9es compl\u00e8tes de la banque (adresse, t\u00e9l, fax, e-mail ) \u00e0 des fins de v\u00e9rification, d\u00fbment l\u00e9galis\u00e9e par un notaire public.<\/p>\n<p><em>4.<\/em> <em>Personnels CV (Curriculum Vitae):<\/em> Chaque signataire doit fournir un curriculum vitae (curriculum vitae), y compris source d&rsquo;information de la richesse.<\/p>\n<p><em>5.<\/em> <em>Les demandes de compte:<\/em> Chaque signataire doit signer le compte respectif des applications et des cartes de signature, qui peut \u00eatre envoy\u00e9 au client par email, et doit \u00eatre d\u00fbment l\u00e9galis\u00e9e par un notaire.<\/p>\n<p><em>6.<\/em> <em>D\u00e9p\u00f4t Initial:<\/em> Le d\u00e9p\u00f4t initial minimum de US $ 300.000 doivent \u00eatre faits par virement bancaire une fois le compte est approuv\u00e9 par la banque.<\/p>\n<p><em>7.<\/em> <em>Interview personnelle:<\/em> L&rsquo;entrevue personnelle est exig\u00e9e dans les 6 premiers mois de l&rsquo;ouverture du compte.  Si vous ne visitez pas la banque, le banquier va vous rendre visite \u00e0 vos frais.<\/p>\n<p><a href=\"#top\"> <strong>RETOUR<\/strong><\/a><\/p>\n<\/div>\n<hr>\n","protected":false},"excerpt":{"rendered":"<p>Compte bancaire d&rsquo;entreprise en Suisse Frais d&rsquo;installation A propos de la Suisse de la Banque Devises Services bancaires en ligne Cartes de cr\u00e9dit Cartes de d\u00e9bit Exigences de documentation Frais d&rsquo;installation: Pour l&rsquo;introduction et l&rsquo;assistance dans la mise en place des comptes bancaires d&rsquo;entreprise avec nos correspondants bancaires primaire en Suisse, nous facturons une mise [&hellip;]<\/p>\n","protected":false},"author":10,"featured_media":0,"parent":0,"menu_order":0,"comment_status":"closed","ping_status":"closed","template":"","meta":{"_et_pb_use_builder":"","_et_pb_old_content":"","_et_gb_content_width":"","inline_featured_image":false},"yoast_head":"<!-- This site is optimized with the Yoast SEO plugin v18.5.1 - https:\/\/yoast.com\/wordpress\/plugins\/seo\/ -->\n<title>Compte Bancaire d&#039;Entreprise en Suisse - International Relocation Firm<\/title>\n<meta name=\"robots\" content=\"index, follow, max-snippet:-1, max-image-preview:large, max-video-preview:-1\" \/>\n<link rel=\"canonical\" href=\"https:\/\/www.relofirm.com\/fr\/compte-bancaire-dentreprise-en-suisse\/\" \/>\n<meta property=\"og:locale\" content=\"fr_FR\" \/>\n<meta property=\"og:type\" content=\"article\" \/>\n<meta property=\"og:title\" content=\"Compte Bancaire d&#039;Entreprise en Suisse - International Relocation Firm\" \/>\n<meta property=\"og:description\" content=\"Compte bancaire d&rsquo;entreprise en Suisse Frais d&rsquo;installation A propos de la Suisse de la Banque Devises Services bancaires en ligne Cartes de cr\u00e9dit Cartes de d\u00e9bit Exigences de documentation Frais d&rsquo;installation: Pour l&rsquo;introduction et l&rsquo;assistance dans la mise en place des comptes bancaires d&rsquo;entreprise avec nos correspondants bancaires primaire en Suisse, nous facturons une mise [&hellip;]\" \/>\n<meta property=\"og:url\" content=\"https:\/\/www.relofirm.com\/fr\/compte-bancaire-dentreprise-en-suisse\/\" \/>\n<meta property=\"og:site_name\" content=\"International Relocation Firm\" \/>\n<meta property=\"article:publisher\" content=\"https:\/\/www.facebook.com\/ReloFirm\/\" \/>\n<meta property=\"article:modified_time\" content=\"2020-01-22T16:11:54+00:00\" \/>\n<meta name=\"twitter:label1\" content=\"Dur\u00e9e de lecture estim\u00e9e\" \/>\n\t<meta name=\"twitter:data1\" content=\"3 minutes\" \/>\n<!-- \/ Yoast SEO plugin. -->","yoast_head_json":{"title":"Compte Bancaire d'Entreprise en Suisse - International Relocation Firm","robots":{"index":"index","follow":"follow","max-snippet":"max-snippet:-1","max-image-preview":"max-image-preview:large","max-video-preview":"max-video-preview:-1"},"canonical":"https:\/\/www.relofirm.com\/fr\/compte-bancaire-dentreprise-en-suisse\/","og_locale":"fr_FR","og_type":"article","og_title":"Compte Bancaire d'Entreprise en Suisse - International Relocation Firm","og_description":"Compte bancaire d&rsquo;entreprise en Suisse Frais d&rsquo;installation A propos de la Suisse de la Banque Devises Services bancaires en ligne Cartes de cr\u00e9dit Cartes de d\u00e9bit Exigences de documentation Frais d&rsquo;installation: Pour l&rsquo;introduction et l&rsquo;assistance dans la mise en place des comptes bancaires d&rsquo;entreprise avec nos correspondants bancaires primaire en Suisse, nous facturons une mise [&hellip;]","og_url":"https:\/\/www.relofirm.com\/fr\/compte-bancaire-dentreprise-en-suisse\/","og_site_name":"International Relocation Firm","article_publisher":"https:\/\/www.facebook.com\/ReloFirm\/","article_modified_time":"2020-01-22T16:11:54+00:00","twitter_misc":{"Dur\u00e9e de lecture estim\u00e9e":"3 minutes"},"schema":{"@context":"https:\/\/schema.org","@graph":[{"@type":"Organization","@id":"https:\/\/www.relofirm.com\/#organization","name":"International Relocation Firm","url":"https:\/\/www.relofirm.com\/","sameAs":["https:\/\/www.facebook.com\/ReloFirm\/","https:\/\/www.linkedin.com\/company\/relo-firm","https:\/\/twitter.com\/polslegal"],"logo":{"@type":"ImageObject","@id":"https:\/\/www.relofirm.com\/#logo","inLanguage":"fr-FR","url":"https:\/\/www.relofirm.com\/wp-content\/uploads\/2021\/11\/relofirm-logo.svg","contentUrl":"https:\/\/www.relofirm.com\/wp-content\/uploads\/2021\/11\/relofirm-logo.svg","width":1485,"height":516,"caption":"International Relocation Firm"},"image":{"@id":"https:\/\/www.relofirm.com\/#logo"}},{"@type":"WebSite","@id":"https:\/\/www.relofirm.com\/#website","url":"https:\/\/www.relofirm.com\/","name":"International Relocation Firm","description":"","publisher":{"@id":"https:\/\/www.relofirm.com\/#organization"},"potentialAction":[{"@type":"SearchAction","target":{"@type":"EntryPoint","urlTemplate":"https:\/\/www.relofirm.com\/?s={search_term_string}"},"query-input":"required name=search_term_string"}],"inLanguage":"fr-FR"},{"@type":"WebPage","@id":"https:\/\/www.relofirm.com\/fr\/compte-bancaire-dentreprise-en-suisse\/#webpage","url":"https:\/\/www.relofirm.com\/fr\/compte-bancaire-dentreprise-en-suisse\/","name":"Compte Bancaire d'Entreprise en Suisse - International Relocation Firm","isPartOf":{"@id":"https:\/\/www.relofirm.com\/#website"},"datePublished":"2010-09-18T05:00:00+00:00","dateModified":"2020-01-22T16:11:54+00:00","breadcrumb":{"@id":"https:\/\/www.relofirm.com\/fr\/compte-bancaire-dentreprise-en-suisse\/#breadcrumb"},"inLanguage":"fr-FR","potentialAction":[{"@type":"ReadAction","target":["https:\/\/www.relofirm.com\/fr\/compte-bancaire-dentreprise-en-suisse\/"]}]},{"@type":"BreadcrumbList","@id":"https:\/\/www.relofirm.com\/fr\/compte-bancaire-dentreprise-en-suisse\/#breadcrumb","itemListElement":[{"@type":"ListItem","position":1,"name":"Home","item":"https:\/\/www.relofirm.com\/fr\/"},{"@type":"ListItem","position":2,"name":"Compte Bancaire d&rsquo;Entreprise en Suisse"}]}]}},"_links":{"self":[{"href":"https:\/\/www.relofirm.com\/fr\/wp-json\/wp\/v2\/pages\/7227"}],"collection":[{"href":"https:\/\/www.relofirm.com\/fr\/wp-json\/wp\/v2\/pages"}],"about":[{"href":"https:\/\/www.relofirm.com\/fr\/wp-json\/wp\/v2\/types\/page"}],"author":[{"embeddable":true,"href":"https:\/\/www.relofirm.com\/fr\/wp-json\/wp\/v2\/users\/10"}],"replies":[{"embeddable":true,"href":"https:\/\/www.relofirm.com\/fr\/wp-json\/wp\/v2\/comments?post=7227"}],"version-history":[{"count":1,"href":"https:\/\/www.relofirm.com\/fr\/wp-json\/wp\/v2\/pages\/7227\/revisions"}],"predecessor-version":[{"id":8067,"href":"https:\/\/www.relofirm.com\/fr\/wp-json\/wp\/v2\/pages\/7227\/revisions\/8067"}],"wp:attachment":[{"href":"https:\/\/www.relofirm.com\/fr\/wp-json\/wp\/v2\/media?parent=7227"}],"curies":[{"name":"wp","href":"https:\/\/api.w.org\/{rel}","templated":true}]}}