{"id":7220,"date":"2010-09-18T00:00:00","date_gmt":"2010-09-18T05:00:00","guid":{"rendered":"https:\/\/relofirm.com\/letter_financial\/"},"modified":"2020-01-22T11:15:29","modified_gmt":"2020-01-22T16:15:29","slug":"lettre-de-reference-financiers","status":"publish","type":"page","link":"https:\/\/www.relofirm.com\/fr\/lettre-de-reference-financiers\/","title":{"rendered":"Lettre de R\u00e9f\u00e9rence Financiers"},"content":{"rendered":"<p><strong>ABC Consulting Group<\/strong> <br \/>\n\t123 Smith Street, Toronto, Canada <br \/>\n\tT\u00e9l: 555-555-5555 <br \/>\n\tT\u00e9l\u00e9copieur: 444-444-4444 <br \/>\n\tURL: www.abcconsultinggroup.com <br \/>\n\tEmail: info@abcconsultinggroup.com\n<\/p>\n<p> Date de: Janvier 30, 2004<\/p>\n<p> \u00c0 qui de droit:<\/p>\n<p> Ceci est pour confirmer que M. Joe Smith a \u00e9t\u00e9 un client important de notre soci\u00e9t\u00e9 de conseil, et nous avons r\u00e9ussi \u00e0 ses besoins de comptabilit\u00e9 pour les 5 derni\u00e8res ann\u00e9es.  M. Smith entretient une relation d&rsquo;affaires satisfaisant avec notre soci\u00e9t\u00e9.<\/p>\n<p> Nous avons connu M. Smith d&rsquo;\u00eatre une personne honn\u00eate et fiable fond\u00e9 sur nos relations d&rsquo;affaires ant\u00e9rieures avec lui.<\/p>\n<p>Cette r\u00e9f\u00e9rence est d\u00e9livr\u00e9 pour l&rsquo;int\u00e9ress\u00e9, et n&rsquo;impose aucune responsabilit\u00e9 \u00e0 ABC Consulting Group.<\/p>\n<p> Cordialement,<\/p>\n<p> (Signature du repr\u00e9sentant de la compagnie, John Doe) <br \/>\n\t____________________________ <br \/>\n\tJohn Doe <br \/>\n\tT\u00e9l: 555-555-5555 <br \/>\n\tT\u00e9l\u00e9copieur: 444-444-4444 <br \/>\n\tEmail: jdoe@abcconsultinggroup.com\n<\/p>\n<hr>\n","protected":false},"excerpt":{"rendered":"<p>ABC Consulting Group 123 Smith Street, Toronto, Canada T\u00e9l: 555-555-5555 T\u00e9l\u00e9copieur: 444-444-4444 URL: www.abcconsultinggroup.com Email: info@abcconsultinggroup.com Date de: Janvier 30, 2004 \u00c0 qui de droit: Ceci est pour confirmer que M. Joe Smith a \u00e9t\u00e9 un client important de notre soci\u00e9t\u00e9 de conseil, et nous avons r\u00e9ussi \u00e0 ses besoins de comptabilit\u00e9 pour les 5 [&hellip;]<\/p>\n","protected":false},"author":10,"featured_media":0,"parent":0,"menu_order":0,"comment_status":"closed","ping_status":"closed","template":"","meta":{"_et_pb_use_builder":"","_et_pb_old_content":"","_et_gb_content_width":"","inline_featured_image":false,"footnotes":""},"class_list":["post-7220","page","type-page","status-publish","hentry"],"yoast_head":"<!-- This site is optimized with the Yoast SEO plugin v27.5 - https:\/\/yoast.com\/product\/yoast-seo-wordpress\/ -->\n<title>Lettre de R\u00e9f\u00e9rence Financiers - International Relocation Firm<\/title>\n<meta name=\"robots\" content=\"index, follow, max-snippet:-1, max-image-preview:large, max-video-preview:-1\" \/>\n<link rel=\"canonical\" href=\"https:\/\/www.relofirm.com\/fr\/lettre-de-reference-financiers\/\" \/>\n<meta name=\"twitter:label1\" content=\"Dur\u00e9e de lecture estim\u00e9e\" \/>\n\t<meta name=\"twitter:data1\" content=\"1 minute\" \/>\n<!-- \/ Yoast SEO plugin. -->","yoast_head_json":{"title":"Lettre de R\u00e9f\u00e9rence Financiers - International Relocation Firm","robots":{"index":"index","follow":"follow","max-snippet":"max-snippet:-1","max-image-preview":"max-image-preview:large","max-video-preview":"max-video-preview:-1"},"canonical":"https:\/\/www.relofirm.com\/fr\/lettre-de-reference-financiers\/","twitter_misc":{"Dur\u00e9e de lecture estim\u00e9e":"1 minute"},"schema":{"@context":"https:\/\/schema.org","@graph":[{"@type":"WebPage","@id":"https:\/\/www.relofirm.com\/fr\/lettre-de-reference-financiers\/","url":"https:\/\/www.relofirm.com\/fr\/lettre-de-reference-financiers\/","name":"Lettre de R\u00e9f\u00e9rence Financiers - International Relocation Firm","isPartOf":{"@id":"https:\/\/www.relofirm.com\/#website"},"datePublished":"2010-09-18T05:00:00+00:00","dateModified":"2020-01-22T16:15:29+00:00","breadcrumb":{"@id":"https:\/\/www.relofirm.com\/fr\/lettre-de-reference-financiers\/#breadcrumb"},"inLanguage":"fr-FR","potentialAction":[{"@type":"ReadAction","target":["https:\/\/www.relofirm.com\/fr\/lettre-de-reference-financiers\/"]}]},{"@type":"BreadcrumbList","@id":"https:\/\/www.relofirm.com\/fr\/lettre-de-reference-financiers\/#breadcrumb","itemListElement":[{"@type":"ListItem","position":1,"name":"Home","item":"https:\/\/www.relofirm.com\/fr\/"},{"@type":"ListItem","position":2,"name":"Lettre de R\u00e9f\u00e9rence Financiers"}]},{"@type":"WebSite","@id":"https:\/\/www.relofirm.com\/#website","url":"https:\/\/www.relofirm.com\/","name":"International Relocation Firm","description":"","publisher":{"@id":"https:\/\/www.relofirm.com\/#organization"},"potentialAction":[{"@type":"SearchAction","target":{"@type":"EntryPoint","urlTemplate":"https:\/\/www.relofirm.com\/?s={search_term_string}"},"query-input":{"@type":"PropertyValueSpecification","valueRequired":true,"valueName":"search_term_string"}}],"inLanguage":"fr-FR"},{"@type":"Organization","@id":"https:\/\/www.relofirm.com\/#organization","name":"International Relocation Firm","url":"https:\/\/www.relofirm.com\/","logo":{"@type":"ImageObject","inLanguage":"fr-FR","@id":"https:\/\/www.relofirm.com\/#\/schema\/logo\/image\/","url":"https:\/\/www.relofirm.com\/wp-content\/uploads\/2021\/11\/relofirm-logo.svg","contentUrl":"https:\/\/www.relofirm.com\/wp-content\/uploads\/2021\/11\/relofirm-logo.svg","width":1485,"height":516,"caption":"International Relocation Firm"},"image":{"@id":"https:\/\/www.relofirm.com\/#\/schema\/logo\/image\/"},"sameAs":["https:\/\/www.facebook.com\/PanamaOffshoreLegalServices","https:\/\/x.com\/polslegal"]}]}},"_links":{"self":[{"href":"https:\/\/www.relofirm.com\/fr\/wp-json\/wp\/v2\/pages\/7220","targetHints":{"allow":["GET"]}}],"collection":[{"href":"https:\/\/www.relofirm.com\/fr\/wp-json\/wp\/v2\/pages"}],"about":[{"href":"https:\/\/www.relofirm.com\/fr\/wp-json\/wp\/v2\/types\/page"}],"author":[{"embeddable":true,"href":"https:\/\/www.relofirm.com\/fr\/wp-json\/wp\/v2\/users\/10"}],"replies":[{"embeddable":true,"href":"https:\/\/www.relofirm.com\/fr\/wp-json\/wp\/v2\/comments?post=7220"}],"version-history":[{"count":1,"href":"https:\/\/www.relofirm.com\/fr\/wp-json\/wp\/v2\/pages\/7220\/revisions"}],"predecessor-version":[{"id":8101,"href":"https:\/\/www.relofirm.com\/fr\/wp-json\/wp\/v2\/pages\/7220\/revisions\/8101"}],"wp:attachment":[{"href":"https:\/\/www.relofirm.com\/fr\/wp-json\/wp\/v2\/media?parent=7220"}],"curies":[{"name":"wp","href":"https:\/\/api.w.org\/{rel}","templated":true}]}}