{"id":7212,"date":"2010-09-18T00:00:00","date_gmt":"2010-09-18T05:00:00","guid":{"rendered":"https:\/\/relofirm.com\/foundation_panama_tax_information\/"},"modified":"2020-01-22T11:21:26","modified_gmt":"2020-01-22T16:21:26","slug":"panama-fondation-de-linformation-fiscale","status":"publish","type":"page","link":"https:\/\/www.relofirm.com\/fr\/panama-fondation-de-linformation-fiscale\/","title":{"rendered":"Panama Fondation de l&rsquo;Information Fiscale"},"content":{"rendered":"<div class=\"menu-offshore-foundations-french-container\"><ul id=\"menu-offshore-foundations-french\" class=\"menu\"><li id=\"menu-item-7564\" class=\"menu-item menu-item-type-post_type menu-item-object-page menu-item-has-children menu-item-7564\"><a href=\"https:\/\/www.relofirm.com\/fr\/fondations-offshore-du-panama\/\">Fondations Offshore du Panama<\/a>\n<ul class=\"sub-menu\">\n\t<li id=\"menu-item-7566\" class=\"menu-item menu-item-type-post_type menu-item-object-page menu-item-7566\"><a href=\"https:\/\/www.relofirm.com\/fr\/elements-dune-fondation-panama-interet-prive\/\">El\u00e9ments d&rsquo;une Fondation Panama Int\u00e9r\u00eat Priv\u00e9<\/a><\/li>\n\t<li id=\"menu-item-7567\" class=\"menu-item menu-item-type-post_type menu-item-object-page menu-item-7567\"><a href=\"https:\/\/www.relofirm.com\/fr\/panama-fondation-privee-dinteret-frais-annuel\/\">Panama Fondation Priv\u00e9e d&rsquo;Int\u00e9r\u00eat Frais Annuel<\/a><\/li>\n\t<li id=\"menu-item-7568\" class=\"menu-item menu-item-type-post_type menu-item-object-page menu-item-7568\"><a href=\"https:\/\/www.relofirm.com\/fr\/faits-de-panama-fondation\/\">Faits de Panama Fondation<\/a><\/li>\n\t<li id=\"menu-item-7569\" class=\"menu-item menu-item-type-post_type menu-item-object-page menu-item-7569\"><a href=\"https:\/\/www.relofirm.com\/fr\/panama-fondation-de-linformation-fiscale\/\">Panama Fondation de l&rsquo;Information Fiscale<\/a><\/li>\n\t<li id=\"menu-item-7570\" class=\"menu-item menu-item-type-post_type menu-item-object-page menu-item-7570\"><a href=\"https:\/\/www.relofirm.com\/fr\/panama-droit-de-fondation\/\">Panama Droit de Fondation<\/a><\/li>\n\t<li id=\"menu-item-7571\" class=\"menu-item menu-item-type-post_type menu-item-object-page menu-item-7571\"><a href=\"https:\/\/www.relofirm.com\/fr\/procedures-de-constitution-dune-fondation-panama\/\">Proc\u00e9dures de Constitution d&rsquo;une Fondation Panama<\/a><\/li>\n\t<li id=\"menu-item-7572\" class=\"menu-item menu-item-type-post_type menu-item-object-page menu-item-7572\"><a href=\"https:\/\/www.relofirm.com\/fr\/pols-offre-exclusive-de-panama-forfait-fondation\/\">POLS Offre Exclusive de Panama Forfait Fondation<\/a><\/li>\n\t<li id=\"menu-item-7574\" class=\"menu-item menu-item-type-post_type menu-item-object-page menu-item-7574\"><a href=\"https:\/\/www.relofirm.com\/fr\/avis-de-renouvellement-et-des-taxes\/\">Avis de Renouvellement et des Taxes<\/a><\/li>\n<\/ul>\n<\/li>\n<\/ul><\/div>\n<hr \/>\n<p>Le Panama est un \u00ab\u00a0paradis fiscal\u00a0\u00bb \u00e0 100%. <a href=\"offshore_foundations\"> Fondations du Panama<\/a> offrent les avantages fiscaux suivants:<\/p>\n<ul>\n<li>\n<div> Aucun imp\u00f4t exigences de d\u00e9claration.<\/div>\n<\/li>\n<li>\n<div> Aucun imp\u00f4t sur le revenu.<\/div>\n<\/li>\n<li>\n<div> Aucun imp\u00f4t les gains en capital.<\/div>\n<\/li>\n<li>\n<div> Aucun imp\u00f4t sur le revenu d&rsquo;int\u00e9r\u00eat.<\/div>\n<\/li>\n<li>\n<div> Aucune taxe de vente.<\/div>\n<\/li>\n<li>\n<div> Aucun imp\u00f4t pour les b\u00e9n\u00e9ficiaires.<\/div>\n<\/li>\n<li>\n<div> Pas de taxe de transfert de b\u00e9n\u00e9ficiaires.<\/div>\n<\/li>\n<li>\n<div> Pas de taxe sur le capital.<\/div>\n<\/li>\n<li>\n<div> Pas de taxe fonci\u00e8re (pour les non-panam\u00e9ennes propri\u00e9t\u00e9).<\/div>\n<\/li>\n<li>\n<div> Aucun imp\u00f4t sur les successions.<\/div>\n<\/li>\n<li>\n<div> Aucun imp\u00f4t sur les donations.<\/div>\n<\/li>\n<li>\n<div> Aucun imp\u00f4t sur les successions.<\/div>\n<\/li>\n<li>\n<div> Aucun droit de timbre.<\/div>\n<\/li>\n<li>\n<div> Aucun imp\u00f4t de succession.<\/div>\n<\/li>\n<li>\n<div> Pas de taxe sur les stocks<\/div>\n<\/li>\n<\/ul>\n<div> <strong>Plat taxe annuelle de Panama Franchise d&rsquo;entreprise<\/strong><\/p>\n<p>La seule taxe pay\u00e9e par <a href=\"offshore_corporations_panama\">Soci\u00e9t\u00e9s de Panama<\/a> (Ou <a href=\"offshore_foundations\">Fondations du Panama<\/a> ) Est la plate taxe annuelle de Panama franchise sur les entreprises de 300 $ US.<\/p>\n<p>Selon la loi, le Panama, l&rsquo;entreprise d\u00e9lais de franchise fiscale de paiement sont les suivants:<\/p>\n<p>Date de constitution&#8230;&#8230;&#8230;&#8230;&#8230;&#8230; Date limite de paiement d&rsquo;imp\u00f4t <br \/>\n\t\tDu 1er Janvier au 30 Juin 30: Juillet 15 <br \/>\n\t\tDu 1er Juillet au 31 D\u00e9cembre 31: Janvier 15<\/p>\n<p><strong>P\u00e9nalit\u00e9 pour paiement en retard:<\/strong><\/p>\n<p>Si l&rsquo;appartement taxe annuelle de franchise de Panama d&rsquo;entreprise (\u00abTaza unica\u00bb) n&rsquo;est pas pay\u00e9 le ou avant la date d&rsquo;\u00e9ch\u00e9ance mentionn\u00e9e ci-dessus, l&rsquo;entit\u00e9 sera charg\u00e9e une p\u00e9nalit\u00e9 de retard de US $ 50.00 par an que l&rsquo;imp\u00f4t n&rsquo;est pas pay\u00e9.<\/p>\n<p><strong>Deuxi\u00e8me p\u00e9nalit\u00e9 pour paiement tardif:<\/strong><\/p>\n<p>Si l&rsquo;appartement d&rsquo;imp\u00f4t annuelle de Panama franchise sur les entreprises (\u00abTaza unica\u00bb) n&rsquo;est pas pay\u00e9 apr\u00e8s une \u00ab\u00a0date butoir\u00a0\u00bb p\u00e9riode, l&rsquo;entit\u00e9 sera factur\u00e9 une deuxi\u00e8me p\u00e9nalit\u00e9 tardive de 300 $ US par tranche suppl\u00e9mentaire de \u00ab\u00a0date butoir\u00a0\u00bb p\u00e9riode manqu\u00e9e par la suite, une de 300 US $ \u00e0 la fin frais seront encourus.<\/p>\n<p>Ce qui pr\u00e9c\u00e8de s&rsquo;applique \u00e0 toutes les \u00abentit\u00e9s\u00bb (soci\u00e9t\u00e9s, fondations ou trusts) enregistr\u00e9e au registre public de Panama.<\/p>\n<\/div>\n<hr>\n","protected":false},"excerpt":{"rendered":"<p>Le Panama est un \u00ab\u00a0paradis fiscal\u00a0\u00bb \u00e0 100%. Fondations du Panama offrent les avantages fiscaux suivants: Aucun imp\u00f4t exigences de d\u00e9claration. Aucun imp\u00f4t sur le revenu. Aucun imp\u00f4t les gains en capital. Aucun imp\u00f4t sur le revenu d&rsquo;int\u00e9r\u00eat. Aucune taxe de vente. Aucun imp\u00f4t pour les b\u00e9n\u00e9ficiaires. Pas de taxe de transfert de b\u00e9n\u00e9ficiaires. Pas [&hellip;]<\/p>\n","protected":false},"author":10,"featured_media":0,"parent":0,"menu_order":0,"comment_status":"closed","ping_status":"closed","template":"","meta":{"_et_pb_use_builder":"","_et_pb_old_content":"","_et_gb_content_width":"","inline_featured_image":false,"footnotes":""},"class_list":["post-7212","page","type-page","status-publish","hentry"],"yoast_head":"<!-- This site is optimized with the Yoast SEO plugin v27.5 - https:\/\/yoast.com\/product\/yoast-seo-wordpress\/ -->\n<title>Panama Fondation de l&#039;Information Fiscale - International Relocation Firm<\/title>\n<meta name=\"robots\" content=\"index, follow, max-snippet:-1, max-image-preview:large, max-video-preview:-1\" \/>\n<link rel=\"canonical\" href=\"https:\/\/www.relofirm.com\/fr\/panama-fondation-de-linformation-fiscale\/\" \/>\n<meta name=\"twitter:label1\" content=\"Dur\u00e9e de lecture estim\u00e9e\" \/>\n\t<meta name=\"twitter:data1\" content=\"2 minutes\" \/>\n<!-- \/ Yoast SEO plugin. -->","yoast_head_json":{"title":"Panama Fondation de l'Information Fiscale - International Relocation Firm","robots":{"index":"index","follow":"follow","max-snippet":"max-snippet:-1","max-image-preview":"max-image-preview:large","max-video-preview":"max-video-preview:-1"},"canonical":"https:\/\/www.relofirm.com\/fr\/panama-fondation-de-linformation-fiscale\/","twitter_misc":{"Dur\u00e9e de lecture estim\u00e9e":"2 minutes"},"schema":{"@context":"https:\/\/schema.org","@graph":[{"@type":"WebPage","@id":"https:\/\/www.relofirm.com\/fr\/panama-fondation-de-linformation-fiscale\/","url":"https:\/\/www.relofirm.com\/fr\/panama-fondation-de-linformation-fiscale\/","name":"Panama Fondation de l'Information Fiscale - International Relocation Firm","isPartOf":{"@id":"https:\/\/www.relofirm.com\/#website"},"datePublished":"2010-09-18T05:00:00+00:00","dateModified":"2020-01-22T16:21:26+00:00","breadcrumb":{"@id":"https:\/\/www.relofirm.com\/fr\/panama-fondation-de-linformation-fiscale\/#breadcrumb"},"inLanguage":"fr-FR","potentialAction":[{"@type":"ReadAction","target":["https:\/\/www.relofirm.com\/fr\/panama-fondation-de-linformation-fiscale\/"]}]},{"@type":"BreadcrumbList","@id":"https:\/\/www.relofirm.com\/fr\/panama-fondation-de-linformation-fiscale\/#breadcrumb","itemListElement":[{"@type":"ListItem","position":1,"name":"Home","item":"https:\/\/www.relofirm.com\/fr\/"},{"@type":"ListItem","position":2,"name":"Panama Fondation de l&#8217;Information Fiscale"}]},{"@type":"WebSite","@id":"https:\/\/www.relofirm.com\/#website","url":"https:\/\/www.relofirm.com\/","name":"International Relocation Firm","description":"","publisher":{"@id":"https:\/\/www.relofirm.com\/#organization"},"potentialAction":[{"@type":"SearchAction","target":{"@type":"EntryPoint","urlTemplate":"https:\/\/www.relofirm.com\/?s={search_term_string}"},"query-input":{"@type":"PropertyValueSpecification","valueRequired":true,"valueName":"search_term_string"}}],"inLanguage":"fr-FR"},{"@type":"Organization","@id":"https:\/\/www.relofirm.com\/#organization","name":"International Relocation Firm","url":"https:\/\/www.relofirm.com\/","logo":{"@type":"ImageObject","inLanguage":"fr-FR","@id":"https:\/\/www.relofirm.com\/#\/schema\/logo\/image\/","url":"https:\/\/www.relofirm.com\/wp-content\/uploads\/2021\/11\/relofirm-logo.svg","contentUrl":"https:\/\/www.relofirm.com\/wp-content\/uploads\/2021\/11\/relofirm-logo.svg","width":1485,"height":516,"caption":"International Relocation Firm"},"image":{"@id":"https:\/\/www.relofirm.com\/#\/schema\/logo\/image\/"},"sameAs":["https:\/\/www.facebook.com\/PanamaOffshoreLegalServices","https:\/\/x.com\/polslegal"]}]}},"_links":{"self":[{"href":"https:\/\/www.relofirm.com\/fr\/wp-json\/wp\/v2\/pages\/7212","targetHints":{"allow":["GET"]}}],"collection":[{"href":"https:\/\/www.relofirm.com\/fr\/wp-json\/wp\/v2\/pages"}],"about":[{"href":"https:\/\/www.relofirm.com\/fr\/wp-json\/wp\/v2\/types\/page"}],"author":[{"embeddable":true,"href":"https:\/\/www.relofirm.com\/fr\/wp-json\/wp\/v2\/users\/10"}],"replies":[{"embeddable":true,"href":"https:\/\/www.relofirm.com\/fr\/wp-json\/wp\/v2\/comments?post=7212"}],"version-history":[{"count":1,"href":"https:\/\/www.relofirm.com\/fr\/wp-json\/wp\/v2\/pages\/7212\/revisions"}],"predecessor-version":[{"id":8115,"href":"https:\/\/www.relofirm.com\/fr\/wp-json\/wp\/v2\/pages\/7212\/revisions\/8115"}],"wp:attachment":[{"href":"https:\/\/www.relofirm.com\/fr\/wp-json\/wp\/v2\/media?parent=7212"}],"curies":[{"name":"wp","href":"https:\/\/api.w.org\/{rel}","templated":true}]}}