{"id":7208,"date":"2010-09-18T00:00:00","date_gmt":"2010-09-18T05:00:00","guid":{"rendered":"https:\/\/relofirm.com\/foundation_uses\/"},"modified":"2020-01-22T11:28:38","modified_gmt":"2020-01-22T16:28:38","slug":"utilise-des-fondations-du-panama","status":"publish","type":"page","link":"https:\/\/www.relofirm.com\/fr\/utilise-des-fondations-du-panama\/","title":{"rendered":"Utilise des Fondations du Panama"},"content":{"rendered":"<div class=\"menu-offshore-foundations-french-container\"><ul id=\"menu-offshore-foundations-french\" class=\"menu\"><li id=\"menu-item-7564\" class=\"menu-item menu-item-type-post_type menu-item-object-page menu-item-has-children menu-item-7564\"><a href=\"https:\/\/www.relofirm.com\/fr\/fondations-offshore-du-panama\/\">Fondations Offshore du Panama<\/a>\n<ul class=\"sub-menu\">\n\t<li id=\"menu-item-7566\" class=\"menu-item menu-item-type-post_type menu-item-object-page menu-item-7566\"><a href=\"https:\/\/www.relofirm.com\/fr\/elements-dune-fondation-panama-interet-prive\/\">El\u00e9ments d&rsquo;une Fondation Panama Int\u00e9r\u00eat Priv\u00e9<\/a><\/li>\n\t<li id=\"menu-item-7567\" class=\"menu-item menu-item-type-post_type menu-item-object-page menu-item-7567\"><a href=\"https:\/\/www.relofirm.com\/fr\/panama-fondation-privee-dinteret-frais-annuel\/\">Panama Fondation Priv\u00e9e d&rsquo;Int\u00e9r\u00eat Frais Annuel<\/a><\/li>\n\t<li id=\"menu-item-7568\" class=\"menu-item menu-item-type-post_type menu-item-object-page menu-item-7568\"><a href=\"https:\/\/www.relofirm.com\/fr\/faits-de-panama-fondation\/\">Faits de Panama Fondation<\/a><\/li>\n\t<li id=\"menu-item-7569\" class=\"menu-item menu-item-type-post_type menu-item-object-page menu-item-7569\"><a href=\"https:\/\/www.relofirm.com\/fr\/panama-fondation-de-linformation-fiscale\/\">Panama Fondation de l&rsquo;Information Fiscale<\/a><\/li>\n\t<li id=\"menu-item-7570\" class=\"menu-item menu-item-type-post_type menu-item-object-page menu-item-7570\"><a href=\"https:\/\/www.relofirm.com\/fr\/panama-droit-de-fondation\/\">Panama Droit de Fondation<\/a><\/li>\n\t<li id=\"menu-item-7571\" class=\"menu-item menu-item-type-post_type menu-item-object-page menu-item-7571\"><a href=\"https:\/\/www.relofirm.com\/fr\/procedures-de-constitution-dune-fondation-panama\/\">Proc\u00e9dures de Constitution d&rsquo;une Fondation Panama<\/a><\/li>\n\t<li id=\"menu-item-7572\" class=\"menu-item menu-item-type-post_type menu-item-object-page menu-item-7572\"><a href=\"https:\/\/www.relofirm.com\/fr\/pols-offre-exclusive-de-panama-forfait-fondation\/\">POLS Offre Exclusive de Panama Forfait Fondation<\/a><\/li>\n\t<li id=\"menu-item-7574\" class=\"menu-item menu-item-type-post_type menu-item-object-page menu-item-7574\"><a href=\"https:\/\/www.relofirm.com\/fr\/avis-de-renouvellement-et-des-taxes\/\">Avis de Renouvellement et des Taxes<\/a><\/li>\n<\/ul>\n<\/li>\n<\/ul><\/div>\n<hr \/>\n<p>International Relocation Firm fournissent la protection des actifs par la formation d&rsquo;une Fondation Panama int\u00e9r\u00eat priv\u00e9 ou <a href=\"offshore_foundations\">Fondations du Panama<\/a>.  Il ya plusieurs utilisations pour un <a href=\"offshore_foundations\"> Panama Fondation<\/a>.<\/p>\n<p><strong>Utilise une Fondation Panama<\/strong><\/p>\n<p><a href=\"offshore_foundations\">Fondations du Panama int\u00e9r\u00eat priv\u00e9<\/a> peut \u00eatre \u00e9tabli pour le b\u00e9n\u00e9fice d&rsquo;une personne ou personnes, une famille, ou dans un but social sp\u00e9cifique.<\/p>\n<p>En g\u00e9n\u00e9ral, les fondations du Panama int\u00e9r\u00eat priv\u00e9 sont utilis\u00e9s par des gens qui d\u00e9sirent contr\u00f4ler et conserver la propri\u00e9t\u00e9 de soci\u00e9t\u00e9s \u00e9trang\u00e8res, cependant, ils ne souhaitent pas devenir propri\u00e9taires de leur soci\u00e9t\u00e9s elles-m\u00eames directement, en raison de la Corporation des Affaires \u00e9trang\u00e8res contr\u00f4l\u00e9es (CFC) dans leur pays d&rsquo;origine.  Plusieurs pays hautement tax\u00e9s comme le Royaume-Uni, Canada, USA, Australie, Nouvelle Z\u00e9lande, France, Italie, Espagne, etc, ont des r\u00e8gles CFC qui exigent que leurs citoyens soumettre des d\u00e9clarations (rapports) \u00e0 l&rsquo;administration fiscale appropri\u00e9e, dans laquelle ils d\u00e9clarent que ils sont les actionnaires de ces soci\u00e9t\u00e9s \u00e9trang\u00e8res.<\/p>\n<p>Au lieu de d\u00e9tenir des actions de ces soci\u00e9t\u00e9s en leur nom personnel ou au porteur, ils \u00e9tablissent un <a href=\"offshore_foundations\">Fondation d&rsquo;int\u00e9r\u00eat priv\u00e9 au Panama<\/a> qui d\u00e9tient ou poss\u00e8de des actions de leur soci\u00e9t\u00e9 \u00e9trang\u00e8re (s), \u00e9vitant ainsi les r\u00e8gles de d\u00e9claration des CFC.  Ainsi, l&rsquo;avantage d&rsquo;utiliser la Fondation de Panama en tant qu&rsquo;actionnaire de leur soci\u00e9t\u00e9 est de supprimer la propri\u00e9t\u00e9 d&rsquo;un nom personnel (ou par un arrangement action au porteur), et le transfert de propri\u00e9t\u00e9 au nom d&rsquo;une entit\u00e9 \u00e9trang\u00e8re qui n&rsquo;a pas de propri\u00e9taires, a plut\u00f4t priv\u00e9 d\u00e9sign\u00e9 les b\u00e9n\u00e9ficiaires, qui sont anonymes.  De cette fa\u00e7on, il n&rsquo;est pas question de savoir qui poss\u00e8de la soci\u00e9t\u00e9, puisque les parts de la soci\u00e9t\u00e9 sont \u00e9mises au nom du Panama Fondation.<\/p>\n<p>Un autre avantage de l&rsquo;utilisation de la Fondation de Panama en tant qu&rsquo;actionnaire s&rsquo;applique dans le sc\u00e9nario suivant: Dans de nombreux cas, lors de l&rsquo;ouverture de comptes bancaires ou des comptes d&rsquo;entreprise d&rsquo;investissement, les institutions financi\u00e8res exigent que vous r\u00e9v\u00e8lent les propri\u00e9taires v\u00e9ritables de la soci\u00e9t\u00e9.  Gr\u00e2ce \u00e0 la strat\u00e9gie de propri\u00e9t\u00e9 de la Fondation, on peut affirmer que le Panama Fondation est le propri\u00e9taire de la soci\u00e9t\u00e9.  Encore une fois, l&rsquo;objectif est de supprimer la propri\u00e9t\u00e9 de leur nom personnel, au nom d&rsquo;une entit\u00e9 \u00e9trang\u00e8re dont la propri\u00e9t\u00e9 est anonyme.<\/p>\n<p>Le Panama Fondation offre des avantages suppl\u00e9mentaires autres que la simple possession.  Par exemple, la Fondation de Panama peut \u00eatre utile dans le transfert de fonds offshore ou de recevoir des fonds de l&rsquo;\u00e9tranger.  Dans certains cas, les gens utilisent les fondations du Panama en tant que v\u00e9hicules \u00e0 ces fins.  Certaines personnes font don de leur fonds \u00e0 leurs fondations Panama et une utilisation ult\u00e9rieure de la Fondation de Panama \u00e0 donner des bourses d&rsquo;\u00e9tudes ou de particuliers \u00e0 leurs enfants, petits-enfants, ou toute autre personne de leur choix.  L&rsquo;avantage dans ce cas, est d&rsquo;\u00e9viter la r\u00e9glementation fiscale entourant des dons, o\u00f9 certains gouvernements imposent \u00ab\u00a0donation\u00a0\u00bb et les exigences de d\u00e9claration exhaustive.<\/p>\n<p>En g\u00e9n\u00e9ral, les fondations d&rsquo;int\u00e9r\u00eat priv\u00e9 ne peut pas s&rsquo;engager dans habituelle lucratif des activit\u00e9s commerciales en tant que soci\u00e9t\u00e9 peut.  N\u00e9anmoins, ils peuvent exercer des activit\u00e9s commerciales, de temps en temps, aussi longtemps que les b\u00e9n\u00e9fices de ces activit\u00e9s sont utilis\u00e9s pour les objectifs de la fondation.  Par exemple, une fondation d&rsquo;int\u00e9r\u00eat priv\u00e9 peut exercer des activit\u00e9s bancaires ou d&rsquo;investissement, comme investir dans des d\u00e9p\u00f4ts \u00e0 terme bancaires (certificats de d\u00e9p\u00f4t &#8211; CD), actions, obligations, fonds communs de placement, les options, les march\u00e9s mon\u00e9taires, etc tant que le produit de ces activit\u00e9s d&rsquo;investissement sont \u00e0 l&rsquo;avantage des b\u00e9n\u00e9ficiaires de la Fondation de Panama.<\/p>\n<hr>\n","protected":false},"excerpt":{"rendered":"<p>International Relocation Firm fournissent la protection des actifs par la formation d&rsquo;une Fondation Panama int\u00e9r\u00eat priv\u00e9 ou Fondations du Panama. Il ya plusieurs utilisations pour un Panama Fondation. Utilise une Fondation Panama Fondations du Panama int\u00e9r\u00eat priv\u00e9 peut \u00eatre \u00e9tabli pour le b\u00e9n\u00e9fice d&rsquo;une personne ou personnes, une famille, ou dans un but social sp\u00e9cifique. [&hellip;]<\/p>\n","protected":false},"author":10,"featured_media":0,"parent":0,"menu_order":0,"comment_status":"closed","ping_status":"closed","template":"","meta":{"_et_pb_use_builder":"","_et_pb_old_content":"","_et_gb_content_width":"","inline_featured_image":false},"yoast_head":"<!-- This site is optimized with the Yoast SEO plugin v18.5.1 - https:\/\/yoast.com\/wordpress\/plugins\/seo\/ -->\n<title>Utilise des Fondations du Panama - International Relocation Firm<\/title>\n<meta name=\"robots\" content=\"index, follow, max-snippet:-1, max-image-preview:large, max-video-preview:-1\" \/>\n<link rel=\"canonical\" href=\"https:\/\/www.relofirm.com\/fr\/utilise-des-fondations-du-panama\/\" \/>\n<meta property=\"og:locale\" content=\"fr_FR\" \/>\n<meta property=\"og:type\" content=\"article\" \/>\n<meta property=\"og:title\" content=\"Utilise des Fondations du Panama - International Relocation Firm\" \/>\n<meta property=\"og:description\" content=\"International Relocation Firm fournissent la protection des actifs par la formation d&rsquo;une Fondation Panama int\u00e9r\u00eat priv\u00e9 ou Fondations du Panama. Il ya plusieurs utilisations pour un Panama Fondation. Utilise une Fondation Panama Fondations du Panama int\u00e9r\u00eat priv\u00e9 peut \u00eatre \u00e9tabli pour le b\u00e9n\u00e9fice d&rsquo;une personne ou personnes, une famille, ou dans un but social sp\u00e9cifique. [&hellip;]\" \/>\n<meta property=\"og:url\" content=\"https:\/\/www.relofirm.com\/fr\/utilise-des-fondations-du-panama\/\" \/>\n<meta property=\"og:site_name\" content=\"International Relocation Firm\" \/>\n<meta property=\"article:publisher\" content=\"https:\/\/www.facebook.com\/ReloFirm\/\" \/>\n<meta property=\"article:modified_time\" content=\"2020-01-22T16:28:38+00:00\" \/>\n<meta name=\"twitter:label1\" content=\"Dur\u00e9e de lecture estim\u00e9e\" \/>\n\t<meta name=\"twitter:data1\" content=\"3 minutes\" \/>\n<!-- \/ Yoast SEO plugin. -->","yoast_head_json":{"title":"Utilise des Fondations du Panama - International Relocation Firm","robots":{"index":"index","follow":"follow","max-snippet":"max-snippet:-1","max-image-preview":"max-image-preview:large","max-video-preview":"max-video-preview:-1"},"canonical":"https:\/\/www.relofirm.com\/fr\/utilise-des-fondations-du-panama\/","og_locale":"fr_FR","og_type":"article","og_title":"Utilise des Fondations du Panama - International Relocation Firm","og_description":"International Relocation Firm fournissent la protection des actifs par la formation d&rsquo;une Fondation Panama int\u00e9r\u00eat priv\u00e9 ou Fondations du Panama. Il ya plusieurs utilisations pour un Panama Fondation. Utilise une Fondation Panama Fondations du Panama int\u00e9r\u00eat priv\u00e9 peut \u00eatre \u00e9tabli pour le b\u00e9n\u00e9fice d&rsquo;une personne ou personnes, une famille, ou dans un but social sp\u00e9cifique. [&hellip;]","og_url":"https:\/\/www.relofirm.com\/fr\/utilise-des-fondations-du-panama\/","og_site_name":"International Relocation Firm","article_publisher":"https:\/\/www.facebook.com\/ReloFirm\/","article_modified_time":"2020-01-22T16:28:38+00:00","twitter_misc":{"Dur\u00e9e de lecture estim\u00e9e":"3 minutes"},"schema":{"@context":"https:\/\/schema.org","@graph":[{"@type":"Organization","@id":"https:\/\/www.relofirm.com\/#organization","name":"International Relocation Firm","url":"https:\/\/www.relofirm.com\/","sameAs":["https:\/\/www.facebook.com\/ReloFirm\/","https:\/\/www.linkedin.com\/company\/relo-firm","https:\/\/twitter.com\/polslegal"],"logo":{"@type":"ImageObject","@id":"https:\/\/www.relofirm.com\/#logo","inLanguage":"fr-FR","url":"https:\/\/www.relofirm.com\/wp-content\/uploads\/2021\/11\/relofirm-logo.svg","contentUrl":"https:\/\/www.relofirm.com\/wp-content\/uploads\/2021\/11\/relofirm-logo.svg","width":1485,"height":516,"caption":"International Relocation Firm"},"image":{"@id":"https:\/\/www.relofirm.com\/#logo"}},{"@type":"WebSite","@id":"https:\/\/www.relofirm.com\/#website","url":"https:\/\/www.relofirm.com\/","name":"International Relocation Firm","description":"","publisher":{"@id":"https:\/\/www.relofirm.com\/#organization"},"potentialAction":[{"@type":"SearchAction","target":{"@type":"EntryPoint","urlTemplate":"https:\/\/www.relofirm.com\/?s={search_term_string}"},"query-input":"required name=search_term_string"}],"inLanguage":"fr-FR"},{"@type":"WebPage","@id":"https:\/\/www.relofirm.com\/fr\/utilise-des-fondations-du-panama\/#webpage","url":"https:\/\/www.relofirm.com\/fr\/utilise-des-fondations-du-panama\/","name":"Utilise des Fondations du Panama - International Relocation Firm","isPartOf":{"@id":"https:\/\/www.relofirm.com\/#website"},"datePublished":"2010-09-18T05:00:00+00:00","dateModified":"2020-01-22T16:28:38+00:00","breadcrumb":{"@id":"https:\/\/www.relofirm.com\/fr\/utilise-des-fondations-du-panama\/#breadcrumb"},"inLanguage":"fr-FR","potentialAction":[{"@type":"ReadAction","target":["https:\/\/www.relofirm.com\/fr\/utilise-des-fondations-du-panama\/"]}]},{"@type":"BreadcrumbList","@id":"https:\/\/www.relofirm.com\/fr\/utilise-des-fondations-du-panama\/#breadcrumb","itemListElement":[{"@type":"ListItem","position":1,"name":"Home","item":"https:\/\/www.relofirm.com\/fr\/"},{"@type":"ListItem","position":2,"name":"Utilise des Fondations du Panama"}]}]}},"_links":{"self":[{"href":"https:\/\/www.relofirm.com\/fr\/wp-json\/wp\/v2\/pages\/7208"}],"collection":[{"href":"https:\/\/www.relofirm.com\/fr\/wp-json\/wp\/v2\/pages"}],"about":[{"href":"https:\/\/www.relofirm.com\/fr\/wp-json\/wp\/v2\/types\/page"}],"author":[{"embeddable":true,"href":"https:\/\/www.relofirm.com\/fr\/wp-json\/wp\/v2\/users\/10"}],"replies":[{"embeddable":true,"href":"https:\/\/www.relofirm.com\/fr\/wp-json\/wp\/v2\/comments?post=7208"}],"version-history":[{"count":1,"href":"https:\/\/www.relofirm.com\/fr\/wp-json\/wp\/v2\/pages\/7208\/revisions"}],"predecessor-version":[{"id":8163,"href":"https:\/\/www.relofirm.com\/fr\/wp-json\/wp\/v2\/pages\/7208\/revisions\/8163"}],"wp:attachment":[{"href":"https:\/\/www.relofirm.com\/fr\/wp-json\/wp\/v2\/media?parent=7208"}],"curies":[{"name":"wp","href":"https:\/\/api.w.org\/{rel}","templated":true}]}}