{"id":7205,"date":"2010-09-17T00:00:00","date_gmt":"2010-09-17T05:00:00","guid":{"rendered":"https:\/\/relofirm.com\/corporation_renewal_taxes\/"},"modified":"2020-01-22T11:28:13","modified_gmt":"2020-01-22T16:28:13","slug":"renouvellement-des-societes-au-panama-et-fondations-du-panama-au-panama-et-impots-avis","status":"publish","type":"page","link":"https:\/\/www.relofirm.com\/fr\/renouvellement-des-societes-au-panama-et-fondations-du-panama-au-panama-et-impots-avis\/","title":{"rendered":"Renouvellement des Soci\u00e9t\u00e9s au Panama et Fondations du Panama au Panama et Imp\u00f4ts Avis"},"content":{"rendered":"<div class=\"menu-offshore-corporations-fr-container\"><ul id=\"menu-offshore-corporations-fr\" class=\"menu\"><li id=\"menu-item-7418\" class=\"menu-item menu-item-type-post_type menu-item-object-page menu-item-7418\"><a href=\"https:\/\/www.relofirm.com\/fr\/societes-offshore-du-panama\/\">Soci\u00e9t\u00e9s Offshore du Panama<\/a><\/li>\n<li id=\"menu-item-7543\" class=\"menu-item menu-item-type-post_type menu-item-object-page menu-item-has-children menu-item-7543\"><a href=\"https:\/\/www.relofirm.com\/fr\/societes-offshore-du-panama\/\">Soci\u00e9t\u00e9s Offshore du Panama<\/a>\n<ul class=\"sub-menu\">\n\t<li id=\"menu-item-7544\" class=\"menu-item menu-item-type-post_type menu-item-object-page menu-item-7544\"><a href=\"https:\/\/www.relofirm.com\/fr\/faits-panama-societe\/\">Faits Panama Soci\u00e9t\u00e9<\/a><\/li>\n\t<li id=\"menu-item-7545\" class=\"menu-item menu-item-type-post_type menu-item-object-page menu-item-7545\"><a href=\"https:\/\/www.relofirm.com\/fr\/panama-impot-sur-les-societes-information\/\">Panama Imp\u00f4t sur les Soci\u00e9t\u00e9s Information<\/a><\/li>\n\t<li id=\"menu-item-7546\" class=\"menu-item menu-item-type-post_type menu-item-object-page menu-item-7546\"><a href=\"https:\/\/www.relofirm.com\/fr\/loi-de-societe-du-panama\/\">Loi de Soci\u00e9t\u00e9 du Panama<\/a><\/li>\n\t<li id=\"menu-item-7551\" class=\"menu-item menu-item-type-post_type menu-item-object-page menu-item-7551\"><a href=\"https:\/\/www.relofirm.com\/fr\/procedures-pour-former-une-societe-au-panama\/\">Proc\u00e9dures pour Former une Soci\u00e9t\u00e9 au Panama<\/a><\/li>\n\t<li id=\"menu-item-7552\" class=\"menu-item menu-item-type-post_type menu-item-object-page menu-item-7552\"><a href=\"https:\/\/www.relofirm.com\/fr\/offre-exclusive-de-panama-forfait-societe\/\">Offre Exclusive de Panama Forfait Soci\u00e9t\u00e9<\/a><\/li>\n\t<li id=\"menu-item-7556\" class=\"menu-item menu-item-type-post_type menu-item-object-page menu-item-7556\"><a href=\"https:\/\/www.relofirm.com\/fr\/renouvellement-des-societes-au-panama-et-fondations-du-panama-au-panama-et-impots-avis\/\">Renouvellement des Soci\u00e9t\u00e9s au Panama et Fondations du Panama au Panama et Imp\u00f4ts Avis<\/a><\/li>\n<\/ul>\n<\/li>\n<\/ul><\/div>\n<hr \/>\n<p>Les co\u00fbts annuels d&rsquo;entretien <a href=\"offshore_corporations_panama\">Soci\u00e9t\u00e9s de Panama<\/a> et \/ ou <a href=\"offshore_foundations\">Fondations du Panama<\/a> sont les suivantes:<\/p>\n<table class=\"fee_schedule\" align=\"center\" border=\"0\" width=\"100%\">\n<tbody>\n<tr class=\"table_header\">\n<td width=\"33%\"> Descriptif<\/td>\n<td width=\"18%\"> Pay\u00e9 pour<\/td>\n<td width=\"18%\"> Fr\u00e9quence<\/td>\n<td width=\"17%\"> Obligatoires<\/td>\n<td width=\"14%\"> Montant<\/td>\n<\/tr>\n<tr>\n<td> Franchise Tax entreprise<\/td>\n<td> Gouvernement<\/td>\n<td> Chaque ann\u00e9e<\/td>\n<td> Obligatoires<\/td>\n<td>\n<div> 300 $<\/div>\n<\/td>\n<\/tr>\n<tr>\n<td> Resident Agent \/ Bureau Frais<\/td>\n<td> Law Firm<\/td>\n<td> Chaque ann\u00e9e<\/td>\n<td> Obligatoires<\/td>\n<td>\n<div> 300 $<\/div>\n<\/td>\n<\/tr>\n<tr>\n<td> Frais candidat administration<\/td>\n<td> Law Firm<\/td>\n<td> Chaque ann\u00e9e<\/td>\n<td> Si applicable<\/td>\n<td>\n<div> 150 $<\/div>\n<\/td>\n<\/tr>\n<tr>\n<td> Bo\u00eete aux lettres Frais de services<\/td>\n<td> Law Firm<\/td>\n<td> Chaque ann\u00e9e<\/td>\n<td> En option<\/td>\n<td>\n<div> 300 $<\/div>\n<\/td>\n<\/tr>\n<\/tbody>\n<\/table>\n<p>Ci-dessous vous trouverez une description d\u00e9taill\u00e9e de chacun des co\u00fbts annuels mentionn\u00e9s ci-dessus.<\/p>\n<p><strong>Taxes de franchise pour les soci\u00e9t\u00e9s d&rsquo;PANAMA ET FONDATIONS<\/strong> <br \/>\n\tPour garder une <a href=\"offshore_corporations_panama\">Panama Soci\u00e9t\u00e9<\/a> ou <a href=\"offshore_foundations\">Panama Fondation<\/a> en r\u00e8gle avec le gouvernement panam\u00e9en, chaque entit\u00e9 doit payer une taxe annuelle forfaitaire de Panama franchise sur les entreprises (\u00abtasa unica\u00bb) de 300 $ US au Gouvernement panam\u00e9en (Registre public de Panama).<\/p>\n<p>S&rsquo;il vous pla\u00eet noter que si les taxes annuelles de Panama franchise sur les entreprises ne sont pas pay\u00e9s, le registre public ne permettra pas de changements \u00e0 l&rsquo;entit\u00e9 \u00e0 \u00eatre enregistr\u00e9e au greffe du public, et ne vous permettra pas d&rsquo;obtenir tous les certificats de constitution (certificat de bonne r\u00e9putation) pour l&rsquo;entit\u00e9, qui sont g\u00e9n\u00e9ralement requis par la plupart des institutions financi\u00e8res, de temps en temps, dans le cadre de leurs proc\u00e9dures de due diligence \/ politiques.  En outre, les certificats de bonne conduite sont g\u00e9n\u00e9ralement n\u00e9cessaires pour transf\u00e9rer les titres de propri\u00e9t\u00e9 d\u00e9tenus dans des soci\u00e9t\u00e9s au Panama et \/ ou des fondations de Panama.<\/p>\n<p>Conform\u00e9ment \u00e0 la loi panam\u00e9enne, le Panama, l&rsquo;entreprise d\u00e9lais de franchise fiscale de paiement sont bas\u00e9es sur la date de constitution, comme suit;<\/p>\n<table align=\"center\" border=\"0\" cellpadding=\"3\" cellspacing=\"3\" width=\"95%\">\n<tbody>\n<tr>\n<td><strong>Date de constitution:<\/strong><\/td>\n<td><strong>Date limite de paiement d&rsquo;imp\u00f4t:<\/strong><\/td>\n<\/tr>\n<tr>\n<td> Du 1er Janvier au 30 Juin:<\/td>\n<td> 15 juillet<\/td>\n<\/tr>\n<tr>\n<td> Du 1er Juillet au 31 D\u00e9cembre:<\/td>\n<td> 15 janvier<\/td>\n<\/tr>\n<\/tbody>\n<\/table>\n<p><strong>P\u00e9nalit\u00e9 pour paiement en retard:<\/strong><\/p>\n<p>Si la taxe annuelle de franchise de Panama d&rsquo;entreprise (\u00abtasa unica\u00bb) n&rsquo;est pas pay\u00e9 le ou avant la date d&rsquo;\u00e9ch\u00e9ance mentionn\u00e9e ci-dessus, l&rsquo;entit\u00e9 sera factur\u00e9 une p\u00e9nalit\u00e9 de retard de US $ 50.00.<\/p>\n<p><strong>Deuxi\u00e8me p\u00e9nalit\u00e9 pour paiement tardif:<\/strong><\/p>\n<p>Si la taxe annuelle de franchise de Panama d&rsquo;entreprise (\u00abtasa unica\u00bb) et la premi\u00e8re p\u00e9nalit\u00e9 de retard n&rsquo;est pas pay\u00e9 apr\u00e8s le deuxi\u00e8me \u00ab\u00a0date butoir\u00a0\u00bb p\u00e9riode, l&rsquo;entit\u00e9 sera factur\u00e9 une deuxi\u00e8me p\u00e9nalit\u00e9 tardive de 300 $ US.  Pour chaque suppl\u00e9mentaire \u00ab\u00a0deadline\u00a0\u00bb p\u00e9riode manqu\u00e9e par la suite, des frais de 300 $ US en retard seront engag\u00e9s.<\/p>\n<p><strong>Mandataire r\u00e9sidant \/ FRAIS SIEGE<\/strong><\/p>\n<p>L&rsquo;agent r\u00e9sident est le cabinet d&rsquo;avocats ou de Panama <a href=\"http:\/\/www.attorney-panama.com\/\"> Avocat panam\u00e9en<\/a> qui repr\u00e9sente l&rsquo;entit\u00e9 de Panama (Panama Corporation et \/ ou du Panama fondation).  Le nom du cabinet d&rsquo;avocats ou un avocat panam\u00e9en panam\u00e9enne et adresse du bureau de l&rsquo;entit\u00e9 au Panama est indiqu\u00e9 sur l&rsquo;acte public (les statuts) de l&rsquo;entit\u00e9 au Registre public de Panama.  Pour maintenir une soci\u00e9t\u00e9 au Panama ou au Panama fondation en r\u00e8gle avec notre cabinet d&rsquo;avocats, chaque entit\u00e9 doit payer un r\u00e9sident annuelle d&rsquo;agent \/ bureau des honoraires de 300 $ US par ann\u00e9e, en commen\u00e7ant un an apr\u00e8s la date d&rsquo;incorporation.<\/p>\n<p><strong>CANDIDAT ADMINISTRATION FEE<\/strong><\/p>\n<p>Administrateurs d\u00e9sign\u00e9s ou des membres du conseil sont des candidats un service facultatif offert par notre cabinet.  Si n\u00e9cessaire, notre cabinet offre des administrateurs ou des membres du conseil qui sont n\u00e9cessaires pour la constitution de la soci\u00e9t\u00e9 au Panama ou au Panama fondation.  Les honoraires des administrateurs des candidats ou de la fondation des services conseil sont de 150 $ par an (comprend 3 administrateurs), en commen\u00e7ant un an apr\u00e8s la date d&rsquo;incorporation.<\/p>\n<p><strong>SERVICES DROP MAIL<\/strong><\/p>\n<p>Bo\u00eete aux lettres (ou l&rsquo;acheminement du courrier) vous fournit des services d&rsquo;une bo\u00eete postale au Panama, et une adresse physique au Panama o\u00f9 votre Panama Corporation et \/ ou du Panama fondation peut recevoir de la correspondance courrier ou les colis.  Comme l&rsquo;e-mail et \/ ou les paquets sont re\u00e7us, ils sont transmis \u00e0 vous selon vos instructions.  Si vous \u00eates abonn\u00e9 au Service r\u00e9exp\u00e9dition du courrier, puis vous avez pay\u00e9 pour la premi\u00e8re ann\u00e9e de service au d\u00e9but de votre abonnement.  Pour renouveler votre service de r\u00e9exp\u00e9dition du courrier, il ya une cotisation annuelle de 300 $.<\/p>\n<p>Pour toute question ou information concernant les renouvellements annuels s&rsquo;il vous pla\u00eet e-mail: renewals@pos-inc.com<br \/>\n\tOu appelez nos bureaux au <strong>+ + (507) 227-6645<\/strong><\/p>\n<hr>\n","protected":false},"excerpt":{"rendered":"<p>Les co\u00fbts annuels d&rsquo;entretien Soci\u00e9t\u00e9s de Panama et \/ ou Fondations du Panama sont les suivantes: Descriptif Pay\u00e9 pour Fr\u00e9quence Obligatoires Montant Franchise Tax entreprise Gouvernement Chaque ann\u00e9e Obligatoires 300 $ Resident Agent \/ Bureau Frais Law Firm Chaque ann\u00e9e Obligatoires 300 $ Frais candidat administration Law Firm Chaque ann\u00e9e Si applicable 150 $ Bo\u00eete [&hellip;]<\/p>\n","protected":false},"author":10,"featured_media":0,"parent":0,"menu_order":0,"comment_status":"closed","ping_status":"closed","template":"","meta":{"_et_pb_use_builder":"","_et_pb_old_content":"","_et_gb_content_width":"","inline_featured_image":false,"footnotes":""},"class_list":["post-7205","page","type-page","status-publish","hentry"],"yoast_head":"<!-- This site is optimized with the Yoast SEO plugin v27.5 - https:\/\/yoast.com\/product\/yoast-seo-wordpress\/ -->\n<title>Renouvellement des Soci\u00e9t\u00e9s au Panama et Fondations du Panama au Panama et Imp\u00f4ts Avis - International Relocation Firm<\/title>\n<meta name=\"robots\" content=\"index, follow, max-snippet:-1, max-image-preview:large, max-video-preview:-1\" \/>\n<link rel=\"canonical\" href=\"https:\/\/www.relofirm.com\/fr\/renouvellement-des-societes-au-panama-et-fondations-du-panama-au-panama-et-impots-avis\/\" \/>\n<meta name=\"twitter:label1\" content=\"Dur\u00e9e de lecture estim\u00e9e\" \/>\n\t<meta name=\"twitter:data1\" content=\"4 minutes\" \/>\n<!-- \/ Yoast SEO plugin. -->","yoast_head_json":{"title":"Renouvellement des Soci\u00e9t\u00e9s au Panama et Fondations du Panama au Panama et Imp\u00f4ts Avis - International Relocation Firm","robots":{"index":"index","follow":"follow","max-snippet":"max-snippet:-1","max-image-preview":"max-image-preview:large","max-video-preview":"max-video-preview:-1"},"canonical":"https:\/\/www.relofirm.com\/fr\/renouvellement-des-societes-au-panama-et-fondations-du-panama-au-panama-et-impots-avis\/","twitter_misc":{"Dur\u00e9e de lecture estim\u00e9e":"4 minutes"},"schema":{"@context":"https:\/\/schema.org","@graph":[{"@type":"WebPage","@id":"https:\/\/www.relofirm.com\/fr\/renouvellement-des-societes-au-panama-et-fondations-du-panama-au-panama-et-impots-avis\/","url":"https:\/\/www.relofirm.com\/fr\/renouvellement-des-societes-au-panama-et-fondations-du-panama-au-panama-et-impots-avis\/","name":"Renouvellement des Soci\u00e9t\u00e9s au Panama et Fondations du Panama au Panama et Imp\u00f4ts Avis - International Relocation Firm","isPartOf":{"@id":"https:\/\/www.relofirm.com\/#website"},"datePublished":"2010-09-17T05:00:00+00:00","dateModified":"2020-01-22T16:28:13+00:00","breadcrumb":{"@id":"https:\/\/www.relofirm.com\/fr\/renouvellement-des-societes-au-panama-et-fondations-du-panama-au-panama-et-impots-avis\/#breadcrumb"},"inLanguage":"fr-FR","potentialAction":[{"@type":"ReadAction","target":["https:\/\/www.relofirm.com\/fr\/renouvellement-des-societes-au-panama-et-fondations-du-panama-au-panama-et-impots-avis\/"]}]},{"@type":"BreadcrumbList","@id":"https:\/\/www.relofirm.com\/fr\/renouvellement-des-societes-au-panama-et-fondations-du-panama-au-panama-et-impots-avis\/#breadcrumb","itemListElement":[{"@type":"ListItem","position":1,"name":"Home","item":"https:\/\/www.relofirm.com\/fr\/"},{"@type":"ListItem","position":2,"name":"Renouvellement des Soci\u00e9t\u00e9s au Panama et Fondations du Panama au Panama et Imp\u00f4ts Avis"}]},{"@type":"WebSite","@id":"https:\/\/www.relofirm.com\/#website","url":"https:\/\/www.relofirm.com\/","name":"International Relocation Firm","description":"","publisher":{"@id":"https:\/\/www.relofirm.com\/#organization"},"potentialAction":[{"@type":"SearchAction","target":{"@type":"EntryPoint","urlTemplate":"https:\/\/www.relofirm.com\/?s={search_term_string}"},"query-input":{"@type":"PropertyValueSpecification","valueRequired":true,"valueName":"search_term_string"}}],"inLanguage":"fr-FR"},{"@type":"Organization","@id":"https:\/\/www.relofirm.com\/#organization","name":"International Relocation Firm","url":"https:\/\/www.relofirm.com\/","logo":{"@type":"ImageObject","inLanguage":"fr-FR","@id":"https:\/\/www.relofirm.com\/#\/schema\/logo\/image\/","url":"https:\/\/www.relofirm.com\/wp-content\/uploads\/2021\/11\/relofirm-logo.svg","contentUrl":"https:\/\/www.relofirm.com\/wp-content\/uploads\/2021\/11\/relofirm-logo.svg","width":1485,"height":516,"caption":"International Relocation Firm"},"image":{"@id":"https:\/\/www.relofirm.com\/#\/schema\/logo\/image\/"},"sameAs":["https:\/\/www.facebook.com\/PanamaOffshoreLegalServices","https:\/\/x.com\/polslegal"]}]}},"_links":{"self":[{"href":"https:\/\/www.relofirm.com\/fr\/wp-json\/wp\/v2\/pages\/7205","targetHints":{"allow":["GET"]}}],"collection":[{"href":"https:\/\/www.relofirm.com\/fr\/wp-json\/wp\/v2\/pages"}],"about":[{"href":"https:\/\/www.relofirm.com\/fr\/wp-json\/wp\/v2\/types\/page"}],"author":[{"embeddable":true,"href":"https:\/\/www.relofirm.com\/fr\/wp-json\/wp\/v2\/users\/10"}],"replies":[{"embeddable":true,"href":"https:\/\/www.relofirm.com\/fr\/wp-json\/wp\/v2\/comments?post=7205"}],"version-history":[{"count":1,"href":"https:\/\/www.relofirm.com\/fr\/wp-json\/wp\/v2\/pages\/7205\/revisions"}],"predecessor-version":[{"id":8159,"href":"https:\/\/www.relofirm.com\/fr\/wp-json\/wp\/v2\/pages\/7205\/revisions\/8159"}],"wp:attachment":[{"href":"https:\/\/www.relofirm.com\/fr\/wp-json\/wp\/v2\/media?parent=7205"}],"curies":[{"name":"wp","href":"https:\/\/api.w.org\/{rel}","templated":true}]}}