{"id":7184,"date":"2016-08-27T00:00:00","date_gmt":"2016-08-27T05:00:00","guid":{"rendered":"https:\/\/relofirm.com\/panama_health_care\/"},"modified":"2025-10-29T14:35:18","modified_gmt":"2025-10-29T19:35:18","slug":"salud-en-panama","status":"publish","type":"page","link":"https:\/\/www.relofirm.com\/es\/salud-en-panama\/","title":{"rendered":"Salud en Panam\u00e1"},"content":{"rendered":"<p><!-- Article Schema --><script type=\"application\/ld+json\">\n{\n  \"@context\": \"https:\/\/schema.org\",\n  \"@type\": \"Article\",\n  \"mainEntityOfPage\": {\n    \"@type\": \"WebPage\",\n    \"@id\": \"https:\/\/www.relofirm.com\/es\/salud-en-panama\/\"\n  },\n  \"headline\": \"Salud en Panam\u00e1: Gu\u00eda Completa para Expatriados\",\n  \"description\": \"Gu\u00eda detallada sobre el sistema de salud en Panam\u00e1: hospitales, seguros, costos, farmacias y opciones de turismo m\u00e9dico para extranjeros.\",\n  \"image\": \"https:\/\/www.relofirm.com\/wp-content\/uploads\/2024\/05\/panama-healthcare-guide.jpg\",\n  \"author\": {\n    \"@type\": \"Organization\",\n    \"name\": \"International Relocation Firm\",\n    \"url\": \"https:\/\/www.relofirm.com\/\"\n  },\n  \"publisher\": {\n    \"@type\": \"Organization\",\n    \"name\": \"International Relocation Firm\",\n    \"logo\": {\n      \"@type\": \"ImageObject\",\n      \"url\": \"https:\/\/www.relofirm.com\/wp-content\/uploads\/2024\/03\/relofirm-logo.png\"\n    }\n  },\n  \"datePublished\": \"2025-10-29\",\n  \"dateModified\": \"2025-10-29\",\n  \"inLanguage\": \"es\"\n}\n<\/script><!-- FAQ Schema --><script type=\"application\/ld+json\">\n{\n  \"@context\": \"https:\/\/schema.org\",\n  \"@type\": \"FAQPage\",\n  \"mainEntity\": [\n    {\n      \"@type\": \"Question\",\n      \"name\": \"\u00bfPanam\u00e1 tiene buena atenci\u00f3n m\u00e9dica?\",\n      \"acceptedAnswer\": {\n        \"@type\": \"Answer\",\n        \"text\": \"S\u00ed. Los hospitales privados en Panam\u00e1 ofrecen atenci\u00f3n m\u00e9dica de nivel internacional con m\u00e9dicos biling\u00fces y costos mucho menores que en Estados Unidos o Europa.\"\n      }\n    },\n    {\n      \"@type\": \"Question\",\n      \"name\": \"\u00bfPanam\u00e1 tiene atenci\u00f3n m\u00e9dica universal?\",\n      \"acceptedAnswer\": {\n        \"@type\": \"Answer\",\n        \"text\": \"El pa\u00eds garantiza acceso a la salud a trav\u00e9s del MINSA y la Caja de Seguro Social, aunque la calidad del servicio puede variar seg\u00fan la regi\u00f3n.\"\n      }\n    },\n    {\n      \"@type\": \"Question\",\n      \"name\": \"\u00bfLa atenci\u00f3n m\u00e9dica en Panam\u00e1 es gratuita?\",\n      \"acceptedAnswer\": {\n        \"@type\": \"Answer\",\n        \"text\": \"No completamente. Los servicios p\u00fablicos son muy econ\u00f3micos, pero no gratuitos; los privados requieren seguro o pago directo.\"\n      }\n    },\n    {\n      \"@type\": \"Question\",\n      \"name\": \"\u00bfLos expatriados pueden obtener seguro m\u00e9dico antes de mudarse?\",\n      \"acceptedAnswer\": {\n        \"@type\": \"Answer\",\n        \"text\": \"S\u00ed. Los expatriados pueden contratar seguros internacionales antes de mudarse, o p\u00f3lizas locales al llegar al pa\u00eds.\"\n      }\n    },\n    {\n      \"@type\": \"Question\",\n      \"name\": \"\u00bfC\u00f3mo acceder a la atenci\u00f3n m\u00e9dica en Panam\u00e1?\",\n      \"acceptedAnswer\": {\n        \"@type\": \"Answer\",\n        \"text\": \"Una vez obtenida la residencia, se puede afiliar al sistema p\u00fablico (CSS) o elegir hospitales privados. Los expatriados con visas como la de Naciones Amigas o Pensionado suelen optar por seguros privados.\"\n      }\n    }\n  ]\n}\n<\/script><\/p>\n<article class=\"content\">Reubicarse en Panam\u00e1 implica mucho m\u00e1s que obtener una visa o comprar una propiedad. Tambi\u00e9n significa asegurarse de tener acceso a un sistema de salud confiable. Afortunadamente, Panam\u00e1 cuenta con uno de los sistemas sanitarios m\u00e1s avanzados y asequibles de Am\u00e9rica Latina. Con fuerte influencia estadounidense, m\u00e9dicos biling\u00fces y hospitales modernos, los expatriados disfrutan de atenci\u00f3n m\u00e9dica de alta calidad a una fracci\u00f3n del costo en EE.UU.<sup><a href=\"https:\/\/internationalinsurance.com\/countries\/panama\/healthcare\/\" target=\"_blank\" rel=\"nofollow noopener\">[1]<\/a><\/sup>.<\/p>\n<h2>Tabla de Contenidos<\/h2>\n<nav>\n<ul>\n<li><a href=\"#sistema\">Sistema de Salud en Panam\u00e1<\/a><\/li>\n<li><a href=\"#calidad\">Calidad y Influencia Estadounidense<\/a><\/li>\n<li><a href=\"#hospitales\">Principales Hospitales Privados<\/a><\/li>\n<li><a href=\"#seguros\">Opciones de Seguro M\u00e9dico<\/a><\/li>\n<li><a href=\"#costos\">Costos y Turismo M\u00e9dico<\/a><\/li>\n<li><a href=\"#farmacias\">Farmacias y Medicamentos<\/a><\/li>\n<li><a href=\"#emergencias\">Emergencias y Cuidado Preventivo<\/a><\/li>\n<li><a href=\"#faqs\">Preguntas Frecuentes<\/a><\/li>\n<\/ul>\n<\/nav>\n<section id=\"sistema\">\n<h2>Sistema de Salud en Panam\u00e1<\/h2>\n<p>El sistema de salud paname\u00f1o funciona a trav\u00e9s de los sectores p\u00fablico y privado, supervisados por el <a href=\"https:\/\/www.minsa.gob.pa\" target=\"_blank\" rel=\"noopener\">Ministerio de Salud (MINSA)<\/a> y la <strong>Caja de Seguro Social (CSS)<\/strong>. Seg\u00fan la <a href=\"https:\/\/hia.paho.org\/en\/node\/141\" target=\"_blank\" rel=\"noopener\">Organizaci\u00f3n Panamericana de la Salud<\/a>, Panam\u00e1 posee una de las redes m\u00e9dicas m\u00e1s accesibles de Centroam\u00e9rica, con m\u00e1s del 90 % de la poblaci\u00f3n viviendo cerca de un centro de salud.<\/p>\n<p>El sistema p\u00fablico ofrece servicios a bajo costo, mientras que el sector privado brinda atenci\u00f3n m\u00e1s r\u00e1pida y de mayor calidad. Las consultas p\u00fablicas cuestan entre 2 $ y 5 $, y en cl\u00ednicas privadas entre 25 $ y 40 $.<\/p>\n<\/section>\n<section id=\"calidad\">\n<h2>Calidad y Influencia Estadounidense<\/h2>\n<p>La larga presencia de EE.UU. en Panam\u00e1 (1904\u20131999) permiti\u00f3 que muchos m\u00e9dicos y dentistas paname\u00f1os se formaran en universidades y hospitales estadounidenses. Hoy, gran parte del personal m\u00e9dico paname\u00f1o posee t\u00edtulos de EE.UU., Canad\u00e1 o Europa<sup><a href=\"https:\/\/www.trade.gov\/healthcare-resource-guide-panama\" target=\"_blank\" rel=\"nofollow noopener\">[1]<\/a><\/sup>. El ingl\u00e9s se habla ampliamente en hospitales privados, especialmente en Ciudad de Panam\u00e1 y David.<\/p>\n<p>La infraestructura moderna y el personal biling\u00fce convierten a Panam\u00e1 en un centro regional para el turismo m\u00e9dico y la jubilaci\u00f3n internacional<\/p>\n<\/section>\n<section id=\"hospitales\">\n<h2>Principales Hospitales Privados<\/h2>\n<ul>\n<li><strong>Hospital Punta Pac\u00edfica<\/strong> \u2014 Afiliado a <a href=\"https:\/\/www.hospitalpuntapacifica.com\" target=\"_blank\" rel=\"noopener\">Johns Hopkins Medicine International<\/a>; cuenta con 101 camas y m\u00e1s de 350 m\u00e9dicos biling\u00fces.<\/li>\n<li><strong>Hospital Nacional<\/strong> \u2014 Administrado por American Hospital Management Company; afiliado a la Universidad de Nebraska y Kendall Medical Center (Florida).<\/li>\n<li><strong>Centro M\u00e9dico Paitilla<\/strong> \u2014 Asociado a la Cleveland Clinic y certificado por la American Heart Association; especializado en cardiolog\u00eda y ortopedia.<\/li>\n<li><strong>Hospital San Fernando<\/strong> \u2014 Fundado en 1949; afiliado a la Universidad de Tulane y Miami Children\u2019s Hospital; ofrece servicio biling\u00fce 24\/7.<\/li>\n<li><strong>Hospital Chiriqu\u00ed<\/strong> \u2014 Principal hospital privado del occidente paname\u00f1o, muy utilizado por expatriados en Boquete y David.<\/li>\n<\/ul>\n<\/section>\n<section id=\"seguros\">\n<h2>Opciones de Seguro M\u00e9dico<\/h2>\n<p>Aunque la atenci\u00f3n m\u00e9dica es econ\u00f3mica, contar con seguro brinda tranquilidad. Existen varias opciones:<\/p>\n<ul>\n<li><strong>Seguros locales<\/strong> \u2014 Empresas como ASSA, Mapfre y BlueCross BlueShield Panam\u00e1 ofrecen p\u00f3lizas desde 40 $ al mes.<\/li>\n<li><strong>Seguros internacionales<\/strong> \u2014 Proveedores como Cigna, Allianz e IMG cubren tratamientos dentro y fuera del pa\u00eds<sup><a href=\"https:\/\/livinginpanama.com\/health\/international-and-domestic-health-insurance-policies-panama\/\" target=\"_blank\" rel=\"nofollow noopener\">[6]<\/a><\/sup>.<\/li>\n<li><strong>Seguro Social (CSS)<\/strong> \u2014 Los trabajadores que cotizan tienen acceso a hospitales y cl\u00ednicas p\u00fablicas.<\/li>\n<\/ul>\n<\/section>\n<section id=\"costos\">\n<h2>Costos y Turismo M\u00e9dico<\/h2>\n<p>Panam\u00e1 es l\u00edder regional en turismo m\u00e9dico por sus bajos precios y alta calidad. Muchos procedimientos cuestan entre 50 % y 75 % menos que en EE.UU.:<\/p>\n<table border=\"1\" cellpadding=\"6\">\n<thead>\n<tr>\n<th>Procedimiento<\/th>\n<th>Costo en Panam\u00e1<\/th>\n<th>Costo en EE.UU.<\/th>\n<\/tr>\n<\/thead>\n<tbody>\n<tr>\n<td>Reemplazo de cadera<\/td>\n<td>$5,500<\/td>\n<td>$33,000\u2013$57,000<\/td>\n<\/tr>\n<tr>\n<td>Estiramiento facial<\/td>\n<td>$2,500<\/td>\n<td>$10,000+<\/td>\n<\/tr>\n<tr>\n<td>Cirug\u00eda de glaucoma (por ojo)<\/td>\n<td>$2,500<\/td>\n<td>$4,800\u2013$7,500<\/td>\n<\/tr>\n<tr>\n<td>Levantamiento de senos<\/td>\n<td>$1,500\u2013$3,000<\/td>\n<td>$4,000\u2013$9,000<\/td>\n<\/tr>\n<\/tbody>\n<\/table>\n<\/section>\n<section id=\"farmacias\">\n<h2>Farmacias y Medicamentos<\/h2>\n<p>Las farmacias son abundantes y muchas medicinas se venden sin receta. Las principales cadenas son Arrocha, Metro Plus y Revilla. Los precios suelen ser entre 50 % y 70 % m\u00e1s bajos que en EE.UU.<\/p>\n<\/section>\n<section id=\"emergencias\">\n<h2>Emergencias y Cuidado Preventivo<\/h2>\n<ul>\n<li>En emergencias, llame al <strong>911<\/strong> o al n\u00famero de urgencias de su hospital privado.<\/li>\n<li>Lleve consigo copias de recetas y documentos m\u00e9dicos.<\/li>\n<li>Los servicios preventivos (odontolog\u00eda, vacunas, chequeos) son econ\u00f3micos y accesibles.<\/li>\n<\/ul>\n<p>Si planea <a href=\"https:\/\/www.relofirm.com\/es\/mudarse-a-panama\/\">mudarse a Panam\u00e1<\/a>, nuestro equipo puede ayudarle a seleccionar una comunidad con acceso m\u00e9dico de calidad.<\/p>\n<\/section>\n<section id=\"faqs\">\n<h2>Preguntas Frecuentes<\/h2>\n<h3>\u00bfPanam\u00e1 tiene buena atenci\u00f3n m\u00e9dica?<\/h3>\n<p>S\u00ed. Los hospitales privados ofrecen atenci\u00f3n de nivel internacional a costos mucho menores.<\/p>\n<h3>\u00bfPanam\u00e1 tiene atenci\u00f3n m\u00e9dica universal?<\/h3>\n<p>El pa\u00eds garantiza acceso a trav\u00e9s del MINSA y la CSS, aunque la calidad var\u00eda seg\u00fan la regi\u00f3n<span style=\"font-size: 11.6667px;\">.<\/span><\/p>\n<h3>\u00bfLa atenci\u00f3n m\u00e9dica es gratuita?<\/h3>\n<p>No completamente. Los servicios p\u00fablicos son muy econ\u00f3micos, y los privados requieren seguro o pago directo.<\/p>\n<\/section>\n<hr \/>\n<p><strong>International Relocation Firm<\/strong> ha ayudado a miles de familias e inversionistas a mudarse a Panam\u00e1. Nuestro equipo legal biling\u00fce puede asistirle con visas, seguros y planificaci\u00f3n m\u00e9dica. Cont\u00e1ctenos hoy mismo.<\/p>\n<\/article>\n","protected":false},"excerpt":{"rendered":"<p>Reubicarse en Panam\u00e1 implica mucho m\u00e1s que obtener una visa o comprar una propiedad. Tambi\u00e9n significa asegurarse de tener acceso a un sistema de salud confiable. Afortunadamente, Panam\u00e1 cuenta con uno de los sistemas sanitarios m\u00e1s avanzados y asequibles de Am\u00e9rica Latina. Con fuerte influencia estadounidense, m\u00e9dicos biling\u00fces y hospitales modernos, los expatriados disfrutan de [&hellip;]<\/p>\n","protected":false},"author":7,"featured_media":0,"parent":0,"menu_order":0,"comment_status":"open","ping_status":"open","template":"","meta":{"_et_pb_use_builder":"","_et_pb_old_content":"","_et_gb_content_width":"","inline_featured_image":false},"yoast_head":"<!-- This site is optimized with the Yoast SEO plugin v18.5.1 - https:\/\/yoast.com\/wordpress\/plugins\/seo\/ -->\n<title>Salud en Panam\u00e1: Gu\u00eda Completa para Extranjeros<\/title>\n<meta name=\"description\" content=\"Gu\u00eda completa sobre el sistema de salud en Panam\u00e1 para expatriados: hospitales p\u00fablicos y privados, seguros m\u00e9dicos, costos, farmacias y turismo m\u00e9dico.\" \/>\n<meta name=\"robots\" content=\"index, follow, max-snippet:-1, max-image-preview:large, max-video-preview:-1\" \/>\n<link rel=\"canonical\" href=\"https:\/\/www.relofirm.com\/es\/salud-en-panama\/\" \/>\n<meta property=\"og:locale\" content=\"es_ES\" \/>\n<meta property=\"og:type\" content=\"article\" \/>\n<meta property=\"og:title\" content=\"Salud en Panam\u00e1: Gu\u00eda Completa para Extranjeros\" \/>\n<meta property=\"og:description\" content=\"Gu\u00eda completa sobre el sistema de salud en Panam\u00e1 para expatriados: hospitales p\u00fablicos y privados, seguros m\u00e9dicos, costos, farmacias y turismo m\u00e9dico.\" \/>\n<meta property=\"og:url\" content=\"https:\/\/www.relofirm.com\/es\/salud-en-panama\/\" \/>\n<meta property=\"og:site_name\" content=\"International Relocation Firm\" \/>\n<meta property=\"article:publisher\" content=\"https:\/\/www.facebook.com\/ReloFirm\/\" \/>\n<meta property=\"article:modified_time\" content=\"2025-10-29T19:35:18+00:00\" \/>\n<meta name=\"twitter:label1\" content=\"Tiempo de lectura\" \/>\n\t<meta name=\"twitter:data1\" content=\"5 minutos\" \/>\n<!-- \/ Yoast SEO plugin. -->","yoast_head_json":{"title":"Salud en Panam\u00e1: Gu\u00eda Completa para Extranjeros","description":"Gu\u00eda completa sobre el sistema de salud en Panam\u00e1 para expatriados: hospitales p\u00fablicos y privados, seguros m\u00e9dicos, costos, farmacias y turismo m\u00e9dico.","robots":{"index":"index","follow":"follow","max-snippet":"max-snippet:-1","max-image-preview":"max-image-preview:large","max-video-preview":"max-video-preview:-1"},"canonical":"https:\/\/www.relofirm.com\/es\/salud-en-panama\/","og_locale":"es_ES","og_type":"article","og_title":"Salud en Panam\u00e1: Gu\u00eda Completa para Extranjeros","og_description":"Gu\u00eda completa sobre el sistema de salud en Panam\u00e1 para expatriados: hospitales p\u00fablicos y privados, seguros m\u00e9dicos, costos, farmacias y turismo m\u00e9dico.","og_url":"https:\/\/www.relofirm.com\/es\/salud-en-panama\/","og_site_name":"International Relocation Firm","article_publisher":"https:\/\/www.facebook.com\/ReloFirm\/","article_modified_time":"2025-10-29T19:35:18+00:00","twitter_misc":{"Tiempo de lectura":"5 minutos"},"schema":{"@context":"https:\/\/schema.org","@graph":[{"@type":"Organization","@id":"https:\/\/www.relofirm.com\/#organization","name":"International Relocation Firm","url":"https:\/\/www.relofirm.com\/","sameAs":["https:\/\/www.facebook.com\/ReloFirm\/","https:\/\/www.linkedin.com\/company\/relo-firm","https:\/\/twitter.com\/polslegal"],"logo":{"@type":"ImageObject","@id":"https:\/\/www.relofirm.com\/#logo","inLanguage":"es","url":"https:\/\/www.relofirm.com\/wp-content\/uploads\/2021\/11\/relofirm-logo.svg","contentUrl":"https:\/\/www.relofirm.com\/wp-content\/uploads\/2021\/11\/relofirm-logo.svg","width":1485,"height":516,"caption":"International Relocation Firm"},"image":{"@id":"https:\/\/www.relofirm.com\/#logo"}},{"@type":"WebSite","@id":"https:\/\/www.relofirm.com\/#website","url":"https:\/\/www.relofirm.com\/","name":"International Relocation Firm","description":"","publisher":{"@id":"https:\/\/www.relofirm.com\/#organization"},"potentialAction":[{"@type":"SearchAction","target":{"@type":"EntryPoint","urlTemplate":"https:\/\/www.relofirm.com\/?s={search_term_string}"},"query-input":"required name=search_term_string"}],"inLanguage":"es"},{"@type":"WebPage","@id":"https:\/\/www.relofirm.com\/es\/salud-en-panama\/#webpage","url":"https:\/\/www.relofirm.com\/es\/salud-en-panama\/","name":"Salud en Panam\u00e1: Gu\u00eda Completa para Extranjeros","isPartOf":{"@id":"https:\/\/www.relofirm.com\/#website"},"datePublished":"2016-08-27T05:00:00+00:00","dateModified":"2025-10-29T19:35:18+00:00","description":"Gu\u00eda completa sobre el sistema de salud en Panam\u00e1 para expatriados: hospitales p\u00fablicos y privados, seguros m\u00e9dicos, costos, farmacias y turismo m\u00e9dico.","breadcrumb":{"@id":"https:\/\/www.relofirm.com\/es\/salud-en-panama\/#breadcrumb"},"inLanguage":"es","potentialAction":[{"@type":"ReadAction","target":["https:\/\/www.relofirm.com\/es\/salud-en-panama\/"]}]},{"@type":"BreadcrumbList","@id":"https:\/\/www.relofirm.com\/es\/salud-en-panama\/#breadcrumb","itemListElement":[{"@type":"ListItem","position":1,"name":"Home","item":"https:\/\/www.relofirm.com\/es\/"},{"@type":"ListItem","position":2,"name":"Salud en Panam\u00e1"}]}]}},"_links":{"self":[{"href":"https:\/\/www.relofirm.com\/es\/wp-json\/wp\/v2\/pages\/7184"}],"collection":[{"href":"https:\/\/www.relofirm.com\/es\/wp-json\/wp\/v2\/pages"}],"about":[{"href":"https:\/\/www.relofirm.com\/es\/wp-json\/wp\/v2\/types\/page"}],"author":[{"embeddable":true,"href":"https:\/\/www.relofirm.com\/es\/wp-json\/wp\/v2\/users\/7"}],"replies":[{"embeddable":true,"href":"https:\/\/www.relofirm.com\/es\/wp-json\/wp\/v2\/comments?post=7184"}],"version-history":[{"count":4,"href":"https:\/\/www.relofirm.com\/es\/wp-json\/wp\/v2\/pages\/7184\/revisions"}],"predecessor-version":[{"id":239124,"href":"https:\/\/www.relofirm.com\/es\/wp-json\/wp\/v2\/pages\/7184\/revisions\/239124"}],"wp:attachment":[{"href":"https:\/\/www.relofirm.com\/es\/wp-json\/wp\/v2\/media?parent=7184"}],"curies":[{"name":"wp","href":"https:\/\/api.w.org\/{rel}","templated":true}]}}