{"id":7181,"date":"2016-08-27T00:00:00","date_gmt":"2016-08-27T05:00:00","guid":{"rendered":"https:\/\/relofirm.com\/panama_insurance\/"},"modified":"2020-01-22T10:37:49","modified_gmt":"2020-01-22T15:37:49","slug":"seguros-en-panama","status":"publish","type":"page","link":"https:\/\/www.relofirm.com\/es\/seguros-en-panama\/","title":{"rendered":"Seguros en Panama"},"content":{"rendered":"<div class=\"menu-insurance-en-container\"><ul id=\"menu-insurance-en\" class=\"menu\"><li id=\"menu-item-7707\" class=\"menu-item menu-item-type-post_type menu-item-object-page menu-item-has-children menu-item-7707\"><a href=\"https:\/\/www.relofirm.com\/es\/seguros-en-panama\/\">Seguros en Panama<\/a>\n<ul class=\"sub-menu\">\n\t<li id=\"menu-item-7708\" class=\"menu-item menu-item-type-post_type menu-item-object-page menu-item-7708\"><a href=\"https:\/\/www.relofirm.com\/es\/seguros-de-vida-en-panama\/\">Seguros de Vida en Panama<\/a><\/li>\n\t<li id=\"menu-item-7709\" class=\"menu-item menu-item-type-post_type menu-item-object-page menu-item-7709\"><a href=\"https:\/\/www.relofirm.com\/es\/seguros-contra-incendios-en-panama\/\">Seguros Contra Incendios en Panama<\/a><\/li>\n\t<li id=\"menu-item-9803\" class=\"menu-item menu-item-type-custom menu-item-object-custom menu-item-9803\"><a href=\"\/panama_car_insurance\/\">Panama Car Insurance<\/a><\/li>\n<\/ul>\n<\/li>\n<\/ul><\/div>\n<p>Panam\u00e1 ofrece algunos tipos de p\u00f3lizas de seguros. Las p\u00f3lizas de propiedades de vivienda y de protecci\u00f3n contra incendios son vendidas por muchas compa\u00f1\u00edas en Panam\u00e1. Las primas de seguros contra incendios pueden ser mayores o menores dependiendo de la estructura y su resistencia al fuego. Por ejemplo, para las estructuras de cemento y acero podr\u00e1n costar menos que aquellas cuyas estructuras son de madera.<\/p>\n<p><span style=\"line-height: 1.5em;\">Otras secciones de \u00e9sta p\u00e1gina web podr\u00e1n explicar los seguros de veh\u00edculos en Panam\u00e1, as\u00ed como los seguros de salud, los tipos de p\u00f3lizas y coberturas que se encuentran disponibles. Las p\u00f3lizas de veh\u00edculos incluyen cobertura contra da\u00f1os a otras personas y veh\u00edculos de terceros, junto con la opci\u00f3n de incluir e veh\u00edculo del asegurado.<\/span><\/p>\n<p><span style=\"line-height: 1.5em;\">Las p\u00f3lizas de seguros de vida en Panam\u00e1 son tambi\u00e9n explicadas incluyendo la diferencia entre los seguros de vida y las p\u00f3lizas de seguros de vidas amplias y universales. Al monto de la cobertura de los beneficios por fallecimiento, deben ser tomados en consideraci\u00f3n tambi\u00e9n los costos por volar a Panam\u00e1 y retornar a sus pa\u00edses de origen en caso de cremaci\u00f3n o sepultura. Adicionalmente, los costos de estad\u00eda hotelera, comidas y transporte deben ser incluidos.<\/span><\/p>\n<p><span style=\"line-height: 1.5em;\">Lo seguros de hipotecas tambi\u00e9n son explicados en otra secci\u00f3n de \u00e9sta p\u00e1gina web. Los bancos requerir\u00e1n que el comprador de la propiedad adquiera una p\u00f3liza de vida nombrando al banco como beneficiario, de manera que sea pagado el monto de la hipoteca restante en caso de fallecimiento del prestatario.<\/span><\/p>\n<p><span style=\"line-height: 1.5em;\">Por favor Cont\u00e1ctenos en caso de requerir asistencia legal en la contrataci\u00f3n de P\u00f3lizas de Seguros y tr\u00e1mites de reubicaci\u00f3n en Panam\u00e1.<\/span><\/p>\n","protected":false},"excerpt":{"rendered":"<p>Panam\u00e1 ofrece algunos tipos de p\u00f3lizas de seguros. Las p\u00f3lizas de propiedades de vivienda y de protecci\u00f3n contra incendios son vendidas por muchas compa\u00f1\u00edas en Panam\u00e1. Las primas de seguros contra incendios pueden ser mayores o menores dependiendo de la estructura y su resistencia al fuego. Por ejemplo, para las estructuras de cemento y acero [&hellip;]<\/p>\n","protected":false},"author":7,"featured_media":0,"parent":0,"menu_order":0,"comment_status":"open","ping_status":"open","template":"","meta":{"_et_pb_use_builder":"","_et_pb_old_content":"","_et_gb_content_width":"","inline_featured_image":false},"yoast_head":"<!-- This site is optimized with the Yoast SEO plugin v18.5.1 - https:\/\/yoast.com\/wordpress\/plugins\/seo\/ -->\n<title>Seguros en Panama - International Relocation Firm<\/title>\n<meta name=\"robots\" content=\"index, follow, max-snippet:-1, max-image-preview:large, max-video-preview:-1\" \/>\n<link rel=\"canonical\" href=\"https:\/\/www.relofirm.com\/es\/seguros-en-panama\/\" \/>\n<meta property=\"og:locale\" content=\"es_ES\" \/>\n<meta property=\"og:type\" content=\"article\" \/>\n<meta property=\"og:title\" content=\"Seguros en Panama - International Relocation Firm\" \/>\n<meta property=\"og:description\" content=\"Panam\u00e1 ofrece algunos tipos de p\u00f3lizas de seguros. Las p\u00f3lizas de propiedades de vivienda y de protecci\u00f3n contra incendios son vendidas por muchas compa\u00f1\u00edas en Panam\u00e1. Las primas de seguros contra incendios pueden ser mayores o menores dependiendo de la estructura y su resistencia al fuego. Por ejemplo, para las estructuras de cemento y acero [&hellip;]\" \/>\n<meta property=\"og:url\" content=\"https:\/\/www.relofirm.com\/es\/seguros-en-panama\/\" \/>\n<meta property=\"og:site_name\" content=\"International Relocation Firm\" \/>\n<meta property=\"article:publisher\" content=\"https:\/\/www.facebook.com\/ReloFirm\/\" \/>\n<meta property=\"article:modified_time\" content=\"2020-01-22T15:37:49+00:00\" \/>\n<meta name=\"twitter:label1\" content=\"Tiempo de lectura\" \/>\n\t<meta name=\"twitter:data1\" content=\"2 minutos\" \/>\n<!-- \/ Yoast SEO plugin. -->","yoast_head_json":{"title":"Seguros en Panama - International Relocation Firm","robots":{"index":"index","follow":"follow","max-snippet":"max-snippet:-1","max-image-preview":"max-image-preview:large","max-video-preview":"max-video-preview:-1"},"canonical":"https:\/\/www.relofirm.com\/es\/seguros-en-panama\/","og_locale":"es_ES","og_type":"article","og_title":"Seguros en Panama - International Relocation Firm","og_description":"Panam\u00e1 ofrece algunos tipos de p\u00f3lizas de seguros. Las p\u00f3lizas de propiedades de vivienda y de protecci\u00f3n contra incendios son vendidas por muchas compa\u00f1\u00edas en Panam\u00e1. Las primas de seguros contra incendios pueden ser mayores o menores dependiendo de la estructura y su resistencia al fuego. Por ejemplo, para las estructuras de cemento y acero [&hellip;]","og_url":"https:\/\/www.relofirm.com\/es\/seguros-en-panama\/","og_site_name":"International Relocation Firm","article_publisher":"https:\/\/www.facebook.com\/ReloFirm\/","article_modified_time":"2020-01-22T15:37:49+00:00","twitter_misc":{"Tiempo de lectura":"2 minutos"},"schema":{"@context":"https:\/\/schema.org","@graph":[{"@type":"Organization","@id":"https:\/\/www.relofirm.com\/#organization","name":"International Relocation Firm","url":"https:\/\/www.relofirm.com\/","sameAs":["https:\/\/www.facebook.com\/ReloFirm\/","https:\/\/www.linkedin.com\/company\/relo-firm","https:\/\/twitter.com\/polslegal"],"logo":{"@type":"ImageObject","@id":"https:\/\/www.relofirm.com\/#logo","inLanguage":"es","url":"https:\/\/www.relofirm.com\/wp-content\/uploads\/2021\/11\/relofirm-logo.svg","contentUrl":"https:\/\/www.relofirm.com\/wp-content\/uploads\/2021\/11\/relofirm-logo.svg","width":1485,"height":516,"caption":"International Relocation Firm"},"image":{"@id":"https:\/\/www.relofirm.com\/#logo"}},{"@type":"WebSite","@id":"https:\/\/www.relofirm.com\/#website","url":"https:\/\/www.relofirm.com\/","name":"International Relocation Firm","description":"","publisher":{"@id":"https:\/\/www.relofirm.com\/#organization"},"potentialAction":[{"@type":"SearchAction","target":{"@type":"EntryPoint","urlTemplate":"https:\/\/www.relofirm.com\/?s={search_term_string}"},"query-input":"required name=search_term_string"}],"inLanguage":"es"},{"@type":"WebPage","@id":"https:\/\/www.relofirm.com\/es\/seguros-en-panama\/#webpage","url":"https:\/\/www.relofirm.com\/es\/seguros-en-panama\/","name":"Seguros en Panama - International Relocation Firm","isPartOf":{"@id":"https:\/\/www.relofirm.com\/#website"},"datePublished":"2016-08-27T05:00:00+00:00","dateModified":"2020-01-22T15:37:49+00:00","breadcrumb":{"@id":"https:\/\/www.relofirm.com\/es\/seguros-en-panama\/#breadcrumb"},"inLanguage":"es","potentialAction":[{"@type":"ReadAction","target":["https:\/\/www.relofirm.com\/es\/seguros-en-panama\/"]}]},{"@type":"BreadcrumbList","@id":"https:\/\/www.relofirm.com\/es\/seguros-en-panama\/#breadcrumb","itemListElement":[{"@type":"ListItem","position":1,"name":"Home","item":"https:\/\/www.relofirm.com\/es\/"},{"@type":"ListItem","position":2,"name":"Seguros en Panama"}]}]}},"_links":{"self":[{"href":"https:\/\/www.relofirm.com\/es\/wp-json\/wp\/v2\/pages\/7181"}],"collection":[{"href":"https:\/\/www.relofirm.com\/es\/wp-json\/wp\/v2\/pages"}],"about":[{"href":"https:\/\/www.relofirm.com\/es\/wp-json\/wp\/v2\/types\/page"}],"author":[{"embeddable":true,"href":"https:\/\/www.relofirm.com\/es\/wp-json\/wp\/v2\/users\/7"}],"replies":[{"embeddable":true,"href":"https:\/\/www.relofirm.com\/es\/wp-json\/wp\/v2\/comments?post=7181"}],"version-history":[{"count":1,"href":"https:\/\/www.relofirm.com\/es\/wp-json\/wp\/v2\/pages\/7181\/revisions"}],"predecessor-version":[{"id":8014,"href":"https:\/\/www.relofirm.com\/es\/wp-json\/wp\/v2\/pages\/7181\/revisions\/8014"}],"wp:attachment":[{"href":"https:\/\/www.relofirm.com\/es\/wp-json\/wp\/v2\/media?parent=7181"}],"curies":[{"name":"wp","href":"https:\/\/api.w.org\/{rel}","templated":true}]}}