{"id":7175,"date":"2016-08-27T00:00:00","date_gmt":"2016-08-27T05:00:00","guid":{"rendered":"https:\/\/relofirm.com\/open_panama_slot_machine_establishment\/"},"modified":"2020-01-16T14:33:34","modified_gmt":"2020-01-16T19:33:34","slug":"como-abrir-una-sala-de-maquinas-tragamonedas","status":"publish","type":"page","link":"https:\/\/www.relofirm.com\/es\/como-abrir-una-sala-de-maquinas-tragamonedas\/","title":{"rendered":"Como Abrir una Sala de Maquinas Tragamonedas"},"content":{"rendered":"<div class=\"menu-licenses-en-container\"><ul id=\"menu-licenses-en\" class=\"menu\"><li id=\"menu-item-7698\" class=\"menu-item menu-item-type-post_type menu-item-object-page menu-item-has-children menu-item-7698\"><a href=\"https:\/\/www.relofirm.com\/es\/licencias-de-negocios-en-panama\/\">Licencias de Negocios en Panam\u00e1<\/a>\n<ul class=\"sub-menu\">\n\t<li id=\"menu-item-7699\" class=\"menu-item menu-item-type-post_type menu-item-object-page menu-item-7699\"><a href=\"https:\/\/www.relofirm.com\/es\/requerimientos-para-la-obtencion-de-una-licencia-de-casino-en-panama\/\">Requerimientos para la obtenci\u00f3n de una Licencia de Casino en Panam\u00e1<\/a><\/li>\n\t<li id=\"menu-item-7700\" class=\"menu-item menu-item-type-post_type menu-item-object-page menu-item-7700\"><a href=\"https:\/\/www.relofirm.com\/es\/como-abrir-una-casa-de-empeno-en-panama\/\">Como Abrir una Casa de Empeno en Panama<\/a><\/li>\n\t<li id=\"menu-item-7701\" class=\"menu-item menu-item-type-post_type menu-item-object-page menu-item-7701\"><a href=\"https:\/\/www.relofirm.com\/es\/como-abrir-una-sala-de-maquinas-tragamonedas\/\">Como Abrir una Sala de Maquinas Tragamonedas<\/a><\/li>\n\t<li id=\"menu-item-7702\" class=\"menu-item menu-item-type-post_type menu-item-object-page menu-item-7702\"><a href=\"https:\/\/www.relofirm.com\/es\/como-iniciar-un-banco-en-panama\/\">Como Iniciar un Banco en Panama<\/a><\/li>\n\t<li id=\"menu-item-7703\" class=\"menu-item menu-item-type-post_type menu-item-object-page menu-item-7703\"><a href=\"https:\/\/www.relofirm.com\/es\/como-iniciar-una-operacion-de-apuestas-en-linea-en-panama\/\">Como Iniciar una Operaci\u00f3n de Apuestas  en Linea en Panama<\/a><\/li>\n\t<li id=\"menu-item-7704\" class=\"menu-item menu-item-type-post_type menu-item-object-page menu-item-7704\"><a href=\"https:\/\/www.relofirm.com\/es\/como-iniciar-una-compania-de-seguros-en-panama\/\">C\u00f3mo Iniciar una Compa\u00f1\u00eda de Seguros en Panam\u00e1<\/a><\/li>\n\t<li id=\"menu-item-7705\" class=\"menu-item menu-item-type-post_type menu-item-object-page menu-item-7705\"><a href=\"https:\/\/www.relofirm.com\/es\/como-iniciar-una-compania-financiera-en-panama\/\">C\u00f3mo Iniciar una Compa\u00f1\u00eda Financiera en Panam\u00e1<\/a><\/li>\n\t<li id=\"menu-item-7706\" class=\"menu-item menu-item-type-post_type menu-item-object-page menu-item-7706\"><a href=\"https:\/\/www.relofirm.com\/es\/como-iniciar-una-compania-de-apuestas-deportivas-en-panama\/\">C\u00f3mo Iniciar una Compa\u00f1\u00eda de Apuestas Deportivas en Panam\u00e1<\/a><\/li>\n<\/ul>\n<\/li>\n<\/ul><\/div>\n<p>Abrir una Sala de M\u00e1quinas Tragamonedas en Panam\u00e1 es mucho m\u00e1s sencillo que abrir un Casino.<\/p>\n<p>La Ley 2 de 1998, estableci\u00f3 la Junta de Control de Juegos de Panam\u00e1, dependiente del Ministerio de Econom\u00eda y Finanzas.<\/p>\n<p>Una sociedad que desee iniciar un negocio en el cual solo se ofrezcan salas con m\u00e1quinas de juego, tales como m\u00e1quinas tragamonedas, necesita solicitar una licencia Tipo C para Salas de M\u00e1quinas de Juegos.<\/p>\n<p>Los requisitos para obtener \u00e9sta licencia son:<\/p>\n<ol>\n<li>Proporcionar huellas digitales.<\/li>\n<li>Proporcionar 2 fotograf\u00edas recientes tama\u00f1o Pasaporte.<\/li>\n<li>Proporcionar un historial delictivo o formato de no poseer antecedentes criminales, emitido por el Cuerpo de Polic\u00eda de su Pa\u00eds de origen.<\/li>\n<li>Proporcionar una fotocopia de su documento de identificaci\u00f3n que posea fotograf\u00eda. (Pasaporte o C\u00e9dula Paname\u00f1a).<\/li>\n<\/ol>\n<p>Por favor Cont\u00e1ctenos en caso de requerir asistencia legal en sus tr\u00e1mites de obtenci\u00f3n de una Licencia para operar Salas de M\u00e1quinas de Juegos o para tr\u00e1mites de reubicaci\u00f3n en Panam\u00e1.<\/p>\n","protected":false},"excerpt":{"rendered":"<p>Abrir una Sala de M\u00e1quinas Tragamonedas en Panam\u00e1 es mucho m\u00e1s sencillo que abrir un Casino. La Ley 2 de 1998, estableci\u00f3 la Junta de Control de Juegos de Panam\u00e1, dependiente del Ministerio de Econom\u00eda y Finanzas. Una sociedad que desee iniciar un negocio en el cual solo se ofrezcan salas con m\u00e1quinas de juego, [&hellip;]<\/p>\n","protected":false},"author":7,"featured_media":0,"parent":0,"menu_order":0,"comment_status":"open","ping_status":"open","template":"","meta":{"_et_pb_use_builder":"","_et_pb_old_content":"","_et_gb_content_width":"","inline_featured_image":false},"yoast_head":"<!-- This site is optimized with the Yoast SEO plugin v18.5.1 - https:\/\/yoast.com\/wordpress\/plugins\/seo\/ -->\n<title>Como Abrir una Sala de Maquinas Tragamonedas - International Relocation Firm<\/title>\n<meta name=\"robots\" content=\"index, follow, max-snippet:-1, max-image-preview:large, max-video-preview:-1\" \/>\n<link rel=\"canonical\" href=\"https:\/\/www.relofirm.com\/es\/como-abrir-una-sala-de-maquinas-tragamonedas\/\" \/>\n<meta property=\"og:locale\" content=\"es_ES\" \/>\n<meta property=\"og:type\" content=\"article\" \/>\n<meta property=\"og:title\" content=\"Como Abrir una Sala de Maquinas Tragamonedas - International Relocation Firm\" \/>\n<meta property=\"og:description\" content=\"Abrir una Sala de M\u00e1quinas Tragamonedas en Panam\u00e1 es mucho m\u00e1s sencillo que abrir un Casino. La Ley 2 de 1998, estableci\u00f3 la Junta de Control de Juegos de Panam\u00e1, dependiente del Ministerio de Econom\u00eda y Finanzas. Una sociedad que desee iniciar un negocio en el cual solo se ofrezcan salas con m\u00e1quinas de juego, [&hellip;]\" \/>\n<meta property=\"og:url\" content=\"https:\/\/www.relofirm.com\/es\/como-abrir-una-sala-de-maquinas-tragamonedas\/\" \/>\n<meta property=\"og:site_name\" content=\"International Relocation Firm\" \/>\n<meta property=\"article:publisher\" content=\"https:\/\/www.facebook.com\/ReloFirm\/\" \/>\n<meta property=\"article:modified_time\" content=\"2020-01-16T19:33:34+00:00\" \/>\n<meta name=\"twitter:label1\" content=\"Tiempo de lectura\" \/>\n\t<meta name=\"twitter:data1\" content=\"1 minuto\" \/>\n<!-- \/ Yoast SEO plugin. -->","yoast_head_json":{"title":"Como Abrir una Sala de Maquinas Tragamonedas - International Relocation Firm","robots":{"index":"index","follow":"follow","max-snippet":"max-snippet:-1","max-image-preview":"max-image-preview:large","max-video-preview":"max-video-preview:-1"},"canonical":"https:\/\/www.relofirm.com\/es\/como-abrir-una-sala-de-maquinas-tragamonedas\/","og_locale":"es_ES","og_type":"article","og_title":"Como Abrir una Sala de Maquinas Tragamonedas - International Relocation Firm","og_description":"Abrir una Sala de M\u00e1quinas Tragamonedas en Panam\u00e1 es mucho m\u00e1s sencillo que abrir un Casino. La Ley 2 de 1998, estableci\u00f3 la Junta de Control de Juegos de Panam\u00e1, dependiente del Ministerio de Econom\u00eda y Finanzas. Una sociedad que desee iniciar un negocio en el cual solo se ofrezcan salas con m\u00e1quinas de juego, [&hellip;]","og_url":"https:\/\/www.relofirm.com\/es\/como-abrir-una-sala-de-maquinas-tragamonedas\/","og_site_name":"International Relocation Firm","article_publisher":"https:\/\/www.facebook.com\/ReloFirm\/","article_modified_time":"2020-01-16T19:33:34+00:00","twitter_misc":{"Tiempo de lectura":"1 minuto"},"schema":{"@context":"https:\/\/schema.org","@graph":[{"@type":"Organization","@id":"https:\/\/www.relofirm.com\/#organization","name":"International Relocation Firm","url":"https:\/\/www.relofirm.com\/","sameAs":["https:\/\/www.facebook.com\/ReloFirm\/","https:\/\/www.linkedin.com\/company\/relo-firm","https:\/\/twitter.com\/polslegal"],"logo":{"@type":"ImageObject","@id":"https:\/\/www.relofirm.com\/#logo","inLanguage":"es","url":"https:\/\/www.relofirm.com\/wp-content\/uploads\/2021\/11\/relofirm-logo.svg","contentUrl":"https:\/\/www.relofirm.com\/wp-content\/uploads\/2021\/11\/relofirm-logo.svg","width":1485,"height":516,"caption":"International Relocation Firm"},"image":{"@id":"https:\/\/www.relofirm.com\/#logo"}},{"@type":"WebSite","@id":"https:\/\/www.relofirm.com\/#website","url":"https:\/\/www.relofirm.com\/","name":"International Relocation Firm","description":"","publisher":{"@id":"https:\/\/www.relofirm.com\/#organization"},"potentialAction":[{"@type":"SearchAction","target":{"@type":"EntryPoint","urlTemplate":"https:\/\/www.relofirm.com\/?s={search_term_string}"},"query-input":"required name=search_term_string"}],"inLanguage":"es"},{"@type":"WebPage","@id":"https:\/\/www.relofirm.com\/es\/como-abrir-una-sala-de-maquinas-tragamonedas\/#webpage","url":"https:\/\/www.relofirm.com\/es\/como-abrir-una-sala-de-maquinas-tragamonedas\/","name":"Como Abrir una Sala de Maquinas Tragamonedas - International Relocation Firm","isPartOf":{"@id":"https:\/\/www.relofirm.com\/#website"},"datePublished":"2016-08-27T05:00:00+00:00","dateModified":"2020-01-16T19:33:34+00:00","breadcrumb":{"@id":"https:\/\/www.relofirm.com\/es\/como-abrir-una-sala-de-maquinas-tragamonedas\/#breadcrumb"},"inLanguage":"es","potentialAction":[{"@type":"ReadAction","target":["https:\/\/www.relofirm.com\/es\/como-abrir-una-sala-de-maquinas-tragamonedas\/"]}]},{"@type":"BreadcrumbList","@id":"https:\/\/www.relofirm.com\/es\/como-abrir-una-sala-de-maquinas-tragamonedas\/#breadcrumb","itemListElement":[{"@type":"ListItem","position":1,"name":"Home","item":"https:\/\/www.relofirm.com\/es\/"},{"@type":"ListItem","position":2,"name":"Como Abrir una Sala de Maquinas Tragamonedas"}]}]}},"_links":{"self":[{"href":"https:\/\/www.relofirm.com\/es\/wp-json\/wp\/v2\/pages\/7175"}],"collection":[{"href":"https:\/\/www.relofirm.com\/es\/wp-json\/wp\/v2\/pages"}],"about":[{"href":"https:\/\/www.relofirm.com\/es\/wp-json\/wp\/v2\/types\/page"}],"author":[{"embeddable":true,"href":"https:\/\/www.relofirm.com\/es\/wp-json\/wp\/v2\/users\/7"}],"replies":[{"embeddable":true,"href":"https:\/\/www.relofirm.com\/es\/wp-json\/wp\/v2\/comments?post=7175"}],"version-history":[{"count":1,"href":"https:\/\/www.relofirm.com\/es\/wp-json\/wp\/v2\/pages\/7175\/revisions"}],"predecessor-version":[{"id":7821,"href":"https:\/\/www.relofirm.com\/es\/wp-json\/wp\/v2\/pages\/7175\/revisions\/7821"}],"wp:attachment":[{"href":"https:\/\/www.relofirm.com\/es\/wp-json\/wp\/v2\/media?parent=7175"}],"curies":[{"name":"wp","href":"https:\/\/api.w.org\/{rel}","templated":true}]}}