{"id":7150,"date":"2016-05-24T00:00:00","date_gmt":"2016-05-24T05:00:00","guid":{"rendered":"https:\/\/relofirm.com\/panama_chambers_of_commerce\/"},"modified":"2020-01-16T14:31:33","modified_gmt":"2020-01-16T19:31:33","slug":"camaras-de-comercio-de-panama","status":"publish","type":"page","link":"https:\/\/www.relofirm.com\/es\/camaras-de-comercio-de-panama\/","title":{"rendered":"Camaras de Comercio de Panama"},"content":{"rendered":"<div class=\"menu-business-es-container\"><ul id=\"menu-business-es\" class=\"menu\"><li id=\"menu-item-7640\" class=\"menu-item menu-item-type-post_type menu-item-object-page menu-item-has-children menu-item-7640\"><a href=\"https:\/\/www.relofirm.com\/es\/informacion-de-negocios-en-panama\/\">Informaci\u00f3n de Negocios en Panam\u00e1<\/a>\n<ul class=\"sub-menu\">\n\t<li id=\"menu-item-7366\" class=\"menu-item menu-item-type-post_type menu-item-object-page menu-item-7366\"><a href=\"https:\/\/www.relofirm.com\/es\/como-comenzar-una-empresa-en-panama\/\">Como Comenzar una empresa en Panama<\/a><\/li>\n\t<li id=\"menu-item-7367\" class=\"menu-item menu-item-type-post_type menu-item-object-page menu-item-7367\"><a href=\"https:\/\/www.relofirm.com\/es\/como-comprar-una-empresa-en-panama\/\">Como Comprar una Empresa en Panam\u00e1<\/a><\/li>\n\t<li id=\"menu-item-7369\" class=\"menu-item menu-item-type-post_type menu-item-object-page menu-item-7369\"><a href=\"https:\/\/www.relofirm.com\/es\/leyes-de-proteccion-de-propiedad-intelectual-en-panama\/\">Leyes de Proteccion de Propiedad Intelectual en Panama<\/a><\/li>\n\t<li id=\"menu-item-7370\" class=\"menu-item menu-item-type-post_type menu-item-object-page menu-item-7370\"><a href=\"https:\/\/www.relofirm.com\/es\/como-obtener-contratos-con-el-gobierno-de-panama\/\">Como Obtener Contratos con el Gobierno de Panama<\/a><\/li>\n\t<li id=\"menu-item-7371\" class=\"menu-item menu-item-type-post_type menu-item-object-page menu-item-7371\"><a href=\"https:\/\/www.relofirm.com\/es\/como-abrir-un-bar-o-un-restaurante-en-panama\/\">Como Abrir un Bar o un Restaurante en Panama<\/a><\/li>\n\t<li id=\"menu-item-7365\" class=\"menu-item menu-item-type-post_type menu-item-object-page menu-item-7365\"><a href=\"https:\/\/www.relofirm.com\/es\/derecho-laboral-de-panama-faqs\/\">Derecho Laboral de Panam\u00e1  &#8211; FAQ&#8217;s<\/a><\/li>\n\t<li id=\"menu-item-7368\" class=\"menu-item menu-item-type-post_type menu-item-object-page menu-item-7368\"><a href=\"https:\/\/www.relofirm.com\/es\/zonas-de-comercio-libres-de-impuestos-en-panama\/\">Zonas de Comercio Libres de Impuestos en Panam\u00e1<\/a><\/li>\n\t<li id=\"menu-item-7372\" class=\"menu-item menu-item-type-post_type menu-item-object-page menu-item-7372\"><a href=\"https:\/\/www.relofirm.com\/es\/beneficios-de-las-asociaciones-de-pequenos-empresarios-en-panama\/\">Beneficios de las Asociaciones de Pequenos Empresarios en Panama<\/a><\/li>\n\t<li id=\"menu-item-7373\" class=\"menu-item menu-item-type-post_type menu-item-object-page menu-item-7373\"><a href=\"https:\/\/www.relofirm.com\/es\/camaras-de-comercio-de-panama\/\">Camaras de Comercio de Panama<\/a><\/li>\n<\/ul>\n<\/li>\n<\/ul><\/div>\n<p><span style=\"line-height: 1.5em;\">Panam\u00e1 cuenta con 7 c\u00e1maras de comercio: Organizaciones de Estados Unidos, Canad\u00e1, Colombia, Alemania, Espa\u00f1a, Israel y Panam\u00e1. A continuaci\u00f3n le mostramos alguna informaci\u00f3n sobre ellos:<\/span><\/p>\n<h2>Estados Unidos de Am\u00e9rica<\/h2>\n<p>La C\u00e1mara de Comercio Americana de Panam\u00e1 (PANAMCHAM) se inici\u00f3 en 1997 con el prop\u00f3sito de ser el primer educador, abogado y el catalizador principal para el negocio bilateral entre Panam\u00e1 y Estados Unidos.<\/p>\n<p>Los objetivos establecidos por la Organizaci\u00f3n son:<\/p>\n<ul>\n<li>Promover el comercio entre los Estados Unidos y la Rep\u00fablica de Panam\u00e1.<\/li>\n<li>Promover y proteger los convenios de las empresas y la promoci\u00f3n del libre comercio.<\/li>\n<li>Colaborar con los Estados Unidos y con el Gobierno de Panam\u00e1 para proteger y promover los intereses de las empresas miembros.<\/li>\n<li>Incentivar altos est\u00e1ndares \u00e9ticos en las relaciones comerciales bilaterales.<\/li>\n<li>Animar a los miembros de PANAMCHAM a convertirse en empresas socialmente responsables y a los individuos en el desarrollo econ\u00f3mico y social de Panam\u00e1.<\/li>\n<li>Mantener relaciones con organizaciones con objetivos similares, tales como la C\u00e1mara de Comercio de los Estados Unidos y la Asociaci\u00f3n de las C\u00e1maras Americanas de Comercio de Am\u00e9rica Latina.<\/li>\n<li>Educar y convertirse en la primera fuente de informaci\u00f3n de desarrollo econ\u00f3mico y de comercio en ambos pa\u00edses.<\/li>\n<\/ul>\n<p>Existen varios comit\u00e9s para que los miembros participen en la inclusi\u00f3n de proyectos de Energ\u00eda El\u00e9ctrica, Turismo, Medioambiente, Reciclaje, Legislaci\u00f3n y Fiscalizaci\u00f3n, Comercio e Inversiones, Salud, Bienes Ra\u00edces, Transporte, Hidrocarburos, Servicios de Tecnolog\u00eda y Servicios Profesionales.<\/p>\n<p>La informaci\u00f3n relativa a un gran n\u00famero de temas de comercio est\u00e1 disponible para los miembros, incluyendo el Acuerdo de Libre Comercio entre Panam\u00e1 y Estados Unidos, hacer negocios en Panam\u00e1, invertir en Panam\u00e1 y exportar desde Panam\u00e1. PANAMCHAM tambi\u00e9n publica boletines de noticias, revistas, y patrocinadores de muchos foros, seminarios y eventos.<\/p>\n<p>Las cuotas de membres\u00eda van desde 700 D\u00f3lares, mas 100 D\u00f3lares de iniciaci\u00f3n, para una membres\u00eda Plata, permiti\u00e9ndole un representante. Los miembros adicionales pueden ser incorporados mediante el pago de 100 D\u00f3lares adicionales.<br \/>\nEl costo para una membres\u00eda dorada es de 1000 D\u00f3lares, m\u00e1s 100 D\u00f3lares de iniciaci\u00f3n, permiti\u00e9ndose en \u00e9ste caso dos representantes.<br \/>\nPara el caso de la membres\u00eda Platinum, el pago a realizarse ser\u00e1 de 1450 D\u00f3lares, m\u00e1s 100 D\u00f3lares de iniciaci\u00f3n, permiti\u00e9ndose tres representantes.<\/p>\n<p><strong>Su informaci\u00f3n de contacto es:<\/strong><\/p>\n<p>C\u00e1mara Americana de Comercio e Industria de Panam\u00e1<br \/>\nApartado 0843-00152<br \/>\nPanam\u00e1, Rep\u00fablica de Panam\u00e1.<br \/>\nTel\u00e9fono: 507-301-3882<br \/>\nCorreo Electr\u00f3nico: <a href=\"mailto:amcham@panamcham.com\">amcham@panamcham.com<\/a><br \/>\nP\u00e1gina Web: <a href=\"http:\/\/www.panamcham.com\">http:\/\/www.panamcham.com<\/a><\/p>\n<h2>Canad\u00e1<\/h2>\n<p>La C\u00e1mara de Comercio de Panam\u00e1-Canad\u00e1, (PanCanada) existe para promover el crecimiento de las exportaciones entre Panam\u00e1 y Canad\u00e1. Adicionalmente, la c\u00e1mara promueve el incremento de las inversiones en bienes ra\u00edces, turismo, miner\u00eda, banca y finanzas. PanCanad\u00e1 tambi\u00e9n act\u00faa como un facilitador entre las compa\u00f1\u00edas Canadienses y Paname\u00f1as, as\u00ed como con individuos que buscan oportunidades de negocios en el comercio, con compa\u00f1\u00edas o inversiones. PanCanad\u00e1 organiza eventos en Panam\u00e1 y Canad\u00e1, promoviendo el comercio, negocios e inversiones mediante la construcci\u00f3n de una red de comunicaciones entre ambos pa\u00edses.<\/p>\n<p>Los derechos de membres\u00eda cuesta 250 D\u00f3lares Americanos para individuales, 500 D\u00f3lares para peque\u00f1as empresas, 750 D\u00f3lares para empresas medianas y 1000 D\u00f3lares para empresas grandes.<\/p>\n<p>Su informaci\u00f3n de contacto es la siguiente:<\/p>\n<p>PanCanad\u00e1<br \/>\nC\u00e1mara de Comercio Panam\u00e1 \u2013 Canad\u00e1<br \/>\nEdificio Plaza 2000 Banco General.<br \/>\nPiso 10.<br \/>\nCalle 50, Ciudad de Panam\u00e1.<br \/>\nDirecci\u00f3n de Correo Electr\u00f3nico: info@pancanada.org<br \/>\nTel\u00e9fono: 011-507 2236788<br \/>\nFax: 011-507 2632460<br \/>\nP\u00e1gina Web: <a href=\"http:\/\/www.pancanada.org\">www.pancanada.org<\/a><\/p>\n<h2>Colombia<\/h2>\n<p>La C\u00e1mara de Comercio de Colombia \u2013 Panam\u00e1 est\u00e1 localizada en el 8vo Piso del World Trade Center en el Distrito de Marbella en Ciudad de Panam\u00e1.<\/p>\n<p>Su informaci\u00f3n de contacto es:<\/p>\n<p>Tel\u00e9fono: (507) 3022835<br \/>\nFax: (507) 3022836<br \/>\nDirecci\u00f3n de correo electr\u00f3nico: director@cccpa.net<br \/>\nP\u00e1gina Web: <a href=\"http:\/\/www.colombiachamber.com\">http:\/\/www.colombiachamber.com<\/a><\/p>\n<h2>Alemania<\/h2>\n<p>La C\u00e1mara de Comercio de Alemania \u2013 Panam\u00e1 est\u00e1 localizada en el Piso 4 del Edificio Movistar en la calle 51 con calle Manuel M Icaza.<\/p>\n<p>Su informaci\u00f3n de contacto es:<br \/>\nTel\u00e9fono: (507) 2699358<br \/>\nFax: (507) 2699359<br \/>\nDirecci\u00f3n de correo electr\u00f3nico: <a href=\"mailto:ihkpanama@cableonda.net\">ihkpanama@cableonda.net<\/a><\/p>\n<h2>Israel<\/h2>\n<p>Aunque se ha mencionado la C\u00e1mara de Comercio de Israel \u2013 Panam\u00e1 en los medios, no aparece en la lista del directorio telef\u00f3nico de Panam\u00e1 o en Internet. La \u00fanica referencia se consigui\u00f3 en la P\u00e1gina Web de la C\u00e1mara Latinoamericana de Comercio de Israel, donde solo aparece un v\u00ednculo de la C\u00e1mara de Comercio de Panam\u00e1 \u2013 Israel y el perfil en LinkedIn de su presidente Ilan Shatz: <a href=\"http:\/\/pa.linkedin.com\/pub\/ilan-shatz\/7\/71b\/614\">http:\/\/pa.linkedin.com\/pub\/ilan-shatz\/7\/71b\/614<\/a><\/p>\n<h2>Panam\u00e1<\/h2>\n<p>La C\u00e1mara de Comercio, Industrias y Agricultura de Panam\u00e1 (CCIAP) ha existido por m\u00e1s de 97 a\u00f1os. De acuerdo a su presidente interino Jos\u00e9 Luis Ford, la CCIAP ha trabajado por casi un siglo promoviendo la libertad de las empresas, el crecimiento econ\u00f3mico, y contribuyendo a tener una sociedad robusta. La CCIAP patrocina seminarios, foros, exposiciones, y eventos promoviendo el comercio con Panam\u00e1, la agricultura y negocios con el sector industrial. Su p\u00e1gina web ofrece publicaciones relacionadas con noticias, opiniones, reportes de directivos, blog de comunicaciones y un v\u00ednculo de una revista de negocios. Su p\u00e1gina web tambi\u00e9n proporciona valiosa informaci\u00f3n respecto a indicadores econ\u00f3micos, encuestas de negocios, \u00edndices de confianza del consumidor, reportes sobre el avance de negociaciones internacionales, leyes y regulaciones de Panam\u00e1, un bolet\u00edn legal, y proyectos de carreteras. La p\u00e1gina web tambi\u00e9n proporciona valiosa informaci\u00f3n sobre la puesta en marcha de negocios en Panam\u00e1, contactos, inversiones, importaci\u00f3n de alimentos, medioambiente y contactos de negocios.<\/p>\n<h2>Espa\u00f1a<\/h2>\n<p>La oficina de la C\u00e1mara de Comercio de Espa\u00f1a \u2013 Panam\u00e1 est\u00e1 localizada en las calles 42 y 43 con Av. Balboa.<\/p>\n<p>Su n\u00famero telef\u00f3nico es: (507) 2270626 \/ 2251487<\/p>\n<p>Si requiere asistencia para sus tr\u00e1mites de negocios o de reubicaci\u00f3n en Panam\u00e1, por favor Cont\u00e1ctenos y gustosamente le atenderemos.<\/p>\n","protected":false},"excerpt":{"rendered":"<p>Panam\u00e1 cuenta con 7 c\u00e1maras de comercio: Organizaciones de Estados Unidos, Canad\u00e1, Colombia, Alemania, Espa\u00f1a, Israel y Panam\u00e1. A continuaci\u00f3n le mostramos alguna informaci\u00f3n sobre ellos: Estados Unidos de Am\u00e9rica La C\u00e1mara de Comercio Americana de Panam\u00e1 (PANAMCHAM) se inici\u00f3 en 1997 con el prop\u00f3sito de ser el primer educador, abogado y el catalizador principal [&hellip;]<\/p>\n","protected":false},"author":7,"featured_media":0,"parent":0,"menu_order":0,"comment_status":"open","ping_status":"open","template":"","meta":{"_et_pb_use_builder":"","_et_pb_old_content":"","_et_gb_content_width":"","inline_featured_image":false,"footnotes":""},"class_list":["post-7150","page","type-page","status-publish","hentry"],"yoast_head":"<!-- This site is optimized with the Yoast SEO plugin v27.5 - https:\/\/yoast.com\/product\/yoast-seo-wordpress\/ -->\n<title>Camaras de Comercio de Panama - International Relocation Firm<\/title>\n<meta name=\"robots\" content=\"index, follow, max-snippet:-1, max-image-preview:large, max-video-preview:-1\" \/>\n<link rel=\"canonical\" href=\"https:\/\/www.relofirm.com\/es\/camaras-de-comercio-de-panama\/\" \/>\n<meta name=\"twitter:label1\" content=\"Tiempo de lectura\" \/>\n\t<meta name=\"twitter:data1\" content=\"5 minutos\" \/>\n<!-- \/ Yoast SEO plugin. -->","yoast_head_json":{"title":"Camaras de Comercio de Panama - International Relocation Firm","robots":{"index":"index","follow":"follow","max-snippet":"max-snippet:-1","max-image-preview":"max-image-preview:large","max-video-preview":"max-video-preview:-1"},"canonical":"https:\/\/www.relofirm.com\/es\/camaras-de-comercio-de-panama\/","twitter_misc":{"Tiempo de lectura":"5 minutos"},"schema":{"@context":"https:\/\/schema.org","@graph":[{"@type":"WebPage","@id":"https:\/\/www.relofirm.com\/es\/camaras-de-comercio-de-panama\/","url":"https:\/\/www.relofirm.com\/es\/camaras-de-comercio-de-panama\/","name":"Camaras de Comercio de Panama - International Relocation Firm","isPartOf":{"@id":"https:\/\/www.relofirm.com\/#website"},"datePublished":"2016-05-24T05:00:00+00:00","dateModified":"2020-01-16T19:31:33+00:00","breadcrumb":{"@id":"https:\/\/www.relofirm.com\/es\/camaras-de-comercio-de-panama\/#breadcrumb"},"inLanguage":"es","potentialAction":[{"@type":"ReadAction","target":["https:\/\/www.relofirm.com\/es\/camaras-de-comercio-de-panama\/"]}]},{"@type":"BreadcrumbList","@id":"https:\/\/www.relofirm.com\/es\/camaras-de-comercio-de-panama\/#breadcrumb","itemListElement":[{"@type":"ListItem","position":1,"name":"Home","item":"https:\/\/www.relofirm.com\/es\/"},{"@type":"ListItem","position":2,"name":"Camaras de Comercio de Panama"}]},{"@type":"WebSite","@id":"https:\/\/www.relofirm.com\/#website","url":"https:\/\/www.relofirm.com\/","name":"International Relocation Firm","description":"","publisher":{"@id":"https:\/\/www.relofirm.com\/#organization"},"potentialAction":[{"@type":"SearchAction","target":{"@type":"EntryPoint","urlTemplate":"https:\/\/www.relofirm.com\/?s={search_term_string}"},"query-input":{"@type":"PropertyValueSpecification","valueRequired":true,"valueName":"search_term_string"}}],"inLanguage":"es"},{"@type":"Organization","@id":"https:\/\/www.relofirm.com\/#organization","name":"International Relocation Firm","url":"https:\/\/www.relofirm.com\/","logo":{"@type":"ImageObject","inLanguage":"es","@id":"https:\/\/www.relofirm.com\/#\/schema\/logo\/image\/","url":"https:\/\/www.relofirm.com\/wp-content\/uploads\/2021\/11\/relofirm-logo.svg","contentUrl":"https:\/\/www.relofirm.com\/wp-content\/uploads\/2021\/11\/relofirm-logo.svg","width":1485,"height":516,"caption":"International Relocation Firm"},"image":{"@id":"https:\/\/www.relofirm.com\/#\/schema\/logo\/image\/"},"sameAs":["https:\/\/www.facebook.com\/PanamaOffshoreLegalServices","https:\/\/x.com\/polslegal"]}]}},"_links":{"self":[{"href":"https:\/\/www.relofirm.com\/es\/wp-json\/wp\/v2\/pages\/7150","targetHints":{"allow":["GET"]}}],"collection":[{"href":"https:\/\/www.relofirm.com\/es\/wp-json\/wp\/v2\/pages"}],"about":[{"href":"https:\/\/www.relofirm.com\/es\/wp-json\/wp\/v2\/types\/page"}],"author":[{"embeddable":true,"href":"https:\/\/www.relofirm.com\/es\/wp-json\/wp\/v2\/users\/7"}],"replies":[{"embeddable":true,"href":"https:\/\/www.relofirm.com\/es\/wp-json\/wp\/v2\/comments?post=7150"}],"version-history":[{"count":1,"href":"https:\/\/www.relofirm.com\/es\/wp-json\/wp\/v2\/pages\/7150\/revisions"}],"predecessor-version":[{"id":7811,"href":"https:\/\/www.relofirm.com\/es\/wp-json\/wp\/v2\/pages\/7150\/revisions\/7811"}],"wp:attachment":[{"href":"https:\/\/www.relofirm.com\/es\/wp-json\/wp\/v2\/media?parent=7150"}],"curies":[{"name":"wp","href":"https:\/\/api.w.org\/{rel}","templated":true}]}}