{"id":7148,"date":"2016-05-20T00:00:00","date_gmt":"2016-05-20T05:00:00","guid":{"rendered":"https:\/\/relofirm.com\/how_to_open_a_restaurantbar_in_panama\/"},"modified":"2020-01-16T14:33:19","modified_gmt":"2020-01-16T19:33:19","slug":"como-abrir-un-bar-o-un-restaurante-en-panama","status":"publish","type":"page","link":"https:\/\/www.relofirm.com\/es\/como-abrir-un-bar-o-un-restaurante-en-panama\/","title":{"rendered":"Como Abrir un Bar o un Restaurante en Panama"},"content":{"rendered":"<div class=\"menu-business-es-container\"><ul id=\"menu-business-es\" class=\"menu\"><li id=\"menu-item-7640\" class=\"menu-item menu-item-type-post_type menu-item-object-page menu-item-has-children menu-item-7640\"><a href=\"https:\/\/www.relofirm.com\/es\/informacion-de-negocios-en-panama\/\">Informaci\u00f3n de Negocios en Panam\u00e1<\/a>\n<ul class=\"sub-menu\">\n\t<li id=\"menu-item-7366\" class=\"menu-item menu-item-type-post_type menu-item-object-page menu-item-7366\"><a href=\"https:\/\/www.relofirm.com\/es\/como-comenzar-una-empresa-en-panama\/\">Como Comenzar una empresa en Panama<\/a><\/li>\n\t<li id=\"menu-item-7367\" class=\"menu-item menu-item-type-post_type menu-item-object-page menu-item-7367\"><a href=\"https:\/\/www.relofirm.com\/es\/como-comprar-una-empresa-en-panama\/\">Como Comprar una Empresa en Panam\u00e1<\/a><\/li>\n\t<li id=\"menu-item-7369\" class=\"menu-item menu-item-type-post_type menu-item-object-page menu-item-7369\"><a href=\"https:\/\/www.relofirm.com\/es\/leyes-de-proteccion-de-propiedad-intelectual-en-panama\/\">Leyes de Proteccion de Propiedad Intelectual en Panama<\/a><\/li>\n\t<li id=\"menu-item-7370\" class=\"menu-item menu-item-type-post_type menu-item-object-page menu-item-7370\"><a href=\"https:\/\/www.relofirm.com\/es\/como-obtener-contratos-con-el-gobierno-de-panama\/\">Como Obtener Contratos con el Gobierno de Panama<\/a><\/li>\n\t<li id=\"menu-item-7371\" class=\"menu-item menu-item-type-post_type menu-item-object-page menu-item-7371\"><a href=\"https:\/\/www.relofirm.com\/es\/como-abrir-un-bar-o-un-restaurante-en-panama\/\">Como Abrir un Bar o un Restaurante en Panama<\/a><\/li>\n\t<li id=\"menu-item-7365\" class=\"menu-item menu-item-type-post_type menu-item-object-page menu-item-7365\"><a href=\"https:\/\/www.relofirm.com\/es\/derecho-laboral-de-panama-faqs\/\">Derecho Laboral de Panam\u00e1  &#8211; FAQ&#8217;s<\/a><\/li>\n\t<li id=\"menu-item-7368\" class=\"menu-item menu-item-type-post_type menu-item-object-page menu-item-7368\"><a href=\"https:\/\/www.relofirm.com\/es\/zonas-de-comercio-libres-de-impuestos-en-panama\/\">Zonas de Comercio Libres de Impuestos en Panam\u00e1<\/a><\/li>\n\t<li id=\"menu-item-7372\" class=\"menu-item menu-item-type-post_type menu-item-object-page menu-item-7372\"><a href=\"https:\/\/www.relofirm.com\/es\/beneficios-de-las-asociaciones-de-pequenos-empresarios-en-panama\/\">Beneficios de las Asociaciones de Pequenos Empresarios en Panama<\/a><\/li>\n\t<li id=\"menu-item-7373\" class=\"menu-item menu-item-type-post_type menu-item-object-page menu-item-7373\"><a href=\"https:\/\/www.relofirm.com\/es\/camaras-de-comercio-de-panama\/\">Camaras de Comercio de Panama<\/a><\/li>\n<\/ul>\n<\/li>\n<\/ul><\/div>\n<h3>Nombre \u00danico y Logotipo<\/h3>\n<p>Establezca un nombre \u00fanico para su bar \u2013 restaurante que no se encuentre registrado en Panam\u00e1 y un logotipo \u00fanico que no est\u00e9 siendo utilizado en Panam\u00e1.<\/p>\n<h3>Propiedad<\/h3>\n<p>Determine el tipo de propiedad para su restaurante, ya sea Usted como \u00fanico due\u00f1o, con Usted y su familia como propietarios, o bien sea bajo la figura de una corporaci\u00f3n.<\/p>\n<p>Hay asuntos de responsabilidad y cuestiones fiscales que involucran su elecci\u00f3n, en todo caso, le recomendamos que consulte con una firma de abogados con conocimientos en materia de protecci\u00f3n de activos, antes de decidir.<\/p>\n<h3>Marca Comercial<\/h3>\n<p>Despu\u00e9s de elegir el tipo de propiedad, junto al nombre del negocio y el dise\u00f1o de su logotipo, usted necesitar\u00e1 contratar los servicios de una firma de abogados para presentar el registro de la marca en Panam\u00e1, el cual proteger\u00e1 tambi\u00e9n su nombre comercial y el logotipo.<\/p>\n<h2>Obtenci\u00f3n de Licencias Comerciales<\/h2>\n<p>Los permisos y licencias del Gobierno de Panam\u00e1 incluyen:<\/p>\n<ul>\n<li>Servicio de impuesto por los ingresos en Panam\u00e1.<\/li>\n<li>La inscripci\u00f3n en el Ministerio de Comercio e Industria para obtenci\u00f3n de la licencia comercial.<\/li>\n<li>Obtenci\u00f3n de un n\u00famero de seguro social para el negocio emitido por el Registro Patronal de la Caja del Seguro Social de Panam\u00e1.<\/li>\n<li>Registro en la municipalidad local y en impuestos municipales.<\/li>\n<li>Obtener un certificado de fumigaci\u00f3n contra plagas. La inspecci\u00f3n de fumigaci\u00f3n contra plagas ser\u00e1 requerida cada cuatro (04) meses y se deber\u00e1 colocar la publicaci\u00f3n de la misma cerca de la entrada principal.<\/li>\n<li>Obtener un permiso sanitario emitido por el Ministerio de Salud.<\/li>\n<\/ul>\n<h3>Permisos para Empleados:<\/h3>\n<p>Todos los empleados que trabajan en locales sirviendo alimentos o bebidas en Panam\u00e1, deben obtener dos permisos: chequeos m\u00e9dicos y ex\u00e1menes dentales y tomar un curso de dos d\u00edas en el Ministerio de Salud.<\/p>\n<h3>Locales:<\/h3>\n<p>Ubique cuidadosamente un local apropiado que cumpla con el art\u00edculo 12 de la ley 55 del a\u00f1o 1973, la cual establece que para emitirse una licencia de expendio de licores, el local no puede estar situado a menos de 500 metros de alg\u00fan colegio ya sea p\u00fablico o privado, hospitales, iglesias y templos. El certificado de los \u201c500 Metros\u201d ser\u00e1 emitido por el corregidor local. Un Certificado similar, emitido por el Ministerio de Educaci\u00f3n, verificar\u00e1 que el local se encuentra a una distancia mayor de 500 metros de alg\u00fan colegio. Ambos certificados deber\u00e1n ser presentados ante el Municipio a fin de obtener la licencia de licor.<\/p>\n<p>Colocar una mobiliario adecuado y creando una atm\u00f3sfera \u00fanica en su establecimiento para sobresalir de los dem\u00e1s, ser\u00e1 un elemento clave. Usted no necesita gastar una fortuna para construir un ambiente art\u00edstico y de buena clase. Buenas comidas y bebidas a buenos precios, junto con un buen servicio, har\u00e1 que su bar &#8211; restaurante se convierta en uno de los m\u00e1s populares en Panam\u00e1.<\/p>\n<p>Cont\u00e1ctenos para asistirle en todo lo concerniente a sus necesidades para establecer un negocio en Panam\u00e1, incluyendo licencias, permisos y registro de marcas.<\/p>\n","protected":false},"excerpt":{"rendered":"<p>Nombre \u00danico y Logotipo Establezca un nombre \u00fanico para su bar \u2013 restaurante que no se encuentre registrado en Panam\u00e1 y un logotipo \u00fanico que no est\u00e9 siendo utilizado en Panam\u00e1. Propiedad Determine el tipo de propiedad para su restaurante, ya sea Usted como \u00fanico due\u00f1o, con Usted y su familia como propietarios, o bien [&hellip;]<\/p>\n","protected":false},"author":7,"featured_media":0,"parent":0,"menu_order":0,"comment_status":"open","ping_status":"open","template":"","meta":{"_et_pb_use_builder":"","_et_pb_old_content":"","_et_gb_content_width":"","inline_featured_image":false,"footnotes":""},"class_list":["post-7148","page","type-page","status-publish","hentry"],"yoast_head":"<!-- This site is optimized with the Yoast SEO plugin v27.5 - https:\/\/yoast.com\/product\/yoast-seo-wordpress\/ -->\n<title>Como Abrir un Bar o un Restaurante en Panama - International Relocation Firm<\/title>\n<meta name=\"robots\" content=\"index, follow, max-snippet:-1, max-image-preview:large, max-video-preview:-1\" \/>\n<link rel=\"canonical\" href=\"https:\/\/www.relofirm.com\/es\/como-abrir-un-bar-o-un-restaurante-en-panama\/\" \/>\n<meta name=\"twitter:label1\" content=\"Tiempo de lectura\" \/>\n\t<meta name=\"twitter:data1\" content=\"3 minutos\" \/>\n<!-- \/ Yoast SEO plugin. -->","yoast_head_json":{"title":"Como Abrir un Bar o un Restaurante en Panama - International Relocation Firm","robots":{"index":"index","follow":"follow","max-snippet":"max-snippet:-1","max-image-preview":"max-image-preview:large","max-video-preview":"max-video-preview:-1"},"canonical":"https:\/\/www.relofirm.com\/es\/como-abrir-un-bar-o-un-restaurante-en-panama\/","twitter_misc":{"Tiempo de lectura":"3 minutos"},"schema":{"@context":"https:\/\/schema.org","@graph":[{"@type":"WebPage","@id":"https:\/\/www.relofirm.com\/es\/como-abrir-un-bar-o-un-restaurante-en-panama\/","url":"https:\/\/www.relofirm.com\/es\/como-abrir-un-bar-o-un-restaurante-en-panama\/","name":"Como Abrir un Bar o un Restaurante en Panama - International Relocation Firm","isPartOf":{"@id":"https:\/\/www.relofirm.com\/#website"},"datePublished":"2016-05-20T05:00:00+00:00","dateModified":"2020-01-16T19:33:19+00:00","breadcrumb":{"@id":"https:\/\/www.relofirm.com\/es\/como-abrir-un-bar-o-un-restaurante-en-panama\/#breadcrumb"},"inLanguage":"es","potentialAction":[{"@type":"ReadAction","target":["https:\/\/www.relofirm.com\/es\/como-abrir-un-bar-o-un-restaurante-en-panama\/"]}]},{"@type":"BreadcrumbList","@id":"https:\/\/www.relofirm.com\/es\/como-abrir-un-bar-o-un-restaurante-en-panama\/#breadcrumb","itemListElement":[{"@type":"ListItem","position":1,"name":"Home","item":"https:\/\/www.relofirm.com\/es\/"},{"@type":"ListItem","position":2,"name":"Como Abrir un Bar o un Restaurante en Panama"}]},{"@type":"WebSite","@id":"https:\/\/www.relofirm.com\/#website","url":"https:\/\/www.relofirm.com\/","name":"International Relocation Firm","description":"","publisher":{"@id":"https:\/\/www.relofirm.com\/#organization"},"potentialAction":[{"@type":"SearchAction","target":{"@type":"EntryPoint","urlTemplate":"https:\/\/www.relofirm.com\/?s={search_term_string}"},"query-input":{"@type":"PropertyValueSpecification","valueRequired":true,"valueName":"search_term_string"}}],"inLanguage":"es"},{"@type":"Organization","@id":"https:\/\/www.relofirm.com\/#organization","name":"International Relocation Firm","url":"https:\/\/www.relofirm.com\/","logo":{"@type":"ImageObject","inLanguage":"es","@id":"https:\/\/www.relofirm.com\/#\/schema\/logo\/image\/","url":"https:\/\/www.relofirm.com\/wp-content\/uploads\/2021\/11\/relofirm-logo.svg","contentUrl":"https:\/\/www.relofirm.com\/wp-content\/uploads\/2021\/11\/relofirm-logo.svg","width":1485,"height":516,"caption":"International Relocation Firm"},"image":{"@id":"https:\/\/www.relofirm.com\/#\/schema\/logo\/image\/"},"sameAs":["https:\/\/www.facebook.com\/PanamaOffshoreLegalServices","https:\/\/x.com\/polslegal"]}]}},"_links":{"self":[{"href":"https:\/\/www.relofirm.com\/es\/wp-json\/wp\/v2\/pages\/7148","targetHints":{"allow":["GET"]}}],"collection":[{"href":"https:\/\/www.relofirm.com\/es\/wp-json\/wp\/v2\/pages"}],"about":[{"href":"https:\/\/www.relofirm.com\/es\/wp-json\/wp\/v2\/types\/page"}],"author":[{"embeddable":true,"href":"https:\/\/www.relofirm.com\/es\/wp-json\/wp\/v2\/users\/7"}],"replies":[{"embeddable":true,"href":"https:\/\/www.relofirm.com\/es\/wp-json\/wp\/v2\/comments?post=7148"}],"version-history":[{"count":1,"href":"https:\/\/www.relofirm.com\/es\/wp-json\/wp\/v2\/pages\/7148\/revisions"}],"predecessor-version":[{"id":7819,"href":"https:\/\/www.relofirm.com\/es\/wp-json\/wp\/v2\/pages\/7148\/revisions\/7819"}],"wp:attachment":[{"href":"https:\/\/www.relofirm.com\/es\/wp-json\/wp\/v2\/media?parent=7148"}],"curies":[{"name":"wp","href":"https:\/\/api.w.org\/{rel}","templated":true}]}}