{"id":7146,"date":"2016-03-27T00:00:00","date_gmt":"2016-03-27T05:00:00","guid":{"rendered":"https:\/\/relofirm.com\/how_to_protect_panama_intellectual_properties\/"},"modified":"2020-01-22T10:31:05","modified_gmt":"2020-01-22T15:31:05","slug":"leyes-de-proteccion-de-propiedad-intelectual-en-panama","status":"publish","type":"page","link":"https:\/\/www.relofirm.com\/es\/leyes-de-proteccion-de-propiedad-intelectual-en-panama\/","title":{"rendered":"Leyes de Proteccion de Propiedad Intelectual en Panama"},"content":{"rendered":"<div class=\"menu-business-es-container\"><ul id=\"menu-business-es\" class=\"menu\"><li id=\"menu-item-7640\" class=\"menu-item menu-item-type-post_type menu-item-object-page menu-item-has-children menu-item-7640\"><a href=\"https:\/\/www.relofirm.com\/es\/informacion-de-negocios-en-panama\/\">Informaci\u00f3n de Negocios en Panam\u00e1<\/a>\n<ul class=\"sub-menu\">\n\t<li id=\"menu-item-7366\" class=\"menu-item menu-item-type-post_type menu-item-object-page menu-item-7366\"><a href=\"https:\/\/www.relofirm.com\/es\/como-comenzar-una-empresa-en-panama\/\">C\u00f3mo Iniciar un Negocio en Panam\u00e1<\/a><\/li>\n\t<li id=\"menu-item-7367\" class=\"menu-item menu-item-type-post_type menu-item-object-page menu-item-7367\"><a href=\"https:\/\/www.relofirm.com\/es\/como-comprar-una-empresa-en-panama\/\">Como Comprar una Empresa en Panam\u00e1<\/a><\/li>\n\t<li id=\"menu-item-7369\" class=\"menu-item menu-item-type-post_type menu-item-object-page menu-item-7369\"><a href=\"https:\/\/www.relofirm.com\/es\/leyes-de-proteccion-de-propiedad-intelectual-en-panama\/\">Leyes de Proteccion de Propiedad Intelectual en Panama<\/a><\/li>\n\t<li id=\"menu-item-7370\" class=\"menu-item menu-item-type-post_type menu-item-object-page menu-item-7370\"><a href=\"https:\/\/www.relofirm.com\/es\/como-obtener-contratos-con-el-gobierno-de-panama\/\">Como Obtener Contratos con el Gobierno de Panama<\/a><\/li>\n\t<li id=\"menu-item-7371\" class=\"menu-item menu-item-type-post_type menu-item-object-page menu-item-7371\"><a href=\"https:\/\/www.relofirm.com\/es\/como-abrir-un-bar-o-un-restaurante-en-panama\/\">Como Abrir un Bar o un Restaurante en Panama<\/a><\/li>\n\t<li id=\"menu-item-7365\" class=\"menu-item menu-item-type-post_type menu-item-object-page menu-item-7365\"><a href=\"https:\/\/www.relofirm.com\/es\/derecho-laboral-de-panama-faqs\/\">Derecho Laboral de Panam\u00e1  &#8211; FAQ&#8217;s<\/a><\/li>\n\t<li id=\"menu-item-7368\" class=\"menu-item menu-item-type-post_type menu-item-object-page menu-item-7368\"><a href=\"https:\/\/www.relofirm.com\/es\/zonas-de-comercio-libres-de-impuestos-en-panama\/\">Zonas de Comercio Libres de Impuestos en Panam\u00e1<\/a><\/li>\n\t<li id=\"menu-item-7372\" class=\"menu-item menu-item-type-post_type menu-item-object-page menu-item-7372\"><a href=\"https:\/\/www.relofirm.com\/es\/beneficios-de-las-asociaciones-de-pequenos-empresarios-en-panama\/\">Beneficios de las Asociaciones de Pequenos Empresarios en Panama<\/a><\/li>\n\t<li id=\"menu-item-7373\" class=\"menu-item menu-item-type-post_type menu-item-object-page menu-item-7373\"><a href=\"https:\/\/www.relofirm.com\/es\/camaras-de-comercio-de-panama\/\">Camaras de Comercio de Panama<\/a><\/li>\n\t<li id=\"menu-item-237556\" class=\"menu-item menu-item-type-post_type menu-item-object-page menu-item-237556\"><a href=\"https:\/\/www.relofirm.com\/es\/panama-marca-y-registro-de-marcas\/\">Panam\u00e1 Marca y Registro de Marcas<\/a><\/li>\n<\/ul>\n<\/li>\n<\/ul><\/div>\n<p>Los extranjeros que establezcan nuevos negocios en Panam\u00e1 que vendan sus marcas o productos \u00fanicos, enfrentan el riesgo de la pirater\u00eda de la propiedad intelectual tal como ocurre en cualquier pa\u00eds extranjero.<\/p>\n<p><em><strong>Panam\u00e1 posee varias leyes que protegen la Propiedad Intelectual<\/strong><\/em><\/p>\n<h2>Patentes en Panam\u00e1<\/h2>\n<p>Los productos comerciales que son nuevos o invenciones innovadoras aplicadas a las industrias pueden aplicar a la Patente en Panam\u00e1. Esto incluye obtener la patente de procesos \u00fanicos y usos especiales que pueden ser vendidos como productos comerciales, tal como los programas de computaci\u00f3n. Por otra parte, los principios o teor\u00edas cient\u00edficas o de negocios, m\u00e9todos de diagn\u00f3stico, terap\u00e9uticos o quir\u00fargicos no pueden obtener patentes en Panam\u00e1.<\/p>\n<h3><span style=\"line-height: 1.5em;\">Proceso para Registrar una Patente en Panama<\/span><\/h3>\n<ol>\n<li>Presentar una solicitud de patente en Panam\u00e1.<\/li>\n<li>Despu\u00e9s de haber sido entregada la solicitud de patente en Panam\u00e1, ser\u00e1 nombrado un grupo de expertos que evaluar\u00e1n la solicitud y determinar\u00e1n si efectivamente se trata de una invenci\u00f3n destinada a usos industriales.<\/li>\n<li>Una vez aprobado por el panel de expertos, hay un per\u00edodo de catorce (14) meses para su estudio desde la fecha de su primer uso o desde la fecha de la invenci\u00f3n. En \u00e9ste per\u00edodo se determinar\u00e1 si alguien m\u00e1s utiliz\u00f3 \u00e9sta invenci\u00f3n previamente o si el producto fue inventado antes de aquello que se conoce como el per\u00edodo de \u201cestado de arte\u201d.<\/li>\n<li>Una vez que culmine el per\u00edodo de los catorce (14) meses, ser\u00e1 publicado por un per\u00edodo de dos (2) meses en el Bolet\u00edn de Propiedad Industrial de Panam\u00e1.<\/li>\n<li>Si no hay reclamaciones leg\u00edtimas de uso previo u objeciones levantadas sobre los derechos del solicitante para obtener la patente en Panam\u00e1, se conceder\u00e1 la solicitud y la patente en Panam\u00e1 estar\u00e1 completamente protegida por un lapso de 20 a\u00f1os desde la fecha en que se present\u00f3 la solicitud.<\/li>\n<li>No se aceptar\u00e1n apelaciones desde el momento en que sea emitida la Carta de Patente.<\/li>\n<li>Existe un estatuto de limitaciones para cambiar la patente durante 10 a\u00f1os en la Corte Civil. Existe solo una excepci\u00f3n que permite un cambio basado en la solicitud de la patente realizada de mala fe.<\/li>\n<\/ol>\n<p>Panam\u00e1 es miembro del <a href=\"http:\/\/www.wipo.int\/treaties\/es\/registration\/pct\/\">Tratado de Cooperaci\u00f3n Internacional de Patentes<\/a> junto a otros 145 pa\u00edses.<\/p>\n<h2>Modelo de Utilidad en Panam\u00e1<\/h2>\n<p>Un modelo de utilidad en Panam\u00e1 protege de diferentes maneras una patente. Aunque \u00e9sta protecci\u00f3n es similar a una patente en Panam\u00e1, tiene menos requerimientos rigurosos para calificar, pero solo tiene un per\u00edodo de protecci\u00f3n de 10 a\u00f1os. La \u00fanica cosa que debe ser probada en el modelo de utilidad en Panam\u00e1 para ser aceptado, es que el producto sea nuevo y destinado al uso industrial.<\/p>\n<h3>Dise\u00f1os Industriales<\/h3>\n<p>Los dise\u00f1os industriales obtienen protecci\u00f3n autom\u00e1tica por dos a\u00f1os una vez reveladas, lo cual impide que otros lo copien o usen dise\u00f1os similares. Mediante el registro ante los entes gubernamentales del dise\u00f1o inventado, recibir\u00e1 una protecci\u00f3n por 10 a\u00f1os con una extensi\u00f3n de 5 a\u00f1os adicionales.<\/p>\n<h3>Registros de Marcas en Panam\u00e1<\/h3>\n<p>El registro de marcas de servicios o productos en Panam\u00e1 est\u00e1 disponible mediante una solicitud ante el Ministerio de Comercio e Industrias de Panam\u00e1. La protecci\u00f3n del logotipo del negocio y del comercio estar\u00e1 incluida.<\/p>\n<p><strong>Proceso de Registro de Marcas en Panam\u00e1<\/strong><\/p>\n<ol>\n<li>Elija una marca o dise\u00f1o poco com\u00fan.<\/li>\n<li>Realice una b\u00fasqueda de registro de propiedad industrial para asegurarse que no existen dise\u00f1os o marcas similares en el registro.<\/li>\n<li>Presentar la solicitud que proporcionar\u00e1 10 a\u00f1os de protecci\u00f3n del nombre comercial y nombre de la marca en Panam\u00e1.<\/li>\n<li>Presentar una solicitud de renovaci\u00f3n al menos un a\u00f1o antes del vencimiento. Las renovaciones pueden ser presentadas cada nueve (9) a\u00f1os de manera indefinida.<\/li>\n<\/ol>\n<p>Licencias: Los nombres comerciales y nombres de marcas registrados en Panam\u00e1 pueden otorgar licencias a terceros. Si la licencia original lo permite, se podr\u00e1n emitir sub-licencias.<\/p>\n<h2>Derechos de Autor en Panam\u00e1<\/h2>\n<p>Tan pronto sea creada una obra intelectual en Panam\u00e1, debe realizarse inmediatamente la protecci\u00f3n del derecho de autor\u00eda.<br \/>\nLos derechos de autor en Panam\u00e1 protegen las obras de arte, fotograf\u00edas, programas de computaci\u00f3n, trabajos audiovisuales, trabajos cient\u00edficos o educativos, representaciones arquitect\u00f3nicas, trabajos literarios, folclore y p\u00e1ginas webs.<\/p>\n<p>Los autores son considerados como escritores o creadores originales. El Ministerio de Educaci\u00f3n de Panam\u00e1 permite que los derechos de autor permanezcan vigentes hasta 50 a\u00f1os despu\u00e9s del fallecimiento del autor. Los derechos comerciales por escrito para todos los trabajos con derechos de autor pueden permitirse a terceros.<\/p>\n<h2>Registro de Propiedad Intelectual<\/h2>\n<p>Los derechos de autor, los registros de marcas, las patentes, los dise\u00f1os industriales y los modelos de utilidad tambi\u00e9n pueden ser registrados en la Oficina de Aduanas en Panam\u00e1 y en la Zona Libre de Comercio en Col\u00f3n. Este registro permite a los representantes del gobierno examinar y confiscar mercanc\u00eda sospechosa de violar \u00e9stos derechos.<\/p>\n<h3>Internet<\/h3>\n<p>El NIC PANAMA (PANNET) mantiene el registro de los nombres de los dominios de Internet. El NIC- PANAMA es administrado por la Universidad Tecnol\u00f3gica de Panam\u00e1. Los nombres de dominio deben ser renovados anualmente. El c\u00f3digo de pa\u00eds de Panam\u00e1 es (.pa)<\/p>\n<h2>En conclusi\u00f3n<\/h2>\n<p>Las patentes en Panam\u00e1, las marcas comerciales y las leyes de derechos de autor son similares a las que pueda conseguir en los Estados Unidos y Europa. Le recomendamos contratar a un abogado experimentado antes de solicitar la protecci\u00f3n de propiedad intelectual.<\/p>\n<p>Si requiere de asistencia legal en materia o tr\u00e1mites de Propiedad Intelectual en Panam\u00e1 o requerimientos de leyes de negocios, por favor no dude en contactarnos y gustosamente le atenderemos en las oficinas de International Relocation Firm.<\/p>\n","protected":false},"excerpt":{"rendered":"<p>Los extranjeros que establezcan nuevos negocios en Panam\u00e1 que vendan sus marcas o productos \u00fanicos, enfrentan el riesgo de la pirater\u00eda de la propiedad intelectual tal como ocurre en cualquier pa\u00eds extranjero. Panam\u00e1 posee varias leyes que protegen la Propiedad Intelectual Patentes en Panam\u00e1 Los productos comerciales que son nuevos o invenciones innovadoras aplicadas a [&hellip;]<\/p>\n","protected":false},"author":7,"featured_media":0,"parent":0,"menu_order":0,"comment_status":"open","ping_status":"open","template":"","meta":{"_et_pb_use_builder":"","_et_pb_old_content":"","_et_gb_content_width":"","inline_featured_image":false},"yoast_head":"<!-- This site is optimized with the Yoast SEO plugin v18.5.1 - https:\/\/yoast.com\/wordpress\/plugins\/seo\/ -->\n<title>Leyes de Proteccion de Propiedad Intelectual en Panama - International Relocation Firm<\/title>\n<meta name=\"robots\" content=\"index, follow, max-snippet:-1, max-image-preview:large, max-video-preview:-1\" \/>\n<link rel=\"canonical\" href=\"https:\/\/www.relofirm.com\/es\/leyes-de-proteccion-de-propiedad-intelectual-en-panama\/\" \/>\n<meta property=\"og:locale\" content=\"es_ES\" \/>\n<meta property=\"og:type\" content=\"article\" \/>\n<meta property=\"og:title\" content=\"Leyes de Proteccion de Propiedad Intelectual en Panama - International Relocation Firm\" \/>\n<meta property=\"og:description\" content=\"Los extranjeros que establezcan nuevos negocios en Panam\u00e1 que vendan sus marcas o productos \u00fanicos, enfrentan el riesgo de la pirater\u00eda de la propiedad intelectual tal como ocurre en cualquier pa\u00eds extranjero. Panam\u00e1 posee varias leyes que protegen la Propiedad Intelectual Patentes en Panam\u00e1 Los productos comerciales que son nuevos o invenciones innovadoras aplicadas a [&hellip;]\" \/>\n<meta property=\"og:url\" content=\"https:\/\/www.relofirm.com\/es\/leyes-de-proteccion-de-propiedad-intelectual-en-panama\/\" \/>\n<meta property=\"og:site_name\" content=\"International Relocation Firm\" \/>\n<meta property=\"article:publisher\" content=\"https:\/\/www.facebook.com\/ReloFirm\/\" \/>\n<meta property=\"article:modified_time\" content=\"2020-01-22T15:31:05+00:00\" \/>\n<meta name=\"twitter:label1\" content=\"Tiempo de lectura\" \/>\n\t<meta name=\"twitter:data1\" content=\"5 minutos\" \/>\n<!-- \/ Yoast SEO plugin. -->","yoast_head_json":{"title":"Leyes de Proteccion de Propiedad Intelectual en Panama - International Relocation Firm","robots":{"index":"index","follow":"follow","max-snippet":"max-snippet:-1","max-image-preview":"max-image-preview:large","max-video-preview":"max-video-preview:-1"},"canonical":"https:\/\/www.relofirm.com\/es\/leyes-de-proteccion-de-propiedad-intelectual-en-panama\/","og_locale":"es_ES","og_type":"article","og_title":"Leyes de Proteccion de Propiedad Intelectual en Panama - International Relocation Firm","og_description":"Los extranjeros que establezcan nuevos negocios en Panam\u00e1 que vendan sus marcas o productos \u00fanicos, enfrentan el riesgo de la pirater\u00eda de la propiedad intelectual tal como ocurre en cualquier pa\u00eds extranjero. Panam\u00e1 posee varias leyes que protegen la Propiedad Intelectual Patentes en Panam\u00e1 Los productos comerciales que son nuevos o invenciones innovadoras aplicadas a [&hellip;]","og_url":"https:\/\/www.relofirm.com\/es\/leyes-de-proteccion-de-propiedad-intelectual-en-panama\/","og_site_name":"International Relocation Firm","article_publisher":"https:\/\/www.facebook.com\/ReloFirm\/","article_modified_time":"2020-01-22T15:31:05+00:00","twitter_misc":{"Tiempo de lectura":"5 minutos"},"schema":{"@context":"https:\/\/schema.org","@graph":[{"@type":"Organization","@id":"https:\/\/www.relofirm.com\/#organization","name":"International Relocation Firm","url":"https:\/\/www.relofirm.com\/","sameAs":["https:\/\/www.facebook.com\/ReloFirm\/","https:\/\/www.linkedin.com\/company\/relo-firm","https:\/\/twitter.com\/polslegal"],"logo":{"@type":"ImageObject","@id":"https:\/\/www.relofirm.com\/#logo","inLanguage":"es","url":"https:\/\/www.relofirm.com\/wp-content\/uploads\/2021\/11\/relofirm-logo.svg","contentUrl":"https:\/\/www.relofirm.com\/wp-content\/uploads\/2021\/11\/relofirm-logo.svg","width":1485,"height":516,"caption":"International Relocation Firm"},"image":{"@id":"https:\/\/www.relofirm.com\/#logo"}},{"@type":"WebSite","@id":"https:\/\/www.relofirm.com\/#website","url":"https:\/\/www.relofirm.com\/","name":"International Relocation Firm","description":"","publisher":{"@id":"https:\/\/www.relofirm.com\/#organization"},"potentialAction":[{"@type":"SearchAction","target":{"@type":"EntryPoint","urlTemplate":"https:\/\/www.relofirm.com\/?s={search_term_string}"},"query-input":"required name=search_term_string"}],"inLanguage":"es"},{"@type":"WebPage","@id":"https:\/\/www.relofirm.com\/es\/leyes-de-proteccion-de-propiedad-intelectual-en-panama\/#webpage","url":"https:\/\/www.relofirm.com\/es\/leyes-de-proteccion-de-propiedad-intelectual-en-panama\/","name":"Leyes de Proteccion de Propiedad Intelectual en Panama - International Relocation Firm","isPartOf":{"@id":"https:\/\/www.relofirm.com\/#website"},"datePublished":"2016-03-27T05:00:00+00:00","dateModified":"2020-01-22T15:31:05+00:00","breadcrumb":{"@id":"https:\/\/www.relofirm.com\/es\/leyes-de-proteccion-de-propiedad-intelectual-en-panama\/#breadcrumb"},"inLanguage":"es","potentialAction":[{"@type":"ReadAction","target":["https:\/\/www.relofirm.com\/es\/leyes-de-proteccion-de-propiedad-intelectual-en-panama\/"]}]},{"@type":"BreadcrumbList","@id":"https:\/\/www.relofirm.com\/es\/leyes-de-proteccion-de-propiedad-intelectual-en-panama\/#breadcrumb","itemListElement":[{"@type":"ListItem","position":1,"name":"Home","item":"https:\/\/www.relofirm.com\/es\/"},{"@type":"ListItem","position":2,"name":"Leyes de Proteccion de Propiedad Intelectual en Panama"}]}]}},"_links":{"self":[{"href":"https:\/\/www.relofirm.com\/es\/wp-json\/wp\/v2\/pages\/7146"}],"collection":[{"href":"https:\/\/www.relofirm.com\/es\/wp-json\/wp\/v2\/pages"}],"about":[{"href":"https:\/\/www.relofirm.com\/es\/wp-json\/wp\/v2\/types\/page"}],"author":[{"embeddable":true,"href":"https:\/\/www.relofirm.com\/es\/wp-json\/wp\/v2\/users\/7"}],"replies":[{"embeddable":true,"href":"https:\/\/www.relofirm.com\/es\/wp-json\/wp\/v2\/comments?post=7146"}],"version-history":[{"count":1,"href":"https:\/\/www.relofirm.com\/es\/wp-json\/wp\/v2\/pages\/7146\/revisions"}],"predecessor-version":[{"id":7976,"href":"https:\/\/www.relofirm.com\/es\/wp-json\/wp\/v2\/pages\/7146\/revisions\/7976"}],"wp:attachment":[{"href":"https:\/\/www.relofirm.com\/es\/wp-json\/wp\/v2\/media?parent=7146"}],"curies":[{"name":"wp","href":"https:\/\/api.w.org\/{rel}","templated":true}]}}