{"id":7144,"date":"2016-03-27T00:00:00","date_gmt":"2016-03-27T05:00:00","guid":{"rendered":"https:\/\/relofirm.com\/drive_panama_vehicle_to_another_country\/"},"modified":"2020-01-16T14:39:25","modified_gmt":"2020-01-16T19:39:25","slug":"conducir-un-vehiculo-con-placa-de-panama-hacia-otro-pais","status":"publish","type":"page","link":"https:\/\/www.relofirm.com\/es\/conducir-un-vehiculo-con-placa-de-panama-hacia-otro-pais\/","title":{"rendered":"Conducir un Vehiculo con Placa de Panama Hacia Otro Pais"},"content":{"rendered":"<div class=\"menu-relocation-es-container\"><ul id=\"menu-relocation-es\" class=\"menu\"><li id=\"menu-item-7618\" class=\"menu-item menu-item-type-post_type menu-item-object-page menu-item-has-children menu-item-7618\"><a href=\"https:\/\/www.relofirm.com\/es\/mudarse-a-panama\/\">Mudarse a Panam\u00e1<\/a>\n<ul class=\"sub-menu\">\n\t<li id=\"menu-item-7619\" class=\"menu-item menu-item-type-post_type menu-item-object-page menu-item-7619\"><a href=\"https:\/\/www.relofirm.com\/es\/como-obtener-un-permiso-de-trabajo-panameno\/\">Como Obtener un Permiso de Trabajo Paname\u00f1o<\/a><\/li>\n\t<li id=\"menu-item-239338\" class=\"menu-item menu-item-type-post_type menu-item-object-page menu-item-239338\"><a href=\"https:\/\/www.relofirm.com\/es\/ciudadania-panamena\/\">Como Obtener Ciudadan\u00eda Paname\u00f1a<\/a><\/li>\n\t<li id=\"menu-item-7620\" class=\"menu-item menu-item-type-post_type menu-item-object-page menu-item-7620\"><a href=\"https:\/\/www.relofirm.com\/es\/lista-de-las-mejores-escuelas-en-panama\/\">Lista de las Mejores Escuelas en Panam\u00e1<\/a><\/li>\n\t<li id=\"menu-item-7621\" class=\"menu-item menu-item-type-post_type menu-item-object-page menu-item-7621\"><a href=\"https:\/\/www.relofirm.com\/es\/hospitales-en-panama\/\">Hospitales en Panama<\/a><\/li>\n\t<li id=\"menu-item-7622\" class=\"menu-item menu-item-type-post_type menu-item-object-page menu-item-7622\"><a href=\"https:\/\/www.relofirm.com\/es\/como-comprar-un-arma-en-panama\/\">Como Comprar un Arma en Panama<\/a><\/li>\n\t<li id=\"menu-item-7623\" class=\"menu-item menu-item-type-post_type menu-item-object-page menu-item-7623\"><a href=\"https:\/\/www.relofirm.com\/es\/como-importar-armas-a-panama\/\">Como Importar Armas a Panama<\/a><\/li>\n\t<li id=\"menu-item-7624\" class=\"menu-item menu-item-type-post_type menu-item-object-page menu-item-7624\"><a href=\"https:\/\/www.relofirm.com\/es\/como-obtener-una-licencia-de-conducir-en-panama\/\">Como Obtener una Licencia de Conducir en Panama<\/a><\/li>\n\t<li id=\"menu-item-7625\" class=\"menu-item menu-item-type-post_type menu-item-object-page menu-item-7625\"><a href=\"https:\/\/www.relofirm.com\/es\/procedimiento-para-el-registro-de-vehiculos\/\">Procedimiento para el Registro de Veh\u00edculos<\/a><\/li>\n\t<li id=\"menu-item-7626\" class=\"menu-item menu-item-type-post_type menu-item-object-page menu-item-7626\"><a href=\"https:\/\/www.relofirm.com\/es\/conduciendo-en-panama\/\">Conduciendo en Panama<\/a><\/li>\n\t<li id=\"menu-item-7627\" class=\"menu-item menu-item-type-post_type menu-item-object-page menu-item-7627\"><a href=\"https:\/\/www.relofirm.com\/es\/cajas-de-seguridad-en-panama\/\">Cajas de Seguridad en Panam\u00e1<\/a><\/li>\n\t<li id=\"menu-item-7628\" class=\"menu-item menu-item-type-post_type menu-item-object-page menu-item-7628\"><a href=\"https:\/\/www.relofirm.com\/es\/contractacion-de-personal-domestico-en-panama\/\">Contractacion de Personal Domestico en Panama<\/a><\/li>\n\t<li id=\"menu-item-7629\" class=\"menu-item menu-item-type-post_type menu-item-object-page menu-item-7629\"><a href=\"https:\/\/www.relofirm.com\/es\/casarse-en-panama\/\">Casarse en Panam\u00e1<\/a><\/li>\n\t<li id=\"menu-item-7630\" class=\"menu-item menu-item-type-post_type menu-item-object-page menu-item-7630\"><a href=\"https:\/\/www.relofirm.com\/es\/divorciarse-en-panama\/\">Divorciarse en Panama<\/a><\/li>\n\t<li id=\"menu-item-7631\" class=\"menu-item menu-item-type-post_type menu-item-object-page menu-item-7631\"><a href=\"https:\/\/www.relofirm.com\/es\/como-contratar-los-servicios-de-electricidad-gas-y-agua-en-panama\/\">Como Contratar los Servicios de Electricidad, Gas y Agua en Panama<\/a><\/li>\n\t<li id=\"menu-item-7632\" class=\"menu-item menu-item-type-post_type menu-item-object-page menu-item-7632\"><a href=\"https:\/\/www.relofirm.com\/es\/obtenga-en-telefono-celular-en-panama\/\">Obtenga en Telefono Celular en Panama<\/a><\/li>\n\t<li id=\"menu-item-7633\" class=\"menu-item menu-item-type-post_type menu-item-object-page menu-item-7633\"><a href=\"https:\/\/www.relofirm.com\/es\/como-recibir-correspondencia-en-panama\/\">Como Recibir Correspondencia en Panama<\/a><\/li>\n\t<li id=\"menu-item-7634\" class=\"menu-item menu-item-type-post_type menu-item-object-page menu-item-7634\"><a href=\"https:\/\/www.relofirm.com\/es\/como-importar-su-carro-y-articulos-del-hogar-a-panama\/\">Como Importar su Carro y Articulos del Hogar a Panama Libre de Impuesto, en Calidad de Pensionado<\/a><\/li>\n\t<li id=\"menu-item-7635\" class=\"menu-item menu-item-type-post_type menu-item-object-page menu-item-7635\"><a href=\"https:\/\/www.relofirm.com\/es\/como-obtener-una-placa-para-un-vehiculo-nuevo-en-panama\/\">Como Obtener una Placa para un Vehiculo Nuevo en Panama<\/a><\/li>\n\t<li id=\"menu-item-7636\" class=\"menu-item menu-item-type-post_type menu-item-object-page menu-item-7636\"><a href=\"https:\/\/www.relofirm.com\/es\/como-obtener-un-seguro-para-vehiculos-en-panama\/\">Como Obtener un Seguro para Vehiculos en Panama<\/a><\/li>\n\t<li id=\"menu-item-7637\" class=\"menu-item menu-item-type-post_type menu-item-object-page menu-item-7637\"><a href=\"https:\/\/www.relofirm.com\/es\/tener-un-bebe-en-panama\/\">Tener un Bebe en Panama<\/a><\/li>\n\t<li id=\"menu-item-7638\" class=\"menu-item menu-item-type-post_type menu-item-object-page menu-item-7638\"><a href=\"https:\/\/www.relofirm.com\/es\/conducir-un-vehiculo-con-placa-de-panama-hacia-otro-pais\/\">Conducir un Vehiculo con Placa de Panama Hacia Otro Pais<\/a><\/li>\n<\/ul>\n<\/li>\n<\/ul><\/div>\n<p>Desde Octubre del a\u00f1o 2010, el Gobierno de Panam\u00e1 no permite que los ciudadanos no-residentes conduzcan un <a href=\"https:\/\/www.relofirm.com\/es\/corporation_vehicle_registration\">veh\u00edculo registrado en Panam\u00e1<\/a> hacia otro Pa\u00eds. Eso quiere decir, que los turistas que compren un veh\u00edculo en Panam\u00e1, no podr\u00e1n conducir dicho veh\u00edculo fuera del Pa\u00eds.<\/p>\n<p>A continuaci\u00f3n mostramos la lista de requisitos b\u00e1sicos para obtener la aprobaci\u00f3n para conducir un veh\u00edculo registrado en Panam\u00e1 en otro Pa\u00eds:<\/p>\n<ul>\n<li>El veh\u00edculo debe encontrarse al d\u00eda con su registro.<\/li>\n<li>Obtener una Paz y Salvo emitida por el Municipio mostrando que no se tiene pendiente el pago de multas ni se adeuda ning\u00fan tipo de tasa.<\/li>\n<li>Llevar el veh\u00edculo al municipio correspondiente para ser realizada la inspecci\u00f3n con el n\u00famero de chasis y el n\u00famero VIN claramente visible.<\/li>\n<li>Entregar el Registro del Veh\u00edculo ante la Autoridad de Transporte y Tr\u00e1nsito Terrestre y el Documento que pruebe la propiedad del veh\u00edculo.<\/li>\n<li>Obtener el Certificado de Declaraci\u00f3n Aduanera por la Aduana de Panam\u00e1.<\/li>\n<\/ul>\n<p>Una vez obtenidos los requisitos mencionados anteriormente, deber\u00e1 presentarse en la Municipalidad de la Ciudad de Panam\u00e1 para obtener el Certificado de Autorizaci\u00f3n para la Salida del Veh\u00edculo Fuera del Pa\u00eds.<\/p>\n<h2><span style=\"line-height: 1.5em;\">Documentos Adicionales Requeridos<\/span><\/h2>\n<p>Las personas naturales deber\u00e1n presentar una copia de su documento de identificaci\u00f3n de Panam\u00e1 (C\u00e9dula o Carnet de Residencia).<\/p>\n<p>Si el veh\u00edculo fue adquirido con un financiamiento y el cr\u00e9dito no ha sido pagado en su totalidad, el prestamista deber\u00e1 emitir una autorizaci\u00f3n para que el veh\u00edculo pueda salir del Pa\u00eds.<\/p>\n<p>Si el due\u00f1o actual no puede obtener \u00e9stos certificados, un poder de un abogado ser\u00e1 necesario, el cual deber\u00e1 estar firmado por el propietario actual especificando que se autoriza a otra persona e incluir su n\u00famero de c\u00e9dula.<\/p>\n<p>Para los Veh\u00edculos propiedad de una sociedad deber\u00e1n entregarse los documentos adicionales:<\/p>\n<ul>\n<li>La persona que hace la solicitud deber\u00e1 presentarse con su c\u00e9dula y una copia de la misma.<\/li>\n<li>Presentar el Certificado Original del Registro P\u00fablico de Panam\u00e1 verificando que la empresa propiedad del veh\u00edculo se encuentra debidamente registrada y en buenos t\u00e9rminos.<\/li>\n<li>Documento de autorizaci\u00f3n original notariado donde se autorice a la persona espec\u00edfica que har\u00e1 la solicitud, firmada por el representante legal de la sociedad.<\/li>\n<li>Si el veh\u00edculo fue adquirido mediante un financiamiento y el cr\u00e9dito no ha sido pagado en su totalidad, el prestamista deber\u00e1 proporcionar una autorizaci\u00f3n notariada para poder sacar el veh\u00edculo del Pa\u00eds.<\/li>\n<\/ul>\n<p>Si desea <a href=\"https:\/\/www.relofirm.com\/es\/panama_relocation\">reubicarse en Panam\u00e1<\/a>, por favor Cont\u00e1ctenos y gustosamente le brindaremos la asesor\u00eda y asistencia en el tr\u00e1mite de Migraci\u00f3n en Panam\u00e1.<\/p>\n","protected":false},"excerpt":{"rendered":"<p>Desde Octubre del a\u00f1o 2010, el Gobierno de Panam\u00e1 no permite que los ciudadanos no-residentes conduzcan un veh\u00edculo registrado en Panam\u00e1 hacia otro Pa\u00eds. Eso quiere decir, que los turistas que compren un veh\u00edculo en Panam\u00e1, no podr\u00e1n conducir dicho veh\u00edculo fuera del Pa\u00eds. A continuaci\u00f3n mostramos la lista de requisitos b\u00e1sicos para obtener la [&hellip;]<\/p>\n","protected":false},"author":7,"featured_media":0,"parent":0,"menu_order":0,"comment_status":"open","ping_status":"open","template":"","meta":{"_et_pb_use_builder":"","_et_pb_old_content":"","_et_gb_content_width":"","inline_featured_image":false},"yoast_head":"<!-- This site is optimized with the Yoast SEO plugin v18.5.1 - https:\/\/yoast.com\/wordpress\/plugins\/seo\/ -->\n<title>Conducir un Vehiculo con Placa de Panama Hacia Otro Pais - International Relocation Firm<\/title>\n<meta name=\"robots\" content=\"index, follow, max-snippet:-1, max-image-preview:large, max-video-preview:-1\" \/>\n<link rel=\"canonical\" href=\"https:\/\/www.relofirm.com\/es\/conducir-un-vehiculo-con-placa-de-panama-hacia-otro-pais\/\" \/>\n<meta property=\"og:locale\" content=\"es_ES\" \/>\n<meta property=\"og:type\" content=\"article\" \/>\n<meta property=\"og:title\" content=\"Conducir un Vehiculo con Placa de Panama Hacia Otro Pais - International Relocation Firm\" \/>\n<meta property=\"og:description\" content=\"Desde Octubre del a\u00f1o 2010, el Gobierno de Panam\u00e1 no permite que los ciudadanos no-residentes conduzcan un veh\u00edculo registrado en Panam\u00e1 hacia otro Pa\u00eds. Eso quiere decir, que los turistas que compren un veh\u00edculo en Panam\u00e1, no podr\u00e1n conducir dicho veh\u00edculo fuera del Pa\u00eds. A continuaci\u00f3n mostramos la lista de requisitos b\u00e1sicos para obtener la [&hellip;]\" \/>\n<meta property=\"og:url\" content=\"https:\/\/www.relofirm.com\/es\/conducir-un-vehiculo-con-placa-de-panama-hacia-otro-pais\/\" \/>\n<meta property=\"og:site_name\" content=\"International Relocation Firm\" \/>\n<meta property=\"article:publisher\" content=\"https:\/\/www.facebook.com\/ReloFirm\/\" \/>\n<meta property=\"article:modified_time\" content=\"2020-01-16T19:39:25+00:00\" \/>\n<meta name=\"twitter:label1\" content=\"Tiempo de lectura\" \/>\n\t<meta name=\"twitter:data1\" content=\"2 minutos\" \/>\n<!-- \/ Yoast SEO plugin. -->","yoast_head_json":{"title":"Conducir un Vehiculo con Placa de Panama Hacia Otro Pais - International Relocation Firm","robots":{"index":"index","follow":"follow","max-snippet":"max-snippet:-1","max-image-preview":"max-image-preview:large","max-video-preview":"max-video-preview:-1"},"canonical":"https:\/\/www.relofirm.com\/es\/conducir-un-vehiculo-con-placa-de-panama-hacia-otro-pais\/","og_locale":"es_ES","og_type":"article","og_title":"Conducir un Vehiculo con Placa de Panama Hacia Otro Pais - International Relocation Firm","og_description":"Desde Octubre del a\u00f1o 2010, el Gobierno de Panam\u00e1 no permite que los ciudadanos no-residentes conduzcan un veh\u00edculo registrado en Panam\u00e1 hacia otro Pa\u00eds. Eso quiere decir, que los turistas que compren un veh\u00edculo en Panam\u00e1, no podr\u00e1n conducir dicho veh\u00edculo fuera del Pa\u00eds. A continuaci\u00f3n mostramos la lista de requisitos b\u00e1sicos para obtener la [&hellip;]","og_url":"https:\/\/www.relofirm.com\/es\/conducir-un-vehiculo-con-placa-de-panama-hacia-otro-pais\/","og_site_name":"International Relocation Firm","article_publisher":"https:\/\/www.facebook.com\/ReloFirm\/","article_modified_time":"2020-01-16T19:39:25+00:00","twitter_misc":{"Tiempo de lectura":"2 minutos"},"schema":{"@context":"https:\/\/schema.org","@graph":[{"@type":"Organization","@id":"https:\/\/www.relofirm.com\/#organization","name":"International Relocation Firm","url":"https:\/\/www.relofirm.com\/","sameAs":["https:\/\/www.facebook.com\/ReloFirm\/","https:\/\/www.linkedin.com\/company\/relo-firm","https:\/\/twitter.com\/polslegal"],"logo":{"@type":"ImageObject","@id":"https:\/\/www.relofirm.com\/#logo","inLanguage":"es","url":"https:\/\/www.relofirm.com\/wp-content\/uploads\/2021\/11\/relofirm-logo.svg","contentUrl":"https:\/\/www.relofirm.com\/wp-content\/uploads\/2021\/11\/relofirm-logo.svg","width":1485,"height":516,"caption":"International Relocation Firm"},"image":{"@id":"https:\/\/www.relofirm.com\/#logo"}},{"@type":"WebSite","@id":"https:\/\/www.relofirm.com\/#website","url":"https:\/\/www.relofirm.com\/","name":"International Relocation Firm","description":"","publisher":{"@id":"https:\/\/www.relofirm.com\/#organization"},"potentialAction":[{"@type":"SearchAction","target":{"@type":"EntryPoint","urlTemplate":"https:\/\/www.relofirm.com\/?s={search_term_string}"},"query-input":"required name=search_term_string"}],"inLanguage":"es"},{"@type":"WebPage","@id":"https:\/\/www.relofirm.com\/es\/conducir-un-vehiculo-con-placa-de-panama-hacia-otro-pais\/#webpage","url":"https:\/\/www.relofirm.com\/es\/conducir-un-vehiculo-con-placa-de-panama-hacia-otro-pais\/","name":"Conducir un Vehiculo con Placa de Panama Hacia Otro Pais - International Relocation Firm","isPartOf":{"@id":"https:\/\/www.relofirm.com\/#website"},"datePublished":"2016-03-27T05:00:00+00:00","dateModified":"2020-01-16T19:39:25+00:00","breadcrumb":{"@id":"https:\/\/www.relofirm.com\/es\/conducir-un-vehiculo-con-placa-de-panama-hacia-otro-pais\/#breadcrumb"},"inLanguage":"es","potentialAction":[{"@type":"ReadAction","target":["https:\/\/www.relofirm.com\/es\/conducir-un-vehiculo-con-placa-de-panama-hacia-otro-pais\/"]}]},{"@type":"BreadcrumbList","@id":"https:\/\/www.relofirm.com\/es\/conducir-un-vehiculo-con-placa-de-panama-hacia-otro-pais\/#breadcrumb","itemListElement":[{"@type":"ListItem","position":1,"name":"Home","item":"https:\/\/www.relofirm.com\/es\/"},{"@type":"ListItem","position":2,"name":"Conducir un Vehiculo con Placa de Panama Hacia Otro Pais"}]}]}},"_links":{"self":[{"href":"https:\/\/www.relofirm.com\/es\/wp-json\/wp\/v2\/pages\/7144"}],"collection":[{"href":"https:\/\/www.relofirm.com\/es\/wp-json\/wp\/v2\/pages"}],"about":[{"href":"https:\/\/www.relofirm.com\/es\/wp-json\/wp\/v2\/types\/page"}],"author":[{"embeddable":true,"href":"https:\/\/www.relofirm.com\/es\/wp-json\/wp\/v2\/users\/7"}],"replies":[{"embeddable":true,"href":"https:\/\/www.relofirm.com\/es\/wp-json\/wp\/v2\/comments?post=7144"}],"version-history":[{"count":1,"href":"https:\/\/www.relofirm.com\/es\/wp-json\/wp\/v2\/pages\/7144\/revisions"}],"predecessor-version":[{"id":7854,"href":"https:\/\/www.relofirm.com\/es\/wp-json\/wp\/v2\/pages\/7144\/revisions\/7854"}],"wp:attachment":[{"href":"https:\/\/www.relofirm.com\/es\/wp-json\/wp\/v2\/media?parent=7144"}],"curies":[{"name":"wp","href":"https:\/\/api.w.org\/{rel}","templated":true}]}}