{"id":7141,"date":"2016-03-27T00:00:00","date_gmt":"2016-03-27T05:00:00","guid":{"rendered":"https:\/\/relofirm.com\/vehicle_license_plate_in_panama\/"},"modified":"2020-01-16T14:38:04","modified_gmt":"2020-01-16T19:38:04","slug":"como-obtener-una-placa-para-un-vehiculo-nuevo-en-panama","status":"publish","type":"page","link":"https:\/\/www.relofirm.com\/es\/como-obtener-una-placa-para-un-vehiculo-nuevo-en-panama\/","title":{"rendered":"Como Obtener una Placa para un Vehiculo Nuevo en Panama"},"content":{"rendered":"<div class=\"menu-relocation-es-container\"><ul id=\"menu-relocation-es\" class=\"menu\"><li id=\"menu-item-7618\" class=\"menu-item menu-item-type-post_type menu-item-object-page menu-item-has-children menu-item-7618\"><a href=\"https:\/\/www.relofirm.com\/es\/mudarse-a-panama\/\">Mudarse a Panam\u00e1<\/a>\n<ul class=\"sub-menu\">\n\t<li id=\"menu-item-7619\" class=\"menu-item menu-item-type-post_type menu-item-object-page menu-item-7619\"><a href=\"https:\/\/www.relofirm.com\/es\/como-obtener-un-permiso-de-trabajo-panameno\/\">Como Obtener un Permiso de Trabajo Paname\u00f1o<\/a><\/li>\n\t<li id=\"menu-item-239338\" class=\"menu-item menu-item-type-post_type menu-item-object-page menu-item-239338\"><a href=\"https:\/\/www.relofirm.com\/es\/ciudadania-panamena\/\">Como Obtener Ciudadan\u00eda Paname\u00f1a<\/a><\/li>\n\t<li id=\"menu-item-7620\" class=\"menu-item menu-item-type-post_type menu-item-object-page menu-item-7620\"><a href=\"https:\/\/www.relofirm.com\/es\/lista-de-las-mejores-escuelas-en-panama\/\">Lista de las Mejores Escuelas en Panam\u00e1<\/a><\/li>\n\t<li id=\"menu-item-7621\" class=\"menu-item menu-item-type-post_type menu-item-object-page menu-item-7621\"><a href=\"https:\/\/www.relofirm.com\/es\/hospitales-en-panama\/\">Hospitales en Panama<\/a><\/li>\n\t<li id=\"menu-item-7622\" class=\"menu-item menu-item-type-post_type menu-item-object-page menu-item-7622\"><a href=\"https:\/\/www.relofirm.com\/es\/como-comprar-un-arma-en-panama\/\">Como Comprar un Arma en Panama<\/a><\/li>\n\t<li id=\"menu-item-7623\" class=\"menu-item menu-item-type-post_type menu-item-object-page menu-item-7623\"><a href=\"https:\/\/www.relofirm.com\/es\/como-importar-armas-a-panama\/\">Como Importar Armas a Panama<\/a><\/li>\n\t<li id=\"menu-item-7624\" class=\"menu-item menu-item-type-post_type menu-item-object-page menu-item-7624\"><a href=\"https:\/\/www.relofirm.com\/es\/como-obtener-una-licencia-de-conducir-en-panama\/\">Como Obtener una Licencia de Conducir en Panama<\/a><\/li>\n\t<li id=\"menu-item-7625\" class=\"menu-item menu-item-type-post_type menu-item-object-page menu-item-7625\"><a href=\"https:\/\/www.relofirm.com\/es\/procedimiento-para-el-registro-de-vehiculos\/\">Procedimiento para el Registro de Veh\u00edculos<\/a><\/li>\n\t<li id=\"menu-item-7626\" class=\"menu-item menu-item-type-post_type menu-item-object-page menu-item-7626\"><a href=\"https:\/\/www.relofirm.com\/es\/conduciendo-en-panama\/\">Conduciendo en Panama<\/a><\/li>\n\t<li id=\"menu-item-7627\" class=\"menu-item menu-item-type-post_type menu-item-object-page menu-item-7627\"><a href=\"https:\/\/www.relofirm.com\/es\/cajas-de-seguridad-en-panama\/\">Cajas de Seguridad en Panam\u00e1<\/a><\/li>\n\t<li id=\"menu-item-7628\" class=\"menu-item menu-item-type-post_type menu-item-object-page menu-item-7628\"><a href=\"https:\/\/www.relofirm.com\/es\/contractacion-de-personal-domestico-en-panama\/\">Contractacion de Personal Domestico en Panama<\/a><\/li>\n\t<li id=\"menu-item-7629\" class=\"menu-item menu-item-type-post_type menu-item-object-page menu-item-7629\"><a href=\"https:\/\/www.relofirm.com\/es\/casarse-en-panama\/\">Casarse en Panam\u00e1<\/a><\/li>\n\t<li id=\"menu-item-7630\" class=\"menu-item menu-item-type-post_type menu-item-object-page menu-item-7630\"><a href=\"https:\/\/www.relofirm.com\/es\/divorciarse-en-panama\/\">Divorciarse en Panama<\/a><\/li>\n\t<li id=\"menu-item-7631\" class=\"menu-item menu-item-type-post_type menu-item-object-page menu-item-7631\"><a href=\"https:\/\/www.relofirm.com\/es\/como-contratar-los-servicios-de-electricidad-gas-y-agua-en-panama\/\">Como Contratar los Servicios de Electricidad, Gas y Agua en Panama<\/a><\/li>\n\t<li id=\"menu-item-7632\" class=\"menu-item menu-item-type-post_type menu-item-object-page menu-item-7632\"><a href=\"https:\/\/www.relofirm.com\/es\/obtenga-en-telefono-celular-en-panama\/\">Obtenga en Telefono Celular en Panama<\/a><\/li>\n\t<li id=\"menu-item-7633\" class=\"menu-item menu-item-type-post_type menu-item-object-page menu-item-7633\"><a href=\"https:\/\/www.relofirm.com\/es\/como-recibir-correspondencia-en-panama\/\">Como Recibir Correspondencia en Panama<\/a><\/li>\n\t<li id=\"menu-item-7634\" class=\"menu-item menu-item-type-post_type menu-item-object-page menu-item-7634\"><a href=\"https:\/\/www.relofirm.com\/es\/como-importar-su-carro-y-articulos-del-hogar-a-panama\/\">Como Importar su Carro y Articulos del Hogar a Panama Libre de Impuesto, en Calidad de Pensionado<\/a><\/li>\n\t<li id=\"menu-item-7635\" class=\"menu-item menu-item-type-post_type menu-item-object-page menu-item-7635\"><a href=\"https:\/\/www.relofirm.com\/es\/como-obtener-una-placa-para-un-vehiculo-nuevo-en-panama\/\">Como Obtener una Placa para un Vehiculo Nuevo en Panama<\/a><\/li>\n\t<li id=\"menu-item-7636\" class=\"menu-item menu-item-type-post_type menu-item-object-page menu-item-7636\"><a href=\"https:\/\/www.relofirm.com\/es\/como-obtener-un-seguro-para-vehiculos-en-panama\/\">Como Obtener un Seguro para Vehiculos en Panama<\/a><\/li>\n\t<li id=\"menu-item-7637\" class=\"menu-item menu-item-type-post_type menu-item-object-page menu-item-7637\"><a href=\"https:\/\/www.relofirm.com\/es\/tener-un-bebe-en-panama\/\">Tener un Bebe en Panama<\/a><\/li>\n\t<li id=\"menu-item-7638\" class=\"menu-item menu-item-type-post_type menu-item-object-page menu-item-7638\"><a href=\"https:\/\/www.relofirm.com\/es\/conducir-un-vehiculo-con-placa-de-panama-hacia-otro-pais\/\">Conducir un Vehiculo con Placa de Panama Hacia Otro Pais<\/a><\/li>\n<\/ul>\n<\/li>\n<\/ul><\/div>\n<p>Si Usted compra un veh\u00edculo nuevo o usado en un concesionario de veh\u00edculos en Panam\u00e1, ellos se encargar\u00e1n de todo el trabajo del papeleo, <a href=\"https:\/\/www.relofirm.com\/es\/corporation_vehicle_registration\">registro del veh\u00edculo<\/a> y la obtenci\u00f3n de la matr\u00edcula.<\/p>\n<p>Si Usted le compra directamente a un individuo, lo recomendable es que Usted vaya directamente con \u00c9l o Ella al Municipio de Panam\u00e1 donde el veh\u00edculo ha sido registrado y hacer el traspaso de propiedad. Los veh\u00edculos usados deber\u00e1n tener al d\u00eda la placa y la etiqueta anual.<\/p>\n<h2>Documentos Requeridos para la Placa Nuevo<\/h2>\n<p>Usted deber\u00e1 traer los siguientes documentos:<\/p>\n<ul>\n<li>Fotocopia del Documento de Identificaci\u00f3n del due\u00f1o original del veh\u00edculo.<\/li>\n<li>Tarjeta municipal de transferencia de propiedad firmada por el due\u00f1o.<\/li>\n<li>Copia de Documento de Identificaci\u00f3n.<\/li>\n<li>Certificaci\u00f3n de inspecci\u00f3n vehicular del a\u00f1o en curso.<\/li>\n<li>Certificado del Registro \u00danico Vehicular.<\/li>\n<li>Paz y Salvo del due\u00f1o en el Municipio de Panama. (Debe mostrar que no se le adeuda nada al Gobierno)<\/li>\n<li>Pago del Impuesto Municipal del Permiso Nacional de Circulaci\u00f3n que emiti\u00f3 la matr\u00edcula.<\/li>\n<\/ul>\n<p>Una vez que esos documentos sean presentados en el Municipio de Panam\u00e1, se har\u00e1 la transferencia de propiedad oficial.<\/p>\n<h2>Renovaci\u00f3n de placas vehiculares o etiquetas en Panama<\/h2>\n<p>Las placas de los veh\u00edculos deben ser renovadas anualmente en Panam\u00e1.<\/p>\n<p>Una inspecci\u00f3n vehicular ser\u00e1 requerida para renovar la placa del veh\u00edculo. La inspecci\u00f3n ser\u00e1 realizada en un garaje autorizado por la Autoridad de Tr\u00e1nsito y Transporte Terrestre (ATTT).<\/p>\n<p>La inspecci\u00f3n del veh\u00edculo implica probar los frenos, luces y condiciones generales del veh\u00edculo. Los problemas podr\u00e1n ser advertidos y se requerir\u00e1 un re-chequeo (gratuito) vehicular.<\/p>\n<p>Una vez que sea pasado el chequeo vehicular, el Certificado de Revisado Vehicular ser\u00e1 firmado y se le estampar\u00e1 un sello.<br \/>\nPosteriormente, deber\u00e1 ir al municipio m\u00e1s cercano (Oficina Municipal)<\/p>\n<p>Aqu\u00ed le dejamos el enlace del Municipio de la Ciudad de Panam\u00e1.<\/p>\n<p><strong>Entregue la siguiente documentaci\u00f3n:<\/strong><\/p>\n<ul>\n<li>Certificado del Registro \u00danico Vehicular<\/li>\n<li>Si lo dispone, el certificado previo del veh\u00edculo antes de realizarse la inspecci\u00f3n y la constancia m\u00e1s reciente de que el veh\u00edculo se encuentra asegurado.<\/li>\n<li>Paz y Salvo que indique que no existen multas pendientes de pago o multas gubernamentales.<\/li>\n<li>Usted podr\u00e1 descargar Aqu\u00ed el formato de Paz y Salvo.<\/li>\n<li>Pago de los honorarios requeridos.<\/li>\n<\/ul>\n<p>La Oficina Municipal emitir\u00e1 entonces una nueva matr\u00edcula o una nueva etiqueta para colocarle a la matr\u00edcula anterior.<\/p>\n<p>Si desea <a href=\"https:\/\/www.relofirm.com\/es\/panama_relocation\">mudarse a Panam\u00e1<\/a>, por favor Cont\u00e1ctenos y gustosamente le brindaremos la asesor\u00eda y asistencia en el tr\u00e1mite de Inmigraci\u00f3n en Panam\u00e1.<\/p>\n","protected":false},"excerpt":{"rendered":"<p>Si Usted compra un veh\u00edculo nuevo o usado en un concesionario de veh\u00edculos en Panam\u00e1, ellos se encargar\u00e1n de todo el trabajo del papeleo, registro del veh\u00edculo y la obtenci\u00f3n de la matr\u00edcula. Si Usted le compra directamente a un individuo, lo recomendable es que Usted vaya directamente con \u00c9l o Ella al Municipio de [&hellip;]<\/p>\n","protected":false},"author":7,"featured_media":0,"parent":0,"menu_order":0,"comment_status":"open","ping_status":"open","template":"","meta":{"_et_pb_use_builder":"","_et_pb_old_content":"","_et_gb_content_width":"","inline_featured_image":false},"yoast_head":"<!-- This site is optimized with the Yoast SEO plugin v18.5.1 - https:\/\/yoast.com\/wordpress\/plugins\/seo\/ -->\n<title>Como Obtener una Placa para un Vehiculo Nuevo en Panama - International Relocation Firm<\/title>\n<meta name=\"robots\" content=\"index, follow, max-snippet:-1, max-image-preview:large, max-video-preview:-1\" \/>\n<link rel=\"canonical\" href=\"https:\/\/www.relofirm.com\/es\/como-obtener-una-placa-para-un-vehiculo-nuevo-en-panama\/\" \/>\n<meta property=\"og:locale\" content=\"es_ES\" \/>\n<meta property=\"og:type\" content=\"article\" \/>\n<meta property=\"og:title\" content=\"Como Obtener una Placa para un Vehiculo Nuevo en Panama - International Relocation Firm\" \/>\n<meta property=\"og:description\" content=\"Si Usted compra un veh\u00edculo nuevo o usado en un concesionario de veh\u00edculos en Panam\u00e1, ellos se encargar\u00e1n de todo el trabajo del papeleo, registro del veh\u00edculo y la obtenci\u00f3n de la matr\u00edcula. Si Usted le compra directamente a un individuo, lo recomendable es que Usted vaya directamente con \u00c9l o Ella al Municipio de [&hellip;]\" \/>\n<meta property=\"og:url\" content=\"https:\/\/www.relofirm.com\/es\/como-obtener-una-placa-para-un-vehiculo-nuevo-en-panama\/\" \/>\n<meta property=\"og:site_name\" content=\"International Relocation Firm\" \/>\n<meta property=\"article:publisher\" content=\"https:\/\/www.facebook.com\/ReloFirm\/\" \/>\n<meta property=\"article:modified_time\" content=\"2020-01-16T19:38:04+00:00\" \/>\n<meta name=\"twitter:label1\" content=\"Tiempo de lectura\" \/>\n\t<meta name=\"twitter:data1\" content=\"2 minutos\" \/>\n<!-- \/ Yoast SEO plugin. -->","yoast_head_json":{"title":"Como Obtener una Placa para un Vehiculo Nuevo en Panama - International Relocation Firm","robots":{"index":"index","follow":"follow","max-snippet":"max-snippet:-1","max-image-preview":"max-image-preview:large","max-video-preview":"max-video-preview:-1"},"canonical":"https:\/\/www.relofirm.com\/es\/como-obtener-una-placa-para-un-vehiculo-nuevo-en-panama\/","og_locale":"es_ES","og_type":"article","og_title":"Como Obtener una Placa para un Vehiculo Nuevo en Panama - International Relocation Firm","og_description":"Si Usted compra un veh\u00edculo nuevo o usado en un concesionario de veh\u00edculos en Panam\u00e1, ellos se encargar\u00e1n de todo el trabajo del papeleo, registro del veh\u00edculo y la obtenci\u00f3n de la matr\u00edcula. Si Usted le compra directamente a un individuo, lo recomendable es que Usted vaya directamente con \u00c9l o Ella al Municipio de [&hellip;]","og_url":"https:\/\/www.relofirm.com\/es\/como-obtener-una-placa-para-un-vehiculo-nuevo-en-panama\/","og_site_name":"International Relocation Firm","article_publisher":"https:\/\/www.facebook.com\/ReloFirm\/","article_modified_time":"2020-01-16T19:38:04+00:00","twitter_misc":{"Tiempo de lectura":"2 minutos"},"schema":{"@context":"https:\/\/schema.org","@graph":[{"@type":"Organization","@id":"https:\/\/www.relofirm.com\/#organization","name":"International Relocation Firm","url":"https:\/\/www.relofirm.com\/","sameAs":["https:\/\/www.facebook.com\/ReloFirm\/","https:\/\/www.linkedin.com\/company\/relo-firm","https:\/\/twitter.com\/polslegal"],"logo":{"@type":"ImageObject","@id":"https:\/\/www.relofirm.com\/#logo","inLanguage":"es","url":"https:\/\/www.relofirm.com\/wp-content\/uploads\/2021\/11\/relofirm-logo.svg","contentUrl":"https:\/\/www.relofirm.com\/wp-content\/uploads\/2021\/11\/relofirm-logo.svg","width":1485,"height":516,"caption":"International Relocation Firm"},"image":{"@id":"https:\/\/www.relofirm.com\/#logo"}},{"@type":"WebSite","@id":"https:\/\/www.relofirm.com\/#website","url":"https:\/\/www.relofirm.com\/","name":"International Relocation Firm","description":"","publisher":{"@id":"https:\/\/www.relofirm.com\/#organization"},"potentialAction":[{"@type":"SearchAction","target":{"@type":"EntryPoint","urlTemplate":"https:\/\/www.relofirm.com\/?s={search_term_string}"},"query-input":"required name=search_term_string"}],"inLanguage":"es"},{"@type":"WebPage","@id":"https:\/\/www.relofirm.com\/es\/como-obtener-una-placa-para-un-vehiculo-nuevo-en-panama\/#webpage","url":"https:\/\/www.relofirm.com\/es\/como-obtener-una-placa-para-un-vehiculo-nuevo-en-panama\/","name":"Como Obtener una Placa para un Vehiculo Nuevo en Panama - International Relocation Firm","isPartOf":{"@id":"https:\/\/www.relofirm.com\/#website"},"datePublished":"2016-03-27T05:00:00+00:00","dateModified":"2020-01-16T19:38:04+00:00","breadcrumb":{"@id":"https:\/\/www.relofirm.com\/es\/como-obtener-una-placa-para-un-vehiculo-nuevo-en-panama\/#breadcrumb"},"inLanguage":"es","potentialAction":[{"@type":"ReadAction","target":["https:\/\/www.relofirm.com\/es\/como-obtener-una-placa-para-un-vehiculo-nuevo-en-panama\/"]}]},{"@type":"BreadcrumbList","@id":"https:\/\/www.relofirm.com\/es\/como-obtener-una-placa-para-un-vehiculo-nuevo-en-panama\/#breadcrumb","itemListElement":[{"@type":"ListItem","position":1,"name":"Home","item":"https:\/\/www.relofirm.com\/es\/"},{"@type":"ListItem","position":2,"name":"Como Obtener una Placa para un Vehiculo Nuevo en Panama"}]}]}},"_links":{"self":[{"href":"https:\/\/www.relofirm.com\/es\/wp-json\/wp\/v2\/pages\/7141"}],"collection":[{"href":"https:\/\/www.relofirm.com\/es\/wp-json\/wp\/v2\/pages"}],"about":[{"href":"https:\/\/www.relofirm.com\/es\/wp-json\/wp\/v2\/types\/page"}],"author":[{"embeddable":true,"href":"https:\/\/www.relofirm.com\/es\/wp-json\/wp\/v2\/users\/7"}],"replies":[{"embeddable":true,"href":"https:\/\/www.relofirm.com\/es\/wp-json\/wp\/v2\/comments?post=7141"}],"version-history":[{"count":1,"href":"https:\/\/www.relofirm.com\/es\/wp-json\/wp\/v2\/pages\/7141\/revisions"}],"predecessor-version":[{"id":7847,"href":"https:\/\/www.relofirm.com\/es\/wp-json\/wp\/v2\/pages\/7141\/revisions\/7847"}],"wp:attachment":[{"href":"https:\/\/www.relofirm.com\/es\/wp-json\/wp\/v2\/media?parent=7141"}],"curies":[{"name":"wp","href":"https:\/\/api.w.org\/{rel}","templated":true}]}}