{"id":7139,"date":"2016-03-27T00:00:00","date_gmt":"2016-03-27T05:00:00","guid":{"rendered":"https:\/\/relofirm.com\/how_to_receive_mail_in_panama\/"},"modified":"2020-01-16T14:38:22","modified_gmt":"2020-01-16T19:38:22","slug":"como-recibir-correspondencia-en-panama","status":"publish","type":"page","link":"https:\/\/www.relofirm.com\/es\/como-recibir-correspondencia-en-panama\/","title":{"rendered":"Como Recibir Correspondencia en Panama"},"content":{"rendered":"<div class=\"menu-relocation-es-container\"><ul id=\"menu-relocation-es\" class=\"menu\"><li id=\"menu-item-7618\" class=\"menu-item menu-item-type-post_type menu-item-object-page menu-item-has-children menu-item-7618\"><a href=\"https:\/\/www.relofirm.com\/es\/mudarse-a-panama\/\">Mudarse a Panam\u00e1<\/a>\n<ul class=\"sub-menu\">\n\t<li id=\"menu-item-7619\" class=\"menu-item menu-item-type-post_type menu-item-object-page menu-item-7619\"><a href=\"https:\/\/www.relofirm.com\/es\/como-obtener-un-permiso-de-trabajo-panameno\/\">Como Obtener un Permiso de Trabajo Paname\u00f1o<\/a><\/li>\n\t<li id=\"menu-item-239338\" class=\"menu-item menu-item-type-post_type menu-item-object-page menu-item-239338\"><a href=\"https:\/\/www.relofirm.com\/es\/ciudadania-panamena\/\">Como Obtener Ciudadan\u00eda Paname\u00f1a<\/a><\/li>\n\t<li id=\"menu-item-7620\" class=\"menu-item menu-item-type-post_type menu-item-object-page menu-item-7620\"><a href=\"https:\/\/www.relofirm.com\/es\/lista-de-las-mejores-escuelas-en-panama\/\">Lista de las Mejores Escuelas en Panam\u00e1<\/a><\/li>\n\t<li id=\"menu-item-7621\" class=\"menu-item menu-item-type-post_type menu-item-object-page menu-item-7621\"><a href=\"https:\/\/www.relofirm.com\/es\/hospitales-en-panama\/\">Hospitales en Panama<\/a><\/li>\n\t<li id=\"menu-item-7622\" class=\"menu-item menu-item-type-post_type menu-item-object-page menu-item-7622\"><a href=\"https:\/\/www.relofirm.com\/es\/como-comprar-un-arma-en-panama\/\">Como Comprar un Arma en Panama<\/a><\/li>\n\t<li id=\"menu-item-7623\" class=\"menu-item menu-item-type-post_type menu-item-object-page menu-item-7623\"><a href=\"https:\/\/www.relofirm.com\/es\/como-importar-armas-a-panama\/\">Como Importar Armas a Panama<\/a><\/li>\n\t<li id=\"menu-item-7624\" class=\"menu-item menu-item-type-post_type menu-item-object-page menu-item-7624\"><a href=\"https:\/\/www.relofirm.com\/es\/como-obtener-una-licencia-de-conducir-en-panama\/\">Como Obtener una Licencia de Conducir en Panama<\/a><\/li>\n\t<li id=\"menu-item-7625\" class=\"menu-item menu-item-type-post_type menu-item-object-page menu-item-7625\"><a href=\"https:\/\/www.relofirm.com\/es\/procedimiento-para-el-registro-de-vehiculos\/\">Procedimiento para el Registro de Veh\u00edculos<\/a><\/li>\n\t<li id=\"menu-item-7626\" class=\"menu-item menu-item-type-post_type menu-item-object-page menu-item-7626\"><a href=\"https:\/\/www.relofirm.com\/es\/conduciendo-en-panama\/\">Conduciendo en Panama<\/a><\/li>\n\t<li id=\"menu-item-7627\" class=\"menu-item menu-item-type-post_type menu-item-object-page menu-item-7627\"><a href=\"https:\/\/www.relofirm.com\/es\/cajas-de-seguridad-en-panama\/\">Cajas de Seguridad en Panam\u00e1<\/a><\/li>\n\t<li id=\"menu-item-7628\" class=\"menu-item menu-item-type-post_type menu-item-object-page menu-item-7628\"><a href=\"https:\/\/www.relofirm.com\/es\/contractacion-de-personal-domestico-en-panama\/\">Contractacion de Personal Domestico en Panama<\/a><\/li>\n\t<li id=\"menu-item-7629\" class=\"menu-item menu-item-type-post_type menu-item-object-page menu-item-7629\"><a href=\"https:\/\/www.relofirm.com\/es\/casarse-en-panama\/\">Casarse en Panam\u00e1<\/a><\/li>\n\t<li id=\"menu-item-7630\" class=\"menu-item menu-item-type-post_type menu-item-object-page menu-item-7630\"><a href=\"https:\/\/www.relofirm.com\/es\/divorciarse-en-panama\/\">Divorciarse en Panama<\/a><\/li>\n\t<li id=\"menu-item-7631\" class=\"menu-item menu-item-type-post_type menu-item-object-page menu-item-7631\"><a href=\"https:\/\/www.relofirm.com\/es\/como-contratar-los-servicios-de-electricidad-gas-y-agua-en-panama\/\">Como Contratar los Servicios de Electricidad, Gas y Agua en Panama<\/a><\/li>\n\t<li id=\"menu-item-7632\" class=\"menu-item menu-item-type-post_type menu-item-object-page menu-item-7632\"><a href=\"https:\/\/www.relofirm.com\/es\/obtenga-en-telefono-celular-en-panama\/\">Obtenga en Telefono Celular en Panama<\/a><\/li>\n\t<li id=\"menu-item-7633\" class=\"menu-item menu-item-type-post_type menu-item-object-page menu-item-7633\"><a href=\"https:\/\/www.relofirm.com\/es\/como-recibir-correspondencia-en-panama\/\">Como Recibir Correspondencia en Panama<\/a><\/li>\n\t<li id=\"menu-item-7634\" class=\"menu-item menu-item-type-post_type menu-item-object-page menu-item-7634\"><a href=\"https:\/\/www.relofirm.com\/es\/como-importar-su-carro-y-articulos-del-hogar-a-panama\/\">Como Importar su Carro y Articulos del Hogar a Panama Libre de Impuesto, en Calidad de Pensionado<\/a><\/li>\n\t<li id=\"menu-item-7635\" class=\"menu-item menu-item-type-post_type menu-item-object-page menu-item-7635\"><a href=\"https:\/\/www.relofirm.com\/es\/como-obtener-una-placa-para-un-vehiculo-nuevo-en-panama\/\">Como Obtener una Placa para un Vehiculo Nuevo en Panama<\/a><\/li>\n\t<li id=\"menu-item-7636\" class=\"menu-item menu-item-type-post_type menu-item-object-page menu-item-7636\"><a href=\"https:\/\/www.relofirm.com\/es\/como-obtener-un-seguro-para-vehiculos-en-panama\/\">Como Obtener un Seguro para Vehiculos en Panama<\/a><\/li>\n\t<li id=\"menu-item-7637\" class=\"menu-item menu-item-type-post_type menu-item-object-page menu-item-7637\"><a href=\"https:\/\/www.relofirm.com\/es\/tener-un-bebe-en-panama\/\">Tener un Bebe en Panama<\/a><\/li>\n\t<li id=\"menu-item-7638\" class=\"menu-item menu-item-type-post_type menu-item-object-page menu-item-7638\"><a href=\"https:\/\/www.relofirm.com\/es\/conducir-un-vehiculo-con-placa-de-panama-hacia-otro-pais\/\">Conducir un Vehiculo con Placa de Panama Hacia Otro Pais<\/a><\/li>\n<\/ul>\n<\/li>\n<\/ul><\/div>\n<p>La recepci\u00f3n de la correspondencia en Panam\u00e1 puede ser algo frustrante, pues a diferencia de los Estados Unidos de Norteam\u00e9rica, en Panam\u00e1 no se cuenta con un sistema de entrega a domicilio. En la mayor\u00eda de los barrios que existen en Ciudad de Panam\u00e1, las casas no cuentan con n\u00fameros ni los edificios de apartamentos. Adem\u00e1s, no existe un sistema de c\u00f3digo postal, lo cual confunde a los remitentes de Estados Unidos, quienes asumen que en el mundo entero existen C\u00f3digos Postales como ellos lo tienen.<\/p>\n<p>La mayor\u00eda de las personas que residen en Panam\u00e1 alquilan un buz\u00f3n en la Oficina Postal de Panam\u00e1, sin embargo, el correo a menudo se extrav\u00eda o lo ubican fuera de lugar en un buz\u00f3n equivocado, por lo tanto, no es un sistema confiable.<\/p>\n<p>Mensualmente, las facturas de servicio el\u00e9ctrico en Ciudad de Panam\u00e1 se dejan en las entradas de los edificios de apartamentos, las cuales pueden extraviarse o entregarse erradamente, forzando a los clientes a utilizar cada vez m\u00e1s los servicios de facturaci\u00f3n y pagos en l\u00ednea.<\/p>\n<h2>Ejemplo de c\u00f3mo es la etiqueta la factura del servicio el\u00e9ctrico<\/h2>\n<p>A continuaci\u00f3n mostramos un ejemplo de c\u00f3mo es la etiqueta la factura del servicio el\u00e9ctrico:<\/p>\n<p>William Stuart<br \/>\nBella Vista, 42 Este. PH Aguamarina Azul<br \/>\n#2-18 Apt-4B<br \/>\nCl Ave. Rep. Bolivia Otro Lado UDI.<\/p>\n<p>Esto lo que significa es que la oficina de correos sabe que la direcci\u00f3n est\u00e1 ubicada en el Distrito Bella Vista en la calle 42 Este en la Propiedad Horizontal Edificio Agua Azul en el apartamento 4B. El #2-18 se refiere al n\u00famero con el cual se conoci\u00f3 originalmente el edificio, indicando que se encuentra a 2 calles por encima del mar y a 18 pasos de la esquina. La l\u00ednea m\u00e1s importante es la \u00faltima que se\u00f1ala el mensajero, en la cual se dice que el edificio se encuentra cerca del cruce con la calle Avenida Rep\u00fablica de Bolivia, en el otro lado de la Universidad del Istmo.<\/p>\n<p>Esta direcci\u00f3n no es adecuada para el correo actual.<\/p>\n<p>Entonces, como puede Usted estar seguro de que recibir\u00e1 su correspondencia cuando el sistema de direcciones y el buz\u00f3n de oficina postal no es confiable?<\/p>\n<p>Usted puede pagar por el costoso servicio de env\u00edo internacional de empresas como UPS, FedEx, o DHL, quienes le llamaran antes de ir a entregar el paquete en su edificio para que pueda encontrarse con ellos en la entrada o guiarlos hasta la entrada de su edificio. Pero pagar alrededor de cincuenta (50) D\u00f3lares por cada env\u00edo puede resultar algo costoso cuando Usted recibe mucha correspondencia desde su Pa\u00eds de origen.<\/p>\n<h2>Alternativas de Correspondencia\u00a0en Panam\u00e1<\/h2>\n<p>A continuaci\u00f3n le mencionamos algunas alternativas en Panam\u00e1<\/p>\n<p>La compa\u00f1\u00eda Earth Class Mail le proporciona una direcci\u00f3n en los Estados Unidos, la cual puede ser usada para el env\u00edo de correspondencia de los Bancos, Tarjetas de Cr\u00e9dito, Acreedores, etc. Ellos son los mejores para el env\u00edo de correspondencia de tama\u00f1o regular. Ellos podr\u00e1n escanear la etiqueta del paquete que se env\u00eda y se puede publicar en l\u00ednea para que Usted pueda consultarla cuando desee. Usted podr\u00e1 darle las instrucciones a Ellos sobre qu\u00e9 hacer con su paquete: almacenarlo, reciclarlo, enviarlo a su direcci\u00f3n f\u00edsica, o abrirlo y revisar el contenido. La mayor\u00eda de las personas optan por almacenar los correos para evitarse el costo del reenv\u00edo. Usted podr\u00e1 usar las copias escaneadas para pagar sus facturas y el costo de \u00e9ste servicio se ubica en unos Diez (10) D\u00f3lares mensuales.<\/p>\n<p>Airbox Express es una compa\u00f1\u00eda que le proporciona una direcci\u00f3n en los Estados Unidos que puede ser utilizada para el env\u00edo de correspondencia de los Bancos, Tarjetas de Cr\u00e9dito, Acreedores, etc. Ellos son muy buenos para el env\u00edo de paquetes, pero \u00e9stos no pueden ser escaneados. El paquete ser\u00e1 recibido en Florida y enviado a Panam\u00e1 por v\u00eda a\u00e9rea para luego ser recogido en una de sus oficinas en Ciudad de Panam\u00e1. Usted tambi\u00e9n podr\u00e1 utilizar \u00e9sta compa\u00f1\u00eda para comprar art\u00edculos en l\u00ednea para ser enviados a trav\u00e9s de su direcci\u00f3n en los Estados Unidos y reenviarlo luego a cualquiera de sus oficinas en Ciudad de Panam\u00e1. Adicionalmente, Usted podr\u00e1 realizar env\u00edos desde Panam\u00e1. Los precios por sus servicios son m\u00e1s costosos que Earth Class Mail (2,25 D\u00f3lares por cada 8 onzas), sin embargo, existe la posibilidad de reducir los costos si se contrata un plan, los cuales comienzan en 15 D\u00f3lares.<\/p>\n<p>Mail Boxes es la franquicia m\u00e1s grande en el mundo entero que ofrece servicios de importaci\u00f3n, exportaci\u00f3n, aduaneros, pedidos en l\u00ednea de bienes y productos, faxes, embalajes, junto con equipos de oficinas y suministros de embalajes. Ellos ofrecen una direcci\u00f3n de apartado postal en la Florida con una direcci\u00f3n f\u00edsica en Miami y permite a los clientes extranjeros poder hacer pedidos en l\u00ednea de los productos procedentes de los Estados Unidos para ser enviados a Miami y luego reenviarlos a cualquiera de sus 23 oficinas en Panam\u00e1.<\/p>\n<p>Aeropost es similar a Mail Boxes, ya que le provee un casillero postal en los Estados Unidos y una direcci\u00f3n f\u00edsica, permiti\u00e9ndoles a sus clientes hacer compras en l\u00ednea de productos en los Estados Unidos de Norteam\u00e9rica y entregarlos en una de sus oficinas en Panam\u00e1, luego de pasar los controles aduaneros.<\/p>\n<p>Priority Express ofrece el env\u00edo a\u00e9reo y mar\u00edtimo desde Miami a Panam\u00e1 mediante el servicio puerta a puerta. Esta empresa maneja vol\u00famenes importantes de carga.<\/p>\n<p>International Relocation Firm ofrece el reenv\u00edo de correos a Panam\u00e1. Nuestro servicio de reenv\u00edo corporativo incluye una direcci\u00f3n de casillero corporativo y una direcci\u00f3n f\u00edsica bien sea en Panam\u00e1 o en Miami (Florida) para la recepci\u00f3n de correos o paquetes postales. El costo de nuestros honorarios por dicho servicio es de Trescientos (300) D\u00f3lares al a\u00f1o.<\/p>\n<p>Si desea <a href=\"https:\/\/www.relofirm.com\/es\/panama_relocation\">mudarse a Panama<\/a>, por favor Cont\u00e1ctenos y gustosamente le brindaremos la asesor\u00eda y asistencia en el tr\u00e1mite de Inmigraci\u00f3n en Panam\u00e1.<\/p>\n","protected":false},"excerpt":{"rendered":"<p>La recepci\u00f3n de la correspondencia en Panam\u00e1 puede ser algo frustrante, pues a diferencia de los Estados Unidos de Norteam\u00e9rica, en Panam\u00e1 no se cuenta con un sistema de entrega a domicilio. En la mayor\u00eda de los barrios que existen en Ciudad de Panam\u00e1, las casas no cuentan con n\u00fameros ni los edificios de apartamentos. [&hellip;]<\/p>\n","protected":false},"author":7,"featured_media":0,"parent":0,"menu_order":0,"comment_status":"open","ping_status":"open","template":"","meta":{"_et_pb_use_builder":"","_et_pb_old_content":"","_et_gb_content_width":"","inline_featured_image":false},"yoast_head":"<!-- This site is optimized with the Yoast SEO plugin v18.5.1 - https:\/\/yoast.com\/wordpress\/plugins\/seo\/ -->\n<title>Como Recibir Correspondencia en Panama - International Relocation Firm<\/title>\n<meta name=\"robots\" content=\"index, follow, max-snippet:-1, max-image-preview:large, max-video-preview:-1\" \/>\n<link rel=\"canonical\" href=\"https:\/\/www.relofirm.com\/es\/como-recibir-correspondencia-en-panama\/\" \/>\n<meta property=\"og:locale\" content=\"es_ES\" \/>\n<meta property=\"og:type\" content=\"article\" \/>\n<meta property=\"og:title\" content=\"Como Recibir Correspondencia en Panama - International Relocation Firm\" \/>\n<meta property=\"og:description\" content=\"La recepci\u00f3n de la correspondencia en Panam\u00e1 puede ser algo frustrante, pues a diferencia de los Estados Unidos de Norteam\u00e9rica, en Panam\u00e1 no se cuenta con un sistema de entrega a domicilio. En la mayor\u00eda de los barrios que existen en Ciudad de Panam\u00e1, las casas no cuentan con n\u00fameros ni los edificios de apartamentos. [&hellip;]\" \/>\n<meta property=\"og:url\" content=\"https:\/\/www.relofirm.com\/es\/como-recibir-correspondencia-en-panama\/\" \/>\n<meta property=\"og:site_name\" content=\"International Relocation Firm\" \/>\n<meta property=\"article:publisher\" content=\"https:\/\/www.facebook.com\/ReloFirm\/\" \/>\n<meta property=\"article:modified_time\" content=\"2020-01-16T19:38:22+00:00\" \/>\n<meta name=\"twitter:label1\" content=\"Tiempo de lectura\" \/>\n\t<meta name=\"twitter:data1\" content=\"5 minutos\" \/>\n<!-- \/ Yoast SEO plugin. -->","yoast_head_json":{"title":"Como Recibir Correspondencia en Panama - International Relocation Firm","robots":{"index":"index","follow":"follow","max-snippet":"max-snippet:-1","max-image-preview":"max-image-preview:large","max-video-preview":"max-video-preview:-1"},"canonical":"https:\/\/www.relofirm.com\/es\/como-recibir-correspondencia-en-panama\/","og_locale":"es_ES","og_type":"article","og_title":"Como Recibir Correspondencia en Panama - International Relocation Firm","og_description":"La recepci\u00f3n de la correspondencia en Panam\u00e1 puede ser algo frustrante, pues a diferencia de los Estados Unidos de Norteam\u00e9rica, en Panam\u00e1 no se cuenta con un sistema de entrega a domicilio. En la mayor\u00eda de los barrios que existen en Ciudad de Panam\u00e1, las casas no cuentan con n\u00fameros ni los edificios de apartamentos. [&hellip;]","og_url":"https:\/\/www.relofirm.com\/es\/como-recibir-correspondencia-en-panama\/","og_site_name":"International Relocation Firm","article_publisher":"https:\/\/www.facebook.com\/ReloFirm\/","article_modified_time":"2020-01-16T19:38:22+00:00","twitter_misc":{"Tiempo de lectura":"5 minutos"},"schema":{"@context":"https:\/\/schema.org","@graph":[{"@type":"Organization","@id":"https:\/\/www.relofirm.com\/#organization","name":"International Relocation Firm","url":"https:\/\/www.relofirm.com\/","sameAs":["https:\/\/www.facebook.com\/ReloFirm\/","https:\/\/www.linkedin.com\/company\/relo-firm","https:\/\/twitter.com\/polslegal"],"logo":{"@type":"ImageObject","@id":"https:\/\/www.relofirm.com\/#logo","inLanguage":"es","url":"https:\/\/www.relofirm.com\/wp-content\/uploads\/2021\/11\/relofirm-logo.svg","contentUrl":"https:\/\/www.relofirm.com\/wp-content\/uploads\/2021\/11\/relofirm-logo.svg","width":1485,"height":516,"caption":"International Relocation Firm"},"image":{"@id":"https:\/\/www.relofirm.com\/#logo"}},{"@type":"WebSite","@id":"https:\/\/www.relofirm.com\/#website","url":"https:\/\/www.relofirm.com\/","name":"International Relocation Firm","description":"","publisher":{"@id":"https:\/\/www.relofirm.com\/#organization"},"potentialAction":[{"@type":"SearchAction","target":{"@type":"EntryPoint","urlTemplate":"https:\/\/www.relofirm.com\/?s={search_term_string}"},"query-input":"required name=search_term_string"}],"inLanguage":"es"},{"@type":"WebPage","@id":"https:\/\/www.relofirm.com\/es\/como-recibir-correspondencia-en-panama\/#webpage","url":"https:\/\/www.relofirm.com\/es\/como-recibir-correspondencia-en-panama\/","name":"Como Recibir Correspondencia en Panama - International Relocation Firm","isPartOf":{"@id":"https:\/\/www.relofirm.com\/#website"},"datePublished":"2016-03-27T05:00:00+00:00","dateModified":"2020-01-16T19:38:22+00:00","breadcrumb":{"@id":"https:\/\/www.relofirm.com\/es\/como-recibir-correspondencia-en-panama\/#breadcrumb"},"inLanguage":"es","potentialAction":[{"@type":"ReadAction","target":["https:\/\/www.relofirm.com\/es\/como-recibir-correspondencia-en-panama\/"]}]},{"@type":"BreadcrumbList","@id":"https:\/\/www.relofirm.com\/es\/como-recibir-correspondencia-en-panama\/#breadcrumb","itemListElement":[{"@type":"ListItem","position":1,"name":"Home","item":"https:\/\/www.relofirm.com\/es\/"},{"@type":"ListItem","position":2,"name":"Como Recibir Correspondencia en Panama"}]}]}},"_links":{"self":[{"href":"https:\/\/www.relofirm.com\/es\/wp-json\/wp\/v2\/pages\/7139"}],"collection":[{"href":"https:\/\/www.relofirm.com\/es\/wp-json\/wp\/v2\/pages"}],"about":[{"href":"https:\/\/www.relofirm.com\/es\/wp-json\/wp\/v2\/types\/page"}],"author":[{"embeddable":true,"href":"https:\/\/www.relofirm.com\/es\/wp-json\/wp\/v2\/users\/7"}],"replies":[{"embeddable":true,"href":"https:\/\/www.relofirm.com\/es\/wp-json\/wp\/v2\/comments?post=7139"}],"version-history":[{"count":1,"href":"https:\/\/www.relofirm.com\/es\/wp-json\/wp\/v2\/pages\/7139\/revisions"}],"predecessor-version":[{"id":7850,"href":"https:\/\/www.relofirm.com\/es\/wp-json\/wp\/v2\/pages\/7139\/revisions\/7850"}],"wp:attachment":[{"href":"https:\/\/www.relofirm.com\/es\/wp-json\/wp\/v2\/media?parent=7139"}],"curies":[{"name":"wp","href":"https:\/\/api.w.org\/{rel}","templated":true}]}}