{"id":7135,"date":"2016-03-23T00:00:00","date_gmt":"2016-03-23T05:00:00","guid":{"rendered":"https:\/\/relofirm.com\/how_to_get_married_in_panama\/"},"modified":"2020-01-16T14:32:45","modified_gmt":"2020-01-16T19:32:45","slug":"casarse-en-panama","status":"publish","type":"page","link":"https:\/\/www.relofirm.com\/es\/casarse-en-panama\/","title":{"rendered":"Casarse en Panam\u00e1"},"content":{"rendered":"<div class=\"menu-relocation-es-container\"><ul id=\"menu-relocation-es\" class=\"menu\"><li id=\"menu-item-7618\" class=\"menu-item menu-item-type-post_type menu-item-object-page menu-item-has-children menu-item-7618\"><a href=\"https:\/\/www.relofirm.com\/es\/mudarse-a-panama\/\">Mudarse a Panam\u00e1<\/a>\n<ul class=\"sub-menu\">\n\t<li id=\"menu-item-7619\" class=\"menu-item menu-item-type-post_type menu-item-object-page menu-item-7619\"><a href=\"https:\/\/www.relofirm.com\/es\/como-obtener-un-permiso-de-trabajo-panameno\/\">Como Obtener un Permiso de Trabajo Paname\u00f1o<\/a><\/li>\n\t<li id=\"menu-item-239338\" class=\"menu-item menu-item-type-post_type menu-item-object-page menu-item-239338\"><a href=\"https:\/\/www.relofirm.com\/es\/ciudadania-panamena\/\">Como Obtener Ciudadan\u00eda Paname\u00f1a<\/a><\/li>\n\t<li id=\"menu-item-7620\" class=\"menu-item menu-item-type-post_type menu-item-object-page menu-item-7620\"><a href=\"https:\/\/www.relofirm.com\/es\/lista-de-las-mejores-escuelas-en-panama\/\">Lista de las Mejores Escuelas en Panam\u00e1<\/a><\/li>\n\t<li id=\"menu-item-7621\" class=\"menu-item menu-item-type-post_type menu-item-object-page menu-item-7621\"><a href=\"https:\/\/www.relofirm.com\/es\/hospitales-en-panama\/\">Hospitales en Panama<\/a><\/li>\n\t<li id=\"menu-item-7622\" class=\"menu-item menu-item-type-post_type menu-item-object-page menu-item-7622\"><a href=\"https:\/\/www.relofirm.com\/es\/como-comprar-un-arma-en-panama\/\">Como Comprar un Arma en Panama<\/a><\/li>\n\t<li id=\"menu-item-7623\" class=\"menu-item menu-item-type-post_type menu-item-object-page menu-item-7623\"><a href=\"https:\/\/www.relofirm.com\/es\/como-importar-armas-a-panama\/\">Como Importar Armas a Panama<\/a><\/li>\n\t<li id=\"menu-item-7624\" class=\"menu-item menu-item-type-post_type menu-item-object-page menu-item-7624\"><a href=\"https:\/\/www.relofirm.com\/es\/como-obtener-una-licencia-de-conducir-en-panama\/\">Como Obtener una Licencia de Conducir en Panama<\/a><\/li>\n\t<li id=\"menu-item-7625\" class=\"menu-item menu-item-type-post_type menu-item-object-page menu-item-7625\"><a href=\"https:\/\/www.relofirm.com\/es\/procedimiento-para-el-registro-de-vehiculos\/\">Procedimiento para el Registro de Veh\u00edculos<\/a><\/li>\n\t<li id=\"menu-item-7626\" class=\"menu-item menu-item-type-post_type menu-item-object-page menu-item-7626\"><a href=\"https:\/\/www.relofirm.com\/es\/conduciendo-en-panama\/\">Conduciendo en Panama<\/a><\/li>\n\t<li id=\"menu-item-7627\" class=\"menu-item menu-item-type-post_type menu-item-object-page menu-item-7627\"><a href=\"https:\/\/www.relofirm.com\/es\/cajas-de-seguridad-en-panama\/\">Cajas de Seguridad en Panam\u00e1<\/a><\/li>\n\t<li id=\"menu-item-7628\" class=\"menu-item menu-item-type-post_type menu-item-object-page menu-item-7628\"><a href=\"https:\/\/www.relofirm.com\/es\/contractacion-de-personal-domestico-en-panama\/\">Contractacion de Personal Domestico en Panama<\/a><\/li>\n\t<li id=\"menu-item-7629\" class=\"menu-item menu-item-type-post_type menu-item-object-page menu-item-7629\"><a href=\"https:\/\/www.relofirm.com\/es\/casarse-en-panama\/\">Casarse en Panam\u00e1<\/a><\/li>\n\t<li id=\"menu-item-7630\" class=\"menu-item menu-item-type-post_type menu-item-object-page menu-item-7630\"><a href=\"https:\/\/www.relofirm.com\/es\/divorciarse-en-panama\/\">Divorciarse en Panama<\/a><\/li>\n\t<li id=\"menu-item-7631\" class=\"menu-item menu-item-type-post_type menu-item-object-page menu-item-7631\"><a href=\"https:\/\/www.relofirm.com\/es\/como-contratar-los-servicios-de-electricidad-gas-y-agua-en-panama\/\">Como Contratar los Servicios de Electricidad, Gas y Agua en Panama<\/a><\/li>\n\t<li id=\"menu-item-7632\" class=\"menu-item menu-item-type-post_type menu-item-object-page menu-item-7632\"><a href=\"https:\/\/www.relofirm.com\/es\/obtenga-en-telefono-celular-en-panama\/\">Obtenga en Telefono Celular en Panama<\/a><\/li>\n\t<li id=\"menu-item-7633\" class=\"menu-item menu-item-type-post_type menu-item-object-page menu-item-7633\"><a href=\"https:\/\/www.relofirm.com\/es\/como-recibir-correspondencia-en-panama\/\">Como Recibir Correspondencia en Panama<\/a><\/li>\n\t<li id=\"menu-item-7634\" class=\"menu-item menu-item-type-post_type menu-item-object-page menu-item-7634\"><a href=\"https:\/\/www.relofirm.com\/es\/como-importar-su-carro-y-articulos-del-hogar-a-panama\/\">Como Importar su Carro y Articulos del Hogar a Panama Libre de Impuesto, en Calidad de Pensionado<\/a><\/li>\n\t<li id=\"menu-item-7635\" class=\"menu-item menu-item-type-post_type menu-item-object-page menu-item-7635\"><a href=\"https:\/\/www.relofirm.com\/es\/como-obtener-una-placa-para-un-vehiculo-nuevo-en-panama\/\">Como Obtener una Placa para un Vehiculo Nuevo en Panama<\/a><\/li>\n\t<li id=\"menu-item-7636\" class=\"menu-item menu-item-type-post_type menu-item-object-page menu-item-7636\"><a href=\"https:\/\/www.relofirm.com\/es\/como-obtener-un-seguro-para-vehiculos-en-panama\/\">Como Obtener un Seguro para Vehiculos en Panama<\/a><\/li>\n\t<li id=\"menu-item-7637\" class=\"menu-item menu-item-type-post_type menu-item-object-page menu-item-7637\"><a href=\"https:\/\/www.relofirm.com\/es\/tener-un-bebe-en-panama\/\">Tener un Bebe en Panama<\/a><\/li>\n\t<li id=\"menu-item-7638\" class=\"menu-item menu-item-type-post_type menu-item-object-page menu-item-7638\"><a href=\"https:\/\/www.relofirm.com\/es\/conducir-un-vehiculo-con-placa-de-panama-hacia-otro-pais\/\">Conducir un Vehiculo con Placa de Panama Hacia Otro Pais<\/a><\/li>\n<\/ul>\n<\/li>\n<\/ul><\/div>\n<p>Panam\u00e1 ofrece una variedad de hermosos paisajes, playas, islas, valles y personas para enamorarse. Muchos extranjeros vienen a Panam\u00e1 para casarse y pasar su luna de miel. Otras personas, mayores de 18 a\u00f1os, de cualquier parte del mundo, vienen a Panam\u00e1 para casarse, pues no se requiere tener la residencia para hacerlo.<\/p>\n<p><span style=\"line-height: 1.5em;\">Con el fin de casarse en Panam\u00e1, deber\u00e1n ser entregados algunos requisitos y documentos.<\/span><\/p>\n<p><span style=\"line-height: 1.5em;\">A continuaci\u00f3n, mencionamos algunos requisitos y procedimientos a seguir para casarse en Panam\u00e1:<\/span><\/p>\n<ul>\n<li>Solicitud de una licencia de matrimonio en la corte m\u00e1s cercana al lugar donde una de las partes viva.<\/li>\n<li>Certificado de salud de ambos contrayentes, lo cual incluir\u00e1 un chequeo f\u00edsico realizado por un m\u00e9dico con licencia m\u00e9dica en Panam\u00e1, y el cual deber\u00e1 ser realizado 15 d\u00edas antes del matrimonio<\/li>\n<li>Las pruebas de laboratorio m\u00e9dico incluyen:\n<ul>\n<li>Conteo sangu\u00edneo completo.<\/li>\n<li>An\u00e1lisis de Orina.<\/li>\n<li>Electroforesis de Hemoglobina.<\/li>\n<li>Enfermedades ven\u00e9reas (VDRL)<\/li>\n<li>Prueba del SIDA (VIH)<\/li>\n<\/ul>\n<\/li>\n<\/ul>\n<ul>\n<li>Certificado de nacimiento de los contrayentes y sus hijos (Si aplica)\n<ul>\n<li>El Certificado de Nacimiento debe ser apostillado, lo cual es una certificaci\u00f3n de los registros p\u00fablicos emitida por el Gobierno del Pa\u00eds de origen que goza de reconocimiento internacional. Los ciudadanos norteamericanos deber\u00e1n obtener \u00e9ste documento en la oficina de la Secretar\u00eda de Estado de los Estados Unidos.<\/li>\n<\/ul>\n<\/li>\n<li><span style=\"line-height: 1.5em;\">Entregue los documentos apostillados en el Ministerio de Relaciones Exteriores de Panam\u00e1.<\/span><\/li>\n<li>Los solteros que deseen casarse no deber\u00e1n entregar un certificado de solter\u00eda. Esto podr\u00e1 ser logrado mediante la firma de una Declaraci\u00f3n Jurada realizada frente a un Notario P\u00fablico de Panam\u00e1 y dos testigos (que no est\u00e9n relacionados) y que confirmen el estado civil y que den constancia de que \u00c9l o Ella siempre han tenido estado civil soltero.<\/li>\n<li>Los contrayentes que sean divorciados o viudos, deber\u00e1n entregar la constancia de divorcio o acta de defunci\u00f3n apostilladas.<\/li>\n<li>La ceremonia de matrimonio debe ser presenciada por dos personas no relacionadas con ninguno de los contrayentes.<\/li>\n<li>Ambas partes deber\u00e1n entregar los documentos anteriormente mencionados y bien sea la tarjeta de identidad de Panam\u00e1 o el pasaporte al Juzgado de Matrimonios de Panam\u00e1 para realizar la ceremonia de matrimonio civil.<\/li>\n<\/ul>\n<p>&nbsp;<\/p>\n<h2>MATRIMONIO CATOLICO \u2013 ROMANO EN PANAMA<\/h2>\n<p><span style=\"line-height: 1.5em;\">La Iglesia Cat\u00f3lica Romana en Panam\u00e1 requiere que sea realizado primero la ceremonia de matrimonio civil. Antes de realizar la boda eclesi\u00e1stica, la pareja deber\u00e1 realizar un curso de preparaci\u00f3n pre-matrimonial, y una vez sea culminado, la pareja recibir\u00e1 un certificado de asistencia. En Ciudad de Panam\u00e1 existen nueve parroquias donde ofrecen \u00e9ste curso en espa\u00f1ol.<\/span><\/p>\n<p>Una vez obtenido el Certificado de Asistencia, la pareja firmar\u00e1 la Declaraci\u00f3n de Matrimonio frente a un sacerdote con dos testigos. La Iglesia tambi\u00e9n querr\u00e1 los Certificados de Bautismo de los contrayentes, emitida por la Iglesia donde se efectuaron los actos bautismales en sus pa\u00edses de origen.<\/p>\n<p>La pareja podr\u00e1 obtener los Certificados de Bautismo autenticados por un Obispo en el Pa\u00eds de origen de alguno.<\/p>\n<p>Finalmente, deber\u00e1 entregarse una copia del Certificado de Matrimonio Civil realizado en Panam\u00e1<\/p>\n<p>Si presenta alguna dificultad para adquirir alguno de \u00e9stos documentos o realizar alguno de los procedimientos descritos aqu\u00ed, por favor contacte nuestra firma International Relocation Firm y gustosamente le brindaremos un presupuesto para la realizaci\u00f3n de \u00e9stos tr\u00e1mites junto con los servicios de reubicaci\u00f3n y de migraci\u00f3n en Panam\u00e1.<\/p>\n","protected":false},"excerpt":{"rendered":"<p>Panam\u00e1 ofrece una variedad de hermosos paisajes, playas, islas, valles y personas para enamorarse. Muchos extranjeros vienen a Panam\u00e1 para casarse y pasar su luna de miel. Otras personas, mayores de 18 a\u00f1os, de cualquier parte del mundo, vienen a Panam\u00e1 para casarse, pues no se requiere tener la residencia para hacerlo. Con el fin [&hellip;]<\/p>\n","protected":false},"author":7,"featured_media":0,"parent":0,"menu_order":0,"comment_status":"open","ping_status":"open","template":"","meta":{"_et_pb_use_builder":"","_et_pb_old_content":"","_et_gb_content_width":"","inline_featured_image":false},"yoast_head":"<!-- This site is optimized with the Yoast SEO plugin v18.5.1 - https:\/\/yoast.com\/wordpress\/plugins\/seo\/ -->\n<title>Casarse en Panam\u00e1 - International Relocation Firm<\/title>\n<meta name=\"robots\" content=\"index, follow, max-snippet:-1, max-image-preview:large, max-video-preview:-1\" \/>\n<link rel=\"canonical\" href=\"https:\/\/www.relofirm.com\/es\/casarse-en-panama\/\" \/>\n<meta property=\"og:locale\" content=\"es_ES\" \/>\n<meta property=\"og:type\" content=\"article\" \/>\n<meta property=\"og:title\" content=\"Casarse en Panam\u00e1 - International Relocation Firm\" \/>\n<meta property=\"og:description\" content=\"Panam\u00e1 ofrece una variedad de hermosos paisajes, playas, islas, valles y personas para enamorarse. Muchos extranjeros vienen a Panam\u00e1 para casarse y pasar su luna de miel. Otras personas, mayores de 18 a\u00f1os, de cualquier parte del mundo, vienen a Panam\u00e1 para casarse, pues no se requiere tener la residencia para hacerlo. Con el fin [&hellip;]\" \/>\n<meta property=\"og:url\" content=\"https:\/\/www.relofirm.com\/es\/casarse-en-panama\/\" \/>\n<meta property=\"og:site_name\" content=\"International Relocation Firm\" \/>\n<meta property=\"article:publisher\" content=\"https:\/\/www.facebook.com\/ReloFirm\/\" \/>\n<meta property=\"article:modified_time\" content=\"2020-01-16T19:32:45+00:00\" \/>\n<meta name=\"twitter:label1\" content=\"Tiempo de lectura\" \/>\n\t<meta name=\"twitter:data1\" content=\"3 minutos\" \/>\n<!-- \/ Yoast SEO plugin. -->","yoast_head_json":{"title":"Casarse en Panam\u00e1 - International Relocation Firm","robots":{"index":"index","follow":"follow","max-snippet":"max-snippet:-1","max-image-preview":"max-image-preview:large","max-video-preview":"max-video-preview:-1"},"canonical":"https:\/\/www.relofirm.com\/es\/casarse-en-panama\/","og_locale":"es_ES","og_type":"article","og_title":"Casarse en Panam\u00e1 - International Relocation Firm","og_description":"Panam\u00e1 ofrece una variedad de hermosos paisajes, playas, islas, valles y personas para enamorarse. Muchos extranjeros vienen a Panam\u00e1 para casarse y pasar su luna de miel. Otras personas, mayores de 18 a\u00f1os, de cualquier parte del mundo, vienen a Panam\u00e1 para casarse, pues no se requiere tener la residencia para hacerlo. Con el fin [&hellip;]","og_url":"https:\/\/www.relofirm.com\/es\/casarse-en-panama\/","og_site_name":"International Relocation Firm","article_publisher":"https:\/\/www.facebook.com\/ReloFirm\/","article_modified_time":"2020-01-16T19:32:45+00:00","twitter_misc":{"Tiempo de lectura":"3 minutos"},"schema":{"@context":"https:\/\/schema.org","@graph":[{"@type":"Organization","@id":"https:\/\/www.relofirm.com\/#organization","name":"International Relocation Firm","url":"https:\/\/www.relofirm.com\/","sameAs":["https:\/\/www.facebook.com\/ReloFirm\/","https:\/\/www.linkedin.com\/company\/relo-firm","https:\/\/twitter.com\/polslegal"],"logo":{"@type":"ImageObject","@id":"https:\/\/www.relofirm.com\/#logo","inLanguage":"es","url":"https:\/\/www.relofirm.com\/wp-content\/uploads\/2021\/11\/relofirm-logo.svg","contentUrl":"https:\/\/www.relofirm.com\/wp-content\/uploads\/2021\/11\/relofirm-logo.svg","width":1485,"height":516,"caption":"International Relocation Firm"},"image":{"@id":"https:\/\/www.relofirm.com\/#logo"}},{"@type":"WebSite","@id":"https:\/\/www.relofirm.com\/#website","url":"https:\/\/www.relofirm.com\/","name":"International Relocation Firm","description":"","publisher":{"@id":"https:\/\/www.relofirm.com\/#organization"},"potentialAction":[{"@type":"SearchAction","target":{"@type":"EntryPoint","urlTemplate":"https:\/\/www.relofirm.com\/?s={search_term_string}"},"query-input":"required name=search_term_string"}],"inLanguage":"es"},{"@type":"WebPage","@id":"https:\/\/www.relofirm.com\/es\/casarse-en-panama\/#webpage","url":"https:\/\/www.relofirm.com\/es\/casarse-en-panama\/","name":"Casarse en Panam\u00e1 - International Relocation Firm","isPartOf":{"@id":"https:\/\/www.relofirm.com\/#website"},"datePublished":"2016-03-23T05:00:00+00:00","dateModified":"2020-01-16T19:32:45+00:00","breadcrumb":{"@id":"https:\/\/www.relofirm.com\/es\/casarse-en-panama\/#breadcrumb"},"inLanguage":"es","potentialAction":[{"@type":"ReadAction","target":["https:\/\/www.relofirm.com\/es\/casarse-en-panama\/"]}]},{"@type":"BreadcrumbList","@id":"https:\/\/www.relofirm.com\/es\/casarse-en-panama\/#breadcrumb","itemListElement":[{"@type":"ListItem","position":1,"name":"Home","item":"https:\/\/www.relofirm.com\/es\/"},{"@type":"ListItem","position":2,"name":"Casarse en Panam\u00e1"}]}]}},"_links":{"self":[{"href":"https:\/\/www.relofirm.com\/es\/wp-json\/wp\/v2\/pages\/7135"}],"collection":[{"href":"https:\/\/www.relofirm.com\/es\/wp-json\/wp\/v2\/pages"}],"about":[{"href":"https:\/\/www.relofirm.com\/es\/wp-json\/wp\/v2\/types\/page"}],"author":[{"embeddable":true,"href":"https:\/\/www.relofirm.com\/es\/wp-json\/wp\/v2\/users\/7"}],"replies":[{"embeddable":true,"href":"https:\/\/www.relofirm.com\/es\/wp-json\/wp\/v2\/comments?post=7135"}],"version-history":[{"count":1,"href":"https:\/\/www.relofirm.com\/es\/wp-json\/wp\/v2\/pages\/7135\/revisions"}],"predecessor-version":[{"id":7815,"href":"https:\/\/www.relofirm.com\/es\/wp-json\/wp\/v2\/pages\/7135\/revisions\/7815"}],"wp:attachment":[{"href":"https:\/\/www.relofirm.com\/es\/wp-json\/wp\/v2\/media?parent=7135"}],"curies":[{"name":"wp","href":"https:\/\/api.w.org\/{rel}","templated":true}]}}