{"id":7134,"date":"2016-03-23T00:00:00","date_gmt":"2016-03-23T05:00:00","guid":{"rendered":"https:\/\/relofirm.com\/how_to_hire_a_panama_maid\/"},"modified":"2020-01-16T14:39:47","modified_gmt":"2020-01-16T19:39:47","slug":"contractacion-de-personal-domestico-en-panama","status":"publish","type":"page","link":"https:\/\/www.relofirm.com\/es\/contractacion-de-personal-domestico-en-panama\/","title":{"rendered":"Contractacion de Personal Domestico en Panama"},"content":{"rendered":"<div class=\"menu-relocation-es-container\"><ul id=\"menu-relocation-es\" class=\"menu\"><li id=\"menu-item-7618\" class=\"menu-item menu-item-type-post_type menu-item-object-page menu-item-has-children menu-item-7618\"><a href=\"https:\/\/www.relofirm.com\/es\/mudarse-a-panama\/\">Mudarse a Panam\u00e1<\/a>\n<ul class=\"sub-menu\">\n\t<li id=\"menu-item-7619\" class=\"menu-item menu-item-type-post_type menu-item-object-page menu-item-7619\"><a href=\"https:\/\/www.relofirm.com\/es\/como-obtener-un-permiso-de-trabajo-panameno\/\">Como Obtener un Permiso de Trabajo Paname\u00f1o<\/a><\/li>\n\t<li id=\"menu-item-239338\" class=\"menu-item menu-item-type-post_type menu-item-object-page menu-item-239338\"><a href=\"https:\/\/www.relofirm.com\/es\/ciudadania-panamena\/\">Como Obtener Ciudadan\u00eda Paname\u00f1a<\/a><\/li>\n\t<li id=\"menu-item-7620\" class=\"menu-item menu-item-type-post_type menu-item-object-page menu-item-7620\"><a href=\"https:\/\/www.relofirm.com\/es\/lista-de-las-mejores-escuelas-en-panama\/\">Lista de las Mejores Escuelas en Panam\u00e1<\/a><\/li>\n\t<li id=\"menu-item-7621\" class=\"menu-item menu-item-type-post_type menu-item-object-page menu-item-7621\"><a href=\"https:\/\/www.relofirm.com\/es\/hospitales-en-panama\/\">Hospitales en Panama<\/a><\/li>\n\t<li id=\"menu-item-7622\" class=\"menu-item menu-item-type-post_type menu-item-object-page menu-item-7622\"><a href=\"https:\/\/www.relofirm.com\/es\/como-comprar-un-arma-en-panama\/\">Como Comprar un Arma en Panama<\/a><\/li>\n\t<li id=\"menu-item-7623\" class=\"menu-item menu-item-type-post_type menu-item-object-page menu-item-7623\"><a href=\"https:\/\/www.relofirm.com\/es\/como-importar-armas-a-panama\/\">Como Importar Armas a Panama<\/a><\/li>\n\t<li id=\"menu-item-7624\" class=\"menu-item menu-item-type-post_type menu-item-object-page menu-item-7624\"><a href=\"https:\/\/www.relofirm.com\/es\/como-obtener-una-licencia-de-conducir-en-panama\/\">Como Obtener una Licencia de Conducir en Panama<\/a><\/li>\n\t<li id=\"menu-item-7625\" class=\"menu-item menu-item-type-post_type menu-item-object-page menu-item-7625\"><a href=\"https:\/\/www.relofirm.com\/es\/procedimiento-para-el-registro-de-vehiculos\/\">Procedimiento para el Registro de Veh\u00edculos<\/a><\/li>\n\t<li id=\"menu-item-7626\" class=\"menu-item menu-item-type-post_type menu-item-object-page menu-item-7626\"><a href=\"https:\/\/www.relofirm.com\/es\/conduciendo-en-panama\/\">Conduciendo en Panama<\/a><\/li>\n\t<li id=\"menu-item-7627\" class=\"menu-item menu-item-type-post_type menu-item-object-page menu-item-7627\"><a href=\"https:\/\/www.relofirm.com\/es\/cajas-de-seguridad-en-panama\/\">Cajas de Seguridad en Panam\u00e1<\/a><\/li>\n\t<li id=\"menu-item-7628\" class=\"menu-item menu-item-type-post_type menu-item-object-page menu-item-7628\"><a href=\"https:\/\/www.relofirm.com\/es\/contractacion-de-personal-domestico-en-panama\/\">Contractacion de Personal Domestico en Panama<\/a><\/li>\n\t<li id=\"menu-item-7629\" class=\"menu-item menu-item-type-post_type menu-item-object-page menu-item-7629\"><a href=\"https:\/\/www.relofirm.com\/es\/casarse-en-panama\/\">Casarse en Panam\u00e1<\/a><\/li>\n\t<li id=\"menu-item-7630\" class=\"menu-item menu-item-type-post_type menu-item-object-page menu-item-7630\"><a href=\"https:\/\/www.relofirm.com\/es\/divorciarse-en-panama\/\">Divorciarse en Panama<\/a><\/li>\n\t<li id=\"menu-item-7631\" class=\"menu-item menu-item-type-post_type menu-item-object-page menu-item-7631\"><a href=\"https:\/\/www.relofirm.com\/es\/como-contratar-los-servicios-de-electricidad-gas-y-agua-en-panama\/\">Como Contratar los Servicios de Electricidad, Gas y Agua en Panama<\/a><\/li>\n\t<li id=\"menu-item-7632\" class=\"menu-item menu-item-type-post_type menu-item-object-page menu-item-7632\"><a href=\"https:\/\/www.relofirm.com\/es\/obtenga-en-telefono-celular-en-panama\/\">Obtenga en Telefono Celular en Panama<\/a><\/li>\n\t<li id=\"menu-item-7633\" class=\"menu-item menu-item-type-post_type menu-item-object-page menu-item-7633\"><a href=\"https:\/\/www.relofirm.com\/es\/como-recibir-correspondencia-en-panama\/\">Como Recibir Correspondencia en Panama<\/a><\/li>\n\t<li id=\"menu-item-7634\" class=\"menu-item menu-item-type-post_type menu-item-object-page menu-item-7634\"><a href=\"https:\/\/www.relofirm.com\/es\/como-importar-su-carro-y-articulos-del-hogar-a-panama\/\">Como Importar su Carro y Articulos del Hogar a Panama Libre de Impuesto, en Calidad de Pensionado<\/a><\/li>\n\t<li id=\"menu-item-7635\" class=\"menu-item menu-item-type-post_type menu-item-object-page menu-item-7635\"><a href=\"https:\/\/www.relofirm.com\/es\/como-obtener-una-placa-para-un-vehiculo-nuevo-en-panama\/\">Como Obtener una Placa para un Vehiculo Nuevo en Panama<\/a><\/li>\n\t<li id=\"menu-item-7636\" class=\"menu-item menu-item-type-post_type menu-item-object-page menu-item-7636\"><a href=\"https:\/\/www.relofirm.com\/es\/como-obtener-un-seguro-para-vehiculos-en-panama\/\">Como Obtener un Seguro para Vehiculos en Panama<\/a><\/li>\n\t<li id=\"menu-item-7637\" class=\"menu-item menu-item-type-post_type menu-item-object-page menu-item-7637\"><a href=\"https:\/\/www.relofirm.com\/es\/tener-un-bebe-en-panama\/\">Tener un Bebe en Panama<\/a><\/li>\n\t<li id=\"menu-item-7638\" class=\"menu-item menu-item-type-post_type menu-item-object-page menu-item-7638\"><a href=\"https:\/\/www.relofirm.com\/es\/conducir-un-vehiculo-con-placa-de-panama-hacia-otro-pais\/\">Conducir un Vehiculo con Placa de Panama Hacia Otro Pais<\/a><\/li>\n<\/ul>\n<\/li>\n<\/ul><\/div>\n<p>Muchos apartamentos en Panam\u00e1 incluyen una habitaci\u00f3n con un peque\u00f1o ba\u00f1o para el personal de servicio. Esto ocurre porque es habitual tener personas de servicio en los hogares en Panam\u00e1. Contratar a una persona para que vaya 1 o 2 veces por semana a realizar labores de limpieza en el hogar es algo muy diferente a contratar una persona para que viva con Usted y su familia.<\/p>\n<p>Conseguir una persona honesta, competente y de confianza puede resultar algo dif\u00edcil para los extranjeros que viven en una tierra extra\u00f1a. La mejor manera de conseguirla, es preguntarle a otro extranjero que viva en Panam\u00e1 quien podr\u00e1 recomendarle alguien. Si el extranjero tuvo una muy buena experiencia con una se\u00f1ora que trabaje en la limpieza pero no pod\u00eda contratarla en tiempo completo o se mud\u00f3 muy lejos, entonces \u00e9sta podr\u00eda ser una buena opci\u00f3n para Usted.<\/p>\n<p>Si los extranjeros que Usted conoce no pudieran recomendarle ninguna persona, entonces las personas paname\u00f1as que trabajan con Usted podr\u00edan recomendarle o darle referencia de alguien que conozcan o un potencial candidato. Tambi\u00e9n existen algunas agencias que prestan el servicio de ubicarle personal de limpieza y le cobran un honorario por ello. La mayor\u00eda de estas agencias ya poseen una referencia previa con dichas personas.<\/p>\n<p>Entrevistar a los candidatos puede resultar algo complicado si Usted no habla el espa\u00f1ol de forma fluida. Solicite a alguien que Usted conozca que sea biling\u00fce para que lo asista en la entrevista, de manera de Usted efectuar todas las preguntas y que \u00e9stas sean respondidas en su totalidad. Solicite referencias de trabajos anteriores (preferiblemente si fueron extranjeros), y cont\u00e1ctelos para saber si el candidato fue honesto, confiable y un buen trabajador.<\/p>\n<h3>Buena Comunicaci\u00f3n<\/h3>\n<p>Es m\u00e1s sencillo comunicarse con una dama que posea un tel\u00e9fono celular en caso de que la persona llegue tarde que si la persona solo tuviera un tel\u00e9fono de casa o que no tuviera un tel\u00e9fono.<\/p>\n<p>El personal dom\u00e9stico tiende a llegar tarde debido a la congesti\u00f3n y al tr\u00e1fico, por perder la conexi\u00f3n del bus o simplemente por no ser organizado. La posibilidad de poder llamarlo para saber a qu\u00e9 distancia se encuentra y saber su hora estimada de llegada puede ayudarle a evitar situaciones de estr\u00e9s y frustraci\u00f3n.<\/p>\n<p>Contar con el equipo adecuado a la mano es muy importante, dado que el personal de limpieza no trae consigo los utensilios de trabajo ni los productos de limpieza a utilizar. Al momento de contratar a una se\u00f1ora de servicio, es importante que pueda mostrarle los, productos de limpieza que Usted posee y que desee que se utilice.<\/p>\n<p>Ponerle claves de seguridad a la puerta de emergencia y la puerta frontal puede hacer la diferencia para que Usted tenga paz mental y no perder todo lo que posee.<\/p>\n<p>Muchos extranjeros se encuentran en casa cuando la persona de limpieza llega y se van sin tener la necesidad de dejarle una copia de las llaves de la casa. Los extranjeros deben decidir si es conveniente dejarle una copia de las llaves de su casa a la persona que limpia en caso de que \u00e9sta vaya a trabajar en alg\u00fan momento en que salgan a trabajar o durante sus vacaciones. La mejor opci\u00f3n es que Usted tenga un vecino de confianza que pueda abrirle la puerta a la persona que limpia y cerrar cuando \u00e9sta termine de trabajar, en caso de que Usted no se encuentre.<\/p>\n<p>Pero si Usted tiene que entregar sus llaves a un extra\u00f1o, aseg\u00farese de resguardar sus objetos de valor (Dinero en efectivo, joyas, pasaportes, etc.) y que \u00e9stos no se encuentren al alcance del personal dom\u00e9stico.<\/p>\n<p>Mantenga un inventario de los objetos de valor incluyendo los cubiertos, ropa, herramientas de valor, discos de m\u00fasica y videos. Cuando la se\u00f1ora de limpieza termine de trabajar con Usted, solicite las copias de las llaves y de ser posible realice el reemplazo de las cerraduras de las puertas y h\u00e1gase de unas nuevas llaves de acceso de su casa.<\/p>\n<h3>Vivir con una Se\u00f1ora de Servicio<\/h3>\n<p>Vivir con una se\u00f1ora de servicio requiere de una mayor atenci\u00f3n, as\u00ed como tener una confianza plena en un extra\u00f1o que posee las llaves de su casa y que podr\u00e1 tener acceso a su familia y mascotas. La mayor\u00eda de las se\u00f1oras de servicio que viven en casa, son del interior del Pa\u00eds, poseen una m\u00ednima educaci\u00f3n y por lo general solo hablan espa\u00f1ol. Tr\u00e1telos como una extensi\u00f3n de su familia, procure darle de comer los mismos alimentos que consume su familia y de ser posible c\u00f3mprele un peque\u00f1o televisor para su habitaci\u00f3n. La realidad de la situaci\u00f3n econ\u00f3mica en Panam\u00e1, permite a una se\u00f1ora que se dedica a las labores dom\u00e9sticas poder ahorrar m\u00e1s dinero que aquellas personas que trabajan en una tienda, o de un empleado de oficina que deba pagar un alquiler, pagar servicios p\u00fablicos, comprar muebles, ir todos los d\u00edas del trabajo a su casa y viceversa y comprar alimentos.<\/p>\n<h3>La Capacitaci\u00f3n<\/h3>\n<p>La capacitaci\u00f3n puede ser necesaria si la persona a contratar no posee experiencia. Se recomienda el primer d\u00eda de trabajo escribirle una lista en espa\u00f1ol, de las cosas que la empleada debe hacer.<\/p>\n<p>Aseg\u00farese de que la empleada sepa realizar las labores de limpieza de algunos artefactos como un horno microondas, una estufa, un horno y una nevera. Aseg\u00farese de que la persona sepa utilizar la lavadora y secadora, aspiradora, limpiador de alfombras, y dem\u00e1s accesorios empleados para la limpieza del hogar.<\/p>\n<h3>El Embarazo<\/h3>\n<p>El embarazo puede ocurrir cuando Usted contrate a una persona joven y tiene pagada la licencia por maternidad, perdiendo as\u00ed el tiempo de trabajo. Panam\u00e1 no tiene ninguna ley contra la discriminaci\u00f3n de edad, por lo tanto, podr\u00eda resultar mejor la contrataci\u00f3n de una persona de avanzada edad, por ejemplo de 40 o 50 a\u00f1os, pues es de suponerse que sus hijos ya han crecido.<\/p>\n<h3>Los Pagos<\/h3>\n<p>Los pagos no deben ser realizados en efectivo. Se recomienda hacer los pagos bien sea mediante un cheque de un banco local o a trav\u00e9s de un dep\u00f3sito en una cuenta bancaria que posea la persona contratada. Si Usted realiza un dep\u00f3sito o transferencia directo a la cuenta de la persona es m\u00e1s f\u00e1cil y la persona no necesitar\u00e1 ir al banco a cobrar el cheque o a depositarlo. De \u00e9sta manera Usted puede mantener registros de los pagos efectuados, mientras que los recibos de pago en efectivo pueden ser extraviados o pueden llevarlo a la corte laboral para una disputa. Si la empleada no posee una cuenta bancaria, solic\u00edtele que abra una y de ser posible h\u00e1gale un adelanto de 10 D\u00f3lares para que realice el dep\u00f3sito inicial.<\/p>\n<p>Compre un seguro para su hogar propio o rentado para cubrir cualquier da\u00f1o o p\u00e9rdida ocasionada por la empleada dom\u00e9stica en Panam\u00e1, esto le proporcionar\u00e1 paz mental. Aseg\u00farese de conservar todos los recibos, fotograf\u00edas o videos de los objetos de valor y mantenga un inventario para la compa\u00f1\u00eda de seguro en caso de que tenga que realizar alg\u00fan reclamo de da\u00f1o o p\u00e9rdida.<\/p>\n<h2>Importaci\u00f3n de Personal de Servicio<\/h2>\n<p>Otra opci\u00f3n es encontrar un inmigrante o importar al personal dom\u00e9stico de otro Pa\u00eds.\u00a0Panam\u00e1 posee una Ley \u00fanica de Migraci\u00f3n de residencia llamada <a href=\"https:\/\/www.relofirm.com\/es\/domestic_workers_visa\">Trabajadores Dom\u00e9sticos Extranjeros<\/a>, la cual permite otorgarle la Visa de Residencia para todo tipo de empleado dom\u00e9stico: Se\u00f1ora de servicio, cocineros, jardineros, mayordomos, personal de mantenimiento y choferes.<\/p>\n<p>Cualquier\u00a0<a href=\"https:\/\/www.relofirm.com\/es\/immigration_visas\">residente legal del Panam\u00e1<\/a> (temporal o residente) puede contratar extranjeros para trabajar como personal dom\u00e9stico y obtener la residencia de Migraci\u00f3n para ellos. Estas visas podr\u00e1n ser renovadas anualmente cuatro veces hasta un total de cinco a\u00f1os.<\/p>\n<p>A continuaci\u00f3n le presentamos una lista de los requisitos previstos para optar por la Visa de Trabajadores Dom\u00e9sticos Extranjeros:<\/p>\n<ul>\n<li>Contrato de trabajo escrito (3 ejemplares en original), para el empleador, el empleado y el Ministerio del Trabajo. El contrato debe definir todas las responsabilidades y el salario. Se recomienda incluir una cl\u00e1usula de per\u00edodo de prueba por dos semanas para que sea evaluado el candidato y ser despedido si no cumple con el trabajo.<\/li>\n<li>Pago del Salario M\u00ednimo<\/li>\n<li>Registrar al personal dom\u00e9stico en la Caja del Seguro Social (CSS) dentro de los primeros 30 d\u00edas de haber sido contratado.<\/li>\n<li>Contratar los servicios de un Abogado Paname\u00f1o especializado en leyes laborales para realizar el tr\u00e1mite de Migraci\u00f3n.<\/li>\n<\/ul>\n<h2>Siga las leyes laborales<\/h2>\n<p>Los extranjeros con Visa de Trabajador Dom\u00e9stico en Panam\u00e1, deber\u00edan acatar la Ley del Trabajo.\u00a0Todos los sueldos est\u00e1n sujetos al cobro del impuesto sobre la renta, impuestos del seguro social y a un fondo de educaci\u00f3n. La retenci\u00f3n de \u00e9stos impuestos de los salarios de los trabajadores ser\u00e1 obligatoria a partir de la primera semana.<\/p>\n<p>Deber\u00e1 otorgarse un d\u00eda libre a la semana sin compensaci\u00f3n (generalmente los domingos). Los trabajadores recibir\u00e1n un pago anual de 30 d\u00edas por concepto de vacaciones cuando hayan trabajado continuamente por un per\u00edodo de once meses.<\/p>\n<p><em><strong>Los siguientes d\u00edas se consideran vacaciones pagadas a los trabajadores:<\/strong><\/em><\/p>\n<ul>\n<li>A\u00f1o nuevo: 01 de Enero de cada a\u00f1o.<\/li>\n<li>D\u00eda de los m\u00e1rtires: 09 de Enero de cada a\u00f1o.<\/li>\n<li>Martes de Carnaval (Mardi Gras)<\/li>\n<li>D\u00eda del Trabajador: 01 de Mayo.<\/li>\n<li>D\u00eda de la Independencia con Colombia: 03 y 05 de Noviembre.<\/li>\n<li>Primer Grito de Independencia: 10 de Noviembre.<\/li>\n<li>D\u00eda de la Independencia con Espa\u00f1a: 28 de Noviembre<\/li>\n<li>D\u00eda de la Madre: 08 de Diciembre.<\/li>\n<li>Navidad: 25 de Diciembre.<\/li>\n<\/ul>\n<p>Si el trabajador labora durante el per\u00edodo de sus vacaciones, deber\u00e1 pag\u00e1rsele el 150% del salario devengado.<br \/>\nCada empleado recibe un bono especial llamado el D\u00e9cimo tercer (13) mes, equivalente a un mes de salario cada a\u00f1o. Este bono se gana con un d\u00eda de salario pagado por cada once d\u00edas empleados y pagados en tres cuotas iguales: 15 de Abril, 15 de Agosto y 15 de Diciembre.<\/p>\n<p>Los empleados tambi\u00e9n tienen derecho a 11 d\u00edas de reposo por enfermedad por a\u00f1o.<\/p>\n<p>Cada violaci\u00f3n del contrato de trabajo por parte de la empleada dom\u00e9stica debe ser documentada y se deber\u00e1 entregar una copia; proteja los informes originales. La empleada podr\u00e1 ser despedida por causa justa despu\u00e9s de cometer algunas violaciones a su contrato de trabajo.<\/p>\n<p>Si desea asistencia para los tr\u00e1mites de <a href=\"https:\/\/www.relofirm.com\/es\/immigration_visas\">Visa de Inmigraci\u00f3n<\/a>, ley de trabajo en Panam\u00e1 y necesidades de reubicaci\u00f3n, por favor Cont\u00e1ctenos y gustosamente le atenderemos.<\/p>\n","protected":false},"excerpt":{"rendered":"<p>Muchos apartamentos en Panam\u00e1 incluyen una habitaci\u00f3n con un peque\u00f1o ba\u00f1o para el personal de servicio. Esto ocurre porque es habitual tener personas de servicio en los hogares en Panam\u00e1. Contratar a una persona para que vaya 1 o 2 veces por semana a realizar labores de limpieza en el hogar es algo muy diferente [&hellip;]<\/p>\n","protected":false},"author":7,"featured_media":0,"parent":0,"menu_order":0,"comment_status":"open","ping_status":"open","template":"","meta":{"_et_pb_use_builder":"","_et_pb_old_content":"","_et_gb_content_width":"","inline_featured_image":false},"yoast_head":"<!-- This site is optimized with the Yoast SEO plugin v18.5.1 - https:\/\/yoast.com\/wordpress\/plugins\/seo\/ -->\n<title>Contractacion de Personal Domestico en Panama - International Relocation Firm<\/title>\n<meta name=\"robots\" content=\"index, follow, max-snippet:-1, max-image-preview:large, max-video-preview:-1\" \/>\n<link rel=\"canonical\" href=\"https:\/\/www.relofirm.com\/es\/contractacion-de-personal-domestico-en-panama\/\" \/>\n<meta property=\"og:locale\" content=\"es_ES\" \/>\n<meta property=\"og:type\" content=\"article\" \/>\n<meta property=\"og:title\" content=\"Contractacion de Personal Domestico en Panama - International Relocation Firm\" \/>\n<meta property=\"og:description\" content=\"Muchos apartamentos en Panam\u00e1 incluyen una habitaci\u00f3n con un peque\u00f1o ba\u00f1o para el personal de servicio. Esto ocurre porque es habitual tener personas de servicio en los hogares en Panam\u00e1. Contratar a una persona para que vaya 1 o 2 veces por semana a realizar labores de limpieza en el hogar es algo muy diferente [&hellip;]\" \/>\n<meta property=\"og:url\" content=\"https:\/\/www.relofirm.com\/es\/contractacion-de-personal-domestico-en-panama\/\" \/>\n<meta property=\"og:site_name\" content=\"International Relocation Firm\" \/>\n<meta property=\"article:publisher\" content=\"https:\/\/www.facebook.com\/ReloFirm\/\" \/>\n<meta property=\"article:modified_time\" content=\"2020-01-16T19:39:47+00:00\" \/>\n<meta name=\"twitter:label1\" content=\"Tiempo de lectura\" \/>\n\t<meta name=\"twitter:data1\" content=\"9 minutos\" \/>\n<!-- \/ Yoast SEO plugin. -->","yoast_head_json":{"title":"Contractacion de Personal Domestico en Panama - International Relocation Firm","robots":{"index":"index","follow":"follow","max-snippet":"max-snippet:-1","max-image-preview":"max-image-preview:large","max-video-preview":"max-video-preview:-1"},"canonical":"https:\/\/www.relofirm.com\/es\/contractacion-de-personal-domestico-en-panama\/","og_locale":"es_ES","og_type":"article","og_title":"Contractacion de Personal Domestico en Panama - International Relocation Firm","og_description":"Muchos apartamentos en Panam\u00e1 incluyen una habitaci\u00f3n con un peque\u00f1o ba\u00f1o para el personal de servicio. Esto ocurre porque es habitual tener personas de servicio en los hogares en Panam\u00e1. Contratar a una persona para que vaya 1 o 2 veces por semana a realizar labores de limpieza en el hogar es algo muy diferente [&hellip;]","og_url":"https:\/\/www.relofirm.com\/es\/contractacion-de-personal-domestico-en-panama\/","og_site_name":"International Relocation Firm","article_publisher":"https:\/\/www.facebook.com\/ReloFirm\/","article_modified_time":"2020-01-16T19:39:47+00:00","twitter_misc":{"Tiempo de lectura":"9 minutos"},"schema":{"@context":"https:\/\/schema.org","@graph":[{"@type":"Organization","@id":"https:\/\/www.relofirm.com\/#organization","name":"International Relocation Firm","url":"https:\/\/www.relofirm.com\/","sameAs":["https:\/\/www.facebook.com\/ReloFirm\/","https:\/\/www.linkedin.com\/company\/relo-firm","https:\/\/twitter.com\/polslegal"],"logo":{"@type":"ImageObject","@id":"https:\/\/www.relofirm.com\/#logo","inLanguage":"es","url":"https:\/\/www.relofirm.com\/wp-content\/uploads\/2021\/11\/relofirm-logo.svg","contentUrl":"https:\/\/www.relofirm.com\/wp-content\/uploads\/2021\/11\/relofirm-logo.svg","width":1485,"height":516,"caption":"International Relocation Firm"},"image":{"@id":"https:\/\/www.relofirm.com\/#logo"}},{"@type":"WebSite","@id":"https:\/\/www.relofirm.com\/#website","url":"https:\/\/www.relofirm.com\/","name":"International Relocation Firm","description":"","publisher":{"@id":"https:\/\/www.relofirm.com\/#organization"},"potentialAction":[{"@type":"SearchAction","target":{"@type":"EntryPoint","urlTemplate":"https:\/\/www.relofirm.com\/?s={search_term_string}"},"query-input":"required name=search_term_string"}],"inLanguage":"es"},{"@type":"WebPage","@id":"https:\/\/www.relofirm.com\/es\/contractacion-de-personal-domestico-en-panama\/#webpage","url":"https:\/\/www.relofirm.com\/es\/contractacion-de-personal-domestico-en-panama\/","name":"Contractacion de Personal Domestico en Panama - International Relocation Firm","isPartOf":{"@id":"https:\/\/www.relofirm.com\/#website"},"datePublished":"2016-03-23T05:00:00+00:00","dateModified":"2020-01-16T19:39:47+00:00","breadcrumb":{"@id":"https:\/\/www.relofirm.com\/es\/contractacion-de-personal-domestico-en-panama\/#breadcrumb"},"inLanguage":"es","potentialAction":[{"@type":"ReadAction","target":["https:\/\/www.relofirm.com\/es\/contractacion-de-personal-domestico-en-panama\/"]}]},{"@type":"BreadcrumbList","@id":"https:\/\/www.relofirm.com\/es\/contractacion-de-personal-domestico-en-panama\/#breadcrumb","itemListElement":[{"@type":"ListItem","position":1,"name":"Home","item":"https:\/\/www.relofirm.com\/es\/"},{"@type":"ListItem","position":2,"name":"Contractacion de Personal Domestico en Panama"}]}]}},"_links":{"self":[{"href":"https:\/\/www.relofirm.com\/es\/wp-json\/wp\/v2\/pages\/7134"}],"collection":[{"href":"https:\/\/www.relofirm.com\/es\/wp-json\/wp\/v2\/pages"}],"about":[{"href":"https:\/\/www.relofirm.com\/es\/wp-json\/wp\/v2\/types\/page"}],"author":[{"embeddable":true,"href":"https:\/\/www.relofirm.com\/es\/wp-json\/wp\/v2\/users\/7"}],"replies":[{"embeddable":true,"href":"https:\/\/www.relofirm.com\/es\/wp-json\/wp\/v2\/comments?post=7134"}],"version-history":[{"count":1,"href":"https:\/\/www.relofirm.com\/es\/wp-json\/wp\/v2\/pages\/7134\/revisions"}],"predecessor-version":[{"id":7857,"href":"https:\/\/www.relofirm.com\/es\/wp-json\/wp\/v2\/pages\/7134\/revisions\/7857"}],"wp:attachment":[{"href":"https:\/\/www.relofirm.com\/es\/wp-json\/wp\/v2\/media?parent=7134"}],"curies":[{"name":"wp","href":"https:\/\/api.w.org\/{rel}","templated":true}]}}