{"id":7130,"date":"2016-03-23T00:00:00","date_gmt":"2016-03-23T05:00:00","guid":{"rendered":"https:\/\/relofirm.com\/how_to_buy_a_gun_in_panama\/"},"modified":"2020-01-16T14:34:00","modified_gmt":"2020-01-16T19:34:00","slug":"como-comprar-un-arma-en-panama","status":"publish","type":"page","link":"https:\/\/www.relofirm.com\/es\/como-comprar-un-arma-en-panama\/","title":{"rendered":"Como Comprar un Arma en Panama"},"content":{"rendered":"<div class=\"menu-relocation-es-container\"><ul id=\"menu-relocation-es\" class=\"menu\"><li id=\"menu-item-7618\" class=\"menu-item menu-item-type-post_type menu-item-object-page menu-item-has-children menu-item-7618\"><a href=\"https:\/\/www.relofirm.com\/es\/mudarse-a-panama\/\">Mudarse a Panam\u00e1<\/a>\n<ul class=\"sub-menu\">\n\t<li id=\"menu-item-7619\" class=\"menu-item menu-item-type-post_type menu-item-object-page menu-item-7619\"><a href=\"https:\/\/www.relofirm.com\/es\/como-obtener-un-permiso-de-trabajo-panameno\/\">Como Obtener un Permiso de Trabajo Paname\u00f1o<\/a><\/li>\n\t<li id=\"menu-item-239338\" class=\"menu-item menu-item-type-post_type menu-item-object-page menu-item-239338\"><a href=\"https:\/\/www.relofirm.com\/es\/ciudadania-panamena\/\">Como Obtener Ciudadan\u00eda Paname\u00f1a<\/a><\/li>\n\t<li id=\"menu-item-7620\" class=\"menu-item menu-item-type-post_type menu-item-object-page menu-item-7620\"><a href=\"https:\/\/www.relofirm.com\/es\/lista-de-las-mejores-escuelas-en-panama\/\">Lista de las Mejores Escuelas en Panam\u00e1<\/a><\/li>\n\t<li id=\"menu-item-7621\" class=\"menu-item menu-item-type-post_type menu-item-object-page menu-item-7621\"><a href=\"https:\/\/www.relofirm.com\/es\/hospitales-en-panama\/\">Hospitales en Panama<\/a><\/li>\n\t<li id=\"menu-item-7622\" class=\"menu-item menu-item-type-post_type menu-item-object-page menu-item-7622\"><a href=\"https:\/\/www.relofirm.com\/es\/como-comprar-un-arma-en-panama\/\">Como Comprar un Arma en Panama<\/a><\/li>\n\t<li id=\"menu-item-7623\" class=\"menu-item menu-item-type-post_type menu-item-object-page menu-item-7623\"><a href=\"https:\/\/www.relofirm.com\/es\/como-importar-armas-a-panama\/\">Como Importar Armas a Panama<\/a><\/li>\n\t<li id=\"menu-item-7624\" class=\"menu-item menu-item-type-post_type menu-item-object-page menu-item-7624\"><a href=\"https:\/\/www.relofirm.com\/es\/como-obtener-una-licencia-de-conducir-en-panama\/\">Como Obtener una Licencia de Conducir en Panama<\/a><\/li>\n\t<li id=\"menu-item-7625\" class=\"menu-item menu-item-type-post_type menu-item-object-page menu-item-7625\"><a href=\"https:\/\/www.relofirm.com\/es\/procedimiento-para-el-registro-de-vehiculos\/\">Procedimiento para el Registro de Veh\u00edculos<\/a><\/li>\n\t<li id=\"menu-item-7626\" class=\"menu-item menu-item-type-post_type menu-item-object-page menu-item-7626\"><a href=\"https:\/\/www.relofirm.com\/es\/conduciendo-en-panama\/\">Conduciendo en Panama<\/a><\/li>\n\t<li id=\"menu-item-7627\" class=\"menu-item menu-item-type-post_type menu-item-object-page menu-item-7627\"><a href=\"https:\/\/www.relofirm.com\/es\/cajas-de-seguridad-en-panama\/\">Cajas de Seguridad en Panam\u00e1<\/a><\/li>\n\t<li id=\"menu-item-7628\" class=\"menu-item menu-item-type-post_type menu-item-object-page menu-item-7628\"><a href=\"https:\/\/www.relofirm.com\/es\/contractacion-de-personal-domestico-en-panama\/\">Contractacion de Personal Domestico en Panama<\/a><\/li>\n\t<li id=\"menu-item-7629\" class=\"menu-item menu-item-type-post_type menu-item-object-page menu-item-7629\"><a href=\"https:\/\/www.relofirm.com\/es\/casarse-en-panama\/\">Casarse en Panam\u00e1<\/a><\/li>\n\t<li id=\"menu-item-7630\" class=\"menu-item menu-item-type-post_type menu-item-object-page menu-item-7630\"><a href=\"https:\/\/www.relofirm.com\/es\/divorciarse-en-panama\/\">Divorciarse en Panama<\/a><\/li>\n\t<li id=\"menu-item-7631\" class=\"menu-item menu-item-type-post_type menu-item-object-page menu-item-7631\"><a href=\"https:\/\/www.relofirm.com\/es\/como-contratar-los-servicios-de-electricidad-gas-y-agua-en-panama\/\">Como Contratar los Servicios de Electricidad, Gas y Agua en Panama<\/a><\/li>\n\t<li id=\"menu-item-7632\" class=\"menu-item menu-item-type-post_type menu-item-object-page menu-item-7632\"><a href=\"https:\/\/www.relofirm.com\/es\/obtenga-en-telefono-celular-en-panama\/\">Obtenga en Telefono Celular en Panama<\/a><\/li>\n\t<li id=\"menu-item-7633\" class=\"menu-item menu-item-type-post_type menu-item-object-page menu-item-7633\"><a href=\"https:\/\/www.relofirm.com\/es\/como-recibir-correspondencia-en-panama\/\">Como Recibir Correspondencia en Panama<\/a><\/li>\n\t<li id=\"menu-item-7634\" class=\"menu-item menu-item-type-post_type menu-item-object-page menu-item-7634\"><a href=\"https:\/\/www.relofirm.com\/es\/como-importar-su-carro-y-articulos-del-hogar-a-panama\/\">Como Importar su Carro y Articulos del Hogar a Panama Libre de Impuesto, en Calidad de Pensionado<\/a><\/li>\n\t<li id=\"menu-item-7635\" class=\"menu-item menu-item-type-post_type menu-item-object-page menu-item-7635\"><a href=\"https:\/\/www.relofirm.com\/es\/como-obtener-una-placa-para-un-vehiculo-nuevo-en-panama\/\">Como Obtener una Placa para un Vehiculo Nuevo en Panama<\/a><\/li>\n\t<li id=\"menu-item-7636\" class=\"menu-item menu-item-type-post_type menu-item-object-page menu-item-7636\"><a href=\"https:\/\/www.relofirm.com\/es\/como-obtener-un-seguro-para-vehiculos-en-panama\/\">Como Obtener un Seguro para Vehiculos en Panama<\/a><\/li>\n\t<li id=\"menu-item-7637\" class=\"menu-item menu-item-type-post_type menu-item-object-page menu-item-7637\"><a href=\"https:\/\/www.relofirm.com\/es\/tener-un-bebe-en-panama\/\">Tener un Bebe en Panama<\/a><\/li>\n\t<li id=\"menu-item-7638\" class=\"menu-item menu-item-type-post_type menu-item-object-page menu-item-7638\"><a href=\"https:\/\/www.relofirm.com\/es\/conducir-un-vehiculo-con-placa-de-panama-hacia-otro-pais\/\">Conducir un Vehiculo con Placa de Panama Hacia Otro Pais<\/a><\/li>\n<\/ul>\n<\/li>\n<\/ul><\/div>\n<p>Solo existen unas pocas tiendas que venden armas y municiones en la Ciudad de Panam\u00e1. Pistolas semi-autom\u00e1ticas, rev\u00f3lveres, escopetas y rifles se encuentran disponibles. Tambi\u00e9n, podr\u00e1 conseguir una variedad de revistas de armas y municiones para \u00e9stas armas.<\/p>\n<p>El costo de las armas en Panam\u00e1 es elevado, es de esperar que Usted pueda pagar el doble de lo que pagar\u00eda en Estados Unidos por armas de las marcas Smith &amp; Wesson, Remington o Ruger. El inventario es bastante peque\u00f1o en las tiendas de armas.<br \/>\nSi Usted decide comprar un arma en Panam\u00e1, podr\u00edan pasar tres (3) meses desde que la ordena hasta que la tienda la reciba.<\/p>\n<h2>Procedimiento para Comprar un Arma en Panam\u00e1<\/h2>\n<ol>\n<li>Visite una tienda de armas (armer\u00eda) y entregue prueba de que usted es un ciudadano residente en Panam\u00e1.<\/li>\n<li>Seleccione el arma que desea y pague por ella.<\/li>\n<li>Se le dar\u00e1 un recipiente desinfectado para recolectar una muestra de orina, la cual ser\u00e1 analizada para descartar se\u00f1ales de consumo de drogas.<\/li>\n<li>Se le suministrar\u00e1 un formulario otorgado por el Gobierno Paname\u00f1o para ser enviado a una oficina de salud del Gobierno para obtener una muestra de sangre a trav\u00e9s de un pinchazo en un dedo y recolectar as\u00ed una muestra de su ADN.<\/li>\n<li>Deber\u00e1 tener una consulta con un m\u00e9dico psiquiatra el cual le realizar\u00e1 una breve entrevista y posteriormente deber\u00e1 llevar el informe de dicha entrevista (donde se deber\u00e1 dar constancia de que Usted se encuentra apto mentalmente) a la tienda o armer\u00eda donde desea comprar el arma.<\/li>\n<li>Consignar dos (2) fotograf\u00edas tama\u00f1o pasaporte de su rostro.<\/li>\n<li>Usted tendr\u00e1 la impresi\u00f3n de su dedo \u00edndice derecho a una tarjeta verde de identificaci\u00f3n de triple plegado, la cual incluir\u00e1 una fotograf\u00eda tama\u00f1o pasaporte y su nombre, direcci\u00f3n, n\u00famero de identificaci\u00f3n de su carnet de residencia, el tipo de arma y n\u00famero de serial, as\u00ed como la fecha de vencimiento. La vigencia m\u00e1xima de \u00e9ste permiso ser\u00e1 de cinco (5) a\u00f1os antes de su vencimiento.<\/li>\n<li>La tienda de armas (armer\u00eda), deber\u00e1 enviar toda la documentaci\u00f3n junto con el arma a adquirir a la Polic\u00eda Nacional, donde se le practicar\u00e1 el test de bal\u00edstica al armamento.<\/li>\n<li>Todo \u00e9ste proceso podr\u00eda demorar tres (3) meses hasta que Usted reciba el permiso correspondiente.<\/li>\n<\/ol>\n<p>Usted podr\u00e1 comprar hasta 10 armas de fuego y todas ellas estar listadas en el mismo permiso.<\/p>\n<p>Los rifles de ca\u00f1\u00f3n corto o las escopetas de ca\u00f1\u00f3n recortado son legales en Panam\u00e1, aunque las mismas no hayan sido adquiridas as\u00ed originalmente.<\/p>\n<p>Las municiones podr\u00e1n ser compradas en el momento en que obtenga su permiso de porte de armas.<br \/>\nAunque las balas anti blindaje se encuentran prohibidas, las de alta velocidad o de punta hueca son permitidas.<\/p>\n<p>Si desea conocer mayor detalles sobre <a href=\"https:\/\/www.relofirm.com\/es\/panama_relocation\">mudando a Panama<\/a> para establecer la <a href=\"https:\/\/www.relofirm.com\/es\/immigration_visas\">residencia legal en Panam\u00e1<\/a>, por favor cont\u00e1ctenos y gustosamente le brindaremos una consulta personalizada en nuestras oficinas de International Relocation Firm.<\/p>\n","protected":false},"excerpt":{"rendered":"<p>Solo existen unas pocas tiendas que venden armas y municiones en la Ciudad de Panam\u00e1. Pistolas semi-autom\u00e1ticas, rev\u00f3lveres, escopetas y rifles se encuentran disponibles. Tambi\u00e9n, podr\u00e1 conseguir una variedad de revistas de armas y municiones para \u00e9stas armas. El costo de las armas en Panam\u00e1 es elevado, es de esperar que Usted pueda pagar el [&hellip;]<\/p>\n","protected":false},"author":7,"featured_media":239081,"parent":0,"menu_order":0,"comment_status":"open","ping_status":"open","template":"","meta":{"_et_pb_use_builder":"","_et_pb_old_content":"","_et_gb_content_width":"","inline_featured_image":false},"yoast_head":"<!-- This site is optimized with the Yoast SEO plugin v18.5.1 - https:\/\/yoast.com\/wordpress\/plugins\/seo\/ -->\n<title>Como Comprar un Arma en Panama - International Relocation Firm<\/title>\n<meta name=\"robots\" content=\"index, follow, max-snippet:-1, max-image-preview:large, max-video-preview:-1\" \/>\n<link rel=\"canonical\" href=\"https:\/\/www.relofirm.com\/es\/como-comprar-un-arma-en-panama\/\" \/>\n<meta property=\"og:locale\" content=\"es_ES\" \/>\n<meta property=\"og:type\" content=\"article\" \/>\n<meta property=\"og:title\" content=\"Como Comprar un Arma en Panama - International Relocation Firm\" \/>\n<meta property=\"og:description\" content=\"Solo existen unas pocas tiendas que venden armas y municiones en la Ciudad de Panam\u00e1. Pistolas semi-autom\u00e1ticas, rev\u00f3lveres, escopetas y rifles se encuentran disponibles. Tambi\u00e9n, podr\u00e1 conseguir una variedad de revistas de armas y municiones para \u00e9stas armas. El costo de las armas en Panam\u00e1 es elevado, es de esperar que Usted pueda pagar el [&hellip;]\" \/>\n<meta property=\"og:url\" content=\"https:\/\/www.relofirm.com\/es\/como-comprar-un-arma-en-panama\/\" \/>\n<meta property=\"og:site_name\" content=\"International Relocation Firm\" \/>\n<meta property=\"article:publisher\" content=\"https:\/\/www.facebook.com\/ReloFirm\/\" \/>\n<meta property=\"article:modified_time\" content=\"2020-01-16T19:34:00+00:00\" \/>\n<meta name=\"twitter:label1\" content=\"Tiempo de lectura\" \/>\n\t<meta name=\"twitter:data1\" content=\"3 minutos\" \/>\n<!-- \/ Yoast SEO plugin. -->","yoast_head_json":{"title":"Como Comprar un Arma en Panama - International Relocation Firm","robots":{"index":"index","follow":"follow","max-snippet":"max-snippet:-1","max-image-preview":"max-image-preview:large","max-video-preview":"max-video-preview:-1"},"canonical":"https:\/\/www.relofirm.com\/es\/como-comprar-un-arma-en-panama\/","og_locale":"es_ES","og_type":"article","og_title":"Como Comprar un Arma en Panama - International Relocation Firm","og_description":"Solo existen unas pocas tiendas que venden armas y municiones en la Ciudad de Panam\u00e1. Pistolas semi-autom\u00e1ticas, rev\u00f3lveres, escopetas y rifles se encuentran disponibles. Tambi\u00e9n, podr\u00e1 conseguir una variedad de revistas de armas y municiones para \u00e9stas armas. El costo de las armas en Panam\u00e1 es elevado, es de esperar que Usted pueda pagar el [&hellip;]","og_url":"https:\/\/www.relofirm.com\/es\/como-comprar-un-arma-en-panama\/","og_site_name":"International Relocation Firm","article_publisher":"https:\/\/www.facebook.com\/ReloFirm\/","article_modified_time":"2020-01-16T19:34:00+00:00","twitter_misc":{"Tiempo de lectura":"3 minutos"},"schema":{"@context":"https:\/\/schema.org","@graph":[{"@type":"Organization","@id":"https:\/\/www.relofirm.com\/#organization","name":"International Relocation Firm","url":"https:\/\/www.relofirm.com\/","sameAs":["https:\/\/www.facebook.com\/ReloFirm\/","https:\/\/www.linkedin.com\/company\/relo-firm","https:\/\/twitter.com\/polslegal"],"logo":{"@type":"ImageObject","@id":"https:\/\/www.relofirm.com\/#logo","inLanguage":"es","url":"https:\/\/www.relofirm.com\/wp-content\/uploads\/2021\/11\/relofirm-logo.svg","contentUrl":"https:\/\/www.relofirm.com\/wp-content\/uploads\/2021\/11\/relofirm-logo.svg","width":1485,"height":516,"caption":"International Relocation Firm"},"image":{"@id":"https:\/\/www.relofirm.com\/#logo"}},{"@type":"WebSite","@id":"https:\/\/www.relofirm.com\/#website","url":"https:\/\/www.relofirm.com\/","name":"International Relocation Firm","description":"","publisher":{"@id":"https:\/\/www.relofirm.com\/#organization"},"potentialAction":[{"@type":"SearchAction","target":{"@type":"EntryPoint","urlTemplate":"https:\/\/www.relofirm.com\/?s={search_term_string}"},"query-input":"required name=search_term_string"}],"inLanguage":"es"},{"@type":"ImageObject","@id":"https:\/\/www.relofirm.com\/es\/como-comprar-un-arma-en-panama\/#primaryimage","inLanguage":"es","url":"https:\/\/www.relofirm.com\/wp-content\/uploads\/2025\/07\/pexels-pixabay-53224-scaled.jpg","contentUrl":"https:\/\/www.relofirm.com\/wp-content\/uploads\/2025\/07\/pexels-pixabay-53224-scaled.jpg","width":2560,"height":1707,"caption":"Buy a Gun in Panama"},{"@type":"WebPage","@id":"https:\/\/www.relofirm.com\/es\/como-comprar-un-arma-en-panama\/#webpage","url":"https:\/\/www.relofirm.com\/es\/como-comprar-un-arma-en-panama\/","name":"Como Comprar un Arma en Panama - International Relocation Firm","isPartOf":{"@id":"https:\/\/www.relofirm.com\/#website"},"primaryImageOfPage":{"@id":"https:\/\/www.relofirm.com\/es\/como-comprar-un-arma-en-panama\/#primaryimage"},"datePublished":"2016-03-23T05:00:00+00:00","dateModified":"2020-01-16T19:34:00+00:00","breadcrumb":{"@id":"https:\/\/www.relofirm.com\/es\/como-comprar-un-arma-en-panama\/#breadcrumb"},"inLanguage":"es","potentialAction":[{"@type":"ReadAction","target":["https:\/\/www.relofirm.com\/es\/como-comprar-un-arma-en-panama\/"]}]},{"@type":"BreadcrumbList","@id":"https:\/\/www.relofirm.com\/es\/como-comprar-un-arma-en-panama\/#breadcrumb","itemListElement":[{"@type":"ListItem","position":1,"name":"Home","item":"https:\/\/www.relofirm.com\/es\/"},{"@type":"ListItem","position":2,"name":"Como Comprar un Arma en Panama"}]}]}},"_links":{"self":[{"href":"https:\/\/www.relofirm.com\/es\/wp-json\/wp\/v2\/pages\/7130"}],"collection":[{"href":"https:\/\/www.relofirm.com\/es\/wp-json\/wp\/v2\/pages"}],"about":[{"href":"https:\/\/www.relofirm.com\/es\/wp-json\/wp\/v2\/types\/page"}],"author":[{"embeddable":true,"href":"https:\/\/www.relofirm.com\/es\/wp-json\/wp\/v2\/users\/7"}],"replies":[{"embeddable":true,"href":"https:\/\/www.relofirm.com\/es\/wp-json\/wp\/v2\/comments?post=7130"}],"version-history":[{"count":1,"href":"https:\/\/www.relofirm.com\/es\/wp-json\/wp\/v2\/pages\/7130\/revisions"}],"predecessor-version":[{"id":7824,"href":"https:\/\/www.relofirm.com\/es\/wp-json\/wp\/v2\/pages\/7130\/revisions\/7824"}],"wp:featuredmedia":[{"embeddable":true,"href":"https:\/\/www.relofirm.com\/es\/wp-json\/wp\/v2\/media\/239081"}],"wp:attachment":[{"href":"https:\/\/www.relofirm.com\/es\/wp-json\/wp\/v2\/media?parent=7130"}],"curies":[{"name":"wp","href":"https:\/\/api.w.org\/{rel}","templated":true}]}}