{"id":7129,"date":"2016-03-22T00:00:00","date_gmt":"2016-03-22T05:00:00","guid":{"rendered":"https:\/\/relofirm.com\/where_are_the_best_hospitals_in_panama_city\/"},"modified":"2020-01-22T10:28:26","modified_gmt":"2020-01-22T15:28:26","slug":"hospitales-en-panama","status":"publish","type":"page","link":"https:\/\/www.relofirm.com\/es\/hospitales-en-panama\/","title":{"rendered":"Hospitales en Panama"},"content":{"rendered":"<div class=\"menu-relocation-es-container\"><ul id=\"menu-relocation-es\" class=\"menu\"><li id=\"menu-item-7618\" class=\"menu-item menu-item-type-post_type menu-item-object-page menu-item-has-children menu-item-7618\"><a href=\"https:\/\/www.relofirm.com\/es\/mudarse-a-panama\/\">Mudarse a Panam\u00e1<\/a>\n<ul class=\"sub-menu\">\n\t<li id=\"menu-item-7619\" class=\"menu-item menu-item-type-post_type menu-item-object-page menu-item-7619\"><a href=\"https:\/\/www.relofirm.com\/es\/como-obtener-un-permiso-de-trabajo-panameno\/\">Como Obtener un Permiso de Trabajo Paname\u00f1o<\/a><\/li>\n\t<li id=\"menu-item-239338\" class=\"menu-item menu-item-type-post_type menu-item-object-page menu-item-239338\"><a href=\"https:\/\/www.relofirm.com\/es\/ciudadania-panamena\/\">Como Obtener Ciudadan\u00eda Paname\u00f1a<\/a><\/li>\n\t<li id=\"menu-item-7620\" class=\"menu-item menu-item-type-post_type menu-item-object-page menu-item-7620\"><a href=\"https:\/\/www.relofirm.com\/es\/lista-de-las-mejores-escuelas-en-panama\/\">Lista de las Mejores Escuelas en Panam\u00e1<\/a><\/li>\n\t<li id=\"menu-item-7621\" class=\"menu-item menu-item-type-post_type menu-item-object-page menu-item-7621\"><a href=\"https:\/\/www.relofirm.com\/es\/hospitales-en-panama\/\">Hospitales en Panama<\/a><\/li>\n\t<li id=\"menu-item-7622\" class=\"menu-item menu-item-type-post_type menu-item-object-page menu-item-7622\"><a href=\"https:\/\/www.relofirm.com\/es\/como-comprar-un-arma-en-panama\/\">Como Comprar un Arma en Panama<\/a><\/li>\n\t<li id=\"menu-item-7623\" class=\"menu-item menu-item-type-post_type menu-item-object-page menu-item-7623\"><a href=\"https:\/\/www.relofirm.com\/es\/como-importar-armas-a-panama\/\">Como Importar Armas a Panama<\/a><\/li>\n\t<li id=\"menu-item-7624\" class=\"menu-item menu-item-type-post_type menu-item-object-page menu-item-7624\"><a href=\"https:\/\/www.relofirm.com\/es\/como-obtener-una-licencia-de-conducir-en-panama\/\">Como Obtener una Licencia de Conducir en Panama<\/a><\/li>\n\t<li id=\"menu-item-7625\" class=\"menu-item menu-item-type-post_type menu-item-object-page menu-item-7625\"><a href=\"https:\/\/www.relofirm.com\/es\/procedimiento-para-el-registro-de-vehiculos\/\">Procedimiento para el Registro de Veh\u00edculos<\/a><\/li>\n\t<li id=\"menu-item-7626\" class=\"menu-item menu-item-type-post_type menu-item-object-page menu-item-7626\"><a href=\"https:\/\/www.relofirm.com\/es\/conduciendo-en-panama\/\">Conduciendo en Panama<\/a><\/li>\n\t<li id=\"menu-item-7627\" class=\"menu-item menu-item-type-post_type menu-item-object-page menu-item-7627\"><a href=\"https:\/\/www.relofirm.com\/es\/cajas-de-seguridad-en-panama\/\">Cajas de Seguridad en Panam\u00e1<\/a><\/li>\n\t<li id=\"menu-item-7628\" class=\"menu-item menu-item-type-post_type menu-item-object-page menu-item-7628\"><a href=\"https:\/\/www.relofirm.com\/es\/contractacion-de-personal-domestico-en-panama\/\">Contractacion de Personal Domestico en Panama<\/a><\/li>\n\t<li id=\"menu-item-7629\" class=\"menu-item menu-item-type-post_type menu-item-object-page menu-item-7629\"><a href=\"https:\/\/www.relofirm.com\/es\/casarse-en-panama\/\">Casarse en Panam\u00e1<\/a><\/li>\n\t<li id=\"menu-item-7630\" class=\"menu-item menu-item-type-post_type menu-item-object-page menu-item-7630\"><a href=\"https:\/\/www.relofirm.com\/es\/divorciarse-en-panama\/\">Divorciarse en Panama<\/a><\/li>\n\t<li id=\"menu-item-7631\" class=\"menu-item menu-item-type-post_type menu-item-object-page menu-item-7631\"><a href=\"https:\/\/www.relofirm.com\/es\/como-contratar-los-servicios-de-electricidad-gas-y-agua-en-panama\/\">Como Contratar los Servicios de Electricidad, Gas y Agua en Panama<\/a><\/li>\n\t<li id=\"menu-item-7632\" class=\"menu-item menu-item-type-post_type menu-item-object-page menu-item-7632\"><a href=\"https:\/\/www.relofirm.com\/es\/obtenga-en-telefono-celular-en-panama\/\">Obtenga en Telefono Celular en Panama<\/a><\/li>\n\t<li id=\"menu-item-7633\" class=\"menu-item menu-item-type-post_type menu-item-object-page menu-item-7633\"><a href=\"https:\/\/www.relofirm.com\/es\/como-recibir-correspondencia-en-panama\/\">Como Recibir Correspondencia en Panama<\/a><\/li>\n\t<li id=\"menu-item-7634\" class=\"menu-item menu-item-type-post_type menu-item-object-page menu-item-7634\"><a href=\"https:\/\/www.relofirm.com\/es\/como-importar-su-carro-y-articulos-del-hogar-a-panama\/\">Como Importar su Carro y Articulos del Hogar a Panama Libre de Impuesto, en Calidad de Pensionado<\/a><\/li>\n\t<li id=\"menu-item-7635\" class=\"menu-item menu-item-type-post_type menu-item-object-page menu-item-7635\"><a href=\"https:\/\/www.relofirm.com\/es\/como-obtener-una-placa-para-un-vehiculo-nuevo-en-panama\/\">Como Obtener una Placa para un Vehiculo Nuevo en Panama<\/a><\/li>\n\t<li id=\"menu-item-7636\" class=\"menu-item menu-item-type-post_type menu-item-object-page menu-item-7636\"><a href=\"https:\/\/www.relofirm.com\/es\/como-obtener-un-seguro-para-vehiculos-en-panama\/\">Como Obtener un Seguro para Vehiculos en Panama<\/a><\/li>\n\t<li id=\"menu-item-7637\" class=\"menu-item menu-item-type-post_type menu-item-object-page menu-item-7637\"><a href=\"https:\/\/www.relofirm.com\/es\/tener-un-bebe-en-panama\/\">Tener un Bebe en Panama<\/a><\/li>\n\t<li id=\"menu-item-7638\" class=\"menu-item menu-item-type-post_type menu-item-object-page menu-item-7638\"><a href=\"https:\/\/www.relofirm.com\/es\/conducir-un-vehiculo-con-placa-de-panama-hacia-otro-pais\/\">Conducir un Vehiculo con Placa de Panama Hacia Otro Pais<\/a><\/li>\n<\/ul>\n<\/li>\n<\/ul><\/div>\n<p><em><strong>Los mejores hospitales en Ciudad de Panam\u00e1.<\/strong><\/em><\/p>\n<p>Panam\u00e1 posee un excelente sistema de salud y es mucho m\u00e1s barato comparado con los sistemas de salud de Estados Unidos y Europa. En Panam\u00e1 tambi\u00e9n hay varias empresas locales que ofrecen seguros con cobertura de servicios m\u00e9dicos a precios muy accesibles desde Treinta y cinco ($35) D\u00f3lares mensuales. Hay planes de seguro de salud que cubren entre el 80% y el 100% de las cirug\u00edas, hospitalizaci\u00f3n, medicinas y terapias. Los costos de los servicios de salud en Panam\u00e1 pueden llegar a ser hasta de la mitad que en Estados Unidos, algo que muchos extranjeros toman en cuenta.<\/p>\n<p>La Ciudad de Panam\u00e1 posee muchas cl\u00ednicas odontol\u00f3gicas y cuatro grandes hospitales, los cuales se encuentra afiliados a respetables hospitales de los Estados Unidos, ofreciendo adem\u00e1s una atenci\u00f3n de mi primera clase y dotados con equipos de alta tecnolog\u00eda.<br \/>\nServicios m\u00e9dicos regulares, todos los tipos de cirug\u00edas, hospitalizaci\u00f3n y la atenci\u00f3n odontol\u00f3gica menor o mayor, tiene un costo equivalente a la mitad de lo que ser\u00edan en los Estados Unidos o en Europa. Por ejemplo, una resonancia magn\u00e9tica tiene un costo en Panam\u00e1 de alrededor de novecientos ($900) D\u00f3lares, mientras en los Estados Unidos puede costar alrededor de Dos mil ($2000) D\u00f3lares.<\/p>\n<h2>Hospitales en Ciudad de Panam\u00e1<\/h2>\n<p>Los mejores hospitales privados de Panam\u00e1 se encuentran en la capital. Ellos ofrecen los niveles m\u00e1s altos con respecto a la excelencia en la atenci\u00f3n y procedimientos m\u00e9dicos de mayor complejidad, tecnolog\u00eda y equipamiento. Cuatro de ellos se encuentran afiliados a prominentes hospitales de los Estados Unidos.<\/p>\n<p><strong>Los 4 principales hospitales ubicados en Ciudad de Panam\u00e1 son:<\/strong><\/p>\n<h3>Centro M\u00e9dico Paitilla<\/h3>\n<p>Localizado en la Avenida Principal Balboa. Este hospital se encuentra afiliado con la Cl\u00ednica Cleveland y ambos hospitales han mantenido conferencias conjuntas anualmente en Panam\u00e1 durante los \u00faltimos ocho (08) a\u00f1os. Este hospital es conocido por poseer la Unidad Oncol\u00f3gicas m\u00e1s avanzada de Panam\u00e1.<\/p>\n<h3>Cl\u00ednica Hospital San Fernando<\/h3>\n<p>La Cl\u00ednica Hospital San Fernando est\u00e1 ubicada en la concurrida Avenida V\u00eda Espa\u00f1a. Este hospital cuenta con una oficina internacional para ayudar a los expatriados que no est\u00e1n familiarizados con el espa\u00f1ol. La Cl\u00ednica Hospital San Fernando se encuentra afiliado con tres respetables hospitales de los Estados Unidos, como lo son: The Miami Children\u00b4s Hospital, Baptist Health International of Miami and Tulane University Health Services Center.<\/p>\n<h3>Hospital Nacional<\/h3>\n<p>El Hospital Nacional se encuentra ubicado a tan solo tres (3) cuadras de la Avenida Balboa. Este hospital es dirigido por la Sociedad de Gesti\u00f3n Hospitalaria de Am\u00e9rica, la cual se encuentra afiliada al Centro M\u00e9dico Kendall en Florida y el Centro M\u00e9dico de la Universidad de Nebraska.<\/p>\n<h3>Hospital Punta Pac\u00edfica<\/h3>\n<p>Es el hospital m\u00e1s reciente de los otros mencionados anteriormente y es considerado el hospital con la tecnolog\u00eda m\u00e1s avanzada de toda Am\u00e9rica Latina. Ofrecen servicios de video conferencia avanzada que permite a los m\u00e9dicos autorizados de todo el mundo observar las cirug\u00edas, ver y analizar los datos de los pacientes. Este es el \u00fanico hospital de la regi\u00f3n del Caribe y Am\u00e9rica Latina afiliado al John Hopkins Medicine International. El John Hopkins es considerado el hospital n\u00famero 1 de los Estados Unidos de Norteam\u00e9rica.<\/p>\n<p>Muchos m\u00e9dicos de Panam\u00e1 son entrenados en Estados Unidos.<\/p>\n<p>Otra raz\u00f3n por la cual la medicina en Panam\u00e1 ha ganado muy buena reputaci\u00f3n es porque muchos m\u00e9dicos que ejercen en Panam\u00e1 se han entrenado en los Estados Unidos y hablan perfectamente el ingl\u00e9s. Las normas de los mejores hospitales en Panam\u00e1 son comparados favorablemente con los m\u00e1s altos est\u00e1ndares vigentes en los Estados Unidos y Europa.<\/p>\n<p>Los servicios de seguros m\u00e9dicos privados en Panam\u00e1 se encuentran disponibles a trav\u00e9s de algunas compa\u00f1\u00edas aseguradoras incluyendo la Blue Shield, cuyas primas cuestan mucho menos que los seguros en los Estados Unidos. Adicionalmente, los honorarios m\u00e9dicos y las tarifas por estancia y hospitalizaci\u00f3n en Panam\u00e1 son mucho m\u00e1s bajos.<\/p>\n<h2>Planes Hospitalarios en Panam\u00e1.<\/h2>\n<p>Muchos expatriados consideran que los planes de membres\u00eda de los hospitales en Panam\u00e1 son una mejor opci\u00f3n que comprar un seguro m\u00e9dico.<\/p>\n<p>Un Plan Hospitalario Popular en Panam\u00e1 es ofrecido por el Hospital Chiriqu\u00ed en David, la cual es una ciudad que posee alrededor de 100.000 habitantes en el interior del Pa\u00eds. Este es un moderno hospital privado en Panam\u00e1, y atiende a los expatriados que viven en la provincia de Chiriqu\u00ed y a los que viven en provincias m\u00e1s lejanas como en Bocas del Toro. Los miembros afiliados reciben un descuento que va del 50% al 70% en la mayor\u00eda de los procedimientos. Esto para destacar el hecho de que adem\u00e1s es el hospital de m\u00e1s bajo costo.<\/p>\n<p>El Hospital San Fernando en la Ciudad de Panam\u00e1 tambi\u00e9n tiene un plan similar.<\/p>\n<p>Tambi\u00e9n, con los planes hospitalarios en Panam\u00e1, es posible hacer diagn\u00f3stico, cirug\u00eda, hospitalizaci\u00f3n y terapias post operatorias y tratamientos; lo cual representa un gran alivio para algunos expatriados en Panam\u00e1.<\/p>\n<h2>Servicio M\u00e9dico para Turistas en Panam\u00e1<\/h2>\n<p>Muchos extranjeros han tomado ventaja de los servicios de atenci\u00f3n m\u00e9dica trav\u00e9s del Programa de Salud para Turistas, el cual ha aumentado considerablemente su popularidad en la ciudad centroamericana.<\/p>\n<p>El Programa de Salud en Panam\u00e1 es tan bueno, que muchas empresas de \u201cturismo m\u00e9dico\u201d han florecido.<\/p>\n<p>La mayor\u00eda de los participantes provienen de los pa\u00edses donde los servicios de salud son prohibitivamente costosos. Los extranjeros vienen a Panam\u00e1 para practicarse cualquier tipo de procedimiento de cirug\u00eda est\u00e9tica o realizarse trabajos dentales.<\/p>\n<p>Las compa\u00f1\u00edas de Turismo M\u00e9dico en Panam\u00e1 ofrecen ayudan con todos los arreglos incluyendo la reserva para la realizaci\u00f3n de procedimientos m\u00e9dicos, as\u00ed como pasajes a\u00e9reos, transporte y estad\u00edas en hoteles.<\/p>\n<p>Los procedimientos m\u00e9dicos en Panam\u00e1 pueden llegar a costar la mitad del costo en los Estados Unidos. Adicionalmente, la Ciudad de Panam\u00e1 como centro internacional es accesible desde cualquier parte del mundo.<\/p>\n<p>Si desea asistencia en tr\u00e1mites de reubicaci\u00f3n o residencia legal en Panam\u00e1, por favor Cont\u00e1ctenos y gustosamente le brindaremos una atenci\u00f3n personalizada en las oficinas de International Relocation Firm.<\/p>\n","protected":false},"excerpt":{"rendered":"<p>Los mejores hospitales en Ciudad de Panam\u00e1. Panam\u00e1 posee un excelente sistema de salud y es mucho m\u00e1s barato comparado con los sistemas de salud de Estados Unidos y Europa. En Panam\u00e1 tambi\u00e9n hay varias empresas locales que ofrecen seguros con cobertura de servicios m\u00e9dicos a precios muy accesibles desde Treinta y cinco ($35) D\u00f3lares [&hellip;]<\/p>\n","protected":false},"author":7,"featured_media":0,"parent":0,"menu_order":0,"comment_status":"open","ping_status":"open","template":"","meta":{"_et_pb_use_builder":"","_et_pb_old_content":"","_et_gb_content_width":"","inline_featured_image":false},"yoast_head":"<!-- This site is optimized with the Yoast SEO plugin v18.5.1 - https:\/\/yoast.com\/wordpress\/plugins\/seo\/ -->\n<title>Hospitales en Panama - International Relocation Firm<\/title>\n<meta name=\"robots\" content=\"index, follow, max-snippet:-1, max-image-preview:large, max-video-preview:-1\" \/>\n<link rel=\"canonical\" href=\"https:\/\/www.relofirm.com\/es\/hospitales-en-panama\/\" \/>\n<meta property=\"og:locale\" content=\"es_ES\" \/>\n<meta property=\"og:type\" content=\"article\" \/>\n<meta property=\"og:title\" content=\"Hospitales en Panama - International Relocation Firm\" \/>\n<meta property=\"og:description\" content=\"Los mejores hospitales en Ciudad de Panam\u00e1. Panam\u00e1 posee un excelente sistema de salud y es mucho m\u00e1s barato comparado con los sistemas de salud de Estados Unidos y Europa. En Panam\u00e1 tambi\u00e9n hay varias empresas locales que ofrecen seguros con cobertura de servicios m\u00e9dicos a precios muy accesibles desde Treinta y cinco ($35) D\u00f3lares [&hellip;]\" \/>\n<meta property=\"og:url\" content=\"https:\/\/www.relofirm.com\/es\/hospitales-en-panama\/\" \/>\n<meta property=\"og:site_name\" content=\"International Relocation Firm\" \/>\n<meta property=\"article:publisher\" content=\"https:\/\/www.facebook.com\/ReloFirm\/\" \/>\n<meta property=\"article:modified_time\" content=\"2020-01-22T15:28:26+00:00\" \/>\n<meta name=\"twitter:label1\" content=\"Tiempo de lectura\" \/>\n\t<meta name=\"twitter:data1\" content=\"5 minutos\" \/>\n<!-- \/ Yoast SEO plugin. -->","yoast_head_json":{"title":"Hospitales en Panama - International Relocation Firm","robots":{"index":"index","follow":"follow","max-snippet":"max-snippet:-1","max-image-preview":"max-image-preview:large","max-video-preview":"max-video-preview:-1"},"canonical":"https:\/\/www.relofirm.com\/es\/hospitales-en-panama\/","og_locale":"es_ES","og_type":"article","og_title":"Hospitales en Panama - International Relocation Firm","og_description":"Los mejores hospitales en Ciudad de Panam\u00e1. Panam\u00e1 posee un excelente sistema de salud y es mucho m\u00e1s barato comparado con los sistemas de salud de Estados Unidos y Europa. En Panam\u00e1 tambi\u00e9n hay varias empresas locales que ofrecen seguros con cobertura de servicios m\u00e9dicos a precios muy accesibles desde Treinta y cinco ($35) D\u00f3lares [&hellip;]","og_url":"https:\/\/www.relofirm.com\/es\/hospitales-en-panama\/","og_site_name":"International Relocation Firm","article_publisher":"https:\/\/www.facebook.com\/ReloFirm\/","article_modified_time":"2020-01-22T15:28:26+00:00","twitter_misc":{"Tiempo de lectura":"5 minutos"},"schema":{"@context":"https:\/\/schema.org","@graph":[{"@type":"Organization","@id":"https:\/\/www.relofirm.com\/#organization","name":"International Relocation Firm","url":"https:\/\/www.relofirm.com\/","sameAs":["https:\/\/www.facebook.com\/ReloFirm\/","https:\/\/www.linkedin.com\/company\/relo-firm","https:\/\/twitter.com\/polslegal"],"logo":{"@type":"ImageObject","@id":"https:\/\/www.relofirm.com\/#logo","inLanguage":"es","url":"https:\/\/www.relofirm.com\/wp-content\/uploads\/2021\/11\/relofirm-logo.svg","contentUrl":"https:\/\/www.relofirm.com\/wp-content\/uploads\/2021\/11\/relofirm-logo.svg","width":1485,"height":516,"caption":"International Relocation Firm"},"image":{"@id":"https:\/\/www.relofirm.com\/#logo"}},{"@type":"WebSite","@id":"https:\/\/www.relofirm.com\/#website","url":"https:\/\/www.relofirm.com\/","name":"International Relocation Firm","description":"","publisher":{"@id":"https:\/\/www.relofirm.com\/#organization"},"potentialAction":[{"@type":"SearchAction","target":{"@type":"EntryPoint","urlTemplate":"https:\/\/www.relofirm.com\/?s={search_term_string}"},"query-input":"required name=search_term_string"}],"inLanguage":"es"},{"@type":"WebPage","@id":"https:\/\/www.relofirm.com\/es\/hospitales-en-panama\/#webpage","url":"https:\/\/www.relofirm.com\/es\/hospitales-en-panama\/","name":"Hospitales en Panama - International Relocation Firm","isPartOf":{"@id":"https:\/\/www.relofirm.com\/#website"},"datePublished":"2016-03-22T05:00:00+00:00","dateModified":"2020-01-22T15:28:26+00:00","breadcrumb":{"@id":"https:\/\/www.relofirm.com\/es\/hospitales-en-panama\/#breadcrumb"},"inLanguage":"es","potentialAction":[{"@type":"ReadAction","target":["https:\/\/www.relofirm.com\/es\/hospitales-en-panama\/"]}]},{"@type":"BreadcrumbList","@id":"https:\/\/www.relofirm.com\/es\/hospitales-en-panama\/#breadcrumb","itemListElement":[{"@type":"ListItem","position":1,"name":"Home","item":"https:\/\/www.relofirm.com\/es\/"},{"@type":"ListItem","position":2,"name":"Hospitales en Panama"}]}]}},"_links":{"self":[{"href":"https:\/\/www.relofirm.com\/es\/wp-json\/wp\/v2\/pages\/7129"}],"collection":[{"href":"https:\/\/www.relofirm.com\/es\/wp-json\/wp\/v2\/pages"}],"about":[{"href":"https:\/\/www.relofirm.com\/es\/wp-json\/wp\/v2\/types\/page"}],"author":[{"embeddable":true,"href":"https:\/\/www.relofirm.com\/es\/wp-json\/wp\/v2\/users\/7"}],"replies":[{"embeddable":true,"href":"https:\/\/www.relofirm.com\/es\/wp-json\/wp\/v2\/comments?post=7129"}],"version-history":[{"count":1,"href":"https:\/\/www.relofirm.com\/es\/wp-json\/wp\/v2\/pages\/7129\/revisions"}],"predecessor-version":[{"id":7957,"href":"https:\/\/www.relofirm.com\/es\/wp-json\/wp\/v2\/pages\/7129\/revisions\/7957"}],"wp:attachment":[{"href":"https:\/\/www.relofirm.com\/es\/wp-json\/wp\/v2\/media?parent=7129"}],"curies":[{"name":"wp","href":"https:\/\/api.w.org\/{rel}","templated":true}]}}