{"id":7127,"date":"2016-03-02T00:00:00","date_gmt":"2016-03-02T05:00:00","guid":{"rendered":"https:\/\/relofirm.com\/parents_of_a_child_born_in_panama_can_become_permanent_residents\/"},"modified":"2020-01-22T10:31:42","modified_gmt":"2020-01-22T15:31:42","slug":"los-padres-de-ninos-nacidos-en-panama-podran-convertirse-en-residentes-permanentes","status":"publish","type":"page","link":"https:\/\/www.relofirm.com\/es\/los-padres-de-ninos-nacidos-en-panama-podran-convertirse-en-residentes-permanentes\/","title":{"rendered":"Los Padres de Ninos Nacidos en Panama Podran Convertirse en Residentes Permanentes"},"content":{"rendered":"<div class=\"menu-immigration-en-container\"><ul id=\"menu-immigration-en\" class=\"menu\"><li id=\"menu-item-7642\" class=\"menu-item menu-item-type-post_type menu-item-object-page menu-item-has-children menu-item-7642\"><a href=\"https:\/\/www.relofirm.com\/es\/visas-para-panama-panama-inmigracion\/\">Visas para Panam\u00e1: Panam\u00e1 Inmigraci\u00f3n<\/a>\n<ul class=\"sub-menu\">\n\t<li id=\"menu-item-7643\" class=\"menu-item menu-item-type-post_type menu-item-object-page menu-item-7643\"><a href=\"https:\/\/www.relofirm.com\/es\/como-obtener-residencia-permanente-en-panama\/\">Como Obtener Residencia Permanente en Panam\u00e1<\/a><\/li>\n\t<li id=\"menu-item-7644\" class=\"menu-item menu-item-type-post_type menu-item-object-page menu-item-7644\"><a href=\"https:\/\/www.relofirm.com\/es\/visas-de-paises-amigos-de-panama\/\">Visas de Paises Amigos de Panama<\/a><\/li>\n\t<li id=\"menu-item-7645\" class=\"menu-item menu-item-type-post_type menu-item-object-page menu-item-7645\"><a href=\"https:\/\/www.relofirm.com\/es\/visas-de-pensionado-en-panama-visa-jubilados\/\">Visas de Pensionado en Panama (Visa Jubilados)<\/a><\/li>\n\t<li id=\"menu-item-10943\" class=\"menu-item menu-item-type-post_type menu-item-object-page menu-item-10943\"><a href=\"https:\/\/www.relofirm.com\/es\/residente-permanente-en-calidad-de-inversionista-calificado\/\">Residente Permanente en Calidad de Inversionista Calificado<\/a><\/li>\n\t<li id=\"menu-item-7646\" class=\"menu-item menu-item-type-post_type menu-item-object-page menu-item-7646\"><a href=\"https:\/\/www.relofirm.com\/es\/visa-de-auto-solvencia-economica-en-panama\/\">Visa de Auto Solvencia Econ\u00f3mica en Panama<\/a><\/li>\n\t<li id=\"menu-item-7647\" class=\"menu-item menu-item-type-post_type menu-item-object-page menu-item-7647\"><a href=\"https:\/\/www.relofirm.com\/es\/visa-de-reforestacion\/\">Visa de Reforestaci\u00f3n<\/a><\/li>\n\t<li id=\"menu-item-7648\" class=\"menu-item menu-item-type-post_type menu-item-object-page menu-item-7648\"><a href=\"https:\/\/www.relofirm.com\/es\/programa-de-inversionista-agricola\/\">Programa de Inversionista Agr\u00edcola<\/a><\/li>\n\t<li id=\"menu-item-7649\" class=\"menu-item menu-item-type-post_type menu-item-object-page menu-item-7649\"><a href=\"https:\/\/www.relofirm.com\/es\/programa-de-inversionista-en-zona-procesadora-libre-de-impuestos\/\">Programa de Inversionista en Zona Procesadora Libre de Impuestos<\/a><\/li>\n\t<li id=\"menu-item-7650\" class=\"menu-item menu-item-type-post_type menu-item-object-page menu-item-7650\"><a href=\"https:\/\/www.relofirm.com\/es\/visa-de-trabajo-para-la-ciudad-del-saber\/\">Visa de Trabajo para la Ciudad del Saber<\/a><\/li>\n\t<li id=\"menu-item-7651\" class=\"menu-item menu-item-type-post_type menu-item-object-page menu-item-7651\"><a href=\"https:\/\/www.relofirm.com\/es\/visa-de-misionero\/\">Visa de Misionero<\/a><\/li>\n\t<li id=\"menu-item-7652\" class=\"menu-item menu-item-type-post_type menu-item-object-page menu-item-7652\"><a href=\"https:\/\/www.relofirm.com\/es\/visa-de-estudiante-panama\/\">Visa de Estudiante Panama<\/a><\/li>\n\t<li id=\"menu-item-7653\" class=\"menu-item menu-item-type-post_type menu-item-object-page menu-item-7653\"><a href=\"https:\/\/www.relofirm.com\/es\/inmigracion-panamena-visa-de-multiples-entradas-y-salidas\/\">Inmigracion Panamena Visa de M\u00faltiples Entradas y Salidas<\/a><\/li>\n\t<li id=\"menu-item-7654\" class=\"menu-item menu-item-type-post_type menu-item-object-page menu-item-7654\"><a href=\"https:\/\/www.relofirm.com\/es\/visa-de-turista-en-panama\/\">Visa de Turista en Panam\u00e1<\/a><\/li>\n\t<li id=\"menu-item-7655\" class=\"menu-item menu-item-type-post_type menu-item-object-page menu-item-7655\"><a href=\"https:\/\/www.relofirm.com\/es\/autorizacion-de-visa-de-turista-en-panama\/\">Autorizacion de visa de Turista en Panama<\/a><\/li>\n\t<li id=\"menu-item-7656\" class=\"menu-item menu-item-type-post_type menu-item-object-page menu-item-7656\"><a href=\"https:\/\/www.relofirm.com\/es\/visa-de-marino-en-panama\/\">Visa de Marino en Panama<\/a><\/li>\n\t<li id=\"menu-item-7657\" class=\"menu-item menu-item-type-post_type menu-item-object-page menu-item-7657\"><a href=\"https:\/\/www.relofirm.com\/es\/visa-de-trabajadores-especialistas-en-panama\/\">Visa de Trabajadores Especialistas en Panama<\/a><\/li>\n\t<li id=\"menu-item-7658\" class=\"menu-item menu-item-type-post_type menu-item-object-page menu-item-7658\"><a href=\"https:\/\/www.relofirm.com\/es\/visa-de-residencia-en-panama-para-ciudadanos-italianos\/\">Visa de Residencia en Panama para Ciudadanos Italianos<\/a><\/li>\n\t<li id=\"menu-item-7659\" class=\"menu-item menu-item-type-post_type menu-item-object-page menu-item-7659\"><a href=\"https:\/\/www.relofirm.com\/es\/visa-para-trabajadores-eventuales-en-la-cultura-deporte-o-educacion\/\">Visa para Trabajadores Eventuales en la Cultura, Deporte o Educacion<\/a><\/li>\n\t<li id=\"menu-item-7660\" class=\"menu-item menu-item-type-post_type menu-item-object-page menu-item-7660\"><a href=\"https:\/\/www.relofirm.com\/es\/visa-de-trabajadores-domesticos-en-panama\/\">Visa de Trabajadores Dom\u00e9sticos en Panam\u00e1<\/a><\/li>\n\t<li id=\"menu-item-7661\" class=\"menu-item menu-item-type-post_type menu-item-object-page menu-item-7661\"><a href=\"https:\/\/www.relofirm.com\/es\/visas-de-corta-estancia-en-panama\/\">Visas de Corta Estancia en Panama<\/a><\/li>\n\t<li id=\"menu-item-7662\" class=\"menu-item menu-item-type-post_type menu-item-object-page menu-item-7662\"><a href=\"https:\/\/www.relofirm.com\/es\/visa-de-pasajeros-y-tripulantes-de-naves-con-fines-de-recreo-o-turismo-en-panama\/\">Visa de Pasajeros y Tripulantes de Naves con Fines de Recreo o Turismo en Panam\u00e1<\/a><\/li>\n\t<li id=\"menu-item-7663\" class=\"menu-item menu-item-type-post_type menu-item-object-page menu-item-7663\"><a href=\"https:\/\/www.relofirm.com\/es\/visa-de-trabajo-en-panama-para-residencia-temporal\/\">Visa de Trabajo en Panama para Residencia Temporal<\/a><\/li>\n\t<li id=\"menu-item-7664\" class=\"menu-item menu-item-type-post_type menu-item-object-page menu-item-7664\"><a href=\"https:\/\/www.relofirm.com\/es\/visas-de-residencia-temporal-en-panama-por-razones-especiales\/\">Visas de Residencia Temporal en Panama por Razones Especiales<\/a><\/li>\n\t<li id=\"menu-item-7665\" class=\"menu-item menu-item-type-post_type menu-item-object-page menu-item-7665\"><a href=\"https:\/\/www.relofirm.com\/es\/permisos-temporales-por-razones-humanitarias-en-panama\/\">Permisos Temporales por Razones Humanitarias en Panam\u00e1<\/a><\/li>\n\t<li id=\"menu-item-7666\" class=\"menu-item menu-item-type-post_type menu-item-object-page menu-item-7666\"><a href=\"https:\/\/www.relofirm.com\/es\/visas-por-politicas-especiales-en-panama\/\">Visas por Pol\u00edticas Especiales en Panam\u00e1<\/a><\/li>\n\t<li id=\"menu-item-7667\" class=\"menu-item menu-item-type-post_type menu-item-object-page menu-item-7667\"><a href=\"https:\/\/www.relofirm.com\/es\/visas-de-residencia-permanente-de-reagrupacion-familiar-en-panama\/\">Visas de Residencia Permanente de Reagrupaci\u00f3n Familiar en Panam\u00e1<\/a><\/li>\n\t<li id=\"menu-item-7668\" class=\"menu-item menu-item-type-post_type menu-item-object-page menu-item-7668\"><a href=\"https:\/\/www.relofirm.com\/es\/visas-para-extranjeros-bajo-proteccion-del-estado-refugiados\/\">Visas para Extranjeros Bajo Protecci\u00f3n del Estado (Refugiados)<\/a><\/li>\n\t<li id=\"menu-item-7669\" class=\"menu-item menu-item-type-post_type menu-item-object-page menu-item-7669\"><a href=\"https:\/\/www.relofirm.com\/es\/cambio-del-estatus-migratorio-de-panama\/\">Cambio del Estatus Migratorio de Panama<\/a><\/li>\n\t<li id=\"menu-item-7670\" class=\"menu-item menu-item-type-post_type menu-item-object-page menu-item-7670\"><a href=\"https:\/\/www.relofirm.com\/es\/control-migratorio-de-panama\/\">Control Migratorio de Panam\u00e1<\/a><\/li>\n\t<li id=\"menu-item-7672\" class=\"menu-item menu-item-type-post_type menu-item-object-page menu-item-7672\"><a href=\"https:\/\/www.relofirm.com\/es\/introduccion-de-mascotas-a-panama\/\">Introducci\u00f3n de Mascotas a Panam\u00e1<\/a><\/li>\n\t<li id=\"menu-item-7673\" class=\"menu-item menu-item-type-post_type menu-item-object-page menu-item-7673\"><a href=\"https:\/\/www.relofirm.com\/es\/verificacion-de-antecedentes-penales-en-panama\/\">Verificacion de Antecedentes Penales en Panama<\/a><\/li>\n\t<li id=\"menu-item-7674\" class=\"menu-item menu-item-type-post_type menu-item-object-page menu-item-7674\"><a href=\"https:\/\/www.relofirm.com\/es\/los-padres-de-ninos-nacidos-en-panama-podran-convertirse-en-residentes-permanentes\/\">Los Padres de Ninos Nacidos en Panama Podran Convertirse en Residentes Permanentes<\/a><\/li>\n\t<li id=\"menu-item-7675\" class=\"menu-item menu-item-type-post_type menu-item-object-page menu-item-7675\"><a href=\"https:\/\/www.relofirm.com\/es\/como-obetener-un-certificado-de-nacimiento-defuncion\/\">Certificado de Nacimiento o de Defuncion de Personas Nacidas en el Area del Canal<\/a><\/li>\n<\/ul>\n<\/li>\n<\/ul><\/div>\n<hr \/>\n<p>En el a\u00f1o 2012, el entonces presidente firm\u00f3 una nueva ley en la que se permite a los extranjeros que tuvieran un ni\u00f1o nacido en Panam\u00e1 en los \u00faltimos cinco (5) a\u00f1os para calificar a la residencia permanente.<br \/>\nLos inmigrantes ilegales y extranjeros que se quedaron en Panam\u00e1 m\u00e1s tiempo del permitido en sus Visas y que tuvieron hijos nacidos en Panam\u00e1 crearon un rompecabezas legal. La madre fue considerada ilegal y sujeta de detenci\u00f3n y deportaci\u00f3n, mientras que el ni\u00f1o era un ciudadano paname\u00f1o.<\/p>\n<h3>Que ocurre con el ni\u00f1o paname\u00f1o cuando su madre es deportada?<\/h3>\n<p>Se presentaron conflictos con las leyes paname\u00f1as en relaci\u00f3n a los derechos de las madres de ni\u00f1os paname\u00f1os y el bienestar de un ni\u00f1o en Panam\u00e1, con las leyes de migraci\u00f3n en relaci\u00f3n con los extranjeros ilegales.<\/p>\n<p>Deportar a la madre y dejar al ni\u00f1o bajo la tutela del Gobierno?<\/p>\n<p>Forzar al ni\u00f1o nacido en Panam\u00e1 a ser deportado junto con su madre ilegal?<\/p>\n<p><strong>La Constituci\u00f3n Paname\u00f1a proh\u00edbe que los ciudadanos Paname\u00f1os sean extraditados<\/strong> y podr\u00eda afirmarse que la deportaci\u00f3n se constituye en una expulsi\u00f3n similar. Estas contradicciones legales nunca fueron resueltas por las leyes ni por la corte, por tanto, miles de madres extranjeras ilegales pudieron permanecer en Panam\u00e1 mientras se encargaran del cuidado de los ni\u00f1os menores nacidos en Panam\u00e1.<\/p>\n<h2>Requisitos de Calificaci\u00f3n y Documentos Requeridos<\/h2>\n<p>La nueva ley resuelve \u00e9ste problema convirtiendo a los padres del ni\u00f1o nacido en Panam\u00e1 en residentes permanentes de Panam\u00e1.\u00a0A continuaci\u00f3n presentamos los requisitos que deber\u00e1n ser consignados para aplicar por dicha solicitud:<\/p>\n<ul>\n<li>El ni\u00f1o nacido en Panam\u00e1 debe tener cumplidos al menos cinco (5) a\u00f1os al momento de que su madre o su padre, o ambos decidan aplicar por la residencia.<\/li>\n<li>El Registro Criminal de ambos padres, emitido por la Polic\u00eda del pa\u00eds de origen debe ser presentado. Para el caso de los ciudadanos Estadounidenses, deber\u00e1 ser emitido por el FBI.<\/li>\n<li>Si uno o ambos padres han vivido en Panam\u00e1 sin salir del Pa\u00eds por un m\u00ednimo de dos (2) a\u00f1os, \u00c9l o Ella podr\u00e1 obtener la constancia de antecedentes criminales emitido por la Polic\u00eda de Panam\u00e1 (Departamento de Investigaciones Judiciales).<\/li>\n<li>Presentar una carta de responsabilidad firmada por un ciudadano paname\u00f1o.<\/li>\n<li>Constancia de solvencia econ\u00f3mica, tales como una carta emitida por un Banco Paname\u00f1o reflejando los saldos disponibles en las cuentas del solicitante y del ciudadano paname\u00f1o que consign\u00f3 la carta de responsabilidad.<\/li>\n<li>Certificado de nacimiento original del ni\u00f1o nacido en Panam\u00e1 emitido por el Registro Civil de Panam\u00e1.<\/li>\n<\/ul>\n<h2>Costos Estimados<\/h2>\n<p>El costo para los padres ser\u00e1n los siguientes:<\/p>\n<ul>\n<li>Mil cincuenta ($1050) D\u00f3lares por honorarios de solicitud para el Servicio Nacional de Migraci\u00f3n<\/li>\n<li>Ciento cincuenta ($150) D\u00f3lares por concepto de carnet de residencia permanente. (Carnet de Identificaci\u00f3n)<\/li>\n<li>Sesenta ($60) D\u00f3lares para la Notar\u00eda.<\/li>\n<li>Veinte ($20) D\u00f3lares por honorarios de Traductores oficiales por p\u00e1gina traducida.<\/li>\n<li>Cincuenta ($50) D\u00f3lares por Visa de Entrada y Salida Multiple (Si el solicitante pretende salir y retornar al Pa\u00eds antes de que su Visa de Residencia Permanente sea otorgada)<\/li>\n<\/ul>\n<p>Total Estimado de Costos: Un mil trescientos treinta ($1330) D\u00f3lares.<\/p>\n<p>Los honorarios del Abogado ser\u00e1n de Dos mil ($2,000) D\u00f3lares Americanos para el solicitante principal y Un mil quinientos ($1,500) D\u00f3lares para el c\u00f3nyuge.<\/p>\n<p>Si uno o ambos padres son residentes temporales y no disponen de la opci\u00f3n para convertirse en residentes permanentes, entonces podr\u00e1 aplicarse la siguiente ley.<\/p>\n<p>Con la reciente incorporaci\u00f3n de la Visa de V\u00eda R\u00e1pida para la residencia permanente para los ciudadanos de 47 pa\u00edses amigos que tengan la intenci\u00f3n de vivir en Panam\u00e1 y trabajar como profesional o convertirse en due\u00f1o de su propio negocio, se les est\u00e1 abriendo verdaderamente las puertas a los nuevos inmigrantes.<\/p>\n<p>Las leyes paname\u00f1as requieren la contrataci\u00f3n de un abogado en Panam\u00e1 para canalizar el tr\u00e1mite de solicitud de Visa de Residencia en Panam\u00e1. Antes de solicitar la Residencia Permanente, le recomendamos que consulte con una empresa o firma de abogados confiable y competente en materia de Inmigraci\u00f3n en Panam\u00e1.<\/p>\n<p>Si usted est\u00e1 interesado en reubicarse o en establecer su residencia legal en Panam\u00e1, cont\u00e1ctenos y gustosamente le brindaremos una consulta personalizada en las oficinas de nuestra firma de abogados International Relocation Firm.<\/p>\n","protected":false},"excerpt":{"rendered":"<p>En el a\u00f1o 2012, el entonces presidente firm\u00f3 una nueva ley en la que se permite a los extranjeros que tuvieran un ni\u00f1o nacido en Panam\u00e1 en los \u00faltimos cinco (5) a\u00f1os para calificar a la residencia permanente. Los inmigrantes ilegales y extranjeros que se quedaron en Panam\u00e1 m\u00e1s tiempo del permitido en sus Visas [&hellip;]<\/p>\n","protected":false},"author":7,"featured_media":0,"parent":0,"menu_order":0,"comment_status":"open","ping_status":"open","template":"","meta":{"_et_pb_use_builder":"","_et_pb_old_content":"","_et_gb_content_width":"","inline_featured_image":false,"footnotes":""},"class_list":["post-7127","page","type-page","status-publish","hentry"],"yoast_head":"<!-- This site is optimized with the Yoast SEO plugin v27.5 - https:\/\/yoast.com\/product\/yoast-seo-wordpress\/ -->\n<title>Los Padres de Ninos Nacidos en Panama Podran Convertirse en Residentes Permanentes - International Relocation Firm<\/title>\n<meta name=\"robots\" content=\"index, follow, max-snippet:-1, max-image-preview:large, max-video-preview:-1\" \/>\n<link rel=\"canonical\" href=\"https:\/\/www.relofirm.com\/es\/los-padres-de-ninos-nacidos-en-panama-podran-convertirse-en-residentes-permanentes\/\" \/>\n<meta name=\"twitter:label1\" content=\"Tiempo de lectura\" \/>\n\t<meta name=\"twitter:data1\" content=\"4 minutos\" \/>\n<!-- \/ Yoast SEO plugin. -->","yoast_head_json":{"title":"Los Padres de Ninos Nacidos en Panama Podran Convertirse en Residentes Permanentes - International Relocation Firm","robots":{"index":"index","follow":"follow","max-snippet":"max-snippet:-1","max-image-preview":"max-image-preview:large","max-video-preview":"max-video-preview:-1"},"canonical":"https:\/\/www.relofirm.com\/es\/los-padres-de-ninos-nacidos-en-panama-podran-convertirse-en-residentes-permanentes\/","twitter_misc":{"Tiempo de lectura":"4 minutos"},"schema":{"@context":"https:\/\/schema.org","@graph":[{"@type":"WebPage","@id":"https:\/\/www.relofirm.com\/es\/los-padres-de-ninos-nacidos-en-panama-podran-convertirse-en-residentes-permanentes\/","url":"https:\/\/www.relofirm.com\/es\/los-padres-de-ninos-nacidos-en-panama-podran-convertirse-en-residentes-permanentes\/","name":"Los Padres de Ninos Nacidos en Panama Podran Convertirse en Residentes Permanentes - International Relocation Firm","isPartOf":{"@id":"https:\/\/www.relofirm.com\/#website"},"datePublished":"2016-03-02T05:00:00+00:00","dateModified":"2020-01-22T15:31:42+00:00","breadcrumb":{"@id":"https:\/\/www.relofirm.com\/es\/los-padres-de-ninos-nacidos-en-panama-podran-convertirse-en-residentes-permanentes\/#breadcrumb"},"inLanguage":"es","potentialAction":[{"@type":"ReadAction","target":["https:\/\/www.relofirm.com\/es\/los-padres-de-ninos-nacidos-en-panama-podran-convertirse-en-residentes-permanentes\/"]}]},{"@type":"BreadcrumbList","@id":"https:\/\/www.relofirm.com\/es\/los-padres-de-ninos-nacidos-en-panama-podran-convertirse-en-residentes-permanentes\/#breadcrumb","itemListElement":[{"@type":"ListItem","position":1,"name":"Home","item":"https:\/\/www.relofirm.com\/es\/"},{"@type":"ListItem","position":2,"name":"Los Padres de Ninos Nacidos en Panama Podran Convertirse en Residentes Permanentes"}]},{"@type":"WebSite","@id":"https:\/\/www.relofirm.com\/#website","url":"https:\/\/www.relofirm.com\/","name":"International Relocation Firm","description":"","publisher":{"@id":"https:\/\/www.relofirm.com\/#organization"},"potentialAction":[{"@type":"SearchAction","target":{"@type":"EntryPoint","urlTemplate":"https:\/\/www.relofirm.com\/?s={search_term_string}"},"query-input":{"@type":"PropertyValueSpecification","valueRequired":true,"valueName":"search_term_string"}}],"inLanguage":"es"},{"@type":"Organization","@id":"https:\/\/www.relofirm.com\/#organization","name":"International Relocation Firm","url":"https:\/\/www.relofirm.com\/","logo":{"@type":"ImageObject","inLanguage":"es","@id":"https:\/\/www.relofirm.com\/#\/schema\/logo\/image\/","url":"https:\/\/www.relofirm.com\/wp-content\/uploads\/2021\/11\/relofirm-logo.svg","contentUrl":"https:\/\/www.relofirm.com\/wp-content\/uploads\/2021\/11\/relofirm-logo.svg","width":1485,"height":516,"caption":"International Relocation Firm"},"image":{"@id":"https:\/\/www.relofirm.com\/#\/schema\/logo\/image\/"},"sameAs":["https:\/\/www.facebook.com\/PanamaOffshoreLegalServices","https:\/\/x.com\/polslegal"]}]}},"_links":{"self":[{"href":"https:\/\/www.relofirm.com\/es\/wp-json\/wp\/v2\/pages\/7127","targetHints":{"allow":["GET"]}}],"collection":[{"href":"https:\/\/www.relofirm.com\/es\/wp-json\/wp\/v2\/pages"}],"about":[{"href":"https:\/\/www.relofirm.com\/es\/wp-json\/wp\/v2\/types\/page"}],"author":[{"embeddable":true,"href":"https:\/\/www.relofirm.com\/es\/wp-json\/wp\/v2\/users\/7"}],"replies":[{"embeddable":true,"href":"https:\/\/www.relofirm.com\/es\/wp-json\/wp\/v2\/comments?post=7127"}],"version-history":[{"count":1,"href":"https:\/\/www.relofirm.com\/es\/wp-json\/wp\/v2\/pages\/7127\/revisions"}],"predecessor-version":[{"id":7981,"href":"https:\/\/www.relofirm.com\/es\/wp-json\/wp\/v2\/pages\/7127\/revisions\/7981"}],"wp:attachment":[{"href":"https:\/\/www.relofirm.com\/es\/wp-json\/wp\/v2\/media?parent=7127"}],"curies":[{"name":"wp","href":"https:\/\/api.w.org\/{rel}","templated":true}]}}