{"id":7125,"date":"2016-02-09T00:00:00","date_gmt":"2016-02-09T05:00:00","guid":{"rendered":"https:\/\/relofirm.com\/panama_residency_for_italian_citizens\/"},"modified":"2020-01-22T10:40:19","modified_gmt":"2020-01-22T15:40:19","slug":"visa-de-residencia-en-panama-para-ciudadanos-italianos","status":"publish","type":"page","link":"https:\/\/www.relofirm.com\/es\/visa-de-residencia-en-panama-para-ciudadanos-italianos\/","title":{"rendered":"Visa de Residencia en Panama para Ciudadanos Italianos"},"content":{"rendered":"<div class=\"menu-immigration-en-container\"><ul id=\"menu-immigration-en\" class=\"menu\"><li id=\"menu-item-7642\" class=\"menu-item menu-item-type-post_type menu-item-object-page menu-item-has-children menu-item-7642\"><a href=\"https:\/\/www.relofirm.com\/es\/visas-para-panama-panama-inmigracion\/\">Visas para Panam\u00e1: Panam\u00e1 Inmigraci\u00f3n<\/a>\n<ul class=\"sub-menu\">\n\t<li id=\"menu-item-7643\" class=\"menu-item menu-item-type-post_type menu-item-object-page menu-item-7643\"><a href=\"https:\/\/www.relofirm.com\/es\/como-obtener-residencia-permanente-en-panama\/\">Como Obtener Residencia Permanente en Panam\u00e1<\/a><\/li>\n\t<li id=\"menu-item-237536\" class=\"menu-item menu-item-type-post_type menu-item-object-page menu-item-237536\"><a href=\"https:\/\/www.relofirm.com\/es\/visas-para-panama-panama-inmigracion\/naturalizacion\/\">Naturalizaci\u00f3n en Panam\u00e1<\/a><\/li>\n\t<li id=\"menu-item-7644\" class=\"menu-item menu-item-type-post_type menu-item-object-page menu-item-7644\"><a href=\"https:\/\/www.relofirm.com\/es\/visas-de-paises-amigos-de-panama\/\">Visas de Paises Amigos de Panama<\/a><\/li>\n\t<li id=\"menu-item-7645\" class=\"menu-item menu-item-type-post_type menu-item-object-page menu-item-7645\"><a href=\"https:\/\/www.relofirm.com\/es\/visas-de-pensionado-en-panama-visa-jubilados\/\">Visa de Pensionado en Panam\u00e1 (Visa Jubilados)<\/a><\/li>\n\t<li id=\"menu-item-10943\" class=\"menu-item menu-item-type-post_type menu-item-object-page menu-item-10943\"><a href=\"https:\/\/www.relofirm.com\/es\/residente-permanente-en-calidad-de-inversionista-calificado\/\">Residente Permanente en Calidad de Inversionista Calificado<\/a><\/li>\n\t<li id=\"menu-item-7646\" class=\"menu-item menu-item-type-post_type menu-item-object-page menu-item-7646\"><a href=\"https:\/\/www.relofirm.com\/es\/visa-de-auto-solvencia-economica-en-panama\/\">Visa de Auto Solvencia Econ\u00f3mica en Panama<\/a><\/li>\n\t<li id=\"menu-item-7647\" class=\"menu-item menu-item-type-post_type menu-item-object-page menu-item-7647\"><a href=\"https:\/\/www.relofirm.com\/es\/visa-de-reforestacion\/\">Visa de Reforestaci\u00f3n<\/a><\/li>\n\t<li id=\"menu-item-7648\" class=\"menu-item menu-item-type-post_type menu-item-object-page menu-item-7648\"><a href=\"https:\/\/www.relofirm.com\/es\/programa-de-inversionista-agricola\/\">Programa de Inversionista Agr\u00edcola<\/a><\/li>\n\t<li id=\"menu-item-7649\" class=\"menu-item menu-item-type-post_type menu-item-object-page menu-item-7649\"><a href=\"https:\/\/www.relofirm.com\/es\/programa-de-inversionista-en-zona-procesadora-libre-de-impuestos\/\">Programa de Inversionista en Zona Procesadora Libre de Impuestos<\/a><\/li>\n\t<li id=\"menu-item-7650\" class=\"menu-item menu-item-type-post_type menu-item-object-page menu-item-7650\"><a href=\"https:\/\/www.relofirm.com\/es\/visa-de-trabajo-para-la-ciudad-del-saber\/\">Visa de Trabajo para la Ciudad del Saber<\/a><\/li>\n\t<li id=\"menu-item-7651\" class=\"menu-item menu-item-type-post_type menu-item-object-page menu-item-7651\"><a href=\"https:\/\/www.relofirm.com\/es\/visa-de-misionero\/\">Visa de Misionero<\/a><\/li>\n\t<li id=\"menu-item-7652\" class=\"menu-item menu-item-type-post_type menu-item-object-page menu-item-7652\"><a href=\"https:\/\/www.relofirm.com\/es\/visa-de-estudiante-panama\/\">Visa de Estudiante Panama<\/a><\/li>\n\t<li id=\"menu-item-7653\" class=\"menu-item menu-item-type-post_type menu-item-object-page menu-item-7653\"><a href=\"https:\/\/www.relofirm.com\/es\/inmigracion-panamena-visa-de-multiples-entradas-y-salidas\/\">Inmigracion Panamena Visa de M\u00faltiples Entradas y Salidas<\/a><\/li>\n\t<li id=\"menu-item-7654\" class=\"menu-item menu-item-type-post_type menu-item-object-page menu-item-7654\"><a href=\"https:\/\/www.relofirm.com\/es\/visa-de-turista-en-panama\/\">Visa de Turista en Panam\u00e1<\/a><\/li>\n\t<li id=\"menu-item-7655\" class=\"menu-item menu-item-type-post_type menu-item-object-page menu-item-7655\"><a href=\"https:\/\/www.relofirm.com\/es\/autorizacion-de-visa-de-turista-en-panama\/\">Autorizacion de visa de Turista en Panama<\/a><\/li>\n\t<li id=\"menu-item-7656\" class=\"menu-item menu-item-type-post_type menu-item-object-page menu-item-7656\"><a href=\"https:\/\/www.relofirm.com\/es\/visa-de-marino-en-panama\/\">Visa de Marino en Panama<\/a><\/li>\n\t<li id=\"menu-item-7657\" class=\"menu-item menu-item-type-post_type menu-item-object-page menu-item-7657\"><a href=\"https:\/\/www.relofirm.com\/es\/visa-de-trabajadores-especialistas-en-panama\/\">Visa de Trabajadores Especialistas en Panama<\/a><\/li>\n\t<li id=\"menu-item-7658\" class=\"menu-item menu-item-type-post_type menu-item-object-page menu-item-7658\"><a href=\"https:\/\/www.relofirm.com\/es\/visa-de-residencia-en-panama-para-ciudadanos-italianos\/\">Visa de Residencia en Panama para Ciudadanos Italianos<\/a><\/li>\n\t<li id=\"menu-item-7659\" class=\"menu-item menu-item-type-post_type menu-item-object-page menu-item-7659\"><a href=\"https:\/\/www.relofirm.com\/es\/visa-para-trabajadores-eventuales-en-la-cultura-deporte-o-educacion\/\">Visa para Trabajadores Eventuales en la Cultura, Deporte o Educacion<\/a><\/li>\n\t<li id=\"menu-item-7660\" class=\"menu-item menu-item-type-post_type menu-item-object-page menu-item-7660\"><a href=\"https:\/\/www.relofirm.com\/es\/visa-de-trabajadores-domesticos-en-panama\/\">Visa de Trabajadores Dom\u00e9sticos en Panam\u00e1<\/a><\/li>\n\t<li id=\"menu-item-7661\" class=\"menu-item menu-item-type-post_type menu-item-object-page menu-item-7661\"><a href=\"https:\/\/www.relofirm.com\/es\/visas-de-corta-estancia-en-panama\/\">Visas de Corta Estancia en Panama<\/a><\/li>\n\t<li id=\"menu-item-7662\" class=\"menu-item menu-item-type-post_type menu-item-object-page menu-item-7662\"><a href=\"https:\/\/www.relofirm.com\/es\/visa-de-pasajeros-y-tripulantes-de-naves-con-fines-de-recreo-o-turismo-en-panama\/\">Visa de Pasajeros y Tripulantes de Naves con Fines de Recreo o Turismo en Panam\u00e1<\/a><\/li>\n\t<li id=\"menu-item-7663\" class=\"menu-item menu-item-type-post_type menu-item-object-page menu-item-7663\"><a href=\"https:\/\/www.relofirm.com\/es\/visa-de-trabajo-en-panama-para-residencia-temporal\/\">Visa de Trabajo en Panama para Residencia Temporal<\/a><\/li>\n\t<li id=\"menu-item-7664\" class=\"menu-item menu-item-type-post_type menu-item-object-page menu-item-7664\"><a href=\"https:\/\/www.relofirm.com\/es\/visas-de-residencia-temporal-en-panama-por-razones-especiales\/\">Visas de Residencia Temporal en Panama por Razones Especiales<\/a><\/li>\n\t<li id=\"menu-item-7665\" class=\"menu-item menu-item-type-post_type menu-item-object-page menu-item-7665\"><a href=\"https:\/\/www.relofirm.com\/es\/permisos-temporales-por-razones-humanitarias-en-panama\/\">Permisos Temporales por Razones Humanitarias en Panam\u00e1<\/a><\/li>\n\t<li id=\"menu-item-7666\" class=\"menu-item menu-item-type-post_type menu-item-object-page menu-item-7666\"><a href=\"https:\/\/www.relofirm.com\/es\/visas-por-politicas-especiales-en-panama\/\">Visas por Pol\u00edticas Especiales en Panam\u00e1<\/a><\/li>\n\t<li id=\"menu-item-7667\" class=\"menu-item menu-item-type-post_type menu-item-object-page menu-item-7667\"><a href=\"https:\/\/www.relofirm.com\/es\/visas-de-residencia-permanente-de-reagrupacion-familiar-en-panama\/\">Visas de Residencia Permanente de Reagrupaci\u00f3n Familiar en Panam\u00e1<\/a><\/li>\n\t<li id=\"menu-item-7668\" class=\"menu-item menu-item-type-post_type menu-item-object-page menu-item-7668\"><a href=\"https:\/\/www.relofirm.com\/es\/visas-para-extranjeros-bajo-proteccion-del-estado-refugiados\/\">Visas para Extranjeros Bajo Protecci\u00f3n del Estado (Refugiados)<\/a><\/li>\n\t<li id=\"menu-item-7669\" class=\"menu-item menu-item-type-post_type menu-item-object-page menu-item-7669\"><a href=\"https:\/\/www.relofirm.com\/es\/cambio-del-estatus-migratorio-de-panama\/\">Cambio del Estatus Migratorio de Panama<\/a><\/li>\n\t<li id=\"menu-item-7670\" class=\"menu-item menu-item-type-post_type menu-item-object-page menu-item-7670\"><a href=\"https:\/\/www.relofirm.com\/es\/control-migratorio-de-panama\/\">Control Migratorio de Panam\u00e1<\/a><\/li>\n\t<li id=\"menu-item-7672\" class=\"menu-item menu-item-type-post_type menu-item-object-page menu-item-7672\"><a href=\"https:\/\/www.relofirm.com\/es\/introduccion-de-mascotas-a-panama\/\">Introducci\u00f3n de Mascotas a Panam\u00e1<\/a><\/li>\n\t<li id=\"menu-item-7673\" class=\"menu-item menu-item-type-post_type menu-item-object-page menu-item-7673\"><a href=\"https:\/\/www.relofirm.com\/es\/verificacion-de-antecedentes-penales-en-panama\/\">Verificacion de Antecedentes Penales en Panama<\/a><\/li>\n\t<li id=\"menu-item-7674\" class=\"menu-item menu-item-type-post_type menu-item-object-page menu-item-7674\"><a href=\"https:\/\/www.relofirm.com\/es\/los-padres-de-ninos-nacidos-en-panama-podran-convertirse-en-residentes-permanentes\/\">Los Padres de Ninos Nacidos en Panama Podran Convertirse en Residentes Permanentes<\/a><\/li>\n\t<li id=\"menu-item-7675\" class=\"menu-item menu-item-type-post_type menu-item-object-page menu-item-7675\"><a href=\"https:\/\/www.relofirm.com\/es\/como-obetener-un-certificado-de-nacimiento-defuncion\/\">Certificado de Nacimiento o de Defuncion de Personas Nacidas en el Area del Canal<\/a><\/li>\n<\/ul>\n<\/li>\n<\/ul><\/div>\n<p>Italia y Panam\u00e1 poseen un tratado \u00fanico desde 1966 llamado el Tratado de la Amistad Mutua el Comercio y La Navegaci\u00f3n, el cual le permitir\u00e1 obtener la Visa de Residencia Permanente en Panam\u00e1 a los ciudadanos italianos. Este tratado, tambi\u00e9n permite a los ciudadanos italianos la libertad de conducir negocios en Panam\u00e1 sin la necesidad de aplicar a un permiso de trabajo ni tener que aplicar a la solicitud de la Visa de Inversionista Extranjero en Panam\u00e1. Esta es una Visa de Residencia Permanente indefinida que podr\u00eda permitirle optar por la ciudadan\u00eda paname\u00f1a luego de transcurridos cinco (5) a\u00f1os.<\/p>\n<p>Los dependientes pueden ser incluidos, siendo \u00e9stos los c\u00f3nyuges, los padres dependientes de los solicitantes, los hijos menores de edad y los estudiantes solteros menores de 25 a\u00f1os. Cada uno de los dependientes deber\u00e1 entregar constancias de no poseer antecedentes penales en su pa\u00eds de origen.<\/p>\n<p>La fortaleza de la moneda europea frente al d\u00f3lar americano puede ser tomada como una ventaja por los ciudadanos italianos para aprovechar los bajos precios e invertir en el negocio de los bienes ra\u00edces, tomar ventaja de las bajas rentas as\u00ed como salarios m\u00e1s bajos y el Canal de Panam\u00e1 para iniciar negocios y otras inversiones.<\/p>\n<p>Muchos italianos son due\u00f1os de restaurantes de especialidad italiana en Panam\u00e1, as\u00ed como importaci\u00f3n de trajes, cinturones, calzados y otros productos de origen italiano como el aceite de oliva y las pastas. Los italianos no estar\u00e1n limitados exclusivamente a establecer negocios de \u00e9stas actividades, sino tambi\u00e9n cualquier otro que no se encuentre reservado exclusivamente para ciudadanos paname\u00f1os como por ejemplo los abogados y m\u00e9dicos.<\/p>\n<p>El proceso para <a href=\"https:\/\/www.relofirm.com\/es\/immigration_visas\">obtener la residencia permanente en Panam\u00e1<\/a> bajo \u00e9stos acuerdos, requiere que el o la ciudadana italiana entregue la siguiente documentaci\u00f3n:<\/p>\n<ul>\n<li>Pasaporte italiano con una vigencia mayor a tres (3) meses.<\/li>\n<li>Un segundo documento de identidad como por ejemplo una licencia de conducir o el registro de informaci\u00f3n fiscal emitido en Italia.<\/li>\n<li>Constancia de no poseer antecedentes penales emitida por las autoridades competentes del Pa\u00eds donde resida el solicitante.<\/li>\n<li>Certificado de salud emitido por un Hospital o Cl\u00ednica paname\u00f1a en un lapso no mayor a tres (3) meses luego de haberse presentado la solicitud, debidamente firmado por un m\u00e9dico con licencia en Panam\u00e1, el cual deber\u00e1 hacer constar que el solicitante y sus dependientes gozan de buena salud f\u00edsica y mental.<\/li>\n<li>Prueba de solvencia econ\u00f3mica que demuestre que es capaz de hacer frente a la manutenci\u00f3n de s\u00ed mismo y de sus dependientes.<\/li>\n<li>Declaraci\u00f3n jurada rese\u00f1ando brevemente las actividades desarrolladas hist\u00f3ricamente, as\u00ed como una explicaci\u00f3n detallada del negocio que iniciar\u00e1 en Panam\u00e1, para lo cual deber\u00e1 pagar un honorario por tr\u00e1mite y gesti\u00f3n de doscientos cincuenta (250.00) D\u00f3lares Americanos.<\/li>\n<\/ul>\n<p>Este tratado fue creado para promover el comercio entre ambas naciones. Los ciudadanos italianos que desean reubicarse en Panam\u00e1 deber\u00e1n presentarse en el Servicio Nacional de Migraci\u00f3n para este proceso. De igual manera, los ciudadanos paname\u00f1os gozar\u00e1n de \u00e9stos beneficios en Italia, donde podr\u00e1n establecerse y obtener la residencia permanente para iniciar negocios sin tener que aplicar por la solicitud de <a href=\"https:\/\/www.relofirm.com\/es\/small_business_investor\">Visa de Inversionista<\/a> o <a href=\"https:\/\/www.relofirm.com\/es\/how_to_get_a_panama_work_permit\">permiso de trabajo<\/a>.<\/p>\n","protected":false},"excerpt":{"rendered":"<p>Italia y Panam\u00e1 poseen un tratado \u00fanico desde 1966 llamado el Tratado de la Amistad Mutua el Comercio y La Navegaci\u00f3n, el cual le permitir\u00e1 obtener la Visa de Residencia Permanente en Panam\u00e1 a los ciudadanos italianos. Este tratado, tambi\u00e9n permite a los ciudadanos italianos la libertad de conducir negocios en Panam\u00e1 sin la necesidad [&hellip;]<\/p>\n","protected":false},"author":7,"featured_media":0,"parent":0,"menu_order":0,"comment_status":"open","ping_status":"open","template":"","meta":{"_et_pb_use_builder":"","_et_pb_old_content":"","_et_gb_content_width":"","inline_featured_image":false},"yoast_head":"<!-- This site is optimized with the Yoast SEO plugin v18.5.1 - https:\/\/yoast.com\/wordpress\/plugins\/seo\/ -->\n<title>Visa de Residencia en Panama para Ciudadanos Italianos - International Relocation Firm<\/title>\n<meta name=\"robots\" content=\"index, follow, max-snippet:-1, max-image-preview:large, max-video-preview:-1\" \/>\n<link rel=\"canonical\" href=\"https:\/\/www.relofirm.com\/es\/visa-de-residencia-en-panama-para-ciudadanos-italianos\/\" \/>\n<meta property=\"og:locale\" content=\"es_ES\" \/>\n<meta property=\"og:type\" content=\"article\" \/>\n<meta property=\"og:title\" content=\"Visa de Residencia en Panama para Ciudadanos Italianos - International Relocation Firm\" \/>\n<meta property=\"og:description\" content=\"Italia y Panam\u00e1 poseen un tratado \u00fanico desde 1966 llamado el Tratado de la Amistad Mutua el Comercio y La Navegaci\u00f3n, el cual le permitir\u00e1 obtener la Visa de Residencia Permanente en Panam\u00e1 a los ciudadanos italianos. Este tratado, tambi\u00e9n permite a los ciudadanos italianos la libertad de conducir negocios en Panam\u00e1 sin la necesidad [&hellip;]\" \/>\n<meta property=\"og:url\" content=\"https:\/\/www.relofirm.com\/es\/visa-de-residencia-en-panama-para-ciudadanos-italianos\/\" \/>\n<meta property=\"og:site_name\" content=\"International Relocation Firm\" \/>\n<meta property=\"article:publisher\" content=\"https:\/\/www.facebook.com\/ReloFirm\/\" \/>\n<meta property=\"article:modified_time\" content=\"2020-01-22T15:40:19+00:00\" \/>\n<meta name=\"twitter:label1\" content=\"Tiempo de lectura\" \/>\n\t<meta name=\"twitter:data1\" content=\"3 minutos\" \/>\n<!-- \/ Yoast SEO plugin. -->","yoast_head_json":{"title":"Visa de Residencia en Panama para Ciudadanos Italianos - International Relocation Firm","robots":{"index":"index","follow":"follow","max-snippet":"max-snippet:-1","max-image-preview":"max-image-preview:large","max-video-preview":"max-video-preview:-1"},"canonical":"https:\/\/www.relofirm.com\/es\/visa-de-residencia-en-panama-para-ciudadanos-italianos\/","og_locale":"es_ES","og_type":"article","og_title":"Visa de Residencia en Panama para Ciudadanos Italianos - International Relocation Firm","og_description":"Italia y Panam\u00e1 poseen un tratado \u00fanico desde 1966 llamado el Tratado de la Amistad Mutua el Comercio y La Navegaci\u00f3n, el cual le permitir\u00e1 obtener la Visa de Residencia Permanente en Panam\u00e1 a los ciudadanos italianos. Este tratado, tambi\u00e9n permite a los ciudadanos italianos la libertad de conducir negocios en Panam\u00e1 sin la necesidad [&hellip;]","og_url":"https:\/\/www.relofirm.com\/es\/visa-de-residencia-en-panama-para-ciudadanos-italianos\/","og_site_name":"International Relocation Firm","article_publisher":"https:\/\/www.facebook.com\/ReloFirm\/","article_modified_time":"2020-01-22T15:40:19+00:00","twitter_misc":{"Tiempo de lectura":"3 minutos"},"schema":{"@context":"https:\/\/schema.org","@graph":[{"@type":"Organization","@id":"https:\/\/www.relofirm.com\/#organization","name":"International Relocation Firm","url":"https:\/\/www.relofirm.com\/","sameAs":["https:\/\/www.facebook.com\/ReloFirm\/","https:\/\/www.linkedin.com\/company\/relo-firm","https:\/\/twitter.com\/polslegal"],"logo":{"@type":"ImageObject","@id":"https:\/\/www.relofirm.com\/#logo","inLanguage":"es","url":"https:\/\/www.relofirm.com\/wp-content\/uploads\/2021\/11\/relofirm-logo.svg","contentUrl":"https:\/\/www.relofirm.com\/wp-content\/uploads\/2021\/11\/relofirm-logo.svg","width":1485,"height":516,"caption":"International Relocation Firm"},"image":{"@id":"https:\/\/www.relofirm.com\/#logo"}},{"@type":"WebSite","@id":"https:\/\/www.relofirm.com\/#website","url":"https:\/\/www.relofirm.com\/","name":"International Relocation Firm","description":"","publisher":{"@id":"https:\/\/www.relofirm.com\/#organization"},"potentialAction":[{"@type":"SearchAction","target":{"@type":"EntryPoint","urlTemplate":"https:\/\/www.relofirm.com\/?s={search_term_string}"},"query-input":"required name=search_term_string"}],"inLanguage":"es"},{"@type":"WebPage","@id":"https:\/\/www.relofirm.com\/es\/visa-de-residencia-en-panama-para-ciudadanos-italianos\/#webpage","url":"https:\/\/www.relofirm.com\/es\/visa-de-residencia-en-panama-para-ciudadanos-italianos\/","name":"Visa de Residencia en Panama para Ciudadanos Italianos - International Relocation Firm","isPartOf":{"@id":"https:\/\/www.relofirm.com\/#website"},"datePublished":"2016-02-09T05:00:00+00:00","dateModified":"2020-01-22T15:40:19+00:00","breadcrumb":{"@id":"https:\/\/www.relofirm.com\/es\/visa-de-residencia-en-panama-para-ciudadanos-italianos\/#breadcrumb"},"inLanguage":"es","potentialAction":[{"@type":"ReadAction","target":["https:\/\/www.relofirm.com\/es\/visa-de-residencia-en-panama-para-ciudadanos-italianos\/"]}]},{"@type":"BreadcrumbList","@id":"https:\/\/www.relofirm.com\/es\/visa-de-residencia-en-panama-para-ciudadanos-italianos\/#breadcrumb","itemListElement":[{"@type":"ListItem","position":1,"name":"Home","item":"https:\/\/www.relofirm.com\/es\/"},{"@type":"ListItem","position":2,"name":"Visa de Residencia en Panama para Ciudadanos Italianos"}]}]}},"_links":{"self":[{"href":"https:\/\/www.relofirm.com\/es\/wp-json\/wp\/v2\/pages\/7125"}],"collection":[{"href":"https:\/\/www.relofirm.com\/es\/wp-json\/wp\/v2\/pages"}],"about":[{"href":"https:\/\/www.relofirm.com\/es\/wp-json\/wp\/v2\/types\/page"}],"author":[{"embeddable":true,"href":"https:\/\/www.relofirm.com\/es\/wp-json\/wp\/v2\/users\/7"}],"replies":[{"embeddable":true,"href":"https:\/\/www.relofirm.com\/es\/wp-json\/wp\/v2\/comments?post=7125"}],"version-history":[{"count":1,"href":"https:\/\/www.relofirm.com\/es\/wp-json\/wp\/v2\/pages\/7125\/revisions"}],"predecessor-version":[{"id":8031,"href":"https:\/\/www.relofirm.com\/es\/wp-json\/wp\/v2\/pages\/7125\/revisions\/8031"}],"wp:attachment":[{"href":"https:\/\/www.relofirm.com\/es\/wp-json\/wp\/v2\/media?parent=7125"}],"curies":[{"name":"wp","href":"https:\/\/api.w.org\/{rel}","templated":true}]}}