{"id":7124,"date":"2016-02-09T00:00:00","date_gmt":"2016-02-09T05:00:00","guid":{"rendered":"https:\/\/relofirm.com\/panama_authorized_visas_for_restricted_nationalities\/"},"modified":"2020-01-16T14:30:38","modified_gmt":"2020-01-16T19:30:38","slug":"autorizacion-de-visa-de-turista-en-panama","status":"publish","type":"page","link":"https:\/\/www.relofirm.com\/es\/autorizacion-de-visa-de-turista-en-panama\/","title":{"rendered":"Autorizacion de visa de Turista en Panama"},"content":{"rendered":"<div class=\"menu-immigration-en-container\"><ul id=\"menu-immigration-en\" class=\"menu\"><li id=\"menu-item-7642\" class=\"menu-item menu-item-type-post_type menu-item-object-page menu-item-has-children menu-item-7642\"><a href=\"https:\/\/www.relofirm.com\/es\/visas-para-panama-panama-inmigracion\/\">Visas para Panam\u00e1: Panam\u00e1 Inmigraci\u00f3n<\/a>\n<ul class=\"sub-menu\">\n\t<li id=\"menu-item-7643\" class=\"menu-item menu-item-type-post_type menu-item-object-page menu-item-7643\"><a href=\"https:\/\/www.relofirm.com\/es\/como-obtener-residencia-permanente-en-panama\/\">Como Obtener Residencia Permanente en Panam\u00e1<\/a><\/li>\n\t<li id=\"menu-item-237536\" class=\"menu-item menu-item-type-post_type menu-item-object-page menu-item-237536\"><a href=\"https:\/\/www.relofirm.com\/es\/visas-para-panama-panama-inmigracion\/naturalizacion\/\">Naturalizaci\u00f3n en Panam\u00e1<\/a><\/li>\n\t<li id=\"menu-item-7644\" class=\"menu-item menu-item-type-post_type menu-item-object-page menu-item-7644\"><a href=\"https:\/\/www.relofirm.com\/es\/visas-de-paises-amigos-de-panama\/\">Visas de Paises Amigos de Panama<\/a><\/li>\n\t<li id=\"menu-item-7645\" class=\"menu-item menu-item-type-post_type menu-item-object-page menu-item-7645\"><a href=\"https:\/\/www.relofirm.com\/es\/visas-de-pensionado-en-panama-visa-jubilados\/\">Visa de Pensionado en Panam\u00e1 (Visa Jubilados)<\/a><\/li>\n\t<li id=\"menu-item-10943\" class=\"menu-item menu-item-type-post_type menu-item-object-page menu-item-10943\"><a href=\"https:\/\/www.relofirm.com\/es\/residente-permanente-en-calidad-de-inversionista-calificado\/\">Residente Permanente en Calidad de Inversionista Calificado<\/a><\/li>\n\t<li id=\"menu-item-7646\" class=\"menu-item menu-item-type-post_type menu-item-object-page menu-item-7646\"><a href=\"https:\/\/www.relofirm.com\/es\/visa-de-auto-solvencia-economica-en-panama\/\">Visa de Auto Solvencia Econ\u00f3mica en Panama<\/a><\/li>\n\t<li id=\"menu-item-7647\" class=\"menu-item menu-item-type-post_type menu-item-object-page menu-item-7647\"><a href=\"https:\/\/www.relofirm.com\/es\/visa-de-reforestacion\/\">Visa de Reforestaci\u00f3n<\/a><\/li>\n\t<li id=\"menu-item-7648\" class=\"menu-item menu-item-type-post_type menu-item-object-page menu-item-7648\"><a href=\"https:\/\/www.relofirm.com\/es\/programa-de-inversionista-agricola\/\">Programa de Inversionista Agr\u00edcola<\/a><\/li>\n\t<li id=\"menu-item-7649\" class=\"menu-item menu-item-type-post_type menu-item-object-page menu-item-7649\"><a href=\"https:\/\/www.relofirm.com\/es\/programa-de-inversionista-en-zona-procesadora-libre-de-impuestos\/\">Programa de Inversionista en Zona Procesadora Libre de Impuestos<\/a><\/li>\n\t<li id=\"menu-item-7650\" class=\"menu-item menu-item-type-post_type menu-item-object-page menu-item-7650\"><a href=\"https:\/\/www.relofirm.com\/es\/visa-de-trabajo-para-la-ciudad-del-saber\/\">Visa de Trabajo para la Ciudad del Saber<\/a><\/li>\n\t<li id=\"menu-item-7651\" class=\"menu-item menu-item-type-post_type menu-item-object-page menu-item-7651\"><a href=\"https:\/\/www.relofirm.com\/es\/visa-de-misionero\/\">Visa de Misionero<\/a><\/li>\n\t<li id=\"menu-item-7652\" class=\"menu-item menu-item-type-post_type menu-item-object-page menu-item-7652\"><a href=\"https:\/\/www.relofirm.com\/es\/visa-de-estudiante-panama\/\">Visa de Estudiante Panama<\/a><\/li>\n\t<li id=\"menu-item-7653\" class=\"menu-item menu-item-type-post_type menu-item-object-page menu-item-7653\"><a href=\"https:\/\/www.relofirm.com\/es\/inmigracion-panamena-visa-de-multiples-entradas-y-salidas\/\">Inmigracion Panamena Visa de M\u00faltiples Entradas y Salidas<\/a><\/li>\n\t<li id=\"menu-item-7654\" class=\"menu-item menu-item-type-post_type menu-item-object-page menu-item-7654\"><a href=\"https:\/\/www.relofirm.com\/es\/visa-de-turista-en-panama\/\">Visa de Turista en Panam\u00e1<\/a><\/li>\n\t<li id=\"menu-item-7655\" class=\"menu-item menu-item-type-post_type menu-item-object-page menu-item-7655\"><a href=\"https:\/\/www.relofirm.com\/es\/autorizacion-de-visa-de-turista-en-panama\/\">Autorizacion de visa de Turista en Panama<\/a><\/li>\n\t<li id=\"menu-item-7656\" class=\"menu-item menu-item-type-post_type menu-item-object-page menu-item-7656\"><a href=\"https:\/\/www.relofirm.com\/es\/visa-de-marino-en-panama\/\">Visa de Marino en Panama<\/a><\/li>\n\t<li id=\"menu-item-7657\" class=\"menu-item menu-item-type-post_type menu-item-object-page menu-item-7657\"><a href=\"https:\/\/www.relofirm.com\/es\/visa-de-trabajadores-especialistas-en-panama\/\">Visa de Trabajadores Especialistas en Panama<\/a><\/li>\n\t<li id=\"menu-item-7658\" class=\"menu-item menu-item-type-post_type menu-item-object-page menu-item-7658\"><a href=\"https:\/\/www.relofirm.com\/es\/visa-de-residencia-en-panama-para-ciudadanos-italianos\/\">Visa de Residencia en Panama para Ciudadanos Italianos<\/a><\/li>\n\t<li id=\"menu-item-7659\" class=\"menu-item menu-item-type-post_type menu-item-object-page menu-item-7659\"><a href=\"https:\/\/www.relofirm.com\/es\/visa-para-trabajadores-eventuales-en-la-cultura-deporte-o-educacion\/\">Visa para Trabajadores Eventuales en la Cultura, Deporte o Educacion<\/a><\/li>\n\t<li id=\"menu-item-7660\" class=\"menu-item menu-item-type-post_type menu-item-object-page menu-item-7660\"><a href=\"https:\/\/www.relofirm.com\/es\/visa-de-trabajadores-domesticos-en-panama\/\">Visa de Trabajadores Dom\u00e9sticos en Panam\u00e1<\/a><\/li>\n\t<li id=\"menu-item-7661\" class=\"menu-item menu-item-type-post_type menu-item-object-page menu-item-7661\"><a href=\"https:\/\/www.relofirm.com\/es\/visas-de-corta-estancia-en-panama\/\">Visas de Corta Estancia en Panama<\/a><\/li>\n\t<li id=\"menu-item-7662\" class=\"menu-item menu-item-type-post_type menu-item-object-page menu-item-7662\"><a href=\"https:\/\/www.relofirm.com\/es\/visa-de-pasajeros-y-tripulantes-de-naves-con-fines-de-recreo-o-turismo-en-panama\/\">Visa de Pasajeros y Tripulantes de Naves con Fines de Recreo o Turismo en Panam\u00e1<\/a><\/li>\n\t<li id=\"menu-item-7663\" class=\"menu-item menu-item-type-post_type menu-item-object-page menu-item-7663\"><a href=\"https:\/\/www.relofirm.com\/es\/visa-de-trabajo-en-panama-para-residencia-temporal\/\">Visa de Trabajo en Panama para Residencia Temporal<\/a><\/li>\n\t<li id=\"menu-item-7664\" class=\"menu-item menu-item-type-post_type menu-item-object-page menu-item-7664\"><a href=\"https:\/\/www.relofirm.com\/es\/visas-de-residencia-temporal-en-panama-por-razones-especiales\/\">Visas de Residencia Temporal en Panama por Razones Especiales<\/a><\/li>\n\t<li id=\"menu-item-7665\" class=\"menu-item menu-item-type-post_type menu-item-object-page menu-item-7665\"><a href=\"https:\/\/www.relofirm.com\/es\/permisos-temporales-por-razones-humanitarias-en-panama\/\">Permisos Temporales por Razones Humanitarias en Panam\u00e1<\/a><\/li>\n\t<li id=\"menu-item-7666\" class=\"menu-item menu-item-type-post_type menu-item-object-page menu-item-7666\"><a href=\"https:\/\/www.relofirm.com\/es\/visas-por-politicas-especiales-en-panama\/\">Visas por Pol\u00edticas Especiales en Panam\u00e1<\/a><\/li>\n\t<li id=\"menu-item-7667\" class=\"menu-item menu-item-type-post_type menu-item-object-page menu-item-7667\"><a href=\"https:\/\/www.relofirm.com\/es\/visas-de-residencia-permanente-de-reagrupacion-familiar-en-panama\/\">Visas de Residencia Permanente de Reagrupaci\u00f3n Familiar en Panam\u00e1<\/a><\/li>\n\t<li id=\"menu-item-7668\" class=\"menu-item menu-item-type-post_type menu-item-object-page menu-item-7668\"><a href=\"https:\/\/www.relofirm.com\/es\/visas-para-extranjeros-bajo-proteccion-del-estado-refugiados\/\">Visas para Extranjeros Bajo Protecci\u00f3n del Estado (Refugiados)<\/a><\/li>\n\t<li id=\"menu-item-7669\" class=\"menu-item menu-item-type-post_type menu-item-object-page menu-item-7669\"><a href=\"https:\/\/www.relofirm.com\/es\/cambio-del-estatus-migratorio-de-panama\/\">Cambio del Estatus Migratorio de Panama<\/a><\/li>\n\t<li id=\"menu-item-7670\" class=\"menu-item menu-item-type-post_type menu-item-object-page menu-item-7670\"><a href=\"https:\/\/www.relofirm.com\/es\/control-migratorio-de-panama\/\">Control Migratorio de Panam\u00e1<\/a><\/li>\n\t<li id=\"menu-item-7672\" class=\"menu-item menu-item-type-post_type menu-item-object-page menu-item-7672\"><a href=\"https:\/\/www.relofirm.com\/es\/introduccion-de-mascotas-a-panama\/\">Introducci\u00f3n de Mascotas a Panam\u00e1<\/a><\/li>\n\t<li id=\"menu-item-7673\" class=\"menu-item menu-item-type-post_type menu-item-object-page menu-item-7673\"><a href=\"https:\/\/www.relofirm.com\/es\/verificacion-de-antecedentes-penales-en-panama\/\">Verificacion de Antecedentes Penales en Panama<\/a><\/li>\n\t<li id=\"menu-item-7674\" class=\"menu-item menu-item-type-post_type menu-item-object-page menu-item-7674\"><a href=\"https:\/\/www.relofirm.com\/es\/los-padres-de-ninos-nacidos-en-panama-podran-convertirse-en-residentes-permanentes\/\">Los Padres de Ninos Nacidos en Panama Podran Convertirse en Residentes Permanentes<\/a><\/li>\n\t<li id=\"menu-item-7675\" class=\"menu-item menu-item-type-post_type menu-item-object-page menu-item-7675\"><a href=\"https:\/\/www.relofirm.com\/es\/como-obetener-un-certificado-de-nacimiento-defuncion\/\">Certificado de Nacimiento o de Defuncion de Personas Nacidas en el Area del Canal<\/a><\/li>\n<\/ul>\n<\/li>\n<\/ul><\/div>\n<p>Los titulares de pasaportes de los pa\u00edses listados a continuaci\u00f3n, deber\u00e1n solicitar una autorizaci\u00f3n de visa de turismo antes de entrar a Panam\u00e1, ya sea a trav\u00e9s de una Embajada o Consulado de Panam\u00e1 m\u00e1s cercano, o contratar los servicios de una firma de abogados en Panam\u00e1. Este tr\u00e1mite podr\u00eda tomar hasta seis (6) semanas o incluso hasta cuatro (4) meses si la Agencia de Seguridad y Defensa de Panam\u00e1 as\u00ed lo requiere para su aprobaci\u00f3n. La aprobaci\u00f3n de \u00e9sta visa es totalmente discrecional y los oficiales de migraci\u00f3n a cargo de la aprobaci\u00f3n simplemente responder\u00e1n que la visa fue aprobada o rechazada sin dar mayor detalle.<\/p>\n<p><strong>La Autorizaci\u00f3n de Visa de Turista ser\u00e1 requerida por los ciudadanos originarios de los pa\u00edses mencionados a continuaci\u00f3n:<\/strong><\/p>\n<p>Afganist\u00e1n, Albania, Argelia, Alto Volta, Angola, Anguila, Armenia, Azerbaiy\u00e1n, Bahrein, Bangladesh, Belar\u00fas, Benin, Bhut\u00e1n, Bosnia, Brunei, Bulgaria, Burkina Faso, Birmania, Burundi, Camboya, Camer\u00fan, Cabo Verde, Rep\u00fablica Centroafricana , Comoras, Costa de Marfil, Cuba, Rep\u00fablica Dominicana, Guinea Ecuatorial, Eritrea, Etiop\u00eda, Fiji, Gab\u00f3n, Gambia, Georgia, Ghana, Guinea, Guinea-Bissau, India, Indonesia, Ir\u00e1n, Iraq, Jordania, Kazajst\u00e1n, Kenya, Kiribati , Kuwait, Kirguist\u00e1n, Laos, L\u00edbano, Lesotho, Liberia, Libia, Macedonia, Madagascar, Malasia, Malawi, Maldivas, Mal\u00ed, Islas Marshall, Mauritania, Mauricio, Micronesia, Moldova, Mongolia, Marruecos, Mozambique, Myanmar, Namibia, Nauru, Nepal, Nigeria, Corea del Norte, Om\u00e1n, Palau, Palestina, Papua Nueva Guinea, la Rep\u00fablica Popular de China, Qatar, Rumania, Rwanda, Arabia Saudita, Senegal, Seychelles, Sierra Leona, Eslovaquia, Eslovenia, Islas Salom\u00f3n, Somalia, Sud\u00e1frica, Sri Lanka, Sud\u00e1n, Swazilandia, Siria, Tanzania, Tayikist\u00e1n, Togo, Tonga, T\u00fanez, Turkmenist\u00e1n, Turqu\u00eda, Tuvalu, Ucrania, Emiratos \u00c1rabes Unidos, Uzbekist\u00e1n, Vanuatu, Vietnam, Yemen, Zaire, Zambia y Zimbabwe.<\/p>\n<p>Nota: El Decreto Ejecutivo 248 de 2009, permite a los ciudadanos de los pa\u00edses anteriormente mencionados se les pueda otorgar un permiso de Visa de Turista, siempre que posean Visa para entrar a Australia, cualquier pa\u00eds de la Uni\u00f3n Europea, Canad\u00e1 o los Estados Unidos de Am\u00e9rica. Dicha solicitud deber\u00e1 ser realizada a trav\u00e9s de un Consulado Paname\u00f1o y presentar el pasaporte vigente junto con la Visa de uno de \u00e9stos pa\u00edses mencionados anteriormente. La visa podr\u00e1 ser aprobada en un lapso de cuarenta y ocho (48) horas.<\/p>\n<h2>REQUISITOS PARA LA AUTORIZACION DE VISA DE TURISTA.<\/h2>\n<p>La solicitud podr\u00e1 ser realizada a trav\u00e9s de cualquier Embajada o en el Consulado Paname\u00f1o m\u00e1s cercano a usted, o tambi\u00e9n a trav\u00e9s de una firma de abogados contratada para tal fin para que lo represente ante la oficina del Servicio Nacional de Migraci\u00f3n en Panam\u00e1.<\/p>\n<p>Los requisitos son los siguientes:<\/p>\n<ul>\n<li>Proporcionar los nombres completos del solicitante y los familiares (En caso de que viajen a Panam\u00e1), con toda la informaci\u00f3n de contacto.<\/li>\n<li>Carta de referencia bancaria original de la persona que lo invita a Panam\u00e1, detallando la suma de los fondos all\u00ed depositados.<\/li>\n<li>Carta de referencia bancaria a favor del solicitante, emitida por el Banco donde mantiene sus fondos.<\/li>\n<li>Carta emitida por la persona o entidad que invita al solicitante a Panam\u00e1, en la cual manifiesta su total responsabilidad y certifica el prop\u00f3sito de la visita.<\/li>\n<li>Declaraci\u00f3n jurada del solicitante emitida en el pa\u00eds de origen declarando la relaci\u00f3n entre las partes (Solicitante \u2013 Persona que invita)<\/li>\n<li>Declaraci\u00f3n jurada o certificado emitido por la autoridad policial del pa\u00eds de origen, haciendo constar que el solicitante no posee antecedentes penales.<\/li>\n<li>Declaraci\u00f3n jurada o constancia certificada del estado civil del solicitante.<\/li>\n<li>Fotocopia de la c\u00e9dula de identidad de la persona o copia del documento de Registro Civil de la compa\u00f1\u00eda que lo invita. Si la compa\u00f1\u00eda que lo invita est\u00e1 ubicada en una Zona Libre de Impuestos, entonces requerir\u00e1 anexar una copia del Certificado de Zona Libre.<\/li>\n<li>Fotocopia del pasaporte del solicitante, incluyendo las p\u00e1ginas que se encuentran en blanco.<\/li>\n<li>Si el solicitante previamente visit\u00f3 Panam\u00e1, entregar una copia de la \u00faltima visa otorgada.<\/li>\n<li>Copia del ticket o boleto a\u00e9reo de retorno al pa\u00eds del cual posee la ciudadan\u00eda o de cualquier otro pa\u00eds si no piensa regresar inmediatamente a su pa\u00eds de residencia.<\/li>\n<li>Dos (2) fotograf\u00edas tama\u00f1o pasaporte.<\/li>\n<li>Fotocopia de la tarjeta de identificaci\u00f3n nacional o de la licencia de conducir en el caso de no haber sido emitida la tarjeta de identificaci\u00f3n nacional en su pa\u00eds de residencia.<\/li>\n<\/ul>\n<p>Lea m\u00e1s art\u00edculos acerca de las <a href=\"https:\/\/www.relofirm.com\/es\/immigration_visas\">Visas en Panam\u00e1<\/a><\/p>\n","protected":false},"excerpt":{"rendered":"<p>Los titulares de pasaportes de los pa\u00edses listados a continuaci\u00f3n, deber\u00e1n solicitar una autorizaci\u00f3n de visa de turismo antes de entrar a Panam\u00e1, ya sea a trav\u00e9s de una Embajada o Consulado de Panam\u00e1 m\u00e1s cercano, o contratar los servicios de una firma de abogados en Panam\u00e1. Este tr\u00e1mite podr\u00eda tomar hasta seis (6) semanas [&hellip;]<\/p>\n","protected":false},"author":7,"featured_media":0,"parent":0,"menu_order":0,"comment_status":"open","ping_status":"open","template":"","meta":{"_et_pb_use_builder":"","_et_pb_old_content":"","_et_gb_content_width":"","inline_featured_image":false},"yoast_head":"<!-- This site is optimized with the Yoast SEO plugin v18.5.1 - https:\/\/yoast.com\/wordpress\/plugins\/seo\/ -->\n<title>Autorizacion de visa de Turista en Panama - International Relocation Firm<\/title>\n<meta name=\"robots\" content=\"index, follow, max-snippet:-1, max-image-preview:large, max-video-preview:-1\" \/>\n<link rel=\"canonical\" href=\"https:\/\/www.relofirm.com\/es\/autorizacion-de-visa-de-turista-en-panama\/\" \/>\n<meta property=\"og:locale\" content=\"es_ES\" \/>\n<meta property=\"og:type\" content=\"article\" \/>\n<meta property=\"og:title\" content=\"Autorizacion de visa de Turista en Panama - International Relocation Firm\" \/>\n<meta property=\"og:description\" content=\"Los titulares de pasaportes de los pa\u00edses listados a continuaci\u00f3n, deber\u00e1n solicitar una autorizaci\u00f3n de visa de turismo antes de entrar a Panam\u00e1, ya sea a trav\u00e9s de una Embajada o Consulado de Panam\u00e1 m\u00e1s cercano, o contratar los servicios de una firma de abogados en Panam\u00e1. Este tr\u00e1mite podr\u00eda tomar hasta seis (6) semanas [&hellip;]\" \/>\n<meta property=\"og:url\" content=\"https:\/\/www.relofirm.com\/es\/autorizacion-de-visa-de-turista-en-panama\/\" \/>\n<meta property=\"og:site_name\" content=\"International Relocation Firm\" \/>\n<meta property=\"article:publisher\" content=\"https:\/\/www.facebook.com\/ReloFirm\/\" \/>\n<meta property=\"article:modified_time\" content=\"2020-01-16T19:30:38+00:00\" \/>\n<meta name=\"twitter:label1\" content=\"Tiempo de lectura\" \/>\n\t<meta name=\"twitter:data1\" content=\"4 minutos\" \/>\n<!-- \/ Yoast SEO plugin. -->","yoast_head_json":{"title":"Autorizacion de visa de Turista en Panama - International Relocation Firm","robots":{"index":"index","follow":"follow","max-snippet":"max-snippet:-1","max-image-preview":"max-image-preview:large","max-video-preview":"max-video-preview:-1"},"canonical":"https:\/\/www.relofirm.com\/es\/autorizacion-de-visa-de-turista-en-panama\/","og_locale":"es_ES","og_type":"article","og_title":"Autorizacion de visa de Turista en Panama - International Relocation Firm","og_description":"Los titulares de pasaportes de los pa\u00edses listados a continuaci\u00f3n, deber\u00e1n solicitar una autorizaci\u00f3n de visa de turismo antes de entrar a Panam\u00e1, ya sea a trav\u00e9s de una Embajada o Consulado de Panam\u00e1 m\u00e1s cercano, o contratar los servicios de una firma de abogados en Panam\u00e1. Este tr\u00e1mite podr\u00eda tomar hasta seis (6) semanas [&hellip;]","og_url":"https:\/\/www.relofirm.com\/es\/autorizacion-de-visa-de-turista-en-panama\/","og_site_name":"International Relocation Firm","article_publisher":"https:\/\/www.facebook.com\/ReloFirm\/","article_modified_time":"2020-01-16T19:30:38+00:00","twitter_misc":{"Tiempo de lectura":"4 minutos"},"schema":{"@context":"https:\/\/schema.org","@graph":[{"@type":"Organization","@id":"https:\/\/www.relofirm.com\/#organization","name":"International Relocation Firm","url":"https:\/\/www.relofirm.com\/","sameAs":["https:\/\/www.facebook.com\/ReloFirm\/","https:\/\/www.linkedin.com\/company\/relo-firm","https:\/\/twitter.com\/polslegal"],"logo":{"@type":"ImageObject","@id":"https:\/\/www.relofirm.com\/#logo","inLanguage":"es","url":"https:\/\/www.relofirm.com\/wp-content\/uploads\/2021\/11\/relofirm-logo.svg","contentUrl":"https:\/\/www.relofirm.com\/wp-content\/uploads\/2021\/11\/relofirm-logo.svg","width":1485,"height":516,"caption":"International Relocation Firm"},"image":{"@id":"https:\/\/www.relofirm.com\/#logo"}},{"@type":"WebSite","@id":"https:\/\/www.relofirm.com\/#website","url":"https:\/\/www.relofirm.com\/","name":"International Relocation Firm","description":"","publisher":{"@id":"https:\/\/www.relofirm.com\/#organization"},"potentialAction":[{"@type":"SearchAction","target":{"@type":"EntryPoint","urlTemplate":"https:\/\/www.relofirm.com\/?s={search_term_string}"},"query-input":"required name=search_term_string"}],"inLanguage":"es"},{"@type":"WebPage","@id":"https:\/\/www.relofirm.com\/es\/autorizacion-de-visa-de-turista-en-panama\/#webpage","url":"https:\/\/www.relofirm.com\/es\/autorizacion-de-visa-de-turista-en-panama\/","name":"Autorizacion de visa de Turista en Panama - International Relocation Firm","isPartOf":{"@id":"https:\/\/www.relofirm.com\/#website"},"datePublished":"2016-02-09T05:00:00+00:00","dateModified":"2020-01-16T19:30:38+00:00","breadcrumb":{"@id":"https:\/\/www.relofirm.com\/es\/autorizacion-de-visa-de-turista-en-panama\/#breadcrumb"},"inLanguage":"es","potentialAction":[{"@type":"ReadAction","target":["https:\/\/www.relofirm.com\/es\/autorizacion-de-visa-de-turista-en-panama\/"]}]},{"@type":"BreadcrumbList","@id":"https:\/\/www.relofirm.com\/es\/autorizacion-de-visa-de-turista-en-panama\/#breadcrumb","itemListElement":[{"@type":"ListItem","position":1,"name":"Home","item":"https:\/\/www.relofirm.com\/es\/"},{"@type":"ListItem","position":2,"name":"Autorizacion de visa de Turista en Panama"}]}]}},"_links":{"self":[{"href":"https:\/\/www.relofirm.com\/es\/wp-json\/wp\/v2\/pages\/7124"}],"collection":[{"href":"https:\/\/www.relofirm.com\/es\/wp-json\/wp\/v2\/pages"}],"about":[{"href":"https:\/\/www.relofirm.com\/es\/wp-json\/wp\/v2\/types\/page"}],"author":[{"embeddable":true,"href":"https:\/\/www.relofirm.com\/es\/wp-json\/wp\/v2\/users\/7"}],"replies":[{"embeddable":true,"href":"https:\/\/www.relofirm.com\/es\/wp-json\/wp\/v2\/comments?post=7124"}],"version-history":[{"count":1,"href":"https:\/\/www.relofirm.com\/es\/wp-json\/wp\/v2\/pages\/7124\/revisions"}],"predecessor-version":[{"id":7806,"href":"https:\/\/www.relofirm.com\/es\/wp-json\/wp\/v2\/pages\/7124\/revisions\/7806"}],"wp:attachment":[{"href":"https:\/\/www.relofirm.com\/es\/wp-json\/wp\/v2\/media?parent=7124"}],"curies":[{"name":"wp","href":"https:\/\/api.w.org\/{rel}","templated":true}]}}