{"id":7123,"date":"2015-07-31T00:00:00","date_gmt":"2015-07-31T05:00:00","guid":{"rendered":"https:\/\/relofirm.com\/panama_tax_free_zones\/"},"modified":"2020-09-25T00:43:05","modified_gmt":"2020-09-25T05:43:05","slug":"zonas-de-comercio-libres-de-impuestos-en-panama","status":"publish","type":"page","link":"https:\/\/www.relofirm.com\/es\/zonas-de-comercio-libres-de-impuestos-en-panama\/","title":{"rendered":"Zonas de Comercio Libres de Impuestos en Panam\u00e1"},"content":{"rendered":"<div class=\"menu-business-es-container\"><ul id=\"menu-business-es\" class=\"menu\"><li id=\"menu-item-7640\" class=\"menu-item menu-item-type-post_type menu-item-object-page menu-item-has-children menu-item-7640\"><a href=\"https:\/\/www.relofirm.com\/es\/informacion-de-negocios-en-panama\/\">Informaci\u00f3n de Negocios en Panam\u00e1<\/a>\n<ul class=\"sub-menu\">\n\t<li id=\"menu-item-7366\" class=\"menu-item menu-item-type-post_type menu-item-object-page menu-item-7366\"><a href=\"https:\/\/www.relofirm.com\/es\/como-comenzar-una-empresa-en-panama\/\">C\u00f3mo Iniciar un Negocio en Panam\u00e1<\/a><\/li>\n\t<li id=\"menu-item-7367\" class=\"menu-item menu-item-type-post_type menu-item-object-page menu-item-7367\"><a href=\"https:\/\/www.relofirm.com\/es\/como-comprar-una-empresa-en-panama\/\">Como Comprar una Empresa en Panam\u00e1<\/a><\/li>\n\t<li id=\"menu-item-7369\" class=\"menu-item menu-item-type-post_type menu-item-object-page menu-item-7369\"><a href=\"https:\/\/www.relofirm.com\/es\/leyes-de-proteccion-de-propiedad-intelectual-en-panama\/\">Leyes de Proteccion de Propiedad Intelectual en Panama<\/a><\/li>\n\t<li id=\"menu-item-7370\" class=\"menu-item menu-item-type-post_type menu-item-object-page menu-item-7370\"><a href=\"https:\/\/www.relofirm.com\/es\/como-obtener-contratos-con-el-gobierno-de-panama\/\">Como Obtener Contratos con el Gobierno de Panama<\/a><\/li>\n\t<li id=\"menu-item-7371\" class=\"menu-item menu-item-type-post_type menu-item-object-page menu-item-7371\"><a href=\"https:\/\/www.relofirm.com\/es\/como-abrir-un-bar-o-un-restaurante-en-panama\/\">Como Abrir un Bar o un Restaurante en Panama<\/a><\/li>\n\t<li id=\"menu-item-7365\" class=\"menu-item menu-item-type-post_type menu-item-object-page menu-item-7365\"><a href=\"https:\/\/www.relofirm.com\/es\/derecho-laboral-de-panama-faqs\/\">Derecho Laboral de Panam\u00e1  &#8211; FAQ&#8217;s<\/a><\/li>\n\t<li id=\"menu-item-7368\" class=\"menu-item menu-item-type-post_type menu-item-object-page menu-item-7368\"><a href=\"https:\/\/www.relofirm.com\/es\/zonas-de-comercio-libres-de-impuestos-en-panama\/\">Zonas de Comercio Libres de Impuestos en Panam\u00e1<\/a><\/li>\n\t<li id=\"menu-item-7372\" class=\"menu-item menu-item-type-post_type menu-item-object-page menu-item-7372\"><a href=\"https:\/\/www.relofirm.com\/es\/beneficios-de-las-asociaciones-de-pequenos-empresarios-en-panama\/\">Beneficios de las Asociaciones de Pequenos Empresarios en Panama<\/a><\/li>\n\t<li id=\"menu-item-7373\" class=\"menu-item menu-item-type-post_type menu-item-object-page menu-item-7373\"><a href=\"https:\/\/www.relofirm.com\/es\/camaras-de-comercio-de-panama\/\">Camaras de Comercio de Panama<\/a><\/li>\n\t<li id=\"menu-item-237556\" class=\"menu-item menu-item-type-post_type menu-item-object-page menu-item-237556\"><a href=\"https:\/\/www.relofirm.com\/es\/panama-marca-y-registro-de-marcas\/\">Panam\u00e1 Marca y Registro de Marcas<\/a><\/li>\n<\/ul>\n<\/li>\n<\/ul><\/div>\n<hr \/>\n<p>Hay 3 Zonas de Comercio Libres de Impuestos en Panam\u00e1. Cada una ofrece diferentes tipos de exenciones fiscales basadas en sus fines previstos. A continuaci\u00f3n una revisi\u00f3n de las zonas de comercio con incentivos de impuestos de Panam\u00e1.<\/p>\n<h2>1. Zona Libre de Col\u00f3n<\/h2>\n<p>La Zona Libre de Col\u00f3n fue creada en 1948 y es la 2da m\u00e1s grande del mundo detr\u00e1s de la de Hong Kong. M\u00e1s de 1800 compa\u00f1\u00edas operan en la zona. La mayor\u00eda de estos negocios est\u00e1n involucrados con la industria de exportaci\u00f3n e importaci\u00f3n teniendo almacenes, f\u00e1bricas y re-empacado de varios productos. Una agencia gubernamental semi-independiente administra la Zona Libre de Col\u00f3n otorgando permisos de operaci\u00f3n y arrendamiento de espacio.<\/p>\n<p>Para que las compa\u00f1\u00edas puedan estar en la zona libre de Col\u00f3n se requiere que las compa\u00f1\u00edas tengan un m\u00ednimo de 60% de productos importados para ser exportados anualmente y contratar cinco paname\u00f1os.<\/p>\n<p>La <b>Zona Libre de Col\u00f3n <\/b>consiste de un puerto y sistema de transito dise\u00f1ados para exportaci\u00f3n, reexportaci\u00f3n, importaci\u00f3n, fabricaci\u00f3n, almacenamiento y refinaci\u00f3n y procesamiento de bienes y otras actividades relacionadas con zonas libres.<\/p>\n<h3>Beneficios de la zona libre de Col\u00f3n<\/h3>\n<ul>\n<li>No hay impuestos de importaci\u00f3n<\/li>\n<li>Solo un 5% de impuesto sobre los dividendos<\/li>\n<li>Cero impuestos en ingresos derivados de actividades de exportaci\u00f3n y<\/li>\n<li>Cero tarifas y cuotas en importaciones y exportaciones al extranjero<\/li>\n<\/ul>\n<h2>2. La Zona Econ\u00f3mica Especial Panam\u00e1 Pacifico<\/h2>\n<p>La Zona Econ\u00f3mica Especial Panam\u00e1 Pacifico est\u00e1 siendo construida en un espacio de 1,390 hect\u00e1reas con un aer\u00f3dromo con una pista de 8,400 pies. Cuando sea completada va a ser una peque\u00f1a ciudad incluyendo oficinas de bancos, oficinas corporativas, centros de llamadas, fabricaci\u00f3n de productos de alta tecnolog\u00eda, servicios de log\u00edstica, servicios offshore, mantenimiento de aeronaves y servicios de reparaci\u00f3n, industria cinematogr\u00e1fica y transferencia de bienes y servicios a buques y aviones y exportaci\u00f3n de bienes.<\/p>\n<p>Los requisitos para ubicarse en Panam\u00e1 Pacifico requieren estar involucrado con las siguientes industrias:<\/p>\n<ul>\n<li>Centros de llamadas,<\/li>\n<li>Servicios offshore,<\/li>\n<li>Servicios de gesti\u00f3n o administraci\u00f3n,<\/li>\n<li>Servicios de log\u00edstica y multimodal,<\/li>\n<li>Transmisi\u00f3n digital y de datos,<\/li>\n<li>Servicios mar\u00edtimos,<\/li>\n<li>Servicios de aviaci\u00f3n,<\/li>\n<li>Fabricaci\u00f3n y ensamblado de alta tecnolog\u00eda.<\/li>\n<\/ul>\n<p>Compa\u00f1\u00edas que deseen operar dentro de esta \u00e1rea econ\u00f3mica deben aplicar con London &amp; Regional Panam\u00e1 y con la agencia del gobierno de Panam\u00e1 Pacifico.<\/p>\n<h3>Los Desarrolladores de Panam\u00e1 Pac\u00edfico<\/h3>\n<p>London &amp; Regional Panam\u00e1 (LRP) Fusiona 2 empresas: Latin America\u2019s South Stone Investment Company con London &amp; Regional Properties (L&amp;R) trae un gran conocimiento en bienes ra\u00edces en un nivel distinguido, como desarrollador, gerente y propietario de cerca de $21 billones de D\u00f3lares Americanos en bienes inmuebles en todo el mundo en 5 continentes. South stone Combina la visi\u00f3n cultural con la experiencia y el soporte econ\u00f3mico.<\/p>\n<h3>El Desarrollo<\/h3>\n<p>La antigua Base de la Fuerza A\u00e9rea Estadounidense Howard est\u00e1 siendo desarrollada a una Zona Econ\u00f3mica Especial para Corporaciones multinacionales y compa\u00f1\u00edas de alta tecnolog\u00eda. Hay m\u00e1s de 125 compa\u00f1\u00edas multinacionales establecidas all\u00ed con 50 m\u00e1s que vienen en el 2012.<\/p>\n<h3>Visi\u00f3n<\/h3>\n<p>LRP Tiene un Plan Maestro que incluye las \u00faltimas tendencias en edificios verdes, redes de fibra \u00f3ptica y dise\u00f1o de barrio transitables. La visi\u00f3n del promotor incluye:<\/p>\n<p>\u201cEntrar a un nuevo mundo que forme un puente entre la tradici\u00f3n y la innovaci\u00f3n, Espacio de campo para respirar y accesibilidad a una ciudad grande, financiaci\u00f3n privada y apoyo del gobierno. Una comunidad perfectamente planeada que trae consigo gente de todas las edades para vivir, trabajar y jugar. Un refugio de residencias con una vivaz mezcla de vecindarios para pasear con casas elegantes. Una empresa global ofreciendo ventajas de negocio sin precedentes. Todo listo dentro de un paisaje sostenible unidos por parques y senderos.\u201d<\/p>\n<p>Panam\u00e1 Pacifico ofrece una nueva forma de vida que tiene que ver todo con conectividad. Como ning\u00fan otro destino en Latinoam\u00e9rica.<\/p>\n<h3>Infraestructura<\/h3>\n<p>Una base de la Fuerza A\u00e9rea de Estados Unidos ya se hab\u00eda establecido en la mayor\u00eda de la infraestructura de Panam\u00e1 Pac\u00edfico. Panam\u00e1 Pacifico se beneficia por estar conectada a los principales proveedores de obras p\u00fablicas de Panam\u00e1 operando fuera del Canal de Panam\u00e1. Desde obras de agua potable, conexiones el\u00e9ctricas excelentes con tecnolog\u00eda de vanguardia de alta capacidad de 5 esferas submarinas de telecomunicaci\u00f3n y excelentes carreteras. La excelente infraestructura de Panam\u00e1 pacifico acomoda a presentes y futuras generaciones.<\/p>\n<p>Panam\u00e1 Pacifico ya tiene un sistema de bus interno. El nuevo sistema de Gesti\u00f3n de la Demanda de Transporte empez\u00f3 en el 2012 con autobuses desplazando a los empleados internos.<\/p>\n<p>Todo el sistema de infraestructura estar\u00e1 bajo tierra preservando as\u00ed el car\u00e1cter y paisaje natural de la comunidad.<\/p>\n<h3>Ventajas Fiscales de Panam\u00e1 Pacifico<\/h3>\n<ul>\n<li>Derechos de importaci\u00f3n,<\/li>\n<li>Impuestos sobre la renta,<\/li>\n<li>Impuestos de timbre,<\/li>\n<li>Impuestos de llamadas internacionales,<\/li>\n<li>Impuestos de remesas,<\/li>\n<li>Impuestos sobre los dividendos,<\/li>\n<li>Impuestos de Ventas(ITBMS),<\/li>\n<li>Impuesto de Transferencia de Bienes Inmuebles,<\/li>\n<li>Impuesto Sobre la Propiedad Inmobiliaria,<\/li>\n<li>Impuesto de licencia, y<\/li>\n<li>Impuesto de Exportaci\u00f3n y Re-Exportaci\u00f3n.<\/li>\n<\/ul>\n<h3>Otros Beneficios<\/h3>\n<ul>\n<li>Tambi\u00e9n hay exenciones de impuestos por transferir servicios y bienes entre los puertos, a zonas libres de petr\u00f3leo, a naves y a pasajeros, a otras compa\u00f1\u00edas, a\u00a0 la compa\u00f1\u00eda The London &amp; State Regional Panam\u00e1 y agencias del gobierno ubicadas en Panam\u00e1 Pacifico<\/li>\n<li>Los beneficios fiscales tendr\u00e1n una consistencia de 10 a\u00f1os.<\/li>\n<li>Las leyes laborales con respecto a las horas de trabajo, la paga de domingos y d\u00edas feriados, y el derecho a negociar diferentes d\u00edas de descanso y vacaciones con los empleados son relajados.<\/li>\n<li>Las compa\u00f1\u00edas tendr\u00e1n m\u00e1s visas de inmigraci\u00f3n y permisos de trabajo para trabajadores extranjeros.<\/li>\n<\/ul>\n<h3>Beneficios de Inmigraci\u00f3n<\/h3>\n<p>La Zona Econ\u00f3mica Especial de Panam\u00e1 Pacifico tambi\u00e9n brindara beneficios de <a href=\"https:\/\/www.relofirm.com\/es\/immigration_visas\">Inmigraci\u00f3n en Panam\u00e1<\/a> incluyendo f\u00e1cil solicitud y emisi\u00f3n de las siguientes visas:<\/p>\n<ul>\n<li>Una oficina \u00fanica para manejar todas las solicitudes de visas y permiso de trabajo;<\/li>\n<li>Visas familiares que se extiende a los padres y c\u00f3nyuges econ\u00f3micamente dependientes;<\/li>\n<li>Visas especiales de 3 a 5 a\u00f1os para inversionistas y trabajadores;<\/li>\n<li>La importaci\u00f3n libre de impuestos de art\u00edculos personales hasta de $100,000.00<\/li>\n<\/ul>\n<h3>Incentivos Laborales<\/h3>\n<p>Adicionalmente La Zona Econ\u00f3mica Especial de Panam\u00e1 Pacifico ofrecer\u00e1 Incentivos Laborales como:<\/p>\n<ul>\n<li>Tasas fijas para las vacaciones (50%) y horas extras (25%).<\/li>\n<li>Flexibilidad al permitir que las compa\u00f1\u00edas abran en domingos y d\u00edas feriados al asignar d\u00edas feriados a los empleados y un mayor porcentaje de trabajadores extranjeros.<\/li>\n<li>M\u00e1s flexibilidad para despedir a los empleados por causa justificada o fluctuaciones del mercado.<\/li>\n<\/ul>\n<h2>3. Ciudad del Saber<\/h2>\n<p>La antigua Base Militar Estadounidense del Fuerte Clayton ha sido convertida en la Ciudad del Saber (City of Knowledge) que contiene compa\u00f1\u00edas de alta tecnolog\u00eda brindando servicios a gobiernos internacionales, investigaci\u00f3n internacional, educacional, centros de investigaci\u00f3n de ciencia, universidades, negocios y organizaciones no gubernamentales. La fundaci\u00f3n sin fines de lucro de la Ciudad del Saber administra este complejo.<\/p>\n<p>La\u00a0<b>Cuidad Zona Econ\u00f3mica Especial, Cuidad del Saber (City of Knowledge) <\/b>es un parque cient\u00edfico, tecnol\u00f3gico y empresarial. Los tipos de empresa permitidos incluyen cient\u00edficas, tecnol\u00f3gicas, desarrollo humano y cultural.<\/p>\n<h3>Beneficios de Impuestos de la Cuidad del Saber<\/h3>\n<ul>\n<li>Exenciones de impuestos importaci\u00f3n para todos los veh\u00edculos, equipos, maquinaria, muebles y cualquier material de operaciones de la compa\u00f1\u00eda;<\/li>\n<li>Exenciones de Impuestos sobre la renta;<\/li>\n<li>Exenci\u00f3n de impuestos sobre las ventas en todos los equipos y bienes necesarios para las operaciones de la empresa;<\/li>\n<li>Exenci\u00f3n del impuesto de transferencia de propiedad; y<\/li>\n<li>Excepciones de cuotas de visas de inmigraci\u00f3n\u00a0y permisos de trabajo para trabajadores extranjeros altamente calificados incluyendo visas de inmigraci\u00f3n para miembros de familia inmediata que se trasladen a Panam\u00e1.<\/li>\n<\/ul>\n<h3>Visas de Inversionistas en Zonas Libresde Impuestos<\/h3>\n<p>El Programa de Inversionistas de Zonas Libres de Impuestos permite a los inversionistas extranjeros y sus familias a reubicarse en Panam\u00e1\u00a0y <a href=\"https:\/\/www.relofirm.com\/es\/how_to_obtain_permanent_residency_in_panama\">obtener\u00a0la residencia Pananame\u00f1a<\/a> al alquilar un lote de tierra, oficina o un edificio entero con al menos un contrato de arrendamiento a 10 a\u00f1os dentro de una de las Zonas Libres de Impuestos de Panam\u00e1. El prop\u00f3sito de la empresa var\u00eda para cada zona libre.<\/p>\n<p><span style=\"line-height: 1.5em;\">Las leyes de <a href=\"https:\/\/www.relofirm.com\/es\/immigration_visas\">inmigraci\u00f3n de Panam\u00e1<\/a> favorecen los inversionistas extranjeros que pueden generar comercios desde Panam\u00e1 con el resto del mundo. Hay distintas ventajas fiscales para los extranjeros que puedan operar las plantas de fabricaci\u00f3n, plantas de ensamblaje, centros de llamadas, centros de creaci\u00f3n de software, y otras empresas que puedan exportar sus productos o servicios. Estas empresas tambi\u00e9n tienen una reducci\u00f3n de impuestos sustancial en la venta de un determinado porcentaje de sus productos o servicios a nivel local.<\/span><\/p>\n","protected":false},"excerpt":{"rendered":"<p>Hay 3 Zonas de Comercio Libres de Impuestos en Panam\u00e1. Cada una ofrece diferentes tipos de exenciones fiscales basadas en sus fines previstos. A continuaci\u00f3n una revisi\u00f3n de las zonas de comercio con incentivos de impuestos de Panam\u00e1. 1. Zona Libre de Col\u00f3n La Zona Libre de Col\u00f3n fue creada en 1948 y es la [&hellip;]<\/p>\n","protected":false},"author":7,"featured_media":0,"parent":0,"menu_order":0,"comment_status":"open","ping_status":"open","template":"","meta":{"_et_pb_use_builder":"","_et_pb_old_content":"","_et_gb_content_width":"","inline_featured_image":false},"yoast_head":"<!-- This site is optimized with the Yoast SEO plugin v18.5.1 - https:\/\/yoast.com\/wordpress\/plugins\/seo\/ -->\n<title>Zonas de Comercio Libres de Impuestos en Panam\u00e1<\/title>\n<meta name=\"description\" content=\"Hay 3 Zonas de Comercio Libres de Impuestos en Panam\u00e1. Cada una ofrece diferentes tipos de exenciones fiscales. A continuaci\u00f3n una revisi\u00f3n de las zonas.\" \/>\n<meta name=\"robots\" content=\"index, follow, max-snippet:-1, max-image-preview:large, max-video-preview:-1\" \/>\n<link rel=\"canonical\" href=\"https:\/\/www.relofirm.com\/es\/zonas-de-comercio-libres-de-impuestos-en-panama\/\" \/>\n<meta property=\"og:locale\" content=\"es_ES\" \/>\n<meta property=\"og:type\" content=\"article\" \/>\n<meta property=\"og:title\" content=\"Zonas de Comercio Libres de Impuestos en Panam\u00e1\" \/>\n<meta property=\"og:description\" content=\"Hay 3 Zonas de Comercio Libres de Impuestos en Panam\u00e1. Cada una ofrece diferentes tipos de exenciones fiscales. A continuaci\u00f3n una revisi\u00f3n de las zonas.\" \/>\n<meta property=\"og:url\" content=\"https:\/\/www.relofirm.com\/es\/zonas-de-comercio-libres-de-impuestos-en-panama\/\" \/>\n<meta property=\"og:site_name\" content=\"International Relocation Firm\" \/>\n<meta property=\"article:publisher\" content=\"https:\/\/www.facebook.com\/ReloFirm\/\" \/>\n<meta property=\"article:modified_time\" content=\"2020-09-25T05:43:05+00:00\" \/>\n<meta name=\"twitter:label1\" content=\"Tiempo de lectura\" \/>\n\t<meta name=\"twitter:data1\" content=\"7 minutos\" \/>\n<!-- \/ Yoast SEO plugin. -->","yoast_head_json":{"title":"Zonas de Comercio Libres de Impuestos en Panam\u00e1","description":"Hay 3 Zonas de Comercio Libres de Impuestos en Panam\u00e1. Cada una ofrece diferentes tipos de exenciones fiscales. A continuaci\u00f3n una revisi\u00f3n de las zonas.","robots":{"index":"index","follow":"follow","max-snippet":"max-snippet:-1","max-image-preview":"max-image-preview:large","max-video-preview":"max-video-preview:-1"},"canonical":"https:\/\/www.relofirm.com\/es\/zonas-de-comercio-libres-de-impuestos-en-panama\/","og_locale":"es_ES","og_type":"article","og_title":"Zonas de Comercio Libres de Impuestos en Panam\u00e1","og_description":"Hay 3 Zonas de Comercio Libres de Impuestos en Panam\u00e1. Cada una ofrece diferentes tipos de exenciones fiscales. A continuaci\u00f3n una revisi\u00f3n de las zonas.","og_url":"https:\/\/www.relofirm.com\/es\/zonas-de-comercio-libres-de-impuestos-en-panama\/","og_site_name":"International Relocation Firm","article_publisher":"https:\/\/www.facebook.com\/ReloFirm\/","article_modified_time":"2020-09-25T05:43:05+00:00","twitter_misc":{"Tiempo de lectura":"7 minutos"},"schema":{"@context":"https:\/\/schema.org","@graph":[{"@type":"Organization","@id":"https:\/\/www.relofirm.com\/#organization","name":"International Relocation Firm","url":"https:\/\/www.relofirm.com\/","sameAs":["https:\/\/www.facebook.com\/ReloFirm\/","https:\/\/www.linkedin.com\/company\/relo-firm","https:\/\/twitter.com\/polslegal"],"logo":{"@type":"ImageObject","@id":"https:\/\/www.relofirm.com\/#logo","inLanguage":"es","url":"https:\/\/www.relofirm.com\/wp-content\/uploads\/2021\/11\/relofirm-logo.svg","contentUrl":"https:\/\/www.relofirm.com\/wp-content\/uploads\/2021\/11\/relofirm-logo.svg","width":1485,"height":516,"caption":"International Relocation Firm"},"image":{"@id":"https:\/\/www.relofirm.com\/#logo"}},{"@type":"WebSite","@id":"https:\/\/www.relofirm.com\/#website","url":"https:\/\/www.relofirm.com\/","name":"International Relocation Firm","description":"","publisher":{"@id":"https:\/\/www.relofirm.com\/#organization"},"potentialAction":[{"@type":"SearchAction","target":{"@type":"EntryPoint","urlTemplate":"https:\/\/www.relofirm.com\/?s={search_term_string}"},"query-input":"required name=search_term_string"}],"inLanguage":"es"},{"@type":"WebPage","@id":"https:\/\/www.relofirm.com\/es\/zonas-de-comercio-libres-de-impuestos-en-panama\/#webpage","url":"https:\/\/www.relofirm.com\/es\/zonas-de-comercio-libres-de-impuestos-en-panama\/","name":"Zonas de Comercio Libres de Impuestos en Panam\u00e1","isPartOf":{"@id":"https:\/\/www.relofirm.com\/#website"},"datePublished":"2015-07-31T05:00:00+00:00","dateModified":"2020-09-25T05:43:05+00:00","description":"Hay 3 Zonas de Comercio Libres de Impuestos en Panam\u00e1. Cada una ofrece diferentes tipos de exenciones fiscales. A continuaci\u00f3n una revisi\u00f3n de las zonas.","breadcrumb":{"@id":"https:\/\/www.relofirm.com\/es\/zonas-de-comercio-libres-de-impuestos-en-panama\/#breadcrumb"},"inLanguage":"es","potentialAction":[{"@type":"ReadAction","target":["https:\/\/www.relofirm.com\/es\/zonas-de-comercio-libres-de-impuestos-en-panama\/"]}]},{"@type":"BreadcrumbList","@id":"https:\/\/www.relofirm.com\/es\/zonas-de-comercio-libres-de-impuestos-en-panama\/#breadcrumb","itemListElement":[{"@type":"ListItem","position":1,"name":"Home","item":"https:\/\/www.relofirm.com\/es\/"},{"@type":"ListItem","position":2,"name":"Zonas de Comercio Libres de Impuestos en Panam\u00e1"}]}]}},"_links":{"self":[{"href":"https:\/\/www.relofirm.com\/es\/wp-json\/wp\/v2\/pages\/7123"}],"collection":[{"href":"https:\/\/www.relofirm.com\/es\/wp-json\/wp\/v2\/pages"}],"about":[{"href":"https:\/\/www.relofirm.com\/es\/wp-json\/wp\/v2\/types\/page"}],"author":[{"embeddable":true,"href":"https:\/\/www.relofirm.com\/es\/wp-json\/wp\/v2\/users\/7"}],"replies":[{"embeddable":true,"href":"https:\/\/www.relofirm.com\/es\/wp-json\/wp\/v2\/comments?post=7123"}],"version-history":[{"count":1,"href":"https:\/\/www.relofirm.com\/es\/wp-json\/wp\/v2\/pages\/7123\/revisions"}],"predecessor-version":[{"id":8047,"href":"https:\/\/www.relofirm.com\/es\/wp-json\/wp\/v2\/pages\/7123\/revisions\/8047"}],"wp:attachment":[{"href":"https:\/\/www.relofirm.com\/es\/wp-json\/wp\/v2\/media?parent=7123"}],"curies":[{"name":"wp","href":"https:\/\/api.w.org\/{rel}","templated":true}]}}