{"id":7122,"date":"2015-07-31T00:00:00","date_gmt":"2015-07-31T05:00:00","guid":{"rendered":"https:\/\/relofirm.com\/panama_real_estate_taxes\/"},"modified":"2020-09-25T00:32:28","modified_gmt":"2020-09-25T05:32:28","slug":"impuestos-sobre-la-propiedad-en-panama","status":"publish","type":"page","link":"https:\/\/www.relofirm.com\/es\/impuestos-sobre-la-propiedad-en-panama\/","title":{"rendered":"Impuestos Sobre la Propiedad en Panam\u00e1"},"content":{"rendered":"<p>El Impuesto Sobre Bienes Inmuebles en Panam\u00e1 se aplica al valor del terreno y todas las mejoras registradas, las cuales no est\u00e1n exoneradas. Aqu\u00ed hay una lista de tasas de impuestos de bienes ra\u00edces en Panam\u00e1:<\/p>\n<h2>Tasas de Impuestos de Bienes Ra\u00edces en Panam\u00e1 (Impuesto sobre la Propiedad):<\/h2>\n<ul>\n<li>Los primeros $30,000 USD est\u00e1n exentos.<\/li>\n<li>Entre $30,000 hasta $50,000 tienen una tasa de 1.75%.<\/li>\n<li>Entre $50,000 y $75,000 tienen una tasa de 1.95%; y<\/li>\n<li>Todo sobre $75,000 tiene una tasa de 2.1%.<\/li>\n<\/ul>\n<h2><b>Tasa de Impuesto Alternativo Progresivo para Bienes Ra\u00edces en Panam\u00e1 <\/b><\/h2>\n<p>Hay otro impuesto \u201calternativo progresivo\u201d de bienes ra\u00edces en Panam\u00e1 el cual aplica a propiedades existentes en paz y salvo donde el contribuyente presenta una declaraci\u00f3n jurada de un nuevo valor basado en una compa\u00f1\u00eda de tasaci\u00f3n certificada.<\/p>\n<p>Las propiedades en Panam\u00e1 con permisos de ocupaci\u00f3n emitidos antes del 1 de Julio, 2012 se le aplicar\u00e1n grav\u00e1menes con esta tasa siempre y cuando las mejoras hayan sido presentadasal Registro P\u00fablico antes del 1 de Julio, 2011.<\/p>\n<p>Construcciones nuevas con permisos de construcci\u00f3n emitidos despu\u00e9s del 1 de Julio, 2010 con mejoras registradas dentro de un a\u00f1o despu\u00e9s de la emisi\u00f3n del permiso de ocupaci\u00f3n califican para esta tasa. Adicionalmente, el valor del terreno debe ser actualizado si han pasado m\u00e1s de 5 a\u00f1os del tiempo de que las mejoras fueron registradas.<\/p>\n<ul>\n<li>Esta tasa es de 0% hasta $30,000 por el valor del terreno y las mejoras; y<\/li>\n<li>0.75% entre $30,000 hasta $100,000; y<\/li>\n<li>Desde $100,000 en adelante la tasa es 1%.<\/li>\n<\/ul>\n<p>Las parcelas de tierra donde los condominios permanezcan constituidos como \u00abpropiedades horizontales\u00bb con el valor proporcional del propietario de un condominio en la propiedad no excediendo los $30.000 ser\u00e1 a una tasa del 0%. De lo contrario la propiedad se gravar\u00e1 a una tasa del 1%.<\/p>\n<h2>Impuesto de Transferencia de Propiedad Inmuebleen Panam\u00e1<\/h2>\n<p>La Transferencia de Propiedad Inmueble en Panam\u00e1 es el 2% del mayor entre el valor total de la venta o del valor registrado m\u00e1s el valor de las mejoras mas el 5% para cada a\u00f1o desde que se obtuvo la propiedad y la venta.<\/p>\n<h2>Exoneraci\u00f3n de Impuestos Sobre la Propiedad de 20 A\u00f1os<\/h2>\n<p>Todo edificio residencial reci\u00e9n construido ser\u00e1 exento de pagar impuestos sobre la propiedad por 20 a\u00f1os desde la fecha del permiso de ocupaci\u00f3n. Esta exoneraci\u00f3n solo aplica a las mejor\u00edas y no al terreno. Ya que la exoneraci\u00f3n aplica a la propiedad y no al due\u00f1o, los a\u00f1os restantes continuaran con la propiedad luego de que sea vendida. Si el terreno vale m\u00e1s de $30,000 USD entonces el impuesto de propiedad si aplicar\u00e1.<\/p>\n<p><b>Nota:<\/b>\u00a0Si el desarrollador de la propiedad fall\u00f3 en aplicar para la exoneraci\u00f3n de 20 a\u00f1os o si usted adquiri\u00f3 una casa reci\u00e9n construida de un anunciante quien no aplic\u00f3 para la exoneraci\u00f3n usted debe hacerlo por su cuenta. Vaya al Departamento de Exoneraciones en el Ministerio de Econom\u00eda con una copia de su escritura p\u00fablica y aplique para la exoneraci\u00f3n de impuestos.<\/p>\n<p><a href=\"https:\/\/www.relofirm.com\/es\/contactenos\">Cont\u00e1ctenos<\/a>\u00a0para todas sus necesidades de <a href=\"https:\/\/www.relofirm.com\/es\/panama_taxes\">Impuestos en Panam\u00e1<\/a>.<\/p>\n","protected":false},"excerpt":{"rendered":"<p>El Impuesto Sobre Bienes Inmuebles en Panam\u00e1 se aplica al valor del terreno y todas las mejoras registradas, las cuales no est\u00e1n exoneradas. Aqu\u00ed hay una lista de tasas de impuestos de bienes ra\u00edces en Panam\u00e1: Tasas de Impuestos de Bienes Ra\u00edces en Panam\u00e1 (Impuesto sobre la Propiedad): Los primeros $30,000 USD est\u00e1n exentos. Entre [&hellip;]<\/p>\n","protected":false},"author":7,"featured_media":0,"parent":0,"menu_order":0,"comment_status":"open","ping_status":"open","template":"","meta":{"_et_pb_use_builder":"","_et_pb_old_content":"","_et_gb_content_width":"","inline_featured_image":false},"yoast_head":"<!-- This site is optimized with the Yoast SEO plugin v18.5.1 - https:\/\/yoast.com\/wordpress\/plugins\/seo\/ -->\n<title>Impuestos Sobre la Propiedad en Panam\u00e1<\/title>\n<meta name=\"description\" content=\"Aqui hay una lista de tasas de impuestos de propiedad en Panam\u00e1. Los Impuestos en Panam\u00e1 se aplica al valor del terreno y todas las mejoras registradas.\" \/>\n<meta name=\"robots\" content=\"index, follow, max-snippet:-1, max-image-preview:large, max-video-preview:-1\" \/>\n<link rel=\"canonical\" href=\"https:\/\/www.relofirm.com\/es\/impuestos-sobre-la-propiedad-en-panama\/\" \/>\n<meta property=\"og:locale\" content=\"es_ES\" \/>\n<meta property=\"og:type\" content=\"article\" \/>\n<meta property=\"og:title\" content=\"Impuestos Sobre la Propiedad en Panam\u00e1\" \/>\n<meta property=\"og:description\" content=\"Aqui hay una lista de tasas de impuestos de propiedad en Panam\u00e1. Los Impuestos en Panam\u00e1 se aplica al valor del terreno y todas las mejoras registradas.\" \/>\n<meta property=\"og:url\" content=\"https:\/\/www.relofirm.com\/es\/impuestos-sobre-la-propiedad-en-panama\/\" \/>\n<meta property=\"og:site_name\" content=\"International Relocation Firm\" \/>\n<meta property=\"article:publisher\" content=\"https:\/\/www.facebook.com\/ReloFirm\/\" \/>\n<meta property=\"article:modified_time\" content=\"2020-09-25T05:32:28+00:00\" \/>\n<meta name=\"twitter:label1\" content=\"Tiempo de lectura\" \/>\n\t<meta name=\"twitter:data1\" content=\"3 minutos\" \/>\n<!-- \/ Yoast SEO plugin. -->","yoast_head_json":{"title":"Impuestos Sobre la Propiedad en Panam\u00e1","description":"Aqui hay una lista de tasas de impuestos de propiedad en Panam\u00e1. Los Impuestos en Panam\u00e1 se aplica al valor del terreno y todas las mejoras registradas.","robots":{"index":"index","follow":"follow","max-snippet":"max-snippet:-1","max-image-preview":"max-image-preview:large","max-video-preview":"max-video-preview:-1"},"canonical":"https:\/\/www.relofirm.com\/es\/impuestos-sobre-la-propiedad-en-panama\/","og_locale":"es_ES","og_type":"article","og_title":"Impuestos Sobre la Propiedad en Panam\u00e1","og_description":"Aqui hay una lista de tasas de impuestos de propiedad en Panam\u00e1. Los Impuestos en Panam\u00e1 se aplica al valor del terreno y todas las mejoras registradas.","og_url":"https:\/\/www.relofirm.com\/es\/impuestos-sobre-la-propiedad-en-panama\/","og_site_name":"International Relocation Firm","article_publisher":"https:\/\/www.facebook.com\/ReloFirm\/","article_modified_time":"2020-09-25T05:32:28+00:00","twitter_misc":{"Tiempo de lectura":"3 minutos"},"schema":{"@context":"https:\/\/schema.org","@graph":[{"@type":"Organization","@id":"https:\/\/www.relofirm.com\/#organization","name":"International Relocation Firm","url":"https:\/\/www.relofirm.com\/","sameAs":["https:\/\/www.facebook.com\/ReloFirm\/","https:\/\/www.linkedin.com\/company\/relo-firm","https:\/\/twitter.com\/polslegal"],"logo":{"@type":"ImageObject","@id":"https:\/\/www.relofirm.com\/#logo","inLanguage":"es","url":"https:\/\/www.relofirm.com\/wp-content\/uploads\/2021\/11\/relofirm-logo.svg","contentUrl":"https:\/\/www.relofirm.com\/wp-content\/uploads\/2021\/11\/relofirm-logo.svg","width":1485,"height":516,"caption":"International Relocation Firm"},"image":{"@id":"https:\/\/www.relofirm.com\/#logo"}},{"@type":"WebSite","@id":"https:\/\/www.relofirm.com\/#website","url":"https:\/\/www.relofirm.com\/","name":"International Relocation Firm","description":"","publisher":{"@id":"https:\/\/www.relofirm.com\/#organization"},"potentialAction":[{"@type":"SearchAction","target":{"@type":"EntryPoint","urlTemplate":"https:\/\/www.relofirm.com\/?s={search_term_string}"},"query-input":"required name=search_term_string"}],"inLanguage":"es"},{"@type":"WebPage","@id":"https:\/\/www.relofirm.com\/es\/impuestos-sobre-la-propiedad-en-panama\/#webpage","url":"https:\/\/www.relofirm.com\/es\/impuestos-sobre-la-propiedad-en-panama\/","name":"Impuestos Sobre la Propiedad en Panam\u00e1","isPartOf":{"@id":"https:\/\/www.relofirm.com\/#website"},"datePublished":"2015-07-31T05:00:00+00:00","dateModified":"2020-09-25T05:32:28+00:00","description":"Aqui hay una lista de tasas de impuestos de propiedad en Panam\u00e1. Los Impuestos en Panam\u00e1 se aplica al valor del terreno y todas las mejoras registradas.","breadcrumb":{"@id":"https:\/\/www.relofirm.com\/es\/impuestos-sobre-la-propiedad-en-panama\/#breadcrumb"},"inLanguage":"es","potentialAction":[{"@type":"ReadAction","target":["https:\/\/www.relofirm.com\/es\/impuestos-sobre-la-propiedad-en-panama\/"]}]},{"@type":"BreadcrumbList","@id":"https:\/\/www.relofirm.com\/es\/impuestos-sobre-la-propiedad-en-panama\/#breadcrumb","itemListElement":[{"@type":"ListItem","position":1,"name":"Home","item":"https:\/\/www.relofirm.com\/es\/"},{"@type":"ListItem","position":2,"name":"Impuestos Sobre la Propiedad en Panam\u00e1"}]}]}},"_links":{"self":[{"href":"https:\/\/www.relofirm.com\/es\/wp-json\/wp\/v2\/pages\/7122"}],"collection":[{"href":"https:\/\/www.relofirm.com\/es\/wp-json\/wp\/v2\/pages"}],"about":[{"href":"https:\/\/www.relofirm.com\/es\/wp-json\/wp\/v2\/types\/page"}],"author":[{"embeddable":true,"href":"https:\/\/www.relofirm.com\/es\/wp-json\/wp\/v2\/users\/7"}],"replies":[{"embeddable":true,"href":"https:\/\/www.relofirm.com\/es\/wp-json\/wp\/v2\/comments?post=7122"}],"version-history":[{"count":1,"href":"https:\/\/www.relofirm.com\/es\/wp-json\/wp\/v2\/pages\/7122\/revisions"}],"predecessor-version":[{"id":7960,"href":"https:\/\/www.relofirm.com\/es\/wp-json\/wp\/v2\/pages\/7122\/revisions\/7960"}],"wp:attachment":[{"href":"https:\/\/www.relofirm.com\/es\/wp-json\/wp\/v2\/media?parent=7122"}],"curies":[{"name":"wp","href":"https:\/\/api.w.org\/{rel}","templated":true}]}}