{"id":7119,"date":"2015-07-30T00:00:00","date_gmt":"2015-07-30T05:00:00","guid":{"rendered":"https:\/\/relofirm.com\/how_to_buy_a_panama_business\/"},"modified":"2020-09-25T00:22:14","modified_gmt":"2020-09-25T05:22:14","slug":"como-comprar-una-empresa-en-panama","status":"publish","type":"page","link":"https:\/\/www.relofirm.com\/es\/como-comprar-una-empresa-en-panama\/","title":{"rendered":"Como Comprar una Empresa en Panam\u00e1"},"content":{"rendered":"<div class=\"menu-business-es-container\"><ul id=\"menu-business-es\" class=\"menu\"><li id=\"menu-item-7640\" class=\"menu-item menu-item-type-post_type menu-item-object-page menu-item-has-children menu-item-7640\"><a href=\"https:\/\/www.relofirm.com\/es\/informacion-de-negocios-en-panama\/\">Informaci\u00f3n de Negocios en Panam\u00e1<\/a>\n<ul class=\"sub-menu\">\n\t<li id=\"menu-item-7366\" class=\"menu-item menu-item-type-post_type menu-item-object-page menu-item-7366\"><a href=\"https:\/\/www.relofirm.com\/es\/como-comenzar-una-empresa-en-panama\/\">Como Comenzar una empresa en Panama<\/a><\/li>\n\t<li id=\"menu-item-7367\" class=\"menu-item menu-item-type-post_type menu-item-object-page menu-item-7367\"><a href=\"https:\/\/www.relofirm.com\/es\/como-comprar-una-empresa-en-panama\/\">Como Comprar una Empresa en Panam\u00e1<\/a><\/li>\n\t<li id=\"menu-item-7369\" class=\"menu-item menu-item-type-post_type menu-item-object-page menu-item-7369\"><a href=\"https:\/\/www.relofirm.com\/es\/leyes-de-proteccion-de-propiedad-intelectual-en-panama\/\">Leyes de Proteccion de Propiedad Intelectual en Panama<\/a><\/li>\n\t<li id=\"menu-item-7370\" class=\"menu-item menu-item-type-post_type menu-item-object-page menu-item-7370\"><a href=\"https:\/\/www.relofirm.com\/es\/como-obtener-contratos-con-el-gobierno-de-panama\/\">Como Obtener Contratos con el Gobierno de Panama<\/a><\/li>\n\t<li id=\"menu-item-7371\" class=\"menu-item menu-item-type-post_type menu-item-object-page menu-item-7371\"><a href=\"https:\/\/www.relofirm.com\/es\/como-abrir-un-bar-o-un-restaurante-en-panama\/\">Como Abrir un Bar o un Restaurante en Panama<\/a><\/li>\n\t<li id=\"menu-item-7365\" class=\"menu-item menu-item-type-post_type menu-item-object-page menu-item-7365\"><a href=\"https:\/\/www.relofirm.com\/es\/derecho-laboral-de-panama-faqs\/\">Derecho Laboral de Panam\u00e1  &#8211; FAQ&#8217;s<\/a><\/li>\n\t<li id=\"menu-item-7368\" class=\"menu-item menu-item-type-post_type menu-item-object-page menu-item-7368\"><a href=\"https:\/\/www.relofirm.com\/es\/zonas-de-comercio-libres-de-impuestos-en-panama\/\">Zonas de Comercio Libres de Impuestos en Panam\u00e1<\/a><\/li>\n\t<li id=\"menu-item-7372\" class=\"menu-item menu-item-type-post_type menu-item-object-page menu-item-7372\"><a href=\"https:\/\/www.relofirm.com\/es\/beneficios-de-las-asociaciones-de-pequenos-empresarios-en-panama\/\">Beneficios de las Asociaciones de Pequenos Empresarios en Panama<\/a><\/li>\n\t<li id=\"menu-item-7373\" class=\"menu-item menu-item-type-post_type menu-item-object-page menu-item-7373\"><a href=\"https:\/\/www.relofirm.com\/es\/camaras-de-comercio-de-panama\/\">Camaras de Comercio de Panama<\/a><\/li>\n<\/ul>\n<\/li>\n<\/ul><\/div>\n<hr \/>\n<p>La econom\u00eda de Panam\u00e1 est\u00e1 en auge y muchos extranjeros est\u00e1n llegando a Panam\u00e1 ya sea para <a href=\"https:\/\/www.relofirm.com\/es\/how_to_start_a_panama_business\">comenzar una nueva empresa<\/a> o comprar una empresa existente. Ac\u00e1 les presentamos una \u00a0lista de preguntas importantes que hacer antes de comprar una empresa Paname\u00f1a existente:<\/p>\n<p><strong>1.\u00a0 \u00bfCu\u00e1nto realmente vale la empresa Paname\u00f1a? <\/strong>Tal y como cuando se va a comprar un autom\u00f3vil o una casa, uno quiere adquirirlo a un valor de mercado justo o menor. Expertos en valoraci\u00f3n de empresas est\u00e1n disponibles en Panam\u00e1.\u00a0 Un vendedor de empresas inteligente en Panam\u00e1 ya habr\u00e1 hecho esto antes de postular la empresa para la venta.\u00a0 El valor de una empresa en Panam\u00e1 est\u00e1 determinado por varias cosas, incluyendo ingreso, listado de clientes, ubicaci\u00f3n, competencia, inventario, deudas, salarios de los empleados, ventas brutas y las ganancias netas anteriores.<\/p>\n<p><strong style=\"line-height: 1.5em;\">2.\u00a0 Inspeccionar los libros.<\/strong><span style=\"line-height: 1.5em;\">\u00a0Los vendedores frecuentemente exageran el volumen de las ventas y altas ganancias. La prueba real se encuentra en los archivos de contabilidad de la compa\u00f1\u00eda. Un contable competente necesita inspeccionar los libros, verificando que la compa\u00f1\u00eda no haya participado en pr\u00e1cticas contables cuestionables y confirmar el volumen de ventas y ganancias.<\/span><\/p>\n<p><strong style=\"line-height: 1.5em;\">3.\u00a0 \u00bfQu\u00e9 est\u00e1 incluido? <\/strong><span style=\"line-height: 1.5em;\">El empresario en Panam\u00e1 debe ser capaz de proporcionar una lista de activos incluyendo el edificio u oficina (si son de su propiedad), equipos, muebles y extras como marcas comerciales, derechos de autor y patentes.<\/span><\/p>\n<p><strong style=\"line-height: 1.5em;\">4.\u00a0 \u00bfEs atractivo el alquiler?<\/strong><b style=\"line-height: 1.5em;\">\u00a0<\/b><span style=\"line-height: 1.5em;\">Los locales alquilados requieren de una copia del contrato de renta el cual informa cuanto tiempo falta y cuando la renta puede ser incrementada, o si hay limitaciones para una venta de la empresa Paname\u00f1a.<\/span><\/p>\n<p><strong style=\"line-height: 1.5em;\">5. \u00bfPor qu\u00e9 el due\u00f1o est\u00e1 vendiendo? \u00bf<\/strong><span style=\"line-height: 1.5em;\">Est\u00e1 el vendedor escondiendo hechos que podr\u00edan perjudicar la empresa Paname\u00f1a en el futuro? Esto podr\u00eda ser que un gran competidor se estar\u00eda trasladando pr\u00f3ximamente cerca del \u00e1rea con precios m\u00e1s bajos, o cambios de zonificaci\u00f3n restringiendo futuros planes de crecimiento.<\/span><\/p>\n<p><strong style=\"line-height: 1.5em;\">6. \u00bfAlguna deuda incobrable?<\/strong><b style=\"line-height: 1.5em;\">\u00a0<\/b><span style=\"line-height: 1.5em;\">Indague sobre todas las deudas para ver si existe alg\u00fan pr\u00e9stamo incobrable o se deben impuestos atrasados. Empresas de arrendamiento financiero pueden no haber recibido los pagos correspondientes y pueden estar listas para recuperar los muebles y equipos. Las cuentas de servicios p\u00fablicos y servicios de internet pueden no haber sido pagadas.<\/span><\/p>\n<p><strong>7.\u00a0 \u00bfEs el vendedor realmente el due\u00f1o?<\/strong><b>\u00a0<\/b>Averig\u00fce si la empresa Paname\u00f1a es propiedad de un individuo, familiar, asociaci\u00f3n, o corporaci\u00f3n. La propiedad por una corporaci\u00f3n necesita ser estudiada mediante la investigaci\u00f3n de los registros en el Registro P\u00fablico del gobierno el cual tiene los Art\u00edculos de Constituci\u00f3narchivados junto con los nombres de la Junta Directiva y sus Directores. Usted tambi\u00e9n puede hacer una b\u00fasqueda de corporaciones Paname\u00f1as. Vaya a Google y busque cada nombre listado en el registro de corporaciones par a ver si hay alguna clase de informaci\u00f3n negativa sobre la persona en internet. Lo mismo aplica para la propiedad por individuos o por asociaci\u00f3n. B\u00fasquelos a todos en Google. Si la corporaci\u00f3n en Panam\u00e1 est\u00e1 meramente vendiendo sus acciones y va a permanecer en el registro como la due\u00f1a de la empresa Paname\u00f1a, investigue para ver si hay alguna demanda pendiente, honorarios o multas gubernamentales sin pagar y si la corporaci\u00f3n est\u00e1 bajo investigaci\u00f3n por el gobierno.<\/p>\n<p><strong>8.\u00a0 \u00bfContiene el contrato de venta una clausula de no-competici\u00f3n? <\/strong>No permita que el vendedor se convierta en un competidor.<\/p>\n<p><strong>9.\u00a0 \u00bfPueden los extranjeros ser due\u00f1os de este tipo de empresa?<\/strong><b>\u00a0<\/b>Los extranjeros no pueden ser due\u00f1os de algunos tipos de empresas en Panam\u00e1.\u00a0 Los empresas de ventas al por menor est\u00e1n reservados \u00fanicamente para Paname\u00f1os. Tambi\u00e9n, algunas profesiones no pueden ser ejercidas por extranjeros, incluyendo doctores de medicina y veterinaria, arquitectos, ingenieros y abogados. Solamente paname\u00f1os y residentes extranjeros legales de por lo menos cinco a\u00f1os pueden convertirse en agentes de bienes y ra\u00edces (llamado \u201cbr\u00f3ker\u201d o corredor en algunos pa\u00edses).<\/p>\n<p><strong style=\"line-height: 1.5em;\">10.\u00a0 \u00bfDebe usted firmar el contrato de compraventa de empresas?<\/strong><span style=\"line-height: 1.5em;\">\u00a0Casi todo contrato de compra de empresas de Panam\u00e1 estar\u00e1 escrito en espa\u00f1ol. No lo firme hasta que un abogado Paname\u00f1o de empresas competente lo lea y le aconseje. Todas las firmas deben ser verificadas por un Notario P\u00fablico de Panam\u00e1<\/span><\/p>\n<p><strong style=\"line-height: 1.5em;\">Antes de comprar una empresa existente en Panam\u00e1, contrate un abogado.<\/strong><\/p>\n<p>&nbsp;<\/p>\n<p><a href=\"https:\/\/www.relofirm.com\/es\/contactenos\">Cont\u00e1ctenos<\/a> \u00a0para una cotizaci\u00f3n en cuanto a asistirle con la compra de un empresa existente en Panam\u00e1 o iniciando un empresa en Panam\u00e1.<\/p>\n","protected":false},"excerpt":{"rendered":"<p>La econom\u00eda de Panam\u00e1 est\u00e1 en auge y muchos extranjeros est\u00e1n llegando a Panam\u00e1 ya sea para comenzar una nueva empresa o comprar una empresa existente. Ac\u00e1 les presentamos una \u00a0lista de preguntas importantes que hacer antes de comprar una empresa Paname\u00f1a existente: 1.\u00a0 \u00bfCu\u00e1nto realmente vale la empresa Paname\u00f1a? Tal y como cuando se [&hellip;]<\/p>\n","protected":false},"author":7,"featured_media":0,"parent":0,"menu_order":0,"comment_status":"open","ping_status":"open","template":"","meta":{"_et_pb_use_builder":"","_et_pb_old_content":"","_et_gb_content_width":"","inline_featured_image":false,"footnotes":""},"class_list":["post-7119","page","type-page","status-publish","hentry"],"yoast_head":"<!-- This site is optimized with the Yoast SEO plugin v27.5 - https:\/\/yoast.com\/product\/yoast-seo-wordpress\/ -->\n<title>Comprar una Empresa en Panam\u00e1: Preguntas &amp; Requisitos<\/title>\n<meta name=\"description\" content=\"Ac\u00e1 les presentamos una lista de preguntas importantes que hacer antes de comprar una empresa Paname\u00f1a existente. Cont\u00e1ctenos para asistirle.\" \/>\n<meta name=\"robots\" content=\"index, follow, max-snippet:-1, max-image-preview:large, max-video-preview:-1\" \/>\n<link rel=\"canonical\" href=\"https:\/\/www.relofirm.com\/es\/como-comprar-una-empresa-en-panama\/\" \/>\n<meta name=\"twitter:label1\" content=\"Tiempo de lectura\" \/>\n\t<meta name=\"twitter:data1\" content=\"4 minutos\" \/>\n<!-- \/ Yoast SEO plugin. -->","yoast_head_json":{"title":"Comprar una Empresa en Panam\u00e1: Preguntas & Requisitos","description":"Ac\u00e1 les presentamos una lista de preguntas importantes que hacer antes de comprar una empresa Paname\u00f1a existente. Cont\u00e1ctenos para asistirle.","robots":{"index":"index","follow":"follow","max-snippet":"max-snippet:-1","max-image-preview":"max-image-preview:large","max-video-preview":"max-video-preview:-1"},"canonical":"https:\/\/www.relofirm.com\/es\/como-comprar-una-empresa-en-panama\/","twitter_misc":{"Tiempo de lectura":"4 minutos"},"schema":{"@context":"https:\/\/schema.org","@graph":[{"@type":"WebPage","@id":"https:\/\/www.relofirm.com\/es\/como-comprar-una-empresa-en-panama\/","url":"https:\/\/www.relofirm.com\/es\/como-comprar-una-empresa-en-panama\/","name":"Comprar una Empresa en Panam\u00e1: Preguntas & Requisitos","isPartOf":{"@id":"https:\/\/www.relofirm.com\/#website"},"datePublished":"2015-07-30T05:00:00+00:00","dateModified":"2020-09-25T05:22:14+00:00","description":"Ac\u00e1 les presentamos una lista de preguntas importantes que hacer antes de comprar una empresa Paname\u00f1a existente. Cont\u00e1ctenos para asistirle.","breadcrumb":{"@id":"https:\/\/www.relofirm.com\/es\/como-comprar-una-empresa-en-panama\/#breadcrumb"},"inLanguage":"es","potentialAction":[{"@type":"ReadAction","target":["https:\/\/www.relofirm.com\/es\/como-comprar-una-empresa-en-panama\/"]}]},{"@type":"BreadcrumbList","@id":"https:\/\/www.relofirm.com\/es\/como-comprar-una-empresa-en-panama\/#breadcrumb","itemListElement":[{"@type":"ListItem","position":1,"name":"Home","item":"https:\/\/www.relofirm.com\/es\/"},{"@type":"ListItem","position":2,"name":"Como Comprar una Empresa en Panam\u00e1"}]},{"@type":"WebSite","@id":"https:\/\/www.relofirm.com\/#website","url":"https:\/\/www.relofirm.com\/","name":"International Relocation Firm","description":"","publisher":{"@id":"https:\/\/www.relofirm.com\/#organization"},"potentialAction":[{"@type":"SearchAction","target":{"@type":"EntryPoint","urlTemplate":"https:\/\/www.relofirm.com\/?s={search_term_string}"},"query-input":{"@type":"PropertyValueSpecification","valueRequired":true,"valueName":"search_term_string"}}],"inLanguage":"es"},{"@type":"Organization","@id":"https:\/\/www.relofirm.com\/#organization","name":"International Relocation Firm","url":"https:\/\/www.relofirm.com\/","logo":{"@type":"ImageObject","inLanguage":"es","@id":"https:\/\/www.relofirm.com\/#\/schema\/logo\/image\/","url":"https:\/\/www.relofirm.com\/wp-content\/uploads\/2021\/11\/relofirm-logo.svg","contentUrl":"https:\/\/www.relofirm.com\/wp-content\/uploads\/2021\/11\/relofirm-logo.svg","width":1485,"height":516,"caption":"International Relocation Firm"},"image":{"@id":"https:\/\/www.relofirm.com\/#\/schema\/logo\/image\/"},"sameAs":["https:\/\/www.facebook.com\/PanamaOffshoreLegalServices","https:\/\/x.com\/polslegal"]}]}},"_links":{"self":[{"href":"https:\/\/www.relofirm.com\/es\/wp-json\/wp\/v2\/pages\/7119","targetHints":{"allow":["GET"]}}],"collection":[{"href":"https:\/\/www.relofirm.com\/es\/wp-json\/wp\/v2\/pages"}],"about":[{"href":"https:\/\/www.relofirm.com\/es\/wp-json\/wp\/v2\/types\/page"}],"author":[{"embeddable":true,"href":"https:\/\/www.relofirm.com\/es\/wp-json\/wp\/v2\/users\/7"}],"replies":[{"embeddable":true,"href":"https:\/\/www.relofirm.com\/es\/wp-json\/wp\/v2\/comments?post=7119"}],"version-history":[{"count":1,"href":"https:\/\/www.relofirm.com\/es\/wp-json\/wp\/v2\/pages\/7119\/revisions"}],"predecessor-version":[{"id":7826,"href":"https:\/\/www.relofirm.com\/es\/wp-json\/wp\/v2\/pages\/7119\/revisions\/7826"}],"wp:attachment":[{"href":"https:\/\/www.relofirm.com\/es\/wp-json\/wp\/v2\/media?parent=7119"}],"curies":[{"name":"wp","href":"https:\/\/api.w.org\/{rel}","templated":true}]}}