{"id":7116,"date":"2015-07-27T00:00:00","date_gmt":"2015-07-27T05:00:00","guid":{"rendered":"https:\/\/relofirm.com\/how_to_obtain_permanent_residency_in_panama\/"},"modified":"2020-10-30T08:54:50","modified_gmt":"2020-10-30T13:54:50","slug":"como-obtener-residencia-permanente-en-panama","status":"publish","type":"page","link":"https:\/\/www.relofirm.com\/es\/como-obtener-residencia-permanente-en-panama\/","title":{"rendered":"Como Obtener Residencia Permanente en Panam\u00e1"},"content":{"rendered":"<div class=\"menu-immigration-en-container\"><ul id=\"menu-immigration-en\" class=\"menu\"><li id=\"menu-item-7642\" class=\"menu-item menu-item-type-post_type menu-item-object-page menu-item-has-children menu-item-7642\"><a href=\"https:\/\/www.relofirm.com\/es\/visas-para-panama-panama-inmigracion\/\">Visas para Panam\u00e1: Panam\u00e1 Inmigraci\u00f3n<\/a>\n<ul class=\"sub-menu\">\n\t<li id=\"menu-item-7643\" class=\"menu-item menu-item-type-post_type menu-item-object-page menu-item-7643\"><a href=\"https:\/\/www.relofirm.com\/es\/como-obtener-residencia-permanente-en-panama\/\">Como Obtener Residencia Permanente en Panam\u00e1<\/a><\/li>\n\t<li id=\"menu-item-237536\" class=\"menu-item menu-item-type-post_type menu-item-object-page menu-item-237536\"><a href=\"https:\/\/www.relofirm.com\/es\/visas-para-panama-panama-inmigracion\/naturalizacion\/\">Naturalizaci\u00f3n en Panam\u00e1<\/a><\/li>\n\t<li id=\"menu-item-7644\" class=\"menu-item menu-item-type-post_type menu-item-object-page menu-item-7644\"><a href=\"https:\/\/www.relofirm.com\/es\/visas-de-paises-amigos-de-panama\/\">Visas de Paises Amigos de Panama<\/a><\/li>\n\t<li id=\"menu-item-7645\" class=\"menu-item menu-item-type-post_type menu-item-object-page menu-item-7645\"><a href=\"https:\/\/www.relofirm.com\/es\/visas-de-pensionado-en-panama-visa-jubilados\/\">Visa de Pensionado en Panam\u00e1 (Visa Jubilados)<\/a><\/li>\n\t<li id=\"menu-item-10943\" class=\"menu-item menu-item-type-post_type menu-item-object-page menu-item-10943\"><a href=\"https:\/\/www.relofirm.com\/es\/residente-permanente-en-calidad-de-inversionista-calificado\/\">Residente Permanente en Calidad de Inversionista Calificado<\/a><\/li>\n\t<li id=\"menu-item-7646\" class=\"menu-item menu-item-type-post_type menu-item-object-page menu-item-7646\"><a href=\"https:\/\/www.relofirm.com\/es\/visa-de-auto-solvencia-economica-en-panama\/\">Visa de Auto Solvencia Econ\u00f3mica en Panama<\/a><\/li>\n\t<li id=\"menu-item-7647\" class=\"menu-item menu-item-type-post_type menu-item-object-page menu-item-7647\"><a href=\"https:\/\/www.relofirm.com\/es\/visa-de-reforestacion\/\">Visa de Reforestaci\u00f3n<\/a><\/li>\n\t<li id=\"menu-item-7648\" class=\"menu-item menu-item-type-post_type menu-item-object-page menu-item-7648\"><a href=\"https:\/\/www.relofirm.com\/es\/programa-de-inversionista-agricola\/\">Programa de Inversionista Agr\u00edcola<\/a><\/li>\n\t<li id=\"menu-item-7649\" class=\"menu-item menu-item-type-post_type menu-item-object-page menu-item-7649\"><a href=\"https:\/\/www.relofirm.com\/es\/programa-de-inversionista-en-zona-procesadora-libre-de-impuestos\/\">Programa de Inversionista en Zona Procesadora Libre de Impuestos<\/a><\/li>\n\t<li id=\"menu-item-7650\" class=\"menu-item menu-item-type-post_type menu-item-object-page menu-item-7650\"><a href=\"https:\/\/www.relofirm.com\/es\/visa-de-trabajo-para-la-ciudad-del-saber\/\">Visa de Trabajo para la Ciudad del Saber<\/a><\/li>\n\t<li id=\"menu-item-7651\" class=\"menu-item menu-item-type-post_type menu-item-object-page menu-item-7651\"><a href=\"https:\/\/www.relofirm.com\/es\/visa-de-misionero\/\">Visa de Misionero<\/a><\/li>\n\t<li id=\"menu-item-7652\" class=\"menu-item menu-item-type-post_type menu-item-object-page menu-item-7652\"><a href=\"https:\/\/www.relofirm.com\/es\/visa-de-estudiante-panama\/\">Visa de Estudiante Panama<\/a><\/li>\n\t<li id=\"menu-item-7653\" class=\"menu-item menu-item-type-post_type menu-item-object-page menu-item-7653\"><a href=\"https:\/\/www.relofirm.com\/es\/inmigracion-panamena-visa-de-multiples-entradas-y-salidas\/\">Inmigracion Panamena Visa de M\u00faltiples Entradas y Salidas<\/a><\/li>\n\t<li id=\"menu-item-7654\" class=\"menu-item menu-item-type-post_type menu-item-object-page menu-item-7654\"><a href=\"https:\/\/www.relofirm.com\/es\/visa-de-turista-en-panama\/\">Visa de Turista en Panam\u00e1<\/a><\/li>\n\t<li id=\"menu-item-7655\" class=\"menu-item menu-item-type-post_type menu-item-object-page menu-item-7655\"><a href=\"https:\/\/www.relofirm.com\/es\/autorizacion-de-visa-de-turista-en-panama\/\">Autorizacion de visa de Turista en Panama<\/a><\/li>\n\t<li id=\"menu-item-7656\" class=\"menu-item menu-item-type-post_type menu-item-object-page menu-item-7656\"><a href=\"https:\/\/www.relofirm.com\/es\/visa-de-marino-en-panama\/\">Visa de Marino en Panama<\/a><\/li>\n\t<li id=\"menu-item-7657\" class=\"menu-item menu-item-type-post_type menu-item-object-page menu-item-7657\"><a href=\"https:\/\/www.relofirm.com\/es\/visa-de-trabajadores-especialistas-en-panama\/\">Visa de Trabajadores Especialistas en Panama<\/a><\/li>\n\t<li id=\"menu-item-7658\" class=\"menu-item menu-item-type-post_type menu-item-object-page menu-item-7658\"><a href=\"https:\/\/www.relofirm.com\/es\/visa-de-residencia-en-panama-para-ciudadanos-italianos\/\">Visa de Residencia en Panama para Ciudadanos Italianos<\/a><\/li>\n\t<li id=\"menu-item-7659\" class=\"menu-item menu-item-type-post_type menu-item-object-page menu-item-7659\"><a href=\"https:\/\/www.relofirm.com\/es\/visa-para-trabajadores-eventuales-en-la-cultura-deporte-o-educacion\/\">Visa para Trabajadores Eventuales en la Cultura, Deporte o Educacion<\/a><\/li>\n\t<li id=\"menu-item-7660\" class=\"menu-item menu-item-type-post_type menu-item-object-page menu-item-7660\"><a href=\"https:\/\/www.relofirm.com\/es\/visa-de-trabajadores-domesticos-en-panama\/\">Visa de Trabajadores Dom\u00e9sticos en Panam\u00e1<\/a><\/li>\n\t<li id=\"menu-item-7661\" class=\"menu-item menu-item-type-post_type menu-item-object-page menu-item-7661\"><a href=\"https:\/\/www.relofirm.com\/es\/visas-de-corta-estancia-en-panama\/\">Visas de Corta Estancia en Panama<\/a><\/li>\n\t<li id=\"menu-item-7662\" class=\"menu-item menu-item-type-post_type menu-item-object-page menu-item-7662\"><a href=\"https:\/\/www.relofirm.com\/es\/visa-de-pasajeros-y-tripulantes-de-naves-con-fines-de-recreo-o-turismo-en-panama\/\">Visa de Pasajeros y Tripulantes de Naves con Fines de Recreo o Turismo en Panam\u00e1<\/a><\/li>\n\t<li id=\"menu-item-7663\" class=\"menu-item menu-item-type-post_type menu-item-object-page menu-item-7663\"><a href=\"https:\/\/www.relofirm.com\/es\/visa-de-trabajo-en-panama-para-residencia-temporal\/\">Visa de Trabajo en Panama para Residencia Temporal<\/a><\/li>\n\t<li id=\"menu-item-7664\" class=\"menu-item menu-item-type-post_type menu-item-object-page menu-item-7664\"><a href=\"https:\/\/www.relofirm.com\/es\/visas-de-residencia-temporal-en-panama-por-razones-especiales\/\">Visas de Residencia Temporal en Panama por Razones Especiales<\/a><\/li>\n\t<li id=\"menu-item-7665\" class=\"menu-item menu-item-type-post_type menu-item-object-page menu-item-7665\"><a href=\"https:\/\/www.relofirm.com\/es\/permisos-temporales-por-razones-humanitarias-en-panama\/\">Permisos Temporales por Razones Humanitarias en Panam\u00e1<\/a><\/li>\n\t<li id=\"menu-item-7666\" class=\"menu-item menu-item-type-post_type menu-item-object-page menu-item-7666\"><a href=\"https:\/\/www.relofirm.com\/es\/visas-por-politicas-especiales-en-panama\/\">Visas por Pol\u00edticas Especiales en Panam\u00e1<\/a><\/li>\n\t<li id=\"menu-item-7667\" class=\"menu-item menu-item-type-post_type menu-item-object-page menu-item-7667\"><a href=\"https:\/\/www.relofirm.com\/es\/visas-de-residencia-permanente-de-reagrupacion-familiar-en-panama\/\">Visas de Residencia Permanente de Reagrupaci\u00f3n Familiar en Panam\u00e1<\/a><\/li>\n\t<li id=\"menu-item-7668\" class=\"menu-item menu-item-type-post_type menu-item-object-page menu-item-7668\"><a href=\"https:\/\/www.relofirm.com\/es\/visas-para-extranjeros-bajo-proteccion-del-estado-refugiados\/\">Visas para Extranjeros Bajo Protecci\u00f3n del Estado (Refugiados)<\/a><\/li>\n\t<li id=\"menu-item-7669\" class=\"menu-item menu-item-type-post_type menu-item-object-page menu-item-7669\"><a href=\"https:\/\/www.relofirm.com\/es\/cambio-del-estatus-migratorio-de-panama\/\">Cambio del Estatus Migratorio de Panama<\/a><\/li>\n\t<li id=\"menu-item-7670\" class=\"menu-item menu-item-type-post_type menu-item-object-page menu-item-7670\"><a href=\"https:\/\/www.relofirm.com\/es\/control-migratorio-de-panama\/\">Control Migratorio de Panam\u00e1<\/a><\/li>\n\t<li id=\"menu-item-7672\" class=\"menu-item menu-item-type-post_type menu-item-object-page menu-item-7672\"><a href=\"https:\/\/www.relofirm.com\/es\/introduccion-de-mascotas-a-panama\/\">Introducci\u00f3n de Mascotas a Panam\u00e1<\/a><\/li>\n\t<li id=\"menu-item-7673\" class=\"menu-item menu-item-type-post_type menu-item-object-page menu-item-7673\"><a href=\"https:\/\/www.relofirm.com\/es\/verificacion-de-antecedentes-penales-en-panama\/\">Verificacion de Antecedentes Penales en Panama<\/a><\/li>\n\t<li id=\"menu-item-7674\" class=\"menu-item menu-item-type-post_type menu-item-object-page menu-item-7674\"><a href=\"https:\/\/www.relofirm.com\/es\/los-padres-de-ninos-nacidos-en-panama-podran-convertirse-en-residentes-permanentes\/\">Los Padres de Ninos Nacidos en Panama Podran Convertirse en Residentes Permanentes<\/a><\/li>\n\t<li id=\"menu-item-7675\" class=\"menu-item menu-item-type-post_type menu-item-object-page menu-item-7675\"><a href=\"https:\/\/www.relofirm.com\/es\/como-obetener-un-certificado-de-nacimiento-defuncion\/\">Certificado de Nacimiento o de Defuncion de Personas Nacidas en el Area del Canal<\/a><\/li>\n<\/ul>\n<\/li>\n<\/ul><\/div>\n<p><b style=\"line-height: 1.5em;\">Visas Paname\u00f1as para Residencia Permanente<\/b><\/p>\n<p>A continuaci\u00f3n explicaremos en detalle 9 diferentes tipos de programas para aplicar para Residencia en Panam\u00e1:<\/p>\n<h2>1. Visa Paname\u00f1a de Pa\u00edses Amigos<\/h2>\n<p>Los ciudadanos de cualquiera de los 50 pa\u00edses, considerados Amigos para Panam\u00e1, podr\u00e1n moverse a Panam\u00e1 con sus familiares directos, y adquirir una Visa de Residencia Permanente mucho m\u00e1s r\u00e1pido que con cualquier otra modalidad de Visa. Para calificar, el ciudadano deber\u00e1 participar en la compra de cualquier sociedad existente en Panam\u00e1, o constituir una nueva sociedad, o ser empleado en cualquier empresa de servicios profesionales en Panam\u00e1. Los 50 pa\u00edses considerados Amigos por el Gobierno Paname\u00f1o son los siguientes: ANDORRA, ARGENTINA, AUSTRALIA, AUSTRIA, BELGICA, BRASIL, CANADA, CHILE, COSTA RICA, CROACIA, CHIPRE, REPUBLICA CHECA, DINAMARCA, ESTONIA, FINLANDIA, FRANCIA, ALEMANIA, GRECIA, HONG KONG, HUNGRIA, IRLANDA, ISRAEL, JAPON, LETONIA, LIECHTENSTEIN, LITUANIA, LUXEMBURGO, MALTA, MONACO, MARINO, MEXICO, MONTENEGRO, PAISES BAJOS, NUEVA ZELANDA, NORUEGA, PARAGUAY, POLONIA, PORTUGAL, SERBIA, SINGAPUR, ESLOVAQUIA, ESPA\u00d1A, SUDAFRICA, COREA DEL SUR, SUECIA, SUIZA, TAIWAN, ESTADOS UNIDOS DE AMERICA, URUGUAY Y REINO UNIDO.<\/p>\n<p>Las 2 modalidades de visa explicadas anteriormente, son las \u00fanicas que conceden la residencia permanente inmediatamente.<\/p>\n<p>Las Visas que explicaremos a continuaci\u00f3n, requieren un periodo de residencia temporal provisional de 2 a\u00f1os, para posteriormente optar por la residencia permanente.<\/p>\n<p>Aprenda m\u00e1s sobre <a href=\"https:\/\/www.relofirm.com\/es\/panama_friendly_nations_visa\">Visas Paname\u00f1as de Pa\u00edses Amigos<\/a><\/p>\n<h2>2. Visa de Solvencia Econ\u00f3mica en Panama<\/h2>\n<p>Existen 3 opciones para participar por \u00e9sta modalidad creada con la finalidad de atraer inversionistas adinerados:<\/p>\n<p>Existen 3 opciones para participar por \u00e9sta modalidad creada con la finalidad de atraer inversionistas adinerados:<\/p>\n<ul>\n<li>Inversi\u00f3n m\u00ednima de $300,000 D\u00f3lares Americanos en bienes de capital (Puede ser en bienes ra\u00edces), y si desea incorporar a otras personas como dependientes, deber\u00e1 invertir 2.000 D\u00f3lares Americanos adicional por cada persona.<\/li>\n<li>Inversi\u00f3n m\u00ednima de $30.000 D\u00f3lares Americanos en un Certificado de Dep\u00f3sito Bancario a un Plazo de 3 a\u00f1os.<\/li>\n<li>La combinaci\u00f3n de las 2 opciones anteriores: La inversi\u00f3n en bienes capital + una colocaci\u00f3n en un Certificado de Dep\u00f3sito bancario, cuya suma alcance los 300.000 D\u00f3lares Americanos o su equivalente en moneda extranjera. Para cada dependiente deber\u00e1 invertir una suma adicional de 2.000 D\u00f3lares Americanos.<\/li>\n<\/ul>\n<p>Aprender m\u00e1s sobre la <a href=\"https:\/\/www.relofirm.com\/es\/self_economic_solvency_visa\">Visa de Solvencia Econ\u00f3mica en Panama<\/a><\/p>\n<h2>3. Visa de Negocios &#8211; Inversionista en Panama<\/h2>\n<p>Para calificar bajo \u00e9sta modalidad, deber\u00e1 realizar una Inversi\u00f3n m\u00ednima de 160,000 D\u00f3lares Americanos, como parte del Capital Social de una Sociedad Paname\u00f1a. El inversionista puede ser accionista y\/u oficial. Si desea incorporar dependientes, deber\u00e1 invertir la suma de 2,000 D\u00f3lares Americanos adicionales por cada dependiente.<\/p>\n<p>Aprenda m\u00e1s sobre la <a href=\"https:\/\/www.relofirm.com\/es\/small_business_investor\">Visa de Inversionista de Peque\u00f1a Empresa en Panama<\/a><\/p>\n<h2>4. Visa de Jubilados en Panama (Pensionado)<\/h2>\n<p>Cualquier persona mayor de 18 a\u00f1os, con una pensi\u00f3n de por vida pagadera anualmente y con una mensualidad superior a Mil (1,000.00) D\u00f3lares Americanos, califica para \u00e9sta modalidad. Si la persona posee dependientes econ\u00f3micos, deber\u00e1 percibir otros Doscientos Cincuenta (250.00) D\u00f3lares Americanos adicionales. La anualidad o pensi\u00f3n puede ser pagada por cualquier compa\u00f1\u00eda privada, milicia, entes gubernamentales, corporaciones, bancos, compa\u00f1\u00eda de seguros, fideicomisos, etc. Esta modalidad de Visa le proporciona beneficios adicionales, tales como: Descuentos en salas de cine, restaurantes, hoteles, farmacias, salas de conciertos, vuelos en l\u00edneas a\u00e9reas nacionales, as\u00ed como otros productos y servicios.<\/p>\n<p>Aprenda m\u00e1s sobre la <a href=\"https:\/\/www.relofirm.com\/es\/retired_pensioned_program\">Visa para Pensionados en Panama<\/a><\/p>\n<h2>5. Visa de Inversionista Reforestaci\u00f3n en Panama (Pensionado)<\/h2>\n<p>Con la inversi\u00f3n m\u00ednima de $80,000 D\u00f3lares Americanos en un proyecto de reforestaci\u00f3n certificado por el Gobierno de Panam\u00e1, lo cual implica una compra de al menos 5 hect\u00e1reas de terreno debidamente titulado. Por cada dependiente que Usted desee incluir, deber\u00e1 invertir $2,000 D\u00f3lares Americanos adicionales.<\/p>\n<p>Aprenda m\u00e1s sobre la <a href=\"https:\/\/www.relofirm.com\/es\/reforestation_visa\"> Visa de Reforestaci\u00f3n<\/a><\/p>\n<h2>6. Visa de Casado\/a con un Ciudadano\/a Paname\u00f1o\/a<\/h2>\n<p>Para optar a la visa de residencia permanente bajo esta modalidad, deber\u00e1 casarse (no simulacro) con un(a) ciudadano(a) Paname\u00f1o(a).<\/p>\n<h2>7. Visa de Profesionales Especialistas en Panama<\/h2>\n<p>Los extranjeros que trabajen para una empresa o sociedad Paname\u00f1a en calidad de Profesional, pagando impuestos de seguro social y poseedor de un T\u00edtulo Profesional o Licencia Profesional (En caso de ser requerido por su Pa\u00eds de origen), puede convertirse en residente permanente despu\u00e9s de 2 a\u00f1os de ser residente temporal. El t\u00e9rmino \u201cProfesional\u201d no es limitada a la definici\u00f3n contenida en la Constituci\u00f3n Paname\u00f1a o la definici\u00f3n dada por las leyes hacia un ciudadano.<\/p>\n<p>Aprenda m\u00e1s sobre la <a href=\"https:\/\/www.relofirm.com\/es\/specialist_workers_visa\">Visa de Trabajadores Especialistas en Panama<\/a><\/p>\n<h2>8. Padres de Ninos Nacidos en Panama<\/h2>\n<p>Los padres de un(a) ni\u00f1o(a) nacido(a) en Panam\u00e1, podr\u00e1n optar a \u00e9sta figura de residencia permanente, una vez que el(la) ni\u00f1o(a) alcance los 05 a\u00f1os de edad.<\/p>\n<p>Aprenda \u00a0m\u00e1s sobre <a href=\"https:\/\/www.relofirm.com\/es\/parents_of_a_child_born_in_panama_can_become_permanent_residents\">padres de ninos nacidos en Panama\u00a0<\/a><\/p>\n<h2>9. Programa de Inversionista Calificado<\/h2>\n<p>El programa de inversionista calificado ofrece a los inversionistas internacionales una oportunidad \u201cacelerada\u201d (proceso de 30 d\u00edas) para obtener el estatus de residencia legal permanente en Panam\u00e1, lo que lleva a la ciudadan\u00eda en Panam\u00e1 (y un pasaporte de Panam\u00e1). Los solicitantes deben elegir una de las tres opciones disponibles: 1) Invertir $ 300,000 en bienes ra\u00edces; 2) Invertir $ 500,000 en la compra de valores en la Bolsa de Valores de Panam\u00e1; 3) Invertir $ 750,000 en un dep\u00f3sito a plazo en un banco en Panam\u00e1 (el banco debe tener una licencia bancaria general), por un plazo de cinco (5) a\u00f1os. M\u00e1s informaci\u00f3n sobre <a href=\"https:\/\/www.relofirm.com\/es\/residente-permanente-en-calidad-de-inversionista-calificado\/\">el Programa de inversores cualificados<\/a><\/p>\n<p>Estos son solo res\u00famenes. Si desea mayor informaci\u00f3n, lo invitamos a que contacte a nuestro departamento de tr\u00e1mites migratorios donde podremos ofrecerle mayores detalles sobre cada una de las modalidades arriba descritas.<\/p>\n","protected":false},"excerpt":{"rendered":"<p>Visas Paname\u00f1as para Residencia Permanente A continuaci\u00f3n explicaremos en detalle 9 diferentes tipos de programas para aplicar para Residencia en Panam\u00e1: 1. Visa Paname\u00f1a de Pa\u00edses Amigos Los ciudadanos de cualquiera de los 50 pa\u00edses, considerados Amigos para Panam\u00e1, podr\u00e1n moverse a Panam\u00e1 con sus familiares directos, y adquirir una Visa de Residencia Permanente mucho [&hellip;]<\/p>\n","protected":false},"author":7,"featured_media":0,"parent":0,"menu_order":0,"comment_status":"open","ping_status":"open","template":"","meta":{"_et_pb_use_builder":"","_et_pb_old_content":"","_et_gb_content_width":"","inline_featured_image":false},"yoast_head":"<!-- This site is optimized with the Yoast SEO plugin v18.5.1 - https:\/\/yoast.com\/wordpress\/plugins\/seo\/ -->\n<title>Como Obtener Residencia Permanente en Panam\u00e1<\/title>\n<meta name=\"description\" content=\"Panam\u00e1 ofrece varios programas para obtener visas de residencia permanente. Aqu\u00ed hay una lista con una explicaci\u00f3n corta de cada visa de inmigraci\u00f3n.\" \/>\n<meta name=\"robots\" content=\"index, follow, max-snippet:-1, max-image-preview:large, max-video-preview:-1\" \/>\n<link rel=\"canonical\" href=\"https:\/\/www.relofirm.com\/es\/como-obtener-residencia-permanente-en-panama\/\" \/>\n<meta property=\"og:locale\" content=\"es_ES\" \/>\n<meta property=\"og:type\" content=\"article\" \/>\n<meta property=\"og:title\" content=\"Como Obtener Residencia Permanente en Panam\u00e1\" \/>\n<meta property=\"og:description\" content=\"Panam\u00e1 ofrece varios programas para obtener visas de residencia permanente. Aqu\u00ed hay una lista con una explicaci\u00f3n corta de cada visa de inmigraci\u00f3n.\" \/>\n<meta property=\"og:url\" content=\"https:\/\/www.relofirm.com\/es\/como-obtener-residencia-permanente-en-panama\/\" \/>\n<meta property=\"og:site_name\" content=\"International Relocation Firm\" \/>\n<meta property=\"article:publisher\" content=\"https:\/\/www.facebook.com\/ReloFirm\/\" \/>\n<meta property=\"article:modified_time\" content=\"2020-10-30T13:54:50+00:00\" \/>\n<meta name=\"twitter:label1\" content=\"Tiempo de lectura\" \/>\n\t<meta name=\"twitter:data1\" content=\"5 minutos\" \/>\n<!-- \/ Yoast SEO plugin. -->","yoast_head_json":{"title":"Como Obtener Residencia Permanente en Panam\u00e1","description":"Panam\u00e1 ofrece varios programas para obtener visas de residencia permanente. Aqu\u00ed hay una lista con una explicaci\u00f3n corta de cada visa de inmigraci\u00f3n.","robots":{"index":"index","follow":"follow","max-snippet":"max-snippet:-1","max-image-preview":"max-image-preview:large","max-video-preview":"max-video-preview:-1"},"canonical":"https:\/\/www.relofirm.com\/es\/como-obtener-residencia-permanente-en-panama\/","og_locale":"es_ES","og_type":"article","og_title":"Como Obtener Residencia Permanente en Panam\u00e1","og_description":"Panam\u00e1 ofrece varios programas para obtener visas de residencia permanente. Aqu\u00ed hay una lista con una explicaci\u00f3n corta de cada visa de inmigraci\u00f3n.","og_url":"https:\/\/www.relofirm.com\/es\/como-obtener-residencia-permanente-en-panama\/","og_site_name":"International Relocation Firm","article_publisher":"https:\/\/www.facebook.com\/ReloFirm\/","article_modified_time":"2020-10-30T13:54:50+00:00","twitter_misc":{"Tiempo de lectura":"5 minutos"},"schema":{"@context":"https:\/\/schema.org","@graph":[{"@type":"Organization","@id":"https:\/\/www.relofirm.com\/#organization","name":"International Relocation Firm","url":"https:\/\/www.relofirm.com\/","sameAs":["https:\/\/www.facebook.com\/ReloFirm\/","https:\/\/www.linkedin.com\/company\/relo-firm","https:\/\/twitter.com\/polslegal"],"logo":{"@type":"ImageObject","@id":"https:\/\/www.relofirm.com\/#logo","inLanguage":"es","url":"https:\/\/www.relofirm.com\/wp-content\/uploads\/2021\/11\/relofirm-logo.svg","contentUrl":"https:\/\/www.relofirm.com\/wp-content\/uploads\/2021\/11\/relofirm-logo.svg","width":1485,"height":516,"caption":"International Relocation Firm"},"image":{"@id":"https:\/\/www.relofirm.com\/#logo"}},{"@type":"WebSite","@id":"https:\/\/www.relofirm.com\/#website","url":"https:\/\/www.relofirm.com\/","name":"International Relocation Firm","description":"","publisher":{"@id":"https:\/\/www.relofirm.com\/#organization"},"potentialAction":[{"@type":"SearchAction","target":{"@type":"EntryPoint","urlTemplate":"https:\/\/www.relofirm.com\/?s={search_term_string}"},"query-input":"required name=search_term_string"}],"inLanguage":"es"},{"@type":"WebPage","@id":"https:\/\/www.relofirm.com\/es\/como-obtener-residencia-permanente-en-panama\/#webpage","url":"https:\/\/www.relofirm.com\/es\/como-obtener-residencia-permanente-en-panama\/","name":"Como Obtener Residencia Permanente en Panam\u00e1","isPartOf":{"@id":"https:\/\/www.relofirm.com\/#website"},"datePublished":"2015-07-27T05:00:00+00:00","dateModified":"2020-10-30T13:54:50+00:00","description":"Panam\u00e1 ofrece varios programas para obtener visas de residencia permanente. Aqu\u00ed hay una lista con una explicaci\u00f3n corta de cada visa de inmigraci\u00f3n.","breadcrumb":{"@id":"https:\/\/www.relofirm.com\/es\/como-obtener-residencia-permanente-en-panama\/#breadcrumb"},"inLanguage":"es","potentialAction":[{"@type":"ReadAction","target":["https:\/\/www.relofirm.com\/es\/como-obtener-residencia-permanente-en-panama\/"]}]},{"@type":"BreadcrumbList","@id":"https:\/\/www.relofirm.com\/es\/como-obtener-residencia-permanente-en-panama\/#breadcrumb","itemListElement":[{"@type":"ListItem","position":1,"name":"Home","item":"https:\/\/www.relofirm.com\/es\/"},{"@type":"ListItem","position":2,"name":"Como Obtener Residencia Permanente en Panam\u00e1"}]}]}},"_links":{"self":[{"href":"https:\/\/www.relofirm.com\/es\/wp-json\/wp\/v2\/pages\/7116"}],"collection":[{"href":"https:\/\/www.relofirm.com\/es\/wp-json\/wp\/v2\/pages"}],"about":[{"href":"https:\/\/www.relofirm.com\/es\/wp-json\/wp\/v2\/types\/page"}],"author":[{"embeddable":true,"href":"https:\/\/www.relofirm.com\/es\/wp-json\/wp\/v2\/users\/7"}],"replies":[{"embeddable":true,"href":"https:\/\/www.relofirm.com\/es\/wp-json\/wp\/v2\/comments?post=7116"}],"version-history":[{"count":4,"href":"https:\/\/www.relofirm.com\/es\/wp-json\/wp\/v2\/pages\/7116\/revisions"}],"predecessor-version":[{"id":10946,"href":"https:\/\/www.relofirm.com\/es\/wp-json\/wp\/v2\/pages\/7116\/revisions\/10946"}],"wp:attachment":[{"href":"https:\/\/www.relofirm.com\/es\/wp-json\/wp\/v2\/media?parent=7116"}],"curies":[{"name":"wp","href":"https:\/\/api.w.org\/{rel}","templated":true}]}}