{"id":7110,"date":"2012-07-31T00:00:00","date_gmt":"2012-07-31T05:00:00","guid":{"rendered":"https:\/\/relofirm.com\/offshore_bank_accounts\/"},"modified":"2021-08-05T10:02:54","modified_gmt":"2021-08-05T15:02:54","slug":"cuentas-bancarias","status":"publish","type":"page","link":"https:\/\/www.relofirm.com\/es\/cuentas-bancarias\/","title":{"rendered":"Cuenta bancaria en Panam\u00e1"},"content":{"rendered":"<div class=\"menu-bank-accounts-es-container\"><ul id=\"menu-bank-accounts-es\" class=\"menu\"><li id=\"menu-item-7677\" class=\"menu-item menu-item-type-post_type menu-item-object-page menu-item-has-children menu-item-7677\"><a href=\"https:\/\/www.relofirm.com\/es\/cuentas-bancarias\/\">Cuentas Bancarias<\/a>\n<ul class=\"sub-menu\">\n\t<li id=\"menu-item-7340\" class=\"menu-item menu-item-type-post_type menu-item-object-page menu-item-7340\"><a href=\"https:\/\/www.relofirm.com\/es\/cuenta-bancaria-personal-en-panama\/\">Cuenta bancaria personal en Panam\u00e1<\/a><\/li>\n\t<li id=\"menu-item-7341\" class=\"menu-item menu-item-type-post_type menu-item-object-page menu-item-7341\"><a href=\"https:\/\/www.relofirm.com\/es\/cuenta-bancaria-corporativa-en-panama\/\">Cuenta bancaria corporativa en Panam\u00e1<\/a><\/li>\n<\/ul>\n<\/li>\n<\/ul><\/div>\n<hr \/>\n<p>Si usted est\u00e1 interesado en establecer una cuenta bancaria personal en Panam\u00e1, o est\u00e1 buscando crear una corporaci\u00f3n en Panam\u00e1 con una cuenta bancaria corporativa en Panam\u00e1 para hacer negocios, podemos ayudar a hacer la introducci\u00f3n a un n\u00famero de diferentes bancos en Panam\u00e1 con los que tenemos relaciones, y ayudarle a trav\u00e9s del papeleo y el proceso de diligencia debida, que puede ser extenso dependiendo del tipo de cuenta que necesita y el banco que elija para ir, as\u00ed como el tipo de negocio que est\u00e1 en.<\/p>\n<p>Si desea abrir una cuenta bancaria a trav\u00e9s de alg\u00fan banco o empresa de corretaje de Panam\u00e1 con los que no trabajamos actualmente, tambi\u00e9n podemos ayudarle por una tarifa de apertura ligeramente superior. Hemos realizado una amplia investigaci\u00f3n para garantizar que las instituciones financieras recomendadas sean seguras, estables y de buena reputaci\u00f3n. Nuestra experiencia en asistir a nuestros clientes con presentaciones a bancos paname\u00f1os para establecer cuentas bancarias en Panam\u00e1 es extensa, y tenemos grandes relaciones con los mejores bancos en Panam\u00e1.<\/p>\n<div class='et-box et-shadow'>\n\t\t\t\t\t<div class='et-box-content'><a href=\"https:\/\/www.relofirm.com\/es\/aviso-importante-para-nosotros-personas\/\">AVISO IMPORTANTE PARA LAS PERSONAS ESTADOUNIDENSES<\/a>: Las personas estadounidenses (ciudadanos o residentes de los Estados Unidos) est\u00e1n obligadas por las leyes de los Estados Unidos a reportar sus cuentas bancarias en sus declaraciones anuales de impuestos en los Estados Unidos, adem\u00e1s, los bancos en Panam\u00e1 requerir\u00e1n que todas las personas estadounidenses firmen los formularios de reporte requeridos por el IRS, para que puedan reportar autom\u00e1ticamente todas las cuentas de propiedad estadounidense a las autoridades fiscales de los Estados Unidos. Los bancos en Panam\u00e1 tambi\u00e9n pueden solicitar pruebas de que sus clientes de EE.UU. han declarado dichas cuentas bancarias en Panam\u00e1 a las autoridades fiscales de EE.UU., para garantizar el cumplimiento.<\/div><\/div>\n<p>P\u00f3ngase en contacto con nosotros y obtenga una consulta bancaria gratuita en Panam\u00e1 hoy mismo.<\/p>\n<h2>Cuenta bancaria en Panam\u00e1<\/h2>\n<p><strong>Cuentas bancarias personales en Panam\u00e1<\/strong><\/p>\n<p>Las cuentas bancarias en Panam\u00e1 para uso personal se establecen generalmente a trav\u00e9s de nuestros bancos recomendados en Panam\u00e1.<\/p>\n<p>La mayor\u00eda de los principales bancos de Panam\u00e1 que podemos recomendar requieren que los clientes sean ciudadanos o residentes de Panam\u00e1 (o en el proceso de obtener la residencia en Panam\u00e1) para abrir una cuenta bancaria personal en Panam\u00e1. La mayor\u00eda de nuestros clientes que abren cuentas bancarias personales en Panam\u00e1 son residentes de Panam\u00e1 o est\u00e1n en el proceso de solicitar la residencia en Panam\u00e1, y naturalmente necesitan una cuenta bancaria en Panam\u00e1 con el fin de calificar para la residencia, pagar sus cuentas locales de Panam\u00e1, y hacer negocios en Panam\u00e1.<\/p>\n<p>Los bancos en Panam\u00e1 son muy conservadores y altamente formales cuando se trata de la apertura de cuentas bancarias para extranjeros, y dan mucha importancia a la debida diligencia de cada cliente para asegurarse de que est\u00e1n siguiendo los procedimientos correctos de conformidad con las leyes de \u00abConozca a su Cliente\u00bb (KYC) de Panam\u00e1. Como resultado, es muy com\u00fan que los bancos en Panam\u00e1 requieran que cada cliente se presente en el banco para una entrevista personal, y proporcione la siguiente documentaci\u00f3n<\/p>\n<p>Dos formas de identificaci\u00f3n: Pasaporte y licencia de conducir, por ejemplo.<br \/>\nPrueba de la fuente de fondos o fuente de sus ingresos: Pueden ser copias de las declaraciones de impuestos de los \u00faltimos a\u00f1os, estados financieros auditados, etc.<br \/>\nPrueba de su domicilio: Puede ser la factura de los servicios p\u00fablicos con su nombre y direcci\u00f3n, por ejemplo.<br \/>\nPrueba de residencia en Panam\u00e1 o solicitud de residencia: Si usted ya es residente, entonces proporcionar\u00eda su documento de identidad de Panam\u00e1 (c\u00e9dula), o si est\u00e1 en proceso de obtener la residencia, entonces nuestra firma de abogados proporcionar\u00eda una carta certificando que est\u00e1 en proceso de solicitar la residencia.<\/p>\n<p>El dep\u00f3sito m\u00ednimo requerido para abrir una cuenta bancaria en Panam\u00e1 variar\u00e1 entre $100 y $10,000 dependiendo del banco en Panam\u00e1 que usted elija, y si decide o no realizar el tr\u00e1mite con un servicio bancario privado en Panam\u00e1 (ofrece servicios bancarios en Panam\u00e1 m\u00e1s personalizados usualmente con ciertas opciones de inversi\u00f3n o dep\u00f3sito premium), o si prefiere ir con el servicio bancario est\u00e1ndar.<\/p>\n<p>El proceso de apertura de una cuenta bancaria en Panam\u00e1 puede tomar desde 1 hora hasta algunos d\u00edas, dependiendo de si su documentaci\u00f3n est\u00e1 completa, y el departamento de cumplimiento de los bancos ha aprobado su cuenta, o si requieren documentaci\u00f3n adicional de debida diligencia o tienen preguntas adicionales sobre sus necesidades bancarias, etc.<\/p>\n<p>M\u00e1s informaci\u00f3n sobre la creaci\u00f3n de una <a href=\"https:\/\/www.relofirm.com\/es\/personal_panama_bank_account\">Cuenta Bancaria Personales en Panam\u00e1<\/a>.<\/p>\n<p><strong>Cuentas bancarias corporativas en Panam\u00e1<\/strong><\/p>\n<p>Las cuentas bancarias para corporaciones en Panam\u00e1 son generalmente establecidas a trav\u00e9s de nuestros bancos recomendados en Panam\u00e1.<\/p>\n<p>La mayor\u00eda de nuestros clientes que abren cuentas bancarias corporativas en Panam\u00e1 son residentes de Panam\u00e1 o est\u00e1n en proceso de solicitar la residencia en Panam\u00e1, y naturalmente necesitan una cuenta bancaria corporativa en Panam\u00e1 para poder hacer negocios en Panam\u00e1. La mayor\u00eda de los principales bancos de Panam\u00e1 que podemos recomendar requieren que los clientes sean ciudadanos o residentes de Panam\u00e1 (o en el proceso de obtener la residencia en Panam\u00e1) con el fin de abrir una cuenta bancaria corporativa en Panam\u00e1, adem\u00e1s, la empresa de Panam\u00e1 debe ser creada con el fin de hacer negocios en Panam\u00e1, y tener un permiso de operaciones comerciales locales en Panam\u00e1.<\/p>\n<p>Los bancos en Panam\u00e1 son muy conservadores y altamente formales cuando se trata de abrir cuentas bancarias para extranjeros, y dan mucha importancia a la debida diligencia de cada cliente para asegurarse de que est\u00e1n siguiendo los procedimientos correctos de cumplimiento de acuerdo con las leyes de \u00abConozca a su Cliente\u00bb (KYC) de Panam\u00e1.<\/p>\n<p>Como resultado, es muy com\u00fan que los bancos en Panam\u00e1 requieran que cada cliente se presente en el banco para una entrevista personal, y proporcione la siguiente documentaci\u00f3n para cada firmante, director de la compa\u00f1\u00eda, y\/o accionista o beneficiario final:<\/p>\n<p>1. Dos formas de identificaci\u00f3n: Pasaporte y licencia de conducir o documento nacional de identidad, por ejemplo.<\/p>\n<p>2. 2. Prueba del origen de los fondos o de la fuente de sus ingresos: Pueden ser copias de sus \u00faltimos a\u00f1os de declaraciones de impuestos, estados financieros auditados, etc.<\/p>\n<p>3. Prueba de su direcci\u00f3n: Puede ser la factura de los servicios p\u00fablicos con su nombre y direcci\u00f3n, por ejemplo.<\/p>\n<p>4. Prueba de residencia en Panam\u00e1 o solicitud de residencia: Si usted ya es residente, entonces proporcionar\u00eda su documento de identidad de Panam\u00e1 (c\u00e9dula), o si est\u00e1 en proceso de obtener la residencia, entonces nuestra firma de abogados proporcionar\u00eda una carta certificando que est\u00e1 en proceso de solicitar la residencia.<\/p>\n<p>5. Plan de negocio: Un breve plan de negocios que explique qu\u00e9 productos o servicios ofrece su empresa, sus principales mercados objetivo, sus proyecciones financieras y su actividad bancaria estimada.<\/p>\n<p>6. Documentos de la empresa: Estatutos, nuevo certificado de constituci\u00f3n, resoluci\u00f3n corporativa autorizando la apertura de la cuenta, declaraci\u00f3n de accionistas o beneficiarios, etc.<\/p>\n<p>7. Carta de referencia de su bufete de abogados.<\/p>\n<p>El dep\u00f3sito m\u00ednimo requerido para abrir una cuenta bancaria corporativa en Panam\u00e1 oscilar\u00e1 entre $1000 y $10,000 o m\u00e1s, dependiendo del banco en Panam\u00e1 que usted elija, y si decide o no realizar el servicio de banca privada en Panam\u00e1 (ofrece servicios bancarios en Panam\u00e1 m\u00e1s personalizados usualmente con ciertas opciones de inversi\u00f3n o dep\u00f3sito premium), o si prefiere ir con el servicio bancario est\u00e1ndar.<\/p>\n<p>El proceso de apertura de una cuenta bancaria en Panam\u00e1 puede tomar de 4 a 8 semanas, dependiendo de si su documentaci\u00f3n est\u00e1 completa, y el departamento de cumplimiento de los bancos ha aprobado su cuenta corporativa, o si requieren documentaci\u00f3n adicional de diligencia debida o tienen preguntas adicionales acerca de sus necesidades bancarias de negocios, etc.<\/p>\n<p>M\u00e1s informaci\u00f3n sobre la creaci\u00f3n de una <a href=\"https:\/\/www.relofirm.com\/es\/corporate_panama_bank_account\">cuenta bancaria corporativa<\/a> en Panam\u00e1<\/p>\n<h2>Cuentas bancarias en otros pa\u00edses<\/h2>\n<p>Aunque nuestro enfoque es en presentaciones para la banca de Panam\u00e1, tambi\u00e9n tenemos relaciones con bancos en otras jurisdicciones. Como cliente de International Relocation Firm podemos hacer presentaciones en su nombre a bancos recomendados en uno de estos pa\u00edses, y ayudar a guiarlo a trav\u00e9s del proceso de establecer una cuenta bancaria para cumplir con sus necesidades de negocio.<\/p>\n<p>Cont\u00e1ctenos para una consulta para m\u00e1s detalles.<\/p>\n<hr \/>\n","protected":false},"excerpt":{"rendered":"<p>Si usted est\u00e1 interesado en establecer una cuenta bancaria personal en Panam\u00e1, o est\u00e1 buscando crear una corporaci\u00f3n en Panam\u00e1 con una cuenta bancaria corporativa en Panam\u00e1 para hacer negocios, podemos ayudar a hacer la introducci\u00f3n a un n\u00famero de diferentes bancos en Panam\u00e1 con los que tenemos relaciones, y ayudarle a trav\u00e9s del papeleo [&hellip;]<\/p>\n","protected":false},"author":10,"featured_media":0,"parent":0,"menu_order":0,"comment_status":"open","ping_status":"open","template":"","meta":{"_et_pb_use_builder":"","_et_pb_old_content":"","_et_gb_content_width":"","inline_featured_image":false,"footnotes":""},"class_list":["post-7110","page","type-page","status-publish","hentry"],"yoast_head":"<!-- This site is optimized with the Yoast SEO plugin v27.5 - https:\/\/yoast.com\/product\/yoast-seo-wordpress\/ -->\n<title>Cuentas Bancarias Offshore: Abrir Cuenta Offshore en Panama<\/title>\n<meta name=\"description\" content=\"Como especialistas en el negocio bancario offshore, hemos contribuido con miles de clientes a constituir cuentas bancarias en Panam\u00e1.\" \/>\n<meta name=\"robots\" content=\"index, follow, max-snippet:-1, max-image-preview:large, max-video-preview:-1\" \/>\n<link rel=\"canonical\" href=\"https:\/\/www.relofirm.com\/es\/cuentas-bancarias\/\" \/>\n<meta name=\"twitter:label1\" content=\"Tiempo de lectura\" \/>\n\t<meta name=\"twitter:data1\" content=\"6 minutos\" \/>\n<!-- \/ Yoast SEO plugin. -->","yoast_head_json":{"title":"Cuentas Bancarias Offshore: Abrir Cuenta Offshore en Panama","description":"Como especialistas en el negocio bancario offshore, hemos contribuido con miles de clientes a constituir cuentas bancarias en Panam\u00e1.","robots":{"index":"index","follow":"follow","max-snippet":"max-snippet:-1","max-image-preview":"max-image-preview:large","max-video-preview":"max-video-preview:-1"},"canonical":"https:\/\/www.relofirm.com\/es\/cuentas-bancarias\/","twitter_misc":{"Tiempo de lectura":"6 minutos"},"schema":{"@context":"https:\/\/schema.org","@graph":[{"@type":"WebPage","@id":"https:\/\/www.relofirm.com\/es\/cuentas-bancarias\/","url":"https:\/\/www.relofirm.com\/es\/cuentas-bancarias\/","name":"Cuentas Bancarias Offshore: Abrir Cuenta Offshore en Panama","isPartOf":{"@id":"https:\/\/www.relofirm.com\/#website"},"datePublished":"2012-07-31T05:00:00+00:00","dateModified":"2021-08-05T15:02:54+00:00","description":"Como especialistas en el negocio bancario offshore, hemos contribuido con miles de clientes a constituir cuentas bancarias en Panam\u00e1.","breadcrumb":{"@id":"https:\/\/www.relofirm.com\/es\/cuentas-bancarias\/#breadcrumb"},"inLanguage":"es","potentialAction":[{"@type":"ReadAction","target":["https:\/\/www.relofirm.com\/es\/cuentas-bancarias\/"]}]},{"@type":"BreadcrumbList","@id":"https:\/\/www.relofirm.com\/es\/cuentas-bancarias\/#breadcrumb","itemListElement":[{"@type":"ListItem","position":1,"name":"Home","item":"https:\/\/www.relofirm.com\/es\/"},{"@type":"ListItem","position":2,"name":"Cuenta bancaria en Panam\u00e1"}]},{"@type":"WebSite","@id":"https:\/\/www.relofirm.com\/#website","url":"https:\/\/www.relofirm.com\/","name":"International Relocation Firm","description":"","publisher":{"@id":"https:\/\/www.relofirm.com\/#organization"},"potentialAction":[{"@type":"SearchAction","target":{"@type":"EntryPoint","urlTemplate":"https:\/\/www.relofirm.com\/?s={search_term_string}"},"query-input":{"@type":"PropertyValueSpecification","valueRequired":true,"valueName":"search_term_string"}}],"inLanguage":"es"},{"@type":"Organization","@id":"https:\/\/www.relofirm.com\/#organization","name":"International Relocation Firm","url":"https:\/\/www.relofirm.com\/","logo":{"@type":"ImageObject","inLanguage":"es","@id":"https:\/\/www.relofirm.com\/#\/schema\/logo\/image\/","url":"https:\/\/www.relofirm.com\/wp-content\/uploads\/2021\/11\/relofirm-logo.svg","contentUrl":"https:\/\/www.relofirm.com\/wp-content\/uploads\/2021\/11\/relofirm-logo.svg","width":1485,"height":516,"caption":"International Relocation Firm"},"image":{"@id":"https:\/\/www.relofirm.com\/#\/schema\/logo\/image\/"},"sameAs":["https:\/\/www.facebook.com\/PanamaOffshoreLegalServices","https:\/\/x.com\/polslegal"]}]}},"_links":{"self":[{"href":"https:\/\/www.relofirm.com\/es\/wp-json\/wp\/v2\/pages\/7110","targetHints":{"allow":["GET"]}}],"collection":[{"href":"https:\/\/www.relofirm.com\/es\/wp-json\/wp\/v2\/pages"}],"about":[{"href":"https:\/\/www.relofirm.com\/es\/wp-json\/wp\/v2\/types\/page"}],"author":[{"embeddable":true,"href":"https:\/\/www.relofirm.com\/es\/wp-json\/wp\/v2\/users\/10"}],"replies":[{"embeddable":true,"href":"https:\/\/www.relofirm.com\/es\/wp-json\/wp\/v2\/comments?post=7110"}],"version-history":[{"count":4,"href":"https:\/\/www.relofirm.com\/es\/wp-json\/wp\/v2\/pages\/7110\/revisions"}],"predecessor-version":[{"id":11603,"href":"https:\/\/www.relofirm.com\/es\/wp-json\/wp\/v2\/pages\/7110\/revisions\/11603"}],"wp:attachment":[{"href":"https:\/\/www.relofirm.com\/es\/wp-json\/wp\/v2\/media?parent=7110"}],"curies":[{"name":"wp","href":"https:\/\/api.w.org\/{rel}","templated":true}]}}