{"id":7098,"date":"2010-12-13T00:00:00","date_gmt":"2010-12-13T05:00:00","guid":{"rendered":"https:\/\/relofirm.com\/change_migratory_status_procedures\/"},"modified":"2020-09-25T00:20:49","modified_gmt":"2020-09-25T05:20:49","slug":"cambio-del-estatus-migratorio-de-panama","status":"publish","type":"page","link":"https:\/\/www.relofirm.com\/es\/cambio-del-estatus-migratorio-de-panama\/","title":{"rendered":"Cambio del Estatus Migratorio de Panama"},"content":{"rendered":"<div class=\"menu-immigration-en-container\"><ul id=\"menu-immigration-en\" class=\"menu\"><li id=\"menu-item-7642\" class=\"menu-item menu-item-type-post_type menu-item-object-page menu-item-has-children menu-item-7642\"><a href=\"https:\/\/www.relofirm.com\/es\/visas-para-panama-panama-inmigracion\/\">Visas para Panam\u00e1: Panam\u00e1 Inmigraci\u00f3n<\/a>\n<ul class=\"sub-menu\">\n\t<li id=\"menu-item-7643\" class=\"menu-item menu-item-type-post_type menu-item-object-page menu-item-7643\"><a href=\"https:\/\/www.relofirm.com\/es\/como-obtener-residencia-permanente-en-panama\/\">Como Obtener Residencia Permanente en Panam\u00e1<\/a><\/li>\n\t<li id=\"menu-item-237536\" class=\"menu-item menu-item-type-post_type menu-item-object-page menu-item-237536\"><a href=\"https:\/\/www.relofirm.com\/es\/visas-para-panama-panama-inmigracion\/naturalizacion\/\">Naturalizaci\u00f3n en Panam\u00e1<\/a><\/li>\n\t<li id=\"menu-item-7644\" class=\"menu-item menu-item-type-post_type menu-item-object-page menu-item-7644\"><a href=\"https:\/\/www.relofirm.com\/es\/visas-de-paises-amigos-de-panama\/\">Visas de Paises Amigos de Panama<\/a><\/li>\n\t<li id=\"menu-item-7645\" class=\"menu-item menu-item-type-post_type menu-item-object-page menu-item-7645\"><a href=\"https:\/\/www.relofirm.com\/es\/visas-de-pensionado-en-panama-visa-jubilados\/\">Visa de Pensionado en Panam\u00e1 (Visa Jubilados)<\/a><\/li>\n\t<li id=\"menu-item-10943\" class=\"menu-item menu-item-type-post_type menu-item-object-page menu-item-10943\"><a href=\"https:\/\/www.relofirm.com\/es\/residente-permanente-en-calidad-de-inversionista-calificado\/\">Residente Permanente en Calidad de Inversionista Calificado<\/a><\/li>\n\t<li id=\"menu-item-7646\" class=\"menu-item menu-item-type-post_type menu-item-object-page menu-item-7646\"><a href=\"https:\/\/www.relofirm.com\/es\/visa-de-auto-solvencia-economica-en-panama\/\">Visa de Auto Solvencia Econ\u00f3mica en Panama<\/a><\/li>\n\t<li id=\"menu-item-7647\" class=\"menu-item menu-item-type-post_type menu-item-object-page menu-item-7647\"><a href=\"https:\/\/www.relofirm.com\/es\/visa-de-reforestacion\/\">Visa de Reforestaci\u00f3n<\/a><\/li>\n\t<li id=\"menu-item-7648\" class=\"menu-item menu-item-type-post_type menu-item-object-page menu-item-7648\"><a href=\"https:\/\/www.relofirm.com\/es\/programa-de-inversionista-agricola\/\">Programa de Inversionista Agr\u00edcola<\/a><\/li>\n\t<li id=\"menu-item-7649\" class=\"menu-item menu-item-type-post_type menu-item-object-page menu-item-7649\"><a href=\"https:\/\/www.relofirm.com\/es\/programa-de-inversionista-en-zona-procesadora-libre-de-impuestos\/\">Programa de Inversionista en Zona Procesadora Libre de Impuestos<\/a><\/li>\n\t<li id=\"menu-item-7650\" class=\"menu-item menu-item-type-post_type menu-item-object-page menu-item-7650\"><a href=\"https:\/\/www.relofirm.com\/es\/visa-de-trabajo-para-la-ciudad-del-saber\/\">Visa de Trabajo para la Ciudad del Saber<\/a><\/li>\n\t<li id=\"menu-item-7651\" class=\"menu-item menu-item-type-post_type menu-item-object-page menu-item-7651\"><a href=\"https:\/\/www.relofirm.com\/es\/visa-de-misionero\/\">Visa de Misionero<\/a><\/li>\n\t<li id=\"menu-item-7652\" class=\"menu-item menu-item-type-post_type menu-item-object-page menu-item-7652\"><a href=\"https:\/\/www.relofirm.com\/es\/visa-de-estudiante-panama\/\">Visa de Estudiante Panama<\/a><\/li>\n\t<li id=\"menu-item-7653\" class=\"menu-item menu-item-type-post_type menu-item-object-page menu-item-7653\"><a href=\"https:\/\/www.relofirm.com\/es\/inmigracion-panamena-visa-de-multiples-entradas-y-salidas\/\">Inmigracion Panamena Visa de M\u00faltiples Entradas y Salidas<\/a><\/li>\n\t<li id=\"menu-item-7654\" class=\"menu-item menu-item-type-post_type menu-item-object-page menu-item-7654\"><a href=\"https:\/\/www.relofirm.com\/es\/visa-de-turista-en-panama\/\">Visa de Turista en Panam\u00e1<\/a><\/li>\n\t<li id=\"menu-item-7655\" class=\"menu-item menu-item-type-post_type menu-item-object-page menu-item-7655\"><a href=\"https:\/\/www.relofirm.com\/es\/autorizacion-de-visa-de-turista-en-panama\/\">Autorizacion de visa de Turista en Panama<\/a><\/li>\n\t<li id=\"menu-item-7656\" class=\"menu-item menu-item-type-post_type menu-item-object-page menu-item-7656\"><a href=\"https:\/\/www.relofirm.com\/es\/visa-de-marino-en-panama\/\">Visa de Marino en Panama<\/a><\/li>\n\t<li id=\"menu-item-7657\" class=\"menu-item menu-item-type-post_type menu-item-object-page menu-item-7657\"><a href=\"https:\/\/www.relofirm.com\/es\/visa-de-trabajadores-especialistas-en-panama\/\">Visa de Trabajadores Especialistas en Panama<\/a><\/li>\n\t<li id=\"menu-item-7658\" class=\"menu-item menu-item-type-post_type menu-item-object-page menu-item-7658\"><a href=\"https:\/\/www.relofirm.com\/es\/visa-de-residencia-en-panama-para-ciudadanos-italianos\/\">Visa de Residencia en Panama para Ciudadanos Italianos<\/a><\/li>\n\t<li id=\"menu-item-7659\" class=\"menu-item menu-item-type-post_type menu-item-object-page menu-item-7659\"><a href=\"https:\/\/www.relofirm.com\/es\/visa-para-trabajadores-eventuales-en-la-cultura-deporte-o-educacion\/\">Visa para Trabajadores Eventuales en la Cultura, Deporte o Educacion<\/a><\/li>\n\t<li id=\"menu-item-7660\" class=\"menu-item menu-item-type-post_type menu-item-object-page menu-item-7660\"><a href=\"https:\/\/www.relofirm.com\/es\/visa-de-trabajadores-domesticos-en-panama\/\">Visa de Trabajadores Dom\u00e9sticos en Panam\u00e1<\/a><\/li>\n\t<li id=\"menu-item-7661\" class=\"menu-item menu-item-type-post_type menu-item-object-page menu-item-7661\"><a href=\"https:\/\/www.relofirm.com\/es\/visas-de-corta-estancia-en-panama\/\">Visas de Corta Estancia en Panama<\/a><\/li>\n\t<li id=\"menu-item-7662\" class=\"menu-item menu-item-type-post_type menu-item-object-page menu-item-7662\"><a href=\"https:\/\/www.relofirm.com\/es\/visa-de-pasajeros-y-tripulantes-de-naves-con-fines-de-recreo-o-turismo-en-panama\/\">Visa de Pasajeros y Tripulantes de Naves con Fines de Recreo o Turismo en Panam\u00e1<\/a><\/li>\n\t<li id=\"menu-item-7663\" class=\"menu-item menu-item-type-post_type menu-item-object-page menu-item-7663\"><a href=\"https:\/\/www.relofirm.com\/es\/visa-de-trabajo-en-panama-para-residencia-temporal\/\">Visa de Trabajo en Panama para Residencia Temporal<\/a><\/li>\n\t<li id=\"menu-item-7664\" class=\"menu-item menu-item-type-post_type menu-item-object-page menu-item-7664\"><a href=\"https:\/\/www.relofirm.com\/es\/visas-de-residencia-temporal-en-panama-por-razones-especiales\/\">Visas de Residencia Temporal en Panama por Razones Especiales<\/a><\/li>\n\t<li id=\"menu-item-7665\" class=\"menu-item menu-item-type-post_type menu-item-object-page menu-item-7665\"><a href=\"https:\/\/www.relofirm.com\/es\/permisos-temporales-por-razones-humanitarias-en-panama\/\">Permisos Temporales por Razones Humanitarias en Panam\u00e1<\/a><\/li>\n\t<li id=\"menu-item-7666\" class=\"menu-item menu-item-type-post_type menu-item-object-page menu-item-7666\"><a href=\"https:\/\/www.relofirm.com\/es\/visas-por-politicas-especiales-en-panama\/\">Visas por Pol\u00edticas Especiales en Panam\u00e1<\/a><\/li>\n\t<li id=\"menu-item-7667\" class=\"menu-item menu-item-type-post_type menu-item-object-page menu-item-7667\"><a href=\"https:\/\/www.relofirm.com\/es\/visas-de-residencia-permanente-de-reagrupacion-familiar-en-panama\/\">Visas de Residencia Permanente de Reagrupaci\u00f3n Familiar en Panam\u00e1<\/a><\/li>\n\t<li id=\"menu-item-7668\" class=\"menu-item menu-item-type-post_type menu-item-object-page menu-item-7668\"><a href=\"https:\/\/www.relofirm.com\/es\/visas-para-extranjeros-bajo-proteccion-del-estado-refugiados\/\">Visas para Extranjeros Bajo Protecci\u00f3n del Estado (Refugiados)<\/a><\/li>\n\t<li id=\"menu-item-7669\" class=\"menu-item menu-item-type-post_type menu-item-object-page menu-item-7669\"><a href=\"https:\/\/www.relofirm.com\/es\/cambio-del-estatus-migratorio-de-panama\/\">Cambio del Estatus Migratorio de Panama<\/a><\/li>\n\t<li id=\"menu-item-7670\" class=\"menu-item menu-item-type-post_type menu-item-object-page menu-item-7670\"><a href=\"https:\/\/www.relofirm.com\/es\/control-migratorio-de-panama\/\">Control Migratorio de Panam\u00e1<\/a><\/li>\n\t<li id=\"menu-item-7672\" class=\"menu-item menu-item-type-post_type menu-item-object-page menu-item-7672\"><a href=\"https:\/\/www.relofirm.com\/es\/introduccion-de-mascotas-a-panama\/\">Introducci\u00f3n de Mascotas a Panam\u00e1<\/a><\/li>\n\t<li id=\"menu-item-7673\" class=\"menu-item menu-item-type-post_type menu-item-object-page menu-item-7673\"><a href=\"https:\/\/www.relofirm.com\/es\/verificacion-de-antecedentes-penales-en-panama\/\">Verificacion de Antecedentes Penales en Panama<\/a><\/li>\n\t<li id=\"menu-item-7674\" class=\"menu-item menu-item-type-post_type menu-item-object-page menu-item-7674\"><a href=\"https:\/\/www.relofirm.com\/es\/los-padres-de-ninos-nacidos-en-panama-podran-convertirse-en-residentes-permanentes\/\">Los Padres de Ninos Nacidos en Panama Podran Convertirse en Residentes Permanentes<\/a><\/li>\n\t<li id=\"menu-item-7675\" class=\"menu-item menu-item-type-post_type menu-item-object-page menu-item-7675\"><a href=\"https:\/\/www.relofirm.com\/es\/como-obetener-un-certificado-de-nacimiento-defuncion\/\">Certificado de Nacimiento o de Defuncion de Personas Nacidas en el Area del Canal<\/a><\/li>\n<\/ul>\n<\/li>\n<\/ul><\/div>\n<hr \/>\n<p>International Relocation Firm puede ayudar a los extranjeros con el cambio de su estatus migratorio en Panama.<\/p>\n<p>El Art\u00edculo 14 del Decreto Ley No. 3 del 22 de Febrero de 2008 establece que los extranjeros residentes podr\u00e1n cambiar su estatus migratorio en Panam\u00e1, excepto aquellas cuyas Visas en Panam\u00e1 no lo permitan.<\/p>\n<p>Los extranjero que ingresen a Panam\u00e1 bajo la categor\u00eda de Turista, podr\u00e1n, tal como lo establece el Decreto Ley, solicitar el cambio de categor\u00eda migratoria, siempre que se encuentren dentro del lapso de tiempo de su estad\u00eda como Turista o dentro del lapso de extensi\u00f3n.<\/p>\n<p>Los extranjeros que hayan completado su tiempo m\u00e1ximo como residentes temporales en Panam\u00e1, podr\u00e1n aplicar a la solicitud de la Visa de Residencia Permanente, cuando le sea permitido, mediante la entrega de los documentos que sean requeridos para ello durante el lapso de extensi\u00f3n de su residencia temporal en Panam\u00e1.<\/p>\n<p>Nota: Lo anterior no aplica para aquellos extranjeros que tengan permiso de residencia temporal en Panam\u00e1 bajo las siguientes categor\u00edas: por razones humanitarias, por educaci\u00f3n o por leyes especiales.<\/p>\n<h2>SOLICITUDES DE VISA Y PERMISOS<\/h2>\n<p>En las solicitudes de Visa en Panam\u00e1 o de Permisos Laborales, el representante legal de la empresa contratante debe mencionar el prop\u00f3sito de la empresa y los datos del solicitante extranjero. Si el representante legal es el solicitante, otro dignatario de la sociedad deber\u00e1 otorgar el poder.<\/p>\n<p>Los dependientes mayores de edad, para cualquier tipo de Visa en Panam\u00e1 o Permiso de diferente categor\u00eda o subcategor\u00eda, deben estar en capacidad de hacer los cambios por s\u00ed mismos.<\/p>\n<p>Cada copia que se requiera ser presentada para las diferentes solicitudes de visa o de permisos, debe ser debidamente autenticada como copia fiel de la original por un Notario P\u00fablico o autoridad competente.<\/p>\n<p>La carta de responsabilidad enviada por una persona natural o jur\u00eddica (Enviada con el membrete de la empresa), debe incluir:<\/p>\n<ul>\n<li>Que asume los gastos de manutenci\u00f3n o el pago del salario (De ser el caso)<\/li>\n<li>Que asume los gastos de repatriaci\u00f3n o retorno a su Pa\u00eds de origen o destino (En caso de ser necesario)<\/li>\n<li>La carta debe ir acompa\u00f1ada por un recibo o factura de Servicio P\u00fablico, contrato de arrendamiento, reservaci\u00f3n hotelera o cualquier otro documento que se\u00f1ale la direcci\u00f3n de residencia del extranjero durante su estad\u00eda en el territorio nacional.<\/li>\n<li>La firma debe ser autenticada por un Notario P\u00fablico.<\/li>\n<\/ul>\n<p>Las fotograf\u00edas que consigne el solicitante deben ser recientes y debe mostrar el rostro completamente (De frente)<\/p>\n<p>El Director General del Servicio Nacional de Migraci\u00f3n establecer\u00e1, mediante una resoluci\u00f3n, los procedimientos y los protocolos necesarios que los interesados deber\u00e1n llevar a cabo con el fin de reclamar la devoluci\u00f3n del dep\u00f3sito o fianza de garant\u00eda, de acuerdo al procedimiento migratorio correspondiente.<\/p>\n<p>Todos los documentos que sean enviados desde el exterior deben cumplir con los siguientes requerimientos:<\/p>\n<ol>\n<li>Estar debidamente autenticados o apostillados por la Embajada o el Consulado de Panam\u00e1 en el Pa\u00eds desde donde se env\u00edan y por el Ministerio de Asuntos Exteriores de Panam\u00e1.<\/li>\n<li>Si no hay Consulado o Embajada de Panam\u00e1 en el Pa\u00eds que lo emite, \u00e9sta deber\u00e1 ser autenticada o certificada por la Embajada o el Consulado de un Pa\u00eds vecino m\u00e1s cercano al Pa\u00eds de origen.<\/li>\n<li>Todos los documentos deben ser presentados en el idioma espa\u00f1ol, o deben ser traducidos por un traductor p\u00fablico autorizado, haciendo menci\u00f3n a la resoluci\u00f3n que lo autoriza como tal en la Rep\u00fablica de Panam\u00e1.<\/li>\n<li>Si se hace referencia a una moneda de origen extranjero, debe presentarse la conversi\u00f3n con su detalle a D\u00f3lares, emitido por el Banco Nacional de Panam\u00e1.<\/li>\n<\/ol>\n<p>Para las solicitudes de extensi\u00f3n, los residentes temporales o permanentes no necesitar\u00e1n entregar nuevamente para el tr\u00e1mite los documentos establecidos en los numerales 2 y 4 del Art\u00edculo 28 del Decreto Ley No. 3 del 22 de Febrero de 2008, los cuales fueron entregados en la solicitud inicial.<\/p>\n<h2>CANCELACION DE LAS VISAS Y PERMISOS MIGRATORIOS EN PANAMA<\/h2>\n<p>Adem\u00e1s de las cl\u00e1usulas del Art\u00edculo 31 del Decreto Ley No. 3 del 22 de Febrero de 2008, el Gobierno de Panam\u00e1 podr\u00e1 cancelar las visas y los permisos migratorios de los extranjeros por las siguientes causas:<\/p>\n<ol>\n<li>Si el extranjero obtiene la Visa de Entrada y Salida Multiple y permanece en el territorio nacional por un lapso de tiempo que exceda al tiempo autorizado en calidad de No-residente, de acuerdo a lo establecido en el Art\u00edculo 49 del Decreto Ley No. 3 del 22 de Febrero de 2008.<\/li>\n<li>Si el extranjero reincide en no actualizar su informaci\u00f3n de registro de inmigraci\u00f3n, de acuerdo a lo establecido en el art\u00edculo 87 del Decreto Ley No. 3 del 22 de Febrero de 2008.<\/li>\n<li>Cuando el extranjero no cumpla con las cl\u00e1usulas del Art\u00edculo 50 del Decreto Ley No. 3 del 22 de Febrero de 2008, podr\u00edan exponerse a un proceso de revocaci\u00f3n o cancelaci\u00f3n de la Visa o del permiso vigente.<\/li>\n<li>Cuando el extranjero residente temporal o permanente funge como responsable de otro extranjero y \u00e9ste no cumpla con los t\u00e9rminos establecidos en la carta de responsabilidad.<\/li>\n<\/ol>\n<h2>REGISTRO DE MIGRACION EN PANAMA<\/h2>\n<p>Los extranjeros que soliciten alguna categor\u00eda migratoria de residencia temporal o permanente, tienen la obligaci\u00f3n de inscribirse en el Registro del Servicio Nacional de Migraci\u00f3n. El Servicio Nacional de Migraci\u00f3n, aprobar\u00e1 el uso de plataformas tecnol\u00f3gicas seguras con el fin de garantizar la defensa de la informaci\u00f3n de los extranjeros considerada confidencial.<\/p>\n<p>El Director General del Servicio Nacional de Migraci\u00f3n enviar\u00e1 las resoluciones mediante las cuales se aprueban los formularios, los cuales deber\u00e1n ser completados por los extranjeros para su registro y para actualizar y poner al d\u00eda su informaci\u00f3n en el Registro de Migraci\u00f3n.<\/p>\n<p>Si Usted est\u00e1 interesado en obtener la <a href=\"https:\/\/www.relofirm.com\/es\/immigration_visas\">residencia en Panama<\/a>, por favor cont\u00e1ctenos y gustosamente le brindaremos una consulta personalizada en las oficinas de International Relocation Firm, o si lo prefiere, podremos enviarle la informaci\u00f3n de nuestras tarifas para asistirlo en el tr\u00e1mite de Cambio de Estatus Migratorio.<\/p>\n<hr \/>\n","protected":false},"excerpt":{"rendered":"<p>International Relocation Firm puede ayudar a los extranjeros con el cambio de su estatus migratorio en Panama. El Art\u00edculo 14 del Decreto Ley No. 3 del 22 de Febrero de 2008 establece que los extranjeros residentes podr\u00e1n cambiar su estatus migratorio en Panam\u00e1, excepto aquellas cuyas Visas en Panam\u00e1 no lo permitan. Los extranjero que [&hellip;]<\/p>\n","protected":false},"author":10,"featured_media":0,"parent":0,"menu_order":0,"comment_status":"closed","ping_status":"closed","template":"","meta":{"_et_pb_use_builder":"","_et_pb_old_content":"","_et_gb_content_width":"","inline_featured_image":false},"yoast_head":"<!-- This site is optimized with the Yoast SEO plugin v18.5.1 - https:\/\/yoast.com\/wordpress\/plugins\/seo\/ -->\n<title>Cambio Estatus Migratorio de Panama: Proceso de Solicitud<\/title>\n<meta name=\"description\" content=\"Panama Offshore Legal Services puede ayudar a los extranjeros con el Cambio de su Estatus Migratorio.\" \/>\n<meta name=\"robots\" content=\"index, follow, max-snippet:-1, max-image-preview:large, max-video-preview:-1\" \/>\n<link rel=\"canonical\" href=\"https:\/\/www.relofirm.com\/es\/cambio-del-estatus-migratorio-de-panama\/\" \/>\n<meta property=\"og:locale\" content=\"es_ES\" \/>\n<meta property=\"og:type\" content=\"article\" \/>\n<meta property=\"og:title\" content=\"Cambio Estatus Migratorio de Panama: Proceso de Solicitud\" \/>\n<meta property=\"og:description\" content=\"Panama Offshore Legal Services puede ayudar a los extranjeros con el Cambio de su Estatus Migratorio.\" \/>\n<meta property=\"og:url\" content=\"https:\/\/www.relofirm.com\/es\/cambio-del-estatus-migratorio-de-panama\/\" \/>\n<meta property=\"og:site_name\" content=\"International Relocation Firm\" \/>\n<meta property=\"article:publisher\" content=\"https:\/\/www.facebook.com\/ReloFirm\/\" \/>\n<meta property=\"article:modified_time\" content=\"2020-09-25T05:20:49+00:00\" \/>\n<meta name=\"twitter:label1\" content=\"Tiempo de lectura\" \/>\n\t<meta name=\"twitter:data1\" content=\"5 minutos\" \/>\n<!-- \/ Yoast SEO plugin. -->","yoast_head_json":{"title":"Cambio Estatus Migratorio de Panama: Proceso de Solicitud","description":"Panama Offshore Legal Services puede ayudar a los extranjeros con el Cambio de su Estatus Migratorio.","robots":{"index":"index","follow":"follow","max-snippet":"max-snippet:-1","max-image-preview":"max-image-preview:large","max-video-preview":"max-video-preview:-1"},"canonical":"https:\/\/www.relofirm.com\/es\/cambio-del-estatus-migratorio-de-panama\/","og_locale":"es_ES","og_type":"article","og_title":"Cambio Estatus Migratorio de Panama: Proceso de Solicitud","og_description":"Panama Offshore Legal Services puede ayudar a los extranjeros con el Cambio de su Estatus Migratorio.","og_url":"https:\/\/www.relofirm.com\/es\/cambio-del-estatus-migratorio-de-panama\/","og_site_name":"International Relocation Firm","article_publisher":"https:\/\/www.facebook.com\/ReloFirm\/","article_modified_time":"2020-09-25T05:20:49+00:00","twitter_misc":{"Tiempo de lectura":"5 minutos"},"schema":{"@context":"https:\/\/schema.org","@graph":[{"@type":"Organization","@id":"https:\/\/www.relofirm.com\/#organization","name":"International Relocation Firm","url":"https:\/\/www.relofirm.com\/","sameAs":["https:\/\/www.facebook.com\/ReloFirm\/","https:\/\/www.linkedin.com\/company\/relo-firm","https:\/\/twitter.com\/polslegal"],"logo":{"@type":"ImageObject","@id":"https:\/\/www.relofirm.com\/#logo","inLanguage":"es","url":"https:\/\/www.relofirm.com\/wp-content\/uploads\/2021\/11\/relofirm-logo.svg","contentUrl":"https:\/\/www.relofirm.com\/wp-content\/uploads\/2021\/11\/relofirm-logo.svg","width":1485,"height":516,"caption":"International Relocation Firm"},"image":{"@id":"https:\/\/www.relofirm.com\/#logo"}},{"@type":"WebSite","@id":"https:\/\/www.relofirm.com\/#website","url":"https:\/\/www.relofirm.com\/","name":"International Relocation Firm","description":"","publisher":{"@id":"https:\/\/www.relofirm.com\/#organization"},"potentialAction":[{"@type":"SearchAction","target":{"@type":"EntryPoint","urlTemplate":"https:\/\/www.relofirm.com\/?s={search_term_string}"},"query-input":"required name=search_term_string"}],"inLanguage":"es"},{"@type":"WebPage","@id":"https:\/\/www.relofirm.com\/es\/cambio-del-estatus-migratorio-de-panama\/#webpage","url":"https:\/\/www.relofirm.com\/es\/cambio-del-estatus-migratorio-de-panama\/","name":"Cambio Estatus Migratorio de Panama: Proceso de Solicitud","isPartOf":{"@id":"https:\/\/www.relofirm.com\/#website"},"datePublished":"2010-12-13T05:00:00+00:00","dateModified":"2020-09-25T05:20:49+00:00","description":"Panama Offshore Legal Services puede ayudar a los extranjeros con el Cambio de su Estatus Migratorio.","breadcrumb":{"@id":"https:\/\/www.relofirm.com\/es\/cambio-del-estatus-migratorio-de-panama\/#breadcrumb"},"inLanguage":"es","potentialAction":[{"@type":"ReadAction","target":["https:\/\/www.relofirm.com\/es\/cambio-del-estatus-migratorio-de-panama\/"]}]},{"@type":"BreadcrumbList","@id":"https:\/\/www.relofirm.com\/es\/cambio-del-estatus-migratorio-de-panama\/#breadcrumb","itemListElement":[{"@type":"ListItem","position":1,"name":"Home","item":"https:\/\/www.relofirm.com\/es\/"},{"@type":"ListItem","position":2,"name":"Cambio del Estatus Migratorio de Panama"}]}]}},"_links":{"self":[{"href":"https:\/\/www.relofirm.com\/es\/wp-json\/wp\/v2\/pages\/7098"}],"collection":[{"href":"https:\/\/www.relofirm.com\/es\/wp-json\/wp\/v2\/pages"}],"about":[{"href":"https:\/\/www.relofirm.com\/es\/wp-json\/wp\/v2\/types\/page"}],"author":[{"embeddable":true,"href":"https:\/\/www.relofirm.com\/es\/wp-json\/wp\/v2\/users\/10"}],"replies":[{"embeddable":true,"href":"https:\/\/www.relofirm.com\/es\/wp-json\/wp\/v2\/comments?post=7098"}],"version-history":[{"count":1,"href":"https:\/\/www.relofirm.com\/es\/wp-json\/wp\/v2\/pages\/7098\/revisions"}],"predecessor-version":[{"id":7812,"href":"https:\/\/www.relofirm.com\/es\/wp-json\/wp\/v2\/pages\/7098\/revisions\/7812"}],"wp:attachment":[{"href":"https:\/\/www.relofirm.com\/es\/wp-json\/wp\/v2\/media?parent=7098"}],"curies":[{"name":"wp","href":"https:\/\/api.w.org\/{rel}","templated":true}]}}