{"id":7097,"date":"2010-12-13T00:00:00","date_gmt":"2010-12-13T05:00:00","guid":{"rendered":"https:\/\/relofirm.com\/foreigners_under_protection_state_refugees\/"},"modified":"2020-01-22T10:41:15","modified_gmt":"2020-01-22T15:41:15","slug":"visas-para-extranjeros-bajo-proteccion-del-estado-refugiados","status":"publish","type":"page","link":"https:\/\/www.relofirm.com\/es\/visas-para-extranjeros-bajo-proteccion-del-estado-refugiados\/","title":{"rendered":"Visas para Extranjeros Bajo Protecci\u00f3n del Estado (Refugiados)"},"content":{"rendered":"<div class=\"menu-immigration-en-container\"><ul id=\"menu-immigration-en\" class=\"menu\"><li id=\"menu-item-7642\" class=\"menu-item menu-item-type-post_type menu-item-object-page menu-item-has-children menu-item-7642\"><a href=\"https:\/\/www.relofirm.com\/es\/visas-para-panama-panama-inmigracion\/\">Visas para Panam\u00e1: Panam\u00e1 Inmigraci\u00f3n<\/a>\n<ul class=\"sub-menu\">\n\t<li id=\"menu-item-7643\" class=\"menu-item menu-item-type-post_type menu-item-object-page menu-item-7643\"><a href=\"https:\/\/www.relofirm.com\/es\/como-obtener-residencia-permanente-en-panama\/\">Como Obtener Residencia Permanente en Panam\u00e1<\/a><\/li>\n\t<li id=\"menu-item-7644\" class=\"menu-item menu-item-type-post_type menu-item-object-page menu-item-7644\"><a href=\"https:\/\/www.relofirm.com\/es\/visas-de-paises-amigos-de-panama\/\">Visas de Paises Amigos de Panama<\/a><\/li>\n\t<li id=\"menu-item-7645\" class=\"menu-item menu-item-type-post_type menu-item-object-page menu-item-7645\"><a href=\"https:\/\/www.relofirm.com\/es\/visas-de-pensionado-en-panama-visa-jubilados\/\">Visas de Pensionado en Panama (Visa Jubilados)<\/a><\/li>\n\t<li id=\"menu-item-10943\" class=\"menu-item menu-item-type-post_type menu-item-object-page menu-item-10943\"><a href=\"https:\/\/www.relofirm.com\/es\/residente-permanente-en-calidad-de-inversionista-calificado\/\">Residente Permanente en Calidad de Inversionista Calificado<\/a><\/li>\n\t<li id=\"menu-item-7646\" class=\"menu-item menu-item-type-post_type menu-item-object-page menu-item-7646\"><a href=\"https:\/\/www.relofirm.com\/es\/visa-de-auto-solvencia-economica-en-panama\/\">Visa de Auto Solvencia Econ\u00f3mica en Panama<\/a><\/li>\n\t<li id=\"menu-item-7647\" class=\"menu-item menu-item-type-post_type menu-item-object-page menu-item-7647\"><a href=\"https:\/\/www.relofirm.com\/es\/visa-de-reforestacion\/\">Visa de Reforestaci\u00f3n<\/a><\/li>\n\t<li id=\"menu-item-7648\" class=\"menu-item menu-item-type-post_type menu-item-object-page menu-item-7648\"><a href=\"https:\/\/www.relofirm.com\/es\/programa-de-inversionista-agricola\/\">Programa de Inversionista Agr\u00edcola<\/a><\/li>\n\t<li id=\"menu-item-7649\" class=\"menu-item menu-item-type-post_type menu-item-object-page menu-item-7649\"><a href=\"https:\/\/www.relofirm.com\/es\/programa-de-inversionista-en-zona-procesadora-libre-de-impuestos\/\">Programa de Inversionista en Zona Procesadora Libre de Impuestos<\/a><\/li>\n\t<li id=\"menu-item-7650\" class=\"menu-item menu-item-type-post_type menu-item-object-page menu-item-7650\"><a href=\"https:\/\/www.relofirm.com\/es\/visa-de-trabajo-para-la-ciudad-del-saber\/\">Visa de Trabajo para la Ciudad del Saber<\/a><\/li>\n\t<li id=\"menu-item-7651\" class=\"menu-item menu-item-type-post_type menu-item-object-page menu-item-7651\"><a href=\"https:\/\/www.relofirm.com\/es\/visa-de-misionero\/\">Visa de Misionero<\/a><\/li>\n\t<li id=\"menu-item-7652\" class=\"menu-item menu-item-type-post_type menu-item-object-page menu-item-7652\"><a href=\"https:\/\/www.relofirm.com\/es\/visa-de-estudiante-panama\/\">Visa de Estudiante Panama<\/a><\/li>\n\t<li id=\"menu-item-7653\" class=\"menu-item menu-item-type-post_type menu-item-object-page menu-item-7653\"><a href=\"https:\/\/www.relofirm.com\/es\/inmigracion-panamena-visa-de-multiples-entradas-y-salidas\/\">Inmigracion Panamena Visa de M\u00faltiples Entradas y Salidas<\/a><\/li>\n\t<li id=\"menu-item-7654\" class=\"menu-item menu-item-type-post_type menu-item-object-page menu-item-7654\"><a href=\"https:\/\/www.relofirm.com\/es\/visa-de-turista-en-panama\/\">Visa de Turista en Panam\u00e1<\/a><\/li>\n\t<li id=\"menu-item-7655\" class=\"menu-item menu-item-type-post_type menu-item-object-page menu-item-7655\"><a href=\"https:\/\/www.relofirm.com\/es\/autorizacion-de-visa-de-turista-en-panama\/\">Autorizacion de visa de Turista en Panama<\/a><\/li>\n\t<li id=\"menu-item-7656\" class=\"menu-item menu-item-type-post_type menu-item-object-page menu-item-7656\"><a href=\"https:\/\/www.relofirm.com\/es\/visa-de-marino-en-panama\/\">Visa de Marino en Panama<\/a><\/li>\n\t<li id=\"menu-item-7657\" class=\"menu-item menu-item-type-post_type menu-item-object-page menu-item-7657\"><a href=\"https:\/\/www.relofirm.com\/es\/visa-de-trabajadores-especialistas-en-panama\/\">Visa de Trabajadores Especialistas en Panama<\/a><\/li>\n\t<li id=\"menu-item-7658\" class=\"menu-item menu-item-type-post_type menu-item-object-page menu-item-7658\"><a href=\"https:\/\/www.relofirm.com\/es\/visa-de-residencia-en-panama-para-ciudadanos-italianos\/\">Visa de Residencia en Panama para Ciudadanos Italianos<\/a><\/li>\n\t<li id=\"menu-item-7659\" class=\"menu-item menu-item-type-post_type menu-item-object-page menu-item-7659\"><a href=\"https:\/\/www.relofirm.com\/es\/visa-para-trabajadores-eventuales-en-la-cultura-deporte-o-educacion\/\">Visa para Trabajadores Eventuales en la Cultura, Deporte o Educacion<\/a><\/li>\n\t<li id=\"menu-item-7660\" class=\"menu-item menu-item-type-post_type menu-item-object-page menu-item-7660\"><a href=\"https:\/\/www.relofirm.com\/es\/visa-de-trabajadores-domesticos-en-panama\/\">Visa de Trabajadores Dom\u00e9sticos en Panam\u00e1<\/a><\/li>\n\t<li id=\"menu-item-7661\" class=\"menu-item menu-item-type-post_type menu-item-object-page menu-item-7661\"><a href=\"https:\/\/www.relofirm.com\/es\/visas-de-corta-estancia-en-panama\/\">Visas de Corta Estancia en Panama<\/a><\/li>\n\t<li id=\"menu-item-7662\" class=\"menu-item menu-item-type-post_type menu-item-object-page menu-item-7662\"><a href=\"https:\/\/www.relofirm.com\/es\/visa-de-pasajeros-y-tripulantes-de-naves-con-fines-de-recreo-o-turismo-en-panama\/\">Visa de Pasajeros y Tripulantes de Naves con Fines de Recreo o Turismo en Panam\u00e1<\/a><\/li>\n\t<li id=\"menu-item-7663\" class=\"menu-item menu-item-type-post_type menu-item-object-page menu-item-7663\"><a href=\"https:\/\/www.relofirm.com\/es\/visa-de-trabajo-en-panama-para-residencia-temporal\/\">Visa de Trabajo en Panama para Residencia Temporal<\/a><\/li>\n\t<li id=\"menu-item-7664\" class=\"menu-item menu-item-type-post_type menu-item-object-page menu-item-7664\"><a href=\"https:\/\/www.relofirm.com\/es\/visas-de-residencia-temporal-en-panama-por-razones-especiales\/\">Visas de Residencia Temporal en Panama por Razones Especiales<\/a><\/li>\n\t<li id=\"menu-item-7665\" class=\"menu-item menu-item-type-post_type menu-item-object-page menu-item-7665\"><a href=\"https:\/\/www.relofirm.com\/es\/permisos-temporales-por-razones-humanitarias-en-panama\/\">Permisos Temporales por Razones Humanitarias en Panam\u00e1<\/a><\/li>\n\t<li id=\"menu-item-7666\" class=\"menu-item menu-item-type-post_type menu-item-object-page menu-item-7666\"><a href=\"https:\/\/www.relofirm.com\/es\/visas-por-politicas-especiales-en-panama\/\">Visas por Pol\u00edticas Especiales en Panam\u00e1<\/a><\/li>\n\t<li id=\"menu-item-7667\" class=\"menu-item menu-item-type-post_type menu-item-object-page menu-item-7667\"><a href=\"https:\/\/www.relofirm.com\/es\/visas-de-residencia-permanente-de-reagrupacion-familiar-en-panama\/\">Visas de Residencia Permanente de Reagrupaci\u00f3n Familiar en Panam\u00e1<\/a><\/li>\n\t<li id=\"menu-item-7668\" class=\"menu-item menu-item-type-post_type menu-item-object-page menu-item-7668\"><a href=\"https:\/\/www.relofirm.com\/es\/visas-para-extranjeros-bajo-proteccion-del-estado-refugiados\/\">Visas para Extranjeros Bajo Protecci\u00f3n del Estado (Refugiados)<\/a><\/li>\n\t<li id=\"menu-item-7669\" class=\"menu-item menu-item-type-post_type menu-item-object-page menu-item-7669\"><a href=\"https:\/\/www.relofirm.com\/es\/cambio-del-estatus-migratorio-de-panama\/\">Cambio del Estatus Migratorio de Panama<\/a><\/li>\n\t<li id=\"menu-item-7670\" class=\"menu-item menu-item-type-post_type menu-item-object-page menu-item-7670\"><a href=\"https:\/\/www.relofirm.com\/es\/control-migratorio-de-panama\/\">Control Migratorio de Panam\u00e1<\/a><\/li>\n\t<li id=\"menu-item-7672\" class=\"menu-item menu-item-type-post_type menu-item-object-page menu-item-7672\"><a href=\"https:\/\/www.relofirm.com\/es\/introduccion-de-mascotas-a-panama\/\">Introducci\u00f3n de Mascotas a Panam\u00e1<\/a><\/li>\n\t<li id=\"menu-item-7673\" class=\"menu-item menu-item-type-post_type menu-item-object-page menu-item-7673\"><a href=\"https:\/\/www.relofirm.com\/es\/verificacion-de-antecedentes-penales-en-panama\/\">Verificacion de Antecedentes Penales en Panama<\/a><\/li>\n\t<li id=\"menu-item-7674\" class=\"menu-item menu-item-type-post_type menu-item-object-page menu-item-7674\"><a href=\"https:\/\/www.relofirm.com\/es\/los-padres-de-ninos-nacidos-en-panama-podran-convertirse-en-residentes-permanentes\/\">Los Padres de Ninos Nacidos en Panama Podran Convertirse en Residentes Permanentes<\/a><\/li>\n\t<li id=\"menu-item-7675\" class=\"menu-item menu-item-type-post_type menu-item-object-page menu-item-7675\"><a href=\"https:\/\/www.relofirm.com\/es\/como-obetener-un-certificado-de-nacimiento-defuncion\/\">Certificado de Nacimiento o de Defuncion de Personas Nacidas en el Area del Canal<\/a><\/li>\n<\/ul>\n<\/li>\n<\/ul><\/div>\n<hr \/>\n<p>International Relocation Firm podr\u00e1 asistir a los refugiados en la gesti\u00f3n de solicitud de una Visa bajo la protecci\u00f3n del Estado.<\/p>\n<p>Los est\u00e1ndares de procesamiento de las personas que se benefician de la condici\u00f3n de protecci\u00f3n provisional por razones humanitarias, deben ser, de acuerdo a lo establecido por la Convenci\u00f3n Americana sobre los derechos humanos y otros medios, ratificados por la Rep\u00fablica de Panam\u00e1.<\/p>\n<p>Los solicitantes admitidos bajo la denominaci\u00f3n de refugiados a trav\u00e9s de la Oficina Nacional para la Atenci\u00f3n de Refugiados, o que hayan presentado su solicitud de refugiado en Panam\u00e1 y que se encuentre en proceso, mientras se mantengan en \u00e9sta situaci\u00f3n, no podr\u00e1n ser rechazados en la frontera ni podr\u00e1n ser sancionados como ilegales o forma irregular,\u00a0 mientras el Estado Paname\u00f1o decida sobre el otorgamiento de una soluci\u00f3n permanente en su territorio en calidad de refugiados.<\/p>\n<p>Los refugiado en Panam\u00e1 que no hayan sido reconocidos a\u00fan como tales, no tendr\u00e1n que pagar una multa.<\/p>\n<p>La Oficina Nacional Para la Atenci\u00f3n de los Refugiados (ONPAR Panama), llevar\u00e1 a cabo un registro peri\u00f3dico de personas que ingresen al Pa\u00eds en b\u00fasqueda de protecci\u00f3n en calidad de refugiados, y la documentaci\u00f3n de aquellos refugiados que se han beneficiado por la decisi\u00f3n colectiva de su condici\u00f3n de \u201cprotegidos provisionalmente por razones humanitarias\u201d ser\u00e1 enviada cada cierto tiempo al Servicio Nacional de Migraci\u00f3n.<\/p>\n<p>La tarjeta de identificaci\u00f3n de los refugiados en Panam\u00e1, de aquellos que se encuentren presos y los ap\u00e1tridas (sin nacionalidad), ser\u00e1 renovada por el Servicio Nacional de Inmigraci\u00f3n, siempre y cuando la Oficina Nacional Para la Atenci\u00f3n de los Refugiados (en el caso de los refugiados y de los ap\u00e1tridas) o por el Ministerio de Asuntos Exteriores (en el caso de los presos) env\u00eden la solicitud correspondiente.<\/p>\n<p>Ellos podr\u00e1n aplicar exenciones a los refugiados en Panam\u00e1, los presos y los ap\u00e1tridas, que debido a su vulnerabilidad se vean imposibilitados a cubrir el costo de la tarjeta. Dicha vulnerabilidad debe ser certificada debidamente por la Oficina Nacional para la Atenci\u00f3n del Refugiado para el caso de los refugiados y los ap\u00e1tridas. Para el caso de los presos el Ministerio de Asuntos Exteriores deber\u00e1 certificarlo.<\/p>\n<p>Una vez que el refugiado reciba la Certificaci\u00f3n que acredite su condici\u00f3n de refugiado, ap\u00e1trida o preso, el Servicio Nacional de Migraci\u00f3n abrir\u00e1 un expediente a su nombre que incluir\u00e1 lo siguiente: (Para el solicitante y sus dependientes)<\/p>\n<ul>\n<li>Pasaporte o documento que muestre su identidad (Si aplica). En el evento de que el solicitante no presente ning\u00fan documento que lo identifique, se recibir\u00e1 una declaraci\u00f3n jurada notificando su identidad.<\/li>\n<li>Certificado emitido por la Oficina Nacional Para la Atenci\u00f3n al Refugiado para el caso de refugiados o para personas ap\u00e1tridas y por el Ministerio de Asuntos Exteriores para el caso de los presos.<\/li>\n<li>Huellas dactilares.<\/li>\n<li>Dos (02) fotograf\u00edas.<\/li>\n<\/ul>\n<p>Los refugiados en Panam\u00e1, los presos y los ap\u00e1tridas, tienen la obligaci\u00f3n, adem\u00e1s de lo establecido en los convenios, protocolos, estatutos internacionales, la Constituci\u00f3n Pol\u00edtica y las leyes de la Rep\u00fablica de Panam\u00e1, a lo siguiente:<\/p>\n<ul>\n<li>Obedecer las leyes y reglamentos del Pa\u00eds y respetar la ley y el orden.<\/li>\n<li>Obedecer las decisiones de la Oficina Nacional Para la Atenci\u00f3n al Refugiado y del Ministerio de Asuntos Exteriores.<\/li>\n<li>Mantener en todo momento una conducta armoniosa y apropiada haciendo uso de la moral y buenas costumbres en la Rep\u00fablica de Panam\u00e1.<\/li>\n<li>Llevar en todo momento su tarjeta de identificaci\u00f3n como solicitante de refugio, preso o ap\u00e1trida.<\/li>\n<li>Informar a la Oficina Nacional Para la Atenci\u00f3n al Refugiado y al Ministerio de Asuntos Exteriores la ubicaci\u00f3n de su residencia y trabajo, as\u00ed como cualquier cambio que ocurra en \u00e9stas.<\/li>\n<li>Reportar a la Oficina Nacional Para la Atenci\u00f3n al Refugiado, y al Ministerio de Asuntos Exteriores inmediatamente, en caso de p\u00e9rdida o robo de su documento de identificaci\u00f3n.<\/li>\n<li>Los refugiados, presos y ap\u00e1tridas en Panam\u00e1 gozan de los derechos y garant\u00edas conforme a las disposiciones legales aplicables.<\/li>\n<\/ul>\n<p><span style=\"line-height: 1.5em;\">Se reconocen los derechos en Panam\u00e1 de los refugiados, ap\u00e1tridas y presos a ser reunificado con su familia inmediata. La Oficina Nacional Para la Atenci\u00f3n al Refugiado, estar\u00e1 en capacidad de considerar algunas excepciones a \u00e9ste criterio por razones de vulnerabilidad, dependencia o humanitarismo.<\/span><\/p>\n<p><span style=\"line-height: 1.5em;\">Los refugiados y presos que tengan m\u00e1s de diez (10) a\u00f1os en Panam\u00e1 con estatus legal, y declaren su intenci\u00f3n de residir en el Territorio de la Rep\u00fablica de Panam\u00e1, podr\u00e1n aplicar a la Visa de Residencia Permanente, tal como lo establece la Ley 25 del 09 de Mayo de 2008. Esto no ser\u00e1 extensivo para aquellos que han renunciado a la condici\u00f3n de refugiados o presos, de acuerdo a las disposiciones vigentes.<\/span><\/p>\n<p>El solicitante y sus dependientes que tengan estatus en Panam\u00e1 de refugiados o presos, para poder solicitar la Visa de Residencia Permanente deber\u00e1n entregar los siguientes documentos:<\/p>\n<ul>\n<li>Resoluci\u00f3n mediante la cual se certifique que el estatus de refugiado del solicitante y sus dependientes se encuentre debidamente autenticada por la Oficina Nacional Para la Atenci\u00f3n del Refugiado, en la cual debe ser evidente el per\u00edodo para el cual han calificado para \u00e9sta condici\u00f3n, y en el caso de los reclusos, la resoluci\u00f3n que se ofrece para ellos y sus dependientes deber\u00e1 ser autenticada por el Ministerio de Asuntos Exteriores.<\/li>\n<li>Original de la tarjeta que acredite su estatus vigente.<\/li>\n<li>Documento de no poseer antecedentes policiales en Panam\u00e1.<\/li>\n<li>Dos (2) Fotograf\u00edas.<\/li>\n<\/ul>\n<p><span style=\"line-height: 1.5em;\">Si Usted est\u00e1 interesado en reubicarse o en obtener la residencia legal en Panam\u00e1, por favor cont\u00e1ctenos y gustosamente le brindaremos una consulta personalizada en las oficinas de International Relocation Firm, o si lo prefiere, consulte nuestras tarifas por los servicios de tramitaci\u00f3n de Visa para Refugiados.<\/span><\/p>\n<hr \/>\n","protected":false},"excerpt":{"rendered":"<p>International Relocation Firm podr\u00e1 asistir a los refugiados en la gesti\u00f3n de solicitud de una Visa bajo la protecci\u00f3n del Estado. Los est\u00e1ndares de procesamiento de las personas que se benefician de la condici\u00f3n de protecci\u00f3n provisional por razones humanitarias, deben ser, de acuerdo a lo establecido por la Convenci\u00f3n Americana sobre los derechos humanos [&hellip;]<\/p>\n","protected":false},"author":10,"featured_media":0,"parent":0,"menu_order":0,"comment_status":"closed","ping_status":"closed","template":"","meta":{"_et_pb_use_builder":"","_et_pb_old_content":"","_et_gb_content_width":"","inline_featured_image":false,"footnotes":""},"class_list":["post-7097","page","type-page","status-publish","hentry"],"yoast_head":"<!-- This site is optimized with the Yoast SEO plugin v27.5 - https:\/\/yoast.com\/product\/yoast-seo-wordpress\/ -->\n<title>Visas para Extranjeros Bajo Protecci\u00f3n del Estado (Refugiados) - International Relocation Firm<\/title>\n<meta name=\"robots\" content=\"index, follow, max-snippet:-1, max-image-preview:large, max-video-preview:-1\" \/>\n<link rel=\"canonical\" href=\"https:\/\/www.relofirm.com\/es\/visas-para-extranjeros-bajo-proteccion-del-estado-refugiados\/\" \/>\n<meta name=\"twitter:label1\" content=\"Tiempo de lectura\" \/>\n\t<meta name=\"twitter:data1\" content=\"5 minutos\" \/>\n<!-- \/ Yoast SEO plugin. -->","yoast_head_json":{"title":"Visas para Extranjeros Bajo Protecci\u00f3n del Estado (Refugiados) - International Relocation Firm","robots":{"index":"index","follow":"follow","max-snippet":"max-snippet:-1","max-image-preview":"max-image-preview:large","max-video-preview":"max-video-preview:-1"},"canonical":"https:\/\/www.relofirm.com\/es\/visas-para-extranjeros-bajo-proteccion-del-estado-refugiados\/","twitter_misc":{"Tiempo de lectura":"5 minutos"},"schema":{"@context":"https:\/\/schema.org","@graph":[{"@type":"WebPage","@id":"https:\/\/www.relofirm.com\/es\/visas-para-extranjeros-bajo-proteccion-del-estado-refugiados\/","url":"https:\/\/www.relofirm.com\/es\/visas-para-extranjeros-bajo-proteccion-del-estado-refugiados\/","name":"Visas para Extranjeros Bajo Protecci\u00f3n del Estado (Refugiados) - International Relocation Firm","isPartOf":{"@id":"https:\/\/www.relofirm.com\/#website"},"datePublished":"2010-12-13T05:00:00+00:00","dateModified":"2020-01-22T15:41:15+00:00","breadcrumb":{"@id":"https:\/\/www.relofirm.com\/es\/visas-para-extranjeros-bajo-proteccion-del-estado-refugiados\/#breadcrumb"},"inLanguage":"es","potentialAction":[{"@type":"ReadAction","target":["https:\/\/www.relofirm.com\/es\/visas-para-extranjeros-bajo-proteccion-del-estado-refugiados\/"]}]},{"@type":"BreadcrumbList","@id":"https:\/\/www.relofirm.com\/es\/visas-para-extranjeros-bajo-proteccion-del-estado-refugiados\/#breadcrumb","itemListElement":[{"@type":"ListItem","position":1,"name":"Home","item":"https:\/\/www.relofirm.com\/es\/"},{"@type":"ListItem","position":2,"name":"Visas para Extranjeros Bajo Protecci\u00f3n del Estado (Refugiados)"}]},{"@type":"WebSite","@id":"https:\/\/www.relofirm.com\/#website","url":"https:\/\/www.relofirm.com\/","name":"International Relocation Firm","description":"","publisher":{"@id":"https:\/\/www.relofirm.com\/#organization"},"potentialAction":[{"@type":"SearchAction","target":{"@type":"EntryPoint","urlTemplate":"https:\/\/www.relofirm.com\/?s={search_term_string}"},"query-input":{"@type":"PropertyValueSpecification","valueRequired":true,"valueName":"search_term_string"}}],"inLanguage":"es"},{"@type":"Organization","@id":"https:\/\/www.relofirm.com\/#organization","name":"International Relocation Firm","url":"https:\/\/www.relofirm.com\/","logo":{"@type":"ImageObject","inLanguage":"es","@id":"https:\/\/www.relofirm.com\/#\/schema\/logo\/image\/","url":"https:\/\/www.relofirm.com\/wp-content\/uploads\/2021\/11\/relofirm-logo.svg","contentUrl":"https:\/\/www.relofirm.com\/wp-content\/uploads\/2021\/11\/relofirm-logo.svg","width":1485,"height":516,"caption":"International Relocation Firm"},"image":{"@id":"https:\/\/www.relofirm.com\/#\/schema\/logo\/image\/"},"sameAs":["https:\/\/www.facebook.com\/PanamaOffshoreLegalServices","https:\/\/x.com\/polslegal"]}]}},"_links":{"self":[{"href":"https:\/\/www.relofirm.com\/es\/wp-json\/wp\/v2\/pages\/7097","targetHints":{"allow":["GET"]}}],"collection":[{"href":"https:\/\/www.relofirm.com\/es\/wp-json\/wp\/v2\/pages"}],"about":[{"href":"https:\/\/www.relofirm.com\/es\/wp-json\/wp\/v2\/types\/page"}],"author":[{"embeddable":true,"href":"https:\/\/www.relofirm.com\/es\/wp-json\/wp\/v2\/users\/10"}],"replies":[{"embeddable":true,"href":"https:\/\/www.relofirm.com\/es\/wp-json\/wp\/v2\/comments?post=7097"}],"version-history":[{"count":1,"href":"https:\/\/www.relofirm.com\/es\/wp-json\/wp\/v2\/pages\/7097\/revisions"}],"predecessor-version":[{"id":8044,"href":"https:\/\/www.relofirm.com\/es\/wp-json\/wp\/v2\/pages\/7097\/revisions\/8044"}],"wp:attachment":[{"href":"https:\/\/www.relofirm.com\/es\/wp-json\/wp\/v2\/media?parent=7097"}],"curies":[{"name":"wp","href":"https:\/\/api.w.org\/{rel}","templated":true}]}}