{"id":7096,"date":"2010-12-13T00:00:00","date_gmt":"2010-12-13T05:00:00","guid":{"rendered":"https:\/\/relofirm.com\/family_regrouping_visas\/"},"modified":"2020-09-25T00:42:19","modified_gmt":"2020-09-25T05:42:19","slug":"visas-de-residencia-permanente-de-reagrupacion-familiar-en-panama","status":"publish","type":"page","link":"https:\/\/www.relofirm.com\/es\/visas-de-residencia-permanente-de-reagrupacion-familiar-en-panama\/","title":{"rendered":"Visas de Residencia Permanente de Reagrupaci\u00f3n Familiar en Panam\u00e1"},"content":{"rendered":"<div class=\"menu-immigration-en-container\"><ul id=\"menu-immigration-en\" class=\"menu\"><li id=\"menu-item-7642\" class=\"menu-item menu-item-type-post_type menu-item-object-page menu-item-has-children menu-item-7642\"><a href=\"https:\/\/www.relofirm.com\/es\/visas-para-panama-panama-inmigracion\/\">Visas para Panam\u00e1: Panam\u00e1 Inmigraci\u00f3n<\/a>\n<ul class=\"sub-menu\">\n\t<li id=\"menu-item-7643\" class=\"menu-item menu-item-type-post_type menu-item-object-page menu-item-7643\"><a href=\"https:\/\/www.relofirm.com\/es\/como-obtener-residencia-permanente-en-panama\/\">Como Obtener Residencia Permanente en Panam\u00e1<\/a><\/li>\n\t<li id=\"menu-item-237536\" class=\"menu-item menu-item-type-post_type menu-item-object-page menu-item-237536\"><a href=\"https:\/\/www.relofirm.com\/es\/visas-para-panama-panama-inmigracion\/naturalizacion\/\">Naturalizaci\u00f3n en Panam\u00e1<\/a><\/li>\n\t<li id=\"menu-item-7644\" class=\"menu-item menu-item-type-post_type menu-item-object-page menu-item-7644\"><a href=\"https:\/\/www.relofirm.com\/es\/visas-de-paises-amigos-de-panama\/\">Visas de Paises Amigos de Panama<\/a><\/li>\n\t<li id=\"menu-item-7645\" class=\"menu-item menu-item-type-post_type menu-item-object-page menu-item-7645\"><a href=\"https:\/\/www.relofirm.com\/es\/visas-de-pensionado-en-panama-visa-jubilados\/\">Visa de Pensionado en Panam\u00e1 (Visa Jubilados)<\/a><\/li>\n\t<li id=\"menu-item-10943\" class=\"menu-item menu-item-type-post_type menu-item-object-page menu-item-10943\"><a href=\"https:\/\/www.relofirm.com\/es\/residente-permanente-en-calidad-de-inversionista-calificado\/\">Residente Permanente en Calidad de Inversionista Calificado<\/a><\/li>\n\t<li id=\"menu-item-7646\" class=\"menu-item menu-item-type-post_type menu-item-object-page menu-item-7646\"><a href=\"https:\/\/www.relofirm.com\/es\/visa-de-auto-solvencia-economica-en-panama\/\">Visa de Auto Solvencia Econ\u00f3mica en Panama<\/a><\/li>\n\t<li id=\"menu-item-7647\" class=\"menu-item menu-item-type-post_type menu-item-object-page menu-item-7647\"><a href=\"https:\/\/www.relofirm.com\/es\/visa-de-reforestacion\/\">Visa de Reforestaci\u00f3n<\/a><\/li>\n\t<li id=\"menu-item-7648\" class=\"menu-item menu-item-type-post_type menu-item-object-page menu-item-7648\"><a href=\"https:\/\/www.relofirm.com\/es\/programa-de-inversionista-agricola\/\">Programa de Inversionista Agr\u00edcola<\/a><\/li>\n\t<li id=\"menu-item-7649\" class=\"menu-item menu-item-type-post_type menu-item-object-page menu-item-7649\"><a href=\"https:\/\/www.relofirm.com\/es\/programa-de-inversionista-en-zona-procesadora-libre-de-impuestos\/\">Programa de Inversionista en Zona Procesadora Libre de Impuestos<\/a><\/li>\n\t<li id=\"menu-item-7650\" class=\"menu-item menu-item-type-post_type menu-item-object-page menu-item-7650\"><a href=\"https:\/\/www.relofirm.com\/es\/visa-de-trabajo-para-la-ciudad-del-saber\/\">Visa de Trabajo para la Ciudad del Saber<\/a><\/li>\n\t<li id=\"menu-item-7651\" class=\"menu-item menu-item-type-post_type menu-item-object-page menu-item-7651\"><a href=\"https:\/\/www.relofirm.com\/es\/visa-de-misionero\/\">Visa de Misionero<\/a><\/li>\n\t<li id=\"menu-item-7652\" class=\"menu-item menu-item-type-post_type menu-item-object-page menu-item-7652\"><a href=\"https:\/\/www.relofirm.com\/es\/visa-de-estudiante-panama\/\">Visa de Estudiante Panama<\/a><\/li>\n\t<li id=\"menu-item-7653\" class=\"menu-item menu-item-type-post_type menu-item-object-page menu-item-7653\"><a href=\"https:\/\/www.relofirm.com\/es\/inmigracion-panamena-visa-de-multiples-entradas-y-salidas\/\">Inmigracion Panamena Visa de M\u00faltiples Entradas y Salidas<\/a><\/li>\n\t<li id=\"menu-item-7654\" class=\"menu-item menu-item-type-post_type menu-item-object-page menu-item-7654\"><a href=\"https:\/\/www.relofirm.com\/es\/visa-de-turista-en-panama\/\">Visa de Turista en Panam\u00e1<\/a><\/li>\n\t<li id=\"menu-item-7655\" class=\"menu-item menu-item-type-post_type menu-item-object-page menu-item-7655\"><a href=\"https:\/\/www.relofirm.com\/es\/autorizacion-de-visa-de-turista-en-panama\/\">Autorizacion de visa de Turista en Panama<\/a><\/li>\n\t<li id=\"menu-item-7656\" class=\"menu-item menu-item-type-post_type menu-item-object-page menu-item-7656\"><a href=\"https:\/\/www.relofirm.com\/es\/visa-de-marino-en-panama\/\">Visa de Marino en Panama<\/a><\/li>\n\t<li id=\"menu-item-7657\" class=\"menu-item menu-item-type-post_type menu-item-object-page menu-item-7657\"><a href=\"https:\/\/www.relofirm.com\/es\/visa-de-trabajadores-especialistas-en-panama\/\">Visa de Trabajadores Especialistas en Panama<\/a><\/li>\n\t<li id=\"menu-item-7658\" class=\"menu-item menu-item-type-post_type menu-item-object-page menu-item-7658\"><a href=\"https:\/\/www.relofirm.com\/es\/visa-de-residencia-en-panama-para-ciudadanos-italianos\/\">Visa de Residencia en Panama para Ciudadanos Italianos<\/a><\/li>\n\t<li id=\"menu-item-7659\" class=\"menu-item menu-item-type-post_type menu-item-object-page menu-item-7659\"><a href=\"https:\/\/www.relofirm.com\/es\/visa-para-trabajadores-eventuales-en-la-cultura-deporte-o-educacion\/\">Visa para Trabajadores Eventuales en la Cultura, Deporte o Educacion<\/a><\/li>\n\t<li id=\"menu-item-7660\" class=\"menu-item menu-item-type-post_type menu-item-object-page menu-item-7660\"><a href=\"https:\/\/www.relofirm.com\/es\/visa-de-trabajadores-domesticos-en-panama\/\">Visa de Trabajadores Dom\u00e9sticos en Panam\u00e1<\/a><\/li>\n\t<li id=\"menu-item-7661\" class=\"menu-item menu-item-type-post_type menu-item-object-page menu-item-7661\"><a href=\"https:\/\/www.relofirm.com\/es\/visas-de-corta-estancia-en-panama\/\">Visas de Corta Estancia en Panama<\/a><\/li>\n\t<li id=\"menu-item-7662\" class=\"menu-item menu-item-type-post_type menu-item-object-page menu-item-7662\"><a href=\"https:\/\/www.relofirm.com\/es\/visa-de-pasajeros-y-tripulantes-de-naves-con-fines-de-recreo-o-turismo-en-panama\/\">Visa de Pasajeros y Tripulantes de Naves con Fines de Recreo o Turismo en Panam\u00e1<\/a><\/li>\n\t<li id=\"menu-item-7663\" class=\"menu-item menu-item-type-post_type menu-item-object-page menu-item-7663\"><a href=\"https:\/\/www.relofirm.com\/es\/visa-de-trabajo-en-panama-para-residencia-temporal\/\">Visa de Trabajo en Panama para Residencia Temporal<\/a><\/li>\n\t<li id=\"menu-item-7664\" class=\"menu-item menu-item-type-post_type menu-item-object-page menu-item-7664\"><a href=\"https:\/\/www.relofirm.com\/es\/visas-de-residencia-temporal-en-panama-por-razones-especiales\/\">Visas de Residencia Temporal en Panama por Razones Especiales<\/a><\/li>\n\t<li id=\"menu-item-7665\" class=\"menu-item menu-item-type-post_type menu-item-object-page menu-item-7665\"><a href=\"https:\/\/www.relofirm.com\/es\/permisos-temporales-por-razones-humanitarias-en-panama\/\">Permisos Temporales por Razones Humanitarias en Panam\u00e1<\/a><\/li>\n\t<li id=\"menu-item-7666\" class=\"menu-item menu-item-type-post_type menu-item-object-page menu-item-7666\"><a href=\"https:\/\/www.relofirm.com\/es\/visas-por-politicas-especiales-en-panama\/\">Visas por Pol\u00edticas Especiales en Panam\u00e1<\/a><\/li>\n\t<li id=\"menu-item-7667\" class=\"menu-item menu-item-type-post_type menu-item-object-page menu-item-7667\"><a href=\"https:\/\/www.relofirm.com\/es\/visas-de-residencia-permanente-de-reagrupacion-familiar-en-panama\/\">Visas de Residencia Permanente de Reagrupaci\u00f3n Familiar en Panam\u00e1<\/a><\/li>\n\t<li id=\"menu-item-7668\" class=\"menu-item menu-item-type-post_type menu-item-object-page menu-item-7668\"><a href=\"https:\/\/www.relofirm.com\/es\/visas-para-extranjeros-bajo-proteccion-del-estado-refugiados\/\">Visas para Extranjeros Bajo Protecci\u00f3n del Estado (Refugiados)<\/a><\/li>\n\t<li id=\"menu-item-7669\" class=\"menu-item menu-item-type-post_type menu-item-object-page menu-item-7669\"><a href=\"https:\/\/www.relofirm.com\/es\/cambio-del-estatus-migratorio-de-panama\/\">Cambio del Estatus Migratorio de Panama<\/a><\/li>\n\t<li id=\"menu-item-7670\" class=\"menu-item menu-item-type-post_type menu-item-object-page menu-item-7670\"><a href=\"https:\/\/www.relofirm.com\/es\/control-migratorio-de-panama\/\">Control Migratorio de Panam\u00e1<\/a><\/li>\n\t<li id=\"menu-item-7672\" class=\"menu-item menu-item-type-post_type menu-item-object-page menu-item-7672\"><a href=\"https:\/\/www.relofirm.com\/es\/introduccion-de-mascotas-a-panama\/\">Introducci\u00f3n de Mascotas a Panam\u00e1<\/a><\/li>\n\t<li id=\"menu-item-7673\" class=\"menu-item menu-item-type-post_type menu-item-object-page menu-item-7673\"><a href=\"https:\/\/www.relofirm.com\/es\/verificacion-de-antecedentes-penales-en-panama\/\">Verificacion de Antecedentes Penales en Panama<\/a><\/li>\n\t<li id=\"menu-item-7674\" class=\"menu-item menu-item-type-post_type menu-item-object-page menu-item-7674\"><a href=\"https:\/\/www.relofirm.com\/es\/los-padres-de-ninos-nacidos-en-panama-podran-convertirse-en-residentes-permanentes\/\">Los Padres de Ninos Nacidos en Panama Podran Convertirse en Residentes Permanentes<\/a><\/li>\n\t<li id=\"menu-item-7675\" class=\"menu-item menu-item-type-post_type menu-item-object-page menu-item-7675\"><a href=\"https:\/\/www.relofirm.com\/es\/como-obetener-un-certificado-de-nacimiento-defuncion\/\">Certificado de Nacimiento o de Defuncion de Personas Nacidas en el Area del Canal<\/a><\/li>\n<\/ul>\n<\/li>\n<\/ul><\/div>\n<hr \/>\n<p>International Relocation Firm puede ayudarlo en el tr\u00e1mite de solicitud de Visa de Residencia de Reagrupaci\u00f3n Familiar en Panam\u00e1.<\/p>\n<p><strong>Panam\u00e1 le ofrece 2 modalidades para optar a \u00e9sta Visa.<\/strong><\/p>\n<h2>1. VISA PARA CASADO CON UN PANAME\u00d1O<\/h2>\n<p>Los extranjeros que hayan contra\u00eddo matrimonio con un ciudadano Paname\u00f1o, y que conviven en condiciones de singularidad, estabilidad y continuidad, podr\u00e1n aplicar a la solicitud de \u00e9sta Visa de Casado con un Paname\u00f1o.<\/p>\n<p>Los extranjeros casados con un nacional Paname\u00f1o no le otorgan en s\u00ed los derechos de residencia en la Rep\u00fablica de Panam\u00e1. El Servicio Nacional de Migraci\u00f3n podr\u00eda denegarle la entrada o residencia de extranjeros casados con paname\u00f1os, debido a razones de fraude, inmoralidad, salud p\u00fablica, econom\u00eda dom\u00e9stica o las necesidades sociales de extranjeros casados con paname\u00f1os.<\/p>\n<p>Adicional a los requerimientos b\u00e1sicos establecidos en el Art\u00edculo 28 del Decreto Ley No. 3 del 22 de Febrero de 2008 (Excepto para el pago de los gastos de repatriaci\u00f3n), el solicitante deber\u00e1 entregar los siguientes documentos:<\/p>\n<ul>\n<li>Certificado de matrimonio emitido por el registro civil. Si el matrimonio fue celebrado en el extranjero, el mismo debe ser debidamente inscrito en el Registro Civil.<\/li>\n<li>Certificado de Nacimiento del c\u00f3nyuge paname\u00f1o emitido por el Registro Civil.<\/li>\n<li>Fotocopia del Documento de Identificaci\u00f3n Personal vigente del c\u00f3nyuge paname\u00f1o autenticado por el Registro Civil.<\/li>\n<li>Permiso de trabajo y copia del carnet de permiso de trabajo del solicitante.<\/li>\n<li>En caso de ser jubilado o pensionado, debe probar su condici\u00f3n a trav\u00e9s de una carta de jubilaci\u00f3n. Si cumple con \u00e9ste requisito, entonces estar\u00e1 exento de este requisito.<\/li>\n<li>Constancia de la fuente de los ingresos del c\u00f3nyuge paname\u00f1o (carta de trabajo, archivos del seguro, letra bancaria, o declaraci\u00f3n de impuestos propios con su respectivo comprobante de pago)<\/li>\n<li>Carta de responsabilidad del c\u00f3nyuge paname\u00f1o.<\/li>\n<li>Entrevista marital que ser\u00e1 llevada a cabo por el personal id\u00f3neo de la Unidad Disciplinaria, de acuerdo a la hora y fecha asignada al momento de entregar su solicitud. En caso de que no puedan asistir en la fecha y hora pautada, deber\u00e1 presentarse la excusa correspondiente dentro de los primeros tres (3) d\u00edas h\u00e1biles siguientes a la fecha acordada.<\/li>\n<li>Constancia de residencia, para lo cual podr\u00e1 entregar: Copia de un recibo de servicio p\u00fablico, contrato de arrendamiento, t\u00edtulo de propiedad o cualquier otro documento que de constancia de la residencia conyugal.<\/li>\n<\/ul>\n<p><strong>Nota<\/strong>: El Servicio Nacional de Migraci\u00f3n de Panam\u00e1 podr\u00e1 visitar la residencia cuando as\u00ed lo estime conveniente.<\/p>\n<p>Una vez transcurrido los dos (2) a\u00f1os de haberse otorgado la residencia legal temporal, el solicitante podr\u00e1 aplicar por la solicitud de la residencia permanente, cumpliendo con los requisitos mencionados en los art\u00edculos anteriores y deber\u00e1 entregar lo siguiente:<\/p>\n<ul>\n<li>Paz y Salvo Nacional del solicitante.<\/li>\n<\/ul>\n<p><strong>Nota<\/strong>: Los solicitantes que hayan enviudado o se hayan divorciado durante el plazo de su visa temporal y hayan tenido hijos durante su matrimonio, podr\u00e1n optar por la residencia permanente. En el primer caso, deber\u00e1n entregar copia del acta de defunci\u00f3n de su c\u00f3nyuge y en el segundo caso deber\u00e1n entregar el certificado de disoluci\u00f3n del matrimonio y el certificado de nacimiento de los hijos que tuvieron durante el matrimonio. Esto por s\u00ed solo no garantiza ni obliga al Servicio Nacional de Migraci\u00f3n a ofrecer la continuidad de la residencia al solicitante.<\/p>\n<h2>2. VISA PARA DEPENDIENTES DE RESIDENTES PERMANENTES EN PANAMA<\/h2>\n<p>Los c\u00f3nyuges extranjeros, los hijos menores de dieciocho (18) a\u00f1os, los miembros familiares con alg\u00fan tipo de discapacidad, y los padres dependientes de un residente temporal por dos (2) a\u00f1os, permanente o ciudadano, podr\u00e1n aplicar por la solicitud de \u00e9sta Visa de Residencia en calidad de dependientes. Los hijos mayores de 18 a\u00f1os, pero menores de 25, podr\u00e1n solicitar \u00e9sta Visa como dependientes, siempre que demuestren que se encuentran cursando estudios a tiempo completo y que se encuentran bajo dependencia econ\u00f3mica del residente o ciudadano paname\u00f1o. El residente o ciudadano que muestre la tutela o relaci\u00f3n sobre una persona menor de edad, podr\u00e1 solicitarlo c\u00f3mo su dependiente.<\/p>\n<p>Adicional a los requerimientos b\u00e1sicos establecidos en el Art\u00edculo 28 del Decreto Ley No. 3 del 22 de Febrero de 2008, el solicitante deber\u00e1 entregar los siguientes documentos:<\/p>\n<ul>\n<li>Carta de responsabilidad del residente o ciudadano.<\/li>\n<li>Constancia de relaci\u00f3n: Certificado de Matrimonio, o Certificado de Nacimiento de los hijos o la constancia judicial de tutela, si ese fuera el caso.<\/li>\n<li>El solicitante mayor de edad pero menor de 25 a\u00f1os, deber\u00e1 entregar lo siguiente:\n<ul>\n<li>Certificaci\u00f3n de un Centro Educativo que acredite su condici\u00f3n de estudiante a tiempo completo y de forma regular.<\/li>\n<li>Constancia de solter\u00eda.<\/li>\n<\/ul>\n<\/li>\n<li>Prueba de que el residente o cuenta con la suficiente solvencia econ\u00f3mica. Para demostrar su solvencia, deber\u00e1 entregar lo siguiente:\n<ul>\n<li>Copia de la Declaraci\u00f3n de Impuestos con su Paz y Salvo, y \u00e9sta debe cumplirse con un ingreso m\u00ednimo mensual de Un mil ($1000) D\u00f3lares Americanos, m\u00e1s Cien ($100) D\u00f3lares Americanos por cada dependiente.<\/li>\n<li>Carta de trabajo y constancia de inscripci\u00f3n en la Caja del Seguro Social y copia del permiso de trabajo.<\/li>\n<li>Carta de Referencia Bancaria que refleje un saldo promedio de cuatro cifras.<\/li>\n<\/ul>\n<\/li>\n<\/ul>\n<p>En caso de requerir la extensi\u00f3n de la Visa de Residencia en calidad de Dependiente, el solicitante deber\u00e1 entregar los documentos mencionados en los numerales descritos anteriormente.<\/p>\n<p>Si Usted est\u00e1 interesado en <a href=\"https:\/\/www.relofirm.com\/es\/immigration_visas\">los\u00a0requisitos para solicitar residencia en Panama<\/a>, por favor cont\u00e1ctenos y gustosamente le brindaremos una atenci\u00f3n personalizada en las oficinas de International Relocation Firm para asistirlo en su tr\u00e1mite, o si lo prefiere, podr\u00e1 consultar nuestras tarifas en el servicio de tramitaci\u00f3n de la Visa de Residencia por Reagrupaci\u00f3n Familiar.<\/p>\n<hr \/>\n","protected":false},"excerpt":{"rendered":"<p>International Relocation Firm puede ayudarlo en el tr\u00e1mite de solicitud de Visa de Residencia de Reagrupaci\u00f3n Familiar en Panam\u00e1. Panam\u00e1 le ofrece 2 modalidades para optar a \u00e9sta Visa. 1. VISA PARA CASADO CON UN PANAME\u00d1O Los extranjeros que hayan contra\u00eddo matrimonio con un ciudadano Paname\u00f1o, y que conviven en condiciones de singularidad, estabilidad y [&hellip;]<\/p>\n","protected":false},"author":10,"featured_media":0,"parent":0,"menu_order":0,"comment_status":"closed","ping_status":"closed","template":"","meta":{"_et_pb_use_builder":"","_et_pb_old_content":"","_et_gb_content_width":"","inline_featured_image":false},"yoast_head":"<!-- This site is optimized with the Yoast SEO plugin v18.5.1 - https:\/\/yoast.com\/wordpress\/plugins\/seo\/ -->\n<title>Visas de Panam\u00e1 de Residencia de Reagrupaci\u00f3n Familiar<\/title>\n<meta name=\"description\" content=\"Panama Offshore Legals Services puede ayudarle con la solicitud para migraci\u00f3n a Panam\u00e1 con una visa de de Reagrupaci\u00f3n Familiar en Panam\u00e1.\" \/>\n<meta name=\"robots\" content=\"index, follow, max-snippet:-1, max-image-preview:large, max-video-preview:-1\" \/>\n<link rel=\"canonical\" href=\"https:\/\/www.relofirm.com\/es\/visas-de-residencia-permanente-de-reagrupacion-familiar-en-panama\/\" \/>\n<meta property=\"og:locale\" content=\"es_ES\" \/>\n<meta property=\"og:type\" content=\"article\" \/>\n<meta property=\"og:title\" content=\"Visas de Panam\u00e1 de Residencia de Reagrupaci\u00f3n Familiar\" \/>\n<meta property=\"og:description\" content=\"Panama Offshore Legals Services puede ayudarle con la solicitud para migraci\u00f3n a Panam\u00e1 con una visa de de Reagrupaci\u00f3n Familiar en Panam\u00e1.\" \/>\n<meta property=\"og:url\" content=\"https:\/\/www.relofirm.com\/es\/visas-de-residencia-permanente-de-reagrupacion-familiar-en-panama\/\" \/>\n<meta property=\"og:site_name\" content=\"International Relocation Firm\" \/>\n<meta property=\"article:publisher\" content=\"https:\/\/www.facebook.com\/ReloFirm\/\" \/>\n<meta property=\"article:modified_time\" content=\"2020-09-25T05:42:19+00:00\" \/>\n<meta name=\"twitter:label1\" content=\"Tiempo de lectura\" \/>\n\t<meta name=\"twitter:data1\" content=\"5 minutos\" \/>\n<!-- \/ Yoast SEO plugin. -->","yoast_head_json":{"title":"Visas de Panam\u00e1 de Residencia de Reagrupaci\u00f3n Familiar","description":"Panama Offshore Legals Services puede ayudarle con la solicitud para migraci\u00f3n a Panam\u00e1 con una visa de de Reagrupaci\u00f3n Familiar en Panam\u00e1.","robots":{"index":"index","follow":"follow","max-snippet":"max-snippet:-1","max-image-preview":"max-image-preview:large","max-video-preview":"max-video-preview:-1"},"canonical":"https:\/\/www.relofirm.com\/es\/visas-de-residencia-permanente-de-reagrupacion-familiar-en-panama\/","og_locale":"es_ES","og_type":"article","og_title":"Visas de Panam\u00e1 de Residencia de Reagrupaci\u00f3n Familiar","og_description":"Panama Offshore Legals Services puede ayudarle con la solicitud para migraci\u00f3n a Panam\u00e1 con una visa de de Reagrupaci\u00f3n Familiar en Panam\u00e1.","og_url":"https:\/\/www.relofirm.com\/es\/visas-de-residencia-permanente-de-reagrupacion-familiar-en-panama\/","og_site_name":"International Relocation Firm","article_publisher":"https:\/\/www.facebook.com\/ReloFirm\/","article_modified_time":"2020-09-25T05:42:19+00:00","twitter_misc":{"Tiempo de lectura":"5 minutos"},"schema":{"@context":"https:\/\/schema.org","@graph":[{"@type":"Organization","@id":"https:\/\/www.relofirm.com\/#organization","name":"International Relocation Firm","url":"https:\/\/www.relofirm.com\/","sameAs":["https:\/\/www.facebook.com\/ReloFirm\/","https:\/\/www.linkedin.com\/company\/relo-firm","https:\/\/twitter.com\/polslegal"],"logo":{"@type":"ImageObject","@id":"https:\/\/www.relofirm.com\/#logo","inLanguage":"es","url":"https:\/\/www.relofirm.com\/wp-content\/uploads\/2021\/11\/relofirm-logo.svg","contentUrl":"https:\/\/www.relofirm.com\/wp-content\/uploads\/2021\/11\/relofirm-logo.svg","width":1485,"height":516,"caption":"International Relocation Firm"},"image":{"@id":"https:\/\/www.relofirm.com\/#logo"}},{"@type":"WebSite","@id":"https:\/\/www.relofirm.com\/#website","url":"https:\/\/www.relofirm.com\/","name":"International Relocation Firm","description":"","publisher":{"@id":"https:\/\/www.relofirm.com\/#organization"},"potentialAction":[{"@type":"SearchAction","target":{"@type":"EntryPoint","urlTemplate":"https:\/\/www.relofirm.com\/?s={search_term_string}"},"query-input":"required name=search_term_string"}],"inLanguage":"es"},{"@type":"WebPage","@id":"https:\/\/www.relofirm.com\/es\/visas-de-residencia-permanente-de-reagrupacion-familiar-en-panama\/#webpage","url":"https:\/\/www.relofirm.com\/es\/visas-de-residencia-permanente-de-reagrupacion-familiar-en-panama\/","name":"Visas de Panam\u00e1 de Residencia de Reagrupaci\u00f3n Familiar","isPartOf":{"@id":"https:\/\/www.relofirm.com\/#website"},"datePublished":"2010-12-13T05:00:00+00:00","dateModified":"2020-09-25T05:42:19+00:00","description":"Panama Offshore Legals Services puede ayudarle con la solicitud para migraci\u00f3n a Panam\u00e1 con una visa de de Reagrupaci\u00f3n Familiar en Panam\u00e1.","breadcrumb":{"@id":"https:\/\/www.relofirm.com\/es\/visas-de-residencia-permanente-de-reagrupacion-familiar-en-panama\/#breadcrumb"},"inLanguage":"es","potentialAction":[{"@type":"ReadAction","target":["https:\/\/www.relofirm.com\/es\/visas-de-residencia-permanente-de-reagrupacion-familiar-en-panama\/"]}]},{"@type":"BreadcrumbList","@id":"https:\/\/www.relofirm.com\/es\/visas-de-residencia-permanente-de-reagrupacion-familiar-en-panama\/#breadcrumb","itemListElement":[{"@type":"ListItem","position":1,"name":"Home","item":"https:\/\/www.relofirm.com\/es\/"},{"@type":"ListItem","position":2,"name":"Visas de Residencia Permanente de Reagrupaci\u00f3n Familiar en Panam\u00e1"}]}]}},"_links":{"self":[{"href":"https:\/\/www.relofirm.com\/es\/wp-json\/wp\/v2\/pages\/7096"}],"collection":[{"href":"https:\/\/www.relofirm.com\/es\/wp-json\/wp\/v2\/pages"}],"about":[{"href":"https:\/\/www.relofirm.com\/es\/wp-json\/wp\/v2\/types\/page"}],"author":[{"embeddable":true,"href":"https:\/\/www.relofirm.com\/es\/wp-json\/wp\/v2\/users\/10"}],"replies":[{"embeddable":true,"href":"https:\/\/www.relofirm.com\/es\/wp-json\/wp\/v2\/comments?post=7096"}],"version-history":[{"count":1,"href":"https:\/\/www.relofirm.com\/es\/wp-json\/wp\/v2\/pages\/7096\/revisions"}],"predecessor-version":[{"id":8042,"href":"https:\/\/www.relofirm.com\/es\/wp-json\/wp\/v2\/pages\/7096\/revisions\/8042"}],"wp:attachment":[{"href":"https:\/\/www.relofirm.com\/es\/wp-json\/wp\/v2\/media?parent=7096"}],"curies":[{"name":"wp","href":"https:\/\/api.w.org\/{rel}","templated":true}]}}