{"id":7095,"date":"2010-12-13T00:00:00","date_gmt":"2010-12-13T05:00:00","guid":{"rendered":"https:\/\/relofirm.com\/special_policies_visas\/"},"modified":"2020-01-22T10:41:23","modified_gmt":"2020-01-22T15:41:23","slug":"visas-por-politicas-especiales-en-panama","status":"publish","type":"page","link":"https:\/\/www.relofirm.com\/es\/visas-por-politicas-especiales-en-panama\/","title":{"rendered":"Visas por Pol\u00edticas Especiales en Panam\u00e1"},"content":{"rendered":"<div class=\"menu-immigration-en-container\"><ul id=\"menu-immigration-en\" class=\"menu\"><li id=\"menu-item-7642\" class=\"menu-item menu-item-type-post_type menu-item-object-page menu-item-has-children menu-item-7642\"><a href=\"https:\/\/www.relofirm.com\/es\/visas-para-panama-panama-inmigracion\/\">Visas para Panam\u00e1: Panam\u00e1 Inmigraci\u00f3n<\/a>\n<ul class=\"sub-menu\">\n\t<li id=\"menu-item-7643\" class=\"menu-item menu-item-type-post_type menu-item-object-page menu-item-7643\"><a href=\"https:\/\/www.relofirm.com\/es\/como-obtener-residencia-permanente-en-panama\/\">Como Obtener Residencia Permanente en Panam\u00e1<\/a><\/li>\n\t<li id=\"menu-item-237536\" class=\"menu-item menu-item-type-post_type menu-item-object-page menu-item-237536\"><a href=\"https:\/\/www.relofirm.com\/es\/visas-para-panama-panama-inmigracion\/naturalizacion\/\">Naturalizaci\u00f3n en Panam\u00e1<\/a><\/li>\n\t<li id=\"menu-item-7644\" class=\"menu-item menu-item-type-post_type menu-item-object-page menu-item-7644\"><a href=\"https:\/\/www.relofirm.com\/es\/visas-de-paises-amigos-de-panama\/\">Visas de Paises Amigos de Panama<\/a><\/li>\n\t<li id=\"menu-item-7645\" class=\"menu-item menu-item-type-post_type menu-item-object-page menu-item-7645\"><a href=\"https:\/\/www.relofirm.com\/es\/visas-de-pensionado-en-panama-visa-jubilados\/\">Visa de Pensionado en Panam\u00e1 (Visa Jubilados)<\/a><\/li>\n\t<li id=\"menu-item-10943\" class=\"menu-item menu-item-type-post_type menu-item-object-page menu-item-10943\"><a href=\"https:\/\/www.relofirm.com\/es\/residente-permanente-en-calidad-de-inversionista-calificado\/\">Residente Permanente en Calidad de Inversionista Calificado<\/a><\/li>\n\t<li id=\"menu-item-7646\" class=\"menu-item menu-item-type-post_type menu-item-object-page menu-item-7646\"><a href=\"https:\/\/www.relofirm.com\/es\/visa-de-auto-solvencia-economica-en-panama\/\">Visa de Auto Solvencia Econ\u00f3mica en Panama<\/a><\/li>\n\t<li id=\"menu-item-7647\" class=\"menu-item menu-item-type-post_type menu-item-object-page menu-item-7647\"><a href=\"https:\/\/www.relofirm.com\/es\/visa-de-reforestacion\/\">Visa de Reforestaci\u00f3n<\/a><\/li>\n\t<li id=\"menu-item-7648\" class=\"menu-item menu-item-type-post_type menu-item-object-page menu-item-7648\"><a href=\"https:\/\/www.relofirm.com\/es\/programa-de-inversionista-agricola\/\">Programa de Inversionista Agr\u00edcola<\/a><\/li>\n\t<li id=\"menu-item-7649\" class=\"menu-item menu-item-type-post_type menu-item-object-page menu-item-7649\"><a href=\"https:\/\/www.relofirm.com\/es\/programa-de-inversionista-en-zona-procesadora-libre-de-impuestos\/\">Programa de Inversionista en Zona Procesadora Libre de Impuestos<\/a><\/li>\n\t<li id=\"menu-item-7650\" class=\"menu-item menu-item-type-post_type menu-item-object-page menu-item-7650\"><a href=\"https:\/\/www.relofirm.com\/es\/visa-de-trabajo-para-la-ciudad-del-saber\/\">Visa de Trabajo para la Ciudad del Saber<\/a><\/li>\n\t<li id=\"menu-item-7651\" class=\"menu-item menu-item-type-post_type menu-item-object-page menu-item-7651\"><a href=\"https:\/\/www.relofirm.com\/es\/visa-de-misionero\/\">Visa de Misionero<\/a><\/li>\n\t<li id=\"menu-item-7652\" class=\"menu-item menu-item-type-post_type menu-item-object-page menu-item-7652\"><a href=\"https:\/\/www.relofirm.com\/es\/visa-de-estudiante-panama\/\">Visa de Estudiante Panama<\/a><\/li>\n\t<li id=\"menu-item-7653\" class=\"menu-item menu-item-type-post_type menu-item-object-page menu-item-7653\"><a href=\"https:\/\/www.relofirm.com\/es\/inmigracion-panamena-visa-de-multiples-entradas-y-salidas\/\">Inmigracion Panamena Visa de M\u00faltiples Entradas y Salidas<\/a><\/li>\n\t<li id=\"menu-item-7654\" class=\"menu-item menu-item-type-post_type menu-item-object-page menu-item-7654\"><a href=\"https:\/\/www.relofirm.com\/es\/visa-de-turista-en-panama\/\">Visa de Turista en Panam\u00e1<\/a><\/li>\n\t<li id=\"menu-item-7655\" class=\"menu-item menu-item-type-post_type menu-item-object-page menu-item-7655\"><a href=\"https:\/\/www.relofirm.com\/es\/autorizacion-de-visa-de-turista-en-panama\/\">Autorizacion de visa de Turista en Panama<\/a><\/li>\n\t<li id=\"menu-item-7656\" class=\"menu-item menu-item-type-post_type menu-item-object-page menu-item-7656\"><a href=\"https:\/\/www.relofirm.com\/es\/visa-de-marino-en-panama\/\">Visa de Marino en Panama<\/a><\/li>\n\t<li id=\"menu-item-7657\" class=\"menu-item menu-item-type-post_type menu-item-object-page menu-item-7657\"><a href=\"https:\/\/www.relofirm.com\/es\/visa-de-trabajadores-especialistas-en-panama\/\">Visa de Trabajadores Especialistas en Panama<\/a><\/li>\n\t<li id=\"menu-item-7658\" class=\"menu-item menu-item-type-post_type menu-item-object-page menu-item-7658\"><a href=\"https:\/\/www.relofirm.com\/es\/visa-de-residencia-en-panama-para-ciudadanos-italianos\/\">Visa de Residencia en Panama para Ciudadanos Italianos<\/a><\/li>\n\t<li id=\"menu-item-7659\" class=\"menu-item menu-item-type-post_type menu-item-object-page menu-item-7659\"><a href=\"https:\/\/www.relofirm.com\/es\/visa-para-trabajadores-eventuales-en-la-cultura-deporte-o-educacion\/\">Visa para Trabajadores Eventuales en la Cultura, Deporte o Educacion<\/a><\/li>\n\t<li id=\"menu-item-7660\" class=\"menu-item menu-item-type-post_type menu-item-object-page menu-item-7660\"><a href=\"https:\/\/www.relofirm.com\/es\/visa-de-trabajadores-domesticos-en-panama\/\">Visa de Trabajadores Dom\u00e9sticos en Panam\u00e1<\/a><\/li>\n\t<li id=\"menu-item-7661\" class=\"menu-item menu-item-type-post_type menu-item-object-page menu-item-7661\"><a href=\"https:\/\/www.relofirm.com\/es\/visas-de-corta-estancia-en-panama\/\">Visas de Corta Estancia en Panama<\/a><\/li>\n\t<li id=\"menu-item-7662\" class=\"menu-item menu-item-type-post_type menu-item-object-page menu-item-7662\"><a href=\"https:\/\/www.relofirm.com\/es\/visa-de-pasajeros-y-tripulantes-de-naves-con-fines-de-recreo-o-turismo-en-panama\/\">Visa de Pasajeros y Tripulantes de Naves con Fines de Recreo o Turismo en Panam\u00e1<\/a><\/li>\n\t<li id=\"menu-item-7663\" class=\"menu-item menu-item-type-post_type menu-item-object-page menu-item-7663\"><a href=\"https:\/\/www.relofirm.com\/es\/visa-de-trabajo-en-panama-para-residencia-temporal\/\">Visa de Trabajo en Panama para Residencia Temporal<\/a><\/li>\n\t<li id=\"menu-item-7664\" class=\"menu-item menu-item-type-post_type menu-item-object-page menu-item-7664\"><a href=\"https:\/\/www.relofirm.com\/es\/visas-de-residencia-temporal-en-panama-por-razones-especiales\/\">Visas de Residencia Temporal en Panama por Razones Especiales<\/a><\/li>\n\t<li id=\"menu-item-7665\" class=\"menu-item menu-item-type-post_type menu-item-object-page menu-item-7665\"><a href=\"https:\/\/www.relofirm.com\/es\/permisos-temporales-por-razones-humanitarias-en-panama\/\">Permisos Temporales por Razones Humanitarias en Panam\u00e1<\/a><\/li>\n\t<li id=\"menu-item-7666\" class=\"menu-item menu-item-type-post_type menu-item-object-page menu-item-7666\"><a href=\"https:\/\/www.relofirm.com\/es\/visas-por-politicas-especiales-en-panama\/\">Visas por Pol\u00edticas Especiales en Panam\u00e1<\/a><\/li>\n\t<li id=\"menu-item-7667\" class=\"menu-item menu-item-type-post_type menu-item-object-page menu-item-7667\"><a href=\"https:\/\/www.relofirm.com\/es\/visas-de-residencia-permanente-de-reagrupacion-familiar-en-panama\/\">Visas de Residencia Permanente de Reagrupaci\u00f3n Familiar en Panam\u00e1<\/a><\/li>\n\t<li id=\"menu-item-7668\" class=\"menu-item menu-item-type-post_type menu-item-object-page menu-item-7668\"><a href=\"https:\/\/www.relofirm.com\/es\/visas-para-extranjeros-bajo-proteccion-del-estado-refugiados\/\">Visas para Extranjeros Bajo Protecci\u00f3n del Estado (Refugiados)<\/a><\/li>\n\t<li id=\"menu-item-7669\" class=\"menu-item menu-item-type-post_type menu-item-object-page menu-item-7669\"><a href=\"https:\/\/www.relofirm.com\/es\/cambio-del-estatus-migratorio-de-panama\/\">Cambio del Estatus Migratorio de Panama<\/a><\/li>\n\t<li id=\"menu-item-7670\" class=\"menu-item menu-item-type-post_type menu-item-object-page menu-item-7670\"><a href=\"https:\/\/www.relofirm.com\/es\/control-migratorio-de-panama\/\">Control Migratorio de Panam\u00e1<\/a><\/li>\n\t<li id=\"menu-item-7672\" class=\"menu-item menu-item-type-post_type menu-item-object-page menu-item-7672\"><a href=\"https:\/\/www.relofirm.com\/es\/introduccion-de-mascotas-a-panama\/\">Introducci\u00f3n de Mascotas a Panam\u00e1<\/a><\/li>\n\t<li id=\"menu-item-7673\" class=\"menu-item menu-item-type-post_type menu-item-object-page menu-item-7673\"><a href=\"https:\/\/www.relofirm.com\/es\/verificacion-de-antecedentes-penales-en-panama\/\">Verificacion de Antecedentes Penales en Panama<\/a><\/li>\n\t<li id=\"menu-item-7674\" class=\"menu-item menu-item-type-post_type menu-item-object-page menu-item-7674\"><a href=\"https:\/\/www.relofirm.com\/es\/los-padres-de-ninos-nacidos-en-panama-podran-convertirse-en-residentes-permanentes\/\">Los Padres de Ninos Nacidos en Panama Podran Convertirse en Residentes Permanentes<\/a><\/li>\n\t<li id=\"menu-item-7675\" class=\"menu-item menu-item-type-post_type menu-item-object-page menu-item-7675\"><a href=\"https:\/\/www.relofirm.com\/es\/como-obetener-un-certificado-de-nacimiento-defuncion\/\">Certificado de Nacimiento o de Defuncion de Personas Nacidas en el Area del Canal<\/a><\/li>\n<\/ul>\n<\/li>\n<\/ul><\/div>\n<hr \/>\n<p>International Relocation Firm podr\u00e1 asistirle y ayudarle en la tramitaci\u00f3n y solicitud de la Visa de Residencia Temporal por Pol\u00edticas Especiales.<\/p>\n<p><strong>El Gobierno de Panam\u00e1 ha creado 4 Visas de Pol\u00edticas Especiales<\/strong>, las cuales nos permitimos explicar a continuaci\u00f3n:<\/p>\n<h2>1. INVERSIONISTA EN EL AREA ECONOMICA ESPECIAL DE PANAMA-PACIFICO<\/h2>\n<p>Los inversionistas que decidan llevar a cabo una inversi\u00f3n m\u00ednima de Doscientos cincuenta mil (250.000) D\u00f3lares Americanos en capital de riesgo en empresas ubicadas en el Area Econ\u00f3mica Especial de Panam\u00e1-Pac\u00edfico podr\u00e1n aplicar por la solicitud de una Visa de Residencia Temporal por Pol\u00edticas Especiales.<\/p>\n<p>Adicional a los requerimientos b\u00e1sicos establecidos en el Art\u00edculo 28 del Decreto Ley No. 3 del 22 de Febrero de 2008, el solicitante deber\u00e1 entregar los siguientes documentos:<\/p>\n<ul>\n<li>Certificaci\u00f3n emitida por la Agencia Especial de Panam\u00e1-Pac\u00edfico verificando lo siguiente:\n<ul>\n<li>La existencia de la empresa y su localizaci\u00f3n exacta.<\/li>\n<li>Paz y Salvo con la Agencia.<\/li>\n<li>Que la empresa se encuentra autorizada de acuerdo a lo establecido por la Ley N\u00famero 41 del a\u00f1o 2004.<\/li>\n<\/ul>\n<\/li>\n<li>Certificaci\u00f3n emitida por el tesorero o secretario de la empresa verificando la propiedad de las acciones nominativas a favor del extranjero y que ellas se encuentran libres y completas.<\/li>\n<li>Certificaci\u00f3n emitida por el Contador P\u00fablico Autorizado de la empresa del \u00c1rea Econ\u00f3mica Especial de Panam\u00e1-Pac\u00edfico, en la cual la suma total invertida en la empresa por el solicitante se encuentra verificada y que el capital invertido por el solicitante es propio.<\/li>\n<li>Copia del Certificado de Acciones emitido a favor del solicitante.<\/li>\n<li>Paz y Salvo Nacional de los ingresos a favor del solicitante.<\/li>\n<li>Copias autenticadas de los formularios de la Caja del Seguro Social de la empresa, con un m\u00ednimo de tres (3) empleados paname\u00f1os, percibiendo al menos el salario m\u00ednimo establecido por la Ley para esa zona.<\/li>\n<li>Paz y Salvo de la Caja del Seguro Social si la empresa ha estado abierta por m\u00e1s de dos (2) meses.<\/li>\n<li>Carta emitida por el Banco, mostrando que los fondos invertidos por el extranjero provienen del exterior.<\/li>\n<li>La prueba de la inversi\u00f3n realizada debe comprobarse a trav\u00e9s de la consignaci\u00f3n de los siguientes documentos:\n<ul>\n<li>Copia del contrato de venta o arrendamiento debidamente registrado donde el negocio opera o tiene su sede.<\/li>\n<li>Factura comercial de los gastos incurridos por el inversionista en el negocio, acompa\u00f1ado de un inventario detallado realizado por el Contador P\u00fablico Autorizado<\/li>\n<li>Declaraciones aduaneras de los bienes de origen importado adquiridos a nombre de la empresa o del inversionista.<\/li>\n<\/ul>\n<\/li>\n<li>Copia de la resoluci\u00f3n de inscripci\u00f3n de la empresa en el Registro de Compa\u00f1\u00edas del \u00c1rea de Panam\u00e1 Pac\u00edfico.<\/li>\n<\/ul>\n<p>En caso de requerir una extensi\u00f3n de la Visa de Residencia Temporal, adem\u00e1s de los requisitos mencionados anteriormente, el solicitante deber\u00e1 entregar:<\/p>\n<ul>\n<li>Paz y Salvo Nacional de los ingresos de la empresa y del solicitante.<\/li>\n<\/ul>\n<h2>2. PARA INVERSIONISTAS EN LAS ZONAS PROCESADORAS DE ALIMENTOS PARA LA EXPORTACION.<\/h2>\n<p>Los extranjeros que decidan invertir una suma m\u00ednima de Doscientos cincuenta mil (250.000) D\u00f3lares Americanos en una empresa debidamente autorizada, como en una empresa promotora u operadora en la Zona de Procesadora de Alimentos para la Exportaci\u00f3n, o en un negocio establecido dentro de \u00e9stas \u00e1reas, de acuerdo a lo establecido en la Ley 25 del a\u00f1o 1992, podr\u00e1 optar a la solicitud de una Visa de Residencia Temporal por Pol\u00edticas Especiales.<\/p>\n<p>Adicional a los requerimientos b\u00e1sicos establecidos en el Art\u00edculo 28 del Decreto Ley No. 3 del 22 de Febrero de 2008, el solicitante deber\u00e1 entregar los siguientes documentos:<\/p>\n<ul>\n<li>Certificaci\u00f3n de la Inversi\u00f3n realizada en Panam\u00e1, emitida por la Direcci\u00f3n Nacional de Promoci\u00f3n de Exportaciones del Ministerio de Comercio e Industrias.<\/li>\n<li>Certificaci\u00f3n emitida por el promotor, haciendo constar la necesidad del permiso de acuerdo a lo establecido en el estudio presentado por la empresa.<\/li>\n<li>Carta emitida por el Banco en la que se certifique el origen de los fondos invertidos.<\/li>\n<\/ul>\n<p>Para solicitar una extensi\u00f3n de la Visa, adicional a los requisitos mencionados anteriormente, el solicitante deber\u00e1 entregar:<\/p>\n<ul>\n<li>Paz y Salvo Nacional de la empresa y del solicitante.<\/li>\n<\/ul>\n<h2>3. PARA INVERSIONISTAS DE CENTROS DE LLAMADAS CON FINES COMERCIALES EN PANAMA.<\/h2>\n<p>Los extranjeros que deseen invertir en negocios cuya actividad sea ofrecer servicios de Centros de Llamadas en Panam\u00e1 con fines comerciales, podr\u00e1 aplicar a la solicitud de una Visa de Residencia Temporal por Pol\u00edticas Especiales. Al igual que lo establece el Decreto Ejecutivo 97 del a\u00f1o 2002, deber\u00e1n cumplir con los mismos requerimientos para optar al permiso de residencia, como lo hacen los inversionistas que deciden participar en las Zonas de Procesadoras de Alimentos para la Exportaci\u00f3n.<\/p>\n<p>Adicional a los requerimientos b\u00e1sicos establecidos en el Art\u00edculo 28 del Decreto Ley No. 3 del 22 de Febrero de 2008, el solicitante deber\u00e1 entregar la siguiente documentaci\u00f3n:<\/p>\n<ul>\n<li>Certificaci\u00f3n de la Inversi\u00f3n realizada en Panam\u00e1, emitida por la Direcci\u00f3n Nacional de Promoci\u00f3n de Exportaciones del Ministerio de Comercio e Industrias.<\/li>\n<li>Certificaci\u00f3n emitida por la Autoridad de Servicios P\u00fablicos, haciendo constar que la empresa posee licencia y en la actualidad presta los servicios de un Centro de Llamadas.<\/li>\n<li>Carta emitida por un Banco donde se especifique el origen de los fondos.<\/li>\n<\/ul>\n<p>Si desea aplicar por na extensi\u00f3n de la Visa, adicional a los requerimientos establecidos anteriormente, el solicitante deber\u00e1 entregar:<\/p>\n<ul>\n<li>Paz y Salvo Nacional de los ingresos a favor de la empresa y del solicitante.<\/li>\n<\/ul>\n<h2>4. PARA INVERSIONISTAS EN LA INDUSTRIA CINEMATOGRAFICA Y AUDIOVISUAL<\/h2>\n<p>Los extranjeros que decidan invertir en la Industria Cinematogr\u00e1fica y Audiovisual un m\u00ednimo de Ciento cincuenta mil ($150.000) D\u00f3lares Americanos, podr\u00e1 aplicar a la solicitud de la Visa de Residencia Temporal por Pol\u00edticas Especiales en Panam\u00e1.<\/p>\n<p>Adicional a los requerimientos b\u00e1sicos establecidos en el Art\u00edculo 28 del Decreto Ley No. 3 del 22 de Febrero de 2008, el solicitante deber\u00e1 entregar los siguientes documentos:<\/p>\n<ul>\n<li>Certificaci\u00f3n emitida por la Oficina T\u00e9cnica de la Secretar\u00eda de la Comisi\u00f3n de Cine de Panam\u00e1 verificando lo siguiente:\n<ul>\n<li>Que la empresa existe y su localizaci\u00f3n exacta.<\/li>\n<li>Que la empresa se encuentra debidamente autorizada bajo el r\u00e9gimen especial establecido en la Ley 36 del a\u00f1o 2007.<\/li>\n<\/ul>\n<\/li>\n<li>Carta emitida por un Banco haciendo constar que los fondos del solicitante extranjero inversionista en Panam\u00e1 provienen del exterior de la Rep\u00fablica.<\/li>\n<li>Constancia de la inversi\u00f3n realizada en Panam\u00e1, la cual deber\u00e1 comprobarse a partir de la entrega de al menos dos (2) de los siguientes documentos:\n<ul>\n<li>Copia del Documento de Propiedad o del Contrato de Arrendamiento del local donde opera o tiene su sede la empresa.<\/li>\n<li>Factura comercial de los gastos incurridos por el inversionista en el negocio, acompa\u00f1ado de un inventario detallado realizado por el Contador P\u00fablico Autorizado<\/li>\n<li>Declaraciones aduaneras de los bienes de origen importado adquiridos a nombre de la empresa o del inversionista.<\/li>\n<\/ul>\n<\/li>\n<\/ul>\n<p>En caso de requerir una extensi\u00f3n de la Visa, adem\u00e1s de los requisitos mencionados anteriormente, el solicitante deber\u00e1 entregar:<\/p>\n<ul>\n<li>Paz y Salvo Nacional de los ingresos de la empresa y del solicitante.<\/li>\n<\/ul>\n<p>Si Usted est\u00e1 interesado en\u00a0<a href=\"https:\/\/www.relofirm.com\/es\/immigration_visas\">tramites para vivir en Panama<\/a>, por favor cont\u00e1ctenos y gustosamente le brindaremos una atenci\u00f3n personalizada en las oficinas de International Relocation Firm para asistirlo en su tr\u00e1mite, o si lo prefiere, podr\u00e1 consultar nuestras tarifas en el servicio de tramitaci\u00f3n de la Visa de Residencia Temporal como Inversionista por Pol\u00edticas Especiales.<\/p>\n<hr \/>\n","protected":false},"excerpt":{"rendered":"<p>International Relocation Firm podr\u00e1 asistirle y ayudarle en la tramitaci\u00f3n y solicitud de la Visa de Residencia Temporal por Pol\u00edticas Especiales. El Gobierno de Panam\u00e1 ha creado 4 Visas de Pol\u00edticas Especiales, las cuales nos permitimos explicar a continuaci\u00f3n: 1. INVERSIONISTA EN EL AREA ECONOMICA ESPECIAL DE PANAMA-PACIFICO Los inversionistas que decidan llevar a cabo [&hellip;]<\/p>\n","protected":false},"author":10,"featured_media":0,"parent":0,"menu_order":0,"comment_status":"closed","ping_status":"closed","template":"","meta":{"_et_pb_use_builder":"","_et_pb_old_content":"","_et_gb_content_width":"","inline_featured_image":false},"yoast_head":"<!-- This site is optimized with the Yoast SEO plugin v18.5.1 - https:\/\/yoast.com\/wordpress\/plugins\/seo\/ -->\n<title>Visas por Pol\u00edticas Especiales en Panam\u00e1 - International Relocation Firm<\/title>\n<meta name=\"robots\" content=\"index, follow, max-snippet:-1, max-image-preview:large, max-video-preview:-1\" \/>\n<link rel=\"canonical\" href=\"https:\/\/www.relofirm.com\/es\/visas-por-politicas-especiales-en-panama\/\" \/>\n<meta property=\"og:locale\" content=\"es_ES\" \/>\n<meta property=\"og:type\" content=\"article\" \/>\n<meta property=\"og:title\" content=\"Visas por Pol\u00edticas Especiales en Panam\u00e1 - International Relocation Firm\" \/>\n<meta property=\"og:description\" content=\"International Relocation Firm podr\u00e1 asistirle y ayudarle en la tramitaci\u00f3n y solicitud de la Visa de Residencia Temporal por Pol\u00edticas Especiales. El Gobierno de Panam\u00e1 ha creado 4 Visas de Pol\u00edticas Especiales, las cuales nos permitimos explicar a continuaci\u00f3n: 1. INVERSIONISTA EN EL AREA ECONOMICA ESPECIAL DE PANAMA-PACIFICO Los inversionistas que decidan llevar a cabo [&hellip;]\" \/>\n<meta property=\"og:url\" content=\"https:\/\/www.relofirm.com\/es\/visas-por-politicas-especiales-en-panama\/\" \/>\n<meta property=\"og:site_name\" content=\"International Relocation Firm\" \/>\n<meta property=\"article:publisher\" content=\"https:\/\/www.facebook.com\/ReloFirm\/\" \/>\n<meta property=\"article:modified_time\" content=\"2020-01-22T15:41:23+00:00\" \/>\n<meta name=\"twitter:label1\" content=\"Tiempo de lectura\" \/>\n\t<meta name=\"twitter:data1\" content=\"6 minutos\" \/>\n<!-- \/ Yoast SEO plugin. -->","yoast_head_json":{"title":"Visas por Pol\u00edticas Especiales en Panam\u00e1 - International Relocation Firm","robots":{"index":"index","follow":"follow","max-snippet":"max-snippet:-1","max-image-preview":"max-image-preview:large","max-video-preview":"max-video-preview:-1"},"canonical":"https:\/\/www.relofirm.com\/es\/visas-por-politicas-especiales-en-panama\/","og_locale":"es_ES","og_type":"article","og_title":"Visas por Pol\u00edticas Especiales en Panam\u00e1 - International Relocation Firm","og_description":"International Relocation Firm podr\u00e1 asistirle y ayudarle en la tramitaci\u00f3n y solicitud de la Visa de Residencia Temporal por Pol\u00edticas Especiales. El Gobierno de Panam\u00e1 ha creado 4 Visas de Pol\u00edticas Especiales, las cuales nos permitimos explicar a continuaci\u00f3n: 1. INVERSIONISTA EN EL AREA ECONOMICA ESPECIAL DE PANAMA-PACIFICO Los inversionistas que decidan llevar a cabo [&hellip;]","og_url":"https:\/\/www.relofirm.com\/es\/visas-por-politicas-especiales-en-panama\/","og_site_name":"International Relocation Firm","article_publisher":"https:\/\/www.facebook.com\/ReloFirm\/","article_modified_time":"2020-01-22T15:41:23+00:00","twitter_misc":{"Tiempo de lectura":"6 minutos"},"schema":{"@context":"https:\/\/schema.org","@graph":[{"@type":"Organization","@id":"https:\/\/www.relofirm.com\/#organization","name":"International Relocation Firm","url":"https:\/\/www.relofirm.com\/","sameAs":["https:\/\/www.facebook.com\/ReloFirm\/","https:\/\/www.linkedin.com\/company\/relo-firm","https:\/\/twitter.com\/polslegal"],"logo":{"@type":"ImageObject","@id":"https:\/\/www.relofirm.com\/#logo","inLanguage":"es","url":"https:\/\/www.relofirm.com\/wp-content\/uploads\/2021\/11\/relofirm-logo.svg","contentUrl":"https:\/\/www.relofirm.com\/wp-content\/uploads\/2021\/11\/relofirm-logo.svg","width":1485,"height":516,"caption":"International Relocation Firm"},"image":{"@id":"https:\/\/www.relofirm.com\/#logo"}},{"@type":"WebSite","@id":"https:\/\/www.relofirm.com\/#website","url":"https:\/\/www.relofirm.com\/","name":"International Relocation Firm","description":"","publisher":{"@id":"https:\/\/www.relofirm.com\/#organization"},"potentialAction":[{"@type":"SearchAction","target":{"@type":"EntryPoint","urlTemplate":"https:\/\/www.relofirm.com\/?s={search_term_string}"},"query-input":"required name=search_term_string"}],"inLanguage":"es"},{"@type":"WebPage","@id":"https:\/\/www.relofirm.com\/es\/visas-por-politicas-especiales-en-panama\/#webpage","url":"https:\/\/www.relofirm.com\/es\/visas-por-politicas-especiales-en-panama\/","name":"Visas por Pol\u00edticas Especiales en Panam\u00e1 - International Relocation Firm","isPartOf":{"@id":"https:\/\/www.relofirm.com\/#website"},"datePublished":"2010-12-13T05:00:00+00:00","dateModified":"2020-01-22T15:41:23+00:00","breadcrumb":{"@id":"https:\/\/www.relofirm.com\/es\/visas-por-politicas-especiales-en-panama\/#breadcrumb"},"inLanguage":"es","potentialAction":[{"@type":"ReadAction","target":["https:\/\/www.relofirm.com\/es\/visas-por-politicas-especiales-en-panama\/"]}]},{"@type":"BreadcrumbList","@id":"https:\/\/www.relofirm.com\/es\/visas-por-politicas-especiales-en-panama\/#breadcrumb","itemListElement":[{"@type":"ListItem","position":1,"name":"Home","item":"https:\/\/www.relofirm.com\/es\/"},{"@type":"ListItem","position":2,"name":"Visas por Pol\u00edticas Especiales en Panam\u00e1"}]}]}},"_links":{"self":[{"href":"https:\/\/www.relofirm.com\/es\/wp-json\/wp\/v2\/pages\/7095"}],"collection":[{"href":"https:\/\/www.relofirm.com\/es\/wp-json\/wp\/v2\/pages"}],"about":[{"href":"https:\/\/www.relofirm.com\/es\/wp-json\/wp\/v2\/types\/page"}],"author":[{"embeddable":true,"href":"https:\/\/www.relofirm.com\/es\/wp-json\/wp\/v2\/users\/10"}],"replies":[{"embeddable":true,"href":"https:\/\/www.relofirm.com\/es\/wp-json\/wp\/v2\/comments?post=7095"}],"version-history":[{"count":1,"href":"https:\/\/www.relofirm.com\/es\/wp-json\/wp\/v2\/pages\/7095\/revisions"}],"predecessor-version":[{"id":8046,"href":"https:\/\/www.relofirm.com\/es\/wp-json\/wp\/v2\/pages\/7095\/revisions\/8046"}],"wp:attachment":[{"href":"https:\/\/www.relofirm.com\/es\/wp-json\/wp\/v2\/media?parent=7095"}],"curies":[{"name":"wp","href":"https:\/\/api.w.org\/{rel}","templated":true}]}}