{"id":7090,"date":"2010-12-13T00:00:00","date_gmt":"2010-12-13T05:00:00","guid":{"rendered":"https:\/\/relofirm.com\/short_stay_visa\/"},"modified":"2020-01-22T10:40:56","modified_gmt":"2020-01-22T15:40:56","slug":"visas-de-corta-estancia-en-panama","status":"publish","type":"page","link":"https:\/\/www.relofirm.com\/es\/visas-de-corta-estancia-en-panama\/","title":{"rendered":"Visas de Corta Estancia en Panama"},"content":{"rendered":"<div class=\"menu-immigration-en-container\"><ul id=\"menu-immigration-en\" class=\"menu\"><li id=\"menu-item-7642\" class=\"menu-item menu-item-type-post_type menu-item-object-page menu-item-has-children menu-item-7642\"><a href=\"https:\/\/www.relofirm.com\/es\/visas-para-panama-panama-inmigracion\/\">Visas para Panam\u00e1: Panam\u00e1 Inmigraci\u00f3n<\/a>\n<ul class=\"sub-menu\">\n\t<li id=\"menu-item-7643\" class=\"menu-item menu-item-type-post_type menu-item-object-page menu-item-7643\"><a href=\"https:\/\/www.relofirm.com\/es\/como-obtener-residencia-permanente-en-panama\/\">Como Obtener Residencia Permanente en Panam\u00e1<\/a><\/li>\n\t<li id=\"menu-item-7644\" class=\"menu-item menu-item-type-post_type menu-item-object-page menu-item-7644\"><a href=\"https:\/\/www.relofirm.com\/es\/visas-de-paises-amigos-de-panama\/\">Visas de Paises Amigos de Panama<\/a><\/li>\n\t<li id=\"menu-item-7645\" class=\"menu-item menu-item-type-post_type menu-item-object-page menu-item-7645\"><a href=\"https:\/\/www.relofirm.com\/es\/visas-de-pensionado-en-panama-visa-jubilados\/\">Visas de Pensionado en Panama (Visa Jubilados)<\/a><\/li>\n\t<li id=\"menu-item-10943\" class=\"menu-item menu-item-type-post_type menu-item-object-page menu-item-10943\"><a href=\"https:\/\/www.relofirm.com\/es\/residente-permanente-en-calidad-de-inversionista-calificado\/\">Residente Permanente en Calidad de Inversionista Calificado<\/a><\/li>\n\t<li id=\"menu-item-7646\" class=\"menu-item menu-item-type-post_type menu-item-object-page menu-item-7646\"><a href=\"https:\/\/www.relofirm.com\/es\/visa-de-auto-solvencia-economica-en-panama\/\">Visa de Auto Solvencia Econ\u00f3mica en Panama<\/a><\/li>\n\t<li id=\"menu-item-7647\" class=\"menu-item menu-item-type-post_type menu-item-object-page menu-item-7647\"><a href=\"https:\/\/www.relofirm.com\/es\/visa-de-reforestacion\/\">Visa de Reforestaci\u00f3n<\/a><\/li>\n\t<li id=\"menu-item-7648\" class=\"menu-item menu-item-type-post_type menu-item-object-page menu-item-7648\"><a href=\"https:\/\/www.relofirm.com\/es\/programa-de-inversionista-agricola\/\">Programa de Inversionista Agr\u00edcola<\/a><\/li>\n\t<li id=\"menu-item-7649\" class=\"menu-item menu-item-type-post_type menu-item-object-page menu-item-7649\"><a href=\"https:\/\/www.relofirm.com\/es\/programa-de-inversionista-en-zona-procesadora-libre-de-impuestos\/\">Programa de Inversionista en Zona Procesadora Libre de Impuestos<\/a><\/li>\n\t<li id=\"menu-item-7650\" class=\"menu-item menu-item-type-post_type menu-item-object-page menu-item-7650\"><a href=\"https:\/\/www.relofirm.com\/es\/visa-de-trabajo-para-la-ciudad-del-saber\/\">Visa de Trabajo para la Ciudad del Saber<\/a><\/li>\n\t<li id=\"menu-item-7651\" class=\"menu-item menu-item-type-post_type menu-item-object-page menu-item-7651\"><a href=\"https:\/\/www.relofirm.com\/es\/visa-de-misionero\/\">Visa de Misionero<\/a><\/li>\n\t<li id=\"menu-item-7652\" class=\"menu-item menu-item-type-post_type menu-item-object-page menu-item-7652\"><a href=\"https:\/\/www.relofirm.com\/es\/visa-de-estudiante-panama\/\">Visa de Estudiante Panama<\/a><\/li>\n\t<li id=\"menu-item-7653\" class=\"menu-item menu-item-type-post_type menu-item-object-page menu-item-7653\"><a href=\"https:\/\/www.relofirm.com\/es\/inmigracion-panamena-visa-de-multiples-entradas-y-salidas\/\">Inmigracion Panamena Visa de M\u00faltiples Entradas y Salidas<\/a><\/li>\n\t<li id=\"menu-item-7654\" class=\"menu-item menu-item-type-post_type menu-item-object-page menu-item-7654\"><a href=\"https:\/\/www.relofirm.com\/es\/visa-de-turista-en-panama\/\">Visa de Turista en Panam\u00e1<\/a><\/li>\n\t<li id=\"menu-item-7655\" class=\"menu-item menu-item-type-post_type menu-item-object-page menu-item-7655\"><a href=\"https:\/\/www.relofirm.com\/es\/autorizacion-de-visa-de-turista-en-panama\/\">Autorizacion de visa de Turista en Panama<\/a><\/li>\n\t<li id=\"menu-item-7656\" class=\"menu-item menu-item-type-post_type menu-item-object-page menu-item-7656\"><a href=\"https:\/\/www.relofirm.com\/es\/visa-de-marino-en-panama\/\">Visa de Marino en Panama<\/a><\/li>\n\t<li id=\"menu-item-7657\" class=\"menu-item menu-item-type-post_type menu-item-object-page menu-item-7657\"><a href=\"https:\/\/www.relofirm.com\/es\/visa-de-trabajadores-especialistas-en-panama\/\">Visa de Trabajadores Especialistas en Panama<\/a><\/li>\n\t<li id=\"menu-item-7658\" class=\"menu-item menu-item-type-post_type menu-item-object-page menu-item-7658\"><a href=\"https:\/\/www.relofirm.com\/es\/visa-de-residencia-en-panama-para-ciudadanos-italianos\/\">Visa de Residencia en Panama para Ciudadanos Italianos<\/a><\/li>\n\t<li id=\"menu-item-7659\" class=\"menu-item menu-item-type-post_type menu-item-object-page menu-item-7659\"><a href=\"https:\/\/www.relofirm.com\/es\/visa-para-trabajadores-eventuales-en-la-cultura-deporte-o-educacion\/\">Visa para Trabajadores Eventuales en la Cultura, Deporte o Educacion<\/a><\/li>\n\t<li id=\"menu-item-7660\" class=\"menu-item menu-item-type-post_type menu-item-object-page menu-item-7660\"><a href=\"https:\/\/www.relofirm.com\/es\/visa-de-trabajadores-domesticos-en-panama\/\">Visa de Trabajadores Dom\u00e9sticos en Panam\u00e1<\/a><\/li>\n\t<li id=\"menu-item-7661\" class=\"menu-item menu-item-type-post_type menu-item-object-page menu-item-7661\"><a href=\"https:\/\/www.relofirm.com\/es\/visas-de-corta-estancia-en-panama\/\">Visas de Corta Estancia en Panama<\/a><\/li>\n\t<li id=\"menu-item-7662\" class=\"menu-item menu-item-type-post_type menu-item-object-page menu-item-7662\"><a href=\"https:\/\/www.relofirm.com\/es\/visa-de-pasajeros-y-tripulantes-de-naves-con-fines-de-recreo-o-turismo-en-panama\/\">Visa de Pasajeros y Tripulantes de Naves con Fines de Recreo o Turismo en Panam\u00e1<\/a><\/li>\n\t<li id=\"menu-item-7663\" class=\"menu-item menu-item-type-post_type menu-item-object-page menu-item-7663\"><a href=\"https:\/\/www.relofirm.com\/es\/visa-de-trabajo-en-panama-para-residencia-temporal\/\">Visa de Trabajo en Panama para Residencia Temporal<\/a><\/li>\n\t<li id=\"menu-item-7664\" class=\"menu-item menu-item-type-post_type menu-item-object-page menu-item-7664\"><a href=\"https:\/\/www.relofirm.com\/es\/visas-de-residencia-temporal-en-panama-por-razones-especiales\/\">Visas de Residencia Temporal en Panama por Razones Especiales<\/a><\/li>\n\t<li id=\"menu-item-7665\" class=\"menu-item menu-item-type-post_type menu-item-object-page menu-item-7665\"><a href=\"https:\/\/www.relofirm.com\/es\/permisos-temporales-por-razones-humanitarias-en-panama\/\">Permisos Temporales por Razones Humanitarias en Panam\u00e1<\/a><\/li>\n\t<li id=\"menu-item-7666\" class=\"menu-item menu-item-type-post_type menu-item-object-page menu-item-7666\"><a href=\"https:\/\/www.relofirm.com\/es\/visas-por-politicas-especiales-en-panama\/\">Visas por Pol\u00edticas Especiales en Panam\u00e1<\/a><\/li>\n\t<li id=\"menu-item-7667\" class=\"menu-item menu-item-type-post_type menu-item-object-page menu-item-7667\"><a href=\"https:\/\/www.relofirm.com\/es\/visas-de-residencia-permanente-de-reagrupacion-familiar-en-panama\/\">Visas de Residencia Permanente de Reagrupaci\u00f3n Familiar en Panam\u00e1<\/a><\/li>\n\t<li id=\"menu-item-7668\" class=\"menu-item menu-item-type-post_type menu-item-object-page menu-item-7668\"><a href=\"https:\/\/www.relofirm.com\/es\/visas-para-extranjeros-bajo-proteccion-del-estado-refugiados\/\">Visas para Extranjeros Bajo Protecci\u00f3n del Estado (Refugiados)<\/a><\/li>\n\t<li id=\"menu-item-7669\" class=\"menu-item menu-item-type-post_type menu-item-object-page menu-item-7669\"><a href=\"https:\/\/www.relofirm.com\/es\/cambio-del-estatus-migratorio-de-panama\/\">Cambio del Estatus Migratorio de Panama<\/a><\/li>\n\t<li id=\"menu-item-7670\" class=\"menu-item menu-item-type-post_type menu-item-object-page menu-item-7670\"><a href=\"https:\/\/www.relofirm.com\/es\/control-migratorio-de-panama\/\">Control Migratorio de Panam\u00e1<\/a><\/li>\n\t<li id=\"menu-item-7672\" class=\"menu-item menu-item-type-post_type menu-item-object-page menu-item-7672\"><a href=\"https:\/\/www.relofirm.com\/es\/introduccion-de-mascotas-a-panama\/\">Introducci\u00f3n de Mascotas a Panam\u00e1<\/a><\/li>\n\t<li id=\"menu-item-7673\" class=\"menu-item menu-item-type-post_type menu-item-object-page menu-item-7673\"><a href=\"https:\/\/www.relofirm.com\/es\/verificacion-de-antecedentes-penales-en-panama\/\">Verificacion de Antecedentes Penales en Panama<\/a><\/li>\n\t<li id=\"menu-item-7674\" class=\"menu-item menu-item-type-post_type menu-item-object-page menu-item-7674\"><a href=\"https:\/\/www.relofirm.com\/es\/los-padres-de-ninos-nacidos-en-panama-podran-convertirse-en-residentes-permanentes\/\">Los Padres de Ninos Nacidos en Panama Podran Convertirse en Residentes Permanentes<\/a><\/li>\n\t<li id=\"menu-item-7675\" class=\"menu-item menu-item-type-post_type menu-item-object-page menu-item-7675\"><a href=\"https:\/\/www.relofirm.com\/es\/como-obetener-un-certificado-de-nacimiento-defuncion\/\">Certificado de Nacimiento o de Defuncion de Personas Nacidas en el Area del Canal<\/a><\/li>\n<\/ul>\n<\/li>\n<\/ul><\/div>\n<hr \/>\n<p>International Relocation Firm puede asistirle en el tr\u00e1mite de solicitud de la\u00a0Visa de Corta Estancia en Panam\u00e1.<\/p>\n<p>Los extranjeros que ingresan a Panam\u00e1 y que no tienen definida su residencia podr\u00e1n aplicar por la solicitud de la Visa de Corta Estancia en Panam\u00e1 siempre y cuando cumplan con las formalidades establecidas en el Art\u00edculo 28 del Decreto Ley No. 3 del 22 de Febrero de 2008 (Excepto para el numeral 4) y el Art\u00edculo 17 de la presente regulaci\u00f3n. Del mismo modo, el extranjero deber\u00e1 justificar el motivo de su estad\u00eda, la cual no podr\u00e1 ser superior a nueve (9) meses y tampoco podr\u00e1 ser extendida cuando \u00e9sta alcance tu t\u00e9rmino.<\/p>\n<p>Existen siete (7) modalidades para optar a \u00e9ste programa de Visa, las cuales nos permitimos mencionar en lo sucesivo:<\/p>\n<h2>VISA DE CORTA ESTANCIA POR NEGOCIOS<\/h2>\n<p>Los extranjeros que ingresen a Panam\u00e1 con la finalidad de establecer negocios subsidiarios en la Rep\u00fablica de Panam\u00e1, podr\u00e1n solicitar la Visa de Corta Estancia por Negocios, presentando a trav\u00e9s de las autoridades migratorias de Panam\u00e1 en el extranjero los siguientes documentos, previos a su visita a Panam\u00e1:<\/p>\n<ul>\n<li>Esta Visa ser\u00e1 solo disponible para personas que demuestren una solvencia econ\u00f3mica de al menos cinco (5) cifras. En otras palabras, que cuenten con un m\u00ednimo de diez mil ($10,000) D\u00f3lares Americanos.<\/li>\n<li>Solicitud de Visa de Corta Estancia por Negocios.<\/li>\n<li>Documentaci\u00f3n que demuestre el prop\u00f3sito del viaje de negocio y las caracter\u00edsticas de su estad\u00eda.<\/li>\n<li>Certificado de Registro de la empresa en el extranjero y su posibilidad de establecer subsidiarias.<\/li>\n<li>Copia del Pasaporte con una vigencia no menor a tres (3) meses, certificado por el Consulado de Panam\u00e1 en el pa\u00eds de origen (En caso de que lo haya).<\/li>\n<li>Copia del boleto a\u00e9reo o ticket electr\u00f3nico debidamente pagado y la continuaci\u00f3n a otro Pa\u00eds.<\/li>\n<li>Copia del Documento de Identidad Nacional o de otro documento de identificaci\u00f3n que posea foto emitido por el Pa\u00eds donde reside el solicitante.<\/li>\n<li>Tres (3) fotograf\u00edas tama\u00f1o pasaporte del solicitante<\/li>\n<li>Copia de la Reservaci\u00f3n Hotelera confirmada (Si Aplica)<\/li>\n<\/ul>\n<h2>VISA DE CORTA ESTANCIA EN PANAMA POR VISITA A FAMILIARES<\/h2>\n<p>Los extranjeros que ingresan a Panam\u00e1 con la finalidad de visitar a sus esposos, parientes consangu\u00edneos en orden ascendente o descendente, parientes colaterales en la l\u00ednea de segundo grado de consanguinidad, siempre que se demuestre su afinidad consangu\u00ednea con un ciudadano paname\u00f1o o con un residente temporal o permanente, podr\u00e1n aplicar a la solicitud de la Visa de Corta Estancia por Visita a Familiares. Adicional a los requisitos mencionados en el Art\u00edculo 46 de \u00e9sta regulaci\u00f3n, el solicitante deber\u00e1 entregar:<\/p>\n<ul>\n<li>Solicitud de Visa de Corta Estancia.<\/li>\n<li>Certificado de Parentesco.<\/li>\n<li>Pago de los honorarios por servicios migratorios realizados por la cantidad de Cien ($100) D\u00f3lares Americanos a favor del Servicio Nacional de Migraci\u00f3n.<\/li>\n<li>Dep\u00f3sito de garant\u00eda por la suma de quinientos ($500) D\u00f3lares Americanos a favor del Servicio Nacional de Migraci\u00f3n.<\/li>\n<li>Copia del pasaporte del solicitante, el cual deber\u00e1 tener una vigencia no menor a tres (3) meses.<\/li>\n<li>Copia del boleto a\u00e9reo se\u00f1alando la continuidad a otro Pa\u00eds.<\/li>\n<li>Copia del documento de identidad nacional o de cualquier otro documento de identificaci\u00f3n que posea fotograf\u00eda, emitido por el pa\u00eds donde reside el solicitante.<\/li>\n<li>Tres (3) fotograf\u00edas tama\u00f1o pasaporte del solicitante.<\/li>\n<li>Copia de la Reservaci\u00f3n Hotelera confirmada. (Si aplica)<\/li>\n<\/ul>\n<p>Nota: En el caso de un menor de edad, la visa debe ser solicitada por un pariente consangu\u00edneo al ciudadano paname\u00f1o o al residente legal.<\/p>\n<h2>VISA CORTA ESTANCIA EN PANAMA PARA INVESTIGADORES Y CIENTIFICOS.<\/h2>\n<p>Los extranjeros que ingresen a Panam\u00e1 para desarrollar actividades sin fines de lucro tales como: intercambio estudiantil, misiones educativas, culturales o de salud, cient\u00edficas, de investigaci\u00f3n y de estudios, podr\u00e1n solicitar la Visa de Corta Estancia para Investigadores y Cient\u00edficos en Panam\u00e1.<\/p>\n<p>La Visa de Corta Estancia para Investigadores y Cient\u00edficos se ofrecen en virtud de algunos convenios con el Estado y entre embajadas o legislaturas, los representantes legales y de negocios de car\u00e1cter extranjero y de empresas, instituciones gubernamentales, instituciones educativas o de organizaciones no gubernamentales reconocidas como tales por las leyes Paname\u00f1as.<\/p>\n<p>Adicional a los requisitos mencionados en el Art\u00edculo 46 de \u00e9ste reglamento, el solicitante deber\u00e1 entregar los siguientes documentos:<\/p>\n<ul>\n<li>Solicitud de Visa de Corta Estancia.<\/li>\n<li>Carta de la instituci\u00f3n educativa o gubernamental, no gubernamental que posea sede en Panam\u00e1, la cual deber\u00e1 certificar la actividad que el extranjero realizar\u00e1 durante su estad\u00eda en Panam\u00e1.<\/li>\n<li>Constancia en caso de la que empresa, instituci\u00f3n educativa o cualquier otro ente emita una Beca a favor del solicitante (Si aplica)<\/li>\n<li>En el caso de las asociaciones u organizaciones no gubernamentales, \u00e9sta entidades necesitar\u00e1n registrarse en el Ministerio de Gobierno y Justicia.<\/li>\n<li>Deber\u00e1 realizarse el pago de honorarios gubernamentales por servicios migratorios por la suma de cien ($100) D\u00f3lares Americanos a favor del Servicio Nacional de Migraci\u00f3n.<\/li>\n<li>Copia del Pasaporte del Solicitante, cuya vigencia no podr\u00e1 ser menor a tres (3) meses.<\/li>\n<li>Copia del boleto a\u00e9reo reflejando la continuaci\u00f3n a otro Pa\u00eds.<\/li>\n<li>Copia de la Tarjeta de Identidad Nacional o de otro documento de identificaci\u00f3n que posea foto y que haya sido emitido en el Pa\u00eds de residencia del solicitante.<\/li>\n<li>Tres (3) fotograf\u00edas tama\u00f1o pasaporte del solicitante.<\/li>\n<li>Copia de la confirmaci\u00f3n de la Reservaci\u00f3n Hotelera. (Si aplica)<\/li>\n<\/ul>\n<p>Nota: En caso de que el solicitante sea un menor de edad, la solicitud deber\u00e1 ser realizada por un pariente consangu\u00edneo, o un ciudadano paname\u00f1o o residente legal.<\/p>\n<h2>VISA DE CORTA ESTANCIA POR TRATAMIENTO MEDICO EN PANAMA<\/h2>\n<p>Los extranjeros que ingresen a Panam\u00e1 podr\u00e1n solicitar la Visa de Corta Estancia por Tratamiento M\u00e9dico en Panam\u00e1 una vez que sea verificado que el solicitante efectivamente se encuentra bajo tratamiento m\u00e9dico en alg\u00fan hospital, cl\u00ednica p\u00fablica o privada y cuya estad\u00eda no exceda los nueve (9) meses.<\/p>\n<p>Adem\u00e1s de los requisitos mencionados en el Art\u00edculo 46 de \u00e9ste reglamento, el solicitante deber\u00e1 entregar los siguientes documentos:<\/p>\n<ul>\n<li>Solicitud de Visa de Corta Estancia.<\/li>\n<li>Constancia m\u00e9dica emitida en el Pa\u00eds de origen, la cual certifique la enfermedad o dolencia del paciente, debidamente firmada y sellada por el m\u00e9dico tratante, el cual deber\u00e1 identificarse con su n\u00famero de licencia de m\u00e9dico.<\/li>\n<li>Constancia emitida por el hospital o cl\u00ednica en Panam\u00e1, en la cual deber\u00e1 certificarse que el paciente ser\u00e1 hospitalizado o recibir\u00e1 tratamiento ambulatorio, incluyendo el nombre del m\u00e9dico que realizar\u00e1 los cuidados correspondientes y especificando los detalles de la enfermedad, duraci\u00f3n del tratamiento a aplicar y el costo aproximado del mismo.<\/li>\n<li>Prueba de solvencia econ\u00f3mica del solicitante o del familiar residente o de la persona que acompa\u00f1e al solicitante.<\/li>\n<li>Deber\u00e1 realizarse el pago de honorarios gubernamentales por servicios migratorios por la suma de cien ($100) D\u00f3lares Americanos a favor del Servicio Nacional de Inmigraci\u00f3n.<\/li>\n<li>Copia del Pasaporte del Solicitante, cuya vigencia no podr\u00e1 ser menor a tres (3) meses.<\/li>\n<li>Copia del boleto a\u00e9reo reflejando la continuaci\u00f3n a otro Pa\u00eds.<\/li>\n<li>Copia de la Tarjeta de Identidad Nacional o de otro documento de identificaci\u00f3n que posea foto y que haya sido emitido en el Pa\u00eds de residencia del solicitante.<\/li>\n<li>Tres (3) fotograf\u00edas tama\u00f1o pasaporte del solicitante.<\/li>\n<li>Copia de la confirmaci\u00f3n de la Reservaci\u00f3n Hotelera. (Si aplica)<\/li>\n<\/ul>\n<h2>VISA DE CORTA ESTANCIA EN PANAMA EN CALIDAD DE COMERCIANTES E INVERSIONISTAS \u2013 BAJO LEYES ESPECIALES.<\/h2>\n<p>Los extranjeros que ingresen a Panam\u00e1 con la finalidad de analizar posibilidades para el establecimiento de inversiones o para realizar transacciones en el \u00e1rea de procesamiento de alimentos para la exportaci\u00f3n, centros de llamadas, o \u00e1reas especiales designadas para el desarrollo de la industria audiovisual y cinematogr\u00e1fica, podr\u00e1n solicitar la Visa de Corta Estancia como Comerciantes e Inversionistas bajo Leyes Especiales, por el plazo establecido y las condiciones estipuladas en la Ley 25 de 1992.<\/p>\n<p>Adicional a los requerimientos establecidos en el Art\u00edculo 46 de \u00e9ste reglamento, el solicitante deber\u00e1 entregar:<\/p>\n<ul>\n<li>Solicitud de Visa de Corta Estancia.<\/li>\n<li>Carta de Referencia Bancaria emitida por una Instituci\u00f3n Financiera Bancaria reconocida internacionalmente el cual refleje un ingreso mensual de al menos un mil ($1,000) D\u00f3lares Americanos.<\/li>\n<li>Copia del boleto a\u00e9reo reflejando la continuaci\u00f3n a otro Pa\u00eds.<\/li>\n<li>Copia del Pasaporte del Solicitante, cuya vigencia no podr\u00e1 ser menor a tres (3) meses.<\/li>\n<\/ul>\n<h2>VISA DE CORTA ESTANCIA EN PANAMA PARA EL SECTOR BANCARIO<\/h2>\n<p>El extranjero que quiera ingresar a Panam\u00e1 con la finalidad de dar o recibir entrenamiento, asistir a reuniones, convenciones, talleres, seminarios, cursos, pasant\u00edas, auditorias, fiscalizar programas y procedimientos en instituciones bancarias que tengan licencia general, internacional o de representaci\u00f3n podr\u00e1 aplicar a este tipo de Visa de Corta Estancia para el Sector Bancario.<\/p>\n<p>Adem\u00e1s de los requisitos establecidos en el Art\u00edculo 46 de \u00e9ste reglamento, el solicitante deber\u00e1 entregar los siguientes documentos:<\/p>\n<ul>\n<li>Solicitud de Visa de Corta Estancia en Panam\u00e1.<\/li>\n<li>Carta emitida por el Banco certificando el desarrollo del solicitante en el Sector Bancario, firmado por el representante legal del Banco.<\/li>\n<li>Carta de responsabilidad (Si Aplica)<\/li>\n<li>Certificaci\u00f3n del Registro P\u00fablico de la Instituci\u00f3n Bancaria.<\/li>\n<li>Certificaci\u00f3n emitida por la Superintendencia de Bancos indicando el tipo de licencia que posee el Banco.<\/li>\n<li>Copia del Diploma Educativo o de la idoneidad del solicitante extranjero.<\/li>\n<li>Recibo de pago de los honorarios gubernamentales por servicios migratorios por la suma de doscientos cincuenta ($250) D\u00f3lares Americanos a favor del Servicio Nacional de Migraci\u00f3n.<\/li>\n<li>Dep\u00f3sito de Garant\u00eda por la suma de Quinientos ($500) D\u00f3lares Americanos a favor del Servicio Nacional de Inmigraci\u00f3n.<\/li>\n<li>Copia del Pasaporte del Solicitante, cuya vigencia no podr\u00e1 ser menor a tres (3) meses.<\/li>\n<li>Copia del boleto a\u00e9reo reflejando la continuaci\u00f3n a otro Pa\u00eds.<\/li>\n<li>Copia de la Tarjeta de Identidad Nacional o de otro documento de identificaci\u00f3n que posea foto y que haya sido emitido en el Pa\u00eds de residencia del solicitante.<\/li>\n<li>Tres (3) fotograf\u00edas tama\u00f1o pasaporte del solicitante<\/li>\n<li>Copia de la Reservaci\u00f3n Hotelera confirmada (Si Aplica)<\/li>\n<\/ul>\n<p>Nota: En caso de que el solicitante sea un menor de edad, la solicitud deber\u00e1 ser realizada por un pariente consangu\u00edneo, o un ciudadano paname\u00f1o o residente legal.<\/p>\n<p>Si Usted est\u00e1 interesado en reubicarse o en <a href=\"https:\/\/www.relofirm.com\/es\/immigration_visas\">solicitar una visa para Panama<\/a>, por favor cont\u00e1ctenos y gustosamente le brindaremos una consulta personalizada en las oficinas de PANAMA OFFFSHORE LEGAL SERVICES y tambi\u00e9n le informaremos las tarifas y honorarios para asistirlo en el tr\u00e1mite de la solicitud de la Visa de Corta Estancia en Panam\u00e1.<\/p>\n<hr \/>\n","protected":false},"excerpt":{"rendered":"<p>International Relocation Firm puede asistirle en el tr\u00e1mite de solicitud de la\u00a0Visa de Corta Estancia en Panam\u00e1. Los extranjeros que ingresan a Panam\u00e1 y que no tienen definida su residencia podr\u00e1n aplicar por la solicitud de la Visa de Corta Estancia en Panam\u00e1 siempre y cuando cumplan con las formalidades establecidas en el Art\u00edculo 28 [&hellip;]<\/p>\n","protected":false},"author":10,"featured_media":0,"parent":0,"menu_order":0,"comment_status":"closed","ping_status":"closed","template":"","meta":{"_et_pb_use_builder":"","_et_pb_old_content":"","_et_gb_content_width":"","inline_featured_image":false,"footnotes":""},"class_list":["post-7090","page","type-page","status-publish","hentry"],"yoast_head":"<!-- This site is optimized with the Yoast SEO plugin v27.5 - https:\/\/yoast.com\/product\/yoast-seo-wordpress\/ -->\n<title>Visas de Corta Estancia en Panama - International Relocation Firm<\/title>\n<meta name=\"robots\" content=\"index, follow, max-snippet:-1, max-image-preview:large, max-video-preview:-1\" \/>\n<link rel=\"canonical\" href=\"https:\/\/www.relofirm.com\/es\/visas-de-corta-estancia-en-panama\/\" \/>\n<meta name=\"twitter:label1\" content=\"Tiempo de lectura\" \/>\n\t<meta name=\"twitter:data1\" content=\"9 minutos\" \/>\n<!-- \/ Yoast SEO plugin. -->","yoast_head_json":{"title":"Visas de Corta Estancia en Panama - International Relocation Firm","robots":{"index":"index","follow":"follow","max-snippet":"max-snippet:-1","max-image-preview":"max-image-preview:large","max-video-preview":"max-video-preview:-1"},"canonical":"https:\/\/www.relofirm.com\/es\/visas-de-corta-estancia-en-panama\/","twitter_misc":{"Tiempo de lectura":"9 minutos"},"schema":{"@context":"https:\/\/schema.org","@graph":[{"@type":"WebPage","@id":"https:\/\/www.relofirm.com\/es\/visas-de-corta-estancia-en-panama\/","url":"https:\/\/www.relofirm.com\/es\/visas-de-corta-estancia-en-panama\/","name":"Visas de Corta Estancia en Panama - International Relocation Firm","isPartOf":{"@id":"https:\/\/www.relofirm.com\/#website"},"datePublished":"2010-12-13T05:00:00+00:00","dateModified":"2020-01-22T15:40:56+00:00","breadcrumb":{"@id":"https:\/\/www.relofirm.com\/es\/visas-de-corta-estancia-en-panama\/#breadcrumb"},"inLanguage":"es","potentialAction":[{"@type":"ReadAction","target":["https:\/\/www.relofirm.com\/es\/visas-de-corta-estancia-en-panama\/"]}]},{"@type":"BreadcrumbList","@id":"https:\/\/www.relofirm.com\/es\/visas-de-corta-estancia-en-panama\/#breadcrumb","itemListElement":[{"@type":"ListItem","position":1,"name":"Home","item":"https:\/\/www.relofirm.com\/es\/"},{"@type":"ListItem","position":2,"name":"Visas de Corta Estancia en Panama"}]},{"@type":"WebSite","@id":"https:\/\/www.relofirm.com\/#website","url":"https:\/\/www.relofirm.com\/","name":"International Relocation Firm","description":"","publisher":{"@id":"https:\/\/www.relofirm.com\/#organization"},"potentialAction":[{"@type":"SearchAction","target":{"@type":"EntryPoint","urlTemplate":"https:\/\/www.relofirm.com\/?s={search_term_string}"},"query-input":{"@type":"PropertyValueSpecification","valueRequired":true,"valueName":"search_term_string"}}],"inLanguage":"es"},{"@type":"Organization","@id":"https:\/\/www.relofirm.com\/#organization","name":"International Relocation Firm","url":"https:\/\/www.relofirm.com\/","logo":{"@type":"ImageObject","inLanguage":"es","@id":"https:\/\/www.relofirm.com\/#\/schema\/logo\/image\/","url":"https:\/\/www.relofirm.com\/wp-content\/uploads\/2021\/11\/relofirm-logo.svg","contentUrl":"https:\/\/www.relofirm.com\/wp-content\/uploads\/2021\/11\/relofirm-logo.svg","width":1485,"height":516,"caption":"International Relocation Firm"},"image":{"@id":"https:\/\/www.relofirm.com\/#\/schema\/logo\/image\/"},"sameAs":["https:\/\/www.facebook.com\/PanamaOffshoreLegalServices","https:\/\/x.com\/polslegal"]}]}},"_links":{"self":[{"href":"https:\/\/www.relofirm.com\/es\/wp-json\/wp\/v2\/pages\/7090","targetHints":{"allow":["GET"]}}],"collection":[{"href":"https:\/\/www.relofirm.com\/es\/wp-json\/wp\/v2\/pages"}],"about":[{"href":"https:\/\/www.relofirm.com\/es\/wp-json\/wp\/v2\/types\/page"}],"author":[{"embeddable":true,"href":"https:\/\/www.relofirm.com\/es\/wp-json\/wp\/v2\/users\/10"}],"replies":[{"embeddable":true,"href":"https:\/\/www.relofirm.com\/es\/wp-json\/wp\/v2\/comments?post=7090"}],"version-history":[{"count":1,"href":"https:\/\/www.relofirm.com\/es\/wp-json\/wp\/v2\/pages\/7090\/revisions"}],"predecessor-version":[{"id":8039,"href":"https:\/\/www.relofirm.com\/es\/wp-json\/wp\/v2\/pages\/7090\/revisions\/8039"}],"wp:attachment":[{"href":"https:\/\/www.relofirm.com\/es\/wp-json\/wp\/v2\/media?parent=7090"}],"curies":[{"name":"wp","href":"https:\/\/api.w.org\/{rel}","templated":true}]}}