{"id":7089,"date":"2010-12-13T00:00:00","date_gmt":"2010-12-13T05:00:00","guid":{"rendered":"https:\/\/relofirm.com\/domestic_workers_visa\/"},"modified":"2020-01-22T10:40:27","modified_gmt":"2020-01-22T15:40:27","slug":"visa-de-trabajadores-domesticos-en-panama","status":"publish","type":"page","link":"https:\/\/www.relofirm.com\/es\/visa-de-trabajadores-domesticos-en-panama\/","title":{"rendered":"Visa de Trabajadores Dom\u00e9sticos en Panam\u00e1"},"content":{"rendered":"<div class=\"menu-immigration-en-container\"><ul id=\"menu-immigration-en\" class=\"menu\"><li id=\"menu-item-7642\" class=\"menu-item menu-item-type-post_type menu-item-object-page menu-item-has-children menu-item-7642\"><a href=\"https:\/\/www.relofirm.com\/es\/visas-para-panama-panama-inmigracion\/\">Visas para Panam\u00e1: Panam\u00e1 Inmigraci\u00f3n<\/a>\n<ul class=\"sub-menu\">\n\t<li id=\"menu-item-7643\" class=\"menu-item menu-item-type-post_type menu-item-object-page menu-item-7643\"><a href=\"https:\/\/www.relofirm.com\/es\/como-obtener-residencia-permanente-en-panama\/\">Como Obtener Residencia Permanente en Panam\u00e1<\/a><\/li>\n\t<li id=\"menu-item-237536\" class=\"menu-item menu-item-type-post_type menu-item-object-page menu-item-237536\"><a href=\"https:\/\/www.relofirm.com\/es\/visas-para-panama-panama-inmigracion\/naturalizacion\/\">Naturalizaci\u00f3n en Panam\u00e1<\/a><\/li>\n\t<li id=\"menu-item-7644\" class=\"menu-item menu-item-type-post_type menu-item-object-page menu-item-7644\"><a href=\"https:\/\/www.relofirm.com\/es\/visas-de-paises-amigos-de-panama\/\">Visas de Paises Amigos de Panama<\/a><\/li>\n\t<li id=\"menu-item-7645\" class=\"menu-item menu-item-type-post_type menu-item-object-page menu-item-7645\"><a href=\"https:\/\/www.relofirm.com\/es\/visas-de-pensionado-en-panama-visa-jubilados\/\">Visa de Pensionado en Panam\u00e1 (Visa Jubilados)<\/a><\/li>\n\t<li id=\"menu-item-10943\" class=\"menu-item menu-item-type-post_type menu-item-object-page menu-item-10943\"><a href=\"https:\/\/www.relofirm.com\/es\/residente-permanente-en-calidad-de-inversionista-calificado\/\">Residente Permanente en Calidad de Inversionista Calificado<\/a><\/li>\n\t<li id=\"menu-item-7646\" class=\"menu-item menu-item-type-post_type menu-item-object-page menu-item-7646\"><a href=\"https:\/\/www.relofirm.com\/es\/visa-de-auto-solvencia-economica-en-panama\/\">Visa de Auto Solvencia Econ\u00f3mica en Panama<\/a><\/li>\n\t<li id=\"menu-item-7647\" class=\"menu-item menu-item-type-post_type menu-item-object-page menu-item-7647\"><a href=\"https:\/\/www.relofirm.com\/es\/visa-de-reforestacion\/\">Visa de Reforestaci\u00f3n<\/a><\/li>\n\t<li id=\"menu-item-7648\" class=\"menu-item menu-item-type-post_type menu-item-object-page menu-item-7648\"><a href=\"https:\/\/www.relofirm.com\/es\/programa-de-inversionista-agricola\/\">Programa de Inversionista Agr\u00edcola<\/a><\/li>\n\t<li id=\"menu-item-7649\" class=\"menu-item menu-item-type-post_type menu-item-object-page menu-item-7649\"><a href=\"https:\/\/www.relofirm.com\/es\/programa-de-inversionista-en-zona-procesadora-libre-de-impuestos\/\">Programa de Inversionista en Zona Procesadora Libre de Impuestos<\/a><\/li>\n\t<li id=\"menu-item-7650\" class=\"menu-item menu-item-type-post_type menu-item-object-page menu-item-7650\"><a href=\"https:\/\/www.relofirm.com\/es\/visa-de-trabajo-para-la-ciudad-del-saber\/\">Visa de Trabajo para la Ciudad del Saber<\/a><\/li>\n\t<li id=\"menu-item-7651\" class=\"menu-item menu-item-type-post_type menu-item-object-page menu-item-7651\"><a href=\"https:\/\/www.relofirm.com\/es\/visa-de-misionero\/\">Visa de Misionero<\/a><\/li>\n\t<li id=\"menu-item-7652\" class=\"menu-item menu-item-type-post_type menu-item-object-page menu-item-7652\"><a href=\"https:\/\/www.relofirm.com\/es\/visa-de-estudiante-panama\/\">Visa de Estudiante Panama<\/a><\/li>\n\t<li id=\"menu-item-7653\" class=\"menu-item menu-item-type-post_type menu-item-object-page menu-item-7653\"><a href=\"https:\/\/www.relofirm.com\/es\/inmigracion-panamena-visa-de-multiples-entradas-y-salidas\/\">Inmigracion Panamena Visa de M\u00faltiples Entradas y Salidas<\/a><\/li>\n\t<li id=\"menu-item-7654\" class=\"menu-item menu-item-type-post_type menu-item-object-page menu-item-7654\"><a href=\"https:\/\/www.relofirm.com\/es\/visa-de-turista-en-panama\/\">Visa de Turista en Panam\u00e1<\/a><\/li>\n\t<li id=\"menu-item-7655\" class=\"menu-item menu-item-type-post_type menu-item-object-page menu-item-7655\"><a href=\"https:\/\/www.relofirm.com\/es\/autorizacion-de-visa-de-turista-en-panama\/\">Autorizacion de visa de Turista en Panama<\/a><\/li>\n\t<li id=\"menu-item-7656\" class=\"menu-item menu-item-type-post_type menu-item-object-page menu-item-7656\"><a href=\"https:\/\/www.relofirm.com\/es\/visa-de-marino-en-panama\/\">Visa de Marino en Panama<\/a><\/li>\n\t<li id=\"menu-item-7657\" class=\"menu-item menu-item-type-post_type menu-item-object-page menu-item-7657\"><a href=\"https:\/\/www.relofirm.com\/es\/visa-de-trabajadores-especialistas-en-panama\/\">Visa de Trabajadores Especialistas en Panama<\/a><\/li>\n\t<li id=\"menu-item-7658\" class=\"menu-item menu-item-type-post_type menu-item-object-page menu-item-7658\"><a href=\"https:\/\/www.relofirm.com\/es\/visa-de-residencia-en-panama-para-ciudadanos-italianos\/\">Visa de Residencia en Panama para Ciudadanos Italianos<\/a><\/li>\n\t<li id=\"menu-item-7659\" class=\"menu-item menu-item-type-post_type menu-item-object-page menu-item-7659\"><a href=\"https:\/\/www.relofirm.com\/es\/visa-para-trabajadores-eventuales-en-la-cultura-deporte-o-educacion\/\">Visa para Trabajadores Eventuales en la Cultura, Deporte o Educacion<\/a><\/li>\n\t<li id=\"menu-item-7660\" class=\"menu-item menu-item-type-post_type menu-item-object-page menu-item-7660\"><a href=\"https:\/\/www.relofirm.com\/es\/visa-de-trabajadores-domesticos-en-panama\/\">Visa de Trabajadores Dom\u00e9sticos en Panam\u00e1<\/a><\/li>\n\t<li id=\"menu-item-7661\" class=\"menu-item menu-item-type-post_type menu-item-object-page menu-item-7661\"><a href=\"https:\/\/www.relofirm.com\/es\/visas-de-corta-estancia-en-panama\/\">Visas de Corta Estancia en Panama<\/a><\/li>\n\t<li id=\"menu-item-7662\" class=\"menu-item menu-item-type-post_type menu-item-object-page menu-item-7662\"><a href=\"https:\/\/www.relofirm.com\/es\/visa-de-pasajeros-y-tripulantes-de-naves-con-fines-de-recreo-o-turismo-en-panama\/\">Visa de Pasajeros y Tripulantes de Naves con Fines de Recreo o Turismo en Panam\u00e1<\/a><\/li>\n\t<li id=\"menu-item-7663\" class=\"menu-item menu-item-type-post_type menu-item-object-page menu-item-7663\"><a href=\"https:\/\/www.relofirm.com\/es\/visa-de-trabajo-en-panama-para-residencia-temporal\/\">Visa de Trabajo en Panama para Residencia Temporal<\/a><\/li>\n\t<li id=\"menu-item-7664\" class=\"menu-item menu-item-type-post_type menu-item-object-page menu-item-7664\"><a href=\"https:\/\/www.relofirm.com\/es\/visas-de-residencia-temporal-en-panama-por-razones-especiales\/\">Visas de Residencia Temporal en Panama por Razones Especiales<\/a><\/li>\n\t<li id=\"menu-item-7665\" class=\"menu-item menu-item-type-post_type menu-item-object-page menu-item-7665\"><a href=\"https:\/\/www.relofirm.com\/es\/permisos-temporales-por-razones-humanitarias-en-panama\/\">Permisos Temporales por Razones Humanitarias en Panam\u00e1<\/a><\/li>\n\t<li id=\"menu-item-7666\" class=\"menu-item menu-item-type-post_type menu-item-object-page menu-item-7666\"><a href=\"https:\/\/www.relofirm.com\/es\/visas-por-politicas-especiales-en-panama\/\">Visas por Pol\u00edticas Especiales en Panam\u00e1<\/a><\/li>\n\t<li id=\"menu-item-7667\" class=\"menu-item menu-item-type-post_type menu-item-object-page menu-item-7667\"><a href=\"https:\/\/www.relofirm.com\/es\/visas-de-residencia-permanente-de-reagrupacion-familiar-en-panama\/\">Visas de Residencia Permanente de Reagrupaci\u00f3n Familiar en Panam\u00e1<\/a><\/li>\n\t<li id=\"menu-item-7668\" class=\"menu-item menu-item-type-post_type menu-item-object-page menu-item-7668\"><a href=\"https:\/\/www.relofirm.com\/es\/visas-para-extranjeros-bajo-proteccion-del-estado-refugiados\/\">Visas para Extranjeros Bajo Protecci\u00f3n del Estado (Refugiados)<\/a><\/li>\n\t<li id=\"menu-item-7669\" class=\"menu-item menu-item-type-post_type menu-item-object-page menu-item-7669\"><a href=\"https:\/\/www.relofirm.com\/es\/cambio-del-estatus-migratorio-de-panama\/\">Cambio del Estatus Migratorio de Panama<\/a><\/li>\n\t<li id=\"menu-item-7670\" class=\"menu-item menu-item-type-post_type menu-item-object-page menu-item-7670\"><a href=\"https:\/\/www.relofirm.com\/es\/control-migratorio-de-panama\/\">Control Migratorio de Panam\u00e1<\/a><\/li>\n\t<li id=\"menu-item-7672\" class=\"menu-item menu-item-type-post_type menu-item-object-page menu-item-7672\"><a href=\"https:\/\/www.relofirm.com\/es\/introduccion-de-mascotas-a-panama\/\">Introducci\u00f3n de Mascotas a Panam\u00e1<\/a><\/li>\n\t<li id=\"menu-item-7673\" class=\"menu-item menu-item-type-post_type menu-item-object-page menu-item-7673\"><a href=\"https:\/\/www.relofirm.com\/es\/verificacion-de-antecedentes-penales-en-panama\/\">Verificacion de Antecedentes Penales en Panama<\/a><\/li>\n\t<li id=\"menu-item-7674\" class=\"menu-item menu-item-type-post_type menu-item-object-page menu-item-7674\"><a href=\"https:\/\/www.relofirm.com\/es\/los-padres-de-ninos-nacidos-en-panama-podran-convertirse-en-residentes-permanentes\/\">Los Padres de Ninos Nacidos en Panama Podran Convertirse en Residentes Permanentes<\/a><\/li>\n\t<li id=\"menu-item-7675\" class=\"menu-item menu-item-type-post_type menu-item-object-page menu-item-7675\"><a href=\"https:\/\/www.relofirm.com\/es\/como-obetener-un-certificado-de-nacimiento-defuncion\/\">Certificado de Nacimiento o de Defuncion de Personas Nacidas en el Area del Canal<\/a><\/li>\n<\/ul>\n<\/li>\n<\/ul><\/div>\n<hr \/>\n<p>International Relocation Firm podr\u00e1 tramitar las solicitudes de Visa para Trabajadores Dom\u00e9sticos en Panam\u00e1.<\/p>\n<p>El art\u00edculo 15 del Decreto Ley No. 3 del 22 de Febrero de 2008 establece que un ciudadano paname\u00f1o o un residente bien sea temporal o permanente, que contrate a un extranjero para realizar labores de trabajo dom\u00e9stico, podr\u00e1 solicitar \u00e9sta Visa para Trabajadores Dom\u00e9sticos por un per\u00edodo de un (1) a\u00f1o con cuatro extensiones, siempre y cuando el solicitante permanezca trabajando con el mismo empleador y ambos cumplan con los requerimientos y responsabilidades requeridas por el Servicio Nacional de Migraci\u00f3n.<\/p>\n<p>La Visa de Trabajadores Dom\u00e9sticos en Panam\u00e1 incluye como labores las siguientes: personal de servicio, jardineros, cocineros, choferes, mayordomos y cuidadores de ni\u00f1os.<\/p>\n<p>Esta Visa Domestica\u00a0Paname\u00f1a es una excelente oportunidad para los extranjeros que decidan reubicarse y establecer la residencia legal en Panam\u00e1. Cualquier Paname\u00f1o o residente temporal o permanente podr\u00e1 patrocinar a una persona extranjera como su empleado para que obtenga la Visa Dom\u00e9stica en Panama.<\/p>\n<p>El paname\u00f1o o residente temporal o permanente estar\u00e1 obligado a cumplir con las disposiciones se\u00f1aladas en el art\u00edculo 89 del Decreto Ley No. 3 del 22 de Febrero de 2008 y todas aquellas contenidas en \u00e9sta regulaci\u00f3n. Ambos, tanto el empleado dom\u00e9stico como el empleador, estar\u00e1n obligados a notificar a Servicio Nacional de Migraci\u00f3n de Panam\u00e1 en caso de culminarse el contrato de trabajo, lo cual ser\u00e1 motivo para la cancelaci\u00f3n de la Visa de Trabajo Dom\u00e9stico.<\/p>\n<h2>Solicitar la Visa de Trabajador Dom\u00e9stico en Panam\u00e1<\/h2>\n<p>Para solicitar la Visa de Trabajador Dom\u00e9stico en Panam\u00e1, el extranjero deber\u00e1 cumplir con las formalidades exigidas en el Art\u00edculo 28 del Decreto Ley No. 3 del 22 de Febrero de 2008, excepto el numeral 4 y entregar los siguientes documentos:<\/p>\n<ul>\n<li>Solicitud de Visa de Empleado Dom\u00e9stico en Panam\u00e1.<\/li>\n<li>Tres (3) Fotograf\u00edas.<\/li>\n<li>Copia del Documento de Identificaci\u00f3n del Pa\u00eds de origen o permiso de residencia.<\/li>\n<li>Dep\u00f3sito de Garant\u00eda emitido por el empleador a favor del Servicio Nacional de Inmigraci\u00f3n por la suma de quinientos ($500.00) D\u00f3lares Americanos.<\/li>\n<li>Pago por tr\u00e1mite y gesti\u00f3n de servicios migratorios por la suma de cien ($100.00) D\u00f3lares Americanos a favor del Servicio Nacional de Migraci\u00f3n.<\/li>\n<li>Copia de un recibo de servicio p\u00fablico donde se muestre la direcci\u00f3n de residencia donde se vaya a prestar el servicio.<\/li>\n<li>Paz y Salvo Nacional de los ingresos del empleador y del empleado.<\/li>\n<li>Prueba de afiliaci\u00f3n a la Caja del Seguro Social del extranjero y copia de su \u00faltima tarjeta. (En caso de que se disponga en el archivo)<\/li>\n<li>Carta de responsabilidad del empleador.<\/li>\n<li>Contrato de trabajo.<\/li>\n<li>Copia del Documento de Identificaci\u00f3n Nacional o de la Tarjeta de Residencia Legal del empleador.<\/li>\n<li>Prueba de solvencia econ\u00f3mica del empleador a trav\u00e9s de la entrega de cualquiera de los siguientes documentos:\n<ul>\n<li>Carta emitida por el empleador indicando el salario percibido por el empleado.<\/li>\n<li>Declaraci\u00f3n de Ingresos con su respectivo Paz y Salvo.<\/li>\n<li>Copia de Tarjeta de Cr\u00e9dito de cualquier Banco.<\/li>\n<\/ul>\n<\/li>\n<\/ul>\n<h2>REQUISITOS PARA LA RENOVACION DE LA VISA DE TRABAJADOR DOMESTICO<\/h2>\n<ul>\n<li>Solicitud de Renovaci\u00f3n de la Visa<\/li>\n<li>Pago de cincuenta (50.00) D\u00f3lares al Servicio Nacional de Migraci\u00f3n.<\/li>\n<li>Copia de un recibo de servicio p\u00fablico donde se refleje la direcci\u00f3n de la residencia donde prestar\u00e1 sus servicios el empleado dom\u00e9stico.<\/li>\n<li>Prueba de afiliaci\u00f3n a la Caja del Seguro Social del extranjero y copia de su tarjeta.<\/li>\n<li>Carta de responsabilidad del empleador.<\/li>\n<\/ul>\n<p><strong>HONORARIOS DE International Relocation Firm<\/strong><\/p>\n<p><strong>Para solicitante principal<\/strong><\/p>\n<p><strong>Etapa 1.-<\/strong><\/p>\n<ul>\n<li>Honorario por servicios legales para tr\u00e1mite de Visa de Inmigraci\u00f3n y Residencia Temporal por dos (02) a\u00f1os en Panam\u00e1: Dos mil D\u00f3lares Americanos (US$2000)<\/li>\n<li>Impuestos Gubernamentales y otros gastos:\n<ul>\n<li>Tesoro Nacional: Doscientos cincuenta D\u00f3lares Americanos (US$250)<\/li>\n<li>Dep\u00f3sito de Repatriaci\u00f3n: Ochocientos D\u00f3lares Americanos (US$800). (Los cuales ser\u00e1n reembolsados una vez que se apruebe la residencia permanente.)<\/li>\n<li>Otros cargos: Trescientos cincuenta D\u00f3lares Americanos (US$350)<\/li>\n<\/ul>\n<\/li>\n<\/ul>\n<p>Total Importe del Gobierno y Dep\u00f3sito de Repatriaci\u00f3n: Mil cuatrocientos D\u00f3lares Americanos (US$1400)<\/p>\n<p>Si Usted est\u00e1 interesado en reubicarse a Panama o en <a href=\"https:\/\/www.relofirm.com\/es\/immigration_visas\">solicitar residencia en Panam\u00e1<\/a>, por favor cont\u00e1ctenos y gustosamente le brindaremos una consulta personalizada en las oficinas de International Relocation Firm.<\/p>\n<hr \/>\n","protected":false},"excerpt":{"rendered":"<p>International Relocation Firm podr\u00e1 tramitar las solicitudes de Visa para Trabajadores Dom\u00e9sticos en Panam\u00e1. El art\u00edculo 15 del Decreto Ley No. 3 del 22 de Febrero de 2008 establece que un ciudadano paname\u00f1o o un residente bien sea temporal o permanente, que contrate a un extranjero para realizar labores de trabajo dom\u00e9stico, podr\u00e1 solicitar \u00e9sta [&hellip;]<\/p>\n","protected":false},"author":10,"featured_media":0,"parent":0,"menu_order":0,"comment_status":"closed","ping_status":"closed","template":"","meta":{"_et_pb_use_builder":"","_et_pb_old_content":"","_et_gb_content_width":"","inline_featured_image":false},"yoast_head":"<!-- This site is optimized with the Yoast SEO plugin v18.5.1 - https:\/\/yoast.com\/wordpress\/plugins\/seo\/ -->\n<title>Visa de Trabajadores Dom\u00e9sticos en Panam\u00e1 - International Relocation Firm<\/title>\n<meta name=\"robots\" content=\"index, follow, max-snippet:-1, max-image-preview:large, max-video-preview:-1\" \/>\n<link rel=\"canonical\" href=\"https:\/\/www.relofirm.com\/es\/visa-de-trabajadores-domesticos-en-panama\/\" \/>\n<meta property=\"og:locale\" content=\"es_ES\" \/>\n<meta property=\"og:type\" content=\"article\" \/>\n<meta property=\"og:title\" content=\"Visa de Trabajadores Dom\u00e9sticos en Panam\u00e1 - International Relocation Firm\" \/>\n<meta property=\"og:description\" content=\"International Relocation Firm podr\u00e1 tramitar las solicitudes de Visa para Trabajadores Dom\u00e9sticos en Panam\u00e1. El art\u00edculo 15 del Decreto Ley No. 3 del 22 de Febrero de 2008 establece que un ciudadano paname\u00f1o o un residente bien sea temporal o permanente, que contrate a un extranjero para realizar labores de trabajo dom\u00e9stico, podr\u00e1 solicitar \u00e9sta [&hellip;]\" \/>\n<meta property=\"og:url\" content=\"https:\/\/www.relofirm.com\/es\/visa-de-trabajadores-domesticos-en-panama\/\" \/>\n<meta property=\"og:site_name\" content=\"International Relocation Firm\" \/>\n<meta property=\"article:publisher\" content=\"https:\/\/www.facebook.com\/ReloFirm\/\" \/>\n<meta property=\"article:modified_time\" content=\"2020-01-22T15:40:27+00:00\" \/>\n<meta name=\"twitter:label1\" content=\"Tiempo de lectura\" \/>\n\t<meta name=\"twitter:data1\" content=\"4 minutos\" \/>\n<!-- \/ Yoast SEO plugin. -->","yoast_head_json":{"title":"Visa de Trabajadores Dom\u00e9sticos en Panam\u00e1 - International Relocation Firm","robots":{"index":"index","follow":"follow","max-snippet":"max-snippet:-1","max-image-preview":"max-image-preview:large","max-video-preview":"max-video-preview:-1"},"canonical":"https:\/\/www.relofirm.com\/es\/visa-de-trabajadores-domesticos-en-panama\/","og_locale":"es_ES","og_type":"article","og_title":"Visa de Trabajadores Dom\u00e9sticos en Panam\u00e1 - International Relocation Firm","og_description":"International Relocation Firm podr\u00e1 tramitar las solicitudes de Visa para Trabajadores Dom\u00e9sticos en Panam\u00e1. El art\u00edculo 15 del Decreto Ley No. 3 del 22 de Febrero de 2008 establece que un ciudadano paname\u00f1o o un residente bien sea temporal o permanente, que contrate a un extranjero para realizar labores de trabajo dom\u00e9stico, podr\u00e1 solicitar \u00e9sta [&hellip;]","og_url":"https:\/\/www.relofirm.com\/es\/visa-de-trabajadores-domesticos-en-panama\/","og_site_name":"International Relocation Firm","article_publisher":"https:\/\/www.facebook.com\/ReloFirm\/","article_modified_time":"2020-01-22T15:40:27+00:00","twitter_misc":{"Tiempo de lectura":"4 minutos"},"schema":{"@context":"https:\/\/schema.org","@graph":[{"@type":"Organization","@id":"https:\/\/www.relofirm.com\/#organization","name":"International Relocation Firm","url":"https:\/\/www.relofirm.com\/","sameAs":["https:\/\/www.facebook.com\/ReloFirm\/","https:\/\/www.linkedin.com\/company\/relo-firm","https:\/\/twitter.com\/polslegal"],"logo":{"@type":"ImageObject","@id":"https:\/\/www.relofirm.com\/#logo","inLanguage":"es","url":"https:\/\/www.relofirm.com\/wp-content\/uploads\/2021\/11\/relofirm-logo.svg","contentUrl":"https:\/\/www.relofirm.com\/wp-content\/uploads\/2021\/11\/relofirm-logo.svg","width":1485,"height":516,"caption":"International Relocation Firm"},"image":{"@id":"https:\/\/www.relofirm.com\/#logo"}},{"@type":"WebSite","@id":"https:\/\/www.relofirm.com\/#website","url":"https:\/\/www.relofirm.com\/","name":"International Relocation Firm","description":"","publisher":{"@id":"https:\/\/www.relofirm.com\/#organization"},"potentialAction":[{"@type":"SearchAction","target":{"@type":"EntryPoint","urlTemplate":"https:\/\/www.relofirm.com\/?s={search_term_string}"},"query-input":"required name=search_term_string"}],"inLanguage":"es"},{"@type":"WebPage","@id":"https:\/\/www.relofirm.com\/es\/visa-de-trabajadores-domesticos-en-panama\/#webpage","url":"https:\/\/www.relofirm.com\/es\/visa-de-trabajadores-domesticos-en-panama\/","name":"Visa de Trabajadores Dom\u00e9sticos en Panam\u00e1 - International Relocation Firm","isPartOf":{"@id":"https:\/\/www.relofirm.com\/#website"},"datePublished":"2010-12-13T05:00:00+00:00","dateModified":"2020-01-22T15:40:27+00:00","breadcrumb":{"@id":"https:\/\/www.relofirm.com\/es\/visa-de-trabajadores-domesticos-en-panama\/#breadcrumb"},"inLanguage":"es","potentialAction":[{"@type":"ReadAction","target":["https:\/\/www.relofirm.com\/es\/visa-de-trabajadores-domesticos-en-panama\/"]}]},{"@type":"BreadcrumbList","@id":"https:\/\/www.relofirm.com\/es\/visa-de-trabajadores-domesticos-en-panama\/#breadcrumb","itemListElement":[{"@type":"ListItem","position":1,"name":"Home","item":"https:\/\/www.relofirm.com\/es\/"},{"@type":"ListItem","position":2,"name":"Visa de Trabajadores Dom\u00e9sticos en Panam\u00e1"}]}]}},"_links":{"self":[{"href":"https:\/\/www.relofirm.com\/es\/wp-json\/wp\/v2\/pages\/7089"}],"collection":[{"href":"https:\/\/www.relofirm.com\/es\/wp-json\/wp\/v2\/pages"}],"about":[{"href":"https:\/\/www.relofirm.com\/es\/wp-json\/wp\/v2\/types\/page"}],"author":[{"embeddable":true,"href":"https:\/\/www.relofirm.com\/es\/wp-json\/wp\/v2\/users\/10"}],"replies":[{"embeddable":true,"href":"https:\/\/www.relofirm.com\/es\/wp-json\/wp\/v2\/comments?post=7089"}],"version-history":[{"count":1,"href":"https:\/\/www.relofirm.com\/es\/wp-json\/wp\/v2\/pages\/7089\/revisions"}],"predecessor-version":[{"id":8033,"href":"https:\/\/www.relofirm.com\/es\/wp-json\/wp\/v2\/pages\/7089\/revisions\/8033"}],"wp:attachment":[{"href":"https:\/\/www.relofirm.com\/es\/wp-json\/wp\/v2\/media?parent=7089"}],"curies":[{"name":"wp","href":"https:\/\/api.w.org\/{rel}","templated":true}]}}