{"id":7086,"date":"2010-12-13T00:00:00","date_gmt":"2010-12-13T05:00:00","guid":{"rendered":"https:\/\/relofirm.com\/marine_visa\/"},"modified":"2020-01-22T10:40:03","modified_gmt":"2020-01-22T15:40:03","slug":"visa-de-marino-en-panama","status":"publish","type":"page","link":"https:\/\/www.relofirm.com\/es\/visa-de-marino-en-panama\/","title":{"rendered":"Visa de Marino en Panama"},"content":{"rendered":"<div class=\"menu-immigration-en-container\"><ul id=\"menu-immigration-en\" class=\"menu\"><li id=\"menu-item-7642\" class=\"menu-item menu-item-type-post_type menu-item-object-page menu-item-has-children menu-item-7642\"><a href=\"https:\/\/www.relofirm.com\/es\/visas-para-panama-panama-inmigracion\/\">Visas para Panam\u00e1: Panam\u00e1 Inmigraci\u00f3n<\/a>\n<ul class=\"sub-menu\">\n\t<li id=\"menu-item-7643\" class=\"menu-item menu-item-type-post_type menu-item-object-page menu-item-7643\"><a href=\"https:\/\/www.relofirm.com\/es\/como-obtener-residencia-permanente-en-panama\/\">Como Obtener Residencia Permanente en Panam\u00e1<\/a><\/li>\n\t<li id=\"menu-item-237536\" class=\"menu-item menu-item-type-post_type menu-item-object-page menu-item-237536\"><a href=\"https:\/\/www.relofirm.com\/es\/visas-para-panama-panama-inmigracion\/naturalizacion\/\">Naturalizaci\u00f3n en Panam\u00e1<\/a><\/li>\n\t<li id=\"menu-item-7644\" class=\"menu-item menu-item-type-post_type menu-item-object-page menu-item-7644\"><a href=\"https:\/\/www.relofirm.com\/es\/visas-de-paises-amigos-de-panama\/\">Visas de Paises Amigos de Panama<\/a><\/li>\n\t<li id=\"menu-item-7645\" class=\"menu-item menu-item-type-post_type menu-item-object-page menu-item-7645\"><a href=\"https:\/\/www.relofirm.com\/es\/visas-de-pensionado-en-panama-visa-jubilados\/\">Visa de Pensionado en Panam\u00e1 (Visa Jubilados)<\/a><\/li>\n\t<li id=\"menu-item-10943\" class=\"menu-item menu-item-type-post_type menu-item-object-page menu-item-10943\"><a href=\"https:\/\/www.relofirm.com\/es\/residente-permanente-en-calidad-de-inversionista-calificado\/\">Residente Permanente en Calidad de Inversionista Calificado<\/a><\/li>\n\t<li id=\"menu-item-7646\" class=\"menu-item menu-item-type-post_type menu-item-object-page menu-item-7646\"><a href=\"https:\/\/www.relofirm.com\/es\/visa-de-auto-solvencia-economica-en-panama\/\">Visa de Auto Solvencia Econ\u00f3mica en Panama<\/a><\/li>\n\t<li id=\"menu-item-7647\" class=\"menu-item menu-item-type-post_type menu-item-object-page menu-item-7647\"><a href=\"https:\/\/www.relofirm.com\/es\/visa-de-reforestacion\/\">Visa de Reforestaci\u00f3n<\/a><\/li>\n\t<li id=\"menu-item-7648\" class=\"menu-item menu-item-type-post_type menu-item-object-page menu-item-7648\"><a href=\"https:\/\/www.relofirm.com\/es\/programa-de-inversionista-agricola\/\">Programa de Inversionista Agr\u00edcola<\/a><\/li>\n\t<li id=\"menu-item-7649\" class=\"menu-item menu-item-type-post_type menu-item-object-page menu-item-7649\"><a href=\"https:\/\/www.relofirm.com\/es\/programa-de-inversionista-en-zona-procesadora-libre-de-impuestos\/\">Programa de Inversionista en Zona Procesadora Libre de Impuestos<\/a><\/li>\n\t<li id=\"menu-item-7650\" class=\"menu-item menu-item-type-post_type menu-item-object-page menu-item-7650\"><a href=\"https:\/\/www.relofirm.com\/es\/visa-de-trabajo-para-la-ciudad-del-saber\/\">Visa de Trabajo para la Ciudad del Saber<\/a><\/li>\n\t<li id=\"menu-item-7651\" class=\"menu-item menu-item-type-post_type menu-item-object-page menu-item-7651\"><a href=\"https:\/\/www.relofirm.com\/es\/visa-de-misionero\/\">Visa de Misionero<\/a><\/li>\n\t<li id=\"menu-item-7652\" class=\"menu-item menu-item-type-post_type menu-item-object-page menu-item-7652\"><a href=\"https:\/\/www.relofirm.com\/es\/visa-de-estudiante-panama\/\">Visa de Estudiante Panama<\/a><\/li>\n\t<li id=\"menu-item-7653\" class=\"menu-item menu-item-type-post_type menu-item-object-page menu-item-7653\"><a href=\"https:\/\/www.relofirm.com\/es\/inmigracion-panamena-visa-de-multiples-entradas-y-salidas\/\">Inmigracion Panamena Visa de M\u00faltiples Entradas y Salidas<\/a><\/li>\n\t<li id=\"menu-item-7654\" class=\"menu-item menu-item-type-post_type menu-item-object-page menu-item-7654\"><a href=\"https:\/\/www.relofirm.com\/es\/visa-de-turista-en-panama\/\">Visa de Turista en Panam\u00e1<\/a><\/li>\n\t<li id=\"menu-item-7655\" class=\"menu-item menu-item-type-post_type menu-item-object-page menu-item-7655\"><a href=\"https:\/\/www.relofirm.com\/es\/autorizacion-de-visa-de-turista-en-panama\/\">Autorizacion de visa de Turista en Panama<\/a><\/li>\n\t<li id=\"menu-item-7656\" class=\"menu-item menu-item-type-post_type menu-item-object-page menu-item-7656\"><a href=\"https:\/\/www.relofirm.com\/es\/visa-de-marino-en-panama\/\">Visa de Marino en Panama<\/a><\/li>\n\t<li id=\"menu-item-7657\" class=\"menu-item menu-item-type-post_type menu-item-object-page menu-item-7657\"><a href=\"https:\/\/www.relofirm.com\/es\/visa-de-trabajadores-especialistas-en-panama\/\">Visa de Trabajadores Especialistas en Panama<\/a><\/li>\n\t<li id=\"menu-item-7658\" class=\"menu-item menu-item-type-post_type menu-item-object-page menu-item-7658\"><a href=\"https:\/\/www.relofirm.com\/es\/visa-de-residencia-en-panama-para-ciudadanos-italianos\/\">Visa de Residencia en Panama para Ciudadanos Italianos<\/a><\/li>\n\t<li id=\"menu-item-7659\" class=\"menu-item menu-item-type-post_type menu-item-object-page menu-item-7659\"><a href=\"https:\/\/www.relofirm.com\/es\/visa-para-trabajadores-eventuales-en-la-cultura-deporte-o-educacion\/\">Visa para Trabajadores Eventuales en la Cultura, Deporte o Educacion<\/a><\/li>\n\t<li id=\"menu-item-7660\" class=\"menu-item menu-item-type-post_type menu-item-object-page menu-item-7660\"><a href=\"https:\/\/www.relofirm.com\/es\/visa-de-trabajadores-domesticos-en-panama\/\">Visa de Trabajadores Dom\u00e9sticos en Panam\u00e1<\/a><\/li>\n\t<li id=\"menu-item-7661\" class=\"menu-item menu-item-type-post_type menu-item-object-page menu-item-7661\"><a href=\"https:\/\/www.relofirm.com\/es\/visas-de-corta-estancia-en-panama\/\">Visas de Corta Estancia en Panama<\/a><\/li>\n\t<li id=\"menu-item-7662\" class=\"menu-item menu-item-type-post_type menu-item-object-page menu-item-7662\"><a href=\"https:\/\/www.relofirm.com\/es\/visa-de-pasajeros-y-tripulantes-de-naves-con-fines-de-recreo-o-turismo-en-panama\/\">Visa de Pasajeros y Tripulantes de Naves con Fines de Recreo o Turismo en Panam\u00e1<\/a><\/li>\n\t<li id=\"menu-item-7663\" class=\"menu-item menu-item-type-post_type menu-item-object-page menu-item-7663\"><a href=\"https:\/\/www.relofirm.com\/es\/visa-de-trabajo-en-panama-para-residencia-temporal\/\">Visa de Trabajo en Panama para Residencia Temporal<\/a><\/li>\n\t<li id=\"menu-item-7664\" class=\"menu-item menu-item-type-post_type menu-item-object-page menu-item-7664\"><a href=\"https:\/\/www.relofirm.com\/es\/visas-de-residencia-temporal-en-panama-por-razones-especiales\/\">Visas de Residencia Temporal en Panama por Razones Especiales<\/a><\/li>\n\t<li id=\"menu-item-7665\" class=\"menu-item menu-item-type-post_type menu-item-object-page menu-item-7665\"><a href=\"https:\/\/www.relofirm.com\/es\/permisos-temporales-por-razones-humanitarias-en-panama\/\">Permisos Temporales por Razones Humanitarias en Panam\u00e1<\/a><\/li>\n\t<li id=\"menu-item-7666\" class=\"menu-item menu-item-type-post_type menu-item-object-page menu-item-7666\"><a href=\"https:\/\/www.relofirm.com\/es\/visas-por-politicas-especiales-en-panama\/\">Visas por Pol\u00edticas Especiales en Panam\u00e1<\/a><\/li>\n\t<li id=\"menu-item-7667\" class=\"menu-item menu-item-type-post_type menu-item-object-page menu-item-7667\"><a href=\"https:\/\/www.relofirm.com\/es\/visas-de-residencia-permanente-de-reagrupacion-familiar-en-panama\/\">Visas de Residencia Permanente de Reagrupaci\u00f3n Familiar en Panam\u00e1<\/a><\/li>\n\t<li id=\"menu-item-7668\" class=\"menu-item menu-item-type-post_type menu-item-object-page menu-item-7668\"><a href=\"https:\/\/www.relofirm.com\/es\/visas-para-extranjeros-bajo-proteccion-del-estado-refugiados\/\">Visas para Extranjeros Bajo Protecci\u00f3n del Estado (Refugiados)<\/a><\/li>\n\t<li id=\"menu-item-7669\" class=\"menu-item menu-item-type-post_type menu-item-object-page menu-item-7669\"><a href=\"https:\/\/www.relofirm.com\/es\/cambio-del-estatus-migratorio-de-panama\/\">Cambio del Estatus Migratorio de Panama<\/a><\/li>\n\t<li id=\"menu-item-7670\" class=\"menu-item menu-item-type-post_type menu-item-object-page menu-item-7670\"><a href=\"https:\/\/www.relofirm.com\/es\/control-migratorio-de-panama\/\">Control Migratorio de Panam\u00e1<\/a><\/li>\n\t<li id=\"menu-item-7672\" class=\"menu-item menu-item-type-post_type menu-item-object-page menu-item-7672\"><a href=\"https:\/\/www.relofirm.com\/es\/introduccion-de-mascotas-a-panama\/\">Introducci\u00f3n de Mascotas a Panam\u00e1<\/a><\/li>\n\t<li id=\"menu-item-7673\" class=\"menu-item menu-item-type-post_type menu-item-object-page menu-item-7673\"><a href=\"https:\/\/www.relofirm.com\/es\/verificacion-de-antecedentes-penales-en-panama\/\">Verificacion de Antecedentes Penales en Panama<\/a><\/li>\n\t<li id=\"menu-item-7674\" class=\"menu-item menu-item-type-post_type menu-item-object-page menu-item-7674\"><a href=\"https:\/\/www.relofirm.com\/es\/los-padres-de-ninos-nacidos-en-panama-podran-convertirse-en-residentes-permanentes\/\">Los Padres de Ninos Nacidos en Panama Podran Convertirse en Residentes Permanentes<\/a><\/li>\n\t<li id=\"menu-item-7675\" class=\"menu-item menu-item-type-post_type menu-item-object-page menu-item-7675\"><a href=\"https:\/\/www.relofirm.com\/es\/como-obetener-un-certificado-de-nacimiento-defuncion\/\">Certificado de Nacimiento o de Defuncion de Personas Nacidas en el Area del Canal<\/a><\/li>\n<\/ul>\n<\/li>\n<\/ul><\/div>\n<hr \/>\n<p>International Relocation Firm puede ayudarle a obtener la Visa de Marino de Panam\u00e1.<\/p>\n<p>El Servicio Nacional de Migraci\u00f3n aprobar\u00e1 a trav\u00e9s de resoluciones, los protocolos de procedimiento para que el flujo migratorio de los marinos que entran por los puertos de Panam\u00e1 como miembros de las tripulaciones de los buques con licencia de navegaci\u00f3n internacional, se lleven a cabo de una manera expedita en coordinaci\u00f3n con las asociaciones, las empresas, y las instituciones p\u00fablicas que participan en \u00e9stas actividades mar\u00edtimas en los puertos de Panam\u00e1.<\/p>\n<p>El Servicio Nacional de Migraci\u00f3n crear\u00e1 un registro de las agencias que operan en los puertos de Panam\u00e1, con la finalidad de que las mismas puedan actuar como entidades responsables ante la autoridad migratoria. Para ingresar al registro, deber\u00e1n completar el formulario que establece la Instituci\u00f3n para ello y satisfacer los requisitos exigidos.<\/p>\n<p>Los representantes o agentes de los buques que usen los puertos de Panam\u00e1, ser\u00e1n responsables del cumplimiento de las disposiciones del Articulo 9 de la Ley 60 de 1978.<\/p>\n<p><strong>La Visa Especial de Marino se puede solicitar a trav\u00e9s de los representantes o agentes de la nave presentando los siguientes documentos:<\/strong><\/p>\n<ol>\n<li>Solicitud de la Visa Mar\u00edtima de Panam\u00e1, incluyendo: Cargo y n\u00famero de licencia mar\u00edtima del empleado, datos de la embarcaci\u00f3n que lo contrata, hotel donde se alojar\u00e1 (Si aplica), y fecha de embarque. En caso de que el empleado mar\u00edtimo se vaya a embarcar en una nave con bandera paname\u00f1a, la solicitud deber\u00e1 ser sellada por la autoridad mar\u00edtima de Panam\u00e1.<\/li>\n<li>Carta de responsabilidad del representante o agente de la embarcaci\u00f3n.<\/li>\n<li>Copia del Pasaporte del trabajador mar\u00edtimo.<\/li>\n<li>Copia del contrato de empleo enviado por la empresa naviera que lo contrata.<\/li>\n<li>Copia de la libreta de embarque emitida por la autoridad competente en el pa\u00eds de origen y copia de la licencia mar\u00edtima (Si aplica)<\/li>\n<li>Copia del t\u00edtulo de idoneidad vigente emitido por la autoridad competente de su Pa\u00eds.<\/li>\n<\/ol>\n<p>Todos los documentos mencionados anteriormente no requieren ser autenticados ni notariados, exceptuando la carta de responsabilidad emitida por el representante o agente.<\/p>\n<p>En caso de que los representantes o agentes de los buques necesiten una extensi\u00f3n de la visa de Marino en Panam\u00e1 debido a circunstancias imprevistas, deber\u00e1n presentar una solicitud escrita al Servicio Nacional de Migraci\u00f3n justificando el motivo de dicha solicitud, garantizando la custodia de los empleados mar\u00edtimos y su salida de Panam\u00e1. Si la solicitud de extensi\u00f3n es rechazada, el o los empleados mar\u00edtimos deben ser repatriados inmediatamente y los costos correr\u00e1n por cuenta del representante o agente de la embarcaci\u00f3n.<\/p>\n<p>El representante o agente de la embarcaci\u00f3n que ser\u00e1 anclada en agua territorial o amarrada en puertos paname\u00f1os, deber\u00e1n solicitar al Servicio Nacional de Migraci\u00f3n la emisi\u00f3n de la autorizaci\u00f3n de descarga, o lo que es llamado \u201cPASE A TIERRA DE MARINOS\u201d.<\/p>\n<p><strong>Esta solicitud deber\u00e1 ser realizada veinticuatro (24) horas antes de la descarga y deber\u00e1 acompa\u00f1arse de la siguiente documentaci\u00f3n:<\/strong><\/p>\n<ol>\n<li>Certificaci\u00f3n de que el solicitante es representante o agente de la embarcaci\u00f3n.<\/li>\n<li>Carta de responsabilidad del representante o agente de la embarcaci\u00f3n.<\/li>\n<li>Carta de responsabilidad del Capit\u00e1n de la embarcaci\u00f3n, declarando la lista con los nombres de su tripulaci\u00f3n.<\/li>\n<li>Original y copia de los pasaportes.<\/li>\n<li>Original y copia de la licencia mar\u00edtima.<\/li>\n<\/ol>\n<p>Cuando la embarcaci\u00f3n se encuentre en reparaci\u00f3n, o en actividades de carga o descarga, despu\u00e9s de haber transcurrido los quince (15) d\u00edas establecidos en el art\u00edculo 07 de la Ley 60 de 1978, el representante o agente de la embarcaci\u00f3n podr\u00e1 solicitar una pr\u00f3rroga del Pase a Tierra al Servicio Nacional de Inmigraci\u00f3n, previa autorizaci\u00f3n del Director General o del servidor p\u00fablico autorizado. <strong>Para tales efectos, deber\u00e1 entregar:<\/strong><\/p>\n<ul>\n<li>Certificaci\u00f3n de que El o Ella es el representante o agente de la embarcaci\u00f3n.<\/li>\n<li>Carta de responsabilidad del agente o representante de la embarcaci\u00f3n.<\/li>\n<li>Carta de responsabilidad del Capit\u00e1n de la Embarcaci\u00f3n, declarando la lista con los nombres de su tripulaci\u00f3n.<\/li>\n<li>Constancia de reservaci\u00f3n hotelera, para aquellos casos que lo amerite.<\/li>\n<li>Original y copia del pasaporte.<\/li>\n<li>Dos (2) Fotograf\u00edas.<\/li>\n<li>Original y copia de la Licencia Mar\u00edtima.<\/li>\n<\/ul>\n<p>El Servicio Nacional de Inmigraci\u00f3n determinar\u00e1 el costo de los servicios migratorios mar\u00edtimos que incluyen: entrada y salida de los buques, transporte y descarga de los miembros de la tripulaci\u00f3n, horas extraordinarias, tarjeta de pase a tierra, inspecciones y cualquier otro costo que se generen por servicios a los tripulantes.<\/p>\n<p>Si Usted est\u00e1 interesado en reubicarse o en solicitar la residencia legal en Panam\u00e1, por favor cont\u00e1ctenos y gustosamente le brindaremos una consulta personalizada en las oficinas de International Relocation Firm, y de igual manera le ofreceremos nuestras tarifas por la gesti\u00f3n y tr\u00e1mite para la obtenci\u00f3n de una Visa de Marino en Panam\u00e1.<\/p>\n<hr \/>\n","protected":false},"excerpt":{"rendered":"<p>International Relocation Firm puede ayudarle a obtener la Visa de Marino de Panam\u00e1. El Servicio Nacional de Migraci\u00f3n aprobar\u00e1 a trav\u00e9s de resoluciones, los protocolos de procedimiento para que el flujo migratorio de los marinos que entran por los puertos de Panam\u00e1 como miembros de las tripulaciones de los buques con licencia de navegaci\u00f3n internacional, [&hellip;]<\/p>\n","protected":false},"author":10,"featured_media":0,"parent":0,"menu_order":0,"comment_status":"closed","ping_status":"closed","template":"","meta":{"_et_pb_use_builder":"","_et_pb_old_content":"","_et_gb_content_width":"","inline_featured_image":false},"yoast_head":"<!-- This site is optimized with the Yoast SEO plugin v18.5.1 - https:\/\/yoast.com\/wordpress\/plugins\/seo\/ -->\n<title>Visa de Marino en Panama - International Relocation Firm<\/title>\n<meta name=\"robots\" content=\"index, follow, max-snippet:-1, max-image-preview:large, max-video-preview:-1\" \/>\n<link rel=\"canonical\" href=\"https:\/\/www.relofirm.com\/es\/visa-de-marino-en-panama\/\" \/>\n<meta property=\"og:locale\" content=\"es_ES\" \/>\n<meta property=\"og:type\" content=\"article\" \/>\n<meta property=\"og:title\" content=\"Visa de Marino en Panama - International Relocation Firm\" \/>\n<meta property=\"og:description\" content=\"International Relocation Firm puede ayudarle a obtener la Visa de Marino de Panam\u00e1. El Servicio Nacional de Migraci\u00f3n aprobar\u00e1 a trav\u00e9s de resoluciones, los protocolos de procedimiento para que el flujo migratorio de los marinos que entran por los puertos de Panam\u00e1 como miembros de las tripulaciones de los buques con licencia de navegaci\u00f3n internacional, [&hellip;]\" \/>\n<meta property=\"og:url\" content=\"https:\/\/www.relofirm.com\/es\/visa-de-marino-en-panama\/\" \/>\n<meta property=\"og:site_name\" content=\"International Relocation Firm\" \/>\n<meta property=\"article:publisher\" content=\"https:\/\/www.facebook.com\/ReloFirm\/\" \/>\n<meta property=\"article:modified_time\" content=\"2020-01-22T15:40:03+00:00\" \/>\n<meta name=\"twitter:label1\" content=\"Tiempo de lectura\" \/>\n\t<meta name=\"twitter:data1\" content=\"4 minutos\" \/>\n<!-- \/ Yoast SEO plugin. -->","yoast_head_json":{"title":"Visa de Marino en Panama - International Relocation Firm","robots":{"index":"index","follow":"follow","max-snippet":"max-snippet:-1","max-image-preview":"max-image-preview:large","max-video-preview":"max-video-preview:-1"},"canonical":"https:\/\/www.relofirm.com\/es\/visa-de-marino-en-panama\/","og_locale":"es_ES","og_type":"article","og_title":"Visa de Marino en Panama - International Relocation Firm","og_description":"International Relocation Firm puede ayudarle a obtener la Visa de Marino de Panam\u00e1. El Servicio Nacional de Migraci\u00f3n aprobar\u00e1 a trav\u00e9s de resoluciones, los protocolos de procedimiento para que el flujo migratorio de los marinos que entran por los puertos de Panam\u00e1 como miembros de las tripulaciones de los buques con licencia de navegaci\u00f3n internacional, [&hellip;]","og_url":"https:\/\/www.relofirm.com\/es\/visa-de-marino-en-panama\/","og_site_name":"International Relocation Firm","article_publisher":"https:\/\/www.facebook.com\/ReloFirm\/","article_modified_time":"2020-01-22T15:40:03+00:00","twitter_misc":{"Tiempo de lectura":"4 minutos"},"schema":{"@context":"https:\/\/schema.org","@graph":[{"@type":"Organization","@id":"https:\/\/www.relofirm.com\/#organization","name":"International Relocation Firm","url":"https:\/\/www.relofirm.com\/","sameAs":["https:\/\/www.facebook.com\/ReloFirm\/","https:\/\/www.linkedin.com\/company\/relo-firm","https:\/\/twitter.com\/polslegal"],"logo":{"@type":"ImageObject","@id":"https:\/\/www.relofirm.com\/#logo","inLanguage":"es","url":"https:\/\/www.relofirm.com\/wp-content\/uploads\/2021\/11\/relofirm-logo.svg","contentUrl":"https:\/\/www.relofirm.com\/wp-content\/uploads\/2021\/11\/relofirm-logo.svg","width":1485,"height":516,"caption":"International Relocation Firm"},"image":{"@id":"https:\/\/www.relofirm.com\/#logo"}},{"@type":"WebSite","@id":"https:\/\/www.relofirm.com\/#website","url":"https:\/\/www.relofirm.com\/","name":"International Relocation Firm","description":"","publisher":{"@id":"https:\/\/www.relofirm.com\/#organization"},"potentialAction":[{"@type":"SearchAction","target":{"@type":"EntryPoint","urlTemplate":"https:\/\/www.relofirm.com\/?s={search_term_string}"},"query-input":"required name=search_term_string"}],"inLanguage":"es"},{"@type":"WebPage","@id":"https:\/\/www.relofirm.com\/es\/visa-de-marino-en-panama\/#webpage","url":"https:\/\/www.relofirm.com\/es\/visa-de-marino-en-panama\/","name":"Visa de Marino en Panama - International Relocation Firm","isPartOf":{"@id":"https:\/\/www.relofirm.com\/#website"},"datePublished":"2010-12-13T05:00:00+00:00","dateModified":"2020-01-22T15:40:03+00:00","breadcrumb":{"@id":"https:\/\/www.relofirm.com\/es\/visa-de-marino-en-panama\/#breadcrumb"},"inLanguage":"es","potentialAction":[{"@type":"ReadAction","target":["https:\/\/www.relofirm.com\/es\/visa-de-marino-en-panama\/"]}]},{"@type":"BreadcrumbList","@id":"https:\/\/www.relofirm.com\/es\/visa-de-marino-en-panama\/#breadcrumb","itemListElement":[{"@type":"ListItem","position":1,"name":"Home","item":"https:\/\/www.relofirm.com\/es\/"},{"@type":"ListItem","position":2,"name":"Visa de Marino en Panama"}]}]}},"_links":{"self":[{"href":"https:\/\/www.relofirm.com\/es\/wp-json\/wp\/v2\/pages\/7086"}],"collection":[{"href":"https:\/\/www.relofirm.com\/es\/wp-json\/wp\/v2\/pages"}],"about":[{"href":"https:\/\/www.relofirm.com\/es\/wp-json\/wp\/v2\/types\/page"}],"author":[{"embeddable":true,"href":"https:\/\/www.relofirm.com\/es\/wp-json\/wp\/v2\/users\/10"}],"replies":[{"embeddable":true,"href":"https:\/\/www.relofirm.com\/es\/wp-json\/wp\/v2\/comments?post=7086"}],"version-history":[{"count":1,"href":"https:\/\/www.relofirm.com\/es\/wp-json\/wp\/v2\/pages\/7086\/revisions"}],"predecessor-version":[{"id":8027,"href":"https:\/\/www.relofirm.com\/es\/wp-json\/wp\/v2\/pages\/7086\/revisions\/8027"}],"wp:attachment":[{"href":"https:\/\/www.relofirm.com\/es\/wp-json\/wp\/v2\/media?parent=7086"}],"curies":[{"name":"wp","href":"https:\/\/api.w.org\/{rel}","templated":true}]}}