{"id":7085,"date":"2010-12-13T00:00:00","date_gmt":"2010-12-13T05:00:00","guid":{"rendered":"https:\/\/relofirm.com\/tourist_visa\/"},"modified":"2020-01-22T10:40:43","modified_gmt":"2020-01-22T15:40:43","slug":"visa-de-turista-en-panama","status":"publish","type":"page","link":"https:\/\/www.relofirm.com\/es\/visa-de-turista-en-panama\/","title":{"rendered":"Visa de Turista en Panam\u00e1"},"content":{"rendered":"<div class=\"menu-immigration-en-container\"><ul id=\"menu-immigration-en\" class=\"menu\"><li id=\"menu-item-7642\" class=\"menu-item menu-item-type-post_type menu-item-object-page menu-item-has-children menu-item-7642\"><a href=\"https:\/\/www.relofirm.com\/es\/visas-para-panama-panama-inmigracion\/\">Visas para Panam\u00e1: Panam\u00e1 Inmigraci\u00f3n<\/a>\n<ul class=\"sub-menu\">\n\t<li id=\"menu-item-7643\" class=\"menu-item menu-item-type-post_type menu-item-object-page menu-item-7643\"><a href=\"https:\/\/www.relofirm.com\/es\/como-obtener-residencia-permanente-en-panama\/\">Como Obtener Residencia Permanente en Panam\u00e1<\/a><\/li>\n\t<li id=\"menu-item-237536\" class=\"menu-item menu-item-type-post_type menu-item-object-page menu-item-237536\"><a href=\"https:\/\/www.relofirm.com\/es\/visas-para-panama-panama-inmigracion\/naturalizacion\/\">Naturalizaci\u00f3n en Panam\u00e1<\/a><\/li>\n\t<li id=\"menu-item-7644\" class=\"menu-item menu-item-type-post_type menu-item-object-page menu-item-7644\"><a href=\"https:\/\/www.relofirm.com\/es\/visas-de-paises-amigos-de-panama\/\">Visas de Paises Amigos de Panama<\/a><\/li>\n\t<li id=\"menu-item-7645\" class=\"menu-item menu-item-type-post_type menu-item-object-page menu-item-7645\"><a href=\"https:\/\/www.relofirm.com\/es\/visas-de-pensionado-en-panama-visa-jubilados\/\">Visa de Pensionado en Panam\u00e1 (Visa Jubilados)<\/a><\/li>\n\t<li id=\"menu-item-10943\" class=\"menu-item menu-item-type-post_type menu-item-object-page menu-item-10943\"><a href=\"https:\/\/www.relofirm.com\/es\/residente-permanente-en-calidad-de-inversionista-calificado\/\">Residente Permanente en Calidad de Inversionista Calificado<\/a><\/li>\n\t<li id=\"menu-item-7646\" class=\"menu-item menu-item-type-post_type menu-item-object-page menu-item-7646\"><a href=\"https:\/\/www.relofirm.com\/es\/visa-de-auto-solvencia-economica-en-panama\/\">Visa de Auto Solvencia Econ\u00f3mica en Panama<\/a><\/li>\n\t<li id=\"menu-item-7647\" class=\"menu-item menu-item-type-post_type menu-item-object-page menu-item-7647\"><a href=\"https:\/\/www.relofirm.com\/es\/visa-de-reforestacion\/\">Visa de Reforestaci\u00f3n<\/a><\/li>\n\t<li id=\"menu-item-7648\" class=\"menu-item menu-item-type-post_type menu-item-object-page menu-item-7648\"><a href=\"https:\/\/www.relofirm.com\/es\/programa-de-inversionista-agricola\/\">Programa de Inversionista Agr\u00edcola<\/a><\/li>\n\t<li id=\"menu-item-7649\" class=\"menu-item menu-item-type-post_type menu-item-object-page menu-item-7649\"><a href=\"https:\/\/www.relofirm.com\/es\/programa-de-inversionista-en-zona-procesadora-libre-de-impuestos\/\">Programa de Inversionista en Zona Procesadora Libre de Impuestos<\/a><\/li>\n\t<li id=\"menu-item-7650\" class=\"menu-item menu-item-type-post_type menu-item-object-page menu-item-7650\"><a href=\"https:\/\/www.relofirm.com\/es\/visa-de-trabajo-para-la-ciudad-del-saber\/\">Visa de Trabajo para la Ciudad del Saber<\/a><\/li>\n\t<li id=\"menu-item-7651\" class=\"menu-item menu-item-type-post_type menu-item-object-page menu-item-7651\"><a href=\"https:\/\/www.relofirm.com\/es\/visa-de-misionero\/\">Visa de Misionero<\/a><\/li>\n\t<li id=\"menu-item-7652\" class=\"menu-item menu-item-type-post_type menu-item-object-page menu-item-7652\"><a href=\"https:\/\/www.relofirm.com\/es\/visa-de-estudiante-panama\/\">Visa de Estudiante Panama<\/a><\/li>\n\t<li id=\"menu-item-7653\" class=\"menu-item menu-item-type-post_type menu-item-object-page menu-item-7653\"><a href=\"https:\/\/www.relofirm.com\/es\/inmigracion-panamena-visa-de-multiples-entradas-y-salidas\/\">Inmigracion Panamena Visa de M\u00faltiples Entradas y Salidas<\/a><\/li>\n\t<li id=\"menu-item-7654\" class=\"menu-item menu-item-type-post_type menu-item-object-page menu-item-7654\"><a href=\"https:\/\/www.relofirm.com\/es\/visa-de-turista-en-panama\/\">Visa de Turista en Panam\u00e1<\/a><\/li>\n\t<li id=\"menu-item-7655\" class=\"menu-item menu-item-type-post_type menu-item-object-page menu-item-7655\"><a href=\"https:\/\/www.relofirm.com\/es\/autorizacion-de-visa-de-turista-en-panama\/\">Autorizacion de visa de Turista en Panama<\/a><\/li>\n\t<li id=\"menu-item-7656\" class=\"menu-item menu-item-type-post_type menu-item-object-page menu-item-7656\"><a href=\"https:\/\/www.relofirm.com\/es\/visa-de-marino-en-panama\/\">Visa de Marino en Panama<\/a><\/li>\n\t<li id=\"menu-item-7657\" class=\"menu-item menu-item-type-post_type menu-item-object-page menu-item-7657\"><a href=\"https:\/\/www.relofirm.com\/es\/visa-de-trabajadores-especialistas-en-panama\/\">Visa de Trabajadores Especialistas en Panama<\/a><\/li>\n\t<li id=\"menu-item-7658\" class=\"menu-item menu-item-type-post_type menu-item-object-page menu-item-7658\"><a href=\"https:\/\/www.relofirm.com\/es\/visa-de-residencia-en-panama-para-ciudadanos-italianos\/\">Visa de Residencia en Panama para Ciudadanos Italianos<\/a><\/li>\n\t<li id=\"menu-item-7659\" class=\"menu-item menu-item-type-post_type menu-item-object-page menu-item-7659\"><a href=\"https:\/\/www.relofirm.com\/es\/visa-para-trabajadores-eventuales-en-la-cultura-deporte-o-educacion\/\">Visa para Trabajadores Eventuales en la Cultura, Deporte o Educacion<\/a><\/li>\n\t<li id=\"menu-item-7660\" class=\"menu-item menu-item-type-post_type menu-item-object-page menu-item-7660\"><a href=\"https:\/\/www.relofirm.com\/es\/visa-de-trabajadores-domesticos-en-panama\/\">Visa de Trabajadores Dom\u00e9sticos en Panam\u00e1<\/a><\/li>\n\t<li id=\"menu-item-7661\" class=\"menu-item menu-item-type-post_type menu-item-object-page menu-item-7661\"><a href=\"https:\/\/www.relofirm.com\/es\/visas-de-corta-estancia-en-panama\/\">Visas de Corta Estancia en Panama<\/a><\/li>\n\t<li id=\"menu-item-7662\" class=\"menu-item menu-item-type-post_type menu-item-object-page menu-item-7662\"><a href=\"https:\/\/www.relofirm.com\/es\/visa-de-pasajeros-y-tripulantes-de-naves-con-fines-de-recreo-o-turismo-en-panama\/\">Visa de Pasajeros y Tripulantes de Naves con Fines de Recreo o Turismo en Panam\u00e1<\/a><\/li>\n\t<li id=\"menu-item-7663\" class=\"menu-item menu-item-type-post_type menu-item-object-page menu-item-7663\"><a href=\"https:\/\/www.relofirm.com\/es\/visa-de-trabajo-en-panama-para-residencia-temporal\/\">Visa de Trabajo en Panama para Residencia Temporal<\/a><\/li>\n\t<li id=\"menu-item-7664\" class=\"menu-item menu-item-type-post_type menu-item-object-page menu-item-7664\"><a href=\"https:\/\/www.relofirm.com\/es\/visas-de-residencia-temporal-en-panama-por-razones-especiales\/\">Visas de Residencia Temporal en Panama por Razones Especiales<\/a><\/li>\n\t<li id=\"menu-item-7665\" class=\"menu-item menu-item-type-post_type menu-item-object-page menu-item-7665\"><a href=\"https:\/\/www.relofirm.com\/es\/permisos-temporales-por-razones-humanitarias-en-panama\/\">Permisos Temporales por Razones Humanitarias en Panam\u00e1<\/a><\/li>\n\t<li id=\"menu-item-7666\" class=\"menu-item menu-item-type-post_type menu-item-object-page menu-item-7666\"><a href=\"https:\/\/www.relofirm.com\/es\/visas-por-politicas-especiales-en-panama\/\">Visas por Pol\u00edticas Especiales en Panam\u00e1<\/a><\/li>\n\t<li id=\"menu-item-7667\" class=\"menu-item menu-item-type-post_type menu-item-object-page menu-item-7667\"><a href=\"https:\/\/www.relofirm.com\/es\/visas-de-residencia-permanente-de-reagrupacion-familiar-en-panama\/\">Visas de Residencia Permanente de Reagrupaci\u00f3n Familiar en Panam\u00e1<\/a><\/li>\n\t<li id=\"menu-item-7668\" class=\"menu-item menu-item-type-post_type menu-item-object-page menu-item-7668\"><a href=\"https:\/\/www.relofirm.com\/es\/visas-para-extranjeros-bajo-proteccion-del-estado-refugiados\/\">Visas para Extranjeros Bajo Protecci\u00f3n del Estado (Refugiados)<\/a><\/li>\n\t<li id=\"menu-item-7669\" class=\"menu-item menu-item-type-post_type menu-item-object-page menu-item-7669\"><a href=\"https:\/\/www.relofirm.com\/es\/cambio-del-estatus-migratorio-de-panama\/\">Cambio del Estatus Migratorio de Panama<\/a><\/li>\n\t<li id=\"menu-item-7670\" class=\"menu-item menu-item-type-post_type menu-item-object-page menu-item-7670\"><a href=\"https:\/\/www.relofirm.com\/es\/control-migratorio-de-panama\/\">Control Migratorio de Panam\u00e1<\/a><\/li>\n\t<li id=\"menu-item-7672\" class=\"menu-item menu-item-type-post_type menu-item-object-page menu-item-7672\"><a href=\"https:\/\/www.relofirm.com\/es\/introduccion-de-mascotas-a-panama\/\">Introducci\u00f3n de Mascotas a Panam\u00e1<\/a><\/li>\n\t<li id=\"menu-item-7673\" class=\"menu-item menu-item-type-post_type menu-item-object-page menu-item-7673\"><a href=\"https:\/\/www.relofirm.com\/es\/verificacion-de-antecedentes-penales-en-panama\/\">Verificacion de Antecedentes Penales en Panama<\/a><\/li>\n\t<li id=\"menu-item-7674\" class=\"menu-item menu-item-type-post_type menu-item-object-page menu-item-7674\"><a href=\"https:\/\/www.relofirm.com\/es\/los-padres-de-ninos-nacidos-en-panama-podran-convertirse-en-residentes-permanentes\/\">Los Padres de Ninos Nacidos en Panama Podran Convertirse en Residentes Permanentes<\/a><\/li>\n\t<li id=\"menu-item-7675\" class=\"menu-item menu-item-type-post_type menu-item-object-page menu-item-7675\"><a href=\"https:\/\/www.relofirm.com\/es\/como-obetener-un-certificado-de-nacimiento-defuncion\/\">Certificado de Nacimiento o de Defuncion de Personas Nacidas en el Area del Canal<\/a><\/li>\n<\/ul>\n<\/li>\n<\/ul><\/div>\n<hr \/>\n<p>International Relocation Firm, podr\u00e1 asistirlo en el tr\u00e1mite y procesamiento de una <strong>Visa de Turista en Panam\u00e1<\/strong>.<\/p>\n<p>Esta es una visa formal, la cual deber\u00e1n solicitar las personas con ciudadan\u00edas de aquellos pa\u00edses que no posean permiso para entrar con una tarjeta de turista simple.<\/p>\n<p>El Servicio Nacional de Migraci\u00f3n emitir\u00e1 la visa de turista v\u00e1lida por un per\u00edodo no mayor a noventa (90) d\u00edas, siempre que los extranjeros solicitantes cumplan los requisitos migratorios establecidos en los acuerdos internacionales ratificados por el Gobierno de la Rep\u00fablica de Panam\u00e1 y con los principios de reciprocidad.<\/p>\n<p><strong>Un extranjero podr\u00e1 solicitar la Visa de Turista en Panam\u00e1 siempre y cuando entregue la siguiente documentaci\u00f3n:<\/strong><\/p>\n<ul>\n<li>Completar el formulario de solicitud de Visa de Turista en Panam\u00e1.<\/li>\n<li>Presentar original y copia completa del pasaporte con una vigencia de al menos tres (3) meses previo al vencimiento.<\/li>\n<li>Reserva del Pasaje de vuelta certificado por la aerol\u00ednea que lo emite, mediante ticket o boleto electr\u00f3nico.<\/li>\n<li>Copia de la Tarjeta de Identificaci\u00f3n o tarjeta de residencia del Pa\u00eds donde el solicitante reside.<\/li>\n<li>Tres (3) fotograf\u00edas.<\/li>\n<li>Pago de los servicios migratorios por la suma de cincuenta ($50.00) D\u00f3lares Americanos al momento de entregar la solicitud en el Servicio Nacional de Migraci\u00f3n.<\/li>\n<li>Prueba de solvencia econ\u00f3mica durante el tiempo de estad\u00eda en Panam\u00e1 por un m\u00ednimo de Quinientos ($500.00) D\u00f3lares Americanos comprobables mediante cualquiera de los siguientes instrumentos:\n<ul>\n<li>Cheque o giro bancario debidamente certificado a nombre del solicitante.<\/li>\n<li>Cheques de Viajero a nombre del solicitante.<\/li>\n<li>Estado de cuenta bancario de la cuenta del solicitante de los \u00faltimos tres meses que reflejen el saldo disponible.<\/li>\n<li>Tarjeta de Cr\u00e9dito con su respectivo estado de cuenta del \u00faltimo mes, que refleje el saldo disponible.<\/li>\n<li>Constancia de empleo con copia de los \u00faltimos recibos de pago o constancia de trabajo por cuenta propia.<\/li>\n<li>Carta de referencia bancaria en caso de que el solicitante se dedique al comercio.<\/li>\n<li>Carta o referencia emitida por un Contador P\u00fablico que certifique la solvencia econ\u00f3mica del solicitante.<\/li>\n<li>Cualquier otro documento que permita al Servicio Nacional de Migraci\u00f3n demostrar los ingresos del solicitante.<\/li>\n<\/ul>\n<\/li>\n<li>Muestra de las actividades que el turista llevar\u00e1 a cabo, tales como:\n<ul>\n<li>En el caso de ser un empleado p\u00fablico o privado: constancia de empleo con los \u00faltimos recibos de pago de salario o certificaci\u00f3n de ingresos en el caso de ser trabajador independiente.<\/li>\n<li>En el caso de un pensionado o jubilado: documento que pruebe ser un jubilado o pensionado con los recibos de pago correspondientes.<\/li>\n<li>Si es independiente: declaraci\u00f3n de impuestos del \u00faltimo per\u00edodo fiscal.<\/li>\n<li>En el caso de un estudiante: certificaci\u00f3n emitida por el centro educativo mediante la cual se haga constar que cursa estudios y se informe el per\u00edodo vacacional. El tiempo de vacaciones debe estipular el tiempo que le fuera otorgado para viajar.<\/li>\n<li>En el caso de una persona dependiente econ\u00f3micamente: declaraci\u00f3n jurada de alg\u00fan pariente que se responsabilice por su estad\u00eda durante el tiempo del viaje; certificaci\u00f3n de los v\u00ednculos familiares y prueba de solvencia econ\u00f3mica.<\/li>\n<\/ul>\n<\/li>\n<li>Copia del \u00faltimo permiso que le fuera aprobado al solicitante por la autoridad migratoria de Panam\u00e1. (Si aplica)<\/li>\n<li>Reserva hotelera confirmada (Si aplica)<\/li>\n<li>Declaraci\u00f3n jurada de la persona que lo invita, en cuyo caso podr\u00e1 ser realizado por:\n<ul>\n<li>Residente temporal o permanente en Panam\u00e1, o ciudadano paname\u00f1o, y deber\u00e1 incluir la siguiente documentaci\u00f3n:<\/li>\n<\/ul>\n<\/li>\n<\/ul>\n<p style=\"padding-left: 90px;\">1.) Documento de identificaci\u00f3n del Pa\u00eds de origen.<br \/>\n2.) Copia del Pasaporte y de la tarjeta de identificaci\u00f3n del extranjero<br \/>\n3.) Copia de recibos de pago por la prestaci\u00f3n de servicios p\u00fablicos, donde se refleje la direcci\u00f3n de residencia del responsable.<\/p>\n<ul>\n<li>Representante legal de entidades p\u00fablicas o privadas. En caso de ser una entidad p\u00fablica, deber\u00e1 presentar una carta de invitaci\u00f3n. En el caso de ser un ente privado, deber\u00e1 incluir los siguientes documentos:<\/li>\n<\/ul>\n<p style=\"padding-left: 90px;\">1.) Certificaci\u00f3n del Registro P\u00fablico.<br \/>\n2.) Copia de la Licencia Comercial.<br \/>\n3.) Copia de los recibos de pago de servicios p\u00fablicos, que indiquen la direcci\u00f3n de la oficina.<\/p>\n<h2>PROCEDIMIENTO PARA LA EXTENSION DE LA VISA DE TURISTA EN PANAMA.<\/h2>\n<p>Los extranjeros que ingresan a Panam\u00e1 como turista y a quienes se les haya otorgado una visa de turista por un plazo menor a los noventa (90) d\u00edas, previa autorizaci\u00f3n del Director General del Servicio Nacional de Migraci\u00f3n y antes del vencimiento de la visa de Turista de Panam\u00e1, podr\u00e1n solicitar personalmente o a trav\u00e9s de un abogado o representante legal, una extensi\u00f3n del plazo de la Visa hasta completar los noventa (90) d\u00edas de estad\u00eda.<\/p>\n<p><strong>Los solicitantes de extensi\u00f3n de visa de turista deber\u00e1n entregar la siguiente documentaci\u00f3n:<\/strong><\/p>\n<ul>\n<li>Solicitud de extensi\u00f3n de visa de turista en Panam\u00e1.<\/li>\n<li>Fotocopia completa del pasaporte, cuya vigencia m\u00ednima debe ser de tres (3) meses.<\/li>\n<li>Copia del boleto a\u00e9reo o ticket electr\u00f3nico.<\/li>\n<li>Reservaci\u00f3n de hotel (Si aplica)<\/li>\n<li>Justificaci\u00f3n y explicaci\u00f3n del motivo por el cual solicita la extensi\u00f3n de la Visa de Turista.<\/li>\n<li>Deber\u00e1 demostrar solvencia econ\u00f3mica para hacerse cargo de su manutenci\u00f3n durante su estad\u00eda en Panam\u00e1, la cual no podr\u00e1 ser inferior a quinientos (500) d\u00f3lares, y deber\u00e1 ser demostrada a trav\u00e9s de los siguientes instrumentos:\n<ul>\n<li>Cheque o giro bancario certificado a nombre el solicitante.<\/li>\n<li>Cheques de Viajero a nombre del solicitante.<\/li>\n<li>Estados de Cuenta bancarios de los \u00faltimos tres (3) meses que reflejen el saldo disponible, certificados por el Banco emisor.<\/li>\n<li>Estado de cuenta de los \u00faltimos tres (3) meses de una tarjeta de cr\u00e9dito, donde se refleje el saldo disponible.<\/li>\n<li>Declaraci\u00f3n jurada emitida por la persona que hace la invitaci\u00f3n (Si aplica), la cual podr\u00e1 ser realizada por:<\/li>\n<\/ul>\n<\/li>\n<\/ul>\n<p style=\"padding-left: 90px;\"><strong>o Residentes temporales<\/strong> \u2013 permanentes o paname\u00f1os, de los cuales se deber\u00e1 entregar lo siguiente: Documento de identificaci\u00f3n del pa\u00eds de origen, copia del pasaporte y de la tarjeta de identidad del extranjero, copia de un recibo de pago de alg\u00fan servicio p\u00fablico, en el que se muestre su direcci\u00f3n de residencia.<\/p>\n<p style=\"padding-left: 90px;\"><strong>o Representante legal de alg\u00fan ente p\u00fablico o empresa privada<\/strong>. En el caso de un ente p\u00fablico, deber\u00e1 ser entregada una carta de invitaci\u00f3n, y en el caso de una compa\u00f1\u00eda de car\u00e1cter privado, ser\u00e1 necesario lo siguiente: Certificado del Registro P\u00fablico, copia del aviso de operaciones, copia de las claves de operaci\u00f3n, copia de recibos de pago de los servicios p\u00fablicos en los que se muestre la direcci\u00f3n de la empresa.<\/p>\n<ul>\n<li>En el caso de aplicarse el numeral anterior, donde quienes invitan se hacen responsables, a excepci\u00f3n de empresas p\u00fablicas, se deber\u00e1 entregar prueba de solvencia econ\u00f3mica, a trav\u00e9s de algunos documentos tales como:<\/li>\n<\/ul>\n<p style=\"padding-left: 60px;\">\u27a2 Carta de referencia bancaria.<br \/>\n\u27a2 Declaraci\u00f3n de Impuesto con su Paz y Salvo.<br \/>\n\u27a2 Carta de trabajo con su \u00faltimo recibo de la Caja del Seguro Social.<br \/>\n\u27a2 En caso de asumir los gastos de los invitados, el anfitri\u00f3n deber\u00e1 entregar la declaraci\u00f3n jurada donde se comprometa a asumir los gastos de manutenci\u00f3n correspondientes durante su estad\u00eda e incluso su repatriaci\u00f3n (Si fuera necesario)<\/p>\n<h2>CAMBIO DE STATUS DE VISA DE TURISTA EN PANAMA<\/h2>\n<p><em><strong>SOLICITUD DE PRORROGA PARA EL CAMBIO DE STATUS MIGRATORIO<\/strong><\/em><\/p>\n<p>Los extranjeros que ingresen a Panam\u00e1 como turistas podr\u00e1n solicitar una extensi\u00f3n por un plazo de sesenta (60) d\u00edas, sujeto a la aprobaci\u00f3n del Director General del Servicio Nacional de Migraci\u00f3n, siempre que se justifique el cambio de categor\u00eda migratoria.<br \/>\nEsto aplicar\u00e1 solo para solicitantes del permiso de residencia temporal o residencia permanente que carecen de alg\u00fan requisito para hacer el proceso de solicitud.<\/p>\n<p>Esto debe ser solicitado por un abogado apoderado en un lapso no menor a diez (10) d\u00edas h\u00e1biles previos al vencimiento de la estad\u00eda como turista.<\/p>\n<p>Los extranjeros interesados en reubicarse o en obtener la residencia legal en Panam\u00e1, pueden ingresar primero como turista, y posteriormente dirigirse a la oficina de Migraci\u00f3n de Panam\u00e1 para cambiar su status migratorio. Al solicitar \u00e9sta pr\u00f3rroga, el extranjero deber\u00e1 presentar documentos que sirvan de testimonio para probar \u00e9sta petici\u00f3n. Para ser aprobada la extensi\u00f3n del plazo, el solicitante deber\u00e1 pagar la suma de Doscientos cincuenta (250.00) d\u00f3lares americanos y consignar un dep\u00f3sito por Quinientos (500.00) d\u00f3lares a favor del Servicio Nacional de Migraci\u00f3n.<\/p>\n<p>El dep\u00f3sito de garant\u00eda ser\u00e1 reembolsado una vez que se entreguen todos los documentos solicitados en el plazo establecido. Si no se cumple en el lapso correspondiente, la garant\u00eda ser\u00e1 depositada en un Fondo Fiduciario de Inmigraci\u00f3n, y el solicitante deber\u00e1 abandonar el Pa\u00eds de inmediato.<\/p>\n<h2>EXTENSION PARA PASAJEROS O TRIPULANTES EN TRANSITO<\/h2>\n<p>Ante situaciones y circunstancias imprevistas de pasajeros o tripulantes en tr\u00e1nsito, el Servicio Nacional de Migraci\u00f3n estar\u00eda dispuesto a ofrecer una extensi\u00f3n de la estad\u00eda por setenta y dos (72) horas, la cual se honrar\u00eda mediante una tarjeta de transito al pasajero.<br \/>\nDicha tarjeta ser\u00e1 solicitada por la empresa de transporte bajo su responsabilidad a un costo de cinco (5.00) d\u00f3lares y se deber\u00e1 verificar que en efecto se produjo una circunstancia imprevista y garantizar en el lapso correspondiente la salida del pasajero o tripulante.<\/p>\n<p>Si usted est\u00e1 interesado en reubicarse o establecer la residencia legal en Panam\u00e1, por favor cont\u00e1ctenos y gustosamente le brindaremos un servicio personalizado en las oficinas de nuestra firma International Relocation Firm, o tambi\u00e9n le proporcionaremos un presupuesto de gesti\u00f3n para la realizaci\u00f3n del tr\u00e1mite de Visa de Turista.<\/p>\n<hr \/>\n","protected":false},"excerpt":{"rendered":"<p>International Relocation Firm, podr\u00e1 asistirlo en el tr\u00e1mite y procesamiento de una Visa de Turista en Panam\u00e1. Esta es una visa formal, la cual deber\u00e1n solicitar las personas con ciudadan\u00edas de aquellos pa\u00edses que no posean permiso para entrar con una tarjeta de turista simple. El Servicio Nacional de Migraci\u00f3n emitir\u00e1 la visa de turista [&hellip;]<\/p>\n","protected":false},"author":10,"featured_media":0,"parent":0,"menu_order":0,"comment_status":"closed","ping_status":"closed","template":"","meta":{"_et_pb_use_builder":"","_et_pb_old_content":"","_et_gb_content_width":"","inline_featured_image":false},"yoast_head":"<!-- This site is optimized with the Yoast SEO plugin v18.5.1 - https:\/\/yoast.com\/wordpress\/plugins\/seo\/ -->\n<title>Visa de Turista en Panam\u00e1 - International Relocation Firm<\/title>\n<meta name=\"robots\" content=\"index, follow, max-snippet:-1, max-image-preview:large, max-video-preview:-1\" \/>\n<link rel=\"canonical\" href=\"https:\/\/www.relofirm.com\/es\/visa-de-turista-en-panama\/\" \/>\n<meta property=\"og:locale\" content=\"es_ES\" \/>\n<meta property=\"og:type\" content=\"article\" \/>\n<meta property=\"og:title\" content=\"Visa de Turista en Panam\u00e1 - International Relocation Firm\" \/>\n<meta property=\"og:description\" content=\"International Relocation Firm, podr\u00e1 asistirlo en el tr\u00e1mite y procesamiento de una Visa de Turista en Panam\u00e1. Esta es una visa formal, la cual deber\u00e1n solicitar las personas con ciudadan\u00edas de aquellos pa\u00edses que no posean permiso para entrar con una tarjeta de turista simple. El Servicio Nacional de Migraci\u00f3n emitir\u00e1 la visa de turista [&hellip;]\" \/>\n<meta property=\"og:url\" content=\"https:\/\/www.relofirm.com\/es\/visa-de-turista-en-panama\/\" \/>\n<meta property=\"og:site_name\" content=\"International Relocation Firm\" \/>\n<meta property=\"article:publisher\" content=\"https:\/\/www.facebook.com\/ReloFirm\/\" \/>\n<meta property=\"article:modified_time\" content=\"2020-01-22T15:40:43+00:00\" \/>\n<meta name=\"twitter:label1\" content=\"Tiempo de lectura\" \/>\n\t<meta name=\"twitter:data1\" content=\"8 minutos\" \/>\n<!-- \/ Yoast SEO plugin. -->","yoast_head_json":{"title":"Visa de Turista en Panam\u00e1 - International Relocation Firm","robots":{"index":"index","follow":"follow","max-snippet":"max-snippet:-1","max-image-preview":"max-image-preview:large","max-video-preview":"max-video-preview:-1"},"canonical":"https:\/\/www.relofirm.com\/es\/visa-de-turista-en-panama\/","og_locale":"es_ES","og_type":"article","og_title":"Visa de Turista en Panam\u00e1 - International Relocation Firm","og_description":"International Relocation Firm, podr\u00e1 asistirlo en el tr\u00e1mite y procesamiento de una Visa de Turista en Panam\u00e1. Esta es una visa formal, la cual deber\u00e1n solicitar las personas con ciudadan\u00edas de aquellos pa\u00edses que no posean permiso para entrar con una tarjeta de turista simple. El Servicio Nacional de Migraci\u00f3n emitir\u00e1 la visa de turista [&hellip;]","og_url":"https:\/\/www.relofirm.com\/es\/visa-de-turista-en-panama\/","og_site_name":"International Relocation Firm","article_publisher":"https:\/\/www.facebook.com\/ReloFirm\/","article_modified_time":"2020-01-22T15:40:43+00:00","twitter_misc":{"Tiempo de lectura":"8 minutos"},"schema":{"@context":"https:\/\/schema.org","@graph":[{"@type":"Organization","@id":"https:\/\/www.relofirm.com\/#organization","name":"International Relocation Firm","url":"https:\/\/www.relofirm.com\/","sameAs":["https:\/\/www.facebook.com\/ReloFirm\/","https:\/\/www.linkedin.com\/company\/relo-firm","https:\/\/twitter.com\/polslegal"],"logo":{"@type":"ImageObject","@id":"https:\/\/www.relofirm.com\/#logo","inLanguage":"es","url":"https:\/\/www.relofirm.com\/wp-content\/uploads\/2021\/11\/relofirm-logo.svg","contentUrl":"https:\/\/www.relofirm.com\/wp-content\/uploads\/2021\/11\/relofirm-logo.svg","width":1485,"height":516,"caption":"International Relocation Firm"},"image":{"@id":"https:\/\/www.relofirm.com\/#logo"}},{"@type":"WebSite","@id":"https:\/\/www.relofirm.com\/#website","url":"https:\/\/www.relofirm.com\/","name":"International Relocation Firm","description":"","publisher":{"@id":"https:\/\/www.relofirm.com\/#organization"},"potentialAction":[{"@type":"SearchAction","target":{"@type":"EntryPoint","urlTemplate":"https:\/\/www.relofirm.com\/?s={search_term_string}"},"query-input":"required name=search_term_string"}],"inLanguage":"es"},{"@type":"WebPage","@id":"https:\/\/www.relofirm.com\/es\/visa-de-turista-en-panama\/#webpage","url":"https:\/\/www.relofirm.com\/es\/visa-de-turista-en-panama\/","name":"Visa de Turista en Panam\u00e1 - International Relocation Firm","isPartOf":{"@id":"https:\/\/www.relofirm.com\/#website"},"datePublished":"2010-12-13T05:00:00+00:00","dateModified":"2020-01-22T15:40:43+00:00","breadcrumb":{"@id":"https:\/\/www.relofirm.com\/es\/visa-de-turista-en-panama\/#breadcrumb"},"inLanguage":"es","potentialAction":[{"@type":"ReadAction","target":["https:\/\/www.relofirm.com\/es\/visa-de-turista-en-panama\/"]}]},{"@type":"BreadcrumbList","@id":"https:\/\/www.relofirm.com\/es\/visa-de-turista-en-panama\/#breadcrumb","itemListElement":[{"@type":"ListItem","position":1,"name":"Home","item":"https:\/\/www.relofirm.com\/es\/"},{"@type":"ListItem","position":2,"name":"Visa de Turista en Panam\u00e1"}]}]}},"_links":{"self":[{"href":"https:\/\/www.relofirm.com\/es\/wp-json\/wp\/v2\/pages\/7085"}],"collection":[{"href":"https:\/\/www.relofirm.com\/es\/wp-json\/wp\/v2\/pages"}],"about":[{"href":"https:\/\/www.relofirm.com\/es\/wp-json\/wp\/v2\/types\/page"}],"author":[{"embeddable":true,"href":"https:\/\/www.relofirm.com\/es\/wp-json\/wp\/v2\/users\/10"}],"replies":[{"embeddable":true,"href":"https:\/\/www.relofirm.com\/es\/wp-json\/wp\/v2\/comments?post=7085"}],"version-history":[{"count":1,"href":"https:\/\/www.relofirm.com\/es\/wp-json\/wp\/v2\/pages\/7085\/revisions"}],"predecessor-version":[{"id":8037,"href":"https:\/\/www.relofirm.com\/es\/wp-json\/wp\/v2\/pages\/7085\/revisions\/8037"}],"wp:attachment":[{"href":"https:\/\/www.relofirm.com\/es\/wp-json\/wp\/v2\/media?parent=7085"}],"curies":[{"name":"wp","href":"https:\/\/api.w.org\/{rel}","templated":true}]}}