{"id":7082,"date":"2010-12-13T00:00:00","date_gmt":"2010-12-13T05:00:00","guid":{"rendered":"https:\/\/relofirm.com\/corporate_bank_account_switzerland\/"},"modified":"2020-09-25T00:27:50","modified_gmt":"2020-09-25T05:27:50","slug":"cuenta-bancaria-corporativa-en-suiza","status":"publish","type":"page","link":"https:\/\/www.relofirm.com\/es\/cuenta-bancaria-corporativa-en-suiza\/","title":{"rendered":"Cuenta Bancaria Corporativa en Suiza"},"content":{"rendered":"<div class=\"menu-bank-accounts-es-container\"><ul id=\"menu-bank-accounts-es\" class=\"menu\"><li id=\"menu-item-239289\" class=\"menu-item menu-item-type-post_type menu-item-object-page menu-item-239289\"><a href=\"https:\/\/www.relofirm.com\/es\/como-abrir-una-cuenta-bancaria-en-panama\/\">C\u00f3mo Abrir una Cuenta Bancaria en Panam\u00e1<\/a><\/li>\n<li id=\"menu-item-7340\" class=\"menu-item menu-item-type-post_type menu-item-object-page menu-item-7340\"><a href=\"https:\/\/www.relofirm.com\/es\/cuenta-bancaria-personal-en-panama\/\">Cuenta bancaria personal en Panam\u00e1<\/a><\/li>\n<li id=\"menu-item-7341\" class=\"menu-item menu-item-type-post_type menu-item-object-page menu-item-7341\"><a href=\"https:\/\/www.relofirm.com\/es\/cuenta-bancaria-corporativa-en-panama\/\">Cuenta bancaria corporativa en Panam\u00e1<\/a><\/li>\n<\/ul><\/div>\n<hr \/>\n<h2>Apertura de Cuenta Bancaria Corporativa en Suiza<a name=\"top\"><\/a><\/h2>\n<ul>\n<li><strong><a href=\"#1\">Honorarios de Apertura<\/a><\/strong><\/li>\n<li><strong><a href=\"#2\">A cerca de los bancos de Suiza<\/a><\/strong><\/li>\n<li><strong><a href=\"#3\">Monedas<\/a><\/strong><\/li>\n<li><strong><a href=\"#4\">Banca en l\u00ednea<\/a><\/strong><\/li>\n<li><strong><a href=\"#5\">Tarjetas de Cr\u00e9dito<\/a><\/strong><\/li>\n<li><strong><a href=\"#6\">Tarjetas D\u00e9bito<\/a><\/strong><\/li>\n<li><strong><a href=\"#7\">Documentos requeridos<\/a><\/strong><\/li>\n<\/ul>\n<hr \/>\n<p>&nbsp;<\/p>\n<h2>Honorarios por Apertura de Cuenta:<a name=\"1\"><\/a><\/h2>\n<p>Para asistirlo en todo el proceso de la apertura de una cuenta bancaria offshore en Suiza, nuestra firma le cobrar\u00e1 un honorario de Mil ($1,000) D\u00f3lares Americanos.<\/p>\n<p><a href=\"#top\">VOLVER<\/a><\/p>\n<hr \/>\n<h2>A cerca de los Bancos de Suiza:<a name=\"2\"><\/a><\/h2>\n<p>El Banco recomendado por nuestra firma en Suiza es una Banco de Inversi\u00f3n de muy buena reputaci\u00f3n cuyo participaci\u00f3n de sus accionistas asciende a m\u00e1s de 3.7 billones de CHF y especializado en atender clientes de Alta Renta, quienes se han visto beneficiados por las altas reservas de capital y recursos del sexto grupo bancario m\u00e1s grande de Suiza, el cual cuenta con m\u00e1s de 13.000 empleados que se esmeran por atender a sus clientes en m\u00e1s de 18 pa\u00edses alrededor del mundo, los cuales gozan del privilegio de ser atendidos por la Banca Privada y contar con un servicio personalizado.<br \/>\n<strong><a href=\"#top\">VOLVER<\/a><\/strong><\/p>\n<hr \/>\n<h2>Monedas:<a name=\"3\"><\/a><\/h2>\n<p>El Banco recomendado por nuestra firma en Suiza ofrece cuentas en m\u00faltiples monedas tales como D\u00f3lares Americanos, Euros, Francos Suizos, etc.<\/p>\n<p><a href=\"#top\">VOLVER<\/a><\/p>\n<hr \/>\n<h2>Banca en L\u00ednea:<a name=\"4\"><\/a><\/h2>\n<p>La Banca en L\u00ednea est\u00e1 disponible en Ingl\u00e9s, y a trav\u00e9s de \u00e9ste servicio podr\u00e1 realizar: visualizaci\u00f3n de las transacciones en sus cuentas, consultas de saldo, descargar estados de cuenta, pagar tarjetas de cr\u00e9dito, realizar transferencias entre cuentas, transferencias electr\u00f3nicas internacionales, comunicaci\u00f3n con un oficial del Banco mediante correos encriptados, etc.<\/p>\n<p><a href=\"#top\">VOLVER<\/a><\/p>\n<hr \/>\n<h2>Tarjetas de Cr\u00e9dito:<a name=\"5\"><\/a><\/h2>\n<p>Se ofrecen Tarjetas de Cr\u00e9ditos Garantizadas.<\/p>\n<p><a href=\"#top\">VOLVER<\/a><\/p>\n<hr \/>\n<h2>Tarjetas D\u00e9bito:<a name=\"6\"><\/a><\/h2>\n<p>Los clientes que formalicen la apertura cuentas bancarias personales podr\u00e1n solicitar tarjetas de d\u00e9bito.<br \/>\n<a href=\"#top\">VOLVER<\/a><\/p>\n<hr \/>\n<h2>Documentos Requeridos:<\/h2>\n<ol>\n<li>Fotocopia del Pasaporte. Una fotocopia de la P\u00e1gina donde aparece la fotograf\u00eda del firmante, su firma y dem\u00e1s detalles deber\u00e1 ser consignada por cada firmante debidamente notariada por un Notario P\u00fablico.<\/li>\n<li>Constancia de Residencia. Deber\u00e1 entregar una factura de un servicio p\u00fablico reciente en la cual se muestre la direcci\u00f3n de domicilio.<\/li>\n<li>Carta de Referencia Bancaria. Cada uno de los firmantes de la cuenta que ser\u00e1 abierta, debe entregar una referencia bancaria en original emitida en formato membretado, firmada por un oficial del Banco, con toda la informaci\u00f3n de contacto en el Banco (Direcci\u00f3n, tel\u00e9fono, fax y correo electr\u00f3nico) y deber\u00e1 ser debidamente notariada por un Notario P\u00fablico.<\/li>\n<li>Resumen Personal (Curriculum Vitae). Cada uno de los firmantes deber\u00e1 entregar un resumen curricular personal, indicando la fuente y origen de su patrimonio.<\/li>\n<li>Formatos de la Cuenta. Cada uno de los firmantes en la cuenta deber\u00e1 firmar los formularios de solicitud de apertura de cuenta, as\u00ed como el registro de firmas, los cuales pudieran ser enviados al cliente mediante correo electr\u00f3nico y \u00e9stos deber\u00e1n ser notariados por un Notario P\u00fablico.<\/li>\n<li>Deposito m\u00ednimo inicial. El Banco recomendado por nuestra firma requiere un Dep\u00f3sito Inicial de Trescientos Mil ($300,000) D\u00f3lares Americanos para la apertura de una Cuenta de Inversi\u00f3n mediante una transferencia electr\u00f3nica bancaria, la cual deber\u00e1 ser realizada una vez que la apertura de la cuenta sea aprobada por el Banco.<\/li>\n<li>\u00a0Entrevista Personal. Ser\u00e1 requerida la realizaci\u00f3n de una entrevista personal con funcionarios del Banco al cumplirse los primeros seis (6) meses de apertura de la cuenta. Si usted no visita el Banco, el Ejecutivo a cargo de su cuenta lo visitar\u00e1.<\/li>\n<\/ol>\n<p>Este Banco acepta la apertura de una Cuenta Offshore para una Sociedad o Fundaci\u00f3n si los firmantes son ciudadanos Norteamericanos. Sin embargo, cada uno de los firmantes deber\u00e1 firmar el formato o planilla W-9.<br \/>\n<a href=\"#top\">VOLVER<\/a><\/p>\n<hr \/>\n","protected":false},"excerpt":{"rendered":"<p>Apertura de Cuenta Bancaria Corporativa en Suiza Honorarios de Apertura A cerca de los bancos de Suiza Monedas Banca en l\u00ednea Tarjetas de Cr\u00e9dito Tarjetas D\u00e9bito Documentos requeridos &nbsp; Honorarios por Apertura de Cuenta: Para asistirlo en todo el proceso de la apertura de una cuenta bancaria offshore en Suiza, nuestra firma le cobrar\u00e1 un [&hellip;]<\/p>\n","protected":false},"author":10,"featured_media":0,"parent":0,"menu_order":0,"comment_status":"closed","ping_status":"closed","template":"","meta":{"_et_pb_use_builder":"","_et_pb_old_content":"","_et_gb_content_width":"","inline_featured_image":false},"yoast_head":"<!-- This site is optimized with the Yoast SEO plugin v18.5.1 - https:\/\/yoast.com\/wordpress\/plugins\/seo\/ -->\n<title>Apertura de Cuenta Bancaria Corporativa en Suiza<\/title>\n<meta name=\"description\" content=\"Para asistirlo en todo el proceso de la apertura de una cuenta bancaria offshore en Suiza, nuestra firma le cobrar\u00e1 un honorario de Mil ($1,000) D\u00f3lares.\" \/>\n<meta name=\"robots\" content=\"index, follow, max-snippet:-1, max-image-preview:large, max-video-preview:-1\" \/>\n<link rel=\"canonical\" href=\"https:\/\/www.relofirm.com\/es\/cuenta-bancaria-corporativa-en-suiza\/\" \/>\n<meta property=\"og:locale\" content=\"es_ES\" \/>\n<meta property=\"og:type\" content=\"article\" \/>\n<meta property=\"og:title\" content=\"Apertura de Cuenta Bancaria Corporativa en Suiza\" \/>\n<meta property=\"og:description\" content=\"Para asistirlo en todo el proceso de la apertura de una cuenta bancaria offshore en Suiza, nuestra firma le cobrar\u00e1 un honorario de Mil ($1,000) D\u00f3lares.\" \/>\n<meta property=\"og:url\" content=\"https:\/\/www.relofirm.com\/es\/cuenta-bancaria-corporativa-en-suiza\/\" \/>\n<meta property=\"og:site_name\" content=\"International Relocation Firm\" \/>\n<meta property=\"article:publisher\" content=\"https:\/\/www.facebook.com\/ReloFirm\/\" \/>\n<meta property=\"article:modified_time\" content=\"2020-09-25T05:27:50+00:00\" \/>\n<meta name=\"twitter:label1\" content=\"Tiempo de lectura\" \/>\n\t<meta name=\"twitter:data1\" content=\"3 minutos\" \/>\n<!-- \/ Yoast SEO plugin. -->","yoast_head_json":{"title":"Apertura de Cuenta Bancaria Corporativa en Suiza","description":"Para asistirlo en todo el proceso de la apertura de una cuenta bancaria offshore en Suiza, nuestra firma le cobrar\u00e1 un honorario de Mil ($1,000) D\u00f3lares.","robots":{"index":"index","follow":"follow","max-snippet":"max-snippet:-1","max-image-preview":"max-image-preview:large","max-video-preview":"max-video-preview:-1"},"canonical":"https:\/\/www.relofirm.com\/es\/cuenta-bancaria-corporativa-en-suiza\/","og_locale":"es_ES","og_type":"article","og_title":"Apertura de Cuenta Bancaria Corporativa en Suiza","og_description":"Para asistirlo en todo el proceso de la apertura de una cuenta bancaria offshore en Suiza, nuestra firma le cobrar\u00e1 un honorario de Mil ($1,000) D\u00f3lares.","og_url":"https:\/\/www.relofirm.com\/es\/cuenta-bancaria-corporativa-en-suiza\/","og_site_name":"International Relocation Firm","article_publisher":"https:\/\/www.facebook.com\/ReloFirm\/","article_modified_time":"2020-09-25T05:27:50+00:00","twitter_misc":{"Tiempo de lectura":"3 minutos"},"schema":{"@context":"https:\/\/schema.org","@graph":[{"@type":"Organization","@id":"https:\/\/www.relofirm.com\/#organization","name":"International Relocation Firm","url":"https:\/\/www.relofirm.com\/","sameAs":["https:\/\/www.facebook.com\/ReloFirm\/","https:\/\/www.linkedin.com\/company\/relo-firm","https:\/\/twitter.com\/polslegal"],"logo":{"@type":"ImageObject","@id":"https:\/\/www.relofirm.com\/#logo","inLanguage":"es","url":"https:\/\/www.relofirm.com\/wp-content\/uploads\/2021\/11\/relofirm-logo.svg","contentUrl":"https:\/\/www.relofirm.com\/wp-content\/uploads\/2021\/11\/relofirm-logo.svg","width":1485,"height":516,"caption":"International Relocation Firm"},"image":{"@id":"https:\/\/www.relofirm.com\/#logo"}},{"@type":"WebSite","@id":"https:\/\/www.relofirm.com\/#website","url":"https:\/\/www.relofirm.com\/","name":"International Relocation Firm","description":"","publisher":{"@id":"https:\/\/www.relofirm.com\/#organization"},"potentialAction":[{"@type":"SearchAction","target":{"@type":"EntryPoint","urlTemplate":"https:\/\/www.relofirm.com\/?s={search_term_string}"},"query-input":"required name=search_term_string"}],"inLanguage":"es"},{"@type":"WebPage","@id":"https:\/\/www.relofirm.com\/es\/cuenta-bancaria-corporativa-en-suiza\/#webpage","url":"https:\/\/www.relofirm.com\/es\/cuenta-bancaria-corporativa-en-suiza\/","name":"Apertura de Cuenta Bancaria Corporativa en Suiza","isPartOf":{"@id":"https:\/\/www.relofirm.com\/#website"},"datePublished":"2010-12-13T05:00:00+00:00","dateModified":"2020-09-25T05:27:50+00:00","description":"Para asistirlo en todo el proceso de la apertura de una cuenta bancaria offshore en Suiza, nuestra firma le cobrar\u00e1 un honorario de Mil ($1,000) D\u00f3lares.","breadcrumb":{"@id":"https:\/\/www.relofirm.com\/es\/cuenta-bancaria-corporativa-en-suiza\/#breadcrumb"},"inLanguage":"es","potentialAction":[{"@type":"ReadAction","target":["https:\/\/www.relofirm.com\/es\/cuenta-bancaria-corporativa-en-suiza\/"]}]},{"@type":"BreadcrumbList","@id":"https:\/\/www.relofirm.com\/es\/cuenta-bancaria-corporativa-en-suiza\/#breadcrumb","itemListElement":[{"@type":"ListItem","position":1,"name":"Home","item":"https:\/\/www.relofirm.com\/es\/"},{"@type":"ListItem","position":2,"name":"Cuenta Bancaria Corporativa en Suiza"}]}]}},"_links":{"self":[{"href":"https:\/\/www.relofirm.com\/es\/wp-json\/wp\/v2\/pages\/7082"}],"collection":[{"href":"https:\/\/www.relofirm.com\/es\/wp-json\/wp\/v2\/pages"}],"about":[{"href":"https:\/\/www.relofirm.com\/es\/wp-json\/wp\/v2\/types\/page"}],"author":[{"embeddable":true,"href":"https:\/\/www.relofirm.com\/es\/wp-json\/wp\/v2\/users\/10"}],"replies":[{"embeddable":true,"href":"https:\/\/www.relofirm.com\/es\/wp-json\/wp\/v2\/comments?post=7082"}],"version-history":[{"count":1,"href":"https:\/\/www.relofirm.com\/es\/wp-json\/wp\/v2\/pages\/7082\/revisions"}],"predecessor-version":[{"id":7863,"href":"https:\/\/www.relofirm.com\/es\/wp-json\/wp\/v2\/pages\/7082\/revisions\/7863"}],"wp:attachment":[{"href":"https:\/\/www.relofirm.com\/es\/wp-json\/wp\/v2\/media?parent=7082"}],"curies":[{"name":"wp","href":"https:\/\/api.w.org\/{rel}","templated":true}]}}